





{"id":26355,"date":"2016-11-17T23:12:01","date_gmt":"2016-11-17T22:12:01","guid":{"rendered":"https:\/\/repliquemangacine.fr\/?post_type=product&#038;p=26355"},"modified":"2026-02-06T15:11:19","modified_gmt":"2026-02-06T14:11:19","slug":"luger-p08-marine-parabellum","status":"publish","type":"product","link":"https:\/\/repliquemangacine.fr\/it\/reproductions-armes-seconde-guerre-mondiale-denix\/luger-p08-marine-parabellum\/","title":{"rendered":"Luger P08 Marine Parabellum"},"content":{"rendered":"<h2>Pistola Luger P08 Marine Parabellum - Denix<\/h2>\n<p>Per cominciare, la pistola <strong>Luger P08 Marine Parabellum<\/strong> utilizzati durante la prima e la seconda guerra mondiale. Riproduzione firmata <a href=\"https:\/\/www.denix.fr\/\" target=\"_blank\" rel=\"noopener noreferrer\">Denix<\/a>.<\/p>\n<p>Il parabellum offre vantaggi indiscutibili per un'arma da guerra:<\/p>\n<ul>\n<li>Caricatore con capacit\u00e0 di 8 cartucce.<\/li>\n<li>Fuoco rapido e ricarica.<\/li>\n<li>Anche il calibro 7,65 mm \u00e8 pi\u00f9 veloce.<\/li>\n<li>La linea di vista pi\u00f9 lunga.<\/li>\n<\/ul>\n<p>Nel 1904, la D.W.M. mise a segno un importante colpo quando la Marina tedesca adott\u00f2 una versione della Parabellum in calibro 9 mm con canna da 15 cm.<\/p>\n<p>Adottato con il nome di P08 corrispondente al modello del 1908, camerato in 9 mm Parabellum e dotato di canna da 10,2 cm (semplificato nel 1914, diventando P08\/14). Il modello prodotto per la marina (dal 1904 al 1918) aveva una canna di 15,2 cm.<\/p>\n<h2>La vostra Luger P08 Marine Parabellum al miglior prezzo.<\/h2>\n<p>Vi proponiamo tutte le riproduzioni di armi Denix della Seconda Guerra Mondiale.<\/p>\n<p>Innanzitutto,<\/p>\n<ul>\n<li>Le <a href=\"https:\/\/repliquemangacine.fr\/it\/riproduzioni-darmes\/pistolet-mitrailleur-m3-grease-gun-usa-1942\/\">Pistola per grasso<\/a> Questa pistola mitragliatrice M3 fu utilizzata per la prima volta in combattimento nelle ore precedenti lo sbarco in Normandia del 6 giugno 44.<\/li>\n<li>Successivamente, il <a href=\"https:\/\/repliquemangacine.fr\/it\/armi-storiche\/pistolet-m1911a1-demontable-crosse-quadrillee\/\">Colt 45 Government M1911A1<\/a> \u00e8 un tributo a tutti i nostri eroi della Seconda guerra mondiale<\/li>\n<li>C'\u00e8 anche il revolver Le <a href=\"https:\/\/repliquemangacine.fr\/it\/riproduzioni-darmes\/revolver-mk4-webley-1923\/\">Webley MK4<\/a> Calibro .38 utilizzato dall'esercito britannico a partire dal 1942 e distribuito alla FFI e alla FFL.<\/li>\n<li>Cos\u00ec come tutti i fucili...<\/li>\n<\/ul>\n<p>Ecco quindi cosa fare per ampliare la vostra collezione di armi da guerra.<\/p>\n<p>In conclusione, \u00e8 possibile utilizzare la pistola <strong>Luger P08 Marine Parabellum<\/strong> per le vostre rievocazioni storiche. Ma soprattutto \u00e8 un'arma per collezionare e decorare.<\/p>\n<h2>Come vengono realizzate le repliche delle armi Denix?<\/h2>\n<p>Utilizzate in rievocazioni storiche, film, serie e dai collezionisti. Le riproduzioni Denix sono realizzate con materiali di alta qualit\u00e0. Sono accuratamente lavorate e assemblate per creare armi realistiche da collezione.<\/p>\n<ul>\n<li>I metalli sono in una lega metallica nota come Zamac, la cui composizione di base \u00e8 zinco in 95%.<\/li>\n<li>Le parti in plastica delle repliche sono realizzate in ABS stampato, che offre una grande resistenza.<\/li>\n<li>Il legno scelto per la sua bellezza e durata, come il mogano, l'ulivo o il noce, conferir\u00e0 ai mozziconi e alle botti un aspetto elegante e autentico.<\/li>\n<\/ul>\n<p>Si noti che tutte le riproduzioni Denix sono identiche agli originali, come il vostro <strong>Luger P08 Marine Parabellum<\/strong>.<\/p>","protected":false},"excerpt":{"rendered":"<p>Riproduzione della pistola Luger P08 parabellum, progettata per la marina tedesca.<\/p>\n<ul>\n<li>Telaio in Zamac.<\/li>\n<li>Piastre di presa in ABS.<\/li>\n<li>Caricatore rimovibile.<\/li>\n<li>Armi in alto e colpi, ma <strong>totalmente inadatto a sparare<\/strong>.<\/li>\n<li>Non \u00e8 richiesta alcuna autorizzazione. Vendita e possesso gratuiti<\/li>\n<li>Dimensioni: 30 cm - Peso: 989 grammi<\/li>\n<\/ul>","protected":false},"featured_media":26356,"template":"","meta":[],"product_brand":[896],"product_cat":[25,102,54,40,28,76],"product_tag":[],"class_list":{"0":"post-26355","1":"product","2":"type-product","3":"status-publish","4":"has-post-thumbnail","6":"product_brand-replique-manga-cine","7":"product_cat-armes-historiques","8":"product_cat-denix","9":"product_cat-armes-accessoires-guerre-mondiale","10":"product_cat-pistolet-moderne","11":"product_cat-repliques-darmes","12":"product_cat-reproductions-armes-seconde-guerre-mondiale-denix","14":"first","15":"instock","16":"sale","17":"taxable","18":"shipping-taxable","19":"purchasable","20":"product-type-simple"},"yoast_head":"<!-- This site is optimized with the Yoast SEO plugin v27.4 - https:\/\/yoast.com\/product\/yoast-seo-wordpress\/ -->\n<title>Luger P08 Marine Parabellum - Denix | R\u00e9plique Manga Cin\u00e9<\/title>\n<meta name=\"description\" content=\"Achetez vite ! Ce Luger P08 Marine Parabellum au meilleur prix - Tout en m\u00e9tal - Chargeur amovible - M\u00e9canisme fonctionnel - Inapte au tir - 30 cm\" \/>\n<meta name=\"robots\" content=\"index, follow, max-snippet:-1, max-image-preview:large, max-video-preview:-1\" \/>\n<link rel=\"canonical\" href=\"https:\/\/repliquemangacine.fr\/it\/denix\/luger-p08-marine-parabellum\/\" \/>\n<meta property=\"og:locale\" content=\"it_IT\" \/>\n<meta property=\"og:type\" content=\"article\" \/>\n<meta property=\"og:title\" content=\"Luger P08 Marine Parabellum - Denix | R\u00e9plique Manga Cin\u00e9\" \/>\n<meta property=\"og:description\" content=\"Achetez vite ! Ce Luger P08 Marine Parabellum au meilleur prix - Tout en m\u00e9tal - Chargeur amovible - M\u00e9canisme fonctionnel - Inapte au tir - 30 cm\" \/>\n<meta property=\"og:url\" content=\"https:\/\/repliquemangacine.fr\/it\/denix\/luger-p08-marine-parabellum\/\" \/>\n<meta property=\"og:site_name\" content=\"R\u00e9plique Manga Cin\u00e9\" \/>\n<meta property=\"article:publisher\" content=\"https:\/\/www.facebook.com\/RepliqueMangaCine\" \/>\n<meta property=\"article:modified_time\" content=\"2026-02-06T14:11:19+00:00\" \/>\n<meta property=\"og:image\" content=\"https:\/\/repliquemangacine.fr\/wp-content\/uploads\/2023\/10\/1035-Pistolet-Luger-P08-Parabellum-Modele-Marine.jpg\" \/>\n\t<meta property=\"og:image:width\" content=\"800\" \/>\n\t<meta property=\"og:image:height\" content=\"800\" \/>\n\t<meta property=\"og:image:type\" content=\"image\/jpeg\" \/>\n<meta name=\"twitter:card\" content=\"summary_large_image\" \/>\n<meta name=\"twitter:label1\" content=\"Tempo di lettura stimato\" \/>\n\t<meta name=\"twitter:data1\" content=\"1 minuto\" \/>\n<script type=\"application\/ld+json\" class=\"yoast-schema-graph\">{\"@context\":\"https:\\\/\\\/schema.org\",\"@graph\":[{\"@type\":\"WebPage\",\"@id\":\"https:\\\/\\\/repliquemangacine.fr\\\/denix\\\/luger-p08-marine-parabellum\\\/\",\"url\":\"https:\\\/\\\/repliquemangacine.fr\\\/denix\\\/luger-p08-marine-parabellum\\\/\",\"name\":\"Luger P08 Marine Parabellum - Denix | R\u00e9plique Manga Cin\u00e9\",\"isPartOf\":{\"@id\":\"https:\\\/\\\/repliquemangacine.fr\\\/#website\"},\"primaryImageOfPage\":{\"@id\":\"https:\\\/\\\/repliquemangacine.fr\\\/denix\\\/luger-p08-marine-parabellum\\\/#primaryimage\"},\"image\":{\"@id\":\"https:\\\/\\\/repliquemangacine.fr\\\/denix\\\/luger-p08-marine-parabellum\\\/#primaryimage\"},\"thumbnailUrl\":\"https:\\\/\\\/repliquemangacine.fr\\\/wp-content\\\/uploads\\\/2023\\\/10\\\/1035-Pistolet-Luger-P08-Parabellum-Modele-Marine.jpg\",\"datePublished\":\"2016-11-17T22:12:01+00:00\",\"dateModified\":\"2026-02-06T14:11:19+00:00\",\"description\":\"Achetez vite ! Ce Luger P08 Marine Parabellum au meilleur prix - Tout en m\u00e9tal - Chargeur amovible - M\u00e9canisme fonctionnel - Inapte au tir - 30 cm\",\"breadcrumb\":{\"@id\":\"https:\\\/\\\/repliquemangacine.fr\\\/denix\\\/luger-p08-marine-parabellum\\\/#breadcrumb\"},\"inLanguage\":\"it-IT\",\"potentialAction\":[{\"@type\":\"ReadAction\",\"target\":[\"https:\\\/\\\/repliquemangacine.fr\\\/denix\\\/luger-p08-marine-parabellum\\\/\"]}]},{\"@type\":\"ImageObject\",\"inLanguage\":\"it-IT\",\"@id\":\"https:\\\/\\\/repliquemangacine.fr\\\/denix\\\/luger-p08-marine-parabellum\\\/#primaryimage\",\"url\":\"https:\\\/\\\/repliquemangacine.fr\\\/wp-content\\\/uploads\\\/2023\\\/10\\\/1035-Pistolet-Luger-P08-Parabellum-Modele-Marine.jpg\",\"contentUrl\":\"https:\\\/\\\/repliquemangacine.fr\\\/wp-content\\\/uploads\\\/2023\\\/10\\\/1035-Pistolet-Luger-P08-Parabellum-Modele-Marine.jpg\",\"width\":800,\"height\":800,\"caption\":\"Pistolet Luger P08 Parabellum - Mod\u00e8le Marine\"},{\"@type\":\"BreadcrumbList\",\"@id\":\"https:\\\/\\\/repliquemangacine.fr\\\/denix\\\/luger-p08-marine-parabellum\\\/#breadcrumb\",\"itemListElement\":[{\"@type\":\"ListItem\",\"position\":1,\"name\":\"Accueil\",\"item\":\"https:\\\/\\\/repliquemangacine.fr\\\/\"},{\"@type\":\"ListItem\",\"position\":2,\"name\":\"Produits\",\"item\":\"https:\\\/\\\/repliquemangacine.fr\\\/boutique\\\/\"},{\"@type\":\"ListItem\",\"position\":3,\"name\":\"Luger P08 Marine Parabellum\"}]},{\"@type\":\"WebSite\",\"@id\":\"https:\\\/\\\/repliquemangacine.fr\\\/#website\",\"url\":\"https:\\\/\\\/repliquemangacine.fr\\\/\",\"name\":\"R\u00e9plique Manga Cin\u00e9\",\"description\":\"\",\"publisher\":{\"@id\":\"https:\\\/\\\/repliquemangacine.fr\\\/#organization\"},\"potentialAction\":[{\"@type\":\"SearchAction\",\"target\":{\"@type\":\"EntryPoint\",\"urlTemplate\":\"https:\\\/\\\/repliquemangacine.fr\\\/?s={search_term_string}\"},\"query-input\":{\"@type\":\"PropertyValueSpecification\",\"valueRequired\":true,\"valueName\":\"search_term_string\"}}],\"inLanguage\":\"it-IT\"},{\"@type\":\"Organization\",\"@id\":\"https:\\\/\\\/repliquemangacine.fr\\\/#organization\",\"name\":\"R\u00e9plique Manga Cin\u00e9\",\"url\":\"https:\\\/\\\/repliquemangacine.fr\\\/\",\"logo\":{\"@type\":\"ImageObject\",\"inLanguage\":\"it-IT\",\"@id\":\"https:\\\/\\\/repliquemangacine.fr\\\/#\\\/schema\\\/logo\\\/image\\\/\",\"url\":\"https:\\\/\\\/repliquemangacine.fr\\\/wp-content\\\/uploads\\\/2023\\\/10\\\/RMC-500250.png\",\"contentUrl\":\"https:\\\/\\\/repliquemangacine.fr\\\/wp-content\\\/uploads\\\/2023\\\/10\\\/RMC-500250.png\",\"width\":500,\"height\":250,\"caption\":\"R\u00e9plique Manga Cin\u00e9\"},\"image\":{\"@id\":\"https:\\\/\\\/repliquemangacine.fr\\\/#\\\/schema\\\/logo\\\/image\\\/\"},\"sameAs\":[\"https:\\\/\\\/www.facebook.com\\\/RepliqueMangaCine\",\"https:\\\/\\\/www.instagram.com\\\/repliquemangacine.fr\\\/\"]}]}<\/script>\n<!-- \/ Yoast SEO plugin. -->","yoast_head_json":{"title":"Luger P08 Marine Parabellum - Denix | R\u00e9plique Manga Cin\u00e9","description":"Comprate ora! Questa Luger P08 Marine Parabellum al miglior prezzo - Tutto metallo - Caricatore estraibile - Meccanismo funzionale - Non spara - 30 cm","robots":{"index":"index","follow":"follow","max-snippet":"max-snippet:-1","max-image-preview":"max-image-preview:large","max-video-preview":"max-video-preview:-1"},"canonical":"https:\/\/repliquemangacine.fr\/it\/denix\/luger-p08-marine-parabellum\/","og_locale":"it_IT","og_type":"article","og_title":"Luger P08 Marine Parabellum - Denix | R\u00e9plique Manga Cin\u00e9","og_description":"Achetez vite ! Ce Luger P08 Marine Parabellum au meilleur prix - Tout en m\u00e9tal - Chargeur amovible - M\u00e9canisme fonctionnel - Inapte au tir - 30 cm","og_url":"https:\/\/repliquemangacine.fr\/it\/denix\/luger-p08-marine-parabellum\/","og_site_name":"R\u00e9plique Manga Cin\u00e9","article_publisher":"https:\/\/www.facebook.com\/RepliqueMangaCine","article_modified_time":"2026-02-06T14:11:19+00:00","og_image":[{"width":800,"height":800,"url":"https:\/\/repliquemangacine.fr\/wp-content\/uploads\/2023\/10\/1035-Pistolet-Luger-P08-Parabellum-Modele-Marine.jpg","type":"image\/jpeg"}],"twitter_card":"summary_large_image","twitter_misc":{"Tempo di lettura stimato":"1 minuto"},"schema":{"@context":"https:\/\/schema.org","@graph":[{"@type":"WebPage","@id":"https:\/\/repliquemangacine.fr\/denix\/luger-p08-marine-parabellum\/","url":"https:\/\/repliquemangacine.fr\/denix\/luger-p08-marine-parabellum\/","name":"Luger P08 Marine Parabellum - Denix | R\u00e9plique Manga Cin\u00e9","isPartOf":{"@id":"https:\/\/repliquemangacine.fr\/#website"},"primaryImageOfPage":{"@id":"https:\/\/repliquemangacine.fr\/denix\/luger-p08-marine-parabellum\/#primaryimage"},"image":{"@id":"https:\/\/repliquemangacine.fr\/denix\/luger-p08-marine-parabellum\/#primaryimage"},"thumbnailUrl":"https:\/\/repliquemangacine.fr\/wp-content\/uploads\/2023\/10\/1035-Pistolet-Luger-P08-Parabellum-Modele-Marine.jpg","datePublished":"2016-11-17T22:12:01+00:00","dateModified":"2026-02-06T14:11:19+00:00","description":"Comprate ora! Questa Luger P08 Marine Parabellum al miglior prezzo - Tutto metallo - Caricatore estraibile - Meccanismo funzionale - Non spara - 30 cm","breadcrumb":{"@id":"https:\/\/repliquemangacine.fr\/denix\/luger-p08-marine-parabellum\/#breadcrumb"},"inLanguage":"it-IT","potentialAction":[{"@type":"ReadAction","target":["https:\/\/repliquemangacine.fr\/denix\/luger-p08-marine-parabellum\/"]}]},{"@type":"ImageObject","inLanguage":"it-IT","@id":"https:\/\/repliquemangacine.fr\/denix\/luger-p08-marine-parabellum\/#primaryimage","url":"https:\/\/repliquemangacine.fr\/wp-content\/uploads\/2023\/10\/1035-Pistolet-Luger-P08-Parabellum-Modele-Marine.jpg","contentUrl":"https:\/\/repliquemangacine.fr\/wp-content\/uploads\/2023\/10\/1035-Pistolet-Luger-P08-Parabellum-Modele-Marine.jpg","width":800,"height":800,"caption":"Pistolet Luger P08 Parabellum - Mod\u00e8le Marine"},{"@type":"BreadcrumbList","@id":"https:\/\/repliquemangacine.fr\/denix\/luger-p08-marine-parabellum\/#breadcrumb","itemListElement":[{"@type":"ListItem","position":1,"name":"Accueil","item":"https:\/\/repliquemangacine.fr\/"},{"@type":"ListItem","position":2,"name":"Produits","item":"https:\/\/repliquemangacine.fr\/boutique\/"},{"@type":"ListItem","position":3,"name":"Luger P08 Marine Parabellum"}]},{"@type":"WebSite","@id":"https:\/\/repliquemangacine.fr\/#website","url":"https:\/\/repliquemangacine.fr\/","name":"R\u00e9plique Manga Cin\u00e9","description":"","publisher":{"@id":"https:\/\/repliquemangacine.fr\/#organization"},"potentialAction":[{"@type":"SearchAction","target":{"@type":"EntryPoint","urlTemplate":"https:\/\/repliquemangacine.fr\/?s={search_term_string}"},"query-input":{"@type":"PropertyValueSpecification","valueRequired":true,"valueName":"search_term_string"}}],"inLanguage":"it-IT"},{"@type":"Organization","@id":"https:\/\/repliquemangacine.fr\/#organization","name":"R\u00e9plique Manga Cin\u00e9","url":"https:\/\/repliquemangacine.fr\/","logo":{"@type":"ImageObject","inLanguage":"it-IT","@id":"https:\/\/repliquemangacine.fr\/#\/schema\/logo\/image\/","url":"https:\/\/repliquemangacine.fr\/wp-content\/uploads\/2023\/10\/RMC-500250.png","contentUrl":"https:\/\/repliquemangacine.fr\/wp-content\/uploads\/2023\/10\/RMC-500250.png","width":500,"height":250,"caption":"R\u00e9plique Manga Cin\u00e9"},"image":{"@id":"https:\/\/repliquemangacine.fr\/#\/schema\/logo\/image\/"},"sameAs":["https:\/\/www.facebook.com\/RepliqueMangaCine","https:\/\/www.instagram.com\/repliquemangacine.fr\/"]}]}},"_links":{"self":[{"href":"https:\/\/repliquemangacine.fr\/it\/wp-json\/wp\/v2\/product\/26355","targetHints":{"allow":["GET"]}}],"collection":[{"href":"https:\/\/repliquemangacine.fr\/it\/wp-json\/wp\/v2\/product"}],"about":[{"href":"https:\/\/repliquemangacine.fr\/it\/wp-json\/wp\/v2\/types\/product"}],"wp:featuredmedia":[{"embeddable":true,"href":"https:\/\/repliquemangacine.fr\/it\/wp-json\/wp\/v2\/media\/26356"}],"wp:attachment":[{"href":"https:\/\/repliquemangacine.fr\/it\/wp-json\/wp\/v2\/media?parent=26355"}],"wp:term":[{"taxonomy":"product_brand","embeddable":true,"href":"https:\/\/repliquemangacine.fr\/it\/wp-json\/wp\/v2\/product_brand?post=26355"},{"taxonomy":"product_cat","embeddable":true,"href":"https:\/\/repliquemangacine.fr\/it\/wp-json\/wp\/v2\/product_cat?post=26355"},{"taxonomy":"product_tag","embeddable":true,"href":"https:\/\/repliquemangacine.fr\/it\/wp-json\/wp\/v2\/product_tag?post=26355"}],"curies":[{"name":"wp","href":"https:\/\/api.w.org\/{rel}","templated":true}]}}