





{"id":26300,"date":"2016-11-16T16:52:47","date_gmt":"2016-11-16T15:52:47","guid":{"rendered":"https:\/\/repliquemangacine.fr\/?post_type=product&#038;p=26300"},"modified":"2026-04-20T11:49:40","modified_gmt":"2026-04-20T09:49:40","slug":"m1911-colt-1911-calcio-di-legno","status":"publish","type":"product","link":"https:\/\/repliquemangacine.fr\/it\/reproductions-armes-seconde-guerre-mondiale-denix\/m1911-colt-1911-crosse-bois\/","title":{"rendered":"M1911 Colt 1911"},"content":{"rendered":"<h2>Pistola Colt 1911 M1911 - Denix<\/h2>\n<p>Per cominciare, la pistola automatica <strong>M1911 Colt 1911<\/strong>, Un'arma affidabile, a singola azione, alimentata da un rinculo diretto e da un caricatore di cartucce in calibro .45. Progettata per uso militare da John M. Browning, che progett\u00f2 anche la cartuccia adatta all'arma, la .45 ACP.<\/p>\n<p>Adottato il 29 marzo 1911 dal Segretario di Stato americano. Il primo ordine ufficiale per 31.344 pistole fu effettuato il 5 maggio 1911.<\/p>\n<p>Ampiamente utilizzata durante la prima e la seconda guerra mondiale, poi nelle guerre di Corea e del Vietnam. Rimase in servizio continuo nell'esercito americano fino al 1985, quando fu sostituita dalla Beretta. Alcune varianti sono ancora in produzione, data la loro popolarit\u00e0, ancora attive in alcune unit\u00e0 delle forze speciali, della marina e dei marines.<\/p>\n<h2>La vostra M1911 Colt 1911 al miglior prezzo.<\/h2>\n<p>Offriamo un'ampia gamma di riproduzioni di armi storiche Denix.<\/p>\n<p>Innanzitutto,<\/p>\n<ul>\n<li>L'<a href=\"https:\/\/repliquemangacine.fr\/it\/accessori-per-fondine\/fondina-a-spalla-m7\/\">Fondina da spalla US ARMY M7<\/a> per Colt M1911A1 cal. 45.<\/li>\n<li>La riproduzione del fucile di riferimento, il <a href=\"https:\/\/repliquemangacine.fr\/it\/riproduzioni-darmes\/fucile-mauser-k98\/\">Mauser K98<\/a>.<\/li>\n<li>E molti altri da scoprire nel nostro negozio online!<\/li>\n<\/ul>\n<p>Ecco perch\u00e9 abbiamo pensato ad alcune idee regalo per tutti coloro che amano la storia, e soprattutto per coloro che non vogliono dimenticare i nostri eroi.<\/p>\n<p>In conclusione, \u00e8 possibile utilizzare la Pistola Automatica <strong>M1911 Colt 1911<\/strong> Denix per le vostre rievocazioni storiche. Ma prima di tutto, questa riproduzione \u00e8 un'arma da collezione.<\/p>\n<p>R\u00e9plique Manga Cin\u00e9 \u00e8 un'azienda francese a conduzione familiare e distributore ufficiale del marchio <a href=\"https:\/\/www.denix.fr\/fr\/catalogue\/guerres-mondiales-1914-1945\/pistolets\/9312\/\" target=\"_blank\" rel=\"noopener noreferrer\">Denix<\/a>.<\/p>\n<h2>Come vengono realizzate le repliche delle armi Denix?<\/h2>\n<p>Utilizzate in rievocazioni storiche, film, serie e dai collezionisti. Le riproduzioni Denix sono realizzate con materiali di alta qualit\u00e0. Sono accuratamente lavorate e assemblate per creare armi realistiche da collezione.<\/p>\n<ul>\n<li>I metalli sono in una lega metallica nota come Zamac, la cui composizione di base \u00e8 zinco in 95%.<\/li>\n<li>Le parti in plastica delle repliche sono realizzate in ABS stampato, che offre una grande resistenza.<\/li>\n<li>Il legno scelto per la sua bellezza e durata, come il mogano, l'ulivo o il noce, conferir\u00e0 ai mozziconi e alle botti un aspetto elegante e autentico.<\/li>\n<\/ul>\n<p>Si noti che tutte le riproduzioni Denix sono identiche agli originali, come il vostro <strong>M1911 Colt 1911<\/strong>.<\/p>","protected":false},"excerpt":{"rendered":"<p>Riproduzione della Colt M1911A1.<\/p>\n<ul>\n<li style=\"list-style-type: none;\">\n<ul>\n<li>Telaio in Zamac.<\/li>\n<li>Piastre di legno.<\/li>\n<li>Caricatore rimovibile.<\/li>\n<li>Armi in alto e colpi, ma <strong>totalmente inadatto a sparare<\/strong>.<\/li>\n<li>Meccanismo di simulazione del carico e dell'incendio.<\/li>\n<li>Canna staccabile.<\/li>\n<li>Non \u00e8 richiesta alcuna autorizzazione. Vendita e possesso gratuiti.<\/li>\n<li>Dimensioni: 24 cm - Peso: 920 grammi<\/li>\n<\/ul>\n<\/li>\n<\/ul>\n<p><iframe title=\"Lettore video di YouTube\" src=\"https:\/\/www.youtube.com\/embed\/Q374_oQW3JE\" width=\"560\" height=\"315\" frameborder=\"0\" allowfullscreen=\"allowfullscreen\"><\/iframe><\/p>","protected":false},"featured_media":26301,"template":"","meta":[],"product_brand":[896],"product_cat":[25,102,54,40,28,76],"product_tag":[],"class_list":{"0":"post-26300","1":"product","2":"type-product","3":"status-publish","4":"has-post-thumbnail","6":"product_brand-replique-manga-cine","7":"product_cat-armes-historiques","8":"product_cat-denix","9":"product_cat-armes-accessoires-guerre-mondiale","10":"product_cat-pistolet-moderne","11":"product_cat-repliques-darmes","12":"product_cat-reproductions-armes-seconde-guerre-mondiale-denix","14":"first","15":"instock","16":"sale","17":"taxable","18":"shipping-taxable","19":"purchasable","20":"product-type-simple"},"yoast_head":"<!-- This site is optimized with the Yoast SEO plugin v27.5 - https:\/\/yoast.com\/product\/yoast-seo-wordpress\/ -->\n<title>M1911 Colt 1911 - Reproduction Denix - R\u00e9plique Manga Cin\u00e9<\/title>\n<meta name=\"description\" content=\"D\u00e9couvrez ce Pistolet M1911 Colt 1911 au meilleur prix - Tout en m\u00e9tal - M\u00e9canisme fonctionnel - Inapte au tir - D\u00e9montable - Chargeur amovible - 24 cm\" \/>\n<meta name=\"robots\" content=\"index, follow, max-snippet:-1, max-image-preview:large, max-video-preview:-1\" \/>\n<link rel=\"canonical\" href=\"https:\/\/repliquemangacine.fr\/it\/riproduzione-armi-seconda-guerra-mondiale-denix\/m1911-colt-1911-calcio-di-legno\/\" \/>\n<meta property=\"og:locale\" content=\"it_IT\" \/>\n<meta property=\"og:type\" content=\"article\" \/>\n<meta property=\"og:title\" content=\"M1911 Colt 1911 - Reproduction Denix - R\u00e9plique Manga Cin\u00e9\" \/>\n<meta property=\"og:description\" content=\"D\u00e9couvrez ce Pistolet M1911 Colt 1911 au meilleur prix - Tout en m\u00e9tal - M\u00e9canisme fonctionnel - Inapte au tir - D\u00e9montable - Chargeur amovible - 24 cm\" \/>\n<meta property=\"og:url\" content=\"https:\/\/repliquemangacine.fr\/it\/riproduzione-armi-seconda-guerra-mondiale-denix\/m1911-colt-1911-calcio-di-legno\/\" \/>\n<meta property=\"og:site_name\" content=\"R\u00e9plique Manga Cin\u00e9\" \/>\n<meta property=\"article:publisher\" content=\"https:\/\/www.facebook.com\/RepliqueMangaCine\" \/>\n<meta property=\"article:modified_time\" content=\"2026-04-20T09:49:40+00:00\" \/>\n<meta property=\"og:image\" content=\"https:\/\/repliquemangacine.fr\/wp-content\/uploads\/2023\/10\/987-Pistolet-M1911-Colt-1911-replique-avec-son-chargeur.jpg\" \/>\n\t<meta property=\"og:image:width\" content=\"800\" \/>\n\t<meta property=\"og:image:height\" content=\"800\" \/>\n\t<meta property=\"og:image:type\" content=\"image\/jpeg\" \/>\n<meta name=\"twitter:card\" content=\"summary_large_image\" \/>\n<meta name=\"twitter:label1\" content=\"Tempo di lettura stimato\" \/>\n\t<meta name=\"twitter:data1\" content=\"1 minuto\" \/>\n<script type=\"application\/ld+json\" class=\"yoast-schema-graph\">{\"@context\":\"https:\\\/\\\/schema.org\",\"@graph\":[{\"@type\":\"WebPage\",\"@id\":\"https:\\\/\\\/repliquemangacine.fr\\\/reproductions-armes-seconde-guerre-mondiale-denix\\\/m1911-colt-1911-crosse-bois\\\/\",\"url\":\"https:\\\/\\\/repliquemangacine.fr\\\/reproductions-armes-seconde-guerre-mondiale-denix\\\/m1911-colt-1911-crosse-bois\\\/\",\"name\":\"M1911 Colt 1911 - Reproduction Denix - R\u00e9plique Manga Cin\u00e9\",\"isPartOf\":{\"@id\":\"https:\\\/\\\/repliquemangacine.fr\\\/#website\"},\"primaryImageOfPage\":{\"@id\":\"https:\\\/\\\/repliquemangacine.fr\\\/reproductions-armes-seconde-guerre-mondiale-denix\\\/m1911-colt-1911-crosse-bois\\\/#primaryimage\"},\"image\":{\"@id\":\"https:\\\/\\\/repliquemangacine.fr\\\/reproductions-armes-seconde-guerre-mondiale-denix\\\/m1911-colt-1911-crosse-bois\\\/#primaryimage\"},\"thumbnailUrl\":\"https:\\\/\\\/repliquemangacine.fr\\\/wp-content\\\/uploads\\\/2023\\\/10\\\/987-Pistolet-M1911-Colt-1911-replique-avec-son-chargeur.jpg\",\"datePublished\":\"2016-11-16T15:52:47+00:00\",\"dateModified\":\"2026-04-20T09:49:40+00:00\",\"description\":\"D\u00e9couvrez ce Pistolet M1911 Colt 1911 au meilleur prix - Tout en m\u00e9tal - M\u00e9canisme fonctionnel - Inapte au tir - D\u00e9montable - Chargeur amovible - 24 cm\",\"breadcrumb\":{\"@id\":\"https:\\\/\\\/repliquemangacine.fr\\\/reproductions-armes-seconde-guerre-mondiale-denix\\\/m1911-colt-1911-crosse-bois\\\/#breadcrumb\"},\"inLanguage\":\"it-IT\",\"potentialAction\":[{\"@type\":\"ReadAction\",\"target\":[\"https:\\\/\\\/repliquemangacine.fr\\\/reproductions-armes-seconde-guerre-mondiale-denix\\\/m1911-colt-1911-crosse-bois\\\/\"]}]},{\"@type\":\"ImageObject\",\"inLanguage\":\"it-IT\",\"@id\":\"https:\\\/\\\/repliquemangacine.fr\\\/reproductions-armes-seconde-guerre-mondiale-denix\\\/m1911-colt-1911-crosse-bois\\\/#primaryimage\",\"url\":\"https:\\\/\\\/repliquemangacine.fr\\\/wp-content\\\/uploads\\\/2023\\\/10\\\/987-Pistolet-M1911-Colt-1911-replique-avec-son-chargeur.jpg\",\"contentUrl\":\"https:\\\/\\\/repliquemangacine.fr\\\/wp-content\\\/uploads\\\/2023\\\/10\\\/987-Pistolet-M1911-Colt-1911-replique-avec-son-chargeur.jpg\",\"width\":800,\"height\":800,\"caption\":\"Pistolet M1911 Colt 1911 - r\u00e9plique avec son chargeur\"},{\"@type\":\"BreadcrumbList\",\"@id\":\"https:\\\/\\\/repliquemangacine.fr\\\/reproductions-armes-seconde-guerre-mondiale-denix\\\/m1911-colt-1911-crosse-bois\\\/#breadcrumb\",\"itemListElement\":[{\"@type\":\"ListItem\",\"position\":1,\"name\":\"Accueil\",\"item\":\"https:\\\/\\\/repliquemangacine.fr\\\/\"},{\"@type\":\"ListItem\",\"position\":2,\"name\":\"Produits\",\"item\":\"https:\\\/\\\/repliquemangacine.fr\\\/boutique\\\/\"},{\"@type\":\"ListItem\",\"position\":3,\"name\":\"M1911 Colt 1911\"}]},{\"@type\":\"WebSite\",\"@id\":\"https:\\\/\\\/repliquemangacine.fr\\\/#website\",\"url\":\"https:\\\/\\\/repliquemangacine.fr\\\/\",\"name\":\"R\u00e9plique Manga Cin\u00e9\",\"description\":\"\",\"publisher\":{\"@id\":\"https:\\\/\\\/repliquemangacine.fr\\\/#organization\"},\"potentialAction\":[{\"@type\":\"SearchAction\",\"target\":{\"@type\":\"EntryPoint\",\"urlTemplate\":\"https:\\\/\\\/repliquemangacine.fr\\\/?s={search_term_string}\"},\"query-input\":{\"@type\":\"PropertyValueSpecification\",\"valueRequired\":true,\"valueName\":\"search_term_string\"}}],\"inLanguage\":\"it-IT\"},{\"@type\":\"Organization\",\"@id\":\"https:\\\/\\\/repliquemangacine.fr\\\/#organization\",\"name\":\"R\u00e9plique Manga Cin\u00e9\",\"url\":\"https:\\\/\\\/repliquemangacine.fr\\\/\",\"logo\":{\"@type\":\"ImageObject\",\"inLanguage\":\"it-IT\",\"@id\":\"https:\\\/\\\/repliquemangacine.fr\\\/#\\\/schema\\\/logo\\\/image\\\/\",\"url\":\"https:\\\/\\\/repliquemangacine.fr\\\/wp-content\\\/uploads\\\/2023\\\/10\\\/RMC-500250.png\",\"contentUrl\":\"https:\\\/\\\/repliquemangacine.fr\\\/wp-content\\\/uploads\\\/2023\\\/10\\\/RMC-500250.png\",\"width\":500,\"height\":250,\"caption\":\"R\u00e9plique Manga Cin\u00e9\"},\"image\":{\"@id\":\"https:\\\/\\\/repliquemangacine.fr\\\/#\\\/schema\\\/logo\\\/image\\\/\"},\"sameAs\":[\"https:\\\/\\\/www.facebook.com\\\/RepliqueMangaCine\",\"https:\\\/\\\/www.instagram.com\\\/repliquemangacine.fr\\\/\"]}]}<\/script>\n<!-- \/ Yoast SEO plugin. -->","yoast_head_json":{"title":"M1911 Colt 1911 - Riproduzione Denix - R\u00e9plique Manga Cin\u00e9","description":"Scopri questa pistola Colt 1911 al miglior prezzo - Tutto metallo - Meccanismo funzionale - Non spara - Rimovibile - Caricatore rimovibile - 24 cm","robots":{"index":"index","follow":"follow","max-snippet":"max-snippet:-1","max-image-preview":"max-image-preview:large","max-video-preview":"max-video-preview:-1"},"canonical":"https:\/\/repliquemangacine.fr\/it\/riproduzione-armi-seconda-guerra-mondiale-denix\/m1911-colt-1911-calcio-di-legno\/","og_locale":"it_IT","og_type":"article","og_title":"M1911 Colt 1911 - Reproduction Denix - R\u00e9plique Manga Cin\u00e9","og_description":"D\u00e9couvrez ce Pistolet M1911 Colt 1911 au meilleur prix - Tout en m\u00e9tal - M\u00e9canisme fonctionnel - Inapte au tir - D\u00e9montable - Chargeur amovible - 24 cm","og_url":"https:\/\/repliquemangacine.fr\/it\/riproduzione-armi-seconda-guerra-mondiale-denix\/m1911-colt-1911-calcio-di-legno\/","og_site_name":"R\u00e9plique Manga Cin\u00e9","article_publisher":"https:\/\/www.facebook.com\/RepliqueMangaCine","article_modified_time":"2026-04-20T09:49:40+00:00","og_image":[{"width":800,"height":800,"url":"https:\/\/repliquemangacine.fr\/wp-content\/uploads\/2023\/10\/987-Pistolet-M1911-Colt-1911-replique-avec-son-chargeur.jpg","type":"image\/jpeg"}],"twitter_card":"summary_large_image","twitter_misc":{"Tempo di lettura stimato":"1 minuto"},"schema":{"@context":"https:\/\/schema.org","@graph":[{"@type":"WebPage","@id":"https:\/\/repliquemangacine.fr\/reproductions-armes-seconde-guerre-mondiale-denix\/m1911-colt-1911-crosse-bois\/","url":"https:\/\/repliquemangacine.fr\/reproductions-armes-seconde-guerre-mondiale-denix\/m1911-colt-1911-crosse-bois\/","name":"M1911 Colt 1911 - Riproduzione Denix - R\u00e9plique Manga Cin\u00e9","isPartOf":{"@id":"https:\/\/repliquemangacine.fr\/#website"},"primaryImageOfPage":{"@id":"https:\/\/repliquemangacine.fr\/reproductions-armes-seconde-guerre-mondiale-denix\/m1911-colt-1911-crosse-bois\/#primaryimage"},"image":{"@id":"https:\/\/repliquemangacine.fr\/reproductions-armes-seconde-guerre-mondiale-denix\/m1911-colt-1911-crosse-bois\/#primaryimage"},"thumbnailUrl":"https:\/\/repliquemangacine.fr\/wp-content\/uploads\/2023\/10\/987-Pistolet-M1911-Colt-1911-replique-avec-son-chargeur.jpg","datePublished":"2016-11-16T15:52:47+00:00","dateModified":"2026-04-20T09:49:40+00:00","description":"Scopri questa pistola Colt 1911 al miglior prezzo - Tutto metallo - Meccanismo funzionale - Non spara - Rimovibile - Caricatore rimovibile - 24 cm","breadcrumb":{"@id":"https:\/\/repliquemangacine.fr\/reproductions-armes-seconde-guerre-mondiale-denix\/m1911-colt-1911-crosse-bois\/#breadcrumb"},"inLanguage":"it-IT","potentialAction":[{"@type":"ReadAction","target":["https:\/\/repliquemangacine.fr\/reproductions-armes-seconde-guerre-mondiale-denix\/m1911-colt-1911-crosse-bois\/"]}]},{"@type":"ImageObject","inLanguage":"it-IT","@id":"https:\/\/repliquemangacine.fr\/reproductions-armes-seconde-guerre-mondiale-denix\/m1911-colt-1911-crosse-bois\/#primaryimage","url":"https:\/\/repliquemangacine.fr\/wp-content\/uploads\/2023\/10\/987-Pistolet-M1911-Colt-1911-replique-avec-son-chargeur.jpg","contentUrl":"https:\/\/repliquemangacine.fr\/wp-content\/uploads\/2023\/10\/987-Pistolet-M1911-Colt-1911-replique-avec-son-chargeur.jpg","width":800,"height":800,"caption":"Pistolet M1911 Colt 1911 - r\u00e9plique avec son chargeur"},{"@type":"BreadcrumbList","@id":"https:\/\/repliquemangacine.fr\/reproductions-armes-seconde-guerre-mondiale-denix\/m1911-colt-1911-crosse-bois\/#breadcrumb","itemListElement":[{"@type":"ListItem","position":1,"name":"Accueil","item":"https:\/\/repliquemangacine.fr\/"},{"@type":"ListItem","position":2,"name":"Produits","item":"https:\/\/repliquemangacine.fr\/boutique\/"},{"@type":"ListItem","position":3,"name":"M1911 Colt 1911"}]},{"@type":"WebSite","@id":"https:\/\/repliquemangacine.fr\/#website","url":"https:\/\/repliquemangacine.fr\/","name":"R\u00e9plique Manga Cin\u00e9","description":"","publisher":{"@id":"https:\/\/repliquemangacine.fr\/#organization"},"potentialAction":[{"@type":"SearchAction","target":{"@type":"EntryPoint","urlTemplate":"https:\/\/repliquemangacine.fr\/?s={search_term_string}"},"query-input":{"@type":"PropertyValueSpecification","valueRequired":true,"valueName":"search_term_string"}}],"inLanguage":"it-IT"},{"@type":"Organization","@id":"https:\/\/repliquemangacine.fr\/#organization","name":"R\u00e9plique Manga Cin\u00e9","url":"https:\/\/repliquemangacine.fr\/","logo":{"@type":"ImageObject","inLanguage":"it-IT","@id":"https:\/\/repliquemangacine.fr\/#\/schema\/logo\/image\/","url":"https:\/\/repliquemangacine.fr\/wp-content\/uploads\/2023\/10\/RMC-500250.png","contentUrl":"https:\/\/repliquemangacine.fr\/wp-content\/uploads\/2023\/10\/RMC-500250.png","width":500,"height":250,"caption":"R\u00e9plique Manga Cin\u00e9"},"image":{"@id":"https:\/\/repliquemangacine.fr\/#\/schema\/logo\/image\/"},"sameAs":["https:\/\/www.facebook.com\/RepliqueMangaCine","https:\/\/www.instagram.com\/repliquemangacine.fr\/"]}]}},"_links":{"self":[{"href":"https:\/\/repliquemangacine.fr\/it\/wp-json\/wp\/v2\/product\/26300","targetHints":{"allow":["GET"]}}],"collection":[{"href":"https:\/\/repliquemangacine.fr\/it\/wp-json\/wp\/v2\/product"}],"about":[{"href":"https:\/\/repliquemangacine.fr\/it\/wp-json\/wp\/v2\/types\/product"}],"wp:featuredmedia":[{"embeddable":true,"href":"https:\/\/repliquemangacine.fr\/it\/wp-json\/wp\/v2\/media\/26301"}],"wp:attachment":[{"href":"https:\/\/repliquemangacine.fr\/it\/wp-json\/wp\/v2\/media?parent=26300"}],"wp:term":[{"taxonomy":"product_brand","embeddable":true,"href":"https:\/\/repliquemangacine.fr\/it\/wp-json\/wp\/v2\/product_brand?post=26300"},{"taxonomy":"product_cat","embeddable":true,"href":"https:\/\/repliquemangacine.fr\/it\/wp-json\/wp\/v2\/product_cat?post=26300"},{"taxonomy":"product_tag","embeddable":true,"href":"https:\/\/repliquemangacine.fr\/it\/wp-json\/wp\/v2\/product_tag?post=26300"}],"curies":[{"name":"wp","href":"https:\/\/api.w.org\/{rel}","templated":true}]}}