





{"id":26247,"date":"2016-11-13T19:42:52","date_gmt":"2016-11-13T18:42:52","guid":{"rendered":"https:\/\/repliquemangacine.fr\/?post_type=product&#038;p=26247"},"modified":"2026-04-17T18:57:53","modified_gmt":"2026-04-17T16:57:53","slug":"fucile-brown-bess-1722-land-pattern-denix","status":"publish","type":"product","link":"https:\/\/repliquemangacine.fr\/it\/replique-d-armes-1er-empire\/fusil-brown-bess-1722-land-pattern-denix\/","title":{"rendered":"Fucile Brown Bess 1722"},"content":{"rendered":"<h2>Brown Bess 1722 fucile Inghilterra.<\/h2>\n<p>Per cominciare, il <strong>Fucile Brown Bess 1722<\/strong> \u00e8 il soprannome dato al fucile Land Pattern dell'esercito britannico. Utilizzato durante le guerre di espansione dell'Impero britannico, ha acquisito da allora un'importanza simbolica. Ha subito progressivi cambiamenti nel suo design, come dimostra la comparsa dei modelli Long Land e Short Land.<\/p>\n<p>Il fucile Long Land Pattern e i suoi derivati hanno la caratteristica comune di essere tutti fucili a pietra focaia calibro .75 e di essere stati, ciascuno di essi, il fucile a canna lunga standard delle forze terrestri e marittime dell'Impero britannico dal 1722 al 1838.<\/p>\n<p>Questo moschetto lungo, pesante e di grosso calibro si distingueva per la sua struttura robusta e l'affidabilit\u00e0 del suo meccanismo di accensione.<\/p>\n<h2>Il vostro fucile Brown Bress 1722 al miglior prezzo.<\/h2>\n<p>Offriamo un'ampia gamma di riproduzioni di armi storiche.<\/p>\n<p>Innanzitutto,<\/p>\n<ul>\n<li>Le <a href=\"https:\/\/repliquemangacine.fr\/it\/armi-replica-1-impero\/fusil-a-etincelles-napoleon-1807\/\">Fucile Napoleone 1807<\/a> con l'emblema della corona sul calcio.<\/li>\n<li>C'\u00e8 anche il lungo <a href=\"https:\/\/repliquemangacine.fr\/it\/armi-replica-1-impero\/fusil-francais-napoleonien-1806-avec-baionnette\/\">Fusil Fran\u00e7ais Charleville<\/a> con la baionetta.<\/li>\n<li>Cos\u00ec come il <a href=\"https:\/\/repliquemangacine.fr\/it\/armi-replica-1-impero\/fusil-francais-napoleonien-1806-avec-baionnette\/\">Modello di fucile P61<\/a>Fucile Enfield inglese, versione corta.<\/li>\n<li>E molti altri da scoprire nel nostro negozio online!<\/li>\n<\/ul>\n<p>Ecco perch\u00e9 questa \u00e8 un'ottima idea regalo per tutti gli amanti delle armi storiche.<\/p>\n<p>In conclusione, \u00e8 possibile utilizzare questo <strong>Fucile Brown Bess 1722<\/strong> per le vostre rievocazioni storiche. Ma soprattutto, quest'arma \u00e8 un oggetto da collezione e un pezzo decorativo.<\/p>\n<p>R\u00e9plique Manga Cin\u00e9 \u00e8 un'azienda francese e distributore ufficiale del marchio <a href=\"https:\/\/www.denix.fr\/fr\/catalogue\/armes-historiques-s-xvi-xix\/carabines-carabines-et-fusils\/1054\/\" target=\"_blank\" rel=\"noopener noreferrer\">Denix<\/a>.<\/p>\n<h2>Come vengono realizzate le repliche delle armi Denix?<\/h2>\n<p>Utilizzate in rievocazioni storiche, film, serie TV e dai collezionisti. Le riproduzioni Denix sono realizzate con materiali di alta qualit\u00e0. Sono accuratamente lavorate e assemblate per creare armi realistiche da collezione.<\/p>\n<ul>\n<li>I metalli sono in una lega metallica nota come Zamac, la cui composizione di base \u00e8 zinco in 95%.<\/li>\n<li>Le parti in plastica delle repliche sono realizzate in ABS stampato, che offre una grande resistenza.<\/li>\n<li>Il legno scelto per la sua bellezza e durata, come il mogano, l'ulivo o il noce, conferir\u00e0 ai mozziconi e alle botti un aspetto elegante e autentico.<\/li>\n<\/ul>\n<p>Si noti che tutte le riproduzioni Denix sono identiche agli originali, come il vostro <strong>Fucile Brown Bess 1722<\/strong>.<\/p>","protected":false},"excerpt":{"rendered":"<p>Riproduzione del moschetto Land Pattern \"Brown Bess 1722\".<\/p>\n<ul>\n<li>Calcio e canna in legno massiccio.<\/li>\n<li>Meccanismo e canna in Zamac.<\/li>\n<li>Baionetta in metallo rimovibile.<\/li>\n<li>Armi e colpi<\/li>\n<li>Non idoneo a sparare.<\/li>\n<li>Non \u00e8 richiesta alcuna autorizzazione. Vendita e possesso gratuiti<\/li>\n<li>Dimensioni: 190 cm - Peso: 3470 grammi<\/li>\n<\/ul>","protected":false},"featured_media":26248,"template":"","meta":[],"product_brand":[896],"product_cat":[25,102,55,37,83,28],"product_tag":[],"class_list":{"0":"post-26247","1":"product","2":"type-product","3":"status-publish","4":"has-post-thumbnail","6":"product_brand-replique-manga-cine","7":"product_cat-armes-historiques","8":"product_cat-denix","9":"product_cat-fusil-ancien","10":"product_cat-premier-empire","11":"product_cat-replique-d-armes-1er-empire","12":"product_cat-repliques-darmes","14":"first","15":"instock","16":"sale","17":"taxable","18":"shipping-taxable","19":"purchasable","20":"product-type-simple"},"yoast_head":"<!-- This site is optimized with the Yoast SEO plugin v27.4 - https:\/\/yoast.com\/product\/yoast-seo-wordpress\/ -->\n<title>Fusil Brown Bess 1722 - R\u00e9plique fusil Land Pattern Denix | RMC<\/title>\n<meta name=\"description\" content=\"D\u00e9couvrez le Fusil Brown Bess 1722 Denix au meilleur prix - Canon et f\u00fbt en bois massif - M\u00e9canisme, canon en zamac. Ba\u00efonnette. Longueur : 190 cm\" \/>\n<meta name=\"robots\" content=\"index, follow, max-snippet:-1, max-image-preview:large, max-video-preview:-1\" \/>\n<link rel=\"canonical\" href=\"https:\/\/repliquemangacine.fr\/it\/denix\/fucile-brown-bess-1722-land-pattern-denix\/\" \/>\n<meta property=\"og:locale\" content=\"it_IT\" \/>\n<meta property=\"og:type\" content=\"article\" \/>\n<meta property=\"og:title\" content=\"Fusil Brown Bess 1722 - R\u00e9plique fusil Land Pattern Denix | RMC\" \/>\n<meta property=\"og:description\" content=\"D\u00e9couvrez le Fusil Brown Bess 1722 Denix au meilleur prix - Canon et f\u00fbt en bois massif - M\u00e9canisme, canon en zamac. Ba\u00efonnette. Longueur : 190 cm\" \/>\n<meta property=\"og:url\" content=\"https:\/\/repliquemangacine.fr\/it\/denix\/fucile-brown-bess-1722-land-pattern-denix\/\" \/>\n<meta property=\"og:site_name\" content=\"R\u00e9plique Manga Cin\u00e9\" \/>\n<meta property=\"article:publisher\" content=\"https:\/\/www.facebook.com\/RepliqueMangaCine\" \/>\n<meta property=\"article:modified_time\" content=\"2026-04-17T16:57:53+00:00\" \/>\n<meta property=\"og:image\" content=\"https:\/\/repliquemangacine.fr\/wp-content\/uploads\/2023\/10\/939-Replique-Fusil-Mousqueton-a-baionnette-Brown-Bess-Anglais-1722.jpg\" \/>\n\t<meta property=\"og:image:width\" content=\"800\" \/>\n\t<meta property=\"og:image:height\" content=\"800\" \/>\n\t<meta property=\"og:image:type\" content=\"image\/jpeg\" \/>\n<meta name=\"twitter:card\" content=\"summary_large_image\" \/>\n<meta name=\"twitter:label1\" content=\"Tempo di lettura stimato\" \/>\n\t<meta name=\"twitter:data1\" content=\"2 minuti\" \/>\n<script type=\"application\/ld+json\" class=\"yoast-schema-graph\">{\"@context\":\"https:\\\/\\\/schema.org\",\"@graph\":[{\"@type\":\"WebPage\",\"@id\":\"https:\\\/\\\/repliquemangacine.fr\\\/denix\\\/fusil-brown-bess-1722-land-pattern-denix\\\/\",\"url\":\"https:\\\/\\\/repliquemangacine.fr\\\/denix\\\/fusil-brown-bess-1722-land-pattern-denix\\\/\",\"name\":\"Fusil Brown Bess 1722 - R\u00e9plique fusil Land Pattern Denix | RMC\",\"isPartOf\":{\"@id\":\"https:\\\/\\\/repliquemangacine.fr\\\/#website\"},\"primaryImageOfPage\":{\"@id\":\"https:\\\/\\\/repliquemangacine.fr\\\/denix\\\/fusil-brown-bess-1722-land-pattern-denix\\\/#primaryimage\"},\"image\":{\"@id\":\"https:\\\/\\\/repliquemangacine.fr\\\/denix\\\/fusil-brown-bess-1722-land-pattern-denix\\\/#primaryimage\"},\"thumbnailUrl\":\"https:\\\/\\\/repliquemangacine.fr\\\/wp-content\\\/uploads\\\/2023\\\/10\\\/939-Replique-Fusil-Mousqueton-a-baionnette-Brown-Bess-Anglais-1722.jpg\",\"datePublished\":\"2016-11-13T18:42:52+00:00\",\"dateModified\":\"2026-04-17T16:57:53+00:00\",\"description\":\"D\u00e9couvrez le Fusil Brown Bess 1722 Denix au meilleur prix - Canon et f\u00fbt en bois massif - M\u00e9canisme, canon en zamac. Ba\u00efonnette. Longueur : 190 cm\",\"breadcrumb\":{\"@id\":\"https:\\\/\\\/repliquemangacine.fr\\\/denix\\\/fusil-brown-bess-1722-land-pattern-denix\\\/#breadcrumb\"},\"inLanguage\":\"it-IT\",\"potentialAction\":[{\"@type\":\"ReadAction\",\"target\":[\"https:\\\/\\\/repliquemangacine.fr\\\/denix\\\/fusil-brown-bess-1722-land-pattern-denix\\\/\"]}]},{\"@type\":\"ImageObject\",\"inLanguage\":\"it-IT\",\"@id\":\"https:\\\/\\\/repliquemangacine.fr\\\/denix\\\/fusil-brown-bess-1722-land-pattern-denix\\\/#primaryimage\",\"url\":\"https:\\\/\\\/repliquemangacine.fr\\\/wp-content\\\/uploads\\\/2023\\\/10\\\/939-Replique-Fusil-Mousqueton-a-baionnette-Brown-Bess-Anglais-1722.jpg\",\"contentUrl\":\"https:\\\/\\\/repliquemangacine.fr\\\/wp-content\\\/uploads\\\/2023\\\/10\\\/939-Replique-Fusil-Mousqueton-a-baionnette-Brown-Bess-Anglais-1722.jpg\",\"width\":800,\"height\":800,\"caption\":\"R\u00e9plique Fusil Mousqueton \u00e0 ba\u00efonnette Brown Bess - Anglais 1722\"},{\"@type\":\"BreadcrumbList\",\"@id\":\"https:\\\/\\\/repliquemangacine.fr\\\/denix\\\/fusil-brown-bess-1722-land-pattern-denix\\\/#breadcrumb\",\"itemListElement\":[{\"@type\":\"ListItem\",\"position\":1,\"name\":\"Accueil\",\"item\":\"https:\\\/\\\/repliquemangacine.fr\\\/\"},{\"@type\":\"ListItem\",\"position\":2,\"name\":\"Produits\",\"item\":\"https:\\\/\\\/repliquemangacine.fr\\\/boutique\\\/\"},{\"@type\":\"ListItem\",\"position\":3,\"name\":\"Fusil Brown Bess 1722\"}]},{\"@type\":\"WebSite\",\"@id\":\"https:\\\/\\\/repliquemangacine.fr\\\/#website\",\"url\":\"https:\\\/\\\/repliquemangacine.fr\\\/\",\"name\":\"R\u00e9plique Manga Cin\u00e9\",\"description\":\"\",\"publisher\":{\"@id\":\"https:\\\/\\\/repliquemangacine.fr\\\/#organization\"},\"potentialAction\":[{\"@type\":\"SearchAction\",\"target\":{\"@type\":\"EntryPoint\",\"urlTemplate\":\"https:\\\/\\\/repliquemangacine.fr\\\/?s={search_term_string}\"},\"query-input\":{\"@type\":\"PropertyValueSpecification\",\"valueRequired\":true,\"valueName\":\"search_term_string\"}}],\"inLanguage\":\"it-IT\"},{\"@type\":\"Organization\",\"@id\":\"https:\\\/\\\/repliquemangacine.fr\\\/#organization\",\"name\":\"R\u00e9plique Manga Cin\u00e9\",\"url\":\"https:\\\/\\\/repliquemangacine.fr\\\/\",\"logo\":{\"@type\":\"ImageObject\",\"inLanguage\":\"it-IT\",\"@id\":\"https:\\\/\\\/repliquemangacine.fr\\\/#\\\/schema\\\/logo\\\/image\\\/\",\"url\":\"https:\\\/\\\/repliquemangacine.fr\\\/wp-content\\\/uploads\\\/2023\\\/10\\\/RMC-500250.png\",\"contentUrl\":\"https:\\\/\\\/repliquemangacine.fr\\\/wp-content\\\/uploads\\\/2023\\\/10\\\/RMC-500250.png\",\"width\":500,\"height\":250,\"caption\":\"R\u00e9plique Manga Cin\u00e9\"},\"image\":{\"@id\":\"https:\\\/\\\/repliquemangacine.fr\\\/#\\\/schema\\\/logo\\\/image\\\/\"},\"sameAs\":[\"https:\\\/\\\/www.facebook.com\\\/RepliqueMangaCine\",\"https:\\\/\\\/www.instagram.com\\\/repliquemangacine.fr\\\/\"]}]}<\/script>\n<!-- \/ Yoast SEO plugin. -->","yoast_head_json":{"title":"Fucile Brown Bess 1722 - Replica di fucile Land Pattern Denix | RMC","description":"Scopri il fucile Brown Bess 1722 Denix al miglior prezzo - Canna e calcio in legno massiccio - Azione e canna in Zamac. Baionetta. Lunghezza: 190 cm","robots":{"index":"index","follow":"follow","max-snippet":"max-snippet:-1","max-image-preview":"max-image-preview:large","max-video-preview":"max-video-preview:-1"},"canonical":"https:\/\/repliquemangacine.fr\/it\/denix\/fucile-brown-bess-1722-land-pattern-denix\/","og_locale":"it_IT","og_type":"article","og_title":"Fusil Brown Bess 1722 - R\u00e9plique fusil Land Pattern Denix | RMC","og_description":"D\u00e9couvrez le Fusil Brown Bess 1722 Denix au meilleur prix - Canon et f\u00fbt en bois massif - M\u00e9canisme, canon en zamac. Ba\u00efonnette. Longueur : 190 cm","og_url":"https:\/\/repliquemangacine.fr\/it\/denix\/fucile-brown-bess-1722-land-pattern-denix\/","og_site_name":"R\u00e9plique Manga Cin\u00e9","article_publisher":"https:\/\/www.facebook.com\/RepliqueMangaCine","article_modified_time":"2026-04-17T16:57:53+00:00","og_image":[{"width":800,"height":800,"url":"https:\/\/repliquemangacine.fr\/wp-content\/uploads\/2023\/10\/939-Replique-Fusil-Mousqueton-a-baionnette-Brown-Bess-Anglais-1722.jpg","type":"image\/jpeg"}],"twitter_card":"summary_large_image","twitter_misc":{"Tempo di lettura stimato":"2 minuti"},"schema":{"@context":"https:\/\/schema.org","@graph":[{"@type":"WebPage","@id":"https:\/\/repliquemangacine.fr\/denix\/fusil-brown-bess-1722-land-pattern-denix\/","url":"https:\/\/repliquemangacine.fr\/denix\/fusil-brown-bess-1722-land-pattern-denix\/","name":"Fucile Brown Bess 1722 - Replica di fucile Land Pattern Denix | RMC","isPartOf":{"@id":"https:\/\/repliquemangacine.fr\/#website"},"primaryImageOfPage":{"@id":"https:\/\/repliquemangacine.fr\/denix\/fusil-brown-bess-1722-land-pattern-denix\/#primaryimage"},"image":{"@id":"https:\/\/repliquemangacine.fr\/denix\/fusil-brown-bess-1722-land-pattern-denix\/#primaryimage"},"thumbnailUrl":"https:\/\/repliquemangacine.fr\/wp-content\/uploads\/2023\/10\/939-Replique-Fusil-Mousqueton-a-baionnette-Brown-Bess-Anglais-1722.jpg","datePublished":"2016-11-13T18:42:52+00:00","dateModified":"2026-04-17T16:57:53+00:00","description":"Scopri il fucile Brown Bess 1722 Denix al miglior prezzo - Canna e calcio in legno massiccio - Azione e canna in Zamac. Baionetta. Lunghezza: 190 cm","breadcrumb":{"@id":"https:\/\/repliquemangacine.fr\/denix\/fusil-brown-bess-1722-land-pattern-denix\/#breadcrumb"},"inLanguage":"it-IT","potentialAction":[{"@type":"ReadAction","target":["https:\/\/repliquemangacine.fr\/denix\/fusil-brown-bess-1722-land-pattern-denix\/"]}]},{"@type":"ImageObject","inLanguage":"it-IT","@id":"https:\/\/repliquemangacine.fr\/denix\/fusil-brown-bess-1722-land-pattern-denix\/#primaryimage","url":"https:\/\/repliquemangacine.fr\/wp-content\/uploads\/2023\/10\/939-Replique-Fusil-Mousqueton-a-baionnette-Brown-Bess-Anglais-1722.jpg","contentUrl":"https:\/\/repliquemangacine.fr\/wp-content\/uploads\/2023\/10\/939-Replique-Fusil-Mousqueton-a-baionnette-Brown-Bess-Anglais-1722.jpg","width":800,"height":800,"caption":"R\u00e9plique Fusil Mousqueton \u00e0 ba\u00efonnette Brown Bess - Anglais 1722"},{"@type":"BreadcrumbList","@id":"https:\/\/repliquemangacine.fr\/denix\/fusil-brown-bess-1722-land-pattern-denix\/#breadcrumb","itemListElement":[{"@type":"ListItem","position":1,"name":"Accueil","item":"https:\/\/repliquemangacine.fr\/"},{"@type":"ListItem","position":2,"name":"Produits","item":"https:\/\/repliquemangacine.fr\/boutique\/"},{"@type":"ListItem","position":3,"name":"Fusil Brown Bess 1722"}]},{"@type":"WebSite","@id":"https:\/\/repliquemangacine.fr\/#website","url":"https:\/\/repliquemangacine.fr\/","name":"R\u00e9plique Manga Cin\u00e9","description":"","publisher":{"@id":"https:\/\/repliquemangacine.fr\/#organization"},"potentialAction":[{"@type":"SearchAction","target":{"@type":"EntryPoint","urlTemplate":"https:\/\/repliquemangacine.fr\/?s={search_term_string}"},"query-input":{"@type":"PropertyValueSpecification","valueRequired":true,"valueName":"search_term_string"}}],"inLanguage":"it-IT"},{"@type":"Organization","@id":"https:\/\/repliquemangacine.fr\/#organization","name":"R\u00e9plique Manga Cin\u00e9","url":"https:\/\/repliquemangacine.fr\/","logo":{"@type":"ImageObject","inLanguage":"it-IT","@id":"https:\/\/repliquemangacine.fr\/#\/schema\/logo\/image\/","url":"https:\/\/repliquemangacine.fr\/wp-content\/uploads\/2023\/10\/RMC-500250.png","contentUrl":"https:\/\/repliquemangacine.fr\/wp-content\/uploads\/2023\/10\/RMC-500250.png","width":500,"height":250,"caption":"R\u00e9plique Manga Cin\u00e9"},"image":{"@id":"https:\/\/repliquemangacine.fr\/#\/schema\/logo\/image\/"},"sameAs":["https:\/\/www.facebook.com\/RepliqueMangaCine","https:\/\/www.instagram.com\/repliquemangacine.fr\/"]}]}},"_links":{"self":[{"href":"https:\/\/repliquemangacine.fr\/it\/wp-json\/wp\/v2\/product\/26247","targetHints":{"allow":["GET"]}}],"collection":[{"href":"https:\/\/repliquemangacine.fr\/it\/wp-json\/wp\/v2\/product"}],"about":[{"href":"https:\/\/repliquemangacine.fr\/it\/wp-json\/wp\/v2\/types\/product"}],"wp:featuredmedia":[{"embeddable":true,"href":"https:\/\/repliquemangacine.fr\/it\/wp-json\/wp\/v2\/media\/26248"}],"wp:attachment":[{"href":"https:\/\/repliquemangacine.fr\/it\/wp-json\/wp\/v2\/media?parent=26247"}],"wp:term":[{"taxonomy":"product_brand","embeddable":true,"href":"https:\/\/repliquemangacine.fr\/it\/wp-json\/wp\/v2\/product_brand?post=26247"},{"taxonomy":"product_cat","embeddable":true,"href":"https:\/\/repliquemangacine.fr\/it\/wp-json\/wp\/v2\/product_cat?post=26247"},{"taxonomy":"product_tag","embeddable":true,"href":"https:\/\/repliquemangacine.fr\/it\/wp-json\/wp\/v2\/product_tag?post=26247"}],"curies":[{"name":"wp","href":"https:\/\/api.w.org\/{rel}","templated":true}]}}