





{"id":26231,"date":"2016-11-12T16:12:25","date_gmt":"2016-11-12T15:12:25","guid":{"rendered":"https:\/\/repliquemangacine.fr\/?post_type=product&#038;p=26231"},"modified":"2025-12-22T21:45:10","modified_gmt":"2025-12-22T20:45:10","slug":"pistola-tedesca-a-pietra-focaia-del-xviii-secolo","status":"publish","type":"product","link":"https:\/\/repliquemangacine.fr\/it\/replique-d-armes-1er-empire\/pistolet-allemand-a-silex-18eme\/","title":{"rendered":"18\u1d49 Pistola tedesca a pietra focaia"},"content":{"rendered":"<h2>Pistola tedesca a pietra focaia del 18\u1d49 secolo - Denix.<\/h2>\n<p>Per cominciare, il <strong>Pistola tedesca a pietra focaia<\/strong>, Questo tipo di pistola a pietra focaia fece la sua comparsa in Europa verso la met\u00e0 del XVI secolo e nella forma cosiddetta \u00abfrancese\u00bb all'inizio del XVII secolo.<\/p>\n<p>Le pistole a scintilla avevano una pietra focaia o un selce che, azionata dal martello, produceva la scintilla che accendeva la polvere da sparo.<\/p>\n<p>Generalmente utilizzate per un solo colpo, poich\u00e9 il metodo di ricarica era molto lento e solitamente non c'era tempo per ricaricare. Di conseguenza, dopo aver sparato, i combattenti erano costretti a estrarre le loro sciabole o spade.<\/p>\n<p>La pistola a pietra focaia rimarr\u00e0 la pi\u00f9 utilizzata in tutta Europa e oltre per oltre 200 anni. Infatti, \u00e8 molto ricercata per le rievocazioni storiche di quel periodo e per tutte le battaglie del XVIII secolo.<\/p>\n<h2>La vostra pistola tedesca a pietra focaia al miglior prezzo.<\/h2>\n<p>Vi proponiamo un'ampia scelta di repliche di armi antiche Denix.<\/p>\n<p>Innanzitutto,<\/p>\n<ul>\n<li>Il famoso <a href=\"https:\/\/repliquemangacine.fr\/it\/assassins-creed\/pistola-con-ascia-da-pirata-del-xviii-secolo\/\">Pistola ad ascia<\/a> che \u00e8 l'ascia della pistola in Assassin's Creed.<\/li>\n<li>Le <a href=\"https:\/\/repliquemangacine.fr\/it\/pistola-antica\/pistolet-duel-a-silex-anglais-18eme\/\">Pistola da duello inglese a pietra focaia<\/a> che era molto forte e preciso.<\/li>\n<li>E molti altri da scoprire nel nostro negozio online!<\/li>\n<\/ul>\n<p>Ecco quindi alcune fantastiche idee regalo per tutti gli appassionati di armi antiche.<\/p>\n<p>In conclusione, \u00e8 possibile utilizzare il metodo <strong>Pistola tedesca a pietra focaia<\/strong> per le vostre rievocazioni storiche. Ma soprattutto \u00e8 un oggetto da collezione e un pezzo decorativo.<\/p>\n<p>R\u00e9plique Manga Cin\u00e9 \u00e8 un'azienda familiare francese, distributore ufficiale <a href=\"https:\/\/www.denix.fr\/fr\/catalogue\/armes-historiques-s-xvi-xix\/pistolets\/1043-l\/\" target=\"_blank\" rel=\"noopener noreferrer\">Denix<\/a>.<\/p>\n<h2>Come vengono realizzate le repliche delle armi Denix?<\/h2>\n<p>Utilizzate in rievocazioni storiche, film, serie e dai collezionisti. Le riproduzioni Denix sono realizzate con materiali di alta qualit\u00e0. Sono accuratamente lavorate e assemblate per creare armi realistiche da collezione.<\/p>\n<ul>\n<li>I metalli sono in una lega metallica nota come Zamac, la cui composizione di base \u00e8 zinco in 95%.<\/li>\n<li>Le parti in plastica delle repliche sono realizzate in ABS stampato, che offre una grande resistenza.<\/li>\n<li>Il legno scelto per la sua bellezza e durata, come il mogano, l'ulivo o il noce, conferir\u00e0 ai mozziconi e alle botti un aspetto elegante e autentico.<\/li>\n<\/ul>\n<p>Si noti che tutte le riproduzioni Denix sono identiche agli originali, come il vostro <strong>Pistola tedesca a pietra focaia<\/strong>.<\/p>","protected":false},"excerpt":{"rendered":"<p>Pistola tedesca a pietra focaia 18\u1d49.<\/p>\n<ul>\n<li>Calcio e canna in legno massiccio.<\/li>\n<li>Cappello a testa di leone in metallo e ottone.<\/li>\n<li>Meccanismo e canna in zama con incisioni.<\/li>\n<li>Armi e scioperi.<\/li>\n<li>Non idoneo a sparare.<\/li>\n<li>Non \u00e8 richiesta alcuna autorizzazione. Vendita e possesso gratuiti.<\/li>\n<li>Lunghezza: 43 cm - Peso: 830 g<\/li>\n<\/ul>","protected":false},"featured_media":26232,"template":"","meta":[],"product_brand":[896],"product_cat":[25,102,52,37,83,28],"product_tag":[],"class_list":{"0":"post-26231","1":"product","2":"type-product","3":"status-publish","4":"has-post-thumbnail","6":"product_brand-replique-manga-cine","7":"product_cat-armes-historiques","8":"product_cat-denix","9":"product_cat-pistolet-ancien","10":"product_cat-premier-empire","11":"product_cat-replique-d-armes-1er-empire","12":"product_cat-repliques-darmes","14":"first","15":"instock","16":"sale","17":"taxable","18":"shipping-taxable","19":"purchasable","20":"product-type-simple"},"yoast_head":"<!-- This site is optimized with the Yoast SEO plugin v27.5 - https:\/\/yoast.com\/product\/yoast-seo-wordpress\/ -->\n<title>Pistolet Allemand \u00e0 Silex - Vente Armes anciennes Denix | RMC<\/title>\n<meta name=\"description\" content=\"Offrez-vous ! ce Pistolet Allemand \u00e0 Silex au meilleur prix - En m\u00e9tal - Calotte t\u00eate de lion en laiton - S&#039;arme et percute comme un vrai - Longueur : 43 cm\" \/>\n<meta name=\"robots\" content=\"index, follow, max-snippet:-1, max-image-preview:large, max-video-preview:-1\" \/>\n<link rel=\"canonical\" href=\"https:\/\/repliquemangacine.fr\/it\/denix\/pistola-tedesca-a-pietra-focaia-del-xviii-secolo\/\" \/>\n<meta property=\"og:locale\" content=\"it_IT\" \/>\n<meta property=\"og:type\" content=\"article\" \/>\n<meta property=\"og:title\" content=\"Pistolet Allemand \u00e0 Silex - Vente Armes anciennes Denix | RMC\" \/>\n<meta property=\"og:description\" content=\"Offrez-vous ! ce Pistolet Allemand \u00e0 Silex au meilleur prix - En m\u00e9tal - Calotte t\u00eate de lion en laiton - S&#039;arme et percute comme un vrai - Longueur : 43 cm\" \/>\n<meta property=\"og:url\" content=\"https:\/\/repliquemangacine.fr\/it\/denix\/pistola-tedesca-a-pietra-focaia-del-xviii-secolo\/\" \/>\n<meta property=\"og:site_name\" content=\"R\u00e9plique Manga Cin\u00e9\" \/>\n<meta property=\"article:publisher\" content=\"https:\/\/www.facebook.com\/RepliqueMangaCine\" \/>\n<meta property=\"article:modified_time\" content=\"2025-12-22T20:45:10+00:00\" \/>\n<meta property=\"og:image\" content=\"https:\/\/repliquemangacine.fr\/wp-content\/uploads\/2023\/10\/925-Replique-Pistolet-Allemand-a-Silex-18eme.jpg\" \/>\n\t<meta property=\"og:image:width\" content=\"800\" \/>\n\t<meta property=\"og:image:height\" content=\"800\" \/>\n\t<meta property=\"og:image:type\" content=\"image\/jpeg\" \/>\n<meta name=\"twitter:card\" content=\"summary_large_image\" \/>\n<meta name=\"twitter:label1\" content=\"Tempo di lettura stimato\" \/>\n\t<meta name=\"twitter:data1\" content=\"2 minuti\" \/>\n<script type=\"application\/ld+json\" class=\"yoast-schema-graph\">{\"@context\":\"https:\\\/\\\/schema.org\",\"@graph\":[{\"@type\":\"WebPage\",\"@id\":\"https:\\\/\\\/repliquemangacine.fr\\\/denix\\\/pistolet-allemand-a-silex-18eme\\\/\",\"url\":\"https:\\\/\\\/repliquemangacine.fr\\\/denix\\\/pistolet-allemand-a-silex-18eme\\\/\",\"name\":\"Pistolet Allemand \u00e0 Silex - Vente Armes anciennes Denix | RMC\",\"isPartOf\":{\"@id\":\"https:\\\/\\\/repliquemangacine.fr\\\/#website\"},\"primaryImageOfPage\":{\"@id\":\"https:\\\/\\\/repliquemangacine.fr\\\/denix\\\/pistolet-allemand-a-silex-18eme\\\/#primaryimage\"},\"image\":{\"@id\":\"https:\\\/\\\/repliquemangacine.fr\\\/denix\\\/pistolet-allemand-a-silex-18eme\\\/#primaryimage\"},\"thumbnailUrl\":\"https:\\\/\\\/repliquemangacine.fr\\\/wp-content\\\/uploads\\\/2023\\\/10\\\/925-Replique-Pistolet-Allemand-a-Silex-18eme.jpg\",\"datePublished\":\"2016-11-12T15:12:25+00:00\",\"dateModified\":\"2025-12-22T20:45:10+00:00\",\"description\":\"Offrez-vous ! ce Pistolet Allemand \u00e0 Silex au meilleur prix - En m\u00e9tal - Calotte t\u00eate de lion en laiton - S'arme et percute comme un vrai - Longueur : 43 cm\",\"breadcrumb\":{\"@id\":\"https:\\\/\\\/repliquemangacine.fr\\\/denix\\\/pistolet-allemand-a-silex-18eme\\\/#breadcrumb\"},\"inLanguage\":\"it-IT\",\"potentialAction\":[{\"@type\":\"ReadAction\",\"target\":[\"https:\\\/\\\/repliquemangacine.fr\\\/denix\\\/pistolet-allemand-a-silex-18eme\\\/\"]}]},{\"@type\":\"ImageObject\",\"inLanguage\":\"it-IT\",\"@id\":\"https:\\\/\\\/repliquemangacine.fr\\\/denix\\\/pistolet-allemand-a-silex-18eme\\\/#primaryimage\",\"url\":\"https:\\\/\\\/repliquemangacine.fr\\\/wp-content\\\/uploads\\\/2023\\\/10\\\/925-Replique-Pistolet-Allemand-a-Silex-18eme.jpg\",\"contentUrl\":\"https:\\\/\\\/repliquemangacine.fr\\\/wp-content\\\/uploads\\\/2023\\\/10\\\/925-Replique-Pistolet-Allemand-a-Silex-18eme.jpg\",\"width\":800,\"height\":800,\"caption\":\"R\u00e9plique Pistolet Allemand \u00e0 Silex 18\u00e8me\"},{\"@type\":\"BreadcrumbList\",\"@id\":\"https:\\\/\\\/repliquemangacine.fr\\\/denix\\\/pistolet-allemand-a-silex-18eme\\\/#breadcrumb\",\"itemListElement\":[{\"@type\":\"ListItem\",\"position\":1,\"name\":\"Accueil\",\"item\":\"https:\\\/\\\/repliquemangacine.fr\\\/\"},{\"@type\":\"ListItem\",\"position\":2,\"name\":\"Produits\",\"item\":\"https:\\\/\\\/repliquemangacine.fr\\\/boutique\\\/\"},{\"@type\":\"ListItem\",\"position\":3,\"name\":\"Pistolet Allemand \u00e0 Silex 18\u1d49\"}]},{\"@type\":\"WebSite\",\"@id\":\"https:\\\/\\\/repliquemangacine.fr\\\/#website\",\"url\":\"https:\\\/\\\/repliquemangacine.fr\\\/\",\"name\":\"R\u00e9plique Manga Cin\u00e9\",\"description\":\"\",\"publisher\":{\"@id\":\"https:\\\/\\\/repliquemangacine.fr\\\/#organization\"},\"potentialAction\":[{\"@type\":\"SearchAction\",\"target\":{\"@type\":\"EntryPoint\",\"urlTemplate\":\"https:\\\/\\\/repliquemangacine.fr\\\/?s={search_term_string}\"},\"query-input\":{\"@type\":\"PropertyValueSpecification\",\"valueRequired\":true,\"valueName\":\"search_term_string\"}}],\"inLanguage\":\"it-IT\"},{\"@type\":\"Organization\",\"@id\":\"https:\\\/\\\/repliquemangacine.fr\\\/#organization\",\"name\":\"R\u00e9plique Manga Cin\u00e9\",\"url\":\"https:\\\/\\\/repliquemangacine.fr\\\/\",\"logo\":{\"@type\":\"ImageObject\",\"inLanguage\":\"it-IT\",\"@id\":\"https:\\\/\\\/repliquemangacine.fr\\\/#\\\/schema\\\/logo\\\/image\\\/\",\"url\":\"https:\\\/\\\/repliquemangacine.fr\\\/wp-content\\\/uploads\\\/2023\\\/10\\\/RMC-500250.png\",\"contentUrl\":\"https:\\\/\\\/repliquemangacine.fr\\\/wp-content\\\/uploads\\\/2023\\\/10\\\/RMC-500250.png\",\"width\":500,\"height\":250,\"caption\":\"R\u00e9plique Manga Cin\u00e9\"},\"image\":{\"@id\":\"https:\\\/\\\/repliquemangacine.fr\\\/#\\\/schema\\\/logo\\\/image\\\/\"},\"sameAs\":[\"https:\\\/\\\/www.facebook.com\\\/RepliqueMangaCine\",\"https:\\\/\\\/www.instagram.com\\\/repliquemangacine.fr\\\/\"]}]}<\/script>\n<!-- \/ Yoast SEO plugin. -->","yoast_head_json":{"title":"Pistola tedesca a pietra focaia - Vendita armi antiche Denix | RMC","description":"Regalatevi questa pistola tedesca a pietra focaia al miglior prezzo - Realizzata in metallo - Cappello a testa di leone in ottone - Spara e colpisce come una pistola vera - Lunghezza: 43 cm","robots":{"index":"index","follow":"follow","max-snippet":"max-snippet:-1","max-image-preview":"max-image-preview:large","max-video-preview":"max-video-preview:-1"},"canonical":"https:\/\/repliquemangacine.fr\/it\/denix\/pistola-tedesca-a-pietra-focaia-del-xviii-secolo\/","og_locale":"it_IT","og_type":"article","og_title":"Pistolet Allemand \u00e0 Silex - Vente Armes anciennes Denix | RMC","og_description":"Offrez-vous ! ce Pistolet Allemand \u00e0 Silex au meilleur prix - En m\u00e9tal - Calotte t\u00eate de lion en laiton - S'arme et percute comme un vrai - Longueur : 43 cm","og_url":"https:\/\/repliquemangacine.fr\/it\/denix\/pistola-tedesca-a-pietra-focaia-del-xviii-secolo\/","og_site_name":"R\u00e9plique Manga Cin\u00e9","article_publisher":"https:\/\/www.facebook.com\/RepliqueMangaCine","article_modified_time":"2025-12-22T20:45:10+00:00","og_image":[{"width":800,"height":800,"url":"https:\/\/repliquemangacine.fr\/wp-content\/uploads\/2023\/10\/925-Replique-Pistolet-Allemand-a-Silex-18eme.jpg","type":"image\/jpeg"}],"twitter_card":"summary_large_image","twitter_misc":{"Tempo di lettura stimato":"2 minuti"},"schema":{"@context":"https:\/\/schema.org","@graph":[{"@type":"WebPage","@id":"https:\/\/repliquemangacine.fr\/denix\/pistolet-allemand-a-silex-18eme\/","url":"https:\/\/repliquemangacine.fr\/denix\/pistolet-allemand-a-silex-18eme\/","name":"Pistola tedesca a pietra focaia - Vendita armi antiche Denix | RMC","isPartOf":{"@id":"https:\/\/repliquemangacine.fr\/#website"},"primaryImageOfPage":{"@id":"https:\/\/repliquemangacine.fr\/denix\/pistolet-allemand-a-silex-18eme\/#primaryimage"},"image":{"@id":"https:\/\/repliquemangacine.fr\/denix\/pistolet-allemand-a-silex-18eme\/#primaryimage"},"thumbnailUrl":"https:\/\/repliquemangacine.fr\/wp-content\/uploads\/2023\/10\/925-Replique-Pistolet-Allemand-a-Silex-18eme.jpg","datePublished":"2016-11-12T15:12:25+00:00","dateModified":"2025-12-22T20:45:10+00:00","description":"Regalatevi questa pistola tedesca a pietra focaia al miglior prezzo - Realizzata in metallo - Cappello a testa di leone in ottone - Spara e colpisce come una pistola vera - Lunghezza: 43 cm","breadcrumb":{"@id":"https:\/\/repliquemangacine.fr\/denix\/pistolet-allemand-a-silex-18eme\/#breadcrumb"},"inLanguage":"it-IT","potentialAction":[{"@type":"ReadAction","target":["https:\/\/repliquemangacine.fr\/denix\/pistolet-allemand-a-silex-18eme\/"]}]},{"@type":"ImageObject","inLanguage":"it-IT","@id":"https:\/\/repliquemangacine.fr\/denix\/pistolet-allemand-a-silex-18eme\/#primaryimage","url":"https:\/\/repliquemangacine.fr\/wp-content\/uploads\/2023\/10\/925-Replique-Pistolet-Allemand-a-Silex-18eme.jpg","contentUrl":"https:\/\/repliquemangacine.fr\/wp-content\/uploads\/2023\/10\/925-Replique-Pistolet-Allemand-a-Silex-18eme.jpg","width":800,"height":800,"caption":"R\u00e9plique Pistolet Allemand \u00e0 Silex 18\u00e8me"},{"@type":"BreadcrumbList","@id":"https:\/\/repliquemangacine.fr\/denix\/pistolet-allemand-a-silex-18eme\/#breadcrumb","itemListElement":[{"@type":"ListItem","position":1,"name":"Accueil","item":"https:\/\/repliquemangacine.fr\/"},{"@type":"ListItem","position":2,"name":"Produits","item":"https:\/\/repliquemangacine.fr\/boutique\/"},{"@type":"ListItem","position":3,"name":"Pistolet Allemand \u00e0 Silex 18\u1d49"}]},{"@type":"WebSite","@id":"https:\/\/repliquemangacine.fr\/#website","url":"https:\/\/repliquemangacine.fr\/","name":"R\u00e9plique Manga Cin\u00e9","description":"","publisher":{"@id":"https:\/\/repliquemangacine.fr\/#organization"},"potentialAction":[{"@type":"SearchAction","target":{"@type":"EntryPoint","urlTemplate":"https:\/\/repliquemangacine.fr\/?s={search_term_string}"},"query-input":{"@type":"PropertyValueSpecification","valueRequired":true,"valueName":"search_term_string"}}],"inLanguage":"it-IT"},{"@type":"Organization","@id":"https:\/\/repliquemangacine.fr\/#organization","name":"R\u00e9plique Manga Cin\u00e9","url":"https:\/\/repliquemangacine.fr\/","logo":{"@type":"ImageObject","inLanguage":"it-IT","@id":"https:\/\/repliquemangacine.fr\/#\/schema\/logo\/image\/","url":"https:\/\/repliquemangacine.fr\/wp-content\/uploads\/2023\/10\/RMC-500250.png","contentUrl":"https:\/\/repliquemangacine.fr\/wp-content\/uploads\/2023\/10\/RMC-500250.png","width":500,"height":250,"caption":"R\u00e9plique Manga Cin\u00e9"},"image":{"@id":"https:\/\/repliquemangacine.fr\/#\/schema\/logo\/image\/"},"sameAs":["https:\/\/www.facebook.com\/RepliqueMangaCine","https:\/\/www.instagram.com\/repliquemangacine.fr\/"]}]}},"_links":{"self":[{"href":"https:\/\/repliquemangacine.fr\/it\/wp-json\/wp\/v2\/product\/26231","targetHints":{"allow":["GET"]}}],"collection":[{"href":"https:\/\/repliquemangacine.fr\/it\/wp-json\/wp\/v2\/product"}],"about":[{"href":"https:\/\/repliquemangacine.fr\/it\/wp-json\/wp\/v2\/types\/product"}],"wp:featuredmedia":[{"embeddable":true,"href":"https:\/\/repliquemangacine.fr\/it\/wp-json\/wp\/v2\/media\/26232"}],"wp:attachment":[{"href":"https:\/\/repliquemangacine.fr\/it\/wp-json\/wp\/v2\/media?parent=26231"}],"wp:term":[{"taxonomy":"product_brand","embeddable":true,"href":"https:\/\/repliquemangacine.fr\/it\/wp-json\/wp\/v2\/product_brand?post=26231"},{"taxonomy":"product_cat","embeddable":true,"href":"https:\/\/repliquemangacine.fr\/it\/wp-json\/wp\/v2\/product_cat?post=26231"},{"taxonomy":"product_tag","embeddable":true,"href":"https:\/\/repliquemangacine.fr\/it\/wp-json\/wp\/v2\/product_tag?post=26231"}],"curies":[{"name":"wp","href":"https:\/\/api.w.org\/{rel}","templated":true}]}}