





{"id":26223,"date":"2016-11-12T15:58:04","date_gmt":"2016-11-12T14:58:04","guid":{"rendered":"https:\/\/repliquemangacine.fr\/?post_type=product&#038;p=26223"},"modified":"2026-04-15T13:04:50","modified_gmt":"2026-04-15T11:04:50","slug":"pistola-a-percussione-francese-1832","status":"publish","type":"product","link":"https:\/\/repliquemangacine.fr\/it\/pistolet-ancien\/pistolet-a-percussion-francais-1832\/","title":{"rendered":"Pistola a percussione francese 1832"},"content":{"rendered":"<h2>Pistola a percussione francese del 1832.<\/h2>\n<p>Per cominciare, il <strong>Pistola a percussione francese <\/strong>1832, \u00e8 una riproduzione di Denix.<\/p>\n<p>Il platino o pistone, creato in seguito all'invenzione in Europa dell'innesco al fulminato di mercurio da parte di Jean Lepage. E l'incapsulamento di questo innesco da parte di Fran\u00e7ois Pr\u00e9lat.<\/p>\n<p>Questo nuovo principio sembr\u00f2 diffondersi intorno al 1820, sotto l'impulso di Joseph-Marin G\u00e9velot, che industrializz\u00f2 il processo e soppiant\u00f2 definitivamente la selce intorno al 1840 in Europa. I notevoli vantaggi del sistema a percussione furono rapidamente sfruttati per sviluppare armi a pi\u00f9 colpi.<\/p>\n<p>Questo sistema era molto pi\u00f9 affidabile e meno dipendente dalle condizioni atmosferiche rispetto alle piattaforme girevoli precedenti, che furono modificate per accogliere questo nuovo sistema, che dur\u00f2 fino al 1865 circa.<\/p>\n<h2>La vostra pistola a percussione francese al miglior prezzo.<\/h2>\n<p>Vi proponiamo un'ampia scelta di repliche di armi antiche Denix.<\/p>\n<p>Innanzitutto,<\/p>\n<ul>\n<li>Questa riproduzione del <a href=\"https:\/\/repliquemangacine.fr\/it\/pistola-antica\/pistola-italiana-a-3-canne-lorenzoni-1680\/\">Pistola a pietra focaia a 3 canne<\/a>da Lorenzoni nel 1680<\/li>\n<li>cos\u00ec come il <a href=\"https:\/\/repliquemangacine.fr\/it\/armi-replica-1-impero\/pistolet-cavalerie-francaise-1er-empire\/\">Pistola da cavalleria francese<\/a>Periodo napoleonico.<\/li>\n<li>C'\u00e8 anche il <a href=\"https:\/\/repliquemangacine.fr\/it\/pistola-antica\/pistola-da-duello-boutet-1810-denix\/\">Pistola da duello Boutet<\/a><\/li>\n<li>E molti altri da scoprire nel nostro negozio online!<\/li>\n<\/ul>\n<p>Ecco quindi alcune fantastiche idee regalo per tutti gli appassionati di armi antiche.<\/p>\n<p>In conclusione, \u00e8 possibile utilizzare il metodo <strong>Pistola a percussione francese<\/strong> per le vostre ricostruzioni storiche.<\/p>\n<p>Ma prima di tutto \u00e8 un oggetto da collezione e da arredamento.<\/p>\n<p>R\u00e9plique Manga Cin\u00e9 \u00e8 un'azienda familiare francese, distributore ufficiale <a href=\"https:\/\/www.denix.fr\/fr\/catalogue\/armes-historiques-s-xvi-xix\/pistolets\/1014-g\/\" target=\"_blank\" rel=\"noopener noreferrer\">Denix<\/a>.<\/p>\n<h2>Come vengono realizzate le repliche delle armi Denix?<\/h2>\n<p>Utilizzate in rievocazioni storiche, film, serie e dai collezionisti. Le riproduzioni Denix sono realizzate con materiali di alta qualit\u00e0. Sono accuratamente lavorate e assemblate per creare armi realistiche da collezione.<\/p>\n<ul>\n<li>I metalli sono in una lega metallica nota come Zamac, la cui composizione di base \u00e8 zinco in 95%.<\/li>\n<li>Le parti in plastica delle repliche sono realizzate in ABS stampato, che offre una grande resistenza.<\/li>\n<li>Il legno scelto per la sua bellezza e durata, come il mogano, l'ulivo o il noce, conferir\u00e0 ai mozziconi e alle botti un aspetto elegante e autentico.<\/li>\n<\/ul>\n<p>Si noti che tutte le riproduzioni Denix sono identiche agli originali, come il vostro <strong>Pistola a percussione francese<\/strong>.<\/p>","protected":false},"excerpt":{"rendered":"<p>Pistola a percussione francese 19\u1d49.<\/p>\n<ul>\n<li>Calcio e canna in legno massiccio con piastra decorativa.<\/li>\n<li>Meccanismo e canna in zama con incisioni.<\/li>\n<li>Armi e scioperi.<\/li>\n<li>Non idoneo a sparare.<\/li>\n<li>Non \u00e8 richiesta alcuna autorizzazione. Vendita e possesso gratuiti.<\/li>\n<li>Lunghezza: 37 cm - Peso: 515 g<\/li>\n<\/ul>","protected":false},"featured_media":26224,"template":"","meta":[],"product_brand":[896],"product_cat":[102,52,28],"product_tag":[],"class_list":{"0":"post-26223","1":"product","2":"type-product","3":"status-publish","4":"has-post-thumbnail","6":"product_brand-replique-manga-cine","7":"product_cat-denix","8":"product_cat-pistolet-ancien","9":"product_cat-repliques-darmes","11":"first","12":"instock","13":"sale","14":"taxable","15":"shipping-taxable","16":"purchasable","17":"product-type-simple"},"yoast_head":"<!-- This site is optimized with the Yoast SEO plugin v27.4 - https:\/\/yoast.com\/product\/yoast-seo-wordpress\/ -->\n<title>Pistolet \u00e0 percussion fran\u00e7ais - Vente d&#039;armes anciennes | RMC<\/title>\n<meta name=\"description\" content=\"Offre-lui ! Ce Pistolet \u00e0 percussion fran\u00e7ais 1832 au meilleur prix - Crosse et f\u00fbt en bois massif - M\u00e9canisme et canon en Zamac grav\u00e9s - Longueur : 37 cm\" \/>\n<meta name=\"robots\" content=\"index, follow, max-snippet:-1, max-image-preview:large, max-video-preview:-1\" \/>\n<link rel=\"canonical\" href=\"https:\/\/repliquemangacine.fr\/it\/pistola-antica\/pistola-a-percussione-francese-1832\/\" \/>\n<meta property=\"og:locale\" content=\"it_IT\" \/>\n<meta property=\"og:type\" content=\"article\" \/>\n<meta property=\"og:title\" content=\"Pistolet \u00e0 percussion fran\u00e7ais - Vente d&#039;armes anciennes | RMC\" \/>\n<meta property=\"og:description\" content=\"Offre-lui ! Ce Pistolet \u00e0 percussion fran\u00e7ais 1832 au meilleur prix - Crosse et f\u00fbt en bois massif - M\u00e9canisme et canon en Zamac grav\u00e9s - Longueur : 37 cm\" \/>\n<meta property=\"og:url\" content=\"https:\/\/repliquemangacine.fr\/it\/pistola-antica\/pistola-a-percussione-francese-1832\/\" \/>\n<meta property=\"og:site_name\" content=\"R\u00e9plique Manga Cin\u00e9\" \/>\n<meta property=\"article:publisher\" content=\"https:\/\/www.facebook.com\/RepliqueMangaCine\" \/>\n<meta property=\"article:modified_time\" content=\"2026-04-15T11:04:50+00:00\" \/>\n<meta property=\"og:image\" content=\"https:\/\/repliquemangacine.fr\/wp-content\/uploads\/2023\/10\/918-Replique-Pistolet-Francais-a-percussion-19eme-siecle.jpg\" \/>\n\t<meta property=\"og:image:width\" content=\"800\" \/>\n\t<meta property=\"og:image:height\" content=\"800\" \/>\n\t<meta property=\"og:image:type\" content=\"image\/jpeg\" \/>\n<meta name=\"twitter:card\" content=\"summary_large_image\" \/>\n<meta name=\"twitter:label1\" content=\"Tempo di lettura stimato\" \/>\n\t<meta name=\"twitter:data1\" content=\"2 minuti\" \/>\n<script type=\"application\/ld+json\" class=\"yoast-schema-graph\">{\"@context\":\"https:\\\/\\\/schema.org\",\"@graph\":[{\"@type\":\"WebPage\",\"@id\":\"https:\\\/\\\/repliquemangacine.fr\\\/pistolet-ancien\\\/pistolet-a-percussion-francais-1832\\\/\",\"url\":\"https:\\\/\\\/repliquemangacine.fr\\\/pistolet-ancien\\\/pistolet-a-percussion-francais-1832\\\/\",\"name\":\"Pistolet \u00e0 percussion fran\u00e7ais - Vente d'armes anciennes | RMC\",\"isPartOf\":{\"@id\":\"https:\\\/\\\/repliquemangacine.fr\\\/#website\"},\"primaryImageOfPage\":{\"@id\":\"https:\\\/\\\/repliquemangacine.fr\\\/pistolet-ancien\\\/pistolet-a-percussion-francais-1832\\\/#primaryimage\"},\"image\":{\"@id\":\"https:\\\/\\\/repliquemangacine.fr\\\/pistolet-ancien\\\/pistolet-a-percussion-francais-1832\\\/#primaryimage\"},\"thumbnailUrl\":\"https:\\\/\\\/repliquemangacine.fr\\\/wp-content\\\/uploads\\\/2023\\\/10\\\/918-Replique-Pistolet-Francais-a-percussion-19eme-siecle.jpg\",\"datePublished\":\"2016-11-12T14:58:04+00:00\",\"dateModified\":\"2026-04-15T11:04:50+00:00\",\"description\":\"Offre-lui ! Ce Pistolet \u00e0 percussion fran\u00e7ais 1832 au meilleur prix - Crosse et f\u00fbt en bois massif - M\u00e9canisme et canon en Zamac grav\u00e9s - Longueur : 37 cm\",\"breadcrumb\":{\"@id\":\"https:\\\/\\\/repliquemangacine.fr\\\/pistolet-ancien\\\/pistolet-a-percussion-francais-1832\\\/#breadcrumb\"},\"inLanguage\":\"it-IT\",\"potentialAction\":[{\"@type\":\"ReadAction\",\"target\":[\"https:\\\/\\\/repliquemangacine.fr\\\/pistolet-ancien\\\/pistolet-a-percussion-francais-1832\\\/\"]}]},{\"@type\":\"ImageObject\",\"inLanguage\":\"it-IT\",\"@id\":\"https:\\\/\\\/repliquemangacine.fr\\\/pistolet-ancien\\\/pistolet-a-percussion-francais-1832\\\/#primaryimage\",\"url\":\"https:\\\/\\\/repliquemangacine.fr\\\/wp-content\\\/uploads\\\/2023\\\/10\\\/918-Replique-Pistolet-Francais-a-percussion-19eme-siecle.jpg\",\"contentUrl\":\"https:\\\/\\\/repliquemangacine.fr\\\/wp-content\\\/uploads\\\/2023\\\/10\\\/918-Replique-Pistolet-Francais-a-percussion-19eme-siecle.jpg\",\"width\":800,\"height\":800,\"caption\":\"R\u00e9plique Pistolet Fran\u00e7ais \u00e0 percussion 19\u00e8me si\u00e8cle\"},{\"@type\":\"BreadcrumbList\",\"@id\":\"https:\\\/\\\/repliquemangacine.fr\\\/pistolet-ancien\\\/pistolet-a-percussion-francais-1832\\\/#breadcrumb\",\"itemListElement\":[{\"@type\":\"ListItem\",\"position\":1,\"name\":\"Accueil\",\"item\":\"https:\\\/\\\/repliquemangacine.fr\\\/\"},{\"@type\":\"ListItem\",\"position\":2,\"name\":\"Produits\",\"item\":\"https:\\\/\\\/repliquemangacine.fr\\\/boutique\\\/\"},{\"@type\":\"ListItem\",\"position\":3,\"name\":\"Pistolet Fran\u00e7ais \u00e0 percussion 1832\"}]},{\"@type\":\"WebSite\",\"@id\":\"https:\\\/\\\/repliquemangacine.fr\\\/#website\",\"url\":\"https:\\\/\\\/repliquemangacine.fr\\\/\",\"name\":\"R\u00e9plique Manga Cin\u00e9\",\"description\":\"\",\"publisher\":{\"@id\":\"https:\\\/\\\/repliquemangacine.fr\\\/#organization\"},\"potentialAction\":[{\"@type\":\"SearchAction\",\"target\":{\"@type\":\"EntryPoint\",\"urlTemplate\":\"https:\\\/\\\/repliquemangacine.fr\\\/?s={search_term_string}\"},\"query-input\":{\"@type\":\"PropertyValueSpecification\",\"valueRequired\":true,\"valueName\":\"search_term_string\"}}],\"inLanguage\":\"it-IT\"},{\"@type\":\"Organization\",\"@id\":\"https:\\\/\\\/repliquemangacine.fr\\\/#organization\",\"name\":\"R\u00e9plique Manga Cin\u00e9\",\"url\":\"https:\\\/\\\/repliquemangacine.fr\\\/\",\"logo\":{\"@type\":\"ImageObject\",\"inLanguage\":\"it-IT\",\"@id\":\"https:\\\/\\\/repliquemangacine.fr\\\/#\\\/schema\\\/logo\\\/image\\\/\",\"url\":\"https:\\\/\\\/repliquemangacine.fr\\\/wp-content\\\/uploads\\\/2023\\\/10\\\/RMC-500250.png\",\"contentUrl\":\"https:\\\/\\\/repliquemangacine.fr\\\/wp-content\\\/uploads\\\/2023\\\/10\\\/RMC-500250.png\",\"width\":500,\"height\":250,\"caption\":\"R\u00e9plique Manga Cin\u00e9\"},\"image\":{\"@id\":\"https:\\\/\\\/repliquemangacine.fr\\\/#\\\/schema\\\/logo\\\/image\\\/\"},\"sameAs\":[\"https:\\\/\\\/www.facebook.com\\\/RepliqueMangaCine\",\"https:\\\/\\\/www.instagram.com\\\/repliquemangacine.fr\\\/\"]}]}<\/script>\n<!-- \/ Yoast SEO plugin. -->","yoast_head_json":{"title":"Pistola a percussione francese - Vendita armi antiche | RMC","description":"Regalatela! Questa pistola a percussione francese del 1832 al miglior prezzo - Calcio e canna in legno massiccio - Meccanismo e canna in Zamac inciso - Lunghezza: 37 cm","robots":{"index":"index","follow":"follow","max-snippet":"max-snippet:-1","max-image-preview":"max-image-preview:large","max-video-preview":"max-video-preview:-1"},"canonical":"https:\/\/repliquemangacine.fr\/it\/pistola-antica\/pistola-a-percussione-francese-1832\/","og_locale":"it_IT","og_type":"article","og_title":"Pistolet \u00e0 percussion fran\u00e7ais - Vente d'armes anciennes | RMC","og_description":"Offre-lui ! Ce Pistolet \u00e0 percussion fran\u00e7ais 1832 au meilleur prix - Crosse et f\u00fbt en bois massif - M\u00e9canisme et canon en Zamac grav\u00e9s - Longueur : 37 cm","og_url":"https:\/\/repliquemangacine.fr\/it\/pistola-antica\/pistola-a-percussione-francese-1832\/","og_site_name":"R\u00e9plique Manga Cin\u00e9","article_publisher":"https:\/\/www.facebook.com\/RepliqueMangaCine","article_modified_time":"2026-04-15T11:04:50+00:00","og_image":[{"width":800,"height":800,"url":"https:\/\/repliquemangacine.fr\/wp-content\/uploads\/2023\/10\/918-Replique-Pistolet-Francais-a-percussion-19eme-siecle.jpg","type":"image\/jpeg"}],"twitter_card":"summary_large_image","twitter_misc":{"Tempo di lettura stimato":"2 minuti"},"schema":{"@context":"https:\/\/schema.org","@graph":[{"@type":"WebPage","@id":"https:\/\/repliquemangacine.fr\/pistolet-ancien\/pistolet-a-percussion-francais-1832\/","url":"https:\/\/repliquemangacine.fr\/pistolet-ancien\/pistolet-a-percussion-francais-1832\/","name":"Pistola a percussione francese - Vendita armi antiche | RMC","isPartOf":{"@id":"https:\/\/repliquemangacine.fr\/#website"},"primaryImageOfPage":{"@id":"https:\/\/repliquemangacine.fr\/pistolet-ancien\/pistolet-a-percussion-francais-1832\/#primaryimage"},"image":{"@id":"https:\/\/repliquemangacine.fr\/pistolet-ancien\/pistolet-a-percussion-francais-1832\/#primaryimage"},"thumbnailUrl":"https:\/\/repliquemangacine.fr\/wp-content\/uploads\/2023\/10\/918-Replique-Pistolet-Francais-a-percussion-19eme-siecle.jpg","datePublished":"2016-11-12T14:58:04+00:00","dateModified":"2026-04-15T11:04:50+00:00","description":"Regalatela! Questa pistola a percussione francese del 1832 al miglior prezzo - Calcio e canna in legno massiccio - Meccanismo e canna in Zamac inciso - Lunghezza: 37 cm","breadcrumb":{"@id":"https:\/\/repliquemangacine.fr\/pistolet-ancien\/pistolet-a-percussion-francais-1832\/#breadcrumb"},"inLanguage":"it-IT","potentialAction":[{"@type":"ReadAction","target":["https:\/\/repliquemangacine.fr\/pistolet-ancien\/pistolet-a-percussion-francais-1832\/"]}]},{"@type":"ImageObject","inLanguage":"it-IT","@id":"https:\/\/repliquemangacine.fr\/pistolet-ancien\/pistolet-a-percussion-francais-1832\/#primaryimage","url":"https:\/\/repliquemangacine.fr\/wp-content\/uploads\/2023\/10\/918-Replique-Pistolet-Francais-a-percussion-19eme-siecle.jpg","contentUrl":"https:\/\/repliquemangacine.fr\/wp-content\/uploads\/2023\/10\/918-Replique-Pistolet-Francais-a-percussion-19eme-siecle.jpg","width":800,"height":800,"caption":"R\u00e9plique Pistolet Fran\u00e7ais \u00e0 percussion 19\u00e8me si\u00e8cle"},{"@type":"BreadcrumbList","@id":"https:\/\/repliquemangacine.fr\/pistolet-ancien\/pistolet-a-percussion-francais-1832\/#breadcrumb","itemListElement":[{"@type":"ListItem","position":1,"name":"Accueil","item":"https:\/\/repliquemangacine.fr\/"},{"@type":"ListItem","position":2,"name":"Produits","item":"https:\/\/repliquemangacine.fr\/boutique\/"},{"@type":"ListItem","position":3,"name":"Pistolet Fran\u00e7ais \u00e0 percussion 1832"}]},{"@type":"WebSite","@id":"https:\/\/repliquemangacine.fr\/#website","url":"https:\/\/repliquemangacine.fr\/","name":"R\u00e9plique Manga Cin\u00e9","description":"","publisher":{"@id":"https:\/\/repliquemangacine.fr\/#organization"},"potentialAction":[{"@type":"SearchAction","target":{"@type":"EntryPoint","urlTemplate":"https:\/\/repliquemangacine.fr\/?s={search_term_string}"},"query-input":{"@type":"PropertyValueSpecification","valueRequired":true,"valueName":"search_term_string"}}],"inLanguage":"it-IT"},{"@type":"Organization","@id":"https:\/\/repliquemangacine.fr\/#organization","name":"R\u00e9plique Manga Cin\u00e9","url":"https:\/\/repliquemangacine.fr\/","logo":{"@type":"ImageObject","inLanguage":"it-IT","@id":"https:\/\/repliquemangacine.fr\/#\/schema\/logo\/image\/","url":"https:\/\/repliquemangacine.fr\/wp-content\/uploads\/2023\/10\/RMC-500250.png","contentUrl":"https:\/\/repliquemangacine.fr\/wp-content\/uploads\/2023\/10\/RMC-500250.png","width":500,"height":250,"caption":"R\u00e9plique Manga Cin\u00e9"},"image":{"@id":"https:\/\/repliquemangacine.fr\/#\/schema\/logo\/image\/"},"sameAs":["https:\/\/www.facebook.com\/RepliqueMangaCine","https:\/\/www.instagram.com\/repliquemangacine.fr\/"]}]}},"_links":{"self":[{"href":"https:\/\/repliquemangacine.fr\/it\/wp-json\/wp\/v2\/product\/26223","targetHints":{"allow":["GET"]}}],"collection":[{"href":"https:\/\/repliquemangacine.fr\/it\/wp-json\/wp\/v2\/product"}],"about":[{"href":"https:\/\/repliquemangacine.fr\/it\/wp-json\/wp\/v2\/types\/product"}],"wp:featuredmedia":[{"embeddable":true,"href":"https:\/\/repliquemangacine.fr\/it\/wp-json\/wp\/v2\/media\/26224"}],"wp:attachment":[{"href":"https:\/\/repliquemangacine.fr\/it\/wp-json\/wp\/v2\/media?parent=26223"}],"wp:term":[{"taxonomy":"product_brand","embeddable":true,"href":"https:\/\/repliquemangacine.fr\/it\/wp-json\/wp\/v2\/product_brand?post=26223"},{"taxonomy":"product_cat","embeddable":true,"href":"https:\/\/repliquemangacine.fr\/it\/wp-json\/wp\/v2\/product_cat?post=26223"},{"taxonomy":"product_tag","embeddable":true,"href":"https:\/\/repliquemangacine.fr\/it\/wp-json\/wp\/v2\/product_tag?post=26223"}],"curies":[{"name":"wp","href":"https:\/\/api.w.org\/{rel}","templated":true}]}}