





{"id":26216,"date":"2016-11-12T13:12:59","date_gmt":"2016-11-12T12:12:59","guid":{"rendered":"https:\/\/repliquemangacine.fr\/?post_type=product&#038;p=26216"},"modified":"2026-03-20T12:39:52","modified_gmt":"2026-03-20T11:39:52","slug":"pistola-da-duello-inglese-a-pietra-focaia-in-ottone-del-xviii-secolo","status":"publish","type":"product","link":"https:\/\/repliquemangacine.fr\/it\/replique-d-armes-1er-empire\/pistolet-duel-anglais-laiton-flintlock-18eme\/","title":{"rendered":"Pistola da duello inglese in ottone"},"content":{"rendered":"<h2>Pistola da duello inglese in ottone 18\u1d49 - Denix.<\/h2>\n<p>Per cominciare, il <strong>Pistola da duello inglese in ottone<\/strong> Il XVIII secolo, apice dello sviluppo meccanico del fucile a pietra focaia, fu probabilmente caratterizzato dalla pistola da duello britannica.<\/p>\n<p>Le pistole a scintilla avevano una pietra focaia o un selce che, azionata dal martello, produceva la scintilla che accendeva la polvere da sparo.<\/p>\n<p>Generalmente utilizzate per un solo colpo, poich\u00e9 il metodo di ricarica era molto lento e solitamente non c'era tempo per ricaricare. Di conseguenza, dopo aver sparato, i combattenti erano costretti a estrarre le loro sciabole o spade.<\/p>\n<p>La pistola a pietra focaia rimarr\u00e0 la pi\u00f9 utilizzata in tutta Europa e oltre per oltre 200 anni. Infatti, \u00e8 molto ricercata per le rievocazioni storiche di quel periodo e per tutte le battaglie del XVIII secolo.<\/p>\n<h2>Il vostro Pistolet Duel Anglais Laiton al miglior prezzo.<\/h2>\n<p>Vi proponiamo un'ampia scelta di repliche di armi antiche Denix.<\/p>\n<p>Innanzitutto,<\/p>\n<ul>\n<li>La pistola <a href=\"https:\/\/repliquemangacine.fr\/it\/armi-replica-1-impero\/pistola-derringer-philadelphia-denix\/\">Derringer Philadelphia<\/a> USA 1866, piccola pietra focaia da tasca.<\/li>\n<li>Le <a href=\"https:\/\/repliquemangacine.fr\/it\/pistola-antica\/pistola-napoleone-gribeauval-1806\/\">Pistola a pietra focaia Napoleone<\/a> Gribeauval a pietra focaia modello 1806.<\/li>\n<li>E molti altri da scoprire nel nostro negozio online!<\/li>\n<\/ul>\n<p>Ecco quindi alcune fantastiche idee regalo per tutti gli appassionati di armi antiche.<\/p>\n<p>In conclusione, \u00e8 possibile utilizzare il metodo <strong>Pistola da duello inglese in ottone<\/strong> Il XVIII secolo per le vostre rievocazioni storiche.<\/p>\n<p>Prima di tutto, \u00e8 un oggetto da collezione e da arredamento.<\/p>\n<p>R\u00e9plique Manga Cin\u00e9 \u00e8 un'azienda familiare francese, distributore ufficiale <a href=\"https:\/\/www.denix.fr\/fr\/catalogue\/armes-historiques-s-xvi-xix\/pistolets\/1196-l\/\" target=\"_blank\" rel=\"noopener noreferrer\">Denix<\/a>.<\/p>\n<h2>Come vengono realizzate le repliche delle armi Denix?<\/h2>\n<p>Utilizzate in rievocazioni storiche, film, serie e dai collezionisti. Le riproduzioni Denix sono realizzate con materiali di alta qualit\u00e0. Sono accuratamente lavorate e assemblate per creare armi realistiche da collezione.<\/p>\n<ul>\n<li>I metalli sono in una lega metallica nota come Zamac, la cui composizione di base \u00e8 zinco in 95%.<\/li>\n<li>Le parti in plastica delle repliche sono realizzate in ABS stampato, che offre una grande resistenza.<\/li>\n<li>Il legno scelto per la sua bellezza e durata, come il mogano, l'ulivo o il noce, conferir\u00e0 ai mozziconi e alle botti un aspetto elegante e autentico.<\/li>\n<\/ul>\n<p>Si noti che tutte le riproduzioni Denix sono identiche agli originali, come il vostro <strong>Pistola da duello inglese in ottone<\/strong>.<\/p>","protected":false},"excerpt":{"rendered":"<p>Riproduzione della pistola da duello a pietra focaia inglese del 18\u1d49.<\/p>\n<ul>\n<li>Calcio e canna in legno massiccio.<\/li>\n<li>Meccanismo e canna in zama con incisioni.<\/li>\n<li>Armi e scioperi.<\/li>\n<li>Non idoneo a sparare.<\/li>\n<li>Non \u00e8 richiesta alcuna autorizzazione. Vendita e possesso gratuiti.<\/li>\n<li>Lunghezza: 37 cm - Peso: 570 g<\/li>\n<\/ul>","protected":false},"featured_media":26217,"template":"","meta":[],"product_brand":[896],"product_cat":[25,102,52,37,83,28],"product_tag":[],"class_list":{"0":"post-26216","1":"product","2":"type-product","3":"status-publish","4":"has-post-thumbnail","6":"product_brand-replique-manga-cine","7":"product_cat-armes-historiques","8":"product_cat-denix","9":"product_cat-pistolet-ancien","10":"product_cat-premier-empire","11":"product_cat-replique-d-armes-1er-empire","12":"product_cat-repliques-darmes","14":"first","15":"instock","16":"sale","17":"taxable","18":"shipping-taxable","19":"purchasable","20":"product-type-simple"},"yoast_head":"<!-- This site is optimized with the Yoast SEO plugin v27.4 - https:\/\/yoast.com\/product\/yoast-seo-wordpress\/ -->\n<title>Pistolet Duel Anglais Laiton - Vente armes anciennes Denix | RMC<\/title>\n<meta name=\"description\" content=\"D\u00e9couvrez le Pistolet Duel Anglais Laiton au meilleur prix - En bois massif et zamac avec gravures - M\u00e9canisme fonctionnel - Simulation de tir -37 cm\" \/>\n<meta name=\"robots\" content=\"index, follow, max-snippet:-1, max-image-preview:large, max-video-preview:-1\" \/>\n<link rel=\"canonical\" href=\"https:\/\/repliquemangacine.fr\/it\/armi-replica-1-impero\/pistola-da-duello-inglese-a-pietra-focaia-in-ottone-del-xviii-secolo\/\" \/>\n<meta property=\"og:locale\" content=\"it_IT\" \/>\n<meta property=\"og:type\" content=\"article\" \/>\n<meta property=\"og:title\" content=\"Pistolet Duel Anglais Laiton - Vente armes anciennes Denix | RMC\" \/>\n<meta property=\"og:description\" content=\"D\u00e9couvrez le Pistolet Duel Anglais Laiton au meilleur prix - En bois massif et zamac avec gravures - M\u00e9canisme fonctionnel - Simulation de tir -37 cm\" \/>\n<meta property=\"og:url\" content=\"https:\/\/repliquemangacine.fr\/it\/armi-replica-1-impero\/pistola-da-duello-inglese-a-pietra-focaia-in-ottone-del-xviii-secolo\/\" \/>\n<meta property=\"og:site_name\" content=\"R\u00e9plique Manga Cin\u00e9\" \/>\n<meta property=\"article:publisher\" content=\"https:\/\/www.facebook.com\/RepliqueMangaCine\" \/>\n<meta property=\"article:modified_time\" content=\"2026-03-20T11:39:52+00:00\" \/>\n<meta property=\"og:image\" content=\"https:\/\/repliquemangacine.fr\/wp-content\/uploads\/2023\/10\/912-Replique-Pistolet-duel-Anglais-Flintlock-18eme.jpg\" \/>\n\t<meta property=\"og:image:width\" content=\"800\" \/>\n\t<meta property=\"og:image:height\" content=\"800\" \/>\n\t<meta property=\"og:image:type\" content=\"image\/jpeg\" \/>\n<meta name=\"twitter:card\" content=\"summary_large_image\" \/>\n<meta name=\"twitter:label1\" content=\"Tempo di lettura stimato\" \/>\n\t<meta name=\"twitter:data1\" content=\"2 minuti\" \/>\n<script type=\"application\/ld+json\" class=\"yoast-schema-graph\">{\"@context\":\"https:\\\/\\\/schema.org\",\"@graph\":[{\"@type\":\"WebPage\",\"@id\":\"https:\\\/\\\/repliquemangacine.fr\\\/replique-d-armes-1er-empire\\\/pistolet-duel-anglais-laiton-flintlock-18eme\\\/\",\"url\":\"https:\\\/\\\/repliquemangacine.fr\\\/replique-d-armes-1er-empire\\\/pistolet-duel-anglais-laiton-flintlock-18eme\\\/\",\"name\":\"Pistolet Duel Anglais Laiton - Vente armes anciennes Denix | RMC\",\"isPartOf\":{\"@id\":\"https:\\\/\\\/repliquemangacine.fr\\\/#website\"},\"primaryImageOfPage\":{\"@id\":\"https:\\\/\\\/repliquemangacine.fr\\\/replique-d-armes-1er-empire\\\/pistolet-duel-anglais-laiton-flintlock-18eme\\\/#primaryimage\"},\"image\":{\"@id\":\"https:\\\/\\\/repliquemangacine.fr\\\/replique-d-armes-1er-empire\\\/pistolet-duel-anglais-laiton-flintlock-18eme\\\/#primaryimage\"},\"thumbnailUrl\":\"https:\\\/\\\/repliquemangacine.fr\\\/wp-content\\\/uploads\\\/2023\\\/10\\\/912-Replique-Pistolet-duel-Anglais-Flintlock-18eme.jpg\",\"datePublished\":\"2016-11-12T12:12:59+00:00\",\"dateModified\":\"2026-03-20T11:39:52+00:00\",\"description\":\"D\u00e9couvrez le Pistolet Duel Anglais Laiton au meilleur prix - En bois massif et zamac avec gravures - M\u00e9canisme fonctionnel - Simulation de tir -37 cm\",\"breadcrumb\":{\"@id\":\"https:\\\/\\\/repliquemangacine.fr\\\/replique-d-armes-1er-empire\\\/pistolet-duel-anglais-laiton-flintlock-18eme\\\/#breadcrumb\"},\"inLanguage\":\"it-IT\",\"potentialAction\":[{\"@type\":\"ReadAction\",\"target\":[\"https:\\\/\\\/repliquemangacine.fr\\\/replique-d-armes-1er-empire\\\/pistolet-duel-anglais-laiton-flintlock-18eme\\\/\"]}]},{\"@type\":\"ImageObject\",\"inLanguage\":\"it-IT\",\"@id\":\"https:\\\/\\\/repliquemangacine.fr\\\/replique-d-armes-1er-empire\\\/pistolet-duel-anglais-laiton-flintlock-18eme\\\/#primaryimage\",\"url\":\"https:\\\/\\\/repliquemangacine.fr\\\/wp-content\\\/uploads\\\/2023\\\/10\\\/912-Replique-Pistolet-duel-Anglais-Flintlock-18eme.jpg\",\"contentUrl\":\"https:\\\/\\\/repliquemangacine.fr\\\/wp-content\\\/uploads\\\/2023\\\/10\\\/912-Replique-Pistolet-duel-Anglais-Flintlock-18eme.jpg\",\"width\":800,\"height\":800,\"caption\":\"R\u00e9plique Pistolet duel Anglais - Flintlock 18\u00e8me\"},{\"@type\":\"BreadcrumbList\",\"@id\":\"https:\\\/\\\/repliquemangacine.fr\\\/replique-d-armes-1er-empire\\\/pistolet-duel-anglais-laiton-flintlock-18eme\\\/#breadcrumb\",\"itemListElement\":[{\"@type\":\"ListItem\",\"position\":1,\"name\":\"Accueil\",\"item\":\"https:\\\/\\\/repliquemangacine.fr\\\/\"},{\"@type\":\"ListItem\",\"position\":2,\"name\":\"Produits\",\"item\":\"https:\\\/\\\/repliquemangacine.fr\\\/boutique\\\/\"},{\"@type\":\"ListItem\",\"position\":3,\"name\":\"Pistolet Duel Anglais Laiton\"}]},{\"@type\":\"WebSite\",\"@id\":\"https:\\\/\\\/repliquemangacine.fr\\\/#website\",\"url\":\"https:\\\/\\\/repliquemangacine.fr\\\/\",\"name\":\"R\u00e9plique Manga Cin\u00e9\",\"description\":\"\",\"publisher\":{\"@id\":\"https:\\\/\\\/repliquemangacine.fr\\\/#organization\"},\"potentialAction\":[{\"@type\":\"SearchAction\",\"target\":{\"@type\":\"EntryPoint\",\"urlTemplate\":\"https:\\\/\\\/repliquemangacine.fr\\\/?s={search_term_string}\"},\"query-input\":{\"@type\":\"PropertyValueSpecification\",\"valueRequired\":true,\"valueName\":\"search_term_string\"}}],\"inLanguage\":\"it-IT\"},{\"@type\":\"Organization\",\"@id\":\"https:\\\/\\\/repliquemangacine.fr\\\/#organization\",\"name\":\"R\u00e9plique Manga Cin\u00e9\",\"url\":\"https:\\\/\\\/repliquemangacine.fr\\\/\",\"logo\":{\"@type\":\"ImageObject\",\"inLanguage\":\"it-IT\",\"@id\":\"https:\\\/\\\/repliquemangacine.fr\\\/#\\\/schema\\\/logo\\\/image\\\/\",\"url\":\"https:\\\/\\\/repliquemangacine.fr\\\/wp-content\\\/uploads\\\/2023\\\/10\\\/RMC-500250.png\",\"contentUrl\":\"https:\\\/\\\/repliquemangacine.fr\\\/wp-content\\\/uploads\\\/2023\\\/10\\\/RMC-500250.png\",\"width\":500,\"height\":250,\"caption\":\"R\u00e9plique Manga Cin\u00e9\"},\"image\":{\"@id\":\"https:\\\/\\\/repliquemangacine.fr\\\/#\\\/schema\\\/logo\\\/image\\\/\"},\"sameAs\":[\"https:\\\/\\\/www.facebook.com\\\/RepliqueMangaCine\",\"https:\\\/\\\/www.instagram.com\\\/repliquemangacine.fr\\\/\"]}]}<\/script>\n<!-- \/ Yoast SEO plugin. -->","yoast_head_json":{"title":"Pistolet Duel Anglais Laiton - Vendita armi antiche Denix | RMC","description":"Scopri il Pistolet Duel Anglais Laiton al miglior prezzo - Legno massiccio e zamac con incisioni - Meccanismo funzionale - Simulazione di tiro -37 cm","robots":{"index":"index","follow":"follow","max-snippet":"max-snippet:-1","max-image-preview":"max-image-preview:large","max-video-preview":"max-video-preview:-1"},"canonical":"https:\/\/repliquemangacine.fr\/it\/armi-replica-1-impero\/pistola-da-duello-inglese-a-pietra-focaia-in-ottone-del-xviii-secolo\/","og_locale":"it_IT","og_type":"article","og_title":"Pistolet Duel Anglais Laiton - Vente armes anciennes Denix | RMC","og_description":"D\u00e9couvrez le Pistolet Duel Anglais Laiton au meilleur prix - En bois massif et zamac avec gravures - M\u00e9canisme fonctionnel - Simulation de tir -37 cm","og_url":"https:\/\/repliquemangacine.fr\/it\/armi-replica-1-impero\/pistola-da-duello-inglese-a-pietra-focaia-in-ottone-del-xviii-secolo\/","og_site_name":"R\u00e9plique Manga Cin\u00e9","article_publisher":"https:\/\/www.facebook.com\/RepliqueMangaCine","article_modified_time":"2026-03-20T11:39:52+00:00","og_image":[{"width":800,"height":800,"url":"https:\/\/repliquemangacine.fr\/wp-content\/uploads\/2023\/10\/912-Replique-Pistolet-duel-Anglais-Flintlock-18eme.jpg","type":"image\/jpeg"}],"twitter_card":"summary_large_image","twitter_misc":{"Tempo di lettura stimato":"2 minuti"},"schema":{"@context":"https:\/\/schema.org","@graph":[{"@type":"WebPage","@id":"https:\/\/repliquemangacine.fr\/replique-d-armes-1er-empire\/pistolet-duel-anglais-laiton-flintlock-18eme\/","url":"https:\/\/repliquemangacine.fr\/replique-d-armes-1er-empire\/pistolet-duel-anglais-laiton-flintlock-18eme\/","name":"Pistolet Duel Anglais Laiton - Vendita armi antiche Denix | RMC","isPartOf":{"@id":"https:\/\/repliquemangacine.fr\/#website"},"primaryImageOfPage":{"@id":"https:\/\/repliquemangacine.fr\/replique-d-armes-1er-empire\/pistolet-duel-anglais-laiton-flintlock-18eme\/#primaryimage"},"image":{"@id":"https:\/\/repliquemangacine.fr\/replique-d-armes-1er-empire\/pistolet-duel-anglais-laiton-flintlock-18eme\/#primaryimage"},"thumbnailUrl":"https:\/\/repliquemangacine.fr\/wp-content\/uploads\/2023\/10\/912-Replique-Pistolet-duel-Anglais-Flintlock-18eme.jpg","datePublished":"2016-11-12T12:12:59+00:00","dateModified":"2026-03-20T11:39:52+00:00","description":"Scopri il Pistolet Duel Anglais Laiton al miglior prezzo - Legno massiccio e zamac con incisioni - Meccanismo funzionale - Simulazione di tiro -37 cm","breadcrumb":{"@id":"https:\/\/repliquemangacine.fr\/replique-d-armes-1er-empire\/pistolet-duel-anglais-laiton-flintlock-18eme\/#breadcrumb"},"inLanguage":"it-IT","potentialAction":[{"@type":"ReadAction","target":["https:\/\/repliquemangacine.fr\/replique-d-armes-1er-empire\/pistolet-duel-anglais-laiton-flintlock-18eme\/"]}]},{"@type":"ImageObject","inLanguage":"it-IT","@id":"https:\/\/repliquemangacine.fr\/replique-d-armes-1er-empire\/pistolet-duel-anglais-laiton-flintlock-18eme\/#primaryimage","url":"https:\/\/repliquemangacine.fr\/wp-content\/uploads\/2023\/10\/912-Replique-Pistolet-duel-Anglais-Flintlock-18eme.jpg","contentUrl":"https:\/\/repliquemangacine.fr\/wp-content\/uploads\/2023\/10\/912-Replique-Pistolet-duel-Anglais-Flintlock-18eme.jpg","width":800,"height":800,"caption":"R\u00e9plique Pistolet duel Anglais - Flintlock 18\u00e8me"},{"@type":"BreadcrumbList","@id":"https:\/\/repliquemangacine.fr\/replique-d-armes-1er-empire\/pistolet-duel-anglais-laiton-flintlock-18eme\/#breadcrumb","itemListElement":[{"@type":"ListItem","position":1,"name":"Accueil","item":"https:\/\/repliquemangacine.fr\/"},{"@type":"ListItem","position":2,"name":"Produits","item":"https:\/\/repliquemangacine.fr\/boutique\/"},{"@type":"ListItem","position":3,"name":"Pistolet Duel Anglais Laiton"}]},{"@type":"WebSite","@id":"https:\/\/repliquemangacine.fr\/#website","url":"https:\/\/repliquemangacine.fr\/","name":"R\u00e9plique Manga Cin\u00e9","description":"","publisher":{"@id":"https:\/\/repliquemangacine.fr\/#organization"},"potentialAction":[{"@type":"SearchAction","target":{"@type":"EntryPoint","urlTemplate":"https:\/\/repliquemangacine.fr\/?s={search_term_string}"},"query-input":{"@type":"PropertyValueSpecification","valueRequired":true,"valueName":"search_term_string"}}],"inLanguage":"it-IT"},{"@type":"Organization","@id":"https:\/\/repliquemangacine.fr\/#organization","name":"R\u00e9plique Manga Cin\u00e9","url":"https:\/\/repliquemangacine.fr\/","logo":{"@type":"ImageObject","inLanguage":"it-IT","@id":"https:\/\/repliquemangacine.fr\/#\/schema\/logo\/image\/","url":"https:\/\/repliquemangacine.fr\/wp-content\/uploads\/2023\/10\/RMC-500250.png","contentUrl":"https:\/\/repliquemangacine.fr\/wp-content\/uploads\/2023\/10\/RMC-500250.png","width":500,"height":250,"caption":"R\u00e9plique Manga Cin\u00e9"},"image":{"@id":"https:\/\/repliquemangacine.fr\/#\/schema\/logo\/image\/"},"sameAs":["https:\/\/www.facebook.com\/RepliqueMangaCine","https:\/\/www.instagram.com\/repliquemangacine.fr\/"]}]}},"_links":{"self":[{"href":"https:\/\/repliquemangacine.fr\/it\/wp-json\/wp\/v2\/product\/26216","targetHints":{"allow":["GET"]}}],"collection":[{"href":"https:\/\/repliquemangacine.fr\/it\/wp-json\/wp\/v2\/product"}],"about":[{"href":"https:\/\/repliquemangacine.fr\/it\/wp-json\/wp\/v2\/types\/product"}],"wp:featuredmedia":[{"embeddable":true,"href":"https:\/\/repliquemangacine.fr\/it\/wp-json\/wp\/v2\/media\/26217"}],"wp:attachment":[{"href":"https:\/\/repliquemangacine.fr\/it\/wp-json\/wp\/v2\/media?parent=26216"}],"wp:term":[{"taxonomy":"product_brand","embeddable":true,"href":"https:\/\/repliquemangacine.fr\/it\/wp-json\/wp\/v2\/product_brand?post=26216"},{"taxonomy":"product_cat","embeddable":true,"href":"https:\/\/repliquemangacine.fr\/it\/wp-json\/wp\/v2\/product_cat?post=26216"},{"taxonomy":"product_tag","embeddable":true,"href":"https:\/\/repliquemangacine.fr\/it\/wp-json\/wp\/v2\/product_tag?post=26216"}],"curies":[{"name":"wp","href":"https:\/\/api.w.org\/{rel}","templated":true}]}}