





{"id":26197,"date":"2016-11-11T20:23:56","date_gmt":"2016-11-11T19:23:56","guid":{"rendered":"https:\/\/repliquemangacine.fr\/?post_type=product&#038;p=26197"},"modified":"2025-12-21T23:05:06","modified_gmt":"2025-12-21T22:05:06","slug":"pistola-da-duello-boutet-1810","status":"publish","type":"product","link":"https:\/\/repliquemangacine.fr\/it\/pistolet-ancien\/pistolet-duel-boutet-1810\/","title":{"rendered":"Pistola da duello Boutet 1810"},"content":{"rendered":"<h2>Pistola da duello Boutet 1810 Denix.<\/h2>\n<p>Per cominciare, il <strong>Pistola da duello Boutet<\/strong> 1810, realizzata dal maestro artigiano di Versailles, Boutet. La pistola originale fa oggi parte della Royal Collection del Castello di Windsor.<\/p>\n<p>La Manufacture d'armes de Versailles \u00e8 una fabbrica francese di armi, in particolare di armi da fuoco, fondata a Versailles nell'agosto del 1793. Inizialmente la fabbrica produceva armi da guerra, prima di specializzarsi nella produzione di armi di lusso.<\/p>\n<p>Pietra focaia \u00e8 il termine generale per indicare qualsiasi arma da fuoco basata sul meccanismo della pietra focaia. La pietra focaia, un tipo di meccanismo utilizzato in passato nelle armi da fuoco, fu sviluppata dall'archibugiere Marin Bourgeois combinando il sistema di due serrature esistenti (chenapan e miquelet).<\/p>\n<h2>La vostra pistola da duello Boutet al miglior prezzo.<\/h2>\n<p>Vi proponiamo un'ampia scelta di repliche di armi antiche Denix.<\/p>\n<p>Innanzitutto,<\/p>\n<ul>\n<li>La pistola <a href=\"https:\/\/repliquemangacine.fr\/it\/armi-replica-1-impero\/pistola-derringer-philadelphia-denix\/\">Derringer Philadelphia,<\/a>\u00a0 Abramo Lincoln fu assassinato con questo tipo di arma.<\/li>\n<li>Le <a href=\"https:\/\/repliquemangacine.fr\/it\/pistola-antica\/pistola-a-pietra-focaia-mancina-denix\/\">Pistola Napoleone<\/a> soprattutto per i mancini.<\/li>\n<li>E molti altri da scoprire nel nostro negozio online!<\/li>\n<\/ul>\n<p>Ecco quindi alcune fantastiche idee regalo per tutti gli appassionati di armi antiche.<\/p>\n<p>In conclusione, \u00e8 possibile utilizzare il metodo <strong>Pistola da duello Boutet<\/strong> 1810 per le vostre rievocazioni storiche. Ma soprattutto, \u00e8 un oggetto da collezione e un pezzo decorativo.<\/p>\n<p>R\u00e9plique Manga Cin\u00e9 \u00e8 un'azienda familiare francese, distributore ufficiale <a href=\"https:\/\/www.denix.fr\/fr\/accueil-fr\/\" target=\"_blank\" rel=\"noopener noreferrer\">Denix<\/a>.<\/p>\n<h2>Come vengono realizzate le repliche delle armi Denix?<\/h2>\n<p>Utilizzate in rievocazioni storiche, film, serie e dai collezionisti. Le riproduzioni Denix sono realizzate con materiali di alta qualit\u00e0. Sono accuratamente lavorate e assemblate per creare armi realistiche da collezione.<\/p>\n<ul>\n<li>I metalli sono in una lega metallica nota come Zamac, la cui composizione di base \u00e8 zinco in 95%.<\/li>\n<li>Le parti in plastica delle repliche sono realizzate in ABS stampato, che offre una grande resistenza.<\/li>\n<li>Il legno scelto per la sua bellezza e durata, come il mogano, l'ulivo o il noce, conferir\u00e0 ai mozziconi e alle botti un aspetto elegante e autentico.<\/li>\n<\/ul>\n<p>Si noti che tutte le riproduzioni Denix sono identiche agli originali, come il vostro <strong>Pistola da duello Boutet<\/strong>.<\/p>","protected":false},"excerpt":{"rendered":"<p>Pistola da duello Boutet nel 1810.<\/p>\n<ul>\n<li>Calcio e canna in legno massiccio intagliato.<\/li>\n<li>Cappuccio in metallo inciso.<\/li>\n<li>Meccanismo e canna in zama con incisioni.<\/li>\n<li>Armi in alto e colpi, ma<strong> non idoneo a sparare<\/strong>.<\/li>\n<li>Lunghezza canna: 25,5 cm - Lunghezza totale: 39,5 cm<\/li>\n<li>Non \u00e8 richiesta alcuna autorizzazione. Vendita e possesso gratuiti<\/li>\n<\/ul>","protected":false},"featured_media":26198,"template":"","meta":[],"product_brand":[896],"product_cat":[25,52,37,28],"product_tag":[],"class_list":{"0":"post-26197","1":"product","2":"type-product","3":"status-publish","4":"has-post-thumbnail","6":"product_brand-replique-manga-cine","7":"product_cat-armes-historiques","8":"product_cat-pistolet-ancien","9":"product_cat-premier-empire","10":"product_cat-repliques-darmes","12":"first","13":"outofstock","14":"taxable","15":"shipping-taxable","16":"purchasable","17":"product-type-simple"},"yoast_head":"<!-- This site is optimized with the Yoast SEO plugin v27.4 - https:\/\/yoast.com\/product\/yoast-seo-wordpress\/ -->\n<title>Pistolet duel Boutet - Reproductions Denix - R\u00e9plique Manga Cin\u00e9<\/title>\n<meta name=\"description\" content=\"D\u00e9couvrez la r\u00e9plique du Pistolet duel Boutet 1810 au meilleur prix - Bois sculpt\u00e9 - Gravures - M\u00e9canisme fonctionnel - Longueur totale : 39.5 cm\" \/>\n<meta name=\"robots\" content=\"index, follow, max-snippet:-1, max-image-preview:large, max-video-preview:-1\" \/>\n<link rel=\"canonical\" href=\"https:\/\/repliquemangacine.fr\/it\/pistola-antica\/pistola-da-duello-boutet-1810\/\" \/>\n<meta property=\"og:locale\" content=\"it_IT\" \/>\n<meta property=\"og:type\" content=\"article\" \/>\n<meta property=\"og:title\" content=\"Pistolet duel Boutet - Reproductions Denix - R\u00e9plique Manga Cin\u00e9\" \/>\n<meta property=\"og:description\" content=\"D\u00e9couvrez la r\u00e9plique du Pistolet duel Boutet 1810 au meilleur prix - Bois sculpt\u00e9 - Gravures - M\u00e9canisme fonctionnel - Longueur totale : 39.5 cm\" \/>\n<meta property=\"og:url\" content=\"https:\/\/repliquemangacine.fr\/it\/pistola-antica\/pistola-da-duello-boutet-1810\/\" \/>\n<meta property=\"og:site_name\" content=\"R\u00e9plique Manga Cin\u00e9\" \/>\n<meta property=\"article:publisher\" content=\"https:\/\/www.facebook.com\/RepliqueMangaCine\" \/>\n<meta property=\"article:modified_time\" content=\"2025-12-21T22:05:06+00:00\" \/>\n<meta property=\"og:image\" content=\"https:\/\/repliquemangacine.fr\/wp-content\/uploads\/2023\/10\/895-Replique-Pistolet-duel-Boutet-1810.jpg\" \/>\n\t<meta property=\"og:image:width\" content=\"800\" \/>\n\t<meta property=\"og:image:height\" content=\"800\" \/>\n\t<meta property=\"og:image:type\" content=\"image\/jpeg\" \/>\n<meta name=\"twitter:card\" content=\"summary_large_image\" \/>\n<meta name=\"twitter:label1\" content=\"Tempo di lettura stimato\" \/>\n\t<meta name=\"twitter:data1\" content=\"2 minuti\" \/>\n<script type=\"application\/ld+json\" class=\"yoast-schema-graph\">{\"@context\":\"https:\\\/\\\/schema.org\",\"@graph\":[{\"@type\":\"WebPage\",\"@id\":\"https:\\\/\\\/repliquemangacine.fr\\\/pistolet-ancien\\\/pistolet-duel-boutet-1810\\\/\",\"url\":\"https:\\\/\\\/repliquemangacine.fr\\\/pistolet-ancien\\\/pistolet-duel-boutet-1810\\\/\",\"name\":\"Pistolet duel Boutet - Reproductions Denix - R\u00e9plique Manga Cin\u00e9\",\"isPartOf\":{\"@id\":\"https:\\\/\\\/repliquemangacine.fr\\\/#website\"},\"primaryImageOfPage\":{\"@id\":\"https:\\\/\\\/repliquemangacine.fr\\\/pistolet-ancien\\\/pistolet-duel-boutet-1810\\\/#primaryimage\"},\"image\":{\"@id\":\"https:\\\/\\\/repliquemangacine.fr\\\/pistolet-ancien\\\/pistolet-duel-boutet-1810\\\/#primaryimage\"},\"thumbnailUrl\":\"https:\\\/\\\/repliquemangacine.fr\\\/wp-content\\\/uploads\\\/2023\\\/10\\\/895-Replique-Pistolet-duel-Boutet-1810.jpg\",\"datePublished\":\"2016-11-11T19:23:56+00:00\",\"dateModified\":\"2025-12-21T22:05:06+00:00\",\"description\":\"D\u00e9couvrez la r\u00e9plique du Pistolet duel Boutet 1810 au meilleur prix - Bois sculpt\u00e9 - Gravures - M\u00e9canisme fonctionnel - Longueur totale : 39.5 cm\",\"breadcrumb\":{\"@id\":\"https:\\\/\\\/repliquemangacine.fr\\\/pistolet-ancien\\\/pistolet-duel-boutet-1810\\\/#breadcrumb\"},\"inLanguage\":\"it-IT\",\"potentialAction\":[{\"@type\":\"ReadAction\",\"target\":[\"https:\\\/\\\/repliquemangacine.fr\\\/pistolet-ancien\\\/pistolet-duel-boutet-1810\\\/\"]}]},{\"@type\":\"ImageObject\",\"inLanguage\":\"it-IT\",\"@id\":\"https:\\\/\\\/repliquemangacine.fr\\\/pistolet-ancien\\\/pistolet-duel-boutet-1810\\\/#primaryimage\",\"url\":\"https:\\\/\\\/repliquemangacine.fr\\\/wp-content\\\/uploads\\\/2023\\\/10\\\/895-Replique-Pistolet-duel-Boutet-1810.jpg\",\"contentUrl\":\"https:\\\/\\\/repliquemangacine.fr\\\/wp-content\\\/uploads\\\/2023\\\/10\\\/895-Replique-Pistolet-duel-Boutet-1810.jpg\",\"width\":800,\"height\":800,\"caption\":\"R\u00e9plique Pistolet duel - Boutet 1810\"},{\"@type\":\"BreadcrumbList\",\"@id\":\"https:\\\/\\\/repliquemangacine.fr\\\/pistolet-ancien\\\/pistolet-duel-boutet-1810\\\/#breadcrumb\",\"itemListElement\":[{\"@type\":\"ListItem\",\"position\":1,\"name\":\"Accueil\",\"item\":\"https:\\\/\\\/repliquemangacine.fr\\\/\"},{\"@type\":\"ListItem\",\"position\":2,\"name\":\"Produits\",\"item\":\"https:\\\/\\\/repliquemangacine.fr\\\/boutique\\\/\"},{\"@type\":\"ListItem\",\"position\":3,\"name\":\"Pistolet duel Boutet 1810\"}]},{\"@type\":\"WebSite\",\"@id\":\"https:\\\/\\\/repliquemangacine.fr\\\/#website\",\"url\":\"https:\\\/\\\/repliquemangacine.fr\\\/\",\"name\":\"R\u00e9plique Manga Cin\u00e9\",\"description\":\"\",\"publisher\":{\"@id\":\"https:\\\/\\\/repliquemangacine.fr\\\/#organization\"},\"potentialAction\":[{\"@type\":\"SearchAction\",\"target\":{\"@type\":\"EntryPoint\",\"urlTemplate\":\"https:\\\/\\\/repliquemangacine.fr\\\/?s={search_term_string}\"},\"query-input\":{\"@type\":\"PropertyValueSpecification\",\"valueRequired\":true,\"valueName\":\"search_term_string\"}}],\"inLanguage\":\"it-IT\"},{\"@type\":\"Organization\",\"@id\":\"https:\\\/\\\/repliquemangacine.fr\\\/#organization\",\"name\":\"R\u00e9plique Manga Cin\u00e9\",\"url\":\"https:\\\/\\\/repliquemangacine.fr\\\/\",\"logo\":{\"@type\":\"ImageObject\",\"inLanguage\":\"it-IT\",\"@id\":\"https:\\\/\\\/repliquemangacine.fr\\\/#\\\/schema\\\/logo\\\/image\\\/\",\"url\":\"https:\\\/\\\/repliquemangacine.fr\\\/wp-content\\\/uploads\\\/2023\\\/10\\\/RMC-500250.png\",\"contentUrl\":\"https:\\\/\\\/repliquemangacine.fr\\\/wp-content\\\/uploads\\\/2023\\\/10\\\/RMC-500250.png\",\"width\":500,\"height\":250,\"caption\":\"R\u00e9plique Manga Cin\u00e9\"},\"image\":{\"@id\":\"https:\\\/\\\/repliquemangacine.fr\\\/#\\\/schema\\\/logo\\\/image\\\/\"},\"sameAs\":[\"https:\\\/\\\/www.facebook.com\\\/RepliqueMangaCine\",\"https:\\\/\\\/www.instagram.com\\\/repliquemangacine.fr\\\/\"]}]}<\/script>\n<!-- \/ Yoast SEO plugin. -->","yoast_head_json":{"title":"Pistola da duello Boutet - Riproduzioni Denix - R\u00e9plique Manga Cin\u00e9","description":"Scopri la replica del Pistolet duel Boutet 1810 al miglior prezzo - Legno intagliato - Incisioni - Meccanismo funzionante - Lunghezza totale: 39,5 cm","robots":{"index":"index","follow":"follow","max-snippet":"max-snippet:-1","max-image-preview":"max-image-preview:large","max-video-preview":"max-video-preview:-1"},"canonical":"https:\/\/repliquemangacine.fr\/it\/pistola-antica\/pistola-da-duello-boutet-1810\/","og_locale":"it_IT","og_type":"article","og_title":"Pistolet duel Boutet - Reproductions Denix - R\u00e9plique Manga Cin\u00e9","og_description":"D\u00e9couvrez la r\u00e9plique du Pistolet duel Boutet 1810 au meilleur prix - Bois sculpt\u00e9 - Gravures - M\u00e9canisme fonctionnel - Longueur totale : 39.5 cm","og_url":"https:\/\/repliquemangacine.fr\/it\/pistola-antica\/pistola-da-duello-boutet-1810\/","og_site_name":"R\u00e9plique Manga Cin\u00e9","article_publisher":"https:\/\/www.facebook.com\/RepliqueMangaCine","article_modified_time":"2025-12-21T22:05:06+00:00","og_image":[{"width":800,"height":800,"url":"https:\/\/repliquemangacine.fr\/wp-content\/uploads\/2023\/10\/895-Replique-Pistolet-duel-Boutet-1810.jpg","type":"image\/jpeg"}],"twitter_card":"summary_large_image","twitter_misc":{"Tempo di lettura stimato":"2 minuti"},"schema":{"@context":"https:\/\/schema.org","@graph":[{"@type":"WebPage","@id":"https:\/\/repliquemangacine.fr\/pistolet-ancien\/pistolet-duel-boutet-1810\/","url":"https:\/\/repliquemangacine.fr\/pistolet-ancien\/pistolet-duel-boutet-1810\/","name":"Pistola da duello Boutet - Riproduzioni Denix - R\u00e9plique Manga Cin\u00e9","isPartOf":{"@id":"https:\/\/repliquemangacine.fr\/#website"},"primaryImageOfPage":{"@id":"https:\/\/repliquemangacine.fr\/pistolet-ancien\/pistolet-duel-boutet-1810\/#primaryimage"},"image":{"@id":"https:\/\/repliquemangacine.fr\/pistolet-ancien\/pistolet-duel-boutet-1810\/#primaryimage"},"thumbnailUrl":"https:\/\/repliquemangacine.fr\/wp-content\/uploads\/2023\/10\/895-Replique-Pistolet-duel-Boutet-1810.jpg","datePublished":"2016-11-11T19:23:56+00:00","dateModified":"2025-12-21T22:05:06+00:00","description":"Scopri la replica del Pistolet duel Boutet 1810 al miglior prezzo - Legno intagliato - Incisioni - Meccanismo funzionante - Lunghezza totale: 39,5 cm","breadcrumb":{"@id":"https:\/\/repliquemangacine.fr\/pistolet-ancien\/pistolet-duel-boutet-1810\/#breadcrumb"},"inLanguage":"it-IT","potentialAction":[{"@type":"ReadAction","target":["https:\/\/repliquemangacine.fr\/pistolet-ancien\/pistolet-duel-boutet-1810\/"]}]},{"@type":"ImageObject","inLanguage":"it-IT","@id":"https:\/\/repliquemangacine.fr\/pistolet-ancien\/pistolet-duel-boutet-1810\/#primaryimage","url":"https:\/\/repliquemangacine.fr\/wp-content\/uploads\/2023\/10\/895-Replique-Pistolet-duel-Boutet-1810.jpg","contentUrl":"https:\/\/repliquemangacine.fr\/wp-content\/uploads\/2023\/10\/895-Replique-Pistolet-duel-Boutet-1810.jpg","width":800,"height":800,"caption":"R\u00e9plique Pistolet duel - Boutet 1810"},{"@type":"BreadcrumbList","@id":"https:\/\/repliquemangacine.fr\/pistolet-ancien\/pistolet-duel-boutet-1810\/#breadcrumb","itemListElement":[{"@type":"ListItem","position":1,"name":"Accueil","item":"https:\/\/repliquemangacine.fr\/"},{"@type":"ListItem","position":2,"name":"Produits","item":"https:\/\/repliquemangacine.fr\/boutique\/"},{"@type":"ListItem","position":3,"name":"Pistolet duel Boutet 1810"}]},{"@type":"WebSite","@id":"https:\/\/repliquemangacine.fr\/#website","url":"https:\/\/repliquemangacine.fr\/","name":"R\u00e9plique Manga Cin\u00e9","description":"","publisher":{"@id":"https:\/\/repliquemangacine.fr\/#organization"},"potentialAction":[{"@type":"SearchAction","target":{"@type":"EntryPoint","urlTemplate":"https:\/\/repliquemangacine.fr\/?s={search_term_string}"},"query-input":{"@type":"PropertyValueSpecification","valueRequired":true,"valueName":"search_term_string"}}],"inLanguage":"it-IT"},{"@type":"Organization","@id":"https:\/\/repliquemangacine.fr\/#organization","name":"R\u00e9plique Manga Cin\u00e9","url":"https:\/\/repliquemangacine.fr\/","logo":{"@type":"ImageObject","inLanguage":"it-IT","@id":"https:\/\/repliquemangacine.fr\/#\/schema\/logo\/image\/","url":"https:\/\/repliquemangacine.fr\/wp-content\/uploads\/2023\/10\/RMC-500250.png","contentUrl":"https:\/\/repliquemangacine.fr\/wp-content\/uploads\/2023\/10\/RMC-500250.png","width":500,"height":250,"caption":"R\u00e9plique Manga Cin\u00e9"},"image":{"@id":"https:\/\/repliquemangacine.fr\/#\/schema\/logo\/image\/"},"sameAs":["https:\/\/www.facebook.com\/RepliqueMangaCine","https:\/\/www.instagram.com\/repliquemangacine.fr\/"]}]}},"_links":{"self":[{"href":"https:\/\/repliquemangacine.fr\/it\/wp-json\/wp\/v2\/product\/26197","targetHints":{"allow":["GET"]}}],"collection":[{"href":"https:\/\/repliquemangacine.fr\/it\/wp-json\/wp\/v2\/product"}],"about":[{"href":"https:\/\/repliquemangacine.fr\/it\/wp-json\/wp\/v2\/types\/product"}],"wp:featuredmedia":[{"embeddable":true,"href":"https:\/\/repliquemangacine.fr\/it\/wp-json\/wp\/v2\/media\/26198"}],"wp:attachment":[{"href":"https:\/\/repliquemangacine.fr\/it\/wp-json\/wp\/v2\/media?parent=26197"}],"wp:term":[{"taxonomy":"product_brand","embeddable":true,"href":"https:\/\/repliquemangacine.fr\/it\/wp-json\/wp\/v2\/product_brand?post=26197"},{"taxonomy":"product_cat","embeddable":true,"href":"https:\/\/repliquemangacine.fr\/it\/wp-json\/wp\/v2\/product_cat?post=26197"},{"taxonomy":"product_tag","embeddable":true,"href":"https:\/\/repliquemangacine.fr\/it\/wp-json\/wp\/v2\/product_tag?post=26197"}],"curies":[{"name":"wp","href":"https:\/\/api.w.org\/{rel}","templated":true}]}}