





{"id":26150,"date":"2016-11-09T19:23:56","date_gmt":"2016-11-09T18:23:56","guid":{"rendered":"https:\/\/repliquemangacine.fr\/?post_type=product&#038;p=26150"},"modified":"2026-02-06T15:12:34","modified_gmt":"2026-02-06T14:12:34","slug":"pistola-italiana-a-3-canne-lorenzoni-1680-2","status":"publish","type":"product","link":"https:\/\/repliquemangacine.fr\/it\/replique-d-armes-1er-empire\/pistolet-italien-3-canons-lorenzoni-1680-2\/","title":{"rendered":"Pistola italiana a 3 canne - Lorenzoni 1680"},"content":{"rendered":"<h2>Pistola italiana a 3 canne Lorenzoni 1680 - Denix<\/h2>\n<p>Per cominciare, il <strong>Pistola italiana a 3 canne<\/strong>, L'originale di questa particolare pistola a pietra focaia \u00e8 stato realizzato da Lorenzoni in Italia nel 1680. Lo stemma inciso \u00e8 quello della famosa famiglia Medici.<\/p>\n<p>Lorenzoni, progettista armaiolo vissuto in Italia nel 17\u1d49 secolo. Il suo lavoro era finalizzato alla creazione di armi che potessero sparare con una maggiore cadenza di fuoco. L'obiettivo principale del progettista era quello di preservare le dimensioni e il peso dell'arma, pur volendo raggiungere una cadenza di fuoco che potesse arrivare al numero di giri al minuto 15-20.<\/p>\n<p>In conclusione, la pietra focaia \u00e8 il termine generale per indicare qualsiasi arma da fuoco basata sul meccanismo della pietra focaia.<\/p>\n<h2>La vostra pistola italiana a 3 canne al miglior prezzo.<\/h2>\n<p>Vi proponiamo un'ampia scelta di repliche di armi antiche Denix.<\/p>\n<p>Innanzitutto,<\/p>\n<ul>\n<li>Le <a href=\"https:\/\/repliquemangacine.fr\/it\/armi-replica-1-impero\/pistolet-cavalerie-francaise-1er-empire\/\">pistola da cavalleria<\/a> Francese, periodo napoleonico.<\/li>\n<li>Le <a href=\"https:\/\/repliquemangacine.fr\/it\/armi-replica-1-impero\/pistola-napoleone-2-canne-denix\/\">Pistola a pietra focaia Napoleone<\/a> due cannoni.<\/li>\n<li>Ci sono anche tutti i fucili antichi, come il <a href=\"https:\/\/repliquemangacine.fr\/it\/armi-replica-1-impero\/fucile-charleville-1806-con-baionetta\/\">Fucile Charleville<\/a> 1806.<\/li>\n<li>E molti altri da scoprire nel nostro negozio online!<\/li>\n<\/ul>\n<p>Ecco quindi alcune fantastiche idee regalo per tutti gli appassionati di armi antiche.<\/p>\n<p>In conclusione, \u00e8 possibile utilizzare il metodo <strong>Pistola italiana a 3 canne<\/strong> per le vostre rievocazioni storiche. Ma soprattutto \u00e8 un oggetto da collezione e un pezzo decorativo.<\/p>\n<p>R\u00e9plique Manga Cin\u00e9 \u00e8 un'azienda familiare francese, distributore ufficiale <a href=\"https:\/\/www.denix.fr\/fr\/catalogue\/armes-historiques-s-xvi-xix\/pistolets\/1016-l\/\" target=\"_blank\" rel=\"noopener noreferrer\">Denix<\/a>.<\/p>\n<h2>Come vengono realizzate le repliche delle armi Denix?<\/h2>\n<p>Utilizzate in rievocazioni storiche, film, serie e dai collezionisti. Le riproduzioni Denix sono realizzate con materiali di alta qualit\u00e0. Sono accuratamente lavorate e assemblate per creare armi realistiche da collezione.<\/p>\n<ul>\n<li>I metalli sono in una lega metallica nota come Zamac, la cui composizione di base \u00e8 zinco in 95%.<\/li>\n<li>Le parti in plastica delle repliche sono realizzate in ABS stampato, che offre una grande resistenza.<\/li>\n<li>Il legno scelto per la sua bellezza e durata, come il mogano, l'ulivo o il noce, conferir\u00e0 ai mozziconi e alle botti un aspetto elegante e autentico.<\/li>\n<\/ul>\n<p>Si noti che tutte le riproduzioni Denix sono identiche agli originali, come il vostro <strong>Pistola italiana a 3 canne<\/strong>.<\/p>","protected":false},"excerpt":{"rendered":"<p>Pistola a pietra focaia realizzata da Lorenzoni nel 1680.<\/p>\n<ul>\n<li>Piastre incise in finto avorio.<\/li>\n<li>Il meccanismo e i 3 barilotti sono in Zamac.<\/li>\n<li>Cappuccio in metallo inciso.<\/li>\n<li>Armi e scioperi.<\/li>\n<li>Non idoneo a sparare.<\/li>\n<li>Non \u00e8 richiesta alcuna autorizzazione. Vendita e possesso gratuiti.<\/li>\n<li>Lunghezza: 29 cm - Peso: 880 g<\/li>\n<\/ul>","protected":false},"featured_media":26151,"template":"","meta":[],"product_brand":[896],"product_cat":[25,52,37,83,28],"product_tag":[],"class_list":{"0":"post-26150","1":"product","2":"type-product","3":"status-publish","4":"has-post-thumbnail","6":"product_brand-replique-manga-cine","7":"product_cat-armes-historiques","8":"product_cat-pistolet-ancien","9":"product_cat-premier-empire","10":"product_cat-replique-d-armes-1er-empire","11":"product_cat-repliques-darmes","13":"first","14":"instock","15":"taxable","16":"shipping-taxable","17":"purchasable","18":"product-type-simple"},"yoast_head":"<!-- This site is optimized with the Yoast SEO plugin v27.5 - https:\/\/yoast.com\/product\/yoast-seo-wordpress\/ -->\n<title>Pistolet Italien 3 canons - Vente d&#039;armes anciennes Denix | RMC<\/title>\n<meta name=\"description\" content=\"Commandez vite ! Ce Pistolet Italien 3 canons au meilleur prix - Tout en m\u00e9tal avec blason de la famille Medicis - Crosse ABS imitation ivoire - 29 cm\" \/>\n<meta name=\"robots\" content=\"index, follow, max-snippet:-1, max-image-preview:large, max-video-preview:-1\" \/>\n<link rel=\"canonical\" href=\"https:\/\/repliquemangacine.fr\/it\/armi-replica-1-impero\/pistola-italiana-a-3-canne-lorenzoni-1680-2\/\" \/>\n<meta property=\"og:locale\" content=\"it_IT\" \/>\n<meta property=\"og:type\" content=\"article\" \/>\n<meta property=\"og:title\" content=\"Pistolet Italien 3 canons - Vente d&#039;armes anciennes Denix | RMC\" \/>\n<meta property=\"og:description\" content=\"Commandez vite ! Ce Pistolet Italien 3 canons au meilleur prix - Tout en m\u00e9tal avec blason de la famille Medicis - Crosse ABS imitation ivoire - 29 cm\" \/>\n<meta property=\"og:url\" content=\"https:\/\/repliquemangacine.fr\/it\/armi-replica-1-impero\/pistola-italiana-a-3-canne-lorenzoni-1680-2\/\" \/>\n<meta property=\"og:site_name\" content=\"R\u00e9plique Manga Cin\u00e9\" \/>\n<meta property=\"article:publisher\" content=\"https:\/\/www.facebook.com\/RepliqueMangaCine\" \/>\n<meta property=\"article:modified_time\" content=\"2026-02-06T14:12:34+00:00\" \/>\n<meta property=\"og:image\" content=\"https:\/\/repliquemangacine.fr\/wp-content\/uploads\/2023\/10\/856-Replique-Pistolet-italien-3-canons-Lorenzoni-1680-2-tons.jpg\" \/>\n\t<meta property=\"og:image:width\" content=\"800\" \/>\n\t<meta property=\"og:image:height\" content=\"800\" \/>\n\t<meta property=\"og:image:type\" content=\"image\/jpeg\" \/>\n<meta name=\"twitter:card\" content=\"summary_large_image\" \/>\n<meta name=\"twitter:label1\" content=\"Tempo di lettura stimato\" \/>\n\t<meta name=\"twitter:data1\" content=\"2 minuti\" \/>\n<script type=\"application\/ld+json\" class=\"yoast-schema-graph\">{\"@context\":\"https:\\\/\\\/schema.org\",\"@graph\":[{\"@type\":\"WebPage\",\"@id\":\"https:\\\/\\\/repliquemangacine.fr\\\/replique-d-armes-1er-empire\\\/pistolet-italien-3-canons-lorenzoni-1680-2\\\/\",\"url\":\"https:\\\/\\\/repliquemangacine.fr\\\/replique-d-armes-1er-empire\\\/pistolet-italien-3-canons-lorenzoni-1680-2\\\/\",\"name\":\"Pistolet Italien 3 canons - Vente d'armes anciennes Denix | RMC\",\"isPartOf\":{\"@id\":\"https:\\\/\\\/repliquemangacine.fr\\\/#website\"},\"primaryImageOfPage\":{\"@id\":\"https:\\\/\\\/repliquemangacine.fr\\\/replique-d-armes-1er-empire\\\/pistolet-italien-3-canons-lorenzoni-1680-2\\\/#primaryimage\"},\"image\":{\"@id\":\"https:\\\/\\\/repliquemangacine.fr\\\/replique-d-armes-1er-empire\\\/pistolet-italien-3-canons-lorenzoni-1680-2\\\/#primaryimage\"},\"thumbnailUrl\":\"https:\\\/\\\/repliquemangacine.fr\\\/wp-content\\\/uploads\\\/2023\\\/10\\\/856-Replique-Pistolet-italien-3-canons-Lorenzoni-1680-2-tons.jpg\",\"datePublished\":\"2016-11-09T18:23:56+00:00\",\"dateModified\":\"2026-02-06T14:12:34+00:00\",\"description\":\"Commandez vite ! Ce Pistolet Italien 3 canons au meilleur prix - Tout en m\u00e9tal avec blason de la famille Medicis - Crosse ABS imitation ivoire - 29 cm\",\"breadcrumb\":{\"@id\":\"https:\\\/\\\/repliquemangacine.fr\\\/replique-d-armes-1er-empire\\\/pistolet-italien-3-canons-lorenzoni-1680-2\\\/#breadcrumb\"},\"inLanguage\":\"it-IT\",\"potentialAction\":[{\"@type\":\"ReadAction\",\"target\":[\"https:\\\/\\\/repliquemangacine.fr\\\/replique-d-armes-1er-empire\\\/pistolet-italien-3-canons-lorenzoni-1680-2\\\/\"]}]},{\"@type\":\"ImageObject\",\"inLanguage\":\"it-IT\",\"@id\":\"https:\\\/\\\/repliquemangacine.fr\\\/replique-d-armes-1er-empire\\\/pistolet-italien-3-canons-lorenzoni-1680-2\\\/#primaryimage\",\"url\":\"https:\\\/\\\/repliquemangacine.fr\\\/wp-content\\\/uploads\\\/2023\\\/10\\\/856-Replique-Pistolet-italien-3-canons-Lorenzoni-1680-2-tons.jpg\",\"contentUrl\":\"https:\\\/\\\/repliquemangacine.fr\\\/wp-content\\\/uploads\\\/2023\\\/10\\\/856-Replique-Pistolet-italien-3-canons-Lorenzoni-1680-2-tons.jpg\",\"width\":800,\"height\":800,\"caption\":\"R\u00e9plique Pistolet italien 3 canons - Lorenzoni 1680 2 tons\"},{\"@type\":\"BreadcrumbList\",\"@id\":\"https:\\\/\\\/repliquemangacine.fr\\\/replique-d-armes-1er-empire\\\/pistolet-italien-3-canons-lorenzoni-1680-2\\\/#breadcrumb\",\"itemListElement\":[{\"@type\":\"ListItem\",\"position\":1,\"name\":\"Accueil\",\"item\":\"https:\\\/\\\/repliquemangacine.fr\\\/\"},{\"@type\":\"ListItem\",\"position\":2,\"name\":\"Produits\",\"item\":\"https:\\\/\\\/repliquemangacine.fr\\\/boutique\\\/\"},{\"@type\":\"ListItem\",\"position\":3,\"name\":\"Pistolet italien 3 canons &#8211; Lorenzoni 1680\"}]},{\"@type\":\"WebSite\",\"@id\":\"https:\\\/\\\/repliquemangacine.fr\\\/#website\",\"url\":\"https:\\\/\\\/repliquemangacine.fr\\\/\",\"name\":\"R\u00e9plique Manga Cin\u00e9\",\"description\":\"\",\"publisher\":{\"@id\":\"https:\\\/\\\/repliquemangacine.fr\\\/#organization\"},\"potentialAction\":[{\"@type\":\"SearchAction\",\"target\":{\"@type\":\"EntryPoint\",\"urlTemplate\":\"https:\\\/\\\/repliquemangacine.fr\\\/?s={search_term_string}\"},\"query-input\":{\"@type\":\"PropertyValueSpecification\",\"valueRequired\":true,\"valueName\":\"search_term_string\"}}],\"inLanguage\":\"it-IT\"},{\"@type\":\"Organization\",\"@id\":\"https:\\\/\\\/repliquemangacine.fr\\\/#organization\",\"name\":\"R\u00e9plique Manga Cin\u00e9\",\"url\":\"https:\\\/\\\/repliquemangacine.fr\\\/\",\"logo\":{\"@type\":\"ImageObject\",\"inLanguage\":\"it-IT\",\"@id\":\"https:\\\/\\\/repliquemangacine.fr\\\/#\\\/schema\\\/logo\\\/image\\\/\",\"url\":\"https:\\\/\\\/repliquemangacine.fr\\\/wp-content\\\/uploads\\\/2023\\\/10\\\/RMC-500250.png\",\"contentUrl\":\"https:\\\/\\\/repliquemangacine.fr\\\/wp-content\\\/uploads\\\/2023\\\/10\\\/RMC-500250.png\",\"width\":500,\"height\":250,\"caption\":\"R\u00e9plique Manga Cin\u00e9\"},\"image\":{\"@id\":\"https:\\\/\\\/repliquemangacine.fr\\\/#\\\/schema\\\/logo\\\/image\\\/\"},\"sameAs\":[\"https:\\\/\\\/www.facebook.com\\\/RepliqueMangaCine\",\"https:\\\/\\\/www.instagram.com\\\/repliquemangacine.fr\\\/\"]}]}<\/script>\n<!-- \/ Yoast SEO plugin. -->","yoast_head_json":{"title":"Pistola italiana a 3 canne - Vendita armi antiche Denix | RMC","description":"Ordinate ora! Questa pistola italiana a 3 canne al miglior prezzo - Interamente in metallo con stemma della famiglia Medici - Calcio in ABS imitazione avorio - 29 cm","robots":{"index":"index","follow":"follow","max-snippet":"max-snippet:-1","max-image-preview":"max-image-preview:large","max-video-preview":"max-video-preview:-1"},"canonical":"https:\/\/repliquemangacine.fr\/it\/armi-replica-1-impero\/pistola-italiana-a-3-canne-lorenzoni-1680-2\/","og_locale":"it_IT","og_type":"article","og_title":"Pistolet Italien 3 canons - Vente d'armes anciennes Denix | RMC","og_description":"Commandez vite ! Ce Pistolet Italien 3 canons au meilleur prix - Tout en m\u00e9tal avec blason de la famille Medicis - Crosse ABS imitation ivoire - 29 cm","og_url":"https:\/\/repliquemangacine.fr\/it\/armi-replica-1-impero\/pistola-italiana-a-3-canne-lorenzoni-1680-2\/","og_site_name":"R\u00e9plique Manga Cin\u00e9","article_publisher":"https:\/\/www.facebook.com\/RepliqueMangaCine","article_modified_time":"2026-02-06T14:12:34+00:00","og_image":[{"width":800,"height":800,"url":"https:\/\/repliquemangacine.fr\/wp-content\/uploads\/2023\/10\/856-Replique-Pistolet-italien-3-canons-Lorenzoni-1680-2-tons.jpg","type":"image\/jpeg"}],"twitter_card":"summary_large_image","twitter_misc":{"Tempo di lettura stimato":"2 minuti"},"schema":{"@context":"https:\/\/schema.org","@graph":[{"@type":"WebPage","@id":"https:\/\/repliquemangacine.fr\/replique-d-armes-1er-empire\/pistolet-italien-3-canons-lorenzoni-1680-2\/","url":"https:\/\/repliquemangacine.fr\/replique-d-armes-1er-empire\/pistolet-italien-3-canons-lorenzoni-1680-2\/","name":"Pistola italiana a 3 canne - Vendita armi antiche Denix | RMC","isPartOf":{"@id":"https:\/\/repliquemangacine.fr\/#website"},"primaryImageOfPage":{"@id":"https:\/\/repliquemangacine.fr\/replique-d-armes-1er-empire\/pistolet-italien-3-canons-lorenzoni-1680-2\/#primaryimage"},"image":{"@id":"https:\/\/repliquemangacine.fr\/replique-d-armes-1er-empire\/pistolet-italien-3-canons-lorenzoni-1680-2\/#primaryimage"},"thumbnailUrl":"https:\/\/repliquemangacine.fr\/wp-content\/uploads\/2023\/10\/856-Replique-Pistolet-italien-3-canons-Lorenzoni-1680-2-tons.jpg","datePublished":"2016-11-09T18:23:56+00:00","dateModified":"2026-02-06T14:12:34+00:00","description":"Ordinate ora! Questa pistola italiana a 3 canne al miglior prezzo - Interamente in metallo con stemma della famiglia Medici - Calcio in ABS imitazione avorio - 29 cm","breadcrumb":{"@id":"https:\/\/repliquemangacine.fr\/replique-d-armes-1er-empire\/pistolet-italien-3-canons-lorenzoni-1680-2\/#breadcrumb"},"inLanguage":"it-IT","potentialAction":[{"@type":"ReadAction","target":["https:\/\/repliquemangacine.fr\/replique-d-armes-1er-empire\/pistolet-italien-3-canons-lorenzoni-1680-2\/"]}]},{"@type":"ImageObject","inLanguage":"it-IT","@id":"https:\/\/repliquemangacine.fr\/replique-d-armes-1er-empire\/pistolet-italien-3-canons-lorenzoni-1680-2\/#primaryimage","url":"https:\/\/repliquemangacine.fr\/wp-content\/uploads\/2023\/10\/856-Replique-Pistolet-italien-3-canons-Lorenzoni-1680-2-tons.jpg","contentUrl":"https:\/\/repliquemangacine.fr\/wp-content\/uploads\/2023\/10\/856-Replique-Pistolet-italien-3-canons-Lorenzoni-1680-2-tons.jpg","width":800,"height":800,"caption":"R\u00e9plique Pistolet italien 3 canons - Lorenzoni 1680 2 tons"},{"@type":"BreadcrumbList","@id":"https:\/\/repliquemangacine.fr\/replique-d-armes-1er-empire\/pistolet-italien-3-canons-lorenzoni-1680-2\/#breadcrumb","itemListElement":[{"@type":"ListItem","position":1,"name":"Accueil","item":"https:\/\/repliquemangacine.fr\/"},{"@type":"ListItem","position":2,"name":"Produits","item":"https:\/\/repliquemangacine.fr\/boutique\/"},{"@type":"ListItem","position":3,"name":"Pistolet italien 3 canons &#8211; Lorenzoni 1680"}]},{"@type":"WebSite","@id":"https:\/\/repliquemangacine.fr\/#website","url":"https:\/\/repliquemangacine.fr\/","name":"R\u00e9plique Manga Cin\u00e9","description":"","publisher":{"@id":"https:\/\/repliquemangacine.fr\/#organization"},"potentialAction":[{"@type":"SearchAction","target":{"@type":"EntryPoint","urlTemplate":"https:\/\/repliquemangacine.fr\/?s={search_term_string}"},"query-input":{"@type":"PropertyValueSpecification","valueRequired":true,"valueName":"search_term_string"}}],"inLanguage":"it-IT"},{"@type":"Organization","@id":"https:\/\/repliquemangacine.fr\/#organization","name":"R\u00e9plique Manga Cin\u00e9","url":"https:\/\/repliquemangacine.fr\/","logo":{"@type":"ImageObject","inLanguage":"it-IT","@id":"https:\/\/repliquemangacine.fr\/#\/schema\/logo\/image\/","url":"https:\/\/repliquemangacine.fr\/wp-content\/uploads\/2023\/10\/RMC-500250.png","contentUrl":"https:\/\/repliquemangacine.fr\/wp-content\/uploads\/2023\/10\/RMC-500250.png","width":500,"height":250,"caption":"R\u00e9plique Manga Cin\u00e9"},"image":{"@id":"https:\/\/repliquemangacine.fr\/#\/schema\/logo\/image\/"},"sameAs":["https:\/\/www.facebook.com\/RepliqueMangaCine","https:\/\/www.instagram.com\/repliquemangacine.fr\/"]}]}},"_links":{"self":[{"href":"https:\/\/repliquemangacine.fr\/it\/wp-json\/wp\/v2\/product\/26150","targetHints":{"allow":["GET"]}}],"collection":[{"href":"https:\/\/repliquemangacine.fr\/it\/wp-json\/wp\/v2\/product"}],"about":[{"href":"https:\/\/repliquemangacine.fr\/it\/wp-json\/wp\/v2\/types\/product"}],"wp:featuredmedia":[{"embeddable":true,"href":"https:\/\/repliquemangacine.fr\/it\/wp-json\/wp\/v2\/media\/26151"}],"wp:attachment":[{"href":"https:\/\/repliquemangacine.fr\/it\/wp-json\/wp\/v2\/media?parent=26150"}],"wp:term":[{"taxonomy":"product_brand","embeddable":true,"href":"https:\/\/repliquemangacine.fr\/it\/wp-json\/wp\/v2\/product_brand?post=26150"},{"taxonomy":"product_cat","embeddable":true,"href":"https:\/\/repliquemangacine.fr\/it\/wp-json\/wp\/v2\/product_cat?post=26150"},{"taxonomy":"product_tag","embeddable":true,"href":"https:\/\/repliquemangacine.fr\/it\/wp-json\/wp\/v2\/product_tag?post=26150"}],"curies":[{"name":"wp","href":"https:\/\/api.w.org\/{rel}","templated":true}]}}