





{"id":26133,"date":"2016-11-09T15:41:08","date_gmt":"2016-11-09T14:41:08","guid":{"rendered":"https:\/\/repliquemangacine.fr\/?post_type=product&#038;p=26133"},"modified":"2025-12-17T23:25:48","modified_gmt":"2025-12-17T22:25:48","slug":"pistola-da-cavalleria-francese-1806","status":"publish","type":"product","link":"https:\/\/repliquemangacine.fr\/it\/repliques-darmes-napoleon\/pistolet-cavalerie-francaise-1806\/","title":{"rendered":"Pistola da cavalleria francese 1806"},"content":{"rendered":"<h2>Pistola Denix della cavalleria francese del 1806.<\/h2>\n<p>Per cominciare, il <strong>Pistola da cavalleria francese<\/strong> 1806, fu presente durante le guerre dell'Impero e ne furono prodotti 33.000 pezzi.<\/p>\n<p>Le pistole a scintilla avevano una pietra focaia o un selce che, azionata dal martello, produceva la scintilla che accendeva la polvere da sparo. Tutte queste armi richiedevano la ricarica manuale delle munizioni dopo ogni colpo.<\/p>\n<p>La pistola a pietra focaia rimase la pi\u00f9 diffusa in tutta Europa e oltre per oltre 200 anni. Fu ampiamente utilizzata dagli eserciti, soprattutto durante l'epoca napoleonica. Infatti, era molto ricercata per le rievocazioni storiche di quell'epoca e per tutte le battaglie del XVIII secolo.<\/p>\n<h2>La vostra pistola da cavalleria francese al miglior prezzo.<\/h2>\n<p>Offriamo una vasta gamma di repliche di armi antiche <a href=\"https:\/\/www.denix.fr\/\" target=\"_blank\" rel=\"noopener noreferrer\">Denix<\/a>.<\/p>\n<p>Innanzitutto,<\/p>\n<ul>\n<li>Questa riproduzione del <a href=\"https:\/\/repliquemangacine.fr\/it\/pistola-antica\/pistola-italiana-a-3-canne-lorenzoni-1680-2\/\">Pistola a pietra focaia a 3 canne<\/a> realizzato da Lorenzoni nel 1680<\/li>\n<li>C'\u00e8 anche il <a href=\"https:\/\/repliquemangacine.fr\/it\/armi-replica-1-impero\/pistola-napoleone-2-canne-denix\/\">Pistola a pietra focaia Napoleone<\/a> con i suoi due cannoni.<\/li>\n<li>E molti altri da scoprire nel nostro negozio online!<\/li>\n<\/ul>\n<p>Ecco quindi alcune fantastiche idee regalo per tutti gli appassionati di armi antiche.<\/p>\n<p>In conclusione, \u00e8 possibile utilizzare il metodo <strong>Pistola da cavalleria francese<\/strong> 1806 per le vostre rievocazioni storiche. Ma soprattutto \u00e8 un oggetto da collezione e un pezzo decorativo.<\/p>\n<p>R\u00e9plique Manga Cin\u00e9 \u00e8 un'azienda familiare francese e distributore ufficiale di Denix.<\/p>\n<h2>Come vengono realizzate le repliche delle armi Denix?<\/h2>\n<p>Utilizzate in rievocazioni storiche, film, serie e dai collezionisti. Le riproduzioni Denix sono realizzate con materiali di alta qualit\u00e0. Sono accuratamente lavorate e assemblate per creare armi realistiche da collezione.<\/p>\n<ul>\n<li>I metalli sono in una lega metallica nota come Zamac, la cui composizione di base \u00e8 zinco in 95%.<\/li>\n<li>Le parti in plastica delle repliche sono realizzate in ABS stampato, che offre una grande resistenza.<\/li>\n<li>Il legno scelto per la sua bellezza e durata, come il mogano, l'ulivo o il noce, conferir\u00e0 ai mozziconi e alle botti un aspetto elegante e autentico.<\/li>\n<\/ul>\n<p>Si noti che tutte le riproduzioni Denix sono identiche agli originali, come il vostro <strong>Pistola da cavalleria francese<\/strong>.<\/p>","protected":false},"excerpt":{"rendered":"<p>Riproduzione della pistola da cavalleria francese.<\/p>\n<ul>\n<li>Calcio in legno massiccio.<\/li>\n<li>Meccanismo e canna in Zamac.<\/li>\n<li>Armi e scioperi.<\/li>\n<li>Non idoneo a sparare.<\/li>\n<li>Non \u00e8 richiesta alcuna autorizzazione. Vendita e possesso gratuiti.<\/li>\n<li>Lunghezza: 35 cm - Peso: 800 gr.<\/li>\n<\/ul>","protected":false},"featured_media":26134,"template":"","meta":[],"product_brand":[896],"product_cat":[25,52,37,28,833],"product_tag":[],"class_list":{"0":"post-26133","1":"product","2":"type-product","3":"status-publish","4":"has-post-thumbnail","6":"product_brand-replique-manga-cine","7":"product_cat-armes-historiques","8":"product_cat-pistolet-ancien","9":"product_cat-premier-empire","10":"product_cat-repliques-darmes","11":"product_cat-repliques-darmes-napoleon","13":"first","14":"instock","15":"taxable","16":"shipping-taxable","17":"purchasable","18":"product-type-simple"},"yoast_head":"<!-- This site is optimized with the Yoast SEO plugin v27.4 - https:\/\/yoast.com\/product\/yoast-seo-wordpress\/ -->\n<title>Pistolet cavalerie fran\u00e7aise - Vente r\u00e9pliques d&#039;Armes Denix | RMC<\/title>\n<meta name=\"description\" content=\"D\u00e9couvrez cette reproduction du Pistolet Cavalerie Fran\u00e7aise au meilleur prix - Crosse en bois massif - M\u00e9canisme fonctionnel - Gravures - Longueur : 35 cm\" \/>\n<meta name=\"robots\" content=\"index, follow, max-snippet:-1, max-image-preview:large, max-video-preview:-1\" \/>\n<link rel=\"canonical\" href=\"https:\/\/repliquemangacine.fr\/it\/replica-pistole-napoleoniche\/pistola-da-cavalleria-francese-1806\/\" \/>\n<meta property=\"og:locale\" content=\"it_IT\" \/>\n<meta property=\"og:type\" content=\"article\" \/>\n<meta property=\"og:title\" content=\"Pistolet cavalerie fran\u00e7aise - Vente r\u00e9pliques d&#039;Armes Denix | RMC\" \/>\n<meta property=\"og:description\" content=\"D\u00e9couvrez cette reproduction du Pistolet Cavalerie Fran\u00e7aise au meilleur prix - Crosse en bois massif - M\u00e9canisme fonctionnel - Gravures - Longueur : 35 cm\" \/>\n<meta property=\"og:url\" content=\"https:\/\/repliquemangacine.fr\/it\/replica-pistole-napoleoniche\/pistola-da-cavalleria-francese-1806\/\" \/>\n<meta property=\"og:site_name\" content=\"R\u00e9plique Manga Cin\u00e9\" \/>\n<meta property=\"article:publisher\" content=\"https:\/\/www.facebook.com\/RepliqueMangaCine\" \/>\n<meta property=\"article:modified_time\" content=\"2025-12-17T22:25:48+00:00\" \/>\n<meta property=\"og:image\" content=\"https:\/\/repliquemangacine.fr\/wp-content\/uploads\/2023\/10\/845-Pistolet-Cavalerie-Francaise-1er-Empire.jpg\" \/>\n\t<meta property=\"og:image:width\" content=\"800\" \/>\n\t<meta property=\"og:image:height\" content=\"800\" \/>\n\t<meta property=\"og:image:type\" content=\"image\/jpeg\" \/>\n<meta name=\"twitter:card\" content=\"summary_large_image\" \/>\n<meta name=\"twitter:label1\" content=\"Tempo di lettura stimato\" \/>\n\t<meta name=\"twitter:data1\" content=\"2 minuti\" \/>\n<script type=\"application\/ld+json\" class=\"yoast-schema-graph\">{\"@context\":\"https:\\\/\\\/schema.org\",\"@graph\":[{\"@type\":\"WebPage\",\"@id\":\"https:\\\/\\\/repliquemangacine.fr\\\/repliques-darmes-napoleon\\\/pistolet-cavalerie-francaise-1806\\\/\",\"url\":\"https:\\\/\\\/repliquemangacine.fr\\\/repliques-darmes-napoleon\\\/pistolet-cavalerie-francaise-1806\\\/\",\"name\":\"Pistolet cavalerie fran\u00e7aise - Vente r\u00e9pliques d'Armes Denix | RMC\",\"isPartOf\":{\"@id\":\"https:\\\/\\\/repliquemangacine.fr\\\/#website\"},\"primaryImageOfPage\":{\"@id\":\"https:\\\/\\\/repliquemangacine.fr\\\/repliques-darmes-napoleon\\\/pistolet-cavalerie-francaise-1806\\\/#primaryimage\"},\"image\":{\"@id\":\"https:\\\/\\\/repliquemangacine.fr\\\/repliques-darmes-napoleon\\\/pistolet-cavalerie-francaise-1806\\\/#primaryimage\"},\"thumbnailUrl\":\"https:\\\/\\\/repliquemangacine.fr\\\/wp-content\\\/uploads\\\/2023\\\/10\\\/845-Pistolet-Cavalerie-Francaise-1er-Empire.jpg\",\"datePublished\":\"2016-11-09T14:41:08+00:00\",\"dateModified\":\"2025-12-17T22:25:48+00:00\",\"description\":\"D\u00e9couvrez cette reproduction du Pistolet Cavalerie Fran\u00e7aise au meilleur prix - Crosse en bois massif - M\u00e9canisme fonctionnel - Gravures - Longueur : 35 cm\",\"breadcrumb\":{\"@id\":\"https:\\\/\\\/repliquemangacine.fr\\\/repliques-darmes-napoleon\\\/pistolet-cavalerie-francaise-1806\\\/#breadcrumb\"},\"inLanguage\":\"it-IT\",\"potentialAction\":[{\"@type\":\"ReadAction\",\"target\":[\"https:\\\/\\\/repliquemangacine.fr\\\/repliques-darmes-napoleon\\\/pistolet-cavalerie-francaise-1806\\\/\"]}]},{\"@type\":\"ImageObject\",\"inLanguage\":\"it-IT\",\"@id\":\"https:\\\/\\\/repliquemangacine.fr\\\/repliques-darmes-napoleon\\\/pistolet-cavalerie-francaise-1806\\\/#primaryimage\",\"url\":\"https:\\\/\\\/repliquemangacine.fr\\\/wp-content\\\/uploads\\\/2023\\\/10\\\/845-Pistolet-Cavalerie-Francaise-1er-Empire.jpg\",\"contentUrl\":\"https:\\\/\\\/repliquemangacine.fr\\\/wp-content\\\/uploads\\\/2023\\\/10\\\/845-Pistolet-Cavalerie-Francaise-1er-Empire.jpg\",\"width\":800,\"height\":800,\"caption\":\"Pistolet Cavalerie Fran\u00e7aise - 1er Empire\"},{\"@type\":\"BreadcrumbList\",\"@id\":\"https:\\\/\\\/repliquemangacine.fr\\\/repliques-darmes-napoleon\\\/pistolet-cavalerie-francaise-1806\\\/#breadcrumb\",\"itemListElement\":[{\"@type\":\"ListItem\",\"position\":1,\"name\":\"Accueil\",\"item\":\"https:\\\/\\\/repliquemangacine.fr\\\/\"},{\"@type\":\"ListItem\",\"position\":2,\"name\":\"Produits\",\"item\":\"https:\\\/\\\/repliquemangacine.fr\\\/boutique\\\/\"},{\"@type\":\"ListItem\",\"position\":3,\"name\":\"Pistolet Cavalerie Fran\u00e7aise 1806\"}]},{\"@type\":\"WebSite\",\"@id\":\"https:\\\/\\\/repliquemangacine.fr\\\/#website\",\"url\":\"https:\\\/\\\/repliquemangacine.fr\\\/\",\"name\":\"R\u00e9plique Manga Cin\u00e9\",\"description\":\"\",\"publisher\":{\"@id\":\"https:\\\/\\\/repliquemangacine.fr\\\/#organization\"},\"potentialAction\":[{\"@type\":\"SearchAction\",\"target\":{\"@type\":\"EntryPoint\",\"urlTemplate\":\"https:\\\/\\\/repliquemangacine.fr\\\/?s={search_term_string}\"},\"query-input\":{\"@type\":\"PropertyValueSpecification\",\"valueRequired\":true,\"valueName\":\"search_term_string\"}}],\"inLanguage\":\"it-IT\"},{\"@type\":\"Organization\",\"@id\":\"https:\\\/\\\/repliquemangacine.fr\\\/#organization\",\"name\":\"R\u00e9plique Manga Cin\u00e9\",\"url\":\"https:\\\/\\\/repliquemangacine.fr\\\/\",\"logo\":{\"@type\":\"ImageObject\",\"inLanguage\":\"it-IT\",\"@id\":\"https:\\\/\\\/repliquemangacine.fr\\\/#\\\/schema\\\/logo\\\/image\\\/\",\"url\":\"https:\\\/\\\/repliquemangacine.fr\\\/wp-content\\\/uploads\\\/2023\\\/10\\\/RMC-500250.png\",\"contentUrl\":\"https:\\\/\\\/repliquemangacine.fr\\\/wp-content\\\/uploads\\\/2023\\\/10\\\/RMC-500250.png\",\"width\":500,\"height\":250,\"caption\":\"R\u00e9plique Manga Cin\u00e9\"},\"image\":{\"@id\":\"https:\\\/\\\/repliquemangacine.fr\\\/#\\\/schema\\\/logo\\\/image\\\/\"},\"sameAs\":[\"https:\\\/\\\/www.facebook.com\\\/RepliqueMangaCine\",\"https:\\\/\\\/www.instagram.com\\\/repliquemangacine.fr\\\/\"]}]}<\/script>\n<!-- \/ Yoast SEO plugin. -->","yoast_head_json":{"title":"Pistola da cavalleria francese - Vendita pistole replica Denix | RMC","description":"Scopri questa riproduzione della pistola da cavalleria francese al miglior prezzo - Calcio in legno massiccio - Meccanismo funzionale - Incisioni - Lunghezza: 35 cm","robots":{"index":"index","follow":"follow","max-snippet":"max-snippet:-1","max-image-preview":"max-image-preview:large","max-video-preview":"max-video-preview:-1"},"canonical":"https:\/\/repliquemangacine.fr\/it\/replica-pistole-napoleoniche\/pistola-da-cavalleria-francese-1806\/","og_locale":"it_IT","og_type":"article","og_title":"Pistolet cavalerie fran\u00e7aise - Vente r\u00e9pliques d'Armes Denix | RMC","og_description":"D\u00e9couvrez cette reproduction du Pistolet Cavalerie Fran\u00e7aise au meilleur prix - Crosse en bois massif - M\u00e9canisme fonctionnel - Gravures - Longueur : 35 cm","og_url":"https:\/\/repliquemangacine.fr\/it\/replica-pistole-napoleoniche\/pistola-da-cavalleria-francese-1806\/","og_site_name":"R\u00e9plique Manga Cin\u00e9","article_publisher":"https:\/\/www.facebook.com\/RepliqueMangaCine","article_modified_time":"2025-12-17T22:25:48+00:00","og_image":[{"width":800,"height":800,"url":"https:\/\/repliquemangacine.fr\/wp-content\/uploads\/2023\/10\/845-Pistolet-Cavalerie-Francaise-1er-Empire.jpg","type":"image\/jpeg"}],"twitter_card":"summary_large_image","twitter_misc":{"Tempo di lettura stimato":"2 minuti"},"schema":{"@context":"https:\/\/schema.org","@graph":[{"@type":"WebPage","@id":"https:\/\/repliquemangacine.fr\/repliques-darmes-napoleon\/pistolet-cavalerie-francaise-1806\/","url":"https:\/\/repliquemangacine.fr\/repliques-darmes-napoleon\/pistolet-cavalerie-francaise-1806\/","name":"Pistola da cavalleria francese - Vendita pistole replica Denix | RMC","isPartOf":{"@id":"https:\/\/repliquemangacine.fr\/#website"},"primaryImageOfPage":{"@id":"https:\/\/repliquemangacine.fr\/repliques-darmes-napoleon\/pistolet-cavalerie-francaise-1806\/#primaryimage"},"image":{"@id":"https:\/\/repliquemangacine.fr\/repliques-darmes-napoleon\/pistolet-cavalerie-francaise-1806\/#primaryimage"},"thumbnailUrl":"https:\/\/repliquemangacine.fr\/wp-content\/uploads\/2023\/10\/845-Pistolet-Cavalerie-Francaise-1er-Empire.jpg","datePublished":"2016-11-09T14:41:08+00:00","dateModified":"2025-12-17T22:25:48+00:00","description":"Scopri questa riproduzione della pistola da cavalleria francese al miglior prezzo - Calcio in legno massiccio - Meccanismo funzionale - Incisioni - Lunghezza: 35 cm","breadcrumb":{"@id":"https:\/\/repliquemangacine.fr\/repliques-darmes-napoleon\/pistolet-cavalerie-francaise-1806\/#breadcrumb"},"inLanguage":"it-IT","potentialAction":[{"@type":"ReadAction","target":["https:\/\/repliquemangacine.fr\/repliques-darmes-napoleon\/pistolet-cavalerie-francaise-1806\/"]}]},{"@type":"ImageObject","inLanguage":"it-IT","@id":"https:\/\/repliquemangacine.fr\/repliques-darmes-napoleon\/pistolet-cavalerie-francaise-1806\/#primaryimage","url":"https:\/\/repliquemangacine.fr\/wp-content\/uploads\/2023\/10\/845-Pistolet-Cavalerie-Francaise-1er-Empire.jpg","contentUrl":"https:\/\/repliquemangacine.fr\/wp-content\/uploads\/2023\/10\/845-Pistolet-Cavalerie-Francaise-1er-Empire.jpg","width":800,"height":800,"caption":"Pistolet Cavalerie Fran\u00e7aise - 1er Empire"},{"@type":"BreadcrumbList","@id":"https:\/\/repliquemangacine.fr\/repliques-darmes-napoleon\/pistolet-cavalerie-francaise-1806\/#breadcrumb","itemListElement":[{"@type":"ListItem","position":1,"name":"Accueil","item":"https:\/\/repliquemangacine.fr\/"},{"@type":"ListItem","position":2,"name":"Produits","item":"https:\/\/repliquemangacine.fr\/boutique\/"},{"@type":"ListItem","position":3,"name":"Pistolet Cavalerie Fran\u00e7aise 1806"}]},{"@type":"WebSite","@id":"https:\/\/repliquemangacine.fr\/#website","url":"https:\/\/repliquemangacine.fr\/","name":"R\u00e9plique Manga Cin\u00e9","description":"","publisher":{"@id":"https:\/\/repliquemangacine.fr\/#organization"},"potentialAction":[{"@type":"SearchAction","target":{"@type":"EntryPoint","urlTemplate":"https:\/\/repliquemangacine.fr\/?s={search_term_string}"},"query-input":{"@type":"PropertyValueSpecification","valueRequired":true,"valueName":"search_term_string"}}],"inLanguage":"it-IT"},{"@type":"Organization","@id":"https:\/\/repliquemangacine.fr\/#organization","name":"R\u00e9plique Manga Cin\u00e9","url":"https:\/\/repliquemangacine.fr\/","logo":{"@type":"ImageObject","inLanguage":"it-IT","@id":"https:\/\/repliquemangacine.fr\/#\/schema\/logo\/image\/","url":"https:\/\/repliquemangacine.fr\/wp-content\/uploads\/2023\/10\/RMC-500250.png","contentUrl":"https:\/\/repliquemangacine.fr\/wp-content\/uploads\/2023\/10\/RMC-500250.png","width":500,"height":250,"caption":"R\u00e9plique Manga Cin\u00e9"},"image":{"@id":"https:\/\/repliquemangacine.fr\/#\/schema\/logo\/image\/"},"sameAs":["https:\/\/www.facebook.com\/RepliqueMangaCine","https:\/\/www.instagram.com\/repliquemangacine.fr\/"]}]}},"_links":{"self":[{"href":"https:\/\/repliquemangacine.fr\/it\/wp-json\/wp\/v2\/product\/26133","targetHints":{"allow":["GET"]}}],"collection":[{"href":"https:\/\/repliquemangacine.fr\/it\/wp-json\/wp\/v2\/product"}],"about":[{"href":"https:\/\/repliquemangacine.fr\/it\/wp-json\/wp\/v2\/types\/product"}],"wp:featuredmedia":[{"embeddable":true,"href":"https:\/\/repliquemangacine.fr\/it\/wp-json\/wp\/v2\/media\/26134"}],"wp:attachment":[{"href":"https:\/\/repliquemangacine.fr\/it\/wp-json\/wp\/v2\/media?parent=26133"}],"wp:term":[{"taxonomy":"product_brand","embeddable":true,"href":"https:\/\/repliquemangacine.fr\/it\/wp-json\/wp\/v2\/product_brand?post=26133"},{"taxonomy":"product_cat","embeddable":true,"href":"https:\/\/repliquemangacine.fr\/it\/wp-json\/wp\/v2\/product_cat?post=26133"},{"taxonomy":"product_tag","embeddable":true,"href":"https:\/\/repliquemangacine.fr\/it\/wp-json\/wp\/v2\/product_tag?post=26133"}],"curies":[{"name":"wp","href":"https:\/\/api.w.org\/{rel}","templated":true}]}}