





{"id":26124,"date":"2016-11-09T14:47:52","date_gmt":"2016-11-09T13:47:52","guid":{"rendered":"https:\/\/repliquemangacine.fr\/?post_type=product&#038;p=26124"},"modified":"2026-04-15T13:01:54","modified_gmt":"2026-04-15T11:01:54","slug":"pistola-napoleone-gribeauval-1806","status":"publish","type":"product","link":"https:\/\/repliquemangacine.fr\/it\/pistolet-ancien\/pistolet-napoleon-gribeauval-1806\/","title":{"rendered":"Pistola Napoleone Gribeauval 1806"},"content":{"rendered":"<h2>Pistola Napoleone Gribeauval 1806 - Denix.<\/h2>\n<p>Per cominciare, il <strong>Pistola Napoleone Gribeauval 1806<\/strong>, Realizzato a Saint-Etienne da Jean-Baptiste Gribeauval. Ufficiale e ingegnere, riform\u00f2 l'artiglieria da campo francese. La riorganizzazione di Gribeauval spiega in parte il successo degli eserciti rivoluzionari e napoleonici.<\/p>\n<p>Napoleone Bonaparte divenne rapidamente popolare per il suo genio militare e le sue capacit\u00e0 di generale. Inoltre, in battaglia, il suo coraggio gli valse l'adorazione dei grognards. Sempre in prima linea, esponendosi volentieri al fuoco nemico, rischi\u00f2 pi\u00f9 volte la vita.<\/p>\n<p>In conclusione, la pistola a pietra focaia rimase la pi\u00f9 diffusa in tutta Europa e oltre per oltre 200 anni. Fu ampiamente utilizzata dagli eserciti, soprattutto durante l'epoca napoleonica. Infatti, era molto ricercata per le rievocazioni storiche di quell'epoca e per tutte le battaglie del XVIII secolo.<\/p>\n<h2>La vostra pistola Napoleon Gribeauval 1806 al miglior prezzo.<\/h2>\n<p>Vi proponiamo un'ampia scelta di repliche di armi antiche Denix.<\/p>\n<p>Innanzitutto,<\/p>\n<ul>\n<li>Le <a href=\"https:\/\/repliquemangacine.fr\/it\/armi-replica-1-impero\/pistola-napoleonica-mancina\/\">Pistola Napoleone<\/a> mancino, con emblema sul calcio.<\/li>\n<li>C'\u00e8 anche il sistema altamente affidabile e preciso <a href=\"https:\/\/repliquemangacine.fr\/it\/pistola-antica\/pistola-da-duello-inglese-del-xviii-secolo\/\">Pistola da duello inglese<\/a><\/li>\n<li>E molti altri da scoprire nel nostro negozio online!<\/li>\n<\/ul>\n<p>Ecco quindi alcune fantastiche idee regalo per tutti gli appassionati di armi antiche.<\/p>\n<p>In conclusione, \u00e8 possibile utilizzare il metodo <strong>Pistola Napoleone Gribeauval 1806<\/strong> per le vostre rievocazioni storiche. Ma soprattutto \u00e8 un oggetto da collezione e un pezzo decorativo.<\/p>\n<p>R\u00e9plique Manga Cin\u00e9 \u00e8 un'azienda familiare francese, distributore ufficiale <a href=\"https:\/\/www.denix.fr\/fr\/catalogue\/armes-historiques-s-xvi-xix\/pistolets\/1063\/\" target=\"_blank\" rel=\"noopener noreferrer\">Denix<\/a>.<\/p>\n<h2>Come vengono realizzate le repliche delle armi Denix?<\/h2>\n<p>Utilizzate in rievocazioni storiche, film, serie e dai collezionisti. Le riproduzioni Denix sono realizzate con materiali di alta qualit\u00e0. Sono accuratamente lavorate e assemblate per creare armi realistiche da collezione.<\/p>\n<p>I metalli sono in una lega metallica nota come Zamac, la cui composizione di base \u00e8 zinco in 95%.<br \/>\nLe parti in plastica delle repliche sono realizzate in ABS stampato, che offre una grande resistenza.<br \/>\nIl legno scelto per la sua bellezza e durata, come il mogano, l'ulivo o il noce, conferir\u00e0 ai mozziconi e alle botti un aspetto elegante e autentico.<\/p>\n<p>Si noti che tutte le riproduzioni Denix sono identiche agli originali, come il vostro <strong>Pistola Napoleone Gribeauval 1806<\/strong>.<\/p>","protected":false},"excerpt":{"rendered":"<p>Riproduzione della pistola Napoleone 1806.<\/p>\n<ul>\n<li>Calcio in legno massiccio con emblema N.<\/li>\n<li>Meccanismo e canna in Zamac.<\/li>\n<li>Cappello con emblema dell'aquila.<\/li>\n<li>Guardia del grilletto a dondolo.<\/li>\n<li>Armi e colpi<strong>.<\/strong><\/li>\n<li>Non idoneo a sparare.<\/li>\n<li>Non \u00e8 richiesta alcuna autorizzazione. Vendita e possesso gratuiti.<\/li>\n<li>Lunghezza: 35 cm - Peso 749 grammi<\/li>\n<\/ul>","protected":false},"featured_media":26125,"template":"","meta":[],"product_brand":[896],"product_cat":[25,52,37,28],"product_tag":[],"class_list":{"0":"post-26124","1":"product","2":"type-product","3":"status-publish","4":"has-post-thumbnail","6":"product_brand-replique-manga-cine","7":"product_cat-armes-historiques","8":"product_cat-pistolet-ancien","9":"product_cat-premier-empire","10":"product_cat-repliques-darmes","12":"first","13":"instock","14":"sale","15":"taxable","16":"shipping-taxable","17":"purchasable","18":"product-type-simple"},"yoast_head":"<!-- This site is optimized with the Yoast SEO plugin v27.4 - https:\/\/yoast.com\/product\/yoast-seo-wordpress\/ -->\n<title>Pistolet Napol\u00e9on Gribeauval 1806 - Vente r\u00e9plique Denix | RMC<\/title>\n<meta name=\"description\" content=\"Offrez-vous le Pistolet Napol\u00e9on Gribeauval 1806 au meilleur prix - Crosse en bois massif et embl\u00e8mes - M\u00e9canisme fonctionnel - Longueur totale : 35 cm\" \/>\n<meta name=\"robots\" content=\"index, follow, max-snippet:-1, max-image-preview:large, max-video-preview:-1\" \/>\n<link rel=\"canonical\" href=\"https:\/\/repliquemangacine.fr\/it\/pistola-antica\/pistola-napoleone-gribeauval-1806\/\" \/>\n<meta property=\"og:locale\" content=\"it_IT\" \/>\n<meta property=\"og:type\" content=\"article\" \/>\n<meta property=\"og:title\" content=\"Pistolet Napol\u00e9on Gribeauval 1806 - Vente r\u00e9plique Denix | RMC\" \/>\n<meta property=\"og:description\" content=\"Offrez-vous le Pistolet Napol\u00e9on Gribeauval 1806 au meilleur prix - Crosse en bois massif et embl\u00e8mes - M\u00e9canisme fonctionnel - Longueur totale : 35 cm\" \/>\n<meta property=\"og:url\" content=\"https:\/\/repliquemangacine.fr\/it\/pistola-antica\/pistola-napoleone-gribeauval-1806\/\" \/>\n<meta property=\"og:site_name\" content=\"R\u00e9plique Manga Cin\u00e9\" \/>\n<meta property=\"article:publisher\" content=\"https:\/\/www.facebook.com\/RepliqueMangaCine\" \/>\n<meta property=\"article:modified_time\" content=\"2026-04-15T11:01:54+00:00\" \/>\n<meta property=\"og:image\" content=\"https:\/\/repliquemangacine.fr\/wp-content\/uploads\/2023\/10\/832-Pistolet-Napoleon-Gribeauval-1806.jpg\" \/>\n\t<meta property=\"og:image:width\" content=\"800\" \/>\n\t<meta property=\"og:image:height\" content=\"800\" \/>\n\t<meta property=\"og:image:type\" content=\"image\/jpeg\" \/>\n<meta name=\"twitter:card\" content=\"summary_large_image\" \/>\n<meta name=\"twitter:label1\" content=\"Tempo di lettura stimato\" \/>\n\t<meta name=\"twitter:data1\" content=\"2 minuti\" \/>\n<script type=\"application\/ld+json\" class=\"yoast-schema-graph\">{\"@context\":\"https:\\\/\\\/schema.org\",\"@graph\":[{\"@type\":\"WebPage\",\"@id\":\"https:\\\/\\\/repliquemangacine.fr\\\/pistolet-ancien\\\/pistolet-napoleon-gribeauval-1806\\\/\",\"url\":\"https:\\\/\\\/repliquemangacine.fr\\\/pistolet-ancien\\\/pistolet-napoleon-gribeauval-1806\\\/\",\"name\":\"Pistolet Napol\u00e9on Gribeauval 1806 - Vente r\u00e9plique Denix | RMC\",\"isPartOf\":{\"@id\":\"https:\\\/\\\/repliquemangacine.fr\\\/#website\"},\"primaryImageOfPage\":{\"@id\":\"https:\\\/\\\/repliquemangacine.fr\\\/pistolet-ancien\\\/pistolet-napoleon-gribeauval-1806\\\/#primaryimage\"},\"image\":{\"@id\":\"https:\\\/\\\/repliquemangacine.fr\\\/pistolet-ancien\\\/pistolet-napoleon-gribeauval-1806\\\/#primaryimage\"},\"thumbnailUrl\":\"https:\\\/\\\/repliquemangacine.fr\\\/wp-content\\\/uploads\\\/2023\\\/10\\\/832-Pistolet-Napoleon-Gribeauval-1806.jpg\",\"datePublished\":\"2016-11-09T13:47:52+00:00\",\"dateModified\":\"2026-04-15T11:01:54+00:00\",\"description\":\"Offrez-vous le Pistolet Napol\u00e9on Gribeauval 1806 au meilleur prix - Crosse en bois massif et embl\u00e8mes - M\u00e9canisme fonctionnel - Longueur totale : 35 cm\",\"breadcrumb\":{\"@id\":\"https:\\\/\\\/repliquemangacine.fr\\\/pistolet-ancien\\\/pistolet-napoleon-gribeauval-1806\\\/#breadcrumb\"},\"inLanguage\":\"it-IT\",\"potentialAction\":[{\"@type\":\"ReadAction\",\"target\":[\"https:\\\/\\\/repliquemangacine.fr\\\/pistolet-ancien\\\/pistolet-napoleon-gribeauval-1806\\\/\"]}]},{\"@type\":\"ImageObject\",\"inLanguage\":\"it-IT\",\"@id\":\"https:\\\/\\\/repliquemangacine.fr\\\/pistolet-ancien\\\/pistolet-napoleon-gribeauval-1806\\\/#primaryimage\",\"url\":\"https:\\\/\\\/repliquemangacine.fr\\\/wp-content\\\/uploads\\\/2023\\\/10\\\/832-Pistolet-Napoleon-Gribeauval-1806.jpg\",\"contentUrl\":\"https:\\\/\\\/repliquemangacine.fr\\\/wp-content\\\/uploads\\\/2023\\\/10\\\/832-Pistolet-Napoleon-Gribeauval-1806.jpg\",\"width\":800,\"height\":800,\"caption\":\"Pistolet Napol\u00e9on - Gribeauval 1806\"},{\"@type\":\"BreadcrumbList\",\"@id\":\"https:\\\/\\\/repliquemangacine.fr\\\/pistolet-ancien\\\/pistolet-napoleon-gribeauval-1806\\\/#breadcrumb\",\"itemListElement\":[{\"@type\":\"ListItem\",\"position\":1,\"name\":\"Accueil\",\"item\":\"https:\\\/\\\/repliquemangacine.fr\\\/\"},{\"@type\":\"ListItem\",\"position\":2,\"name\":\"Produits\",\"item\":\"https:\\\/\\\/repliquemangacine.fr\\\/boutique\\\/\"},{\"@type\":\"ListItem\",\"position\":3,\"name\":\"Pistolet Napol\u00e9on Gribeauval 1806\"}]},{\"@type\":\"WebSite\",\"@id\":\"https:\\\/\\\/repliquemangacine.fr\\\/#website\",\"url\":\"https:\\\/\\\/repliquemangacine.fr\\\/\",\"name\":\"R\u00e9plique Manga Cin\u00e9\",\"description\":\"\",\"publisher\":{\"@id\":\"https:\\\/\\\/repliquemangacine.fr\\\/#organization\"},\"potentialAction\":[{\"@type\":\"SearchAction\",\"target\":{\"@type\":\"EntryPoint\",\"urlTemplate\":\"https:\\\/\\\/repliquemangacine.fr\\\/?s={search_term_string}\"},\"query-input\":{\"@type\":\"PropertyValueSpecification\",\"valueRequired\":true,\"valueName\":\"search_term_string\"}}],\"inLanguage\":\"it-IT\"},{\"@type\":\"Organization\",\"@id\":\"https:\\\/\\\/repliquemangacine.fr\\\/#organization\",\"name\":\"R\u00e9plique Manga Cin\u00e9\",\"url\":\"https:\\\/\\\/repliquemangacine.fr\\\/\",\"logo\":{\"@type\":\"ImageObject\",\"inLanguage\":\"it-IT\",\"@id\":\"https:\\\/\\\/repliquemangacine.fr\\\/#\\\/schema\\\/logo\\\/image\\\/\",\"url\":\"https:\\\/\\\/repliquemangacine.fr\\\/wp-content\\\/uploads\\\/2023\\\/10\\\/RMC-500250.png\",\"contentUrl\":\"https:\\\/\\\/repliquemangacine.fr\\\/wp-content\\\/uploads\\\/2023\\\/10\\\/RMC-500250.png\",\"width\":500,\"height\":250,\"caption\":\"R\u00e9plique Manga Cin\u00e9\"},\"image\":{\"@id\":\"https:\\\/\\\/repliquemangacine.fr\\\/#\\\/schema\\\/logo\\\/image\\\/\"},\"sameAs\":[\"https:\\\/\\\/www.facebook.com\\\/RepliqueMangaCine\",\"https:\\\/\\\/www.instagram.com\\\/repliquemangacine.fr\\\/\"]}]}<\/script>\n<!-- \/ Yoast SEO plugin. -->","yoast_head_json":{"title":"Pistola Napoleone Gribeauval 1806 - Vendita replica Denix | RMC","description":"Regalatevi la Pistola Napoleon Gribeauval 1806 al miglior prezzo - Calcio ed emblemi in legno massiccio - Meccanismo funzionale - Lunghezza totale: 35 cm","robots":{"index":"index","follow":"follow","max-snippet":"max-snippet:-1","max-image-preview":"max-image-preview:large","max-video-preview":"max-video-preview:-1"},"canonical":"https:\/\/repliquemangacine.fr\/it\/pistola-antica\/pistola-napoleone-gribeauval-1806\/","og_locale":"it_IT","og_type":"article","og_title":"Pistolet Napol\u00e9on Gribeauval 1806 - Vente r\u00e9plique Denix | RMC","og_description":"Offrez-vous le Pistolet Napol\u00e9on Gribeauval 1806 au meilleur prix - Crosse en bois massif et embl\u00e8mes - M\u00e9canisme fonctionnel - Longueur totale : 35 cm","og_url":"https:\/\/repliquemangacine.fr\/it\/pistola-antica\/pistola-napoleone-gribeauval-1806\/","og_site_name":"R\u00e9plique Manga Cin\u00e9","article_publisher":"https:\/\/www.facebook.com\/RepliqueMangaCine","article_modified_time":"2026-04-15T11:01:54+00:00","og_image":[{"width":800,"height":800,"url":"https:\/\/repliquemangacine.fr\/wp-content\/uploads\/2023\/10\/832-Pistolet-Napoleon-Gribeauval-1806.jpg","type":"image\/jpeg"}],"twitter_card":"summary_large_image","twitter_misc":{"Tempo di lettura stimato":"2 minuti"},"schema":{"@context":"https:\/\/schema.org","@graph":[{"@type":"WebPage","@id":"https:\/\/repliquemangacine.fr\/pistolet-ancien\/pistolet-napoleon-gribeauval-1806\/","url":"https:\/\/repliquemangacine.fr\/pistolet-ancien\/pistolet-napoleon-gribeauval-1806\/","name":"Pistola Napoleone Gribeauval 1806 - Vendita replica Denix | RMC","isPartOf":{"@id":"https:\/\/repliquemangacine.fr\/#website"},"primaryImageOfPage":{"@id":"https:\/\/repliquemangacine.fr\/pistolet-ancien\/pistolet-napoleon-gribeauval-1806\/#primaryimage"},"image":{"@id":"https:\/\/repliquemangacine.fr\/pistolet-ancien\/pistolet-napoleon-gribeauval-1806\/#primaryimage"},"thumbnailUrl":"https:\/\/repliquemangacine.fr\/wp-content\/uploads\/2023\/10\/832-Pistolet-Napoleon-Gribeauval-1806.jpg","datePublished":"2016-11-09T13:47:52+00:00","dateModified":"2026-04-15T11:01:54+00:00","description":"Regalatevi la Pistola Napoleon Gribeauval 1806 al miglior prezzo - Calcio ed emblemi in legno massiccio - Meccanismo funzionale - Lunghezza totale: 35 cm","breadcrumb":{"@id":"https:\/\/repliquemangacine.fr\/pistolet-ancien\/pistolet-napoleon-gribeauval-1806\/#breadcrumb"},"inLanguage":"it-IT","potentialAction":[{"@type":"ReadAction","target":["https:\/\/repliquemangacine.fr\/pistolet-ancien\/pistolet-napoleon-gribeauval-1806\/"]}]},{"@type":"ImageObject","inLanguage":"it-IT","@id":"https:\/\/repliquemangacine.fr\/pistolet-ancien\/pistolet-napoleon-gribeauval-1806\/#primaryimage","url":"https:\/\/repliquemangacine.fr\/wp-content\/uploads\/2023\/10\/832-Pistolet-Napoleon-Gribeauval-1806.jpg","contentUrl":"https:\/\/repliquemangacine.fr\/wp-content\/uploads\/2023\/10\/832-Pistolet-Napoleon-Gribeauval-1806.jpg","width":800,"height":800,"caption":"Pistolet Napol\u00e9on - Gribeauval 1806"},{"@type":"BreadcrumbList","@id":"https:\/\/repliquemangacine.fr\/pistolet-ancien\/pistolet-napoleon-gribeauval-1806\/#breadcrumb","itemListElement":[{"@type":"ListItem","position":1,"name":"Accueil","item":"https:\/\/repliquemangacine.fr\/"},{"@type":"ListItem","position":2,"name":"Produits","item":"https:\/\/repliquemangacine.fr\/boutique\/"},{"@type":"ListItem","position":3,"name":"Pistolet Napol\u00e9on Gribeauval 1806"}]},{"@type":"WebSite","@id":"https:\/\/repliquemangacine.fr\/#website","url":"https:\/\/repliquemangacine.fr\/","name":"R\u00e9plique Manga Cin\u00e9","description":"","publisher":{"@id":"https:\/\/repliquemangacine.fr\/#organization"},"potentialAction":[{"@type":"SearchAction","target":{"@type":"EntryPoint","urlTemplate":"https:\/\/repliquemangacine.fr\/?s={search_term_string}"},"query-input":{"@type":"PropertyValueSpecification","valueRequired":true,"valueName":"search_term_string"}}],"inLanguage":"it-IT"},{"@type":"Organization","@id":"https:\/\/repliquemangacine.fr\/#organization","name":"R\u00e9plique Manga Cin\u00e9","url":"https:\/\/repliquemangacine.fr\/","logo":{"@type":"ImageObject","inLanguage":"it-IT","@id":"https:\/\/repliquemangacine.fr\/#\/schema\/logo\/image\/","url":"https:\/\/repliquemangacine.fr\/wp-content\/uploads\/2023\/10\/RMC-500250.png","contentUrl":"https:\/\/repliquemangacine.fr\/wp-content\/uploads\/2023\/10\/RMC-500250.png","width":500,"height":250,"caption":"R\u00e9plique Manga Cin\u00e9"},"image":{"@id":"https:\/\/repliquemangacine.fr\/#\/schema\/logo\/image\/"},"sameAs":["https:\/\/www.facebook.com\/RepliqueMangaCine","https:\/\/www.instagram.com\/repliquemangacine.fr\/"]}]}},"_links":{"self":[{"href":"https:\/\/repliquemangacine.fr\/it\/wp-json\/wp\/v2\/product\/26124","targetHints":{"allow":["GET"]}}],"collection":[{"href":"https:\/\/repliquemangacine.fr\/it\/wp-json\/wp\/v2\/product"}],"about":[{"href":"https:\/\/repliquemangacine.fr\/it\/wp-json\/wp\/v2\/types\/product"}],"wp:featuredmedia":[{"embeddable":true,"href":"https:\/\/repliquemangacine.fr\/it\/wp-json\/wp\/v2\/media\/26125"}],"wp:attachment":[{"href":"https:\/\/repliquemangacine.fr\/it\/wp-json\/wp\/v2\/media?parent=26124"}],"wp:term":[{"taxonomy":"product_brand","embeddable":true,"href":"https:\/\/repliquemangacine.fr\/it\/wp-json\/wp\/v2\/product_brand?post=26124"},{"taxonomy":"product_cat","embeddable":true,"href":"https:\/\/repliquemangacine.fr\/it\/wp-json\/wp\/v2\/product_cat?post=26124"},{"taxonomy":"product_tag","embeddable":true,"href":"https:\/\/repliquemangacine.fr\/it\/wp-json\/wp\/v2\/product_tag?post=26124"}],"curies":[{"name":"wp","href":"https:\/\/api.w.org\/{rel}","templated":true}]}}