





{"id":26116,"date":"2016-11-09T11:43:03","date_gmt":"2016-11-09T10:43:03","guid":{"rendered":"https:\/\/repliquemangacine.fr\/?post_type=product&#038;p=26116"},"modified":"2026-04-14T11:10:14","modified_gmt":"2026-04-14T09:10:14","slug":"pistola-pirata-a-scintilla-del-xviii-secolo","status":"publish","type":"product","link":"https:\/\/repliquemangacine.fr\/it\/pistolet-pirate\/pistolet-pirate-spark-gun-18eme-siecle\/","title":{"rendered":"18\u1d49 Pistola pirata Century Spark Gun"},"content":{"rendered":"<h2>Pistola a scintilla pirata del 18\u1d49 secolo.<\/h2>\n<p>Per iniziare, il programma <strong>Pistola a scintilla pirata<\/strong>, era una delle armi da fuoco pi\u00f9 utilizzate dai pirati nel XVIII secolo.<\/p>\n<p>Le pistole a scintilla avevano una pietra focaia o un selce che, azionata dal martello, produceva la scintilla che accendeva la polvere da sparo. Tutte queste armi richiedevano la ricarica manuale delle munizioni dopo ogni colpo.<\/p>\n<p>Generalmente utilizzato per un solo colpo, in quanto il metodo di ricarica era molto lento e generalmente non aveva il tempo di ricaricare. Di conseguenza, i combattenti dopo il colpo erano costretti a estrarre le sciabole o le spade.<\/p>\n<h2>La vostra pistola pirata Spark Gun al miglior prezzo.<\/h2>\n<p>Vi proponiamo un'ampia scelta di repliche di armi antiche Denix.<\/p>\n<p>Innanzitutto,<\/p>\n<ul>\n<li>Le <a href=\"https:\/\/repliquemangacine.fr\/it\/pistola-antica\/pistola-kentucky-19-usa\/\">Pistola a scintilla del Kentucky,<\/a> l'arma classica dei primi esploratori del West americano.<\/li>\n<li>C'\u00e8 anche la pistola a pietra focaia <a href=\"https:\/\/repliquemangacine.fr\/it\/pistola-antica\/pistola-napoleone-gribeauval-1806\/\">Napol\u00e9on Gribeauval<\/a> 1806.<\/li>\n<li>E molti altri da scoprire nel nostro negozio online!<\/li>\n<\/ul>\n<p>Ecco quindi alcune fantastiche idee regalo per tutti gli appassionati di armi antiche.<\/p>\n<p>In conclusione, \u00e8 possibile utilizzare il metodo <strong>Pistola a scintilla pirata<\/strong> per le vostre rievocazioni storiche. Ma soprattutto \u00e8 un oggetto da collezione e un pezzo decorativo.<\/p>\n<p>R\u00e9plique Manga Cin\u00e9 \u00e8 un'azienda familiare francese, distributore ufficiale <a href=\"https:\/\/www.denix.fr\/fr\/catalogue\/colonial-et-pirate-1492-s-xviii\/pistolets\/1012\/\" target=\"_blank\" rel=\"noopener noreferrer\">Denix<\/a>.<\/p>\n<h2>Come vengono realizzate le repliche delle armi Denix?<\/h2>\n<p>Utilizzate in rievocazioni storiche, film, serie e dai collezionisti. Le riproduzioni Denix sono realizzate con materiali di alta qualit\u00e0. Sono accuratamente lavorate e assemblate per creare armi realistiche da collezione.<\/p>\n<ul>\n<li>I metalli sono in una lega metallica nota come Zamac, la cui composizione di base \u00e8 zinco in 95%.<\/li>\n<li>Le parti in plastica delle repliche sono realizzate in ABS stampato, che offre una grande resistenza.<\/li>\n<li>Il legno scelto per la sua bellezza e durata, come il mogano, l'ulivo o il noce, conferir\u00e0 ai mozziconi e alle botti un aspetto elegante e autentico.<\/li>\n<\/ul>\n<p>Si noti che tutte le riproduzioni Denix sono identiche agli originali, come il vostro <strong>Pistola a scintilla pirata<\/strong>.<\/p>","protected":false},"excerpt":{"rendered":"<p>Riproduzione della pistola pirata ispirata al modello originale.<\/p>\n<ul>\n<li>Calcio e canna in legno massiccio.<\/li>\n<li>Meccanismo e canna in Zamac.<\/li>\n<li>Pistole e colpi come quelli veri, ma \u00e8 <strong>totalmente inadatto a sparare<\/strong>.<\/li>\n<li>Non \u00e8 richiesta alcuna autorizzazione. Vendita e possesso gratuiti.<\/li>\n<li>Lunghezza: 35 cm - Peso: 630 gr.<\/li>\n<\/ul>","protected":false},"featured_media":26117,"template":"","meta":[],"product_brand":[896],"product_cat":[49,25,52,114,37,83],"product_tag":[],"class_list":{"0":"post-26116","1":"product","2":"type-product","3":"status-publish","4":"has-post-thumbnail","6":"product_brand-replique-manga-cine","7":"product_cat-armes-de-pirates","8":"product_cat-armes-historiques","9":"product_cat-pistolet-ancien","10":"product_cat-pistolet-pirate","11":"product_cat-premier-empire","12":"product_cat-replique-d-armes-1er-empire","14":"first","15":"instock","16":"sale","17":"taxable","18":"shipping-taxable","19":"purchasable","20":"product-type-simple"},"yoast_head":"<!-- This site is optimized with the Yoast SEO plugin v27.4 - https:\/\/yoast.com\/product\/yoast-seo-wordpress\/ -->\n<title>Pistolet pirate Spark Gun - Vente en ligne d&#039;armes Denix | RMC<\/title>\n<meta name=\"description\" content=\"Offrez-vous ce Pistolet pirate Spark Gun du 18\u1d49 au meilleur prix - Crosse et f\u00fbt en bois massif - M\u00e9canisme fonctionnel en zamac - Longueur : 35 cm\" \/>\n<meta name=\"robots\" content=\"index, follow, max-snippet:-1, max-image-preview:large, max-video-preview:-1\" \/>\n<link rel=\"canonical\" href=\"https:\/\/repliquemangacine.fr\/it\/pistola-pirata\/pistola-pirata-a-scintilla-del-xviii-secolo\/\" \/>\n<meta property=\"og:locale\" content=\"it_IT\" \/>\n<meta property=\"og:type\" content=\"article\" \/>\n<meta property=\"og:title\" content=\"Pistolet pirate Spark Gun - Vente en ligne d&#039;armes Denix | RMC\" \/>\n<meta property=\"og:description\" content=\"Offrez-vous ce Pistolet pirate Spark Gun du 18\u1d49 au meilleur prix - Crosse et f\u00fbt en bois massif - M\u00e9canisme fonctionnel en zamac - Longueur : 35 cm\" \/>\n<meta property=\"og:url\" content=\"https:\/\/repliquemangacine.fr\/it\/pistola-pirata\/pistola-pirata-a-scintilla-del-xviii-secolo\/\" \/>\n<meta property=\"og:site_name\" content=\"R\u00e9plique Manga Cin\u00e9\" \/>\n<meta property=\"article:publisher\" content=\"https:\/\/www.facebook.com\/RepliqueMangaCine\" \/>\n<meta property=\"article:modified_time\" content=\"2026-04-14T09:10:14+00:00\" \/>\n<meta property=\"og:image\" content=\"https:\/\/repliquemangacine.fr\/wp-content\/uploads\/2023\/10\/824-Pistolet-Pirate-des-caraibes-18eme-Siecle.jpg\" \/>\n\t<meta property=\"og:image:width\" content=\"800\" \/>\n\t<meta property=\"og:image:height\" content=\"800\" \/>\n\t<meta property=\"og:image:type\" content=\"image\/jpeg\" \/>\n<meta name=\"twitter:card\" content=\"summary_large_image\" \/>\n<meta name=\"twitter:label1\" content=\"Tempo di lettura stimato\" \/>\n\t<meta name=\"twitter:data1\" content=\"2 minuti\" \/>\n<script type=\"application\/ld+json\" class=\"yoast-schema-graph\">{\"@context\":\"https:\\\/\\\/schema.org\",\"@graph\":[{\"@type\":\"WebPage\",\"@id\":\"https:\\\/\\\/repliquemangacine.fr\\\/pistolet-pirate\\\/pistolet-pirate-spark-gun-18eme-siecle\\\/\",\"url\":\"https:\\\/\\\/repliquemangacine.fr\\\/pistolet-pirate\\\/pistolet-pirate-spark-gun-18eme-siecle\\\/\",\"name\":\"Pistolet pirate Spark Gun - Vente en ligne d'armes Denix | RMC\",\"isPartOf\":{\"@id\":\"https:\\\/\\\/repliquemangacine.fr\\\/#website\"},\"primaryImageOfPage\":{\"@id\":\"https:\\\/\\\/repliquemangacine.fr\\\/pistolet-pirate\\\/pistolet-pirate-spark-gun-18eme-siecle\\\/#primaryimage\"},\"image\":{\"@id\":\"https:\\\/\\\/repliquemangacine.fr\\\/pistolet-pirate\\\/pistolet-pirate-spark-gun-18eme-siecle\\\/#primaryimage\"},\"thumbnailUrl\":\"https:\\\/\\\/repliquemangacine.fr\\\/wp-content\\\/uploads\\\/2023\\\/10\\\/824-Pistolet-Pirate-des-caraibes-18eme-Siecle.jpg\",\"datePublished\":\"2016-11-09T10:43:03+00:00\",\"dateModified\":\"2026-04-14T09:10:14+00:00\",\"description\":\"Offrez-vous ce Pistolet pirate Spark Gun du 18\u1d49 au meilleur prix - Crosse et f\u00fbt en bois massif - M\u00e9canisme fonctionnel en zamac - Longueur : 35 cm\",\"breadcrumb\":{\"@id\":\"https:\\\/\\\/repliquemangacine.fr\\\/pistolet-pirate\\\/pistolet-pirate-spark-gun-18eme-siecle\\\/#breadcrumb\"},\"inLanguage\":\"it-IT\",\"potentialAction\":[{\"@type\":\"ReadAction\",\"target\":[\"https:\\\/\\\/repliquemangacine.fr\\\/pistolet-pirate\\\/pistolet-pirate-spark-gun-18eme-siecle\\\/\"]}]},{\"@type\":\"ImageObject\",\"inLanguage\":\"it-IT\",\"@id\":\"https:\\\/\\\/repliquemangacine.fr\\\/pistolet-pirate\\\/pistolet-pirate-spark-gun-18eme-siecle\\\/#primaryimage\",\"url\":\"https:\\\/\\\/repliquemangacine.fr\\\/wp-content\\\/uploads\\\/2023\\\/10\\\/824-Pistolet-Pirate-des-caraibes-18eme-Siecle.jpg\",\"contentUrl\":\"https:\\\/\\\/repliquemangacine.fr\\\/wp-content\\\/uploads\\\/2023\\\/10\\\/824-Pistolet-Pirate-des-caraibes-18eme-Siecle.jpg\",\"width\":800,\"height\":800,\"caption\":\"Pistolet Pirate des caraibes 18\u00e8me Si\u00e8cle\"},{\"@type\":\"BreadcrumbList\",\"@id\":\"https:\\\/\\\/repliquemangacine.fr\\\/pistolet-pirate\\\/pistolet-pirate-spark-gun-18eme-siecle\\\/#breadcrumb\",\"itemListElement\":[{\"@type\":\"ListItem\",\"position\":1,\"name\":\"Accueil\",\"item\":\"https:\\\/\\\/repliquemangacine.fr\\\/\"},{\"@type\":\"ListItem\",\"position\":2,\"name\":\"Produits\",\"item\":\"https:\\\/\\\/repliquemangacine.fr\\\/boutique\\\/\"},{\"@type\":\"ListItem\",\"position\":3,\"name\":\"Pistolet pirate Spark Gun 18\u1d49 Si\u00e8cle\"}]},{\"@type\":\"WebSite\",\"@id\":\"https:\\\/\\\/repliquemangacine.fr\\\/#website\",\"url\":\"https:\\\/\\\/repliquemangacine.fr\\\/\",\"name\":\"R\u00e9plique Manga Cin\u00e9\",\"description\":\"\",\"publisher\":{\"@id\":\"https:\\\/\\\/repliquemangacine.fr\\\/#organization\"},\"potentialAction\":[{\"@type\":\"SearchAction\",\"target\":{\"@type\":\"EntryPoint\",\"urlTemplate\":\"https:\\\/\\\/repliquemangacine.fr\\\/?s={search_term_string}\"},\"query-input\":{\"@type\":\"PropertyValueSpecification\",\"valueRequired\":true,\"valueName\":\"search_term_string\"}}],\"inLanguage\":\"it-IT\"},{\"@type\":\"Organization\",\"@id\":\"https:\\\/\\\/repliquemangacine.fr\\\/#organization\",\"name\":\"R\u00e9plique Manga Cin\u00e9\",\"url\":\"https:\\\/\\\/repliquemangacine.fr\\\/\",\"logo\":{\"@type\":\"ImageObject\",\"inLanguage\":\"it-IT\",\"@id\":\"https:\\\/\\\/repliquemangacine.fr\\\/#\\\/schema\\\/logo\\\/image\\\/\",\"url\":\"https:\\\/\\\/repliquemangacine.fr\\\/wp-content\\\/uploads\\\/2023\\\/10\\\/RMC-500250.png\",\"contentUrl\":\"https:\\\/\\\/repliquemangacine.fr\\\/wp-content\\\/uploads\\\/2023\\\/10\\\/RMC-500250.png\",\"width\":500,\"height\":250,\"caption\":\"R\u00e9plique Manga Cin\u00e9\"},\"image\":{\"@id\":\"https:\\\/\\\/repliquemangacine.fr\\\/#\\\/schema\\\/logo\\\/image\\\/\"},\"sameAs\":[\"https:\\\/\\\/www.facebook.com\\\/RepliqueMangaCine\",\"https:\\\/\\\/www.instagram.com\\\/repliquemangacine.fr\\\/\"]}]}<\/script>\n<!-- \/ Yoast SEO plugin. -->","yoast_head_json":{"title":"Pistola pirata Spark Gun - vendita online di armi Denix | RMC","description":"Regalatevi questa pistola pirata Spark Gun 18\u1d49 al miglior prezzo - Calcio e canna in legno massiccio - Meccanismo funzionale in zamac - Lunghezza: 35 cm","robots":{"index":"index","follow":"follow","max-snippet":"max-snippet:-1","max-image-preview":"max-image-preview:large","max-video-preview":"max-video-preview:-1"},"canonical":"https:\/\/repliquemangacine.fr\/it\/pistola-pirata\/pistola-pirata-a-scintilla-del-xviii-secolo\/","og_locale":"it_IT","og_type":"article","og_title":"Pistolet pirate Spark Gun - Vente en ligne d'armes Denix | RMC","og_description":"Offrez-vous ce Pistolet pirate Spark Gun du 18\u1d49 au meilleur prix - Crosse et f\u00fbt en bois massif - M\u00e9canisme fonctionnel en zamac - Longueur : 35 cm","og_url":"https:\/\/repliquemangacine.fr\/it\/pistola-pirata\/pistola-pirata-a-scintilla-del-xviii-secolo\/","og_site_name":"R\u00e9plique Manga Cin\u00e9","article_publisher":"https:\/\/www.facebook.com\/RepliqueMangaCine","article_modified_time":"2026-04-14T09:10:14+00:00","og_image":[{"width":800,"height":800,"url":"https:\/\/repliquemangacine.fr\/wp-content\/uploads\/2023\/10\/824-Pistolet-Pirate-des-caraibes-18eme-Siecle.jpg","type":"image\/jpeg"}],"twitter_card":"summary_large_image","twitter_misc":{"Tempo di lettura stimato":"2 minuti"},"schema":{"@context":"https:\/\/schema.org","@graph":[{"@type":"WebPage","@id":"https:\/\/repliquemangacine.fr\/pistolet-pirate\/pistolet-pirate-spark-gun-18eme-siecle\/","url":"https:\/\/repliquemangacine.fr\/pistolet-pirate\/pistolet-pirate-spark-gun-18eme-siecle\/","name":"Pistola pirata Spark Gun - vendita online di armi Denix | RMC","isPartOf":{"@id":"https:\/\/repliquemangacine.fr\/#website"},"primaryImageOfPage":{"@id":"https:\/\/repliquemangacine.fr\/pistolet-pirate\/pistolet-pirate-spark-gun-18eme-siecle\/#primaryimage"},"image":{"@id":"https:\/\/repliquemangacine.fr\/pistolet-pirate\/pistolet-pirate-spark-gun-18eme-siecle\/#primaryimage"},"thumbnailUrl":"https:\/\/repliquemangacine.fr\/wp-content\/uploads\/2023\/10\/824-Pistolet-Pirate-des-caraibes-18eme-Siecle.jpg","datePublished":"2016-11-09T10:43:03+00:00","dateModified":"2026-04-14T09:10:14+00:00","description":"Regalatevi questa pistola pirata Spark Gun 18\u1d49 al miglior prezzo - Calcio e canna in legno massiccio - Meccanismo funzionale in zamac - Lunghezza: 35 cm","breadcrumb":{"@id":"https:\/\/repliquemangacine.fr\/pistolet-pirate\/pistolet-pirate-spark-gun-18eme-siecle\/#breadcrumb"},"inLanguage":"it-IT","potentialAction":[{"@type":"ReadAction","target":["https:\/\/repliquemangacine.fr\/pistolet-pirate\/pistolet-pirate-spark-gun-18eme-siecle\/"]}]},{"@type":"ImageObject","inLanguage":"it-IT","@id":"https:\/\/repliquemangacine.fr\/pistolet-pirate\/pistolet-pirate-spark-gun-18eme-siecle\/#primaryimage","url":"https:\/\/repliquemangacine.fr\/wp-content\/uploads\/2023\/10\/824-Pistolet-Pirate-des-caraibes-18eme-Siecle.jpg","contentUrl":"https:\/\/repliquemangacine.fr\/wp-content\/uploads\/2023\/10\/824-Pistolet-Pirate-des-caraibes-18eme-Siecle.jpg","width":800,"height":800,"caption":"Pistolet Pirate des caraibes 18\u00e8me Si\u00e8cle"},{"@type":"BreadcrumbList","@id":"https:\/\/repliquemangacine.fr\/pistolet-pirate\/pistolet-pirate-spark-gun-18eme-siecle\/#breadcrumb","itemListElement":[{"@type":"ListItem","position":1,"name":"Accueil","item":"https:\/\/repliquemangacine.fr\/"},{"@type":"ListItem","position":2,"name":"Produits","item":"https:\/\/repliquemangacine.fr\/boutique\/"},{"@type":"ListItem","position":3,"name":"Pistolet pirate Spark Gun 18\u1d49 Si\u00e8cle"}]},{"@type":"WebSite","@id":"https:\/\/repliquemangacine.fr\/#website","url":"https:\/\/repliquemangacine.fr\/","name":"R\u00e9plique Manga Cin\u00e9","description":"","publisher":{"@id":"https:\/\/repliquemangacine.fr\/#organization"},"potentialAction":[{"@type":"SearchAction","target":{"@type":"EntryPoint","urlTemplate":"https:\/\/repliquemangacine.fr\/?s={search_term_string}"},"query-input":{"@type":"PropertyValueSpecification","valueRequired":true,"valueName":"search_term_string"}}],"inLanguage":"it-IT"},{"@type":"Organization","@id":"https:\/\/repliquemangacine.fr\/#organization","name":"R\u00e9plique Manga Cin\u00e9","url":"https:\/\/repliquemangacine.fr\/","logo":{"@type":"ImageObject","inLanguage":"it-IT","@id":"https:\/\/repliquemangacine.fr\/#\/schema\/logo\/image\/","url":"https:\/\/repliquemangacine.fr\/wp-content\/uploads\/2023\/10\/RMC-500250.png","contentUrl":"https:\/\/repliquemangacine.fr\/wp-content\/uploads\/2023\/10\/RMC-500250.png","width":500,"height":250,"caption":"R\u00e9plique Manga Cin\u00e9"},"image":{"@id":"https:\/\/repliquemangacine.fr\/#\/schema\/logo\/image\/"},"sameAs":["https:\/\/www.facebook.com\/RepliqueMangaCine","https:\/\/www.instagram.com\/repliquemangacine.fr\/"]}]}},"_links":{"self":[{"href":"https:\/\/repliquemangacine.fr\/it\/wp-json\/wp\/v2\/product\/26116","targetHints":{"allow":["GET"]}}],"collection":[{"href":"https:\/\/repliquemangacine.fr\/it\/wp-json\/wp\/v2\/product"}],"about":[{"href":"https:\/\/repliquemangacine.fr\/it\/wp-json\/wp\/v2\/types\/product"}],"wp:featuredmedia":[{"embeddable":true,"href":"https:\/\/repliquemangacine.fr\/it\/wp-json\/wp\/v2\/media\/26117"}],"wp:attachment":[{"href":"https:\/\/repliquemangacine.fr\/it\/wp-json\/wp\/v2\/media?parent=26116"}],"wp:term":[{"taxonomy":"product_brand","embeddable":true,"href":"https:\/\/repliquemangacine.fr\/it\/wp-json\/wp\/v2\/product_brand?post=26116"},{"taxonomy":"product_cat","embeddable":true,"href":"https:\/\/repliquemangacine.fr\/it\/wp-json\/wp\/v2\/product_cat?post=26116"},{"taxonomy":"product_tag","embeddable":true,"href":"https:\/\/repliquemangacine.fr\/it\/wp-json\/wp\/v2\/product_tag?post=26116"}],"curies":[{"name":"wp","href":"https:\/\/api.w.org\/{rel}","templated":true}]}}