





{"id":26061,"date":"2016-11-06T15:52:16","date_gmt":"2016-11-06T14:52:16","guid":{"rendered":"https:\/\/repliquemangacine.fr\/?post_type=product&#038;p=26061"},"modified":"2026-04-03T21:02:51","modified_gmt":"2026-04-03T19:02:51","slug":"revolver-peacemaker-colt-le-frontier-calibro-45","status":"publish","type":"product","link":"https:\/\/repliquemangacine.fr\/it\/colt-revolver-western\/revolver-peacemaker-colt-le-frontier-calibre-45\/","title":{"rendered":"Colt le Frontier Calibro 44\/40"},"content":{"rendered":"<h2>Colt le Frontier calibro 44\/40 - Denix<\/h2>\n<p>Per cominciare, il <strong>Colt le Frontier calibro 44\/40<\/strong>, \u00e8 una riproduzione identica all'originale.<\/p>\n<p>Se c'\u00e8 un'arma il cui prestigio non ha mai vacillato, e anzi non ha mai smesso di crescere, \u00e8 la Colt Single Action. Questo revolver, con la sua forma caratteristica e perfettamente armoniosa, \u00e8 diventato leggendario.<\/p>\n<p>Va sottolineato che fu nel 1875 che la Single Action assunse il soprannome di Frontier, anno in cui fu adattata la cartuccia 44-40 Winchester. Cos\u00ec, le due pistole pi\u00f9 leggendarie del selvaggio West imposero la stessa legge di fuoco.<\/p>\n<p>Dopo la conquista dell'Occidente, quest'arma ha iniziato la conquista della memoria. Sar\u00e0 facile per lei, visto che le sue linee e le sue imprese hanno catturato l'immaginazione dell'umanit\u00e0.<\/p>\n<h2>La vostra Colt Frontier calibro 44\/40 al miglior prezzo.<\/h2>\n<p>Vi offriamo un'ampia scelta di riproduzioni di armi Denix ai prezzi pi\u00f9 bassi del mercato.<\/p>\n<p>Innanzitutto,<\/p>\n<ul>\n<li>Il fucile <a href=\"https:\/\/repliquemangacine.fr\/it\/pistola-colt\/pistola-a-doppia-canna-corta-usa\/\">Allenatore di pistola<\/a> due barili di Denix a taglio di sega.<\/li>\n<li>Oltre all'imponente <a href=\"https:\/\/repliquemangacine.fr\/it\/pistola-colt\/colt-buntline-special-wyatt-earp-1873-nickele\/\">Buntline nichelato<\/a> La leggendaria special a canna lunga da 12 pollici di Wyatt Earp.<\/li>\n<li>E molti altri da scoprire nel nostro negozio online!<\/li>\n<\/ul>\n<p>Ecco perch\u00e9 \u00e8 un'ottima idea regalo per i collezionisti o gli appassionati di western.<\/p>\n<p>In conclusione, \u00e8 possibile utilizzare il metodo <strong>Colt le Frontier calibro 44\/40<\/strong> per le vostre dimostrazioni western o serate a tema.<\/p>\n<p>Ricordiamo che si tratta di armi fittizie che non rappresentano alcun pericolo.<\/p>\n<p>R\u00e9plique Manga Cin\u00e9 \u00e8 un'azienda francese e distributore ufficiale del marchio. <a href=\"https:\/\/www.denix.fr\/\" target=\"_blank\" rel=\"noopener noreferrer\">Denix<\/a>.<\/p>\n<h2>Come vengono realizzate le repliche delle armi Denix?<\/h2>\n<p>Utilizzate in rievocazioni storiche, film, serie e dai collezionisti. Le riproduzioni Denix sono realizzate con materiali di alta qualit\u00e0. Sono accuratamente lavorate e assemblate per creare armi realistiche da collezione.<\/p>\n<ul>\n<li>I metalli sono in una lega metallica nota come Zamac, la cui composizione di base \u00e8 zinco in 95%.<\/li>\n<li>Le parti in plastica delle repliche sono realizzate in ABS stampato, che offre una grande resistenza.<\/li>\n<li>Il legno scelto per la sua bellezza e durata, come il mogano, l'ulivo o il noce, conferir\u00e0 ai mozziconi e alle botti un aspetto elegante e autentico.<\/li>\n<\/ul>\n<p>Si noti che tutte le riproduzioni Denix sono identiche agli originali, come il vostro <strong>Colt Frontier calibro 44\/40<\/strong>.<\/p>","protected":false},"excerpt":{"rendered":"<p>Riproduzione della Peacemaker SAA 1873.<\/p>\n<ul>\n<li>Calcio in legno massiccio.<\/li>\n<li>Telaio in Zamac nichelato.<\/li>\n<li>Si spara e si schianta, ma \u00e8 <strong>totalmente inadatto a sparare<\/strong>.<\/li>\n<li>Non \u00e8 richiesta alcuna autorizzazione. Vendita e possesso gratuiti.<\/li>\n<li>Lunghezza totale: 30,5 cm - Peso: 975 g<\/li>\n<\/ul>","protected":false},"featured_media":26062,"template":"","meta":[],"product_brand":[896],"product_cat":[34,33,77,102,28,101,27],"product_tag":[],"class_list":{"0":"post-26061","1":"product","2":"type-product","3":"status-publish","4":"has-post-thumbnail","6":"product_brand-replique-manga-cine","7":"product_cat-armes-westerns","8":"product_cat-colt-pistolet","9":"product_cat-colt-revolver-western","10":"product_cat-denix","11":"product_cat-repliques-darmes","12":"product_cat-soldes","13":"product_cat-armes-et-accessoires-western","15":"first","16":"instock","17":"sale","18":"taxable","19":"shipping-taxable","20":"purchasable","21":"product-type-simple"},"yoast_head":"<!-- This site is optimized with the Yoast SEO plugin v27.4 - https:\/\/yoast.com\/product\/yoast-seo-wordpress\/ -->\n<title>Colt Frontier Calibre 44\/40 - Denix | R\u00e9plique Manga Cin\u00e9<\/title>\n<meta name=\"description\" content=\"D\u00e9couvrez le Colt Frontier calibre 44\/40 au meilleur prix - En m\u00e9tal - Crosse en bois - Barillet rotatif - M\u00e9canisme fonctionnel - Longueur : 30.5 cm\" \/>\n<meta name=\"robots\" content=\"index, follow, max-snippet:-1, max-image-preview:large, max-video-preview:-1\" \/>\n<link rel=\"canonical\" href=\"https:\/\/repliquemangacine.fr\/it\/revolver-colt-western\/revolver-peacemaker-colt-le-frontier-calibro-45\/\" \/>\n<meta property=\"og:locale\" content=\"it_IT\" \/>\n<meta property=\"og:type\" content=\"article\" \/>\n<meta property=\"og:title\" content=\"Colt Frontier Calibre 44\/40 - Denix | R\u00e9plique Manga Cin\u00e9\" \/>\n<meta property=\"og:description\" content=\"D\u00e9couvrez le Colt Frontier calibre 44\/40 au meilleur prix - En m\u00e9tal - Crosse en bois - Barillet rotatif - M\u00e9canisme fonctionnel - Longueur : 30.5 cm\" \/>\n<meta property=\"og:url\" content=\"https:\/\/repliquemangacine.fr\/it\/revolver-colt-western\/revolver-peacemaker-colt-le-frontier-calibro-45\/\" \/>\n<meta property=\"og:site_name\" content=\"R\u00e9plique Manga Cin\u00e9\" \/>\n<meta property=\"article:publisher\" content=\"https:\/\/www.facebook.com\/RepliqueMangaCine\" \/>\n<meta property=\"article:modified_time\" content=\"2026-04-03T19:02:51+00:00\" \/>\n<meta property=\"og:image\" content=\"https:\/\/repliquemangacine.fr\/wp-content\/uploads\/2023\/10\/le-frontier.png\" \/>\n\t<meta property=\"og:image:width\" content=\"500\" \/>\n\t<meta property=\"og:image:height\" content=\"500\" \/>\n\t<meta property=\"og:image:type\" content=\"image\/png\" \/>\n<meta name=\"twitter:card\" content=\"summary_large_image\" \/>\n<meta name=\"twitter:label1\" content=\"Tempo di lettura stimato\" \/>\n\t<meta name=\"twitter:data1\" content=\"2 minuti\" \/>\n<script type=\"application\/ld+json\" class=\"yoast-schema-graph\">{\"@context\":\"https:\\\/\\\/schema.org\",\"@graph\":[{\"@type\":\"WebPage\",\"@id\":\"https:\\\/\\\/repliquemangacine.fr\\\/colt-revolver-western\\\/revolver-peacemaker-colt-le-frontier-calibre-45\\\/\",\"url\":\"https:\\\/\\\/repliquemangacine.fr\\\/colt-revolver-western\\\/revolver-peacemaker-colt-le-frontier-calibre-45\\\/\",\"name\":\"Colt Frontier Calibre 44\\\/40 - Denix | R\u00e9plique Manga Cin\u00e9\",\"isPartOf\":{\"@id\":\"https:\\\/\\\/repliquemangacine.fr\\\/#website\"},\"primaryImageOfPage\":{\"@id\":\"https:\\\/\\\/repliquemangacine.fr\\\/colt-revolver-western\\\/revolver-peacemaker-colt-le-frontier-calibre-45\\\/#primaryimage\"},\"image\":{\"@id\":\"https:\\\/\\\/repliquemangacine.fr\\\/colt-revolver-western\\\/revolver-peacemaker-colt-le-frontier-calibre-45\\\/#primaryimage\"},\"thumbnailUrl\":\"https:\\\/\\\/repliquemangacine.fr\\\/wp-content\\\/uploads\\\/2023\\\/10\\\/le-frontier.png\",\"datePublished\":\"2016-11-06T14:52:16+00:00\",\"dateModified\":\"2026-04-03T19:02:51+00:00\",\"description\":\"D\u00e9couvrez le Colt Frontier calibre 44\\\/40 au meilleur prix - En m\u00e9tal - Crosse en bois - Barillet rotatif - M\u00e9canisme fonctionnel - Longueur : 30.5 cm\",\"breadcrumb\":{\"@id\":\"https:\\\/\\\/repliquemangacine.fr\\\/colt-revolver-western\\\/revolver-peacemaker-colt-le-frontier-calibre-45\\\/#breadcrumb\"},\"inLanguage\":\"it-IT\",\"potentialAction\":[{\"@type\":\"ReadAction\",\"target\":[\"https:\\\/\\\/repliquemangacine.fr\\\/colt-revolver-western\\\/revolver-peacemaker-colt-le-frontier-calibre-45\\\/\"]}]},{\"@type\":\"ImageObject\",\"inLanguage\":\"it-IT\",\"@id\":\"https:\\\/\\\/repliquemangacine.fr\\\/colt-revolver-western\\\/revolver-peacemaker-colt-le-frontier-calibre-45\\\/#primaryimage\",\"url\":\"https:\\\/\\\/repliquemangacine.fr\\\/wp-content\\\/uploads\\\/2023\\\/10\\\/le-frontier.png\",\"contentUrl\":\"https:\\\/\\\/repliquemangacine.fr\\\/wp-content\\\/uploads\\\/2023\\\/10\\\/le-frontier.png\",\"width\":500,\"height\":500,\"caption\":\"le frontier colt 45 denix\"},{\"@type\":\"BreadcrumbList\",\"@id\":\"https:\\\/\\\/repliquemangacine.fr\\\/colt-revolver-western\\\/revolver-peacemaker-colt-le-frontier-calibre-45\\\/#breadcrumb\",\"itemListElement\":[{\"@type\":\"ListItem\",\"position\":1,\"name\":\"Accueil\",\"item\":\"https:\\\/\\\/repliquemangacine.fr\\\/\"},{\"@type\":\"ListItem\",\"position\":2,\"name\":\"Produits\",\"item\":\"https:\\\/\\\/repliquemangacine.fr\\\/boutique\\\/\"},{\"@type\":\"ListItem\",\"position\":3,\"name\":\"Colt le Frontier Calibre 44\\\/40\"}]},{\"@type\":\"WebSite\",\"@id\":\"https:\\\/\\\/repliquemangacine.fr\\\/#website\",\"url\":\"https:\\\/\\\/repliquemangacine.fr\\\/\",\"name\":\"R\u00e9plique Manga Cin\u00e9\",\"description\":\"\",\"publisher\":{\"@id\":\"https:\\\/\\\/repliquemangacine.fr\\\/#organization\"},\"potentialAction\":[{\"@type\":\"SearchAction\",\"target\":{\"@type\":\"EntryPoint\",\"urlTemplate\":\"https:\\\/\\\/repliquemangacine.fr\\\/?s={search_term_string}\"},\"query-input\":{\"@type\":\"PropertyValueSpecification\",\"valueRequired\":true,\"valueName\":\"search_term_string\"}}],\"inLanguage\":\"it-IT\"},{\"@type\":\"Organization\",\"@id\":\"https:\\\/\\\/repliquemangacine.fr\\\/#organization\",\"name\":\"R\u00e9plique Manga Cin\u00e9\",\"url\":\"https:\\\/\\\/repliquemangacine.fr\\\/\",\"logo\":{\"@type\":\"ImageObject\",\"inLanguage\":\"it-IT\",\"@id\":\"https:\\\/\\\/repliquemangacine.fr\\\/#\\\/schema\\\/logo\\\/image\\\/\",\"url\":\"https:\\\/\\\/repliquemangacine.fr\\\/wp-content\\\/uploads\\\/2023\\\/10\\\/RMC-500250.png\",\"contentUrl\":\"https:\\\/\\\/repliquemangacine.fr\\\/wp-content\\\/uploads\\\/2023\\\/10\\\/RMC-500250.png\",\"width\":500,\"height\":250,\"caption\":\"R\u00e9plique Manga Cin\u00e9\"},\"image\":{\"@id\":\"https:\\\/\\\/repliquemangacine.fr\\\/#\\\/schema\\\/logo\\\/image\\\/\"},\"sameAs\":[\"https:\\\/\\\/www.facebook.com\\\/RepliqueMangaCine\",\"https:\\\/\\\/www.instagram.com\\\/repliquemangacine.fr\\\/\"]}]}<\/script>\n<!-- \/ Yoast SEO plugin. -->","yoast_head_json":{"title":"Colt Frontier Calibro 44\/40 - Denix | R\u00e9plique Manga Cin\u00e9","description":"Scopri la Colt Frontier calibro 44\/40 al miglior prezzo - In metallo - Calcio in legno - Cilindro rotante - Meccanismo funzionale - Lunghezza: 30,5 cm","robots":{"index":"index","follow":"follow","max-snippet":"max-snippet:-1","max-image-preview":"max-image-preview:large","max-video-preview":"max-video-preview:-1"},"canonical":"https:\/\/repliquemangacine.fr\/it\/revolver-colt-western\/revolver-peacemaker-colt-le-frontier-calibro-45\/","og_locale":"it_IT","og_type":"article","og_title":"Colt Frontier Calibre 44\/40 - Denix | R\u00e9plique Manga Cin\u00e9","og_description":"D\u00e9couvrez le Colt Frontier calibre 44\/40 au meilleur prix - En m\u00e9tal - Crosse en bois - Barillet rotatif - M\u00e9canisme fonctionnel - Longueur : 30.5 cm","og_url":"https:\/\/repliquemangacine.fr\/it\/revolver-colt-western\/revolver-peacemaker-colt-le-frontier-calibro-45\/","og_site_name":"R\u00e9plique Manga Cin\u00e9","article_publisher":"https:\/\/www.facebook.com\/RepliqueMangaCine","article_modified_time":"2026-04-03T19:02:51+00:00","og_image":[{"width":500,"height":500,"url":"https:\/\/repliquemangacine.fr\/wp-content\/uploads\/2023\/10\/le-frontier.png","type":"image\/png"}],"twitter_card":"summary_large_image","twitter_misc":{"Tempo di lettura stimato":"2 minuti"},"schema":{"@context":"https:\/\/schema.org","@graph":[{"@type":"WebPage","@id":"https:\/\/repliquemangacine.fr\/colt-revolver-western\/revolver-peacemaker-colt-le-frontier-calibre-45\/","url":"https:\/\/repliquemangacine.fr\/colt-revolver-western\/revolver-peacemaker-colt-le-frontier-calibre-45\/","name":"Colt Frontier Calibro 44\/40 - Denix | R\u00e9plique Manga Cin\u00e9","isPartOf":{"@id":"https:\/\/repliquemangacine.fr\/#website"},"primaryImageOfPage":{"@id":"https:\/\/repliquemangacine.fr\/colt-revolver-western\/revolver-peacemaker-colt-le-frontier-calibre-45\/#primaryimage"},"image":{"@id":"https:\/\/repliquemangacine.fr\/colt-revolver-western\/revolver-peacemaker-colt-le-frontier-calibre-45\/#primaryimage"},"thumbnailUrl":"https:\/\/repliquemangacine.fr\/wp-content\/uploads\/2023\/10\/le-frontier.png","datePublished":"2016-11-06T14:52:16+00:00","dateModified":"2026-04-03T19:02:51+00:00","description":"Scopri la Colt Frontier calibro 44\/40 al miglior prezzo - In metallo - Calcio in legno - Cilindro rotante - Meccanismo funzionale - Lunghezza: 30,5 cm","breadcrumb":{"@id":"https:\/\/repliquemangacine.fr\/colt-revolver-western\/revolver-peacemaker-colt-le-frontier-calibre-45\/#breadcrumb"},"inLanguage":"it-IT","potentialAction":[{"@type":"ReadAction","target":["https:\/\/repliquemangacine.fr\/colt-revolver-western\/revolver-peacemaker-colt-le-frontier-calibre-45\/"]}]},{"@type":"ImageObject","inLanguage":"it-IT","@id":"https:\/\/repliquemangacine.fr\/colt-revolver-western\/revolver-peacemaker-colt-le-frontier-calibre-45\/#primaryimage","url":"https:\/\/repliquemangacine.fr\/wp-content\/uploads\/2023\/10\/le-frontier.png","contentUrl":"https:\/\/repliquemangacine.fr\/wp-content\/uploads\/2023\/10\/le-frontier.png","width":500,"height":500,"caption":"le frontier colt 45 denix"},{"@type":"BreadcrumbList","@id":"https:\/\/repliquemangacine.fr\/colt-revolver-western\/revolver-peacemaker-colt-le-frontier-calibre-45\/#breadcrumb","itemListElement":[{"@type":"ListItem","position":1,"name":"Accueil","item":"https:\/\/repliquemangacine.fr\/"},{"@type":"ListItem","position":2,"name":"Produits","item":"https:\/\/repliquemangacine.fr\/boutique\/"},{"@type":"ListItem","position":3,"name":"Colt le Frontier Calibre 44\/40"}]},{"@type":"WebSite","@id":"https:\/\/repliquemangacine.fr\/#website","url":"https:\/\/repliquemangacine.fr\/","name":"R\u00e9plique Manga Cin\u00e9","description":"","publisher":{"@id":"https:\/\/repliquemangacine.fr\/#organization"},"potentialAction":[{"@type":"SearchAction","target":{"@type":"EntryPoint","urlTemplate":"https:\/\/repliquemangacine.fr\/?s={search_term_string}"},"query-input":{"@type":"PropertyValueSpecification","valueRequired":true,"valueName":"search_term_string"}}],"inLanguage":"it-IT"},{"@type":"Organization","@id":"https:\/\/repliquemangacine.fr\/#organization","name":"R\u00e9plique Manga Cin\u00e9","url":"https:\/\/repliquemangacine.fr\/","logo":{"@type":"ImageObject","inLanguage":"it-IT","@id":"https:\/\/repliquemangacine.fr\/#\/schema\/logo\/image\/","url":"https:\/\/repliquemangacine.fr\/wp-content\/uploads\/2023\/10\/RMC-500250.png","contentUrl":"https:\/\/repliquemangacine.fr\/wp-content\/uploads\/2023\/10\/RMC-500250.png","width":500,"height":250,"caption":"R\u00e9plique Manga Cin\u00e9"},"image":{"@id":"https:\/\/repliquemangacine.fr\/#\/schema\/logo\/image\/"},"sameAs":["https:\/\/www.facebook.com\/RepliqueMangaCine","https:\/\/www.instagram.com\/repliquemangacine.fr\/"]}]}},"_links":{"self":[{"href":"https:\/\/repliquemangacine.fr\/it\/wp-json\/wp\/v2\/product\/26061","targetHints":{"allow":["GET"]}}],"collection":[{"href":"https:\/\/repliquemangacine.fr\/it\/wp-json\/wp\/v2\/product"}],"about":[{"href":"https:\/\/repliquemangacine.fr\/it\/wp-json\/wp\/v2\/types\/product"}],"wp:featuredmedia":[{"embeddable":true,"href":"https:\/\/repliquemangacine.fr\/it\/wp-json\/wp\/v2\/media\/26062"}],"wp:attachment":[{"href":"https:\/\/repliquemangacine.fr\/it\/wp-json\/wp\/v2\/media?parent=26061"}],"wp:term":[{"taxonomy":"product_brand","embeddable":true,"href":"https:\/\/repliquemangacine.fr\/it\/wp-json\/wp\/v2\/product_brand?post=26061"},{"taxonomy":"product_cat","embeddable":true,"href":"https:\/\/repliquemangacine.fr\/it\/wp-json\/wp\/v2\/product_cat?post=26061"},{"taxonomy":"product_tag","embeddable":true,"href":"https:\/\/repliquemangacine.fr\/it\/wp-json\/wp\/v2\/product_tag?post=26061"}],"curies":[{"name":"wp","href":"https:\/\/api.w.org\/{rel}","templated":true}]}}