





{"id":25967,"date":"2016-11-01T14:52:18","date_gmt":"2016-11-01T13:52:18","guid":{"rendered":"https:\/\/repliquemangacine.fr\/?post_type=product&#038;p=25967"},"modified":"2026-02-06T16:01:23","modified_gmt":"2026-02-06T15:01:23","slug":"colt-buntline-special-wyatt-earp-1873-nickele","status":"publish","type":"product","link":"https:\/\/repliquemangacine.fr\/it\/colt-revolver-western\/colt-buntline-special-wyatt-earp-1873-nickele\/","title":{"rendered":"Colt Buntline Special Wyatt Earp 1873 Nickele"},"content":{"rendered":"<h2>Colt Buntline Special Wyatt Earp - Denix<\/h2>\n<p>Per cominciare, il <strong>Speciale Buntline Wyatt Earp<\/strong>la variante pi\u00f9 famosa del Single Action Army. La caratteristica distintiva del revolver \u00e8 la canna eccezionalmente lunga, che varia da dieci a sedici pollici.<\/p>\n<p>L'autore Stuart N. Lake cre\u00f2 il Buntline quando scrisse la biografia di Wyatt Earp nel 1931. Lake li descrisse come revolver Colt Single Action Army extra-lunghi, lunghi 12 pollici (300 mm). Si suppone che Buntline li abbia regalati agli uomini di legge come ringraziamento per il loro aiuto nel portare il \"colore locale\" ai suoi figli del West.<\/p>\n<p>Dopo la pubblicazione del libro di Lake, diversi revolver Colt a canna lunga (10\u2033 o 16\u2033) furono chiamati \"Colt Buntline\".<\/p>\n<p>Alla fine degli anni '70 sono state prodotte anche alcune Buntline di terza generazione.<\/p>\n<h2>Il vostro Wyatt Earp Special Buntline al miglior prezzo.<\/h2>\n<p>Vi offriamo un'ampia scelta di riproduzioni di armi Denix ai prezzi pi\u00f9 bassi del mercato.<\/p>\n<p>Innanzitutto,<\/p>\n<ul>\n<li>Il revolver confederato <a href=\"https:\/\/repliquemangacine.fr\/it\/revolver-per-colts\/revolver-griswold-gunnison-usa-1860\/\">Griswold Gunnison 1860<\/a> da Denix.<\/li>\n<li>Cos\u00ec come il <a href=\"https:\/\/repliquemangacine.fr\/it\/pistola-kolser\/replique-colt-45-laiton-4-75-pouces-1873-kolser\/\">colt Peacemaker 4,75<\/a> con proiettili finti Kolser.<\/li>\n<li>E molti altri da scoprire nel nostro negozio online!<\/li>\n<\/ul>\n<p>Ecco perch\u00e9 \u00e8 un'ottima idea regalo per i collezionisti o gli appassionati di western.<\/p>\n<p>In conclusione, \u00e8 possibile utilizzare la Colt <strong>Buntline speciale Wyatt Earp<\/strong> per le vostre dimostrazioni western o serate a tema.<\/p>\n<p>Per concludere, ricordiamo che queste sono solo armi fittizie e non rappresentano alcun pericolo.<\/p>\n<p>R\u00e9plique Manga Cin\u00e9 \u00e8 un'azienda francese e distributore ufficiale del marchio. <a href=\"https:\/\/www.denix.fr\/\" target=\"_blank\" rel=\"noopener noreferrer\">Denix<\/a>.<\/p>\n<h2>Come vengono realizzate le repliche delle armi Denix?<\/h2>\n<p>Utilizzate in rievocazioni storiche, film, serie e dai collezionisti. Le riproduzioni Denix sono realizzate con materiali di alta qualit\u00e0. Sono accuratamente lavorate e assemblate per creare armi realistiche da collezione.<\/p>\n<ul>\n<li>I metalli sono in una lega metallica nota come Zamac, la cui composizione di base \u00e8 zinco in 95%.<\/li>\n<li>Le parti in plastica delle repliche sono realizzate in ABS stampato, che offre una grande resistenza.<\/li>\n<li>Il legno scelto per la sua bellezza e durata, come il mogano, l'ulivo o il noce, conferir\u00e0 ai mozziconi e alle botti un aspetto elegante e autentico.<\/li>\n<\/ul>\n<p>Si noti che tutte le riproduzioni Denix sono identiche agli originali, come il vostro <strong>Buntline speciale Wyatt Earp<\/strong>.<\/p>","protected":false},"excerpt":{"rendered":"<p>Speciale Buntline del leggendario Wyatt Earp.<\/p>\n<ul>\n<li>Canna lunga 30,5 cm (12 pollici)<\/li>\n<li>Calibro 45.<\/li>\n<li>Calcio in legno massiccio.<\/li>\n<li>Zamac nichelato.<\/li>\n<li>Armi e scioperi.<\/li>\n<li>Non idoneo a sparare.<\/li>\n<li>Non \u00e8 richiesta alcuna autorizzazione. Vendita e possesso gratuiti.<\/li>\n<li>Lunghezza totale: 46 cm - Peso: 1100 g<\/li>\n<\/ul>","protected":false},"featured_media":25968,"template":"","meta":[],"product_brand":[896],"product_cat":[34,33,77,102,28,101,27],"product_tag":[],"class_list":{"0":"post-25967","1":"product","2":"type-product","3":"status-publish","4":"has-post-thumbnail","6":"product_brand-replique-manga-cine","7":"product_cat-armes-westerns","8":"product_cat-colt-pistolet","9":"product_cat-colt-revolver-western","10":"product_cat-denix","11":"product_cat-repliques-darmes","12":"product_cat-soldes","13":"product_cat-armes-et-accessoires-western","15":"first","16":"instock","17":"sale","18":"taxable","19":"shipping-taxable","20":"purchasable","21":"product-type-simple"},"yoast_head":"<!-- This site is optimized with the Yoast SEO plugin v27.4 - https:\/\/yoast.com\/product\/yoast-seo-wordpress\/ -->\n<title>Buntline Sp\u00e9cial Wyatt Earp - Armes Denix | R\u00e9plique Manga Cin\u00e9<\/title>\n<meta name=\"description\" content=\"Colt Buntline Sp\u00e9cial Wyatt Earp au meilleur prix - En m\u00e9tal - Crosse ABS - M\u00e9canisme fonctionnel - Barillet rotatif - Longueur totale : 35 cm - Canon 30cm\" \/>\n<meta name=\"robots\" content=\"index, follow, max-snippet:-1, max-image-preview:large, max-video-preview:-1\" \/>\n<link rel=\"canonical\" href=\"https:\/\/repliquemangacine.fr\/it\/denix\/colt-buntline-special-wyatt-earp-1873-nickele\/\" \/>\n<meta property=\"og:locale\" content=\"it_IT\" \/>\n<meta property=\"og:type\" content=\"article\" \/>\n<meta property=\"og:title\" content=\"Buntline Sp\u00e9cial Wyatt Earp - Armes Denix | R\u00e9plique Manga Cin\u00e9\" \/>\n<meta property=\"og:description\" content=\"Colt Buntline Sp\u00e9cial Wyatt Earp au meilleur prix - En m\u00e9tal - Crosse ABS - M\u00e9canisme fonctionnel - Barillet rotatif - Longueur totale : 35 cm - Canon 30cm\" \/>\n<meta property=\"og:url\" content=\"https:\/\/repliquemangacine.fr\/it\/denix\/colt-buntline-special-wyatt-earp-1873-nickele\/\" \/>\n<meta property=\"og:site_name\" content=\"R\u00e9plique Manga Cin\u00e9\" \/>\n<meta property=\"article:publisher\" content=\"https:\/\/www.facebook.com\/RepliqueMangaCine\" \/>\n<meta property=\"article:modified_time\" content=\"2026-02-06T15:01:23+00:00\" \/>\n<meta property=\"og:image\" content=\"https:\/\/repliquemangacine.fr\/wp-content\/uploads\/2023\/10\/690-Colt-Buntline-Special-Wyatt-Earp-1873-Nickele.jpg\" \/>\n\t<meta property=\"og:image:width\" content=\"800\" \/>\n\t<meta property=\"og:image:height\" content=\"800\" \/>\n\t<meta property=\"og:image:type\" content=\"image\/jpeg\" \/>\n<meta name=\"twitter:card\" content=\"summary_large_image\" \/>\n<meta name=\"twitter:label1\" content=\"Tempo di lettura stimato\" \/>\n\t<meta name=\"twitter:data1\" content=\"2 minuti\" \/>\n<script type=\"application\/ld+json\" class=\"yoast-schema-graph\">{\"@context\":\"https:\\\/\\\/schema.org\",\"@graph\":[{\"@type\":\"WebPage\",\"@id\":\"https:\\\/\\\/repliquemangacine.fr\\\/denix\\\/colt-buntline-special-wyatt-earp-1873-nickele\\\/\",\"url\":\"https:\\\/\\\/repliquemangacine.fr\\\/denix\\\/colt-buntline-special-wyatt-earp-1873-nickele\\\/\",\"name\":\"Buntline Sp\u00e9cial Wyatt Earp - Armes Denix | R\u00e9plique Manga Cin\u00e9\",\"isPartOf\":{\"@id\":\"https:\\\/\\\/repliquemangacine.fr\\\/#website\"},\"primaryImageOfPage\":{\"@id\":\"https:\\\/\\\/repliquemangacine.fr\\\/denix\\\/colt-buntline-special-wyatt-earp-1873-nickele\\\/#primaryimage\"},\"image\":{\"@id\":\"https:\\\/\\\/repliquemangacine.fr\\\/denix\\\/colt-buntline-special-wyatt-earp-1873-nickele\\\/#primaryimage\"},\"thumbnailUrl\":\"https:\\\/\\\/repliquemangacine.fr\\\/wp-content\\\/uploads\\\/2023\\\/10\\\/690-Colt-Buntline-Special-Wyatt-Earp-1873-Nickele.jpg\",\"datePublished\":\"2016-11-01T13:52:18+00:00\",\"dateModified\":\"2026-02-06T15:01:23+00:00\",\"description\":\"Colt Buntline Sp\u00e9cial Wyatt Earp au meilleur prix - En m\u00e9tal - Crosse ABS - M\u00e9canisme fonctionnel - Barillet rotatif - Longueur totale : 35 cm - Canon 30cm\",\"breadcrumb\":{\"@id\":\"https:\\\/\\\/repliquemangacine.fr\\\/denix\\\/colt-buntline-special-wyatt-earp-1873-nickele\\\/#breadcrumb\"},\"inLanguage\":\"it-IT\",\"potentialAction\":[{\"@type\":\"ReadAction\",\"target\":[\"https:\\\/\\\/repliquemangacine.fr\\\/denix\\\/colt-buntline-special-wyatt-earp-1873-nickele\\\/\"]}]},{\"@type\":\"ImageObject\",\"inLanguage\":\"it-IT\",\"@id\":\"https:\\\/\\\/repliquemangacine.fr\\\/denix\\\/colt-buntline-special-wyatt-earp-1873-nickele\\\/#primaryimage\",\"url\":\"https:\\\/\\\/repliquemangacine.fr\\\/wp-content\\\/uploads\\\/2023\\\/10\\\/690-Colt-Buntline-Special-Wyatt-Earp-1873-Nickele.jpg\",\"contentUrl\":\"https:\\\/\\\/repliquemangacine.fr\\\/wp-content\\\/uploads\\\/2023\\\/10\\\/690-Colt-Buntline-Special-Wyatt-Earp-1873-Nickele.jpg\",\"width\":800,\"height\":800,\"caption\":\"Colt Buntline Sp\u00e9cial Wyatt Earp 1873 Nickele\"},{\"@type\":\"BreadcrumbList\",\"@id\":\"https:\\\/\\\/repliquemangacine.fr\\\/denix\\\/colt-buntline-special-wyatt-earp-1873-nickele\\\/#breadcrumb\",\"itemListElement\":[{\"@type\":\"ListItem\",\"position\":1,\"name\":\"Accueil\",\"item\":\"https:\\\/\\\/repliquemangacine.fr\\\/\"},{\"@type\":\"ListItem\",\"position\":2,\"name\":\"Produits\",\"item\":\"https:\\\/\\\/repliquemangacine.fr\\\/boutique\\\/\"},{\"@type\":\"ListItem\",\"position\":3,\"name\":\"Colt Buntline Sp\u00e9cial Wyatt Earp 1873 Nickele\"}]},{\"@type\":\"WebSite\",\"@id\":\"https:\\\/\\\/repliquemangacine.fr\\\/#website\",\"url\":\"https:\\\/\\\/repliquemangacine.fr\\\/\",\"name\":\"R\u00e9plique Manga Cin\u00e9\",\"description\":\"\",\"publisher\":{\"@id\":\"https:\\\/\\\/repliquemangacine.fr\\\/#organization\"},\"potentialAction\":[{\"@type\":\"SearchAction\",\"target\":{\"@type\":\"EntryPoint\",\"urlTemplate\":\"https:\\\/\\\/repliquemangacine.fr\\\/?s={search_term_string}\"},\"query-input\":{\"@type\":\"PropertyValueSpecification\",\"valueRequired\":true,\"valueName\":\"search_term_string\"}}],\"inLanguage\":\"it-IT\"},{\"@type\":\"Organization\",\"@id\":\"https:\\\/\\\/repliquemangacine.fr\\\/#organization\",\"name\":\"R\u00e9plique Manga Cin\u00e9\",\"url\":\"https:\\\/\\\/repliquemangacine.fr\\\/\",\"logo\":{\"@type\":\"ImageObject\",\"inLanguage\":\"it-IT\",\"@id\":\"https:\\\/\\\/repliquemangacine.fr\\\/#\\\/schema\\\/logo\\\/image\\\/\",\"url\":\"https:\\\/\\\/repliquemangacine.fr\\\/wp-content\\\/uploads\\\/2023\\\/10\\\/RMC-500250.png\",\"contentUrl\":\"https:\\\/\\\/repliquemangacine.fr\\\/wp-content\\\/uploads\\\/2023\\\/10\\\/RMC-500250.png\",\"width\":500,\"height\":250,\"caption\":\"R\u00e9plique Manga Cin\u00e9\"},\"image\":{\"@id\":\"https:\\\/\\\/repliquemangacine.fr\\\/#\\\/schema\\\/logo\\\/image\\\/\"},\"sameAs\":[\"https:\\\/\\\/www.facebook.com\\\/RepliqueMangaCine\",\"https:\\\/\\\/www.instagram.com\\\/repliquemangacine.fr\\\/\"]}]}<\/script>\n<!-- \/ Yoast SEO plugin. -->","yoast_head_json":{"title":"Buntline speciale Wyatt Earp - Armi Denix | R\u00e9plique Manga Cin\u00e9","description":"Colt Buntline Special Wyatt Earp al miglior prezzo - Metallo - Calcio in ABS - Meccanismo funzionale - Canna rotante - Lunghezza totale: 35 cm - Canna: 30cm","robots":{"index":"index","follow":"follow","max-snippet":"max-snippet:-1","max-image-preview":"max-image-preview:large","max-video-preview":"max-video-preview:-1"},"canonical":"https:\/\/repliquemangacine.fr\/it\/denix\/colt-buntline-special-wyatt-earp-1873-nickele\/","og_locale":"it_IT","og_type":"article","og_title":"Buntline Sp\u00e9cial Wyatt Earp - Armes Denix | R\u00e9plique Manga Cin\u00e9","og_description":"Colt Buntline Sp\u00e9cial Wyatt Earp au meilleur prix - En m\u00e9tal - Crosse ABS - M\u00e9canisme fonctionnel - Barillet rotatif - Longueur totale : 35 cm - Canon 30cm","og_url":"https:\/\/repliquemangacine.fr\/it\/denix\/colt-buntline-special-wyatt-earp-1873-nickele\/","og_site_name":"R\u00e9plique Manga Cin\u00e9","article_publisher":"https:\/\/www.facebook.com\/RepliqueMangaCine","article_modified_time":"2026-02-06T15:01:23+00:00","og_image":[{"width":800,"height":800,"url":"https:\/\/repliquemangacine.fr\/wp-content\/uploads\/2023\/10\/690-Colt-Buntline-Special-Wyatt-Earp-1873-Nickele.jpg","type":"image\/jpeg"}],"twitter_card":"summary_large_image","twitter_misc":{"Tempo di lettura stimato":"2 minuti"},"schema":{"@context":"https:\/\/schema.org","@graph":[{"@type":"WebPage","@id":"https:\/\/repliquemangacine.fr\/denix\/colt-buntline-special-wyatt-earp-1873-nickele\/","url":"https:\/\/repliquemangacine.fr\/denix\/colt-buntline-special-wyatt-earp-1873-nickele\/","name":"Buntline speciale Wyatt Earp - Armi Denix | R\u00e9plique Manga Cin\u00e9","isPartOf":{"@id":"https:\/\/repliquemangacine.fr\/#website"},"primaryImageOfPage":{"@id":"https:\/\/repliquemangacine.fr\/denix\/colt-buntline-special-wyatt-earp-1873-nickele\/#primaryimage"},"image":{"@id":"https:\/\/repliquemangacine.fr\/denix\/colt-buntline-special-wyatt-earp-1873-nickele\/#primaryimage"},"thumbnailUrl":"https:\/\/repliquemangacine.fr\/wp-content\/uploads\/2023\/10\/690-Colt-Buntline-Special-Wyatt-Earp-1873-Nickele.jpg","datePublished":"2016-11-01T13:52:18+00:00","dateModified":"2026-02-06T15:01:23+00:00","description":"Colt Buntline Special Wyatt Earp al miglior prezzo - Metallo - Calcio in ABS - Meccanismo funzionale - Canna rotante - Lunghezza totale: 35 cm - Canna: 30cm","breadcrumb":{"@id":"https:\/\/repliquemangacine.fr\/denix\/colt-buntline-special-wyatt-earp-1873-nickele\/#breadcrumb"},"inLanguage":"it-IT","potentialAction":[{"@type":"ReadAction","target":["https:\/\/repliquemangacine.fr\/denix\/colt-buntline-special-wyatt-earp-1873-nickele\/"]}]},{"@type":"ImageObject","inLanguage":"it-IT","@id":"https:\/\/repliquemangacine.fr\/denix\/colt-buntline-special-wyatt-earp-1873-nickele\/#primaryimage","url":"https:\/\/repliquemangacine.fr\/wp-content\/uploads\/2023\/10\/690-Colt-Buntline-Special-Wyatt-Earp-1873-Nickele.jpg","contentUrl":"https:\/\/repliquemangacine.fr\/wp-content\/uploads\/2023\/10\/690-Colt-Buntline-Special-Wyatt-Earp-1873-Nickele.jpg","width":800,"height":800,"caption":"Colt Buntline Sp\u00e9cial Wyatt Earp 1873 Nickele"},{"@type":"BreadcrumbList","@id":"https:\/\/repliquemangacine.fr\/denix\/colt-buntline-special-wyatt-earp-1873-nickele\/#breadcrumb","itemListElement":[{"@type":"ListItem","position":1,"name":"Accueil","item":"https:\/\/repliquemangacine.fr\/"},{"@type":"ListItem","position":2,"name":"Produits","item":"https:\/\/repliquemangacine.fr\/boutique\/"},{"@type":"ListItem","position":3,"name":"Colt Buntline Sp\u00e9cial Wyatt Earp 1873 Nickele"}]},{"@type":"WebSite","@id":"https:\/\/repliquemangacine.fr\/#website","url":"https:\/\/repliquemangacine.fr\/","name":"R\u00e9plique Manga Cin\u00e9","description":"","publisher":{"@id":"https:\/\/repliquemangacine.fr\/#organization"},"potentialAction":[{"@type":"SearchAction","target":{"@type":"EntryPoint","urlTemplate":"https:\/\/repliquemangacine.fr\/?s={search_term_string}"},"query-input":{"@type":"PropertyValueSpecification","valueRequired":true,"valueName":"search_term_string"}}],"inLanguage":"it-IT"},{"@type":"Organization","@id":"https:\/\/repliquemangacine.fr\/#organization","name":"R\u00e9plique Manga Cin\u00e9","url":"https:\/\/repliquemangacine.fr\/","logo":{"@type":"ImageObject","inLanguage":"it-IT","@id":"https:\/\/repliquemangacine.fr\/#\/schema\/logo\/image\/","url":"https:\/\/repliquemangacine.fr\/wp-content\/uploads\/2023\/10\/RMC-500250.png","contentUrl":"https:\/\/repliquemangacine.fr\/wp-content\/uploads\/2023\/10\/RMC-500250.png","width":500,"height":250,"caption":"R\u00e9plique Manga Cin\u00e9"},"image":{"@id":"https:\/\/repliquemangacine.fr\/#\/schema\/logo\/image\/"},"sameAs":["https:\/\/www.facebook.com\/RepliqueMangaCine","https:\/\/www.instagram.com\/repliquemangacine.fr\/"]}]}},"_links":{"self":[{"href":"https:\/\/repliquemangacine.fr\/it\/wp-json\/wp\/v2\/product\/25967","targetHints":{"allow":["GET"]}}],"collection":[{"href":"https:\/\/repliquemangacine.fr\/it\/wp-json\/wp\/v2\/product"}],"about":[{"href":"https:\/\/repliquemangacine.fr\/it\/wp-json\/wp\/v2\/types\/product"}],"wp:featuredmedia":[{"embeddable":true,"href":"https:\/\/repliquemangacine.fr\/it\/wp-json\/wp\/v2\/media\/25968"}],"wp:attachment":[{"href":"https:\/\/repliquemangacine.fr\/it\/wp-json\/wp\/v2\/media?parent=25967"}],"wp:term":[{"taxonomy":"product_brand","embeddable":true,"href":"https:\/\/repliquemangacine.fr\/it\/wp-json\/wp\/v2\/product_brand?post=25967"},{"taxonomy":"product_cat","embeddable":true,"href":"https:\/\/repliquemangacine.fr\/it\/wp-json\/wp\/v2\/product_cat?post=25967"},{"taxonomy":"product_tag","embeddable":true,"href":"https:\/\/repliquemangacine.fr\/it\/wp-json\/wp\/v2\/product_tag?post=25967"}],"curies":[{"name":"wp","href":"https:\/\/api.w.org\/{rel}","templated":true}]}}