





{"id":25925,"date":"2016-10-27T18:50:50","date_gmt":"2016-10-27T16:50:50","guid":{"rendered":"https:\/\/repliquemangacine.fr\/?post_type=product&#038;p=25925"},"modified":"2026-04-05T03:25:31","modified_gmt":"2026-04-05T01:25:31","slug":"fondina-a-spalla-in-pelle","status":"publish","type":"product","link":"https:\/\/repliquemangacine.fr\/it\/holster-accessoires-western\/holster-depaule-en-cuir\/","title":{"rendered":"Fondina a tracolla Custodia in pelle"},"content":{"rendered":"<h2>Fondina a tracolla in pelle<\/h2>\n<p>Per cominciare, questo <strong>Fondina a tracolla<\/strong> Il revolver \u00e8 un modello discreto che permette di nascondere l'arma sotto il braccio (sotto l'ascella). Ci\u00f2 la rende invisibile sotto la giacca, per un aspetto pi\u00f9 realistico nelle vostre esibizioni o rievocazioni.<\/p>\n<p>Cinghie regolabili per una vestibilit\u00e0 personalizzata a seconda della replica trasportata. Il termine \"brelage\" si riferisce alle cinghie utilizzate per il trasporto di un'arma da fuoco.<\/p>\n<p>Fondina in pelle nera realizzata a mano in Spagna da <a href=\"https:\/\/www.denix.fr\/fr\/\" target=\"_blank\" rel=\"noopener noreferrer\">Denix<\/a>\u00a0consente di indossare la replica in modo discreto sotto il braccio. Robusto e regolabile grazie alle cinghie, pu\u00f2 essere adattato a tutte le forme del corpo.<\/p>\n<h2>La vostra fondina a tracolla al miglior prezzo.<\/h2>\n<p>Offriamo un'ampia gamma di accessori e riproduzioni per armi da fuoco.<\/p>\n<p>Innanzitutto,<\/p>\n<ul>\n<li>La replica del <a href=\"https:\/\/repliquemangacine.fr\/it\/armi-storiche\/pistolet-m1911a1-demontable-crosse-quadrillee\/\">Pistola M1911A1 con calcio a scacchi rimovibile.<\/a><\/li>\n<li>Cos\u00ec come il <a href=\"https:\/\/repliquemangacine.fr\/it\/pistola-moderna\/pistola-beretta-92f-parabellum-italia-1975\/\">Beretta 92F Parabellum Italia 1975<\/a><\/li>\n<li>E molti altri da scoprire nel nostro negozio online!<\/li>\n<\/ul>\n<p>Ecco quindi alcune grandi idee regalo per tutti gli amanti delle repliche di armi.<\/p>\n<p>In conclusione, \u00e8 possibile utilizzare questo <strong>Fondina a tracolla<\/strong>, per le vostre rappresentazioni storiche o serate a tema.<\/p>\n<p>R\u00e9plique Manga Cin\u00e9 \u00e8 un'azienda familiare francese.<\/p>\n<h2>Come vengono realizzati gli accessori per le armi?<\/h2>\n<p>Per cominciare, tutti i nostri prodotti derivati sono di altissima qualit\u00e0, realizzati con una meticolosa attenzione ai dettagli. Alcuni di essi sono realizzati a mano, per riprodurre i minimi dettagli. Le parti pi\u00f9 importanti sono lavorate con macchine molto precise. Le incisioni sono generalmente realizzate con una punta di diamante o con il laser.<\/p>\n<p>Il tuo <strong>Fondina a tracolla<\/strong> fabbricati per riprodurre esattamente ogni dettaglio. Per eguagliare l'eredit\u00e0 dei capolavori originali. L'accento \u00e8 posto sulla creazione di repliche di alta qualit\u00e0 che siano il pi\u00f9 possibile storicamente accurate.<\/p>\n<p>In conclusione, importate dalla Cina, dalla Spagna o dall'India, le nostre repliche vi stupiranno!<\/p>","protected":false},"excerpt":{"rendered":"<p>Questa fondina a tracolla \u00e8 realizzata in pelle di alta qualit\u00e0.<\/p>\n<ul>\n<li>Cinghie regolabili per un adattamento personalizzato a quasi tutte le pistole<\/li>\n<li>Revolver o automatico, indipendentemente dalla lunghezza della canna.<\/li>\n<li>Dimensioni: 54 cm - Peso: 220 g.<\/li>\n<\/ul>","protected":false},"featured_media":25926,"template":"","meta":[],"product_brand":[896],"product_cat":[25,102,54,45,90,85,40,28,76,27],"product_tag":[],"class_list":{"0":"post-25925","1":"product","2":"type-product","3":"status-publish","4":"has-post-thumbnail","6":"product_brand-replique-manga-cine","7":"product_cat-armes-historiques","8":"product_cat-denix","9":"product_cat-armes-accessoires-guerre-mondiale","10":"product_cat-holster-western-ceinturon","11":"product_cat-holster-accessoires-western","12":"product_cat-dagues-et-accessoires-seconde-guerre-mondiale-materiels-militaria","13":"product_cat-pistolet-moderne","14":"product_cat-repliques-darmes","15":"product_cat-reproductions-armes-seconde-guerre-mondiale-denix","16":"product_cat-armes-et-accessoires-western","18":"first","19":"instock","20":"taxable","21":"shipping-taxable","22":"purchasable","23":"product-type-simple"},"yoast_head":"<!-- This site is optimized with the Yoast SEO plugin v27.4 - https:\/\/yoast.com\/product\/yoast-seo-wordpress\/ -->\n<title>Holster d&#039;\u00e9paule - Accessoires Denix - R\u00e9plique Manga Cin\u00e9<\/title>\n<meta name=\"description\" content=\"Ce holster d&#039;\u00e9paule est fabriqu\u00e9 \u00e0 partir de cuir de haute qualit\u00e9. Sangles r\u00e9glables. Id\u00e9ale pour vos repr\u00e9sentations ou reconstitutions.\" \/>\n<meta name=\"robots\" content=\"index, follow, max-snippet:-1, max-image-preview:large, max-video-preview:-1\" \/>\n<link rel=\"canonical\" href=\"https:\/\/repliquemangacine.fr\/it\/denix\/fondina-a-spalla-in-pelle\/\" \/>\n<meta property=\"og:locale\" content=\"it_IT\" \/>\n<meta property=\"og:type\" content=\"article\" \/>\n<meta property=\"og:title\" content=\"Holster d&#039;\u00e9paule - Accessoires Denix - R\u00e9plique Manga Cin\u00e9\" \/>\n<meta property=\"og:description\" content=\"Ce holster d&#039;\u00e9paule est fabriqu\u00e9 \u00e0 partir de cuir de haute qualit\u00e9. Sangles r\u00e9glables. Id\u00e9ale pour vos repr\u00e9sentations ou reconstitutions.\" \/>\n<meta property=\"og:url\" content=\"https:\/\/repliquemangacine.fr\/it\/denix\/fondina-a-spalla-in-pelle\/\" \/>\n<meta property=\"og:site_name\" content=\"R\u00e9plique Manga Cin\u00e9\" \/>\n<meta property=\"article:publisher\" content=\"https:\/\/www.facebook.com\/RepliqueMangaCine\" \/>\n<meta property=\"article:modified_time\" content=\"2026-04-05T01:25:31+00:00\" \/>\n<meta property=\"og:image\" content=\"https:\/\/repliquemangacine.fr\/wp-content\/uploads\/2023\/10\/654-Holster-depaule-Etui-cuir.jpg\" \/>\n\t<meta property=\"og:image:width\" content=\"700\" \/>\n\t<meta property=\"og:image:height\" content=\"700\" \/>\n\t<meta property=\"og:image:type\" content=\"image\/jpeg\" \/>\n<meta name=\"twitter:card\" content=\"summary_large_image\" \/>\n<meta name=\"twitter:label1\" content=\"Tempo di lettura stimato\" \/>\n\t<meta name=\"twitter:data1\" content=\"2 minuti\" \/>\n<script type=\"application\/ld+json\" class=\"yoast-schema-graph\">{\"@context\":\"https:\\\/\\\/schema.org\",\"@graph\":[{\"@type\":\"WebPage\",\"@id\":\"https:\\\/\\\/repliquemangacine.fr\\\/denix\\\/holster-depaule-en-cuir\\\/\",\"url\":\"https:\\\/\\\/repliquemangacine.fr\\\/denix\\\/holster-depaule-en-cuir\\\/\",\"name\":\"Holster d'\u00e9paule - Accessoires Denix - R\u00e9plique Manga Cin\u00e9\",\"isPartOf\":{\"@id\":\"https:\\\/\\\/repliquemangacine.fr\\\/#website\"},\"primaryImageOfPage\":{\"@id\":\"https:\\\/\\\/repliquemangacine.fr\\\/denix\\\/holster-depaule-en-cuir\\\/#primaryimage\"},\"image\":{\"@id\":\"https:\\\/\\\/repliquemangacine.fr\\\/denix\\\/holster-depaule-en-cuir\\\/#primaryimage\"},\"thumbnailUrl\":\"https:\\\/\\\/repliquemangacine.fr\\\/wp-content\\\/uploads\\\/2023\\\/10\\\/654-Holster-depaule-Etui-cuir.jpg\",\"datePublished\":\"2016-10-27T16:50:50+00:00\",\"dateModified\":\"2026-04-05T01:25:31+00:00\",\"description\":\"Ce holster d'\u00e9paule est fabriqu\u00e9 \u00e0 partir de cuir de haute qualit\u00e9. Sangles r\u00e9glables. Id\u00e9ale pour vos repr\u00e9sentations ou reconstitutions.\",\"breadcrumb\":{\"@id\":\"https:\\\/\\\/repliquemangacine.fr\\\/denix\\\/holster-depaule-en-cuir\\\/#breadcrumb\"},\"inLanguage\":\"it-IT\",\"potentialAction\":[{\"@type\":\"ReadAction\",\"target\":[\"https:\\\/\\\/repliquemangacine.fr\\\/denix\\\/holster-depaule-en-cuir\\\/\"]}]},{\"@type\":\"ImageObject\",\"inLanguage\":\"it-IT\",\"@id\":\"https:\\\/\\\/repliquemangacine.fr\\\/denix\\\/holster-depaule-en-cuir\\\/#primaryimage\",\"url\":\"https:\\\/\\\/repliquemangacine.fr\\\/wp-content\\\/uploads\\\/2023\\\/10\\\/654-Holster-depaule-Etui-cuir.jpg\",\"contentUrl\":\"https:\\\/\\\/repliquemangacine.fr\\\/wp-content\\\/uploads\\\/2023\\\/10\\\/654-Holster-depaule-Etui-cuir.jpg\",\"width\":700,\"height\":700,\"caption\":\"Holster d'\u00e9paule en cuir\"},{\"@type\":\"BreadcrumbList\",\"@id\":\"https:\\\/\\\/repliquemangacine.fr\\\/denix\\\/holster-depaule-en-cuir\\\/#breadcrumb\",\"itemListElement\":[{\"@type\":\"ListItem\",\"position\":1,\"name\":\"Accueil\",\"item\":\"https:\\\/\\\/repliquemangacine.fr\\\/\"},{\"@type\":\"ListItem\",\"position\":2,\"name\":\"Produits\",\"item\":\"https:\\\/\\\/repliquemangacine.fr\\\/boutique\\\/\"},{\"@type\":\"ListItem\",\"position\":3,\"name\":\"Holster d&#8217;\u00e9paule Etui cuir\"}]},{\"@type\":\"WebSite\",\"@id\":\"https:\\\/\\\/repliquemangacine.fr\\\/#website\",\"url\":\"https:\\\/\\\/repliquemangacine.fr\\\/\",\"name\":\"R\u00e9plique Manga Cin\u00e9\",\"description\":\"\",\"publisher\":{\"@id\":\"https:\\\/\\\/repliquemangacine.fr\\\/#organization\"},\"potentialAction\":[{\"@type\":\"SearchAction\",\"target\":{\"@type\":\"EntryPoint\",\"urlTemplate\":\"https:\\\/\\\/repliquemangacine.fr\\\/?s={search_term_string}\"},\"query-input\":{\"@type\":\"PropertyValueSpecification\",\"valueRequired\":true,\"valueName\":\"search_term_string\"}}],\"inLanguage\":\"it-IT\"},{\"@type\":\"Organization\",\"@id\":\"https:\\\/\\\/repliquemangacine.fr\\\/#organization\",\"name\":\"R\u00e9plique Manga Cin\u00e9\",\"url\":\"https:\\\/\\\/repliquemangacine.fr\\\/\",\"logo\":{\"@type\":\"ImageObject\",\"inLanguage\":\"it-IT\",\"@id\":\"https:\\\/\\\/repliquemangacine.fr\\\/#\\\/schema\\\/logo\\\/image\\\/\",\"url\":\"https:\\\/\\\/repliquemangacine.fr\\\/wp-content\\\/uploads\\\/2023\\\/10\\\/RMC-500250.png\",\"contentUrl\":\"https:\\\/\\\/repliquemangacine.fr\\\/wp-content\\\/uploads\\\/2023\\\/10\\\/RMC-500250.png\",\"width\":500,\"height\":250,\"caption\":\"R\u00e9plique Manga Cin\u00e9\"},\"image\":{\"@id\":\"https:\\\/\\\/repliquemangacine.fr\\\/#\\\/schema\\\/logo\\\/image\\\/\"},\"sameAs\":[\"https:\\\/\\\/www.facebook.com\\\/RepliqueMangaCine\",\"https:\\\/\\\/www.instagram.com\\\/repliquemangacine.fr\\\/\"]}]}<\/script>\n<!-- \/ Yoast SEO plugin. -->","yoast_head_json":{"title":"Fondina a tracolla - Accessori Denix - R\u00e9plique Manga Cin\u00e9","description":"Questa fondina a tracolla \u00e8 realizzata in pelle di alta qualit\u00e0. Cinghie regolabili. Ideale per spettacoli e rievocazioni.","robots":{"index":"index","follow":"follow","max-snippet":"max-snippet:-1","max-image-preview":"max-image-preview:large","max-video-preview":"max-video-preview:-1"},"canonical":"https:\/\/repliquemangacine.fr\/it\/denix\/fondina-a-spalla-in-pelle\/","og_locale":"it_IT","og_type":"article","og_title":"Holster d'\u00e9paule - Accessoires Denix - R\u00e9plique Manga Cin\u00e9","og_description":"Ce holster d'\u00e9paule est fabriqu\u00e9 \u00e0 partir de cuir de haute qualit\u00e9. Sangles r\u00e9glables. Id\u00e9ale pour vos repr\u00e9sentations ou reconstitutions.","og_url":"https:\/\/repliquemangacine.fr\/it\/denix\/fondina-a-spalla-in-pelle\/","og_site_name":"R\u00e9plique Manga Cin\u00e9","article_publisher":"https:\/\/www.facebook.com\/RepliqueMangaCine","article_modified_time":"2026-04-05T01:25:31+00:00","og_image":[{"width":700,"height":700,"url":"https:\/\/repliquemangacine.fr\/wp-content\/uploads\/2023\/10\/654-Holster-depaule-Etui-cuir.jpg","type":"image\/jpeg"}],"twitter_card":"summary_large_image","twitter_misc":{"Tempo di lettura stimato":"2 minuti"},"schema":{"@context":"https:\/\/schema.org","@graph":[{"@type":"WebPage","@id":"https:\/\/repliquemangacine.fr\/denix\/holster-depaule-en-cuir\/","url":"https:\/\/repliquemangacine.fr\/denix\/holster-depaule-en-cuir\/","name":"Fondina a tracolla - Accessori Denix - R\u00e9plique Manga Cin\u00e9","isPartOf":{"@id":"https:\/\/repliquemangacine.fr\/#website"},"primaryImageOfPage":{"@id":"https:\/\/repliquemangacine.fr\/denix\/holster-depaule-en-cuir\/#primaryimage"},"image":{"@id":"https:\/\/repliquemangacine.fr\/denix\/holster-depaule-en-cuir\/#primaryimage"},"thumbnailUrl":"https:\/\/repliquemangacine.fr\/wp-content\/uploads\/2023\/10\/654-Holster-depaule-Etui-cuir.jpg","datePublished":"2016-10-27T16:50:50+00:00","dateModified":"2026-04-05T01:25:31+00:00","description":"Questa fondina a tracolla \u00e8 realizzata in pelle di alta qualit\u00e0. Cinghie regolabili. Ideale per spettacoli e rievocazioni.","breadcrumb":{"@id":"https:\/\/repliquemangacine.fr\/denix\/holster-depaule-en-cuir\/#breadcrumb"},"inLanguage":"it-IT","potentialAction":[{"@type":"ReadAction","target":["https:\/\/repliquemangacine.fr\/denix\/holster-depaule-en-cuir\/"]}]},{"@type":"ImageObject","inLanguage":"it-IT","@id":"https:\/\/repliquemangacine.fr\/denix\/holster-depaule-en-cuir\/#primaryimage","url":"https:\/\/repliquemangacine.fr\/wp-content\/uploads\/2023\/10\/654-Holster-depaule-Etui-cuir.jpg","contentUrl":"https:\/\/repliquemangacine.fr\/wp-content\/uploads\/2023\/10\/654-Holster-depaule-Etui-cuir.jpg","width":700,"height":700,"caption":"Holster d'\u00e9paule en cuir"},{"@type":"BreadcrumbList","@id":"https:\/\/repliquemangacine.fr\/denix\/holster-depaule-en-cuir\/#breadcrumb","itemListElement":[{"@type":"ListItem","position":1,"name":"Accueil","item":"https:\/\/repliquemangacine.fr\/"},{"@type":"ListItem","position":2,"name":"Produits","item":"https:\/\/repliquemangacine.fr\/boutique\/"},{"@type":"ListItem","position":3,"name":"Holster d&#8217;\u00e9paule Etui cuir"}]},{"@type":"WebSite","@id":"https:\/\/repliquemangacine.fr\/#website","url":"https:\/\/repliquemangacine.fr\/","name":"R\u00e9plique Manga Cin\u00e9","description":"","publisher":{"@id":"https:\/\/repliquemangacine.fr\/#organization"},"potentialAction":[{"@type":"SearchAction","target":{"@type":"EntryPoint","urlTemplate":"https:\/\/repliquemangacine.fr\/?s={search_term_string}"},"query-input":{"@type":"PropertyValueSpecification","valueRequired":true,"valueName":"search_term_string"}}],"inLanguage":"it-IT"},{"@type":"Organization","@id":"https:\/\/repliquemangacine.fr\/#organization","name":"R\u00e9plique Manga Cin\u00e9","url":"https:\/\/repliquemangacine.fr\/","logo":{"@type":"ImageObject","inLanguage":"it-IT","@id":"https:\/\/repliquemangacine.fr\/#\/schema\/logo\/image\/","url":"https:\/\/repliquemangacine.fr\/wp-content\/uploads\/2023\/10\/RMC-500250.png","contentUrl":"https:\/\/repliquemangacine.fr\/wp-content\/uploads\/2023\/10\/RMC-500250.png","width":500,"height":250,"caption":"R\u00e9plique Manga Cin\u00e9"},"image":{"@id":"https:\/\/repliquemangacine.fr\/#\/schema\/logo\/image\/"},"sameAs":["https:\/\/www.facebook.com\/RepliqueMangaCine","https:\/\/www.instagram.com\/repliquemangacine.fr\/"]}]}},"_links":{"self":[{"href":"https:\/\/repliquemangacine.fr\/it\/wp-json\/wp\/v2\/product\/25925","targetHints":{"allow":["GET"]}}],"collection":[{"href":"https:\/\/repliquemangacine.fr\/it\/wp-json\/wp\/v2\/product"}],"about":[{"href":"https:\/\/repliquemangacine.fr\/it\/wp-json\/wp\/v2\/types\/product"}],"wp:featuredmedia":[{"embeddable":true,"href":"https:\/\/repliquemangacine.fr\/it\/wp-json\/wp\/v2\/media\/25926"}],"wp:attachment":[{"href":"https:\/\/repliquemangacine.fr\/it\/wp-json\/wp\/v2\/media?parent=25925"}],"wp:term":[{"taxonomy":"product_brand","embeddable":true,"href":"https:\/\/repliquemangacine.fr\/it\/wp-json\/wp\/v2\/product_brand?post=25925"},{"taxonomy":"product_cat","embeddable":true,"href":"https:\/\/repliquemangacine.fr\/it\/wp-json\/wp\/v2\/product_cat?post=25925"},{"taxonomy":"product_tag","embeddable":true,"href":"https:\/\/repliquemangacine.fr\/it\/wp-json\/wp\/v2\/product_tag?post=25925"}],"curies":[{"name":"wp","href":"https:\/\/api.w.org\/{rel}","templated":true}]}}