





{"id":25918,"date":"2016-10-27T18:14:40","date_gmt":"2016-10-27T16:14:40","guid":{"rendered":"https:\/\/repliquemangacine.fr\/?post_type=product&#038;p=25918"},"modified":"2026-04-02T15:13:53","modified_gmt":"2026-04-02T13:13:53","slug":"fodero-per-fucile-winchester","status":"publish","type":"product","link":"https:\/\/repliquemangacine.fr\/it\/repliques-carabine-winchester-western\/etui-fourreau-carabine-winchester\/","title":{"rendered":"Fodero Winchester"},"content":{"rendered":"<h2>Fodero per fucile Winchester - Denix<\/h2>\n<p>Per cominciare, il <strong>Fodero per fucile Winchester<\/strong> \u00e8 realizzato appositamente per le selle da cavallo.<\/p>\n<p>La fondina (termine di origine anglosassone) serve a proteggere la pistola, garantirne la conservazione e consentirne un facile accesso.<\/p>\n<p>Generalmente progettato per essere utilizzato con una sola mano. Ci\u00f2 consente di estrarre e\/o sostituire l'arma con la stessa mano.<\/p>\n<p>Reso popolare dai film western e dalle famose scene di duelli. L'estrazione della pistola in alcuni film \u00e8 piuttosto spettacolare e si assiste a prodezze tecniche per rimetterla a posto.  Per concludere, l'inquadratura americana \u00e8 tradizionalmente utilizzata per riprendere i personaggi a met\u00e0 coscia, ovvero all'altezza della fondina.<\/p>\n<h2>Il vostro fodero per fucile Winchester al miglior prezzo.<\/h2>\n<p>Vi proponiamo un'ampia scelta di repliche provenienti dal mondo del cinema e delle serie TV western.<\/p>\n<p>Innanzitutto,<\/p>\n<ul>\n<li>La <a href=\"https:\/\/repliquemangacine.fr\/it\/fucile-winchester-western-country\/fucile-winchester-john-wayne-modello-1892\/\">Fucile Winchester John Wayne<\/a> con le sue iniziali sul calcio.<\/li>\n<li>C'\u00e8 anche il famoso <a href=\"https:\/\/repliquemangacine.fr\/it\/fucile-winchester\/fucile-henry-guerra-civile-usa-1860\/\">Fucile Henry 1860<\/a> Guerra civile USA<\/li>\n<li>Cos\u00ec come <a href=\"https:\/\/repliquemangacine.fr\/it\/accessori-per-fondine\/balles-factice-winchester-denix\/\">proiettili finti<\/a> per winchester denix.<\/li>\n<li>E molti altri da scoprire nel nostro negozio online!<\/li>\n<\/ul>\n<p>Ecco quindi alcune fantastiche idee regalo per tutti gli appassionati di western.<\/p>\n<p>In conclusione, \u00e8 possibile utilizzare il metodo <strong>Fodero per fucile Winchester<\/strong> per le vostre rappresentazioni western. Prima di tutto, questa custodia \u00e8 un oggetto da collezione e decorativo.<\/p>\n<p>R\u00e9plique Manga Cin\u00e9 \u00e8 un'azienda familiare francese. Distributore ufficiale <a href=\"https:\/\/www.denix.fr\/fr\/catalogue\/guerre-civile-occidentale-et-americaine-1861-1899\/\" target=\"_blank\" rel=\"noopener noreferrer\">Denix<\/a><\/p>\n<h2>Come vengono realizzati gli accessori per le armi?<\/h2>\n<p>Per cominciare, tutti i nostri prodotti derivati sono di altissima qualit\u00e0, realizzati con una meticolosa attenzione ai dettagli. Alcuni di essi sono realizzati a mano, per riprodurre i minimi dettagli. Le parti pi\u00f9 importanti sono lavorate con macchine molto precise. Le incisioni sono generalmente realizzate con una punta di diamante o con il laser.<\/p>\n<p>Il tuo <strong>Fodero per fucile Winchester<\/strong> fabbricati per riprodurre esattamente ogni dettaglio. Per eguagliare l'eredit\u00e0 dei capolavori originali. L'accento \u00e8 posto sulla creazione di repliche di alta qualit\u00e0 che siano il pi\u00f9 possibile storicamente accurate.<\/p>\n<p>In conclusione, importate dalla Cina, dalla Spagna o dall'India, le nostre repliche vi stupiranno!<\/p>","protected":false},"excerpt":{"rendered":"<p>Custodia in pelle per il trasporto di un Winchester e per il trasporto del fucile sulla sella del cavallo.<\/p>\n<ul>\n<li>Due cinghie regolabili per adattarsi al fucile.<\/li>\n<li>Il terzo cinturino si inserisce intorno al calcio, tenendo il fucile o il pallino Winchester saldamente in posizione.<\/li>\n<li>Dimensioni: 26 cm - Lunghezza totale con cinturino: 54 cm<\/li>\n<\/ul>","protected":false},"featured_media":25919,"template":"","meta":[],"product_brand":[896],"product_cat":[34,86,39,102,45,90,28,27],"product_tag":[],"class_list":{"0":"post-25918","1":"product","2":"type-product","3":"status-publish","4":"has-post-thumbnail","6":"product_brand-replique-manga-cine","7":"product_cat-armes-westerns","8":"product_cat-repliques-carabine-winchester-western","9":"product_cat-carabine-winchester","10":"product_cat-denix","11":"product_cat-holster-western-ceinturon","12":"product_cat-holster-accessoires-western","13":"product_cat-repliques-darmes","14":"product_cat-armes-et-accessoires-western","16":"first","17":"instock","18":"taxable","19":"shipping-taxable","20":"purchasable","21":"product-type-simple"},"yoast_head":"<!-- This site is optimized with the Yoast SEO plugin v27.4 - https:\/\/yoast.com\/product\/yoast-seo-wordpress\/ -->\n<title>Fourreau Carabine Winchester - Vente d&#039;accessoire Western | RMC<\/title>\n<meta name=\"description\" content=\"Offrez-vous ! Le Fourreau Carabine Winchester au meilleur prix - Superbe fourreau court pour monture \u00e0 cheval. Etui en cuir avec sangles r\u00e9glables - 54 cm\" \/>\n<meta name=\"robots\" content=\"index, follow, max-snippet:-1, max-image-preview:large, max-video-preview:-1\" \/>\n<link rel=\"canonical\" href=\"https:\/\/repliquemangacine.fr\/it\/denix\/fodero-per-fucile-winchester\/\" \/>\n<meta property=\"og:locale\" content=\"it_IT\" \/>\n<meta property=\"og:type\" content=\"article\" \/>\n<meta property=\"og:title\" content=\"Fourreau Carabine Winchester - Vente d&#039;accessoire Western | RMC\" \/>\n<meta property=\"og:description\" content=\"Offrez-vous ! Le Fourreau Carabine Winchester au meilleur prix - Superbe fourreau court pour monture \u00e0 cheval. Etui en cuir avec sangles r\u00e9glables - 54 cm\" \/>\n<meta property=\"og:url\" content=\"https:\/\/repliquemangacine.fr\/it\/denix\/fodero-per-fucile-winchester\/\" \/>\n<meta property=\"og:site_name\" content=\"R\u00e9plique Manga Cin\u00e9\" \/>\n<meta property=\"article:publisher\" content=\"https:\/\/www.facebook.com\/RepliqueMangaCine\" \/>\n<meta property=\"article:modified_time\" content=\"2026-04-02T13:13:53+00:00\" \/>\n<meta property=\"og:image\" content=\"https:\/\/repliquemangacine.fr\/wp-content\/uploads\/2023\/10\/649-Grand-Fourreau-pour-carabine-winchester.jpg\" \/>\n\t<meta property=\"og:image:width\" content=\"700\" \/>\n\t<meta property=\"og:image:height\" content=\"700\" \/>\n\t<meta property=\"og:image:type\" content=\"image\/jpeg\" \/>\n<meta name=\"twitter:card\" content=\"summary_large_image\" \/>\n<meta name=\"twitter:label1\" content=\"Tempo di lettura stimato\" \/>\n\t<meta name=\"twitter:data1\" content=\"2 minuti\" \/>\n<script type=\"application\/ld+json\" class=\"yoast-schema-graph\">{\"@context\":\"https:\\\/\\\/schema.org\",\"@graph\":[{\"@type\":\"WebPage\",\"@id\":\"https:\\\/\\\/repliquemangacine.fr\\\/denix\\\/etui-fourreau-carabine-winchester\\\/\",\"url\":\"https:\\\/\\\/repliquemangacine.fr\\\/denix\\\/etui-fourreau-carabine-winchester\\\/\",\"name\":\"Fourreau Carabine Winchester - Vente d'accessoire Western | RMC\",\"isPartOf\":{\"@id\":\"https:\\\/\\\/repliquemangacine.fr\\\/#website\"},\"primaryImageOfPage\":{\"@id\":\"https:\\\/\\\/repliquemangacine.fr\\\/denix\\\/etui-fourreau-carabine-winchester\\\/#primaryimage\"},\"image\":{\"@id\":\"https:\\\/\\\/repliquemangacine.fr\\\/denix\\\/etui-fourreau-carabine-winchester\\\/#primaryimage\"},\"thumbnailUrl\":\"https:\\\/\\\/repliquemangacine.fr\\\/wp-content\\\/uploads\\\/2023\\\/10\\\/649-Grand-Fourreau-pour-carabine-winchester.jpg\",\"datePublished\":\"2016-10-27T16:14:40+00:00\",\"dateModified\":\"2026-04-02T13:13:53+00:00\",\"description\":\"Offrez-vous ! Le Fourreau Carabine Winchester au meilleur prix - Superbe fourreau court pour monture \u00e0 cheval. Etui en cuir avec sangles r\u00e9glables - 54 cm\",\"breadcrumb\":{\"@id\":\"https:\\\/\\\/repliquemangacine.fr\\\/denix\\\/etui-fourreau-carabine-winchester\\\/#breadcrumb\"},\"inLanguage\":\"it-IT\",\"potentialAction\":[{\"@type\":\"ReadAction\",\"target\":[\"https:\\\/\\\/repliquemangacine.fr\\\/denix\\\/etui-fourreau-carabine-winchester\\\/\"]}]},{\"@type\":\"ImageObject\",\"inLanguage\":\"it-IT\",\"@id\":\"https:\\\/\\\/repliquemangacine.fr\\\/denix\\\/etui-fourreau-carabine-winchester\\\/#primaryimage\",\"url\":\"https:\\\/\\\/repliquemangacine.fr\\\/wp-content\\\/uploads\\\/2023\\\/10\\\/649-Grand-Fourreau-pour-carabine-winchester.jpg\",\"contentUrl\":\"https:\\\/\\\/repliquemangacine.fr\\\/wp-content\\\/uploads\\\/2023\\\/10\\\/649-Grand-Fourreau-pour-carabine-winchester.jpg\",\"width\":700,\"height\":700,\"caption\":\"Grand Fourreau pour carabine winchester\"},{\"@type\":\"BreadcrumbList\",\"@id\":\"https:\\\/\\\/repliquemangacine.fr\\\/denix\\\/etui-fourreau-carabine-winchester\\\/#breadcrumb\",\"itemListElement\":[{\"@type\":\"ListItem\",\"position\":1,\"name\":\"Accueil\",\"item\":\"https:\\\/\\\/repliquemangacine.fr\\\/\"},{\"@type\":\"ListItem\",\"position\":2,\"name\":\"Produits\",\"item\":\"https:\\\/\\\/repliquemangacine.fr\\\/boutique\\\/\"},{\"@type\":\"ListItem\",\"position\":3,\"name\":\"Fourreau winchester\"}]},{\"@type\":\"WebSite\",\"@id\":\"https:\\\/\\\/repliquemangacine.fr\\\/#website\",\"url\":\"https:\\\/\\\/repliquemangacine.fr\\\/\",\"name\":\"R\u00e9plique Manga Cin\u00e9\",\"description\":\"\",\"publisher\":{\"@id\":\"https:\\\/\\\/repliquemangacine.fr\\\/#organization\"},\"potentialAction\":[{\"@type\":\"SearchAction\",\"target\":{\"@type\":\"EntryPoint\",\"urlTemplate\":\"https:\\\/\\\/repliquemangacine.fr\\\/?s={search_term_string}\"},\"query-input\":{\"@type\":\"PropertyValueSpecification\",\"valueRequired\":true,\"valueName\":\"search_term_string\"}}],\"inLanguage\":\"it-IT\"},{\"@type\":\"Organization\",\"@id\":\"https:\\\/\\\/repliquemangacine.fr\\\/#organization\",\"name\":\"R\u00e9plique Manga Cin\u00e9\",\"url\":\"https:\\\/\\\/repliquemangacine.fr\\\/\",\"logo\":{\"@type\":\"ImageObject\",\"inLanguage\":\"it-IT\",\"@id\":\"https:\\\/\\\/repliquemangacine.fr\\\/#\\\/schema\\\/logo\\\/image\\\/\",\"url\":\"https:\\\/\\\/repliquemangacine.fr\\\/wp-content\\\/uploads\\\/2023\\\/10\\\/RMC-500250.png\",\"contentUrl\":\"https:\\\/\\\/repliquemangacine.fr\\\/wp-content\\\/uploads\\\/2023\\\/10\\\/RMC-500250.png\",\"width\":500,\"height\":250,\"caption\":\"R\u00e9plique Manga Cin\u00e9\"},\"image\":{\"@id\":\"https:\\\/\\\/repliquemangacine.fr\\\/#\\\/schema\\\/logo\\\/image\\\/\"},\"sameAs\":[\"https:\\\/\\\/www.facebook.com\\\/RepliqueMangaCine\",\"https:\\\/\\\/www.instagram.com\\\/repliquemangacine.fr\\\/\"]}]}<\/script>\n<!-- \/ Yoast SEO plugin. -->","yoast_head_json":{"title":"Fodero per fucile Winchester - vendita accessori western | RMC","description":"Regalatevi! Il fodero per fucile Winchester al miglior prezzo - Superbo fodero corto per cavalcatura. Fodero in pelle con cinghie regolabili - 54 cm","robots":{"index":"index","follow":"follow","max-snippet":"max-snippet:-1","max-image-preview":"max-image-preview:large","max-video-preview":"max-video-preview:-1"},"canonical":"https:\/\/repliquemangacine.fr\/it\/denix\/fodero-per-fucile-winchester\/","og_locale":"it_IT","og_type":"article","og_title":"Fourreau Carabine Winchester - Vente d'accessoire Western | RMC","og_description":"Offrez-vous ! Le Fourreau Carabine Winchester au meilleur prix - Superbe fourreau court pour monture \u00e0 cheval. Etui en cuir avec sangles r\u00e9glables - 54 cm","og_url":"https:\/\/repliquemangacine.fr\/it\/denix\/fodero-per-fucile-winchester\/","og_site_name":"R\u00e9plique Manga Cin\u00e9","article_publisher":"https:\/\/www.facebook.com\/RepliqueMangaCine","article_modified_time":"2026-04-02T13:13:53+00:00","og_image":[{"width":700,"height":700,"url":"https:\/\/repliquemangacine.fr\/wp-content\/uploads\/2023\/10\/649-Grand-Fourreau-pour-carabine-winchester.jpg","type":"image\/jpeg"}],"twitter_card":"summary_large_image","twitter_misc":{"Tempo di lettura stimato":"2 minuti"},"schema":{"@context":"https:\/\/schema.org","@graph":[{"@type":"WebPage","@id":"https:\/\/repliquemangacine.fr\/denix\/etui-fourreau-carabine-winchester\/","url":"https:\/\/repliquemangacine.fr\/denix\/etui-fourreau-carabine-winchester\/","name":"Fodero per fucile Winchester - vendita accessori western | RMC","isPartOf":{"@id":"https:\/\/repliquemangacine.fr\/#website"},"primaryImageOfPage":{"@id":"https:\/\/repliquemangacine.fr\/denix\/etui-fourreau-carabine-winchester\/#primaryimage"},"image":{"@id":"https:\/\/repliquemangacine.fr\/denix\/etui-fourreau-carabine-winchester\/#primaryimage"},"thumbnailUrl":"https:\/\/repliquemangacine.fr\/wp-content\/uploads\/2023\/10\/649-Grand-Fourreau-pour-carabine-winchester.jpg","datePublished":"2016-10-27T16:14:40+00:00","dateModified":"2026-04-02T13:13:53+00:00","description":"Regalatevi! Il fodero per fucile Winchester al miglior prezzo - Superbo fodero corto per cavalcatura. Fodero in pelle con cinghie regolabili - 54 cm","breadcrumb":{"@id":"https:\/\/repliquemangacine.fr\/denix\/etui-fourreau-carabine-winchester\/#breadcrumb"},"inLanguage":"it-IT","potentialAction":[{"@type":"ReadAction","target":["https:\/\/repliquemangacine.fr\/denix\/etui-fourreau-carabine-winchester\/"]}]},{"@type":"ImageObject","inLanguage":"it-IT","@id":"https:\/\/repliquemangacine.fr\/denix\/etui-fourreau-carabine-winchester\/#primaryimage","url":"https:\/\/repliquemangacine.fr\/wp-content\/uploads\/2023\/10\/649-Grand-Fourreau-pour-carabine-winchester.jpg","contentUrl":"https:\/\/repliquemangacine.fr\/wp-content\/uploads\/2023\/10\/649-Grand-Fourreau-pour-carabine-winchester.jpg","width":700,"height":700,"caption":"Grand Fourreau pour carabine winchester"},{"@type":"BreadcrumbList","@id":"https:\/\/repliquemangacine.fr\/denix\/etui-fourreau-carabine-winchester\/#breadcrumb","itemListElement":[{"@type":"ListItem","position":1,"name":"Accueil","item":"https:\/\/repliquemangacine.fr\/"},{"@type":"ListItem","position":2,"name":"Produits","item":"https:\/\/repliquemangacine.fr\/boutique\/"},{"@type":"ListItem","position":3,"name":"Fourreau winchester"}]},{"@type":"WebSite","@id":"https:\/\/repliquemangacine.fr\/#website","url":"https:\/\/repliquemangacine.fr\/","name":"R\u00e9plique Manga Cin\u00e9","description":"","publisher":{"@id":"https:\/\/repliquemangacine.fr\/#organization"},"potentialAction":[{"@type":"SearchAction","target":{"@type":"EntryPoint","urlTemplate":"https:\/\/repliquemangacine.fr\/?s={search_term_string}"},"query-input":{"@type":"PropertyValueSpecification","valueRequired":true,"valueName":"search_term_string"}}],"inLanguage":"it-IT"},{"@type":"Organization","@id":"https:\/\/repliquemangacine.fr\/#organization","name":"R\u00e9plique Manga Cin\u00e9","url":"https:\/\/repliquemangacine.fr\/","logo":{"@type":"ImageObject","inLanguage":"it-IT","@id":"https:\/\/repliquemangacine.fr\/#\/schema\/logo\/image\/","url":"https:\/\/repliquemangacine.fr\/wp-content\/uploads\/2023\/10\/RMC-500250.png","contentUrl":"https:\/\/repliquemangacine.fr\/wp-content\/uploads\/2023\/10\/RMC-500250.png","width":500,"height":250,"caption":"R\u00e9plique Manga Cin\u00e9"},"image":{"@id":"https:\/\/repliquemangacine.fr\/#\/schema\/logo\/image\/"},"sameAs":["https:\/\/www.facebook.com\/RepliqueMangaCine","https:\/\/www.instagram.com\/repliquemangacine.fr\/"]}]}},"_links":{"self":[{"href":"https:\/\/repliquemangacine.fr\/it\/wp-json\/wp\/v2\/product\/25918","targetHints":{"allow":["GET"]}}],"collection":[{"href":"https:\/\/repliquemangacine.fr\/it\/wp-json\/wp\/v2\/product"}],"about":[{"href":"https:\/\/repliquemangacine.fr\/it\/wp-json\/wp\/v2\/types\/product"}],"wp:featuredmedia":[{"embeddable":true,"href":"https:\/\/repliquemangacine.fr\/it\/wp-json\/wp\/v2\/media\/25919"}],"wp:attachment":[{"href":"https:\/\/repliquemangacine.fr\/it\/wp-json\/wp\/v2\/media?parent=25918"}],"wp:term":[{"taxonomy":"product_brand","embeddable":true,"href":"https:\/\/repliquemangacine.fr\/it\/wp-json\/wp\/v2\/product_brand?post=25918"},{"taxonomy":"product_cat","embeddable":true,"href":"https:\/\/repliquemangacine.fr\/it\/wp-json\/wp\/v2\/product_cat?post=25918"},{"taxonomy":"product_tag","embeddable":true,"href":"https:\/\/repliquemangacine.fr\/it\/wp-json\/wp\/v2\/product_tag?post=25918"}],"curies":[{"name":"wp","href":"https:\/\/api.w.org\/{rel}","templated":true}]}}