





{"id":25912,"date":"2016-10-27T16:56:48","date_gmt":"2016-10-27T14:56:48","guid":{"rendered":"https:\/\/repliquemangacine.fr\/?post_type=product&#038;p=25912"},"modified":"2026-04-10T08:02:15","modified_gmt":"2026-04-10T06:02:15","slug":"fondina-cavallerizza-cintura-da-gamba-joss-randall","status":"publish","type":"product","link":"https:\/\/repliquemangacine.fr\/it\/repliques-carabine-winchester-western\/holster-mares-leg-ceinturon-joss-randall\/","title":{"rendered":"Fondina per zampe di cavalla"},"content":{"rendered":"<h2>Fondina in pelle a forma di zampa di cavalla.<\/h2>\n<p>Per cominciare, questo <strong>Fondina per zampe di cavalla<\/strong> \u00e8 la cintura di Josh Randall, appositamente progettata per contenere il fucile Winchester segato e il calcio.<\/p>\n<p>Fondina (termine di origine anglosassone), per proteggere l'arma, garantirne la custodia e facilitarne l'accesso.<\/p>\n<p>Generalmente progettati per l'uso con una sola mano, consentono di estrarre e\/o sostituire l'arma con la stessa mano.<\/p>\n<p>\u00c8 diventata popolare nei film western e nelle famose scene di duello. In alcuni film, l'estrazione della pistola \u00e8 piuttosto spettacolare, e ci sono alcune prodezze tecniche per rimetterla a posto. L'inquadratura americana \u00e8 tradizionalmente utilizzata per riprendere i personaggi a met\u00e0 coscia, cio\u00e8 all'altezza della fondina.<\/p>\n<h2>La vostra fondina per zampe di cavalla al miglior prezzo.<\/h2>\n<p>Offriamo un'ampia gamma di accessori western.<\/p>\n<p>Innanzitutto,<\/p>\n<ul>\n<li>Per la fondina, \u00e8 necessario il winchester <a href=\"https:\/\/repliquemangacine.fr\/it\/fucile-winchester-western-country\/stagni-gamba-denix\/\">Gamba della cavalla<\/a> da Josh Randall di Denix.<\/li>\n<li>Ci sono anche <a href=\"https:\/\/repliquemangacine.fr\/it\/accessori-per-fondine\/balles-factice-winchester-denix\/\">proiettili finti per winchester<\/a> per riempire l'astuccio della cartuccia.<\/li>\n<li>E molti altri da scoprire nel nostro negozio online!<\/li>\n<\/ul>\n<p>Ecco perch\u00e9 questa \u00e8 un'ottima idea regalo per tutti gli amanti delle armi storiche.<\/p>\n<p>In conclusione, \u00e8 possibile utilizzare questo <strong>Fondina per zampe di cavalla<\/strong> per le vostre rievocazioni e rappresentazioni western.<\/p>\n<p>Soprattutto, quest'arma \u00e8 un oggetto da collezione e un pezzo decorativo.<\/p>\n<p>R\u00e9plique Manga Cin\u00e9 \u00e8 un'azienda francese e distributore ufficiale del marchio <a href=\"https:\/\/www.denix.fr\/fr\/catalogue\/guerre-civile-occidentale-et-americaine-1861-1899\/cartouches-et-etuis-en-cuir\/701\/\" target=\"_blank\" rel=\"noopener noreferrer\">Denix<\/a>.<\/p>\n<h2>Come vengono realizzati i suoi accessori western?<\/h2>\n<p>Per cominciare, tutti i nostri prodotti derivati sono di altissima qualit\u00e0, realizzati con una meticolosa attenzione ai dettagli. Alcuni di essi sono realizzati a mano, per riprodurre i minimi dettagli. Le parti pi\u00f9 importanti sono lavorate con macchine molto precise. Le incisioni sono generalmente realizzate con una punta di diamante o con il laser.<\/p>\n<p>Il tuo <strong>Fondina per zampe di cavalla<\/strong> fabbricati per riprodurre esattamente ogni dettaglio. Per essere all'altezza dell'eredit\u00e0 dei capolavori originali. Infatti, Denix utilizza esattamente lo stesso modello della serie \u201cIn the Name of the Law\u201d con Steve McQueen.<\/p>\n<p>In conclusione, importate dalla Cina, dalla Spagna o dall'India, le nostre repliche vi stupiranno!<\/p>","protected":false},"excerpt":{"rendered":"<p>Appositamente progettato per la gamba della cavalla.<\/p>\n<ul>\n<li>Pelle modellata.<\/li>\n<li>Fibbia da cintura in metallo.<\/li>\n<li>Cinghie di supporto per le gambe.<\/li>\n<li>Cintura per cartucce. Viene fornito con 15 proiettili finti.<\/li>\n<li>Per misure di vita da 95 a 109 cm<\/li>\n<li>Lunghezza della cintura: 117 cm<\/li>\n<\/ul>\n<p><strong>Venduto senza fucile<\/strong><\/p>\n<p><iframe title=\"Lettore video di YouTube\" src=\"https:\/\/www.youtube.com\/embed\/0QgiUUgXa28\" width=\"560\" height=\"315\" frameborder=\"0\" allowfullscreen=\"allowfullscreen\"><\/iframe><\/p>","protected":false},"featured_media":25913,"template":"","meta":[],"product_brand":[896],"product_cat":[34,86,39,102,45,90,28,27],"product_tag":[],"class_list":{"0":"post-25912","1":"product","2":"type-product","3":"status-publish","4":"has-post-thumbnail","6":"product_brand-replique-manga-cine","7":"product_cat-armes-westerns","8":"product_cat-repliques-carabine-winchester-western","9":"product_cat-carabine-winchester","10":"product_cat-denix","11":"product_cat-holster-western-ceinturon","12":"product_cat-holster-accessoires-western","13":"product_cat-repliques-darmes","14":"product_cat-armes-et-accessoires-western","16":"first","17":"instock","18":"sale","19":"taxable","20":"shipping-taxable","21":"purchasable","22":"product-type-simple"},"yoast_head":"<!-- This site is optimized with the Yoast SEO plugin v27.4 - https:\/\/yoast.com\/product\/yoast-seo-wordpress\/ -->\n<title>Holster Mare&#039;s Leg - Vente d&#039;Accessoires westerns Denix | RMC<\/title>\n<meta name=\"description\" content=\"Offrez-vous ! Cet Holster Mare&#039;s Leg de Joss Randall au meilleur prix - Tout en cuir - Fabrication artisanale - Longueur du ceinturon : 117 cm\" \/>\n<meta name=\"robots\" content=\"index, follow, max-snippet:-1, max-image-preview:large, max-video-preview:-1\" \/>\n<link rel=\"canonical\" href=\"https:\/\/repliquemangacine.fr\/it\/denix\/fondina-cavallerizza-cintura-da-gamba-joss-randall\/\" \/>\n<meta property=\"og:locale\" content=\"it_IT\" \/>\n<meta property=\"og:type\" content=\"article\" \/>\n<meta property=\"og:title\" content=\"Holster Mare&#039;s Leg - Vente d&#039;Accessoires westerns Denix | RMC\" \/>\n<meta property=\"og:description\" content=\"Offrez-vous ! Cet Holster Mare&#039;s Leg de Joss Randall au meilleur prix - Tout en cuir - Fabrication artisanale - Longueur du ceinturon : 117 cm\" \/>\n<meta property=\"og:url\" content=\"https:\/\/repliquemangacine.fr\/it\/denix\/fondina-cavallerizza-cintura-da-gamba-joss-randall\/\" \/>\n<meta property=\"og:site_name\" content=\"R\u00e9plique Manga Cin\u00e9\" \/>\n<meta property=\"article:publisher\" content=\"https:\/\/www.facebook.com\/RepliqueMangaCine\" \/>\n<meta property=\"article:modified_time\" content=\"2026-04-10T06:02:15+00:00\" \/>\n<meta property=\"og:image\" content=\"https:\/\/repliquemangacine.fr\/wp-content\/uploads\/2023\/10\/643-Ceinturon-Joss-Randall-steve-mc-queen.jpg\" \/>\n\t<meta property=\"og:image:width\" content=\"800\" \/>\n\t<meta property=\"og:image:height\" content=\"800\" \/>\n\t<meta property=\"og:image:type\" content=\"image\/jpeg\" \/>\n<meta name=\"twitter:card\" content=\"summary_large_image\" \/>\n<meta name=\"twitter:label1\" content=\"Tempo di lettura stimato\" \/>\n\t<meta name=\"twitter:data1\" content=\"2 minuti\" \/>\n<script type=\"application\/ld+json\" class=\"yoast-schema-graph\">{\"@context\":\"https:\\\/\\\/schema.org\",\"@graph\":[{\"@type\":\"WebPage\",\"@id\":\"https:\\\/\\\/repliquemangacine.fr\\\/denix\\\/holster-mares-leg-ceinturon-joss-randall\\\/\",\"url\":\"https:\\\/\\\/repliquemangacine.fr\\\/denix\\\/holster-mares-leg-ceinturon-joss-randall\\\/\",\"name\":\"Holster Mare's Leg - Vente d'Accessoires westerns Denix | RMC\",\"isPartOf\":{\"@id\":\"https:\\\/\\\/repliquemangacine.fr\\\/#website\"},\"primaryImageOfPage\":{\"@id\":\"https:\\\/\\\/repliquemangacine.fr\\\/denix\\\/holster-mares-leg-ceinturon-joss-randall\\\/#primaryimage\"},\"image\":{\"@id\":\"https:\\\/\\\/repliquemangacine.fr\\\/denix\\\/holster-mares-leg-ceinturon-joss-randall\\\/#primaryimage\"},\"thumbnailUrl\":\"https:\\\/\\\/repliquemangacine.fr\\\/wp-content\\\/uploads\\\/2023\\\/10\\\/643-Ceinturon-Joss-Randall-steve-mc-queen.jpg\",\"datePublished\":\"2016-10-27T14:56:48+00:00\",\"dateModified\":\"2026-04-10T06:02:15+00:00\",\"description\":\"Offrez-vous ! Cet Holster Mare's Leg de Joss Randall au meilleur prix - Tout en cuir - Fabrication artisanale - Longueur du ceinturon : 117 cm\",\"breadcrumb\":{\"@id\":\"https:\\\/\\\/repliquemangacine.fr\\\/denix\\\/holster-mares-leg-ceinturon-joss-randall\\\/#breadcrumb\"},\"inLanguage\":\"it-IT\",\"potentialAction\":[{\"@type\":\"ReadAction\",\"target\":[\"https:\\\/\\\/repliquemangacine.fr\\\/denix\\\/holster-mares-leg-ceinturon-joss-randall\\\/\"]}]},{\"@type\":\"ImageObject\",\"inLanguage\":\"it-IT\",\"@id\":\"https:\\\/\\\/repliquemangacine.fr\\\/denix\\\/holster-mares-leg-ceinturon-joss-randall\\\/#primaryimage\",\"url\":\"https:\\\/\\\/repliquemangacine.fr\\\/wp-content\\\/uploads\\\/2023\\\/10\\\/643-Ceinturon-Joss-Randall-steve-mc-queen.jpg\",\"contentUrl\":\"https:\\\/\\\/repliquemangacine.fr\\\/wp-content\\\/uploads\\\/2023\\\/10\\\/643-Ceinturon-Joss-Randall-steve-mc-queen.jpg\",\"width\":800,\"height\":800,\"caption\":\"Holster Mare's Leg\"},{\"@type\":\"BreadcrumbList\",\"@id\":\"https:\\\/\\\/repliquemangacine.fr\\\/denix\\\/holster-mares-leg-ceinturon-joss-randall\\\/#breadcrumb\",\"itemListElement\":[{\"@type\":\"ListItem\",\"position\":1,\"name\":\"Accueil\",\"item\":\"https:\\\/\\\/repliquemangacine.fr\\\/\"},{\"@type\":\"ListItem\",\"position\":2,\"name\":\"Produits\",\"item\":\"https:\\\/\\\/repliquemangacine.fr\\\/boutique\\\/\"},{\"@type\":\"ListItem\",\"position\":3,\"name\":\"Holster Mare&#8217;s Leg\"}]},{\"@type\":\"WebSite\",\"@id\":\"https:\\\/\\\/repliquemangacine.fr\\\/#website\",\"url\":\"https:\\\/\\\/repliquemangacine.fr\\\/\",\"name\":\"R\u00e9plique Manga Cin\u00e9\",\"description\":\"\",\"publisher\":{\"@id\":\"https:\\\/\\\/repliquemangacine.fr\\\/#organization\"},\"potentialAction\":[{\"@type\":\"SearchAction\",\"target\":{\"@type\":\"EntryPoint\",\"urlTemplate\":\"https:\\\/\\\/repliquemangacine.fr\\\/?s={search_term_string}\"},\"query-input\":{\"@type\":\"PropertyValueSpecification\",\"valueRequired\":true,\"valueName\":\"search_term_string\"}}],\"inLanguage\":\"it-IT\"},{\"@type\":\"Organization\",\"@id\":\"https:\\\/\\\/repliquemangacine.fr\\\/#organization\",\"name\":\"R\u00e9plique Manga Cin\u00e9\",\"url\":\"https:\\\/\\\/repliquemangacine.fr\\\/\",\"logo\":{\"@type\":\"ImageObject\",\"inLanguage\":\"it-IT\",\"@id\":\"https:\\\/\\\/repliquemangacine.fr\\\/#\\\/schema\\\/logo\\\/image\\\/\",\"url\":\"https:\\\/\\\/repliquemangacine.fr\\\/wp-content\\\/uploads\\\/2023\\\/10\\\/RMC-500250.png\",\"contentUrl\":\"https:\\\/\\\/repliquemangacine.fr\\\/wp-content\\\/uploads\\\/2023\\\/10\\\/RMC-500250.png\",\"width\":500,\"height\":250,\"caption\":\"R\u00e9plique Manga Cin\u00e9\"},\"image\":{\"@id\":\"https:\\\/\\\/repliquemangacine.fr\\\/#\\\/schema\\\/logo\\\/image\\\/\"},\"sameAs\":[\"https:\\\/\\\/www.facebook.com\\\/RepliqueMangaCine\",\"https:\\\/\\\/www.instagram.com\\\/repliquemangacine.fr\\\/\"]}]}<\/script>\n<!-- \/ Yoast SEO plugin. -->","yoast_head_json":{"title":"Fondina per zampe di cavalla - Vendita di accessori western Denix | RMC","description":"Regalatevi! Questa fondina da gamba di Joss Randall al miglior prezzo - Tutta pelle - Lavorazione artigianale - Lunghezza cintura: 117 cm","robots":{"index":"index","follow":"follow","max-snippet":"max-snippet:-1","max-image-preview":"max-image-preview:large","max-video-preview":"max-video-preview:-1"},"canonical":"https:\/\/repliquemangacine.fr\/it\/denix\/fondina-cavallerizza-cintura-da-gamba-joss-randall\/","og_locale":"it_IT","og_type":"article","og_title":"Holster Mare's Leg - Vente d'Accessoires westerns Denix | RMC","og_description":"Offrez-vous ! Cet Holster Mare's Leg de Joss Randall au meilleur prix - Tout en cuir - Fabrication artisanale - Longueur du ceinturon : 117 cm","og_url":"https:\/\/repliquemangacine.fr\/it\/denix\/fondina-cavallerizza-cintura-da-gamba-joss-randall\/","og_site_name":"R\u00e9plique Manga Cin\u00e9","article_publisher":"https:\/\/www.facebook.com\/RepliqueMangaCine","article_modified_time":"2026-04-10T06:02:15+00:00","og_image":[{"width":800,"height":800,"url":"https:\/\/repliquemangacine.fr\/wp-content\/uploads\/2023\/10\/643-Ceinturon-Joss-Randall-steve-mc-queen.jpg","type":"image\/jpeg"}],"twitter_card":"summary_large_image","twitter_misc":{"Tempo di lettura stimato":"2 minuti"},"schema":{"@context":"https:\/\/schema.org","@graph":[{"@type":"WebPage","@id":"https:\/\/repliquemangacine.fr\/denix\/holster-mares-leg-ceinturon-joss-randall\/","url":"https:\/\/repliquemangacine.fr\/denix\/holster-mares-leg-ceinturon-joss-randall\/","name":"Fondina per zampe di cavalla - Vendita di accessori western Denix | RMC","isPartOf":{"@id":"https:\/\/repliquemangacine.fr\/#website"},"primaryImageOfPage":{"@id":"https:\/\/repliquemangacine.fr\/denix\/holster-mares-leg-ceinturon-joss-randall\/#primaryimage"},"image":{"@id":"https:\/\/repliquemangacine.fr\/denix\/holster-mares-leg-ceinturon-joss-randall\/#primaryimage"},"thumbnailUrl":"https:\/\/repliquemangacine.fr\/wp-content\/uploads\/2023\/10\/643-Ceinturon-Joss-Randall-steve-mc-queen.jpg","datePublished":"2016-10-27T14:56:48+00:00","dateModified":"2026-04-10T06:02:15+00:00","description":"Regalatevi! Questa fondina da gamba di Joss Randall al miglior prezzo - Tutta pelle - Lavorazione artigianale - Lunghezza cintura: 117 cm","breadcrumb":{"@id":"https:\/\/repliquemangacine.fr\/denix\/holster-mares-leg-ceinturon-joss-randall\/#breadcrumb"},"inLanguage":"it-IT","potentialAction":[{"@type":"ReadAction","target":["https:\/\/repliquemangacine.fr\/denix\/holster-mares-leg-ceinturon-joss-randall\/"]}]},{"@type":"ImageObject","inLanguage":"it-IT","@id":"https:\/\/repliquemangacine.fr\/denix\/holster-mares-leg-ceinturon-joss-randall\/#primaryimage","url":"https:\/\/repliquemangacine.fr\/wp-content\/uploads\/2023\/10\/643-Ceinturon-Joss-Randall-steve-mc-queen.jpg","contentUrl":"https:\/\/repliquemangacine.fr\/wp-content\/uploads\/2023\/10\/643-Ceinturon-Joss-Randall-steve-mc-queen.jpg","width":800,"height":800,"caption":"Holster Mare's Leg"},{"@type":"BreadcrumbList","@id":"https:\/\/repliquemangacine.fr\/denix\/holster-mares-leg-ceinturon-joss-randall\/#breadcrumb","itemListElement":[{"@type":"ListItem","position":1,"name":"Accueil","item":"https:\/\/repliquemangacine.fr\/"},{"@type":"ListItem","position":2,"name":"Produits","item":"https:\/\/repliquemangacine.fr\/boutique\/"},{"@type":"ListItem","position":3,"name":"Holster Mare&#8217;s Leg"}]},{"@type":"WebSite","@id":"https:\/\/repliquemangacine.fr\/#website","url":"https:\/\/repliquemangacine.fr\/","name":"R\u00e9plique Manga Cin\u00e9","description":"","publisher":{"@id":"https:\/\/repliquemangacine.fr\/#organization"},"potentialAction":[{"@type":"SearchAction","target":{"@type":"EntryPoint","urlTemplate":"https:\/\/repliquemangacine.fr\/?s={search_term_string}"},"query-input":{"@type":"PropertyValueSpecification","valueRequired":true,"valueName":"search_term_string"}}],"inLanguage":"it-IT"},{"@type":"Organization","@id":"https:\/\/repliquemangacine.fr\/#organization","name":"R\u00e9plique Manga Cin\u00e9","url":"https:\/\/repliquemangacine.fr\/","logo":{"@type":"ImageObject","inLanguage":"it-IT","@id":"https:\/\/repliquemangacine.fr\/#\/schema\/logo\/image\/","url":"https:\/\/repliquemangacine.fr\/wp-content\/uploads\/2023\/10\/RMC-500250.png","contentUrl":"https:\/\/repliquemangacine.fr\/wp-content\/uploads\/2023\/10\/RMC-500250.png","width":500,"height":250,"caption":"R\u00e9plique Manga Cin\u00e9"},"image":{"@id":"https:\/\/repliquemangacine.fr\/#\/schema\/logo\/image\/"},"sameAs":["https:\/\/www.facebook.com\/RepliqueMangaCine","https:\/\/www.instagram.com\/repliquemangacine.fr\/"]}]}},"_links":{"self":[{"href":"https:\/\/repliquemangacine.fr\/it\/wp-json\/wp\/v2\/product\/25912","targetHints":{"allow":["GET"]}}],"collection":[{"href":"https:\/\/repliquemangacine.fr\/it\/wp-json\/wp\/v2\/product"}],"about":[{"href":"https:\/\/repliquemangacine.fr\/it\/wp-json\/wp\/v2\/types\/product"}],"wp:featuredmedia":[{"embeddable":true,"href":"https:\/\/repliquemangacine.fr\/it\/wp-json\/wp\/v2\/media\/25913"}],"wp:attachment":[{"href":"https:\/\/repliquemangacine.fr\/it\/wp-json\/wp\/v2\/media?parent=25912"}],"wp:term":[{"taxonomy":"product_brand","embeddable":true,"href":"https:\/\/repliquemangacine.fr\/it\/wp-json\/wp\/v2\/product_brand?post=25912"},{"taxonomy":"product_cat","embeddable":true,"href":"https:\/\/repliquemangacine.fr\/it\/wp-json\/wp\/v2\/product_cat?post=25912"},{"taxonomy":"product_tag","embeddable":true,"href":"https:\/\/repliquemangacine.fr\/it\/wp-json\/wp\/v2\/product_tag?post=25912"}],"curies":[{"name":"wp","href":"https:\/\/api.w.org\/{rel}","templated":true}]}}