





{"id":25906,"date":"2016-10-27T16:06:38","date_gmt":"2016-10-27T14:06:38","guid":{"rendered":"https:\/\/repliquemangacine.fr\/?post_type=product&#038;p=25906"},"modified":"2025-11-10T14:50:25","modified_gmt":"2025-11-10T13:50:25","slug":"fondina-2-colts-nere-doppia-cintura-con-cartucciera","status":"publish","type":"product","link":"https:\/\/repliquemangacine.fr\/it\/holster-accessoires-western\/holster-2-colts-noir-ceinturon-double-avec-cartouchiere\/","title":{"rendered":"Fondina 2 Colt nera"},"content":{"rendered":"<h2>Fondina 2 Colt nera<\/h2>\n<p>Per cominciare, questo <strong>Fondina 2 Colt nera<\/strong>Questa cintura \u00e8 stata appositamente progettata per contenere due revolver. Questa cintura \u00e8 dotata di un portacartucce con 24 proiettili finti.<\/p>\n<p>Generalmente progettata per l'uso con una sola mano. Ci\u00f2 consente di rimuovere e\/o sostituire l'arma con la stessa mano. Per sostituire la pistola nella fondina con una sola mano, \u00e8 necessario un materiale semirigido.<\/p>\n<p>Affinch\u00e9 mantenga la sua forma, la fondina non crolla quando la Colt non \u00e8 pi\u00f9 all'interno per sostenerla. Tradizionalmente \u00e8 fissata alla cintura tramite un'imbracatura.<\/p>\n<p>\u00c8 diventata popolare nei film western e nelle famose scene di duello. L'estrazione della pistola in alcuni film \u00e8 piuttosto spettacolare e ci sono alcune prodezze tecniche per rimetterla a posto.<\/p>\n<h2>La tua fondina 2 colts black al miglior prezzo.<\/h2>\n<p>Offriamo un'ampia gamma di accessori western.<\/p>\n<p>Innanzitutto,<\/p>\n<ul>\n<li>Per la fondina, \u00e8 necessaria la Colt 45, la <a href=\"https:\/\/repliquemangacine.fr\/it\/revolver-per-colts\/colt-modello-1873-denix-55-pollici-calibro-45\/\">Revolver Peacemaker<\/a> Modello 1873.<\/li>\n<li>Ci sono anche <a href=\"https:\/\/repliquemangacine.fr\/it\/accessori-western\/6-proiettili-fittizi-con-inneschi-denix\/\">proiettili finti con inneschi<\/a> per colt calibro 45 per riempire la cintura di cartucce.<\/li>\n<li>Cos\u00ec come <a href=\"https:\/\/repliquemangacine.fr\/it\/accessori-western\/blister-de-96-amorces-pour-pistolet-kolser\/\">blister di primer<\/a> i pezzi di ricambio necessari per farlo funzionare!<\/li>\n<li>E molti altri da scoprire nel nostro negozio online!<\/li>\n<\/ul>\n<p>Ecco perch\u00e9 questa \u00e8 un'ottima idea regalo per tutti gli amanti delle armi storiche.<\/p>\n<p>In conclusione, \u00e8 possibile utilizzare questo <strong>Fondina 2 Colt nera<\/strong> per le vostre rievocazioni e rappresentazioni western.<\/p>\n<p>Soprattutto, quest'arma \u00e8 un oggetto da collezione e un pezzo decorativo.<\/p>\n<p>R\u00e9plique Manga Cin\u00e9 \u00e8 un'azienda francese e distributore ufficiale del marchio <a href=\"https:\/\/www.denix.fr\/\" target=\"_blank\" rel=\"noopener noreferrer\">Denix<\/a>.<\/p>\n<h2>Come vengono realizzati i suoi accessori western?<\/h2>\n<p>Per cominciare, tutti i nostri prodotti derivati sono di altissima qualit\u00e0, realizzati con una meticolosa attenzione ai dettagli. Alcuni di essi sono realizzati a mano, per riprodurre i minimi dettagli. Le parti pi\u00f9 importanti sono lavorate con macchine molto precise. Le incisioni sono generalmente realizzate con una punta di diamante o con il laser.<\/p>\n<p>Il tuo <strong>Fondina 2 Colt nera<\/strong> fabbricati per riprodurre esattamente ogni dettaglio. Per eguagliare l'eredit\u00e0 dei capolavori originali. L'accento \u00e8 posto sulla creazione di repliche di alta qualit\u00e0 che siano il pi\u00f9 possibile storicamente accurate.<\/p>\n<p>In conclusione, importate dalla Cina, dalla Spagna o dall'India, le nostre repliche vi stupiranno!<\/p>","protected":false},"excerpt":{"rendered":"<p>Cintura western di altissima qualit\u00e0 in pelle spessa e modellata.<\/p>\n<ul>\n<li>Realizzato e cucito a mano.<\/li>\n<li>Motivi di cavalli incisi in vera pelle.<\/li>\n<li>Fibbia da cintura in metallo.<\/li>\n<li>Cinghie di supporto.<\/li>\n<li>Nastro della cartuccia.<\/li>\n<li>Fornito senza proiettili finti<\/li>\n<\/ul>","protected":false},"featured_media":25907,"template":"","meta":[],"product_brand":[896],"product_cat":[34,102,45,90,28,27],"product_tag":[],"class_list":{"0":"post-25906","1":"product","2":"type-product","3":"status-publish","4":"has-post-thumbnail","6":"product_brand-replique-manga-cine","7":"product_cat-armes-westerns","8":"product_cat-denix","9":"product_cat-holster-western-ceinturon","10":"product_cat-holster-accessoires-western","11":"product_cat-repliques-darmes","12":"product_cat-armes-et-accessoires-western","14":"first","15":"instock","16":"taxable","17":"shipping-taxable","18":"purchasable","19":"product-type-simple"},"yoast_head":"<!-- This site is optimized with the Yoast SEO plugin v27.5 - https:\/\/yoast.com\/product\/yoast-seo-wordpress\/ -->\n<title>Holster 2 Colts noir - Ceinturon pour colt 45 | R\u00e9plique Manga Cin\u00e9<\/title>\n<meta name=\"description\" content=\"D\u00e9couvrez cet Holster 2 Colts noir de western au meilleur prix - De tr\u00e8s haute qualit\u00e9 - Cuir \u00e9pais moul\u00e9. Boucle m\u00e9tal. Cartouchi\u00e8re.\" \/>\n<meta name=\"robots\" content=\"index, follow, max-snippet:-1, max-image-preview:large, max-video-preview:-1\" \/>\n<link rel=\"canonical\" href=\"https:\/\/repliquemangacine.fr\/it\/denix\/fondina-2-colts-nere-doppia-cintura-con-cartucciera\/\" \/>\n<meta property=\"og:locale\" content=\"it_IT\" \/>\n<meta property=\"og:type\" content=\"article\" \/>\n<meta property=\"og:title\" content=\"Holster 2 Colts noir - Ceinturon pour colt 45 | R\u00e9plique Manga Cin\u00e9\" \/>\n<meta property=\"og:description\" content=\"D\u00e9couvrez cet Holster 2 Colts noir de western au meilleur prix - De tr\u00e8s haute qualit\u00e9 - Cuir \u00e9pais moul\u00e9. Boucle m\u00e9tal. Cartouchi\u00e8re.\" \/>\n<meta property=\"og:url\" content=\"https:\/\/repliquemangacine.fr\/it\/denix\/fondina-2-colts-nere-doppia-cintura-con-cartucciera\/\" \/>\n<meta property=\"og:site_name\" content=\"R\u00e9plique Manga Cin\u00e9\" \/>\n<meta property=\"article:publisher\" content=\"https:\/\/www.facebook.com\/RepliqueMangaCine\" \/>\n<meta property=\"article:modified_time\" content=\"2025-11-10T13:50:25+00:00\" \/>\n<meta property=\"og:image\" content=\"https:\/\/repliquemangacine.fr\/wp-content\/uploads\/2023\/10\/637-Ceinturon-noir-pour-colt-Holster-double.jpg\" \/>\n\t<meta property=\"og:image:width\" content=\"700\" \/>\n\t<meta property=\"og:image:height\" content=\"700\" \/>\n\t<meta property=\"og:image:type\" content=\"image\/jpeg\" \/>\n<meta name=\"twitter:card\" content=\"summary_large_image\" \/>\n<meta name=\"twitter:label1\" content=\"Tempo di lettura stimato\" \/>\n\t<meta name=\"twitter:data1\" content=\"2 minuti\" \/>\n<script type=\"application\/ld+json\" class=\"yoast-schema-graph\">{\"@context\":\"https:\\\/\\\/schema.org\",\"@graph\":[{\"@type\":\"WebPage\",\"@id\":\"https:\\\/\\\/repliquemangacine.fr\\\/de\\\/denix\\\/holster-2-colts-schwarz-doppelgurtel-mit-patronengurt\\\/\",\"url\":\"https:\\\/\\\/repliquemangacine.fr\\\/de\\\/denix\\\/holster-2-colts-schwarz-doppelgurtel-mit-patronengurt\\\/\",\"name\":\"Holster 2 Colts noir - Ceinturon pour colt 45 | R\u00e9plique Manga Cin\u00e9\",\"isPartOf\":{\"@id\":\"https:\\\/\\\/repliquemangacine.fr\\\/#website\"},\"primaryImageOfPage\":{\"@id\":\"https:\\\/\\\/repliquemangacine.fr\\\/de\\\/denix\\\/holster-2-colts-schwarz-doppelgurtel-mit-patronengurt\\\/#primaryimage\"},\"image\":{\"@id\":\"https:\\\/\\\/repliquemangacine.fr\\\/de\\\/denix\\\/holster-2-colts-schwarz-doppelgurtel-mit-patronengurt\\\/#primaryimage\"},\"thumbnailUrl\":\"https:\\\/\\\/repliquemangacine.fr\\\/wp-content\\\/uploads\\\/2023\\\/10\\\/637-Ceinturon-noir-pour-colt-Holster-double.jpg\",\"datePublished\":\"2016-10-27T14:06:38+00:00\",\"dateModified\":\"2025-11-10T13:50:25+00:00\",\"description\":\"D\u00e9couvrez cet Holster 2 Colts noir de western au meilleur prix - De tr\u00e8s haute qualit\u00e9 - Cuir \u00e9pais moul\u00e9. Boucle m\u00e9tal. Cartouchi\u00e8re.\",\"breadcrumb\":{\"@id\":\"https:\\\/\\\/repliquemangacine.fr\\\/de\\\/denix\\\/holster-2-colts-schwarz-doppelgurtel-mit-patronengurt\\\/#breadcrumb\"},\"inLanguage\":\"it-IT\",\"potentialAction\":[{\"@type\":\"ReadAction\",\"target\":[\"https:\\\/\\\/repliquemangacine.fr\\\/de\\\/denix\\\/holster-2-colts-schwarz-doppelgurtel-mit-patronengurt\\\/\"]}]},{\"@type\":\"ImageObject\",\"inLanguage\":\"it-IT\",\"@id\":\"https:\\\/\\\/repliquemangacine.fr\\\/de\\\/denix\\\/holster-2-colts-schwarz-doppelgurtel-mit-patronengurt\\\/#primaryimage\",\"url\":\"https:\\\/\\\/repliquemangacine.fr\\\/wp-content\\\/uploads\\\/2023\\\/10\\\/637-Ceinturon-noir-pour-colt-Holster-double.jpg\",\"contentUrl\":\"https:\\\/\\\/repliquemangacine.fr\\\/wp-content\\\/uploads\\\/2023\\\/10\\\/637-Ceinturon-noir-pour-colt-Holster-double.jpg\",\"width\":700,\"height\":700,\"caption\":\"Ceinturon noir pour colt - Holster double...\"},{\"@type\":\"BreadcrumbList\",\"@id\":\"https:\\\/\\\/repliquemangacine.fr\\\/de\\\/denix\\\/holster-2-colts-schwarz-doppelgurtel-mit-patronengurt\\\/#breadcrumb\",\"itemListElement\":[{\"@type\":\"ListItem\",\"position\":1,\"name\":\"Accueil\",\"item\":\"https:\\\/\\\/repliquemangacine.fr\\\/\"},{\"@type\":\"ListItem\",\"position\":2,\"name\":\"Produits\",\"item\":\"https:\\\/\\\/repliquemangacine.fr\\\/boutique\\\/\"},{\"@type\":\"ListItem\",\"position\":3,\"name\":\"Holster 2 Colts noir\"}]},{\"@type\":\"WebSite\",\"@id\":\"https:\\\/\\\/repliquemangacine.fr\\\/#website\",\"url\":\"https:\\\/\\\/repliquemangacine.fr\\\/\",\"name\":\"R\u00e9plique Manga Cin\u00e9\",\"description\":\"\",\"publisher\":{\"@id\":\"https:\\\/\\\/repliquemangacine.fr\\\/#organization\"},\"potentialAction\":[{\"@type\":\"SearchAction\",\"target\":{\"@type\":\"EntryPoint\",\"urlTemplate\":\"https:\\\/\\\/repliquemangacine.fr\\\/?s={search_term_string}\"},\"query-input\":{\"@type\":\"PropertyValueSpecification\",\"valueRequired\":true,\"valueName\":\"search_term_string\"}}],\"inLanguage\":\"it-IT\"},{\"@type\":\"Organization\",\"@id\":\"https:\\\/\\\/repliquemangacine.fr\\\/#organization\",\"name\":\"R\u00e9plique Manga Cin\u00e9\",\"url\":\"https:\\\/\\\/repliquemangacine.fr\\\/\",\"logo\":{\"@type\":\"ImageObject\",\"inLanguage\":\"it-IT\",\"@id\":\"https:\\\/\\\/repliquemangacine.fr\\\/#\\\/schema\\\/logo\\\/image\\\/\",\"url\":\"https:\\\/\\\/repliquemangacine.fr\\\/wp-content\\\/uploads\\\/2023\\\/10\\\/RMC-500250.png\",\"contentUrl\":\"https:\\\/\\\/repliquemangacine.fr\\\/wp-content\\\/uploads\\\/2023\\\/10\\\/RMC-500250.png\",\"width\":500,\"height\":250,\"caption\":\"R\u00e9plique Manga Cin\u00e9\"},\"image\":{\"@id\":\"https:\\\/\\\/repliquemangacine.fr\\\/#\\\/schema\\\/logo\\\/image\\\/\"},\"sameAs\":[\"https:\\\/\\\/www.facebook.com\\\/RepliqueMangaCine\",\"https:\\\/\\\/www.instagram.com\\\/repliquemangacine.fr\\\/\"]}]}<\/script>\n<!-- \/ Yoast SEO plugin. -->","yoast_head_json":{"title":"Fondina 2 Colt nero - Cintura per colt 45 | R\u00e9plique Manga Cin\u00e9","description":"Scopri questa Fondina 2 Colt nera western al miglior prezzo - Altissima qualit\u00e0 - Pelle stampata spessa. Fibbia in metallo. Cintura per cartucce.","robots":{"index":"index","follow":"follow","max-snippet":"max-snippet:-1","max-image-preview":"max-image-preview:large","max-video-preview":"max-video-preview:-1"},"canonical":"https:\/\/repliquemangacine.fr\/it\/denix\/fondina-2-colts-nere-doppia-cintura-con-cartucciera\/","og_locale":"it_IT","og_type":"article","og_title":"Holster 2 Colts noir - Ceinturon pour colt 45 | R\u00e9plique Manga Cin\u00e9","og_description":"D\u00e9couvrez cet Holster 2 Colts noir de western au meilleur prix - De tr\u00e8s haute qualit\u00e9 - Cuir \u00e9pais moul\u00e9. Boucle m\u00e9tal. Cartouchi\u00e8re.","og_url":"https:\/\/repliquemangacine.fr\/it\/denix\/fondina-2-colts-nere-doppia-cintura-con-cartucciera\/","og_site_name":"R\u00e9plique Manga Cin\u00e9","article_publisher":"https:\/\/www.facebook.com\/RepliqueMangaCine","article_modified_time":"2025-11-10T13:50:25+00:00","og_image":[{"width":700,"height":700,"url":"https:\/\/repliquemangacine.fr\/wp-content\/uploads\/2023\/10\/637-Ceinturon-noir-pour-colt-Holster-double.jpg","type":"image\/jpeg"}],"twitter_card":"summary_large_image","twitter_misc":{"Tempo di lettura stimato":"2 minuti"},"schema":{"@context":"https:\/\/schema.org","@graph":[{"@type":"WebPage","@id":"https:\/\/repliquemangacine.fr\/de\/denix\/holster-2-colts-schwarz-doppelgurtel-mit-patronengurt\/","url":"https:\/\/repliquemangacine.fr\/de\/denix\/holster-2-colts-schwarz-doppelgurtel-mit-patronengurt\/","name":"Fondina 2 Colt nero - Cintura per colt 45 | R\u00e9plique Manga Cin\u00e9","isPartOf":{"@id":"https:\/\/repliquemangacine.fr\/#website"},"primaryImageOfPage":{"@id":"https:\/\/repliquemangacine.fr\/de\/denix\/holster-2-colts-schwarz-doppelgurtel-mit-patronengurt\/#primaryimage"},"image":{"@id":"https:\/\/repliquemangacine.fr\/de\/denix\/holster-2-colts-schwarz-doppelgurtel-mit-patronengurt\/#primaryimage"},"thumbnailUrl":"https:\/\/repliquemangacine.fr\/wp-content\/uploads\/2023\/10\/637-Ceinturon-noir-pour-colt-Holster-double.jpg","datePublished":"2016-10-27T14:06:38+00:00","dateModified":"2025-11-10T13:50:25+00:00","description":"Scopri questa Fondina 2 Colt nera western al miglior prezzo - Altissima qualit\u00e0 - Pelle stampata spessa. Fibbia in metallo. Cintura per cartucce.","breadcrumb":{"@id":"https:\/\/repliquemangacine.fr\/de\/denix\/holster-2-colts-schwarz-doppelgurtel-mit-patronengurt\/#breadcrumb"},"inLanguage":"it-IT","potentialAction":[{"@type":"ReadAction","target":["https:\/\/repliquemangacine.fr\/de\/denix\/holster-2-colts-schwarz-doppelgurtel-mit-patronengurt\/"]}]},{"@type":"ImageObject","inLanguage":"it-IT","@id":"https:\/\/repliquemangacine.fr\/de\/denix\/holster-2-colts-schwarz-doppelgurtel-mit-patronengurt\/#primaryimage","url":"https:\/\/repliquemangacine.fr\/wp-content\/uploads\/2023\/10\/637-Ceinturon-noir-pour-colt-Holster-double.jpg","contentUrl":"https:\/\/repliquemangacine.fr\/wp-content\/uploads\/2023\/10\/637-Ceinturon-noir-pour-colt-Holster-double.jpg","width":700,"height":700,"caption":"Ceinturon noir pour colt - Holster double..."},{"@type":"BreadcrumbList","@id":"https:\/\/repliquemangacine.fr\/de\/denix\/holster-2-colts-schwarz-doppelgurtel-mit-patronengurt\/#breadcrumb","itemListElement":[{"@type":"ListItem","position":1,"name":"Accueil","item":"https:\/\/repliquemangacine.fr\/"},{"@type":"ListItem","position":2,"name":"Produits","item":"https:\/\/repliquemangacine.fr\/boutique\/"},{"@type":"ListItem","position":3,"name":"Holster 2 Colts noir"}]},{"@type":"WebSite","@id":"https:\/\/repliquemangacine.fr\/#website","url":"https:\/\/repliquemangacine.fr\/","name":"R\u00e9plique Manga Cin\u00e9","description":"","publisher":{"@id":"https:\/\/repliquemangacine.fr\/#organization"},"potentialAction":[{"@type":"SearchAction","target":{"@type":"EntryPoint","urlTemplate":"https:\/\/repliquemangacine.fr\/?s={search_term_string}"},"query-input":{"@type":"PropertyValueSpecification","valueRequired":true,"valueName":"search_term_string"}}],"inLanguage":"it-IT"},{"@type":"Organization","@id":"https:\/\/repliquemangacine.fr\/#organization","name":"R\u00e9plique Manga Cin\u00e9","url":"https:\/\/repliquemangacine.fr\/","logo":{"@type":"ImageObject","inLanguage":"it-IT","@id":"https:\/\/repliquemangacine.fr\/#\/schema\/logo\/image\/","url":"https:\/\/repliquemangacine.fr\/wp-content\/uploads\/2023\/10\/RMC-500250.png","contentUrl":"https:\/\/repliquemangacine.fr\/wp-content\/uploads\/2023\/10\/RMC-500250.png","width":500,"height":250,"caption":"R\u00e9plique Manga Cin\u00e9"},"image":{"@id":"https:\/\/repliquemangacine.fr\/#\/schema\/logo\/image\/"},"sameAs":["https:\/\/www.facebook.com\/RepliqueMangaCine","https:\/\/www.instagram.com\/repliquemangacine.fr\/"]}]}},"_links":{"self":[{"href":"https:\/\/repliquemangacine.fr\/it\/wp-json\/wp\/v2\/product\/25906","targetHints":{"allow":["GET"]}}],"collection":[{"href":"https:\/\/repliquemangacine.fr\/it\/wp-json\/wp\/v2\/product"}],"about":[{"href":"https:\/\/repliquemangacine.fr\/it\/wp-json\/wp\/v2\/types\/product"}],"wp:featuredmedia":[{"embeddable":true,"href":"https:\/\/repliquemangacine.fr\/it\/wp-json\/wp\/v2\/media\/25907"}],"wp:attachment":[{"href":"https:\/\/repliquemangacine.fr\/it\/wp-json\/wp\/v2\/media?parent=25906"}],"wp:term":[{"taxonomy":"product_brand","embeddable":true,"href":"https:\/\/repliquemangacine.fr\/it\/wp-json\/wp\/v2\/product_brand?post=25906"},{"taxonomy":"product_cat","embeddable":true,"href":"https:\/\/repliquemangacine.fr\/it\/wp-json\/wp\/v2\/product_cat?post=25906"},{"taxonomy":"product_tag","embeddable":true,"href":"https:\/\/repliquemangacine.fr\/it\/wp-json\/wp\/v2\/product_tag?post=25906"}],"curies":[{"name":"wp","href":"https:\/\/api.w.org\/{rel}","templated":true}]}}