





{"id":25886,"date":"2016-10-27T14:57:03","date_gmt":"2016-10-27T12:57:03","guid":{"rendered":"https:\/\/repliquemangacine.fr\/?post_type=product&#038;p=25886"},"modified":"2026-04-13T10:57:55","modified_gmt":"2026-04-13T08:57:55","slug":"colt-fondina-singola-cintura-in-pelle","status":"publish","type":"product","link":"https:\/\/repliquemangacine.fr\/it\/holster-accessoires-western\/holster-simple-colt-ceinturon-cuir\/","title":{"rendered":"Fondina singola Colt"},"content":{"rendered":"<h2>Fondina Colt in pelle singola.<\/h2>\n<p>Per cominciare, questo <strong>Fondina singola Colt<\/strong>Questa cintura \u00e8 stata appositamente progettata per contenere due revolver. Questa cintura \u00e8 dotata di un portacartucce per l'inserimento di proiettili finti.<\/p>\n<p>Generalmente progettata per l'uso con una sola mano. Ci\u00f2 consente di rimuovere e\/o sostituire l'arma con la stessa mano. Per rimettere la pistola nella fondina con una sola mano \u00e8 necessario un materiale rigido. Tradizionalmente \u00e8 fissata alla cintura tramite un'imbracatura.<\/p>\n<p>\u00c8 diventata popolare nei film western e nelle famose scene di duello. L'estrazione della pistola in alcuni film \u00e8 piuttosto spettacolare e ci sono alcune prodezze tecniche per rimetterla a posto.<\/p>\n<h2>La vostra fondina Colt singola al miglior prezzo.<\/h2>\n<p>Offriamo un'ampia gamma di accessori western.<\/p>\n<p>Innanzitutto,<\/p>\n<ul>\n<li>Per la fondina, avrete bisogno di un revolver Peacemaker. <a href=\"https:\/\/repliquemangacine.fr\/it\/revolver-per-colts\/peacemaker-court-4-75-denix-calibro-45\/\">Le Frontiere<\/a> Six Shooter\".<\/li>\n<li>Ci sono anche <a href=\"https:\/\/repliquemangacine.fr\/it\/accessori-per-fondine\/6-balles-factices-pour-colt-western-denix\/\">proiettili finti<\/a> per riempire l'astuccio della cartuccia.<\/li>\n<li>Cos\u00ec come il <a href=\"https:\/\/repliquemangacine.fr\/it\/accessori-western\/supporto-in-legno-per-pistola-e-colt\/\">supporto alla presentazione<\/a> della vostra Colt.<\/li>\n<li>E molti altri da scoprire nel nostro negozio online!<\/li>\n<\/ul>\n<p>Ecco perch\u00e9 \u00e8 un'ottima idea regalo per tutti gli amanti delle armi western.<\/p>\n<p>In conclusione, \u00e8 possibile utilizzare questo <strong>Fondina singola Colt<\/strong> per le vostre rievocazioni e rappresentazioni western. Soprattutto, questa pistola \u00e8 un oggetto da collezione e un pezzo decorativo.<\/p>\n<p>R\u00e9plique Manga Cin\u00e9 \u00e8 un'azienda francese e distributore ufficiale del marchio <a href=\"https:\/\/www.denix.fr\/\" target=\"_blank\" rel=\"noopener noreferrer\">Denix<\/a>.<\/p>\n<h2>Come vengono realizzati gli accessori western?<\/h2>\n<p>Per cominciare, tutti i nostri prodotti derivati sono di altissima qualit\u00e0, realizzati con una meticolosa attenzione ai dettagli. Alcuni di essi sono realizzati a mano, per riprodurre i minimi dettagli. Le parti pi\u00f9 importanti sono lavorate con macchine molto precise. Le incisioni sono generalmente realizzate con una punta di diamante o con il laser.<\/p>\n<p>Il tuo <strong>Fondina singola Colt<\/strong> fabbricati per riprodurre esattamente ogni dettaglio. Per eguagliare l'eredit\u00e0 dei capolavori originali. L'accento \u00e8 posto sulla creazione di repliche di alta qualit\u00e0 che siano il pi\u00f9 possibile storicamente accurate.<\/p>\n<p>In conclusione, importate dalla Cina, dalla Spagna o dall'India, le nostre repliche vi stupiranno!<\/p>","protected":false},"excerpt":{"rendered":"<p>Questa cintura western di altissima qualit\u00e0 \u00e8 realizzata in pelle spessa e modellata.<\/p>\n<ul>\n<li>Realizzato e cucito a mano.<\/li>\n<li>Con finiture in vera pelle.<\/li>\n<li>Fibbia da cintura in metallo.<\/li>\n<li>Cinghie di supporto.<\/li>\n<li>Nastro della cartuccia.<\/li>\n<li>Fornito senza proiettili finti.<\/li>\n<li>Lunghezza 112 cm.<\/li>\n<\/ul>","protected":false},"featured_media":25887,"template":"","meta":[],"product_brand":[896],"product_cat":[34,102,45,90,28,27],"product_tag":[],"class_list":{"0":"post-25886","1":"product","2":"type-product","3":"status-publish","4":"has-post-thumbnail","6":"product_brand-replique-manga-cine","7":"product_cat-armes-westerns","8":"product_cat-denix","9":"product_cat-holster-western-ceinturon","10":"product_cat-holster-accessoires-western","11":"product_cat-repliques-darmes","12":"product_cat-armes-et-accessoires-western","14":"first","15":"instock","16":"taxable","17":"shipping-taxable","18":"purchasable","19":"product-type-simple"},"yoast_head":"<!-- This site is optimized with the Yoast SEO plugin v27.5 - https:\/\/yoast.com\/product\/yoast-seo-wordpress\/ -->\n<title>Holster simple colt - Ceinturon cuir pour colt | R\u00e9plique Manga Cin\u00e9<\/title>\n<meta name=\"description\" content=\"D\u00e9gainez plus vite que votre ombre, avec cet Holster simple colt au meilleur prix - Tout en cuir moul\u00e9 - Cartouchi\u00e8re - Lani\u00e8res de maintien - Gravures.\" \/>\n<meta name=\"robots\" content=\"index, follow, max-snippet:-1, max-image-preview:large, max-video-preview:-1\" \/>\n<link rel=\"canonical\" href=\"https:\/\/repliquemangacine.fr\/it\/fondina-per-accessori-western\/colt-fondina-singola-cintura-in-pelle\/\" \/>\n<meta property=\"og:locale\" content=\"it_IT\" \/>\n<meta property=\"og:type\" content=\"article\" \/>\n<meta property=\"og:title\" content=\"Holster simple colt - Ceinturon cuir pour colt | R\u00e9plique Manga Cin\u00e9\" \/>\n<meta property=\"og:description\" content=\"D\u00e9gainez plus vite que votre ombre, avec cet Holster simple colt au meilleur prix - Tout en cuir moul\u00e9 - Cartouchi\u00e8re - Lani\u00e8res de maintien - Gravures.\" \/>\n<meta property=\"og:url\" content=\"https:\/\/repliquemangacine.fr\/it\/fondina-per-accessori-western\/colt-fondina-singola-cintura-in-pelle\/\" \/>\n<meta property=\"og:site_name\" content=\"R\u00e9plique Manga Cin\u00e9\" \/>\n<meta property=\"article:publisher\" content=\"https:\/\/www.facebook.com\/RepliqueMangaCine\" \/>\n<meta property=\"article:modified_time\" content=\"2026-04-13T08:57:55+00:00\" \/>\n<meta property=\"og:image\" content=\"https:\/\/repliquemangacine.fr\/wp-content\/uploads\/2023\/10\/620-Ceinturon-cuir-pour-colt-Holster-simple-avec-cartouchiere.jpg\" \/>\n\t<meta property=\"og:image:width\" content=\"800\" \/>\n\t<meta property=\"og:image:height\" content=\"800\" \/>\n\t<meta property=\"og:image:type\" content=\"image\/jpeg\" \/>\n<meta name=\"twitter:card\" content=\"summary_large_image\" \/>\n<meta name=\"twitter:label1\" content=\"Tempo di lettura stimato\" \/>\n\t<meta name=\"twitter:data1\" content=\"2 minuti\" \/>\n<script type=\"application\/ld+json\" class=\"yoast-schema-graph\">{\"@context\":\"https:\\\/\\\/schema.org\",\"@graph\":[{\"@type\":\"WebPage\",\"@id\":\"https:\\\/\\\/repliquemangacine.fr\\\/holster-accessoires-western\\\/holster-simple-colt-ceinturon-cuir\\\/\",\"url\":\"https:\\\/\\\/repliquemangacine.fr\\\/holster-accessoires-western\\\/holster-simple-colt-ceinturon-cuir\\\/\",\"name\":\"Holster simple colt - Ceinturon cuir pour colt | R\u00e9plique Manga Cin\u00e9\",\"isPartOf\":{\"@id\":\"https:\\\/\\\/repliquemangacine.fr\\\/#website\"},\"primaryImageOfPage\":{\"@id\":\"https:\\\/\\\/repliquemangacine.fr\\\/holster-accessoires-western\\\/holster-simple-colt-ceinturon-cuir\\\/#primaryimage\"},\"image\":{\"@id\":\"https:\\\/\\\/repliquemangacine.fr\\\/holster-accessoires-western\\\/holster-simple-colt-ceinturon-cuir\\\/#primaryimage\"},\"thumbnailUrl\":\"https:\\\/\\\/repliquemangacine.fr\\\/wp-content\\\/uploads\\\/2023\\\/10\\\/620-Ceinturon-cuir-pour-colt-Holster-simple-avec-cartouchiere.jpg\",\"datePublished\":\"2016-10-27T12:57:03+00:00\",\"dateModified\":\"2026-04-13T08:57:55+00:00\",\"description\":\"D\u00e9gainez plus vite que votre ombre, avec cet Holster simple colt au meilleur prix - Tout en cuir moul\u00e9 - Cartouchi\u00e8re - Lani\u00e8res de maintien - Gravures.\",\"breadcrumb\":{\"@id\":\"https:\\\/\\\/repliquemangacine.fr\\\/holster-accessoires-western\\\/holster-simple-colt-ceinturon-cuir\\\/#breadcrumb\"},\"inLanguage\":\"it-IT\",\"potentialAction\":[{\"@type\":\"ReadAction\",\"target\":[\"https:\\\/\\\/repliquemangacine.fr\\\/holster-accessoires-western\\\/holster-simple-colt-ceinturon-cuir\\\/\"]}]},{\"@type\":\"ImageObject\",\"inLanguage\":\"it-IT\",\"@id\":\"https:\\\/\\\/repliquemangacine.fr\\\/holster-accessoires-western\\\/holster-simple-colt-ceinturon-cuir\\\/#primaryimage\",\"url\":\"https:\\\/\\\/repliquemangacine.fr\\\/wp-content\\\/uploads\\\/2023\\\/10\\\/620-Ceinturon-cuir-pour-colt-Holster-simple-avec-cartouchiere.jpg\",\"contentUrl\":\"https:\\\/\\\/repliquemangacine.fr\\\/wp-content\\\/uploads\\\/2023\\\/10\\\/620-Ceinturon-cuir-pour-colt-Holster-simple-avec-cartouchiere.jpg\",\"width\":800,\"height\":800,\"caption\":\"Ceinturon cuir pour colt - Holster simple pour gaucher\"},{\"@type\":\"BreadcrumbList\",\"@id\":\"https:\\\/\\\/repliquemangacine.fr\\\/holster-accessoires-western\\\/holster-simple-colt-ceinturon-cuir\\\/#breadcrumb\",\"itemListElement\":[{\"@type\":\"ListItem\",\"position\":1,\"name\":\"Accueil\",\"item\":\"https:\\\/\\\/repliquemangacine.fr\\\/\"},{\"@type\":\"ListItem\",\"position\":2,\"name\":\"Produits\",\"item\":\"https:\\\/\\\/repliquemangacine.fr\\\/boutique\\\/\"},{\"@type\":\"ListItem\",\"position\":3,\"name\":\"Holster simple colt\"}]},{\"@type\":\"WebSite\",\"@id\":\"https:\\\/\\\/repliquemangacine.fr\\\/#website\",\"url\":\"https:\\\/\\\/repliquemangacine.fr\\\/\",\"name\":\"R\u00e9plique Manga Cin\u00e9\",\"description\":\"\",\"publisher\":{\"@id\":\"https:\\\/\\\/repliquemangacine.fr\\\/#organization\"},\"potentialAction\":[{\"@type\":\"SearchAction\",\"target\":{\"@type\":\"EntryPoint\",\"urlTemplate\":\"https:\\\/\\\/repliquemangacine.fr\\\/?s={search_term_string}\"},\"query-input\":{\"@type\":\"PropertyValueSpecification\",\"valueRequired\":true,\"valueName\":\"search_term_string\"}}],\"inLanguage\":\"it-IT\"},{\"@type\":\"Organization\",\"@id\":\"https:\\\/\\\/repliquemangacine.fr\\\/#organization\",\"name\":\"R\u00e9plique Manga Cin\u00e9\",\"url\":\"https:\\\/\\\/repliquemangacine.fr\\\/\",\"logo\":{\"@type\":\"ImageObject\",\"inLanguage\":\"it-IT\",\"@id\":\"https:\\\/\\\/repliquemangacine.fr\\\/#\\\/schema\\\/logo\\\/image\\\/\",\"url\":\"https:\\\/\\\/repliquemangacine.fr\\\/wp-content\\\/uploads\\\/2023\\\/10\\\/RMC-500250.png\",\"contentUrl\":\"https:\\\/\\\/repliquemangacine.fr\\\/wp-content\\\/uploads\\\/2023\\\/10\\\/RMC-500250.png\",\"width\":500,\"height\":250,\"caption\":\"R\u00e9plique Manga Cin\u00e9\"},\"image\":{\"@id\":\"https:\\\/\\\/repliquemangacine.fr\\\/#\\\/schema\\\/logo\\\/image\\\/\"},\"sameAs\":[\"https:\\\/\\\/www.facebook.com\\\/RepliqueMangaCine\",\"https:\\\/\\\/www.instagram.com\\\/repliquemangacine.fr\\\/\"]}]}<\/script>\n<!-- \/ Yoast SEO plugin. -->","yoast_head_json":{"title":"Fondina singola Colt - Cintura in pelle per Colt | R\u00e9plique Manga Cin\u00e9","description":"Estraete pi\u00f9 velocemente che potete con questa fondina singola Colt al miglior prezzo - Interamente in pelle stampata - Astuccio per cartucce - Cinghie di ritenzione - Incisioni.","robots":{"index":"index","follow":"follow","max-snippet":"max-snippet:-1","max-image-preview":"max-image-preview:large","max-video-preview":"max-video-preview:-1"},"canonical":"https:\/\/repliquemangacine.fr\/it\/fondina-per-accessori-western\/colt-fondina-singola-cintura-in-pelle\/","og_locale":"it_IT","og_type":"article","og_title":"Holster simple colt - Ceinturon cuir pour colt | R\u00e9plique Manga Cin\u00e9","og_description":"D\u00e9gainez plus vite que votre ombre, avec cet Holster simple colt au meilleur prix - Tout en cuir moul\u00e9 - Cartouchi\u00e8re - Lani\u00e8res de maintien - Gravures.","og_url":"https:\/\/repliquemangacine.fr\/it\/fondina-per-accessori-western\/colt-fondina-singola-cintura-in-pelle\/","og_site_name":"R\u00e9plique Manga Cin\u00e9","article_publisher":"https:\/\/www.facebook.com\/RepliqueMangaCine","article_modified_time":"2026-04-13T08:57:55+00:00","og_image":[{"width":800,"height":800,"url":"https:\/\/repliquemangacine.fr\/wp-content\/uploads\/2023\/10\/620-Ceinturon-cuir-pour-colt-Holster-simple-avec-cartouchiere.jpg","type":"image\/jpeg"}],"twitter_card":"summary_large_image","twitter_misc":{"Tempo di lettura stimato":"2 minuti"},"schema":{"@context":"https:\/\/schema.org","@graph":[{"@type":"WebPage","@id":"https:\/\/repliquemangacine.fr\/holster-accessoires-western\/holster-simple-colt-ceinturon-cuir\/","url":"https:\/\/repliquemangacine.fr\/holster-accessoires-western\/holster-simple-colt-ceinturon-cuir\/","name":"Fondina singola Colt - Cintura in pelle per Colt | R\u00e9plique Manga Cin\u00e9","isPartOf":{"@id":"https:\/\/repliquemangacine.fr\/#website"},"primaryImageOfPage":{"@id":"https:\/\/repliquemangacine.fr\/holster-accessoires-western\/holster-simple-colt-ceinturon-cuir\/#primaryimage"},"image":{"@id":"https:\/\/repliquemangacine.fr\/holster-accessoires-western\/holster-simple-colt-ceinturon-cuir\/#primaryimage"},"thumbnailUrl":"https:\/\/repliquemangacine.fr\/wp-content\/uploads\/2023\/10\/620-Ceinturon-cuir-pour-colt-Holster-simple-avec-cartouchiere.jpg","datePublished":"2016-10-27T12:57:03+00:00","dateModified":"2026-04-13T08:57:55+00:00","description":"Estraete pi\u00f9 velocemente che potete con questa fondina singola Colt al miglior prezzo - Interamente in pelle stampata - Astuccio per cartucce - Cinghie di ritenzione - Incisioni.","breadcrumb":{"@id":"https:\/\/repliquemangacine.fr\/holster-accessoires-western\/holster-simple-colt-ceinturon-cuir\/#breadcrumb"},"inLanguage":"it-IT","potentialAction":[{"@type":"ReadAction","target":["https:\/\/repliquemangacine.fr\/holster-accessoires-western\/holster-simple-colt-ceinturon-cuir\/"]}]},{"@type":"ImageObject","inLanguage":"it-IT","@id":"https:\/\/repliquemangacine.fr\/holster-accessoires-western\/holster-simple-colt-ceinturon-cuir\/#primaryimage","url":"https:\/\/repliquemangacine.fr\/wp-content\/uploads\/2023\/10\/620-Ceinturon-cuir-pour-colt-Holster-simple-avec-cartouchiere.jpg","contentUrl":"https:\/\/repliquemangacine.fr\/wp-content\/uploads\/2023\/10\/620-Ceinturon-cuir-pour-colt-Holster-simple-avec-cartouchiere.jpg","width":800,"height":800,"caption":"Ceinturon cuir pour colt - Holster simple pour gaucher"},{"@type":"BreadcrumbList","@id":"https:\/\/repliquemangacine.fr\/holster-accessoires-western\/holster-simple-colt-ceinturon-cuir\/#breadcrumb","itemListElement":[{"@type":"ListItem","position":1,"name":"Accueil","item":"https:\/\/repliquemangacine.fr\/"},{"@type":"ListItem","position":2,"name":"Produits","item":"https:\/\/repliquemangacine.fr\/boutique\/"},{"@type":"ListItem","position":3,"name":"Holster simple colt"}]},{"@type":"WebSite","@id":"https:\/\/repliquemangacine.fr\/#website","url":"https:\/\/repliquemangacine.fr\/","name":"R\u00e9plique Manga Cin\u00e9","description":"","publisher":{"@id":"https:\/\/repliquemangacine.fr\/#organization"},"potentialAction":[{"@type":"SearchAction","target":{"@type":"EntryPoint","urlTemplate":"https:\/\/repliquemangacine.fr\/?s={search_term_string}"},"query-input":{"@type":"PropertyValueSpecification","valueRequired":true,"valueName":"search_term_string"}}],"inLanguage":"it-IT"},{"@type":"Organization","@id":"https:\/\/repliquemangacine.fr\/#organization","name":"R\u00e9plique Manga Cin\u00e9","url":"https:\/\/repliquemangacine.fr\/","logo":{"@type":"ImageObject","inLanguage":"it-IT","@id":"https:\/\/repliquemangacine.fr\/#\/schema\/logo\/image\/","url":"https:\/\/repliquemangacine.fr\/wp-content\/uploads\/2023\/10\/RMC-500250.png","contentUrl":"https:\/\/repliquemangacine.fr\/wp-content\/uploads\/2023\/10\/RMC-500250.png","width":500,"height":250,"caption":"R\u00e9plique Manga Cin\u00e9"},"image":{"@id":"https:\/\/repliquemangacine.fr\/#\/schema\/logo\/image\/"},"sameAs":["https:\/\/www.facebook.com\/RepliqueMangaCine","https:\/\/www.instagram.com\/repliquemangacine.fr\/"]}]}},"_links":{"self":[{"href":"https:\/\/repliquemangacine.fr\/it\/wp-json\/wp\/v2\/product\/25886","targetHints":{"allow":["GET"]}}],"collection":[{"href":"https:\/\/repliquemangacine.fr\/it\/wp-json\/wp\/v2\/product"}],"about":[{"href":"https:\/\/repliquemangacine.fr\/it\/wp-json\/wp\/v2\/types\/product"}],"wp:featuredmedia":[{"embeddable":true,"href":"https:\/\/repliquemangacine.fr\/it\/wp-json\/wp\/v2\/media\/25887"}],"wp:attachment":[{"href":"https:\/\/repliquemangacine.fr\/it\/wp-json\/wp\/v2\/media?parent=25886"}],"wp:term":[{"taxonomy":"product_brand","embeddable":true,"href":"https:\/\/repliquemangacine.fr\/it\/wp-json\/wp\/v2\/product_brand?post=25886"},{"taxonomy":"product_cat","embeddable":true,"href":"https:\/\/repliquemangacine.fr\/it\/wp-json\/wp\/v2\/product_cat?post=25886"},{"taxonomy":"product_tag","embeddable":true,"href":"https:\/\/repliquemangacine.fr\/it\/wp-json\/wp\/v2\/product_tag?post=25886"}],"curies":[{"name":"wp","href":"https:\/\/api.w.org\/{rel}","templated":true}]}}