





{"id":25871,"date":"2016-10-25T18:55:29","date_gmt":"2016-10-25T16:55:29","guid":{"rendered":"https:\/\/repliquemangacine.fr\/?post_type=product&#038;p=25871"},"modified":"2026-02-06T15:45:09","modified_gmt":"2026-02-06T14:45:09","slug":"fucile-kentucky-148-cm-denix","status":"publish","type":"product","link":"https:\/\/repliquemangacine.fr\/it\/repliques-carabine-winchester-western\/fusil-kentucky-148-cm-denix\/","title":{"rendered":"Fucile Kentucky 148 cm"},"content":{"rendered":"<h2>Replica del fucile Kentucky 148 cm - Denix<\/h2>\n<p>Per cominciare, il <strong>Fucile Kentucky 148 cm<\/strong>, La pietra focaia era un'arma a scintilla dotata di una selce o di una pietra focaia che, quando veniva azionata dal martello, produceva la scintilla che accendeva la polvere da sparo.<\/p>\n<p>L'uso del Pennsylvania Long Rifle da parte di Daniel Boone in Kentucky fu cos\u00ec famoso che divenne pi\u00f9 noto come fucile del Kentucky. Ma in origine era un Pennsylvania Long Rifle.<\/p>\n<p>Ampiamente utilizzati durante la Guerra d'Indipendenza (1775-1783). Questi fucili accompagnarono i primi esploratori americani nella conquista del West.<\/p>\n<p>Se il Winchester ha conquistato il West, questa pistola ha conquistato i primi territori e la libert\u00e0 dell'America.<\/p>\n<p>L'arma del Patriota nell'omonimo film \u00e8 saldamente radicata nell'immaginazione.<\/p>\n<h2>Il vostro fucile Kentuck 148 cm al miglior prezzo.<\/h2>\n<p>Offriamo un'ampia gamma di riproduzioni di armi western.<\/p>\n<p>Innanzitutto,<\/p>\n<ul>\n<li>Il leggendario militare <a href=\"https:\/\/repliquemangacine.fr\/it\/fucile-winchester-western-country\/fusil-sharp-usa-1859\/\">Carabina Sharps<\/a>USA, 1859.<\/li>\n<li>C'\u00e8 anche il <a href=\"https:\/\/repliquemangacine.fr\/it\/pistola-kolser\/winchester-108cm-grey-kolser\/\">Fucile Winchester 108cm<\/a> Kolser con espulsione del proiettile.<\/li>\n<li>Cos\u00ec come il <a href=\"https:\/\/repliquemangacine.fr\/it\/fucile-winchester-western-country\/coach-gun-double-canons-coupe-usa-1868\/\">Fucile Coach Gun<\/a> con la canna tagliata.<\/li>\n<li>E molti altri da scoprire nel nostro negozio online!<\/li>\n<\/ul>\n<p>Ecco perch\u00e9 abbiamo pensato ad alcune idee regalo per tutti i fan del western.<\/p>\n<p>In conclusione, \u00e8 possibile utilizzare il metodo <strong>Fucile Kentucky 148 cm<\/strong> per le vostre esibizioni western. Ma soprattutto, questa riproduzione \u00e8 un'arma da collezione e decorativa.<\/p>\n<p>R\u00e9plique Manga Cin\u00e9 \u00e8 un'azienda familiare francese e distributore ufficiale di <a href=\"https:\/\/www.denix.fr\/fr\/catalogue\/guerre-civile-occidentale-et-americaine-1861-1899\/carabines-carabines-et-fusils\/1137\/\" target=\"_blank\" rel=\"noopener noreferrer\">Denix<\/a>.<\/p>\n<h2>Come vengono realizzate le repliche delle armi Denix?<\/h2>\n<p>Utilizzate in rievocazioni storiche, film, serie e dai collezionisti. Le riproduzioni Denix sono realizzate con materiali di alta qualit\u00e0. Sono accuratamente lavorate e assemblate per creare armi realistiche da collezione.<\/p>\n<ul>\n<li>I metalli sono in una lega metallica nota come Zamac, la cui composizione di base \u00e8 zinco in 95%.<\/li>\n<li>Le parti in plastica delle repliche sono realizzate in ABS stampato, che offre una grande resistenza.<\/li>\n<li>Il legno scelto per la sua bellezza e durata, come il mogano, l'ulivo o il noce, conferir\u00e0 ai mozziconi e alle botti un aspetto elegante e autentico.<\/li>\n<\/ul>\n<p>Si noti che tutte le riproduzioni Denix sono identiche agli originali, come il vostro <strong>Fucile Kentucky 148 cm<\/strong>.<\/p>","protected":false},"excerpt":{"rendered":"<p>Il fucile Kentucky \u00e8 un'arma tipica dei trapper.<\/p>\n<ul>\n<li>Interamente in legno massiccio, calcio e canna.<\/li>\n<li>Canna e meccanismo in metallo.<\/li>\n<li>L'innesco e il cane sono mobili.<\/li>\n<li>Armi e scioperi.<\/li>\n<li>Non idoneo a sparare.<\/li>\n<li>Non \u00e8 richiesta alcuna autorizzazione. Vendita e possesso gratuiti.<\/li>\n<li>Lunghezza: 148,5 cm - Peso: 2.160 g<\/li>\n<\/ul>","protected":false},"featured_media":25872,"template":"","meta":[],"product_brand":[896],"product_cat":[34,86,39,102,28,101,27],"product_tag":[],"class_list":{"0":"post-25871","1":"product","2":"type-product","3":"status-publish","4":"has-post-thumbnail","6":"product_brand-replique-manga-cine","7":"product_cat-armes-westerns","8":"product_cat-repliques-carabine-winchester-western","9":"product_cat-carabine-winchester","10":"product_cat-denix","11":"product_cat-repliques-darmes","12":"product_cat-soldes","13":"product_cat-armes-et-accessoires-western","15":"first","16":"instock","17":"sale","18":"taxable","19":"shipping-taxable","20":"purchasable","21":"product-type-simple"},"yoast_head":"<!-- This site is optimized with the Yoast SEO plugin v27.5 - https:\/\/yoast.com\/product\/yoast-seo-wordpress\/ -->\n<title>Fusil Kentucky 148 cm - R\u00e9plique Denix | R\u00e9plique Manga Cin\u00e9<\/title>\n<meta name=\"description\" content=\"Offrez-vous ! Le Fusil Kentucky 148 cm au meilleur prix - Crosse et f\u00fbt en bois massif - Canon et m\u00e9canisme m\u00e9tal. M\u00e9canisme fonctionnel - 148.5 cm\" \/>\n<meta name=\"robots\" content=\"index, follow, max-snippet:-1, max-image-preview:large, max-video-preview:-1\" \/>\n<link rel=\"canonical\" href=\"https:\/\/repliquemangacine.fr\/it\/denix\/fucile-kentucky-148-cm-denix\/\" \/>\n<meta property=\"og:locale\" content=\"it_IT\" \/>\n<meta property=\"og:type\" content=\"article\" \/>\n<meta property=\"og:title\" content=\"Fusil Kentucky 148 cm - R\u00e9plique Denix | R\u00e9plique Manga Cin\u00e9\" \/>\n<meta property=\"og:description\" content=\"Offrez-vous ! Le Fusil Kentucky 148 cm au meilleur prix - Crosse et f\u00fbt en bois massif - Canon et m\u00e9canisme m\u00e9tal. M\u00e9canisme fonctionnel - 148.5 cm\" \/>\n<meta property=\"og:url\" content=\"https:\/\/repliquemangacine.fr\/it\/denix\/fucile-kentucky-148-cm-denix\/\" \/>\n<meta property=\"og:site_name\" content=\"R\u00e9plique Manga Cin\u00e9\" \/>\n<meta property=\"article:publisher\" content=\"https:\/\/www.facebook.com\/RepliqueMangaCine\" \/>\n<meta property=\"article:modified_time\" content=\"2026-02-06T14:45:09+00:00\" \/>\n<meta property=\"og:image\" content=\"https:\/\/repliquemangacine.fr\/wp-content\/uploads\/2023\/10\/608-replique-Fusil-Kentucky-148cm-denix.jpg\" \/>\n\t<meta property=\"og:image:width\" content=\"700\" \/>\n\t<meta property=\"og:image:height\" content=\"700\" \/>\n\t<meta property=\"og:image:type\" content=\"image\/jpeg\" \/>\n<meta name=\"twitter:card\" content=\"summary_large_image\" \/>\n<meta name=\"twitter:label1\" content=\"Tempo di lettura stimato\" \/>\n\t<meta name=\"twitter:data1\" content=\"2 minuti\" \/>\n<script type=\"application\/ld+json\" class=\"yoast-schema-graph\">{\"@context\":\"https:\\\/\\\/schema.org\",\"@graph\":[{\"@type\":\"WebPage\",\"@id\":\"https:\\\/\\\/repliquemangacine.fr\\\/denix\\\/fusil-kentucky-148-cm-denix\\\/\",\"url\":\"https:\\\/\\\/repliquemangacine.fr\\\/denix\\\/fusil-kentucky-148-cm-denix\\\/\",\"name\":\"Fusil Kentucky 148 cm - R\u00e9plique Denix | R\u00e9plique Manga Cin\u00e9\",\"isPartOf\":{\"@id\":\"https:\\\/\\\/repliquemangacine.fr\\\/#website\"},\"primaryImageOfPage\":{\"@id\":\"https:\\\/\\\/repliquemangacine.fr\\\/denix\\\/fusil-kentucky-148-cm-denix\\\/#primaryimage\"},\"image\":{\"@id\":\"https:\\\/\\\/repliquemangacine.fr\\\/denix\\\/fusil-kentucky-148-cm-denix\\\/#primaryimage\"},\"thumbnailUrl\":\"https:\\\/\\\/repliquemangacine.fr\\\/wp-content\\\/uploads\\\/2023\\\/10\\\/608-replique-Fusil-Kentucky-148cm-denix.jpg\",\"datePublished\":\"2016-10-25T16:55:29+00:00\",\"dateModified\":\"2026-02-06T14:45:09+00:00\",\"description\":\"Offrez-vous ! Le Fusil Kentucky 148 cm au meilleur prix - Crosse et f\u00fbt en bois massif - Canon et m\u00e9canisme m\u00e9tal. M\u00e9canisme fonctionnel - 148.5 cm\",\"breadcrumb\":{\"@id\":\"https:\\\/\\\/repliquemangacine.fr\\\/denix\\\/fusil-kentucky-148-cm-denix\\\/#breadcrumb\"},\"inLanguage\":\"it-IT\",\"potentialAction\":[{\"@type\":\"ReadAction\",\"target\":[\"https:\\\/\\\/repliquemangacine.fr\\\/denix\\\/fusil-kentucky-148-cm-denix\\\/\"]}]},{\"@type\":\"ImageObject\",\"inLanguage\":\"it-IT\",\"@id\":\"https:\\\/\\\/repliquemangacine.fr\\\/denix\\\/fusil-kentucky-148-cm-denix\\\/#primaryimage\",\"url\":\"https:\\\/\\\/repliquemangacine.fr\\\/wp-content\\\/uploads\\\/2023\\\/10\\\/608-replique-Fusil-Kentucky-148cm-denix.jpg\",\"contentUrl\":\"https:\\\/\\\/repliquemangacine.fr\\\/wp-content\\\/uploads\\\/2023\\\/10\\\/608-replique-Fusil-Kentucky-148cm-denix.jpg\",\"width\":700,\"height\":700,\"caption\":\"r\u00e9plique Fusil Kentucky 148cm - denix\"},{\"@type\":\"BreadcrumbList\",\"@id\":\"https:\\\/\\\/repliquemangacine.fr\\\/denix\\\/fusil-kentucky-148-cm-denix\\\/#breadcrumb\",\"itemListElement\":[{\"@type\":\"ListItem\",\"position\":1,\"name\":\"Accueil\",\"item\":\"https:\\\/\\\/repliquemangacine.fr\\\/\"},{\"@type\":\"ListItem\",\"position\":2,\"name\":\"Produits\",\"item\":\"https:\\\/\\\/repliquemangacine.fr\\\/boutique\\\/\"},{\"@type\":\"ListItem\",\"position\":3,\"name\":\"Fusil Kentucky 148 cm\"}]},{\"@type\":\"WebSite\",\"@id\":\"https:\\\/\\\/repliquemangacine.fr\\\/#website\",\"url\":\"https:\\\/\\\/repliquemangacine.fr\\\/\",\"name\":\"R\u00e9plique Manga Cin\u00e9\",\"description\":\"\",\"publisher\":{\"@id\":\"https:\\\/\\\/repliquemangacine.fr\\\/#organization\"},\"potentialAction\":[{\"@type\":\"SearchAction\",\"target\":{\"@type\":\"EntryPoint\",\"urlTemplate\":\"https:\\\/\\\/repliquemangacine.fr\\\/?s={search_term_string}\"},\"query-input\":{\"@type\":\"PropertyValueSpecification\",\"valueRequired\":true,\"valueName\":\"search_term_string\"}}],\"inLanguage\":\"it-IT\"},{\"@type\":\"Organization\",\"@id\":\"https:\\\/\\\/repliquemangacine.fr\\\/#organization\",\"name\":\"R\u00e9plique Manga Cin\u00e9\",\"url\":\"https:\\\/\\\/repliquemangacine.fr\\\/\",\"logo\":{\"@type\":\"ImageObject\",\"inLanguage\":\"it-IT\",\"@id\":\"https:\\\/\\\/repliquemangacine.fr\\\/#\\\/schema\\\/logo\\\/image\\\/\",\"url\":\"https:\\\/\\\/repliquemangacine.fr\\\/wp-content\\\/uploads\\\/2023\\\/10\\\/RMC-500250.png\",\"contentUrl\":\"https:\\\/\\\/repliquemangacine.fr\\\/wp-content\\\/uploads\\\/2023\\\/10\\\/RMC-500250.png\",\"width\":500,\"height\":250,\"caption\":\"R\u00e9plique Manga Cin\u00e9\"},\"image\":{\"@id\":\"https:\\\/\\\/repliquemangacine.fr\\\/#\\\/schema\\\/logo\\\/image\\\/\"},\"sameAs\":[\"https:\\\/\\\/www.facebook.com\\\/RepliqueMangaCine\",\"https:\\\/\\\/www.instagram.com\\\/repliquemangacine.fr\\\/\"]}]}<\/script>\n<!-- \/ Yoast SEO plugin. -->","yoast_head_json":{"title":"Fucile Kentucky 148 cm - Replica Denix | R\u00e9plique Manga Cin\u00e9","description":"Regalatevi! Il fucile Kentucky 148 cm al miglior prezzo - Calcio e canna in legno massiccio - Canna e azione in metallo. Meccanismo funzionale - 148,5 cm","robots":{"index":"index","follow":"follow","max-snippet":"max-snippet:-1","max-image-preview":"max-image-preview:large","max-video-preview":"max-video-preview:-1"},"canonical":"https:\/\/repliquemangacine.fr\/it\/denix\/fucile-kentucky-148-cm-denix\/","og_locale":"it_IT","og_type":"article","og_title":"Fusil Kentucky 148 cm - R\u00e9plique Denix | R\u00e9plique Manga Cin\u00e9","og_description":"Offrez-vous ! Le Fusil Kentucky 148 cm au meilleur prix - Crosse et f\u00fbt en bois massif - Canon et m\u00e9canisme m\u00e9tal. M\u00e9canisme fonctionnel - 148.5 cm","og_url":"https:\/\/repliquemangacine.fr\/it\/denix\/fucile-kentucky-148-cm-denix\/","og_site_name":"R\u00e9plique Manga Cin\u00e9","article_publisher":"https:\/\/www.facebook.com\/RepliqueMangaCine","article_modified_time":"2026-02-06T14:45:09+00:00","og_image":[{"width":700,"height":700,"url":"https:\/\/repliquemangacine.fr\/wp-content\/uploads\/2023\/10\/608-replique-Fusil-Kentucky-148cm-denix.jpg","type":"image\/jpeg"}],"twitter_card":"summary_large_image","twitter_misc":{"Tempo di lettura stimato":"2 minuti"},"schema":{"@context":"https:\/\/schema.org","@graph":[{"@type":"WebPage","@id":"https:\/\/repliquemangacine.fr\/denix\/fusil-kentucky-148-cm-denix\/","url":"https:\/\/repliquemangacine.fr\/denix\/fusil-kentucky-148-cm-denix\/","name":"Fucile Kentucky 148 cm - Replica Denix | R\u00e9plique Manga Cin\u00e9","isPartOf":{"@id":"https:\/\/repliquemangacine.fr\/#website"},"primaryImageOfPage":{"@id":"https:\/\/repliquemangacine.fr\/denix\/fusil-kentucky-148-cm-denix\/#primaryimage"},"image":{"@id":"https:\/\/repliquemangacine.fr\/denix\/fusil-kentucky-148-cm-denix\/#primaryimage"},"thumbnailUrl":"https:\/\/repliquemangacine.fr\/wp-content\/uploads\/2023\/10\/608-replique-Fusil-Kentucky-148cm-denix.jpg","datePublished":"2016-10-25T16:55:29+00:00","dateModified":"2026-02-06T14:45:09+00:00","description":"Regalatevi! Il fucile Kentucky 148 cm al miglior prezzo - Calcio e canna in legno massiccio - Canna e azione in metallo. Meccanismo funzionale - 148,5 cm","breadcrumb":{"@id":"https:\/\/repliquemangacine.fr\/denix\/fusil-kentucky-148-cm-denix\/#breadcrumb"},"inLanguage":"it-IT","potentialAction":[{"@type":"ReadAction","target":["https:\/\/repliquemangacine.fr\/denix\/fusil-kentucky-148-cm-denix\/"]}]},{"@type":"ImageObject","inLanguage":"it-IT","@id":"https:\/\/repliquemangacine.fr\/denix\/fusil-kentucky-148-cm-denix\/#primaryimage","url":"https:\/\/repliquemangacine.fr\/wp-content\/uploads\/2023\/10\/608-replique-Fusil-Kentucky-148cm-denix.jpg","contentUrl":"https:\/\/repliquemangacine.fr\/wp-content\/uploads\/2023\/10\/608-replique-Fusil-Kentucky-148cm-denix.jpg","width":700,"height":700,"caption":"r\u00e9plique Fusil Kentucky 148cm - denix"},{"@type":"BreadcrumbList","@id":"https:\/\/repliquemangacine.fr\/denix\/fusil-kentucky-148-cm-denix\/#breadcrumb","itemListElement":[{"@type":"ListItem","position":1,"name":"Accueil","item":"https:\/\/repliquemangacine.fr\/"},{"@type":"ListItem","position":2,"name":"Produits","item":"https:\/\/repliquemangacine.fr\/boutique\/"},{"@type":"ListItem","position":3,"name":"Fusil Kentucky 148 cm"}]},{"@type":"WebSite","@id":"https:\/\/repliquemangacine.fr\/#website","url":"https:\/\/repliquemangacine.fr\/","name":"R\u00e9plique Manga Cin\u00e9","description":"","publisher":{"@id":"https:\/\/repliquemangacine.fr\/#organization"},"potentialAction":[{"@type":"SearchAction","target":{"@type":"EntryPoint","urlTemplate":"https:\/\/repliquemangacine.fr\/?s={search_term_string}"},"query-input":{"@type":"PropertyValueSpecification","valueRequired":true,"valueName":"search_term_string"}}],"inLanguage":"it-IT"},{"@type":"Organization","@id":"https:\/\/repliquemangacine.fr\/#organization","name":"R\u00e9plique Manga Cin\u00e9","url":"https:\/\/repliquemangacine.fr\/","logo":{"@type":"ImageObject","inLanguage":"it-IT","@id":"https:\/\/repliquemangacine.fr\/#\/schema\/logo\/image\/","url":"https:\/\/repliquemangacine.fr\/wp-content\/uploads\/2023\/10\/RMC-500250.png","contentUrl":"https:\/\/repliquemangacine.fr\/wp-content\/uploads\/2023\/10\/RMC-500250.png","width":500,"height":250,"caption":"R\u00e9plique Manga Cin\u00e9"},"image":{"@id":"https:\/\/repliquemangacine.fr\/#\/schema\/logo\/image\/"},"sameAs":["https:\/\/www.facebook.com\/RepliqueMangaCine","https:\/\/www.instagram.com\/repliquemangacine.fr\/"]}]}},"_links":{"self":[{"href":"https:\/\/repliquemangacine.fr\/it\/wp-json\/wp\/v2\/product\/25871","targetHints":{"allow":["GET"]}}],"collection":[{"href":"https:\/\/repliquemangacine.fr\/it\/wp-json\/wp\/v2\/product"}],"about":[{"href":"https:\/\/repliquemangacine.fr\/it\/wp-json\/wp\/v2\/types\/product"}],"wp:featuredmedia":[{"embeddable":true,"href":"https:\/\/repliquemangacine.fr\/it\/wp-json\/wp\/v2\/media\/25872"}],"wp:attachment":[{"href":"https:\/\/repliquemangacine.fr\/it\/wp-json\/wp\/v2\/media?parent=25871"}],"wp:term":[{"taxonomy":"product_brand","embeddable":true,"href":"https:\/\/repliquemangacine.fr\/it\/wp-json\/wp\/v2\/product_brand?post=25871"},{"taxonomy":"product_cat","embeddable":true,"href":"https:\/\/repliquemangacine.fr\/it\/wp-json\/wp\/v2\/product_cat?post=25871"},{"taxonomy":"product_tag","embeddable":true,"href":"https:\/\/repliquemangacine.fr\/it\/wp-json\/wp\/v2\/product_tag?post=25871"}],"curies":[{"name":"wp","href":"https:\/\/api.w.org\/{rel}","templated":true}]}}