





{"id":25858,"date":"2016-10-25T11:57:29","date_gmt":"2016-10-25T09:57:29","guid":{"rendered":"https:\/\/repliquemangacine.fr\/?post_type=product&#038;p=25858"},"modified":"2026-03-06T16:58:24","modified_gmt":"2026-03-06T15:58:24","slug":"fucile-a-doppia-canna-wyatt-earp-usa-1881","status":"publish","type":"product","link":"https:\/\/repliquemangacine.fr\/it\/repliques-carabine-winchester-western\/fusil-double-canon-wyatt-earp-usa-1881\/","title":{"rendered":"Fucile a doppia canna USA 1881"},"content":{"rendered":"<h2>Fucile a doppia canna Wyatt Earp del 1881 -Denix<\/h2>\n<p>Per cominciare, il <strong>Fucile a doppia canna<\/strong> usata da Wyatt Earp per uccidere Frank Stilwell. Uno degli assassini di suo fratello Morgan.<\/p>\n<p>Il termine Coach Gun si riferisce ai fucili a doppia canna, le armi preferite dai conducenti di diligenze negli Stati Uniti. Dotati di canne relativamente corte (\u00b1 50 cm) e di calibri 10 e 12.<\/p>\n<p>Lo sceriffo Wyatt Earp, famoso nel West americano per la sua estrema tenacia di fronte a chi infrange la legge. Partecipa allo scontro a fuoco con la sua doppietta all'O.K. Corral di Tombstone, con Doc Holliday e i suoi fratelli.<\/p>\n<p>Infine, la versione cut-off fu utilizzata dal famoso vice-sceriffo Doc Holliday. Utilizzando un modello con canne segate lunghe 25 cm, fino alla comparsa dei fucili a pompa intorno al 1900.<\/p>\n<h2>La vostra doppietta 1881 al miglior prezzo.<\/h2>\n<p>Offriamo un'ampia gamma di riproduzioni di armi western.<\/p>\n<p>Innanzitutto,<\/p>\n<ul>\n<li>Le <a href=\"https:\/\/repliquemangacine.fr\/it\/fucile-winchester-western-country\/fucile-kentuky-111cm\/\">Fucile Kentucky 111 cm<\/a> \u00e8 una tipica arma da trapper.<\/li>\n<li>C'\u00e8 anche il <a href=\"https:\/\/repliquemangacine.fr\/it\/fucile-winchester-western-country\/fucile-winchester-john-wayne-modello-1892\/\">Fucile John Wayne<\/a> con le sue iniziali sul calcio.<\/li>\n<li>E molti altri da scoprire nel nostro negozio online!<\/li>\n<\/ul>\n<p>Ecco perch\u00e9 abbiamo pensato ad alcune idee regalo per tutti i fan del western.<\/p>\n<p>In conclusione, \u00e8 possibile utilizzare il metodo <strong>Fucile a doppia canna <\/strong>per le vostre esibizioni western. Ma soprattutto, questa riproduzione \u00e8 un'arma da collezione e decorativa.<\/p>\n<p>R\u00e9plique Manga Cin\u00e9 \u00e8 un'azienda familiare francese e distributore ufficiale di <a href=\"https:\/\/www.denix.fr\/fr\/catalogue\/guerre-civile-occidentale-et-americaine-1861-1899\/carabines-carabines-et-fusils\/1115\/\" target=\"_blank\" rel=\"noopener noreferrer\">Denix<\/a>.<\/p>\n<h2>Come vengono realizzate le repliche delle armi Denix?<\/h2>\n<p>Utilizzate in rievocazioni storiche, film, serie e dai collezionisti. Le riproduzioni Denix sono realizzate con materiali di alta qualit\u00e0. Sono accuratamente lavorate e assemblate per creare armi realistiche da collezione.<\/p>\n<ul>\n<li>I metalli sono in una lega metallica nota come Zamac, la cui composizione di base \u00e8 zinco in 95%.<\/li>\n<li>Le parti in plastica delle repliche sono realizzate in ABS stampato, che offre una grande resistenza.<\/li>\n<li>Il legno scelto per la sua bellezza e durata, come il mogano, l'ulivo o il noce, conferir\u00e0 ai mozziconi e alle botti un aspetto elegante e autentico.<\/li>\n<\/ul>\n<p>Si noti che tutte le riproduzioni Denix sono identiche agli originali, come il vostro <strong>Fucile a doppia canna<\/strong>.<\/p>","protected":false},"excerpt":{"rendered":"<p>Fucile side-by-side a doppia canna.<\/p>\n<ul>\n<li>Stock di legno.<\/li>\n<li>Canna metallica inclinabile affiancata.<\/li>\n<li>Relax e cani mobili.<\/li>\n<li>Doppia leva di armamento.<\/li>\n<li>Doppio grilletto.<\/li>\n<li>Armi e scioperi.<\/li>\n<li>Non idoneo a sparare.<\/li>\n<li>Lunghezza canna: 48 cm - Lunghezza totale: 89 cm - Peso: 2.650 g<\/li>\n<li>Non \u00e8 richiesta alcuna autorizzazione. Vendita e possesso gratuiti.<\/li>\n<\/ul>\n<p><iframe title=\"Lettore video di YouTube\" src=\"https:\/\/www.youtube-nocookie.com\/embed\/CbQsBoa8u5o\" width=\"370\" height=\"208\" frameborder=\"0\" allowfullscreen=\"allowfullscreen\"><\/iframe><\/p>","protected":false},"featured_media":25859,"template":"","meta":[],"product_brand":[896],"product_cat":[34,39,86,102,28,101,27],"product_tag":[],"class_list":{"0":"post-25858","1":"product","2":"type-product","3":"status-publish","4":"has-post-thumbnail","6":"product_brand-replique-manga-cine","7":"product_cat-armes-westerns","8":"product_cat-carabine-winchester","9":"product_cat-repliques-carabine-winchester-western","10":"product_cat-denix","11":"product_cat-repliques-darmes","12":"product_cat-soldes","13":"product_cat-armes-et-accessoires-western","15":"first","16":"outofstock","17":"sale","18":"taxable","19":"shipping-taxable","20":"purchasable","21":"product-type-simple"},"yoast_head":"<!-- This site is optimized with the Yoast SEO plugin v27.4 - https:\/\/yoast.com\/product\/yoast-seo-wordpress\/ -->\n<title>Fusil double canon Wyatt Earp - Denix | R\u00e9plique Manga Cin\u00e9<\/title>\n<meta name=\"description\" content=\"Offrez-vous ! Le Fusil Double canon 1881 de Wyatt Earp au meilleur prix - Crosse bois - Canon juxtapos\u00e9 et basculant en m\u00e9tal - M\u00e9canisme fonctionnel - 89cm\" \/>\n<meta name=\"robots\" content=\"index, follow, max-snippet:-1, max-image-preview:large, max-video-preview:-1\" \/>\n<link rel=\"canonical\" href=\"https:\/\/repliquemangacine.fr\/it\/denix\/fucile-a-doppia-canna-wyatt-earp-usa-1881\/\" \/>\n<meta property=\"og:locale\" content=\"it_IT\" \/>\n<meta property=\"og:type\" content=\"article\" \/>\n<meta property=\"og:title\" content=\"Fusil double canon Wyatt Earp - Denix | R\u00e9plique Manga Cin\u00e9\" \/>\n<meta property=\"og:description\" content=\"Offrez-vous ! Le Fusil Double canon 1881 de Wyatt Earp au meilleur prix - Crosse bois - Canon juxtapos\u00e9 et basculant en m\u00e9tal - M\u00e9canisme fonctionnel - 89cm\" \/>\n<meta property=\"og:url\" content=\"https:\/\/repliquemangacine.fr\/it\/denix\/fucile-a-doppia-canna-wyatt-earp-usa-1881\/\" \/>\n<meta property=\"og:site_name\" content=\"R\u00e9plique Manga Cin\u00e9\" \/>\n<meta property=\"article:publisher\" content=\"https:\/\/www.facebook.com\/RepliqueMangaCine\" \/>\n<meta property=\"article:modified_time\" content=\"2026-03-06T15:58:24+00:00\" \/>\n<meta property=\"og:image\" content=\"https:\/\/repliquemangacine.fr\/wp-content\/uploads\/2023\/10\/597-replique-Fusil-Wyatt-Earp-double-canon-USA-1881.jpg\" \/>\n\t<meta property=\"og:image:width\" content=\"800\" \/>\n\t<meta property=\"og:image:height\" content=\"800\" \/>\n\t<meta property=\"og:image:type\" content=\"image\/jpeg\" \/>\n<meta name=\"twitter:card\" content=\"summary_large_image\" \/>\n<meta name=\"twitter:label1\" content=\"Tempo di lettura stimato\" \/>\n\t<meta name=\"twitter:data1\" content=\"2 minuti\" \/>\n<script type=\"application\/ld+json\" class=\"yoast-schema-graph\">{\"@context\":\"https:\\\/\\\/schema.org\",\"@graph\":[{\"@type\":\"WebPage\",\"@id\":\"https:\\\/\\\/repliquemangacine.fr\\\/denix\\\/fusil-double-canon-wyatt-earp-usa-1881\\\/\",\"url\":\"https:\\\/\\\/repliquemangacine.fr\\\/denix\\\/fusil-double-canon-wyatt-earp-usa-1881\\\/\",\"name\":\"Fusil double canon Wyatt Earp - Denix | R\u00e9plique Manga Cin\u00e9\",\"isPartOf\":{\"@id\":\"https:\\\/\\\/repliquemangacine.fr\\\/#website\"},\"primaryImageOfPage\":{\"@id\":\"https:\\\/\\\/repliquemangacine.fr\\\/denix\\\/fusil-double-canon-wyatt-earp-usa-1881\\\/#primaryimage\"},\"image\":{\"@id\":\"https:\\\/\\\/repliquemangacine.fr\\\/denix\\\/fusil-double-canon-wyatt-earp-usa-1881\\\/#primaryimage\"},\"thumbnailUrl\":\"https:\\\/\\\/repliquemangacine.fr\\\/wp-content\\\/uploads\\\/2023\\\/10\\\/597-replique-Fusil-Wyatt-Earp-double-canon-USA-1881.jpg\",\"datePublished\":\"2016-10-25T09:57:29+00:00\",\"dateModified\":\"2026-03-06T15:58:24+00:00\",\"description\":\"Offrez-vous ! Le Fusil Double canon 1881 de Wyatt Earp au meilleur prix - Crosse bois - Canon juxtapos\u00e9 et basculant en m\u00e9tal - M\u00e9canisme fonctionnel - 89cm\",\"breadcrumb\":{\"@id\":\"https:\\\/\\\/repliquemangacine.fr\\\/denix\\\/fusil-double-canon-wyatt-earp-usa-1881\\\/#breadcrumb\"},\"inLanguage\":\"it-IT\",\"potentialAction\":[{\"@type\":\"ReadAction\",\"target\":[\"https:\\\/\\\/repliquemangacine.fr\\\/denix\\\/fusil-double-canon-wyatt-earp-usa-1881\\\/\"]}]},{\"@type\":\"ImageObject\",\"inLanguage\":\"it-IT\",\"@id\":\"https:\\\/\\\/repliquemangacine.fr\\\/denix\\\/fusil-double-canon-wyatt-earp-usa-1881\\\/#primaryimage\",\"url\":\"https:\\\/\\\/repliquemangacine.fr\\\/wp-content\\\/uploads\\\/2023\\\/10\\\/597-replique-Fusil-Wyatt-Earp-double-canon-USA-1881.jpg\",\"contentUrl\":\"https:\\\/\\\/repliquemangacine.fr\\\/wp-content\\\/uploads\\\/2023\\\/10\\\/597-replique-Fusil-Wyatt-Earp-double-canon-USA-1881.jpg\",\"width\":800,\"height\":800,\"caption\":\"r\u00e9plique Fusil Wyatt Earp double canon - USA 1881.\"},{\"@type\":\"BreadcrumbList\",\"@id\":\"https:\\\/\\\/repliquemangacine.fr\\\/denix\\\/fusil-double-canon-wyatt-earp-usa-1881\\\/#breadcrumb\",\"itemListElement\":[{\"@type\":\"ListItem\",\"position\":1,\"name\":\"Accueil\",\"item\":\"https:\\\/\\\/repliquemangacine.fr\\\/\"},{\"@type\":\"ListItem\",\"position\":2,\"name\":\"Produits\",\"item\":\"https:\\\/\\\/repliquemangacine.fr\\\/boutique\\\/\"},{\"@type\":\"ListItem\",\"position\":3,\"name\":\"Fusil double canon USA 1881\"}]},{\"@type\":\"WebSite\",\"@id\":\"https:\\\/\\\/repliquemangacine.fr\\\/#website\",\"url\":\"https:\\\/\\\/repliquemangacine.fr\\\/\",\"name\":\"R\u00e9plique Manga Cin\u00e9\",\"description\":\"\",\"publisher\":{\"@id\":\"https:\\\/\\\/repliquemangacine.fr\\\/#organization\"},\"potentialAction\":[{\"@type\":\"SearchAction\",\"target\":{\"@type\":\"EntryPoint\",\"urlTemplate\":\"https:\\\/\\\/repliquemangacine.fr\\\/?s={search_term_string}\"},\"query-input\":{\"@type\":\"PropertyValueSpecification\",\"valueRequired\":true,\"valueName\":\"search_term_string\"}}],\"inLanguage\":\"it-IT\"},{\"@type\":\"Organization\",\"@id\":\"https:\\\/\\\/repliquemangacine.fr\\\/#organization\",\"name\":\"R\u00e9plique Manga Cin\u00e9\",\"url\":\"https:\\\/\\\/repliquemangacine.fr\\\/\",\"logo\":{\"@type\":\"ImageObject\",\"inLanguage\":\"it-IT\",\"@id\":\"https:\\\/\\\/repliquemangacine.fr\\\/#\\\/schema\\\/logo\\\/image\\\/\",\"url\":\"https:\\\/\\\/repliquemangacine.fr\\\/wp-content\\\/uploads\\\/2023\\\/10\\\/RMC-500250.png\",\"contentUrl\":\"https:\\\/\\\/repliquemangacine.fr\\\/wp-content\\\/uploads\\\/2023\\\/10\\\/RMC-500250.png\",\"width\":500,\"height\":250,\"caption\":\"R\u00e9plique Manga Cin\u00e9\"},\"image\":{\"@id\":\"https:\\\/\\\/repliquemangacine.fr\\\/#\\\/schema\\\/logo\\\/image\\\/\"},\"sameAs\":[\"https:\\\/\\\/www.facebook.com\\\/RepliqueMangaCine\",\"https:\\\/\\\/www.instagram.com\\\/repliquemangacine.fr\\\/\"]}]}<\/script>\n<!-- \/ Yoast SEO plugin. -->","yoast_head_json":{"title":"Fucile a doppia canna Wyatt Earp - Denix | R\u00e9plique Manga Cin\u00e9","description":"Regalatevi! Il fucile a doppia canna Wyatt Earp 1881 al miglior prezzo - Calcio in legno - Canna in metallo basculante affiancata - Meccanismo funzionale - 89cm","robots":{"index":"index","follow":"follow","max-snippet":"max-snippet:-1","max-image-preview":"max-image-preview:large","max-video-preview":"max-video-preview:-1"},"canonical":"https:\/\/repliquemangacine.fr\/it\/denix\/fucile-a-doppia-canna-wyatt-earp-usa-1881\/","og_locale":"it_IT","og_type":"article","og_title":"Fusil double canon Wyatt Earp - Denix | R\u00e9plique Manga Cin\u00e9","og_description":"Offrez-vous ! Le Fusil Double canon 1881 de Wyatt Earp au meilleur prix - Crosse bois - Canon juxtapos\u00e9 et basculant en m\u00e9tal - M\u00e9canisme fonctionnel - 89cm","og_url":"https:\/\/repliquemangacine.fr\/it\/denix\/fucile-a-doppia-canna-wyatt-earp-usa-1881\/","og_site_name":"R\u00e9plique Manga Cin\u00e9","article_publisher":"https:\/\/www.facebook.com\/RepliqueMangaCine","article_modified_time":"2026-03-06T15:58:24+00:00","og_image":[{"width":800,"height":800,"url":"https:\/\/repliquemangacine.fr\/wp-content\/uploads\/2023\/10\/597-replique-Fusil-Wyatt-Earp-double-canon-USA-1881.jpg","type":"image\/jpeg"}],"twitter_card":"summary_large_image","twitter_misc":{"Tempo di lettura stimato":"2 minuti"},"schema":{"@context":"https:\/\/schema.org","@graph":[{"@type":"WebPage","@id":"https:\/\/repliquemangacine.fr\/denix\/fusil-double-canon-wyatt-earp-usa-1881\/","url":"https:\/\/repliquemangacine.fr\/denix\/fusil-double-canon-wyatt-earp-usa-1881\/","name":"Fucile a doppia canna Wyatt Earp - Denix | R\u00e9plique Manga Cin\u00e9","isPartOf":{"@id":"https:\/\/repliquemangacine.fr\/#website"},"primaryImageOfPage":{"@id":"https:\/\/repliquemangacine.fr\/denix\/fusil-double-canon-wyatt-earp-usa-1881\/#primaryimage"},"image":{"@id":"https:\/\/repliquemangacine.fr\/denix\/fusil-double-canon-wyatt-earp-usa-1881\/#primaryimage"},"thumbnailUrl":"https:\/\/repliquemangacine.fr\/wp-content\/uploads\/2023\/10\/597-replique-Fusil-Wyatt-Earp-double-canon-USA-1881.jpg","datePublished":"2016-10-25T09:57:29+00:00","dateModified":"2026-03-06T15:58:24+00:00","description":"Regalatevi! Il fucile a doppia canna Wyatt Earp 1881 al miglior prezzo - Calcio in legno - Canna in metallo basculante affiancata - Meccanismo funzionale - 89cm","breadcrumb":{"@id":"https:\/\/repliquemangacine.fr\/denix\/fusil-double-canon-wyatt-earp-usa-1881\/#breadcrumb"},"inLanguage":"it-IT","potentialAction":[{"@type":"ReadAction","target":["https:\/\/repliquemangacine.fr\/denix\/fusil-double-canon-wyatt-earp-usa-1881\/"]}]},{"@type":"ImageObject","inLanguage":"it-IT","@id":"https:\/\/repliquemangacine.fr\/denix\/fusil-double-canon-wyatt-earp-usa-1881\/#primaryimage","url":"https:\/\/repliquemangacine.fr\/wp-content\/uploads\/2023\/10\/597-replique-Fusil-Wyatt-Earp-double-canon-USA-1881.jpg","contentUrl":"https:\/\/repliquemangacine.fr\/wp-content\/uploads\/2023\/10\/597-replique-Fusil-Wyatt-Earp-double-canon-USA-1881.jpg","width":800,"height":800,"caption":"r\u00e9plique Fusil Wyatt Earp double canon - USA 1881."},{"@type":"BreadcrumbList","@id":"https:\/\/repliquemangacine.fr\/denix\/fusil-double-canon-wyatt-earp-usa-1881\/#breadcrumb","itemListElement":[{"@type":"ListItem","position":1,"name":"Accueil","item":"https:\/\/repliquemangacine.fr\/"},{"@type":"ListItem","position":2,"name":"Produits","item":"https:\/\/repliquemangacine.fr\/boutique\/"},{"@type":"ListItem","position":3,"name":"Fusil double canon USA 1881"}]},{"@type":"WebSite","@id":"https:\/\/repliquemangacine.fr\/#website","url":"https:\/\/repliquemangacine.fr\/","name":"R\u00e9plique Manga Cin\u00e9","description":"","publisher":{"@id":"https:\/\/repliquemangacine.fr\/#organization"},"potentialAction":[{"@type":"SearchAction","target":{"@type":"EntryPoint","urlTemplate":"https:\/\/repliquemangacine.fr\/?s={search_term_string}"},"query-input":{"@type":"PropertyValueSpecification","valueRequired":true,"valueName":"search_term_string"}}],"inLanguage":"it-IT"},{"@type":"Organization","@id":"https:\/\/repliquemangacine.fr\/#organization","name":"R\u00e9plique Manga Cin\u00e9","url":"https:\/\/repliquemangacine.fr\/","logo":{"@type":"ImageObject","inLanguage":"it-IT","@id":"https:\/\/repliquemangacine.fr\/#\/schema\/logo\/image\/","url":"https:\/\/repliquemangacine.fr\/wp-content\/uploads\/2023\/10\/RMC-500250.png","contentUrl":"https:\/\/repliquemangacine.fr\/wp-content\/uploads\/2023\/10\/RMC-500250.png","width":500,"height":250,"caption":"R\u00e9plique Manga Cin\u00e9"},"image":{"@id":"https:\/\/repliquemangacine.fr\/#\/schema\/logo\/image\/"},"sameAs":["https:\/\/www.facebook.com\/RepliqueMangaCine","https:\/\/www.instagram.com\/repliquemangacine.fr\/"]}]}},"_links":{"self":[{"href":"https:\/\/repliquemangacine.fr\/it\/wp-json\/wp\/v2\/product\/25858","targetHints":{"allow":["GET"]}}],"collection":[{"href":"https:\/\/repliquemangacine.fr\/it\/wp-json\/wp\/v2\/product"}],"about":[{"href":"https:\/\/repliquemangacine.fr\/it\/wp-json\/wp\/v2\/types\/product"}],"wp:featuredmedia":[{"embeddable":true,"href":"https:\/\/repliquemangacine.fr\/it\/wp-json\/wp\/v2\/media\/25859"}],"wp:attachment":[{"href":"https:\/\/repliquemangacine.fr\/it\/wp-json\/wp\/v2\/media?parent=25858"}],"wp:term":[{"taxonomy":"product_brand","embeddable":true,"href":"https:\/\/repliquemangacine.fr\/it\/wp-json\/wp\/v2\/product_brand?post=25858"},{"taxonomy":"product_cat","embeddable":true,"href":"https:\/\/repliquemangacine.fr\/it\/wp-json\/wp\/v2\/product_cat?post=25858"},{"taxonomy":"product_tag","embeddable":true,"href":"https:\/\/repliquemangacine.fr\/it\/wp-json\/wp\/v2\/product_tag?post=25858"}],"curies":[{"name":"wp","href":"https:\/\/api.w.org\/{rel}","templated":true}]}}