





{"id":25831,"date":"2016-10-21T19:08:35","date_gmt":"2016-10-21T17:08:35","guid":{"rendered":"https:\/\/repliquemangacine.fr\/?post_type=product&#038;p=25831"},"modified":"2026-04-12T03:17:58","modified_gmt":"2026-04-12T01:17:58","slug":"fucile-winchester-john-wayne-modello-1892","status":"publish","type":"product","link":"https:\/\/repliquemangacine.fr\/it\/repliques-carabine-winchester-western\/carabine-winchester-john-wayne-modele-1892\/","title":{"rendered":"Winchester J.Wayne 1892"},"content":{"rendered":"<h2>Fucile Winchester John Wayne 1892 - Denix<\/h2>\n<p>Per cominciare, il <strong>Winchester John Wayne 1892<\/strong>, utilizzato in numerosi film, tra cui True Grit. La grande leva della fibbia \u00e8 stata realizzata appositamente per lui. John Wayne non era solo un gigante del cinema, era anche molto alto e aveva mani grandi. Nell'anno della sua morte, la sua carriera si concluse con il mitico western L'ultimo dei giganti, diretto da Don Siegel.<\/p>\n<p>I fucili Winchester sono caratterizzati da una leva di armamento alta come un grilletto.<\/p>\n<p>Infine, nel 1873 usc\u00ec un altro modello molto popolare, il Winchester Model 1873, che utilizzava cartucce a percussione centrale. I Winchester Modello 66 e 73 diventeranno entrambi noti come i fucili che hanno conquistato il West.<\/p>\n<h2>Il vostro Winchester John Wayne 1892 al miglior prezzo.<\/h2>\n<p>Offriamo un'ampia gamma di riproduzioni di armi western.<\/p>\n<p>Innanzitutto,<\/p>\n<ul>\n<li>La <a href=\"https:\/\/repliquemangacine.fr\/it\/fucile-winchester-western-country\/fucile-winchester-modello73-usa-1873\/\">fucile winchester 1873<\/a> con le sue incisioni.<\/li>\n<li>C'\u00e8 anche il <a href=\"https:\/\/repliquemangacine.fr\/it\/accessori-per-fondine\/fourreau-pour-carabine-winchester\/\">fodero per il vostro winchester<\/a> tutto in pelle.<\/li>\n<li>Cos\u00ec come <a href=\"https:\/\/repliquemangacine.fr\/it\/accessori-per-fondine\/6-balles-factices-pour-winchester-denix\/\">proiettili finti<\/a> per il vostro fucile.<\/li>\n<li>E molti altri da scoprire nel nostro negozio online!<\/li>\n<\/ul>\n<p>Ecco perch\u00e9 abbiamo pensato ad alcune idee regalo per tutti i fan del western.<\/p>\n<p>In conclusione, \u00e8 possibile utilizzare il metodo <strong>Winchester John Wayne 1892<\/strong> per le vostre esibizioni western. Ma soprattutto, questa riproduzione \u00e8 un'arma da collezione e decorativa.<\/p>\n<p>R\u00e9plique Manga Cin\u00e9 \u00e8 un'azienda familiare francese e distributore ufficiale di <a href=\"https:\/\/www.denix.fr\/fr\/catalogue\/guerre-civile-occidentale-et-americaine-1861-1899\/\" target=\"_blank\" rel=\"noopener noreferrer\">Denix<\/a>.<\/p>\n<h2>Come vengono realizzate le repliche delle armi Denix?<\/h2>\n<p>Utilizzate in rievocazioni storiche, film, serie e dai collezionisti. Le riproduzioni Denix sono realizzate con materiali di alta qualit\u00e0. Sono accuratamente lavorate e assemblate per creare armi realistiche da collezione.<\/p>\n<ul>\n<li>I metalli sono in una lega metallica nota come Zamac, la cui composizione di base \u00e8 zinco in 95%.<\/li>\n<li>Le parti in plastica delle repliche sono realizzate in ABS stampato, che offre una grande resistenza.<\/li>\n<li>Il legno scelto per la sua bellezza e durata, come il mogano, l'ulivo o il noce, conferir\u00e0 ai mozziconi e alle botti un aspetto elegante e autentico.<\/li>\n<\/ul>\n<p>Si noti che tutte le riproduzioni Denix sono identiche agli originali, come il vostro <strong>Winchester John Wayne 1892<\/strong>.<\/p>","protected":false},"excerpt":{"rendered":"<p>Winchester con leva a fibbia grande realizzato per John Wayne.<\/p>\n<ul>\n<li>Calcio e fronte in legno massiccio con iniziali J.W.<\/li>\n<li>Leva sottoguardia con fibbia grande.<\/li>\n<li>Meccanismo Zamac.<\/li>\n<li>Armi e scioperi.<\/li>\n<li>Non idoneo a sparare.<\/li>\n<li>Non \u00e8 richiesta alcuna autorizzazione. Vendita e possesso gratuiti.<\/li>\n<li>Dimensioni: 94 cm - Peso: 2.530 g<\/li>\n<\/ul>","protected":false},"featured_media":25832,"template":"","meta":[],"product_brand":[896],"product_cat":[34,39,86,102,28,27],"product_tag":[],"class_list":{"0":"post-25831","1":"product","2":"type-product","3":"status-publish","4":"has-post-thumbnail","6":"product_brand-replique-manga-cine","7":"product_cat-armes-westerns","8":"product_cat-carabine-winchester","9":"product_cat-repliques-carabine-winchester-western","10":"product_cat-denix","11":"product_cat-repliques-darmes","12":"product_cat-armes-et-accessoires-western","14":"first","15":"outofstock","16":"sale","17":"taxable","18":"shipping-taxable","19":"purchasable","20":"product-type-simple"},"yoast_head":"<!-- This site is optimized with the Yoast SEO plugin v27.4 - https:\/\/yoast.com\/product\/yoast-seo-wordpress\/ -->\n<title>Winchester John Wayne 1892 - Arme Denix | R\u00e9plique Manga Cin\u00e9<\/title>\n<meta name=\"description\" content=\"Offrez-vous la Winchester John Wayne 1892 au meilleur prix - Levier grande boucle - Crosse bois avec ses initiales - M\u00e9canisme fonctionnel en m\u00e9tal - 94 cm\" \/>\n<meta name=\"robots\" content=\"index, follow, max-snippet:-1, max-image-preview:large, max-video-preview:-1\" \/>\n<link rel=\"canonical\" href=\"https:\/\/repliquemangacine.fr\/it\/denix\/fucile-winchester-john-wayne-modello-1892\/\" \/>\n<meta property=\"og:locale\" content=\"it_IT\" \/>\n<meta property=\"og:type\" content=\"article\" \/>\n<meta property=\"og:title\" content=\"Winchester John Wayne 1892 - Arme Denix | R\u00e9plique Manga Cin\u00e9\" \/>\n<meta property=\"og:description\" content=\"Offrez-vous la Winchester John Wayne 1892 au meilleur prix - Levier grande boucle - Crosse bois avec ses initiales - M\u00e9canisme fonctionnel en m\u00e9tal - 94 cm\" \/>\n<meta property=\"og:url\" content=\"https:\/\/repliquemangacine.fr\/it\/denix\/fucile-winchester-john-wayne-modello-1892\/\" \/>\n<meta property=\"og:site_name\" content=\"R\u00e9plique Manga Cin\u00e9\" \/>\n<meta property=\"article:publisher\" content=\"https:\/\/www.facebook.com\/RepliqueMangaCine\" \/>\n<meta property=\"article:modified_time\" content=\"2026-04-12T01:17:58+00:00\" \/>\n<meta property=\"og:image\" content=\"https:\/\/repliquemangacine.fr\/wp-content\/uploads\/2023\/10\/578-Carabine-Winchester-John-wayne.jpg\" \/>\n\t<meta property=\"og:image:width\" content=\"800\" \/>\n\t<meta property=\"og:image:height\" content=\"800\" \/>\n\t<meta property=\"og:image:type\" content=\"image\/jpeg\" \/>\n<meta name=\"twitter:card\" content=\"summary_large_image\" \/>\n<meta name=\"twitter:label1\" content=\"Tempo di lettura stimato\" \/>\n\t<meta name=\"twitter:data1\" content=\"2 minuti\" \/>\n<script type=\"application\/ld+json\" class=\"yoast-schema-graph\">{\"@context\":\"https:\\\/\\\/schema.org\",\"@graph\":[{\"@type\":\"WebPage\",\"@id\":\"https:\\\/\\\/repliquemangacine.fr\\\/denix\\\/carabine-winchester-john-wayne-modele-1892\\\/\",\"url\":\"https:\\\/\\\/repliquemangacine.fr\\\/denix\\\/carabine-winchester-john-wayne-modele-1892\\\/\",\"name\":\"Winchester John Wayne 1892 - Arme Denix | R\u00e9plique Manga Cin\u00e9\",\"isPartOf\":{\"@id\":\"https:\\\/\\\/repliquemangacine.fr\\\/#website\"},\"primaryImageOfPage\":{\"@id\":\"https:\\\/\\\/repliquemangacine.fr\\\/denix\\\/carabine-winchester-john-wayne-modele-1892\\\/#primaryimage\"},\"image\":{\"@id\":\"https:\\\/\\\/repliquemangacine.fr\\\/denix\\\/carabine-winchester-john-wayne-modele-1892\\\/#primaryimage\"},\"thumbnailUrl\":\"https:\\\/\\\/repliquemangacine.fr\\\/wp-content\\\/uploads\\\/2023\\\/10\\\/578-Carabine-Winchester-John-wayne.jpg\",\"datePublished\":\"2016-10-21T17:08:35+00:00\",\"dateModified\":\"2026-04-12T01:17:58+00:00\",\"description\":\"Offrez-vous la Winchester John Wayne 1892 au meilleur prix - Levier grande boucle - Crosse bois avec ses initiales - M\u00e9canisme fonctionnel en m\u00e9tal - 94 cm\",\"breadcrumb\":{\"@id\":\"https:\\\/\\\/repliquemangacine.fr\\\/denix\\\/carabine-winchester-john-wayne-modele-1892\\\/#breadcrumb\"},\"inLanguage\":\"it-IT\",\"potentialAction\":[{\"@type\":\"ReadAction\",\"target\":[\"https:\\\/\\\/repliquemangacine.fr\\\/denix\\\/carabine-winchester-john-wayne-modele-1892\\\/\"]}]},{\"@type\":\"ImageObject\",\"inLanguage\":\"it-IT\",\"@id\":\"https:\\\/\\\/repliquemangacine.fr\\\/denix\\\/carabine-winchester-john-wayne-modele-1892\\\/#primaryimage\",\"url\":\"https:\\\/\\\/repliquemangacine.fr\\\/wp-content\\\/uploads\\\/2023\\\/10\\\/578-Carabine-Winchester-John-wayne.jpg\",\"contentUrl\":\"https:\\\/\\\/repliquemangacine.fr\\\/wp-content\\\/uploads\\\/2023\\\/10\\\/578-Carabine-Winchester-John-wayne.jpg\",\"width\":800,\"height\":800,\"caption\":\"Carabine Winchester John wayne\"},{\"@type\":\"BreadcrumbList\",\"@id\":\"https:\\\/\\\/repliquemangacine.fr\\\/denix\\\/carabine-winchester-john-wayne-modele-1892\\\/#breadcrumb\",\"itemListElement\":[{\"@type\":\"ListItem\",\"position\":1,\"name\":\"Accueil\",\"item\":\"https:\\\/\\\/repliquemangacine.fr\\\/\"},{\"@type\":\"ListItem\",\"position\":2,\"name\":\"Produits\",\"item\":\"https:\\\/\\\/repliquemangacine.fr\\\/boutique\\\/\"},{\"@type\":\"ListItem\",\"position\":3,\"name\":\"Winchester J.Wayne 1892\"}]},{\"@type\":\"WebSite\",\"@id\":\"https:\\\/\\\/repliquemangacine.fr\\\/#website\",\"url\":\"https:\\\/\\\/repliquemangacine.fr\\\/\",\"name\":\"R\u00e9plique Manga Cin\u00e9\",\"description\":\"\",\"publisher\":{\"@id\":\"https:\\\/\\\/repliquemangacine.fr\\\/#organization\"},\"potentialAction\":[{\"@type\":\"SearchAction\",\"target\":{\"@type\":\"EntryPoint\",\"urlTemplate\":\"https:\\\/\\\/repliquemangacine.fr\\\/?s={search_term_string}\"},\"query-input\":{\"@type\":\"PropertyValueSpecification\",\"valueRequired\":true,\"valueName\":\"search_term_string\"}}],\"inLanguage\":\"it-IT\"},{\"@type\":\"Organization\",\"@id\":\"https:\\\/\\\/repliquemangacine.fr\\\/#organization\",\"name\":\"R\u00e9plique Manga Cin\u00e9\",\"url\":\"https:\\\/\\\/repliquemangacine.fr\\\/\",\"logo\":{\"@type\":\"ImageObject\",\"inLanguage\":\"it-IT\",\"@id\":\"https:\\\/\\\/repliquemangacine.fr\\\/#\\\/schema\\\/logo\\\/image\\\/\",\"url\":\"https:\\\/\\\/repliquemangacine.fr\\\/wp-content\\\/uploads\\\/2023\\\/10\\\/RMC-500250.png\",\"contentUrl\":\"https:\\\/\\\/repliquemangacine.fr\\\/wp-content\\\/uploads\\\/2023\\\/10\\\/RMC-500250.png\",\"width\":500,\"height\":250,\"caption\":\"R\u00e9plique Manga Cin\u00e9\"},\"image\":{\"@id\":\"https:\\\/\\\/repliquemangacine.fr\\\/#\\\/schema\\\/logo\\\/image\\\/\"},\"sameAs\":[\"https:\\\/\\\/www.facebook.com\\\/RepliqueMangaCine\",\"https:\\\/\\\/www.instagram.com\\\/repliquemangacine.fr\\\/\"]}]}<\/script>\n<!-- \/ Yoast SEO plugin. -->","yoast_head_json":{"title":"Winchester John Wayne 1892 - Arma Denix | R\u00e9plique Manga Cin\u00e9","description":"Regalatevi il Winchester John Wayne 1892 al miglior prezzo - Leva a fibbia grande - Calcio in legno con iniziali - Meccanismo funzionale in metallo - 94 cm","robots":{"index":"index","follow":"follow","max-snippet":"max-snippet:-1","max-image-preview":"max-image-preview:large","max-video-preview":"max-video-preview:-1"},"canonical":"https:\/\/repliquemangacine.fr\/it\/denix\/fucile-winchester-john-wayne-modello-1892\/","og_locale":"it_IT","og_type":"article","og_title":"Winchester John Wayne 1892 - Arme Denix | R\u00e9plique Manga Cin\u00e9","og_description":"Offrez-vous la Winchester John Wayne 1892 au meilleur prix - Levier grande boucle - Crosse bois avec ses initiales - M\u00e9canisme fonctionnel en m\u00e9tal - 94 cm","og_url":"https:\/\/repliquemangacine.fr\/it\/denix\/fucile-winchester-john-wayne-modello-1892\/","og_site_name":"R\u00e9plique Manga Cin\u00e9","article_publisher":"https:\/\/www.facebook.com\/RepliqueMangaCine","article_modified_time":"2026-04-12T01:17:58+00:00","og_image":[{"width":800,"height":800,"url":"https:\/\/repliquemangacine.fr\/wp-content\/uploads\/2023\/10\/578-Carabine-Winchester-John-wayne.jpg","type":"image\/jpeg"}],"twitter_card":"summary_large_image","twitter_misc":{"Tempo di lettura stimato":"2 minuti"},"schema":{"@context":"https:\/\/schema.org","@graph":[{"@type":"WebPage","@id":"https:\/\/repliquemangacine.fr\/denix\/carabine-winchester-john-wayne-modele-1892\/","url":"https:\/\/repliquemangacine.fr\/denix\/carabine-winchester-john-wayne-modele-1892\/","name":"Winchester John Wayne 1892 - Arma Denix | R\u00e9plique Manga Cin\u00e9","isPartOf":{"@id":"https:\/\/repliquemangacine.fr\/#website"},"primaryImageOfPage":{"@id":"https:\/\/repliquemangacine.fr\/denix\/carabine-winchester-john-wayne-modele-1892\/#primaryimage"},"image":{"@id":"https:\/\/repliquemangacine.fr\/denix\/carabine-winchester-john-wayne-modele-1892\/#primaryimage"},"thumbnailUrl":"https:\/\/repliquemangacine.fr\/wp-content\/uploads\/2023\/10\/578-Carabine-Winchester-John-wayne.jpg","datePublished":"2016-10-21T17:08:35+00:00","dateModified":"2026-04-12T01:17:58+00:00","description":"Regalatevi il Winchester John Wayne 1892 al miglior prezzo - Leva a fibbia grande - Calcio in legno con iniziali - Meccanismo funzionale in metallo - 94 cm","breadcrumb":{"@id":"https:\/\/repliquemangacine.fr\/denix\/carabine-winchester-john-wayne-modele-1892\/#breadcrumb"},"inLanguage":"it-IT","potentialAction":[{"@type":"ReadAction","target":["https:\/\/repliquemangacine.fr\/denix\/carabine-winchester-john-wayne-modele-1892\/"]}]},{"@type":"ImageObject","inLanguage":"it-IT","@id":"https:\/\/repliquemangacine.fr\/denix\/carabine-winchester-john-wayne-modele-1892\/#primaryimage","url":"https:\/\/repliquemangacine.fr\/wp-content\/uploads\/2023\/10\/578-Carabine-Winchester-John-wayne.jpg","contentUrl":"https:\/\/repliquemangacine.fr\/wp-content\/uploads\/2023\/10\/578-Carabine-Winchester-John-wayne.jpg","width":800,"height":800,"caption":"Carabine Winchester John wayne"},{"@type":"BreadcrumbList","@id":"https:\/\/repliquemangacine.fr\/denix\/carabine-winchester-john-wayne-modele-1892\/#breadcrumb","itemListElement":[{"@type":"ListItem","position":1,"name":"Accueil","item":"https:\/\/repliquemangacine.fr\/"},{"@type":"ListItem","position":2,"name":"Produits","item":"https:\/\/repliquemangacine.fr\/boutique\/"},{"@type":"ListItem","position":3,"name":"Winchester J.Wayne 1892"}]},{"@type":"WebSite","@id":"https:\/\/repliquemangacine.fr\/#website","url":"https:\/\/repliquemangacine.fr\/","name":"R\u00e9plique Manga Cin\u00e9","description":"","publisher":{"@id":"https:\/\/repliquemangacine.fr\/#organization"},"potentialAction":[{"@type":"SearchAction","target":{"@type":"EntryPoint","urlTemplate":"https:\/\/repliquemangacine.fr\/?s={search_term_string}"},"query-input":{"@type":"PropertyValueSpecification","valueRequired":true,"valueName":"search_term_string"}}],"inLanguage":"it-IT"},{"@type":"Organization","@id":"https:\/\/repliquemangacine.fr\/#organization","name":"R\u00e9plique Manga Cin\u00e9","url":"https:\/\/repliquemangacine.fr\/","logo":{"@type":"ImageObject","inLanguage":"it-IT","@id":"https:\/\/repliquemangacine.fr\/#\/schema\/logo\/image\/","url":"https:\/\/repliquemangacine.fr\/wp-content\/uploads\/2023\/10\/RMC-500250.png","contentUrl":"https:\/\/repliquemangacine.fr\/wp-content\/uploads\/2023\/10\/RMC-500250.png","width":500,"height":250,"caption":"R\u00e9plique Manga Cin\u00e9"},"image":{"@id":"https:\/\/repliquemangacine.fr\/#\/schema\/logo\/image\/"},"sameAs":["https:\/\/www.facebook.com\/RepliqueMangaCine","https:\/\/www.instagram.com\/repliquemangacine.fr\/"]}]}},"_links":{"self":[{"href":"https:\/\/repliquemangacine.fr\/it\/wp-json\/wp\/v2\/product\/25831","targetHints":{"allow":["GET"]}}],"collection":[{"href":"https:\/\/repliquemangacine.fr\/it\/wp-json\/wp\/v2\/product"}],"about":[{"href":"https:\/\/repliquemangacine.fr\/it\/wp-json\/wp\/v2\/types\/product"}],"wp:featuredmedia":[{"embeddable":true,"href":"https:\/\/repliquemangacine.fr\/it\/wp-json\/wp\/v2\/media\/25832"}],"wp:attachment":[{"href":"https:\/\/repliquemangacine.fr\/it\/wp-json\/wp\/v2\/media?parent=25831"}],"wp:term":[{"taxonomy":"product_brand","embeddable":true,"href":"https:\/\/repliquemangacine.fr\/it\/wp-json\/wp\/v2\/product_brand?post=25831"},{"taxonomy":"product_cat","embeddable":true,"href":"https:\/\/repliquemangacine.fr\/it\/wp-json\/wp\/v2\/product_cat?post=25831"},{"taxonomy":"product_tag","embeddable":true,"href":"https:\/\/repliquemangacine.fr\/it\/wp-json\/wp\/v2\/product_tag?post=25831"}],"curies":[{"name":"wp","href":"https:\/\/api.w.org\/{rel}","templated":true}]}}