





{"id":25794,"date":"2016-10-17T16:23:53","date_gmt":"2016-10-17T14:23:53","guid":{"rendered":"https:\/\/repliquemangacine.fr\/?post_type=product&#038;p=25794"},"modified":"2026-04-21T10:20:22","modified_gmt":"2026-04-21T08:20:22","slug":"6-proiettili-fittizi-con-inneschi-denix","status":"publish","type":"product","link":"https:\/\/repliquemangacine.fr\/it\/holster-accessoires-western\/6-balles-factices-avec-amorces-denix\/","title":{"rendered":"Proiettili fittizi con inneschi - Denix"},"content":{"rendered":"<h2>Proiettili fittizi replicati con inneschi Denix<\/h2>\n<p>Per cominciare, il <strong>Proiettili fittizi con inneschi<\/strong> Denix o imitazione di proiettile, un oggetto che a volte imita le munizioni reali in modo molto realistico. Le armi e i proiettili finti sono solitamente giocattoli o repliche per collezionisti.<\/p>\n<p>I revolver Denix sono tutti fatti a mano e di altissima qualit\u00e0. Con meccanismo, caricamento e simulatore di tiro.<\/p>\n<p>I proiettili sono in acciaio massiccio color oro. Nessun pericolo, nessuna carica esplosiva in questi proiettili finti. Basta aggiungere un po' di innesco alla base del proiettile, riempire la canna della vostra Colt e sparare!  Sar\u00e0 uno spasso alle vostre feste di paese!<\/p>\n<p>In conclusione, i proiettili finti sono un'aggiunta essenziale per rendere la vostra Denix Colt ancora pi\u00f9 realistica.<\/p>\n<h2>I vostri accessori western al miglior prezzo.<\/h2>\n<p>Offriamo un'ampia gamma di repliche di armi Denix.<\/p>\n<p>Innanzitutto,<\/p>\n<ul>\n<li>La riproduzione di <a href=\"https:\/\/repliquemangacine.fr\/it\/fucile-winchester-western-country\/fucile-winchester-john-wayne-modello-1892\/\">Fucile John Wayne<\/a> con le sue iniziali sul calcio e la sua grande leva sotto la guardia.<\/li>\n<li>Cos\u00ec come il <a href=\"https:\/\/repliquemangacine.fr\/it\/revolver-per-colts\/colt-peacemaker-finitura-diaspro-usa-1873\/\">Revolver Peacemaker<\/a> Fusto di 10,5 cm (4,75 pollici) con finitura in diaspro Denix.<\/li>\n<li>C'\u00e8 anche questo <a href=\"https:\/\/repliquemangacine.fr\/it\/fondina-da-cintura\/fondina-in-pelle-da-cintura-per-pistola-kolser\/\">fondina per revolver<\/a> tutto in morbida pelle, con l'incredibile realismo di Kolser.<\/li>\n<li>E molti altri da scoprire nel nostro negozio online!<\/li>\n<\/ul>\n<p>Ecco perch\u00e9 questa \u00e8 un'ottima idea regalo per tutti gli amanti delle armi storiche.<\/p>\n<p>In conclusione, \u00e8 possibile utilizzare questi <strong>Proiettili fittizi con inneschi<\/strong> per i vostri spettacoli Western Country.<\/p>\n<p>Soprattutto, questa palla \u00e8 un oggetto da collezione e un pezzo decorativo.<\/p>\n<p>R\u00e9plique Manga Cin\u00e9 \u00e8 un'azienda francese e distributore ufficiale del marchio <a href=\"https:\/\/www.denix.fr\/\" target=\"_blank\" rel=\"noopener noreferrer\">Denix<\/a>.<\/p>","protected":false},"excerpt":{"rendered":"<p>Ideale per i vostri spettacoli western.<\/p>\n<ul>\n<li>In ottone, con tappo a percussione sul retro.<\/li>\n<li>Questi proiettili non contengono carica esplosiva.<\/li>\n<li>Riutilizzabile.<\/li>\n<li>Adatto a tutte le repliche di Colt con canna<\/li>\n<li><strong>ad eccezione di Schofield - revolver Smith and Wesson e Python 357.<\/strong><\/li>\n<li>Confezione da 6 palline e 24 inneschi.<\/li>\n<\/ul>","protected":false},"featured_media":25795,"template":"","meta":[],"product_brand":[896],"product_cat":[51,34,102,90,28,27],"product_tag":[],"class_list":{"0":"post-25794","1":"product","2":"type-product","3":"status-publish","4":"has-post-thumbnail","6":"product_brand-replique-manga-cine","7":"product_cat-accessoires-western","8":"product_cat-armes-westerns","9":"product_cat-denix","10":"product_cat-holster-accessoires-western","11":"product_cat-repliques-darmes","12":"product_cat-armes-et-accessoires-western","14":"first","15":"instock","16":"taxable","17":"shipping-taxable","18":"purchasable","19":"product-type-simple"},"yoast_head":"<!-- This site is optimized with the Yoast SEO plugin v27.4 - https:\/\/yoast.com\/product\/yoast-seo-wordpress\/ -->\n<title>Balles factices avec amorces - Accessoires western Denix | RMC<\/title>\n<meta name=\"description\" content=\"Tirer et faite du bruit avec votre colt sans aucun danger avec les Balles factices avec amorces au meilleur prix - Sign\u00e9 Denix - Blister 6 balles.\" \/>\n<meta name=\"robots\" content=\"index, follow, max-snippet:-1, max-image-preview:large, max-video-preview:-1\" \/>\n<link rel=\"canonical\" href=\"https:\/\/repliquemangacine.fr\/it\/fondina-per-accessori-western\/6-proiettili-fittizi-con-inneschi-denix\/\" \/>\n<meta property=\"og:locale\" content=\"it_IT\" \/>\n<meta property=\"og:type\" content=\"article\" \/>\n<meta property=\"og:title\" content=\"Balles factices avec amorces - Accessoires western Denix | RMC\" \/>\n<meta property=\"og:description\" content=\"Tirer et faite du bruit avec votre colt sans aucun danger avec les Balles factices avec amorces au meilleur prix - Sign\u00e9 Denix - Blister 6 balles.\" \/>\n<meta property=\"og:url\" content=\"https:\/\/repliquemangacine.fr\/it\/fondina-per-accessori-western\/6-proiettili-fittizi-con-inneschi-denix\/\" \/>\n<meta property=\"og:site_name\" content=\"R\u00e9plique Manga Cin\u00e9\" \/>\n<meta property=\"article:publisher\" content=\"https:\/\/www.facebook.com\/RepliqueMangaCine\" \/>\n<meta property=\"article:modified_time\" content=\"2026-04-21T08:20:22+00:00\" \/>\n<meta property=\"og:image\" content=\"https:\/\/repliquemangacine.fr\/wp-content\/uploads\/2023\/10\/542-sachet-de-6-Balles-factices-avec-amorces-Denix.jpg\" \/>\n\t<meta property=\"og:image:width\" content=\"800\" \/>\n\t<meta property=\"og:image:height\" content=\"800\" \/>\n\t<meta property=\"og:image:type\" content=\"image\/jpeg\" \/>\n<meta name=\"twitter:card\" content=\"summary_large_image\" \/>\n<meta name=\"twitter:label1\" content=\"Tempo di lettura stimato\" \/>\n\t<meta name=\"twitter:data1\" content=\"2 minuti\" \/>\n<script type=\"application\/ld+json\" class=\"yoast-schema-graph\">{\"@context\":\"https:\\\/\\\/schema.org\",\"@graph\":[{\"@type\":\"WebPage\",\"@id\":\"https:\\\/\\\/repliquemangacine.fr\\\/holster-accessoires-western\\\/6-balles-factices-avec-amorces-denix\\\/\",\"url\":\"https:\\\/\\\/repliquemangacine.fr\\\/holster-accessoires-western\\\/6-balles-factices-avec-amorces-denix\\\/\",\"name\":\"Balles factices avec amorces - Accessoires western Denix | RMC\",\"isPartOf\":{\"@id\":\"https:\\\/\\\/repliquemangacine.fr\\\/#website\"},\"primaryImageOfPage\":{\"@id\":\"https:\\\/\\\/repliquemangacine.fr\\\/holster-accessoires-western\\\/6-balles-factices-avec-amorces-denix\\\/#primaryimage\"},\"image\":{\"@id\":\"https:\\\/\\\/repliquemangacine.fr\\\/holster-accessoires-western\\\/6-balles-factices-avec-amorces-denix\\\/#primaryimage\"},\"thumbnailUrl\":\"https:\\\/\\\/repliquemangacine.fr\\\/wp-content\\\/uploads\\\/2023\\\/10\\\/542-sachet-de-6-Balles-factices-avec-amorces-Denix.jpg\",\"datePublished\":\"2016-10-17T14:23:53+00:00\",\"dateModified\":\"2026-04-21T08:20:22+00:00\",\"description\":\"Tirer et faite du bruit avec votre colt sans aucun danger avec les Balles factices avec amorces au meilleur prix - Sign\u00e9 Denix - Blister 6 balles.\",\"breadcrumb\":{\"@id\":\"https:\\\/\\\/repliquemangacine.fr\\\/holster-accessoires-western\\\/6-balles-factices-avec-amorces-denix\\\/#breadcrumb\"},\"inLanguage\":\"it-IT\",\"potentialAction\":[{\"@type\":\"ReadAction\",\"target\":[\"https:\\\/\\\/repliquemangacine.fr\\\/holster-accessoires-western\\\/6-balles-factices-avec-amorces-denix\\\/\"]}]},{\"@type\":\"ImageObject\",\"inLanguage\":\"it-IT\",\"@id\":\"https:\\\/\\\/repliquemangacine.fr\\\/holster-accessoires-western\\\/6-balles-factices-avec-amorces-denix\\\/#primaryimage\",\"url\":\"https:\\\/\\\/repliquemangacine.fr\\\/wp-content\\\/uploads\\\/2023\\\/10\\\/542-sachet-de-6-Balles-factices-avec-amorces-Denix.jpg\",\"contentUrl\":\"https:\\\/\\\/repliquemangacine.fr\\\/wp-content\\\/uploads\\\/2023\\\/10\\\/542-sachet-de-6-Balles-factices-avec-amorces-Denix.jpg\",\"width\":800,\"height\":800,\"caption\":\"sachet de 6 Balles factices avec amorces - Denix...\"},{\"@type\":\"BreadcrumbList\",\"@id\":\"https:\\\/\\\/repliquemangacine.fr\\\/holster-accessoires-western\\\/6-balles-factices-avec-amorces-denix\\\/#breadcrumb\",\"itemListElement\":[{\"@type\":\"ListItem\",\"position\":1,\"name\":\"Accueil\",\"item\":\"https:\\\/\\\/repliquemangacine.fr\\\/\"},{\"@type\":\"ListItem\",\"position\":2,\"name\":\"Produits\",\"item\":\"https:\\\/\\\/repliquemangacine.fr\\\/boutique\\\/\"},{\"@type\":\"ListItem\",\"position\":3,\"name\":\"Balles factices avec amorces &#8211; Denix\"}]},{\"@type\":\"WebSite\",\"@id\":\"https:\\\/\\\/repliquemangacine.fr\\\/#website\",\"url\":\"https:\\\/\\\/repliquemangacine.fr\\\/\",\"name\":\"R\u00e9plique Manga Cin\u00e9\",\"description\":\"\",\"publisher\":{\"@id\":\"https:\\\/\\\/repliquemangacine.fr\\\/#organization\"},\"potentialAction\":[{\"@type\":\"SearchAction\",\"target\":{\"@type\":\"EntryPoint\",\"urlTemplate\":\"https:\\\/\\\/repliquemangacine.fr\\\/?s={search_term_string}\"},\"query-input\":{\"@type\":\"PropertyValueSpecification\",\"valueRequired\":true,\"valueName\":\"search_term_string\"}}],\"inLanguage\":\"it-IT\"},{\"@type\":\"Organization\",\"@id\":\"https:\\\/\\\/repliquemangacine.fr\\\/#organization\",\"name\":\"R\u00e9plique Manga Cin\u00e9\",\"url\":\"https:\\\/\\\/repliquemangacine.fr\\\/\",\"logo\":{\"@type\":\"ImageObject\",\"inLanguage\":\"it-IT\",\"@id\":\"https:\\\/\\\/repliquemangacine.fr\\\/#\\\/schema\\\/logo\\\/image\\\/\",\"url\":\"https:\\\/\\\/repliquemangacine.fr\\\/wp-content\\\/uploads\\\/2023\\\/10\\\/RMC-500250.png\",\"contentUrl\":\"https:\\\/\\\/repliquemangacine.fr\\\/wp-content\\\/uploads\\\/2023\\\/10\\\/RMC-500250.png\",\"width\":500,\"height\":250,\"caption\":\"R\u00e9plique Manga Cin\u00e9\"},\"image\":{\"@id\":\"https:\\\/\\\/repliquemangacine.fr\\\/#\\\/schema\\\/logo\\\/image\\\/\"},\"sameAs\":[\"https:\\\/\\\/www.facebook.com\\\/RepliqueMangaCine\",\"https:\\\/\\\/www.instagram.com\\\/repliquemangacine.fr\\\/\"]}]}<\/script>\n<!-- \/ Yoast SEO plugin. -->","yoast_head_json":{"title":"Proiettili fittizi con inneschi - Accessori western Denix | RMC","description":"Sparate e fate rumore con la vostra Colt senza alcun pericolo con i proiettili finti con inneschi al miglior prezzo - Firmato Denix - Blister 6 proiettili.","robots":{"index":"index","follow":"follow","max-snippet":"max-snippet:-1","max-image-preview":"max-image-preview:large","max-video-preview":"max-video-preview:-1"},"canonical":"https:\/\/repliquemangacine.fr\/it\/fondina-per-accessori-western\/6-proiettili-fittizi-con-inneschi-denix\/","og_locale":"it_IT","og_type":"article","og_title":"Balles factices avec amorces - Accessoires western Denix | RMC","og_description":"Tirer et faite du bruit avec votre colt sans aucun danger avec les Balles factices avec amorces au meilleur prix - Sign\u00e9 Denix - Blister 6 balles.","og_url":"https:\/\/repliquemangacine.fr\/it\/fondina-per-accessori-western\/6-proiettili-fittizi-con-inneschi-denix\/","og_site_name":"R\u00e9plique Manga Cin\u00e9","article_publisher":"https:\/\/www.facebook.com\/RepliqueMangaCine","article_modified_time":"2026-04-21T08:20:22+00:00","og_image":[{"width":800,"height":800,"url":"https:\/\/repliquemangacine.fr\/wp-content\/uploads\/2023\/10\/542-sachet-de-6-Balles-factices-avec-amorces-Denix.jpg","type":"image\/jpeg"}],"twitter_card":"summary_large_image","twitter_misc":{"Tempo di lettura stimato":"2 minuti"},"schema":{"@context":"https:\/\/schema.org","@graph":[{"@type":"WebPage","@id":"https:\/\/repliquemangacine.fr\/holster-accessoires-western\/6-balles-factices-avec-amorces-denix\/","url":"https:\/\/repliquemangacine.fr\/holster-accessoires-western\/6-balles-factices-avec-amorces-denix\/","name":"Proiettili fittizi con inneschi - Accessori western Denix | RMC","isPartOf":{"@id":"https:\/\/repliquemangacine.fr\/#website"},"primaryImageOfPage":{"@id":"https:\/\/repliquemangacine.fr\/holster-accessoires-western\/6-balles-factices-avec-amorces-denix\/#primaryimage"},"image":{"@id":"https:\/\/repliquemangacine.fr\/holster-accessoires-western\/6-balles-factices-avec-amorces-denix\/#primaryimage"},"thumbnailUrl":"https:\/\/repliquemangacine.fr\/wp-content\/uploads\/2023\/10\/542-sachet-de-6-Balles-factices-avec-amorces-Denix.jpg","datePublished":"2016-10-17T14:23:53+00:00","dateModified":"2026-04-21T08:20:22+00:00","description":"Sparate e fate rumore con la vostra Colt senza alcun pericolo con i proiettili finti con inneschi al miglior prezzo - Firmato Denix - Blister 6 proiettili.","breadcrumb":{"@id":"https:\/\/repliquemangacine.fr\/holster-accessoires-western\/6-balles-factices-avec-amorces-denix\/#breadcrumb"},"inLanguage":"it-IT","potentialAction":[{"@type":"ReadAction","target":["https:\/\/repliquemangacine.fr\/holster-accessoires-western\/6-balles-factices-avec-amorces-denix\/"]}]},{"@type":"ImageObject","inLanguage":"it-IT","@id":"https:\/\/repliquemangacine.fr\/holster-accessoires-western\/6-balles-factices-avec-amorces-denix\/#primaryimage","url":"https:\/\/repliquemangacine.fr\/wp-content\/uploads\/2023\/10\/542-sachet-de-6-Balles-factices-avec-amorces-Denix.jpg","contentUrl":"https:\/\/repliquemangacine.fr\/wp-content\/uploads\/2023\/10\/542-sachet-de-6-Balles-factices-avec-amorces-Denix.jpg","width":800,"height":800,"caption":"sachet de 6 Balles factices avec amorces - Denix..."},{"@type":"BreadcrumbList","@id":"https:\/\/repliquemangacine.fr\/holster-accessoires-western\/6-balles-factices-avec-amorces-denix\/#breadcrumb","itemListElement":[{"@type":"ListItem","position":1,"name":"Accueil","item":"https:\/\/repliquemangacine.fr\/"},{"@type":"ListItem","position":2,"name":"Produits","item":"https:\/\/repliquemangacine.fr\/boutique\/"},{"@type":"ListItem","position":3,"name":"Balles factices avec amorces &#8211; Denix"}]},{"@type":"WebSite","@id":"https:\/\/repliquemangacine.fr\/#website","url":"https:\/\/repliquemangacine.fr\/","name":"R\u00e9plique Manga Cin\u00e9","description":"","publisher":{"@id":"https:\/\/repliquemangacine.fr\/#organization"},"potentialAction":[{"@type":"SearchAction","target":{"@type":"EntryPoint","urlTemplate":"https:\/\/repliquemangacine.fr\/?s={search_term_string}"},"query-input":{"@type":"PropertyValueSpecification","valueRequired":true,"valueName":"search_term_string"}}],"inLanguage":"it-IT"},{"@type":"Organization","@id":"https:\/\/repliquemangacine.fr\/#organization","name":"R\u00e9plique Manga Cin\u00e9","url":"https:\/\/repliquemangacine.fr\/","logo":{"@type":"ImageObject","inLanguage":"it-IT","@id":"https:\/\/repliquemangacine.fr\/#\/schema\/logo\/image\/","url":"https:\/\/repliquemangacine.fr\/wp-content\/uploads\/2023\/10\/RMC-500250.png","contentUrl":"https:\/\/repliquemangacine.fr\/wp-content\/uploads\/2023\/10\/RMC-500250.png","width":500,"height":250,"caption":"R\u00e9plique Manga Cin\u00e9"},"image":{"@id":"https:\/\/repliquemangacine.fr\/#\/schema\/logo\/image\/"},"sameAs":["https:\/\/www.facebook.com\/RepliqueMangaCine","https:\/\/www.instagram.com\/repliquemangacine.fr\/"]}]}},"_links":{"self":[{"href":"https:\/\/repliquemangacine.fr\/it\/wp-json\/wp\/v2\/product\/25794","targetHints":{"allow":["GET"]}}],"collection":[{"href":"https:\/\/repliquemangacine.fr\/it\/wp-json\/wp\/v2\/product"}],"about":[{"href":"https:\/\/repliquemangacine.fr\/it\/wp-json\/wp\/v2\/types\/product"}],"wp:featuredmedia":[{"embeddable":true,"href":"https:\/\/repliquemangacine.fr\/it\/wp-json\/wp\/v2\/media\/25795"}],"wp:attachment":[{"href":"https:\/\/repliquemangacine.fr\/it\/wp-json\/wp\/v2\/media?parent=25794"}],"wp:term":[{"taxonomy":"product_brand","embeddable":true,"href":"https:\/\/repliquemangacine.fr\/it\/wp-json\/wp\/v2\/product_brand?post=25794"},{"taxonomy":"product_cat","embeddable":true,"href":"https:\/\/repliquemangacine.fr\/it\/wp-json\/wp\/v2\/product_cat?post=25794"},{"taxonomy":"product_tag","embeddable":true,"href":"https:\/\/repliquemangacine.fr\/it\/wp-json\/wp\/v2\/product_tag?post=25794"}],"curies":[{"name":"wp","href":"https:\/\/api.w.org\/{rel}","templated":true}]}}