





{"id":25786,"date":"2016-10-17T14:56:01","date_gmt":"2016-10-17T12:56:01","guid":{"rendered":"https:\/\/repliquemangacine.fr\/?post_type=product&#038;p=25786"},"modified":"2026-04-20T00:33:31","modified_gmt":"2026-04-19T22:33:31","slug":"proiettile-fittizio-per-ak47-denix","status":"publish","type":"product","link":"https:\/\/repliquemangacine.fr\/it\/fusil-d-assaut-fusil-moderne\/balle-factice-pour-ak47-denix\/","title":{"rendered":"Proiettile fittizio per AK47"},"content":{"rendered":"<h2>Proiettile fittizio per AK47 - Denix<\/h2>\n<p>Per cominciare, il proiettile fittizio o imitazione di proiettile AK47 Denix \u00e8 un oggetto che a volte imita le munizioni reali in modo molto realistico. Le armi e i proiettili finti sono solitamente giocattoli o repliche per i collezionisti.<\/p>\n<p>L'AK-47, acronimo di Avtomat Kalashnikova, modello 1947. Progettato nel 1942 da Mikhail Kalashnikov, un combattente russo della Seconda guerra mondiale.  Di tutte le armi da fuoco esistenti al mondo al momento della sua creazione, l'AK-47 \u00e8 una delle pi\u00f9 affidabili. Disponibile nelle versioni Para e Gold.<\/p>\n<p>In conclusione, i proiettili finti sono un'aggiunta essenziale per rendere pi\u00f9 realistico il vostro Denix Winchester.<\/p>\n<h2>Il vostro proiettile fittizio AK47 al miglior prezzo.<\/h2>\n<p>Offriamo un'ampia gamma di repliche di armi Denix.<\/p>\n<p>Innanzitutto,<\/p>\n<ul>\n<li>Identica all'originale, questa riproduzione del l'<a href=\"https:\/\/repliquemangacine.fr\/it\/riproduzioni-darmes\/replica-fucile-dassalto-ak47-oro-denix\/\">AK-47 Kalashnikov<\/a> nella sua versione Gold.<\/li>\n<li>Rigorosamente identica all'originale, questa riproduzione del l'<a href=\"https:\/\/repliquemangacine.fr\/it\/fucile-moderno\/ak-47-s-kalachnichov-para\/\">AK47-S Kalashnikov versione para<\/a>.<\/li>\n<li>C'\u00e8 anche la pistola mitragliatrice <a href=\"https:\/\/repliquemangacine.fr\/it\/riproduzioni-darmes\/mitragliatrice-subacquea-mp40\/\">Pistola subacquea MP40<\/a>.<\/li>\n<li>E molti altri da scoprire nel nostro negozio online!<\/li>\n<\/ul>\n<p>Ecco perch\u00e9 questa \u00e8 un'ottima idea regalo per tutti gli amanti delle armi storiche.<\/p>\n<p>In conclusione, \u00e8 possibile utilizzare questo <strong>Proiettile fittizio per AK47<\/strong> Denix per le vostre rievocazioni e ambientazioni storiche. Ma soprattutto, quest'arma \u00e8 un oggetto da collezione e un pezzo decorativo.<\/p>\n<p>R\u00e9plique Manga Cin\u00e9 \u00e8 un'azienda francese e distributore ufficiale del marchio <a href=\"https:\/\/www.denix.fr\/fr\/catalogue\/armes-modernes-1945-1982\/balles\/55\/\" target=\"_blank\" rel=\"noopener noreferrer\">Denix<\/a>.<\/p>\n<h2>Come vengono realizzate le repliche delle armi Denix?<\/h2>\n<p>Utilizzate in rievocazioni storiche, film, serie e dai collezionisti. Le riproduzioni Denix sono realizzate con materiali di alta qualit\u00e0. Sono accuratamente lavorate e assemblate per creare armi realistiche da collezione.<\/p>\n<ul>\n<li>I metalli sono in una lega metallica nota come Zamac, la cui composizione di base \u00e8 zinco in 95%.<\/li>\n<li>Le parti in plastica delle repliche sono realizzate in ABS stampato, che offre una grande resistenza.<\/li>\n<li>Il legno scelto per la sua bellezza e durata, come il mogano, l'ulivo o il noce, conferir\u00e0 ai mozziconi e alle botti un aspetto elegante e autentico.<\/li>\n<\/ul>\n<p>Si noti che tutte le riproduzioni Denix sono identiche agli originali, come il vostro <strong>Proiettile fittizio per AK47<\/strong>.<\/p>","protected":false},"excerpt":{"rendered":"<p>I proiettili finti sono un'aggiunta essenziale per rendere i vostri fucili Denix AK47 ancora pi\u00f9 realistici.<\/p>\n<ul>\n<li>Realizzato interamente in metallo placcato oro.<\/li>\n<li>Nessuna carica esplosiva.<\/li>\n<li>Adatto ai modelli AK47: P1086-P1097<\/li>\n<li>Confezionato in sacchi da 6 balle.<\/li>\n<li>Dimensioni: 4,9 cm - Peso: 15 g<\/li>\n<\/ul>\n<p>&nbsp;<\/p>","protected":false},"featured_media":25787,"template":"","meta":[],"product_brand":[896],"product_cat":[102,46,28],"product_tag":[],"class_list":{"0":"post-25786","1":"product","2":"type-product","3":"status-publish","4":"has-post-thumbnail","6":"product_brand-replique-manga-cine","7":"product_cat-denix","8":"product_cat-fusil-d-assaut-fusil-moderne","9":"product_cat-repliques-darmes","11":"first","12":"outofstock","13":"taxable","14":"shipping-taxable","15":"purchasable","16":"product-type-simple"},"yoast_head":"<!-- This site is optimized with the Yoast SEO plugin v27.5 - https:\/\/yoast.com\/product\/yoast-seo-wordpress\/ -->\n<title>Balle factice pour AK47 - Vente d&#039;Accessoire Militaria Denix | RMC<\/title>\n<meta name=\"description\" content=\"D\u00e9couvrez la Balle factice pour AK47 de Denix au meilleur prix - En m\u00e9tal - Aucune charge explosive - Sachet de 6 balles - Hauteur : 4.9 cm - Poids : 15 g\" \/>\n<meta name=\"robots\" content=\"index, follow, max-snippet:-1, max-image-preview:large, max-video-preview:-1\" \/>\n<link rel=\"canonical\" href=\"https:\/\/repliquemangacine.fr\/it\/denix\/proiettile-fittizio-per-ak47-denix\/\" \/>\n<meta property=\"og:locale\" content=\"it_IT\" \/>\n<meta property=\"og:type\" content=\"article\" \/>\n<meta property=\"og:title\" content=\"Balle factice pour AK47 - Vente d&#039;Accessoire Militaria Denix | RMC\" \/>\n<meta property=\"og:description\" content=\"D\u00e9couvrez la Balle factice pour AK47 de Denix au meilleur prix - En m\u00e9tal - Aucune charge explosive - Sachet de 6 balles - Hauteur : 4.9 cm - Poids : 15 g\" \/>\n<meta property=\"og:url\" content=\"https:\/\/repliquemangacine.fr\/it\/denix\/proiettile-fittizio-per-ak47-denix\/\" \/>\n<meta property=\"og:site_name\" content=\"R\u00e9plique Manga Cin\u00e9\" \/>\n<meta property=\"article:publisher\" content=\"https:\/\/www.facebook.com\/RepliqueMangaCine\" \/>\n<meta property=\"article:modified_time\" content=\"2026-04-19T22:33:31+00:00\" \/>\n<meta property=\"og:image\" content=\"https:\/\/repliquemangacine.fr\/wp-content\/uploads\/2023\/10\/540-6-Balles-factices-pour-AK47.jpg\" \/>\n\t<meta property=\"og:image:width\" content=\"800\" \/>\n\t<meta property=\"og:image:height\" content=\"800\" \/>\n\t<meta property=\"og:image:type\" content=\"image\/jpeg\" \/>\n<meta name=\"twitter:card\" content=\"summary_large_image\" \/>\n<meta name=\"twitter:label1\" content=\"Tempo di lettura stimato\" \/>\n\t<meta name=\"twitter:data1\" content=\"2 minuti\" \/>\n<script type=\"application\/ld+json\" class=\"yoast-schema-graph\">{\"@context\":\"https:\\\/\\\/schema.org\",\"@graph\":[{\"@type\":\"WebPage\",\"@id\":\"https:\\\/\\\/repliquemangacine.fr\\\/denix\\\/balle-factice-pour-ak47-denix\\\/\",\"url\":\"https:\\\/\\\/repliquemangacine.fr\\\/denix\\\/balle-factice-pour-ak47-denix\\\/\",\"name\":\"Balle factice pour AK47 - Vente d'Accessoire Militaria Denix | RMC\",\"isPartOf\":{\"@id\":\"https:\\\/\\\/repliquemangacine.fr\\\/#website\"},\"primaryImageOfPage\":{\"@id\":\"https:\\\/\\\/repliquemangacine.fr\\\/denix\\\/balle-factice-pour-ak47-denix\\\/#primaryimage\"},\"image\":{\"@id\":\"https:\\\/\\\/repliquemangacine.fr\\\/denix\\\/balle-factice-pour-ak47-denix\\\/#primaryimage\"},\"thumbnailUrl\":\"https:\\\/\\\/repliquemangacine.fr\\\/wp-content\\\/uploads\\\/2023\\\/10\\\/540-6-Balles-factices-pour-AK47.jpg\",\"datePublished\":\"2016-10-17T12:56:01+00:00\",\"dateModified\":\"2026-04-19T22:33:31+00:00\",\"description\":\"D\u00e9couvrez la Balle factice pour AK47 de Denix au meilleur prix - En m\u00e9tal - Aucune charge explosive - Sachet de 6 balles - Hauteur : 4.9 cm - Poids : 15 g\",\"breadcrumb\":{\"@id\":\"https:\\\/\\\/repliquemangacine.fr\\\/denix\\\/balle-factice-pour-ak47-denix\\\/#breadcrumb\"},\"inLanguage\":\"it-IT\",\"potentialAction\":[{\"@type\":\"ReadAction\",\"target\":[\"https:\\\/\\\/repliquemangacine.fr\\\/denix\\\/balle-factice-pour-ak47-denix\\\/\"]}]},{\"@type\":\"ImageObject\",\"inLanguage\":\"it-IT\",\"@id\":\"https:\\\/\\\/repliquemangacine.fr\\\/denix\\\/balle-factice-pour-ak47-denix\\\/#primaryimage\",\"url\":\"https:\\\/\\\/repliquemangacine.fr\\\/wp-content\\\/uploads\\\/2023\\\/10\\\/540-6-Balles-factices-pour-AK47.jpg\",\"contentUrl\":\"https:\\\/\\\/repliquemangacine.fr\\\/wp-content\\\/uploads\\\/2023\\\/10\\\/540-6-Balles-factices-pour-AK47.jpg\",\"width\":800,\"height\":800,\"caption\":\"Balle factice pour AK47 denix lot de 6 balles\"},{\"@type\":\"BreadcrumbList\",\"@id\":\"https:\\\/\\\/repliquemangacine.fr\\\/denix\\\/balle-factice-pour-ak47-denix\\\/#breadcrumb\",\"itemListElement\":[{\"@type\":\"ListItem\",\"position\":1,\"name\":\"Accueil\",\"item\":\"https:\\\/\\\/repliquemangacine.fr\\\/\"},{\"@type\":\"ListItem\",\"position\":2,\"name\":\"Produits\",\"item\":\"https:\\\/\\\/repliquemangacine.fr\\\/boutique\\\/\"},{\"@type\":\"ListItem\",\"position\":3,\"name\":\"Balle factice pour AK47\"}]},{\"@type\":\"WebSite\",\"@id\":\"https:\\\/\\\/repliquemangacine.fr\\\/#website\",\"url\":\"https:\\\/\\\/repliquemangacine.fr\\\/\",\"name\":\"R\u00e9plique Manga Cin\u00e9\",\"description\":\"\",\"publisher\":{\"@id\":\"https:\\\/\\\/repliquemangacine.fr\\\/#organization\"},\"potentialAction\":[{\"@type\":\"SearchAction\",\"target\":{\"@type\":\"EntryPoint\",\"urlTemplate\":\"https:\\\/\\\/repliquemangacine.fr\\\/?s={search_term_string}\"},\"query-input\":{\"@type\":\"PropertyValueSpecification\",\"valueRequired\":true,\"valueName\":\"search_term_string\"}}],\"inLanguage\":\"it-IT\"},{\"@type\":\"Organization\",\"@id\":\"https:\\\/\\\/repliquemangacine.fr\\\/#organization\",\"name\":\"R\u00e9plique Manga Cin\u00e9\",\"url\":\"https:\\\/\\\/repliquemangacine.fr\\\/\",\"logo\":{\"@type\":\"ImageObject\",\"inLanguage\":\"it-IT\",\"@id\":\"https:\\\/\\\/repliquemangacine.fr\\\/#\\\/schema\\\/logo\\\/image\\\/\",\"url\":\"https:\\\/\\\/repliquemangacine.fr\\\/wp-content\\\/uploads\\\/2023\\\/10\\\/RMC-500250.png\",\"contentUrl\":\"https:\\\/\\\/repliquemangacine.fr\\\/wp-content\\\/uploads\\\/2023\\\/10\\\/RMC-500250.png\",\"width\":500,\"height\":250,\"caption\":\"R\u00e9plique Manga Cin\u00e9\"},\"image\":{\"@id\":\"https:\\\/\\\/repliquemangacine.fr\\\/#\\\/schema\\\/logo\\\/image\\\/\"},\"sameAs\":[\"https:\\\/\\\/www.facebook.com\\\/RepliqueMangaCine\",\"https:\\\/\\\/www.instagram.com\\\/repliquemangacine.fr\\\/\"]}]}<\/script>\n<!-- \/ Yoast SEO plugin. -->","yoast_head_json":{"title":"Proiettile fittizio per AK47 - Vendita di Accessori militari Denix | RMC","description":"Scopri il prodotto Denix AK47 Dummy Bullet al miglior prezzo - Metallo - Senza carica esplosiva - Confezione da 6 proiettili - Altezza: 4,9 cm - Peso: 15 g","robots":{"index":"index","follow":"follow","max-snippet":"max-snippet:-1","max-image-preview":"max-image-preview:large","max-video-preview":"max-video-preview:-1"},"canonical":"https:\/\/repliquemangacine.fr\/it\/denix\/proiettile-fittizio-per-ak47-denix\/","og_locale":"it_IT","og_type":"article","og_title":"Balle factice pour AK47 - Vente d'Accessoire Militaria Denix | RMC","og_description":"D\u00e9couvrez la Balle factice pour AK47 de Denix au meilleur prix - En m\u00e9tal - Aucune charge explosive - Sachet de 6 balles - Hauteur : 4.9 cm - Poids : 15 g","og_url":"https:\/\/repliquemangacine.fr\/it\/denix\/proiettile-fittizio-per-ak47-denix\/","og_site_name":"R\u00e9plique Manga Cin\u00e9","article_publisher":"https:\/\/www.facebook.com\/RepliqueMangaCine","article_modified_time":"2026-04-19T22:33:31+00:00","og_image":[{"width":800,"height":800,"url":"https:\/\/repliquemangacine.fr\/wp-content\/uploads\/2023\/10\/540-6-Balles-factices-pour-AK47.jpg","type":"image\/jpeg"}],"twitter_card":"summary_large_image","twitter_misc":{"Tempo di lettura stimato":"2 minuti"},"schema":{"@context":"https:\/\/schema.org","@graph":[{"@type":"WebPage","@id":"https:\/\/repliquemangacine.fr\/denix\/balle-factice-pour-ak47-denix\/","url":"https:\/\/repliquemangacine.fr\/denix\/balle-factice-pour-ak47-denix\/","name":"Proiettile fittizio per AK47 - Vendita di Accessori militari Denix | RMC","isPartOf":{"@id":"https:\/\/repliquemangacine.fr\/#website"},"primaryImageOfPage":{"@id":"https:\/\/repliquemangacine.fr\/denix\/balle-factice-pour-ak47-denix\/#primaryimage"},"image":{"@id":"https:\/\/repliquemangacine.fr\/denix\/balle-factice-pour-ak47-denix\/#primaryimage"},"thumbnailUrl":"https:\/\/repliquemangacine.fr\/wp-content\/uploads\/2023\/10\/540-6-Balles-factices-pour-AK47.jpg","datePublished":"2016-10-17T12:56:01+00:00","dateModified":"2026-04-19T22:33:31+00:00","description":"Scopri il prodotto Denix AK47 Dummy Bullet al miglior prezzo - Metallo - Senza carica esplosiva - Confezione da 6 proiettili - Altezza: 4,9 cm - Peso: 15 g","breadcrumb":{"@id":"https:\/\/repliquemangacine.fr\/denix\/balle-factice-pour-ak47-denix\/#breadcrumb"},"inLanguage":"it-IT","potentialAction":[{"@type":"ReadAction","target":["https:\/\/repliquemangacine.fr\/denix\/balle-factice-pour-ak47-denix\/"]}]},{"@type":"ImageObject","inLanguage":"it-IT","@id":"https:\/\/repliquemangacine.fr\/denix\/balle-factice-pour-ak47-denix\/#primaryimage","url":"https:\/\/repliquemangacine.fr\/wp-content\/uploads\/2023\/10\/540-6-Balles-factices-pour-AK47.jpg","contentUrl":"https:\/\/repliquemangacine.fr\/wp-content\/uploads\/2023\/10\/540-6-Balles-factices-pour-AK47.jpg","width":800,"height":800,"caption":"Balle factice pour AK47 denix lot de 6 balles"},{"@type":"BreadcrumbList","@id":"https:\/\/repliquemangacine.fr\/denix\/balle-factice-pour-ak47-denix\/#breadcrumb","itemListElement":[{"@type":"ListItem","position":1,"name":"Accueil","item":"https:\/\/repliquemangacine.fr\/"},{"@type":"ListItem","position":2,"name":"Produits","item":"https:\/\/repliquemangacine.fr\/boutique\/"},{"@type":"ListItem","position":3,"name":"Balle factice pour AK47"}]},{"@type":"WebSite","@id":"https:\/\/repliquemangacine.fr\/#website","url":"https:\/\/repliquemangacine.fr\/","name":"R\u00e9plique Manga Cin\u00e9","description":"","publisher":{"@id":"https:\/\/repliquemangacine.fr\/#organization"},"potentialAction":[{"@type":"SearchAction","target":{"@type":"EntryPoint","urlTemplate":"https:\/\/repliquemangacine.fr\/?s={search_term_string}"},"query-input":{"@type":"PropertyValueSpecification","valueRequired":true,"valueName":"search_term_string"}}],"inLanguage":"it-IT"},{"@type":"Organization","@id":"https:\/\/repliquemangacine.fr\/#organization","name":"R\u00e9plique Manga Cin\u00e9","url":"https:\/\/repliquemangacine.fr\/","logo":{"@type":"ImageObject","inLanguage":"it-IT","@id":"https:\/\/repliquemangacine.fr\/#\/schema\/logo\/image\/","url":"https:\/\/repliquemangacine.fr\/wp-content\/uploads\/2023\/10\/RMC-500250.png","contentUrl":"https:\/\/repliquemangacine.fr\/wp-content\/uploads\/2023\/10\/RMC-500250.png","width":500,"height":250,"caption":"R\u00e9plique Manga Cin\u00e9"},"image":{"@id":"https:\/\/repliquemangacine.fr\/#\/schema\/logo\/image\/"},"sameAs":["https:\/\/www.facebook.com\/RepliqueMangaCine","https:\/\/www.instagram.com\/repliquemangacine.fr\/"]}]}},"_links":{"self":[{"href":"https:\/\/repliquemangacine.fr\/it\/wp-json\/wp\/v2\/product\/25786","targetHints":{"allow":["GET"]}}],"collection":[{"href":"https:\/\/repliquemangacine.fr\/it\/wp-json\/wp\/v2\/product"}],"about":[{"href":"https:\/\/repliquemangacine.fr\/it\/wp-json\/wp\/v2\/types\/product"}],"wp:featuredmedia":[{"embeddable":true,"href":"https:\/\/repliquemangacine.fr\/it\/wp-json\/wp\/v2\/media\/25787"}],"wp:attachment":[{"href":"https:\/\/repliquemangacine.fr\/it\/wp-json\/wp\/v2\/media?parent=25786"}],"wp:term":[{"taxonomy":"product_brand","embeddable":true,"href":"https:\/\/repliquemangacine.fr\/it\/wp-json\/wp\/v2\/product_brand?post=25786"},{"taxonomy":"product_cat","embeddable":true,"href":"https:\/\/repliquemangacine.fr\/it\/wp-json\/wp\/v2\/product_cat?post=25786"},{"taxonomy":"product_tag","embeddable":true,"href":"https:\/\/repliquemangacine.fr\/it\/wp-json\/wp\/v2\/product_tag?post=25786"}],"curies":[{"name":"wp","href":"https:\/\/api.w.org\/{rel}","templated":true}]}}