





{"id":25782,"date":"2016-10-12T20:00:38","date_gmt":"2016-10-12T18:00:38","guid":{"rendered":"https:\/\/repliquemangacine.fr\/?post_type=product&#038;p=25782"},"modified":"2026-03-14T18:41:24","modified_gmt":"2026-03-14T17:41:24","slug":"spilla-per-distintivo-della-contea-di-gran-sceriffo-2","status":"publish","type":"product","link":"https:\/\/repliquemangacine.fr\/it\/holster-accessoires-western\/etoile-grand-sheriff-county-insigne-broche-2\/","title":{"rendered":"Stella della contea di Grand Sheriff"},"content":{"rendered":"<h2>Stella della contea di Grand Sheriff<\/h2>\n<p>Per cominciare, il<strong>Stella della contea di Grand Sheriff,<\/strong> In metallo decorato, l'accessorio indispensabile per il tuo costume da western.<\/p>\n<p>Inoltre, un distintivo \u00e8 un segno distintivo di appartenenza a un gruppo, un grado, un rango o una funzione.<\/p>\n<p>Al singolare, le insegne si riferiscono di solito all'elemento principale, solitamente metallico o tessile. Al plurale, le insegne si riferiscono a tutte le parti di una decorazione o ai diversi elementi che compongono un rango, un grado o una dignit\u00e0.<\/p>\n<p>Negli Stati Uniti, lo sceriffo \u00e8 un funzionario eletto responsabile della giustizia a livello di contea. Ogni Stato \u00e8 diviso in contee (ad eccezione di Alaska e Louisiana), che comprendono un certo numero di comuni. Lo sceriffo \u00e8 una sorta di ministro della legge e dell'ordine nella contea. \u00c8 responsabile delle prigioni, dei tribunali civili e dell'applicazione di leggi e regolamenti.<\/p>\n<h2>I vostri accessori western al miglior prezzo.<\/h2>\n<p>Offriamo un'ampia gamma di riproduzioni di accessori western.<\/p>\n<p>Innanzitutto,<\/p>\n<ul>\n<li>Questo <a href=\"https:\/\/repliquemangacine.fr\/it\/fondina-da-cintura\/fondina-in-pelle-da-cintura-per-pistola-kolser\/\">Fondina da cintura Kolser<\/a> per i vostri collari da sceriffo per completare il vostro travestimento.<\/li>\n<li>Cos\u00ec come <a href=\"https:\/\/repliquemangacine.fr\/it\/accessori-per-fondine\/6-balles-factices-pour-colt-western-denix\/\">proiettili finti<\/a> per accompagnare il revolver.<\/li>\n<li>Sono disponibili anche supporti in legno per esporre la Colt.<\/li>\n<li>E molti altri da scoprire nel nostro negozio online!<\/li>\n<\/ul>\n<p>Ecco perch\u00e9 abbiamo pensato ad alcune idee regalo per gli appassionati di storia.<\/p>\n<p>In conclusione, \u00e8 possibile utilizzare questo <strong>Stella della contea di Grand Sheriff<\/strong> per le vostre serate country. Ma soprattutto, questa spilla \u00e8 un oggetto decorativo da collezione.<\/p>\n<p>R\u00e9plique Manga Cin\u00e9 \u00e8 un'azienda familiare francese. Distributore ufficiale del marchio <a href=\"https:\/\/www.denix.fr\/fr\/catalogue\/guerre-civile-occidentale-et-americaine-1861-1899\/plaques\/113-l\/\" target=\"_blank\" rel=\"noopener noreferrer\">Denix<\/a>.<\/p>","protected":false},"excerpt":{"rendered":"<p>Il Grand Sheriff County Star \u00e8 l'accessorio essenziale per il vostro costume western.<\/p>\n<ul>\n<li>Questo distintivo a spilla \u00e8 realizzato in metallo anticato.<\/li>\n<li>Design altamente sofisticato.<\/li>\n<li>Decorazioni su ciascuno dei sei rami.<\/li>\n<li>Incisione al centro dell'iscrizione Grand Sh\u00e9riff County.<\/li>\n<li>Dimensioni: 6,9 cm - Peso: 18 grammi<\/li>\n<\/ul>","protected":false},"featured_media":25783,"template":"","meta":[],"product_brand":[896],"product_cat":[51,102,90,28,27],"product_tag":[],"class_list":{"0":"post-25782","1":"product","2":"type-product","3":"status-publish","4":"has-post-thumbnail","6":"product_brand-replique-manga-cine","7":"product_cat-accessoires-western","8":"product_cat-denix","9":"product_cat-holster-accessoires-western","10":"product_cat-repliques-darmes","11":"product_cat-armes-et-accessoires-western","13":"first","14":"instock","15":"taxable","16":"shipping-taxable","17":"purchasable","18":"product-type-simple"},"yoast_head":"<!-- This site is optimized with the Yoast SEO plugin v27.4 - https:\/\/yoast.com\/product\/yoast-seo-wordpress\/ -->\n<title>\u00c9toile Grand Sh\u00e9riff County - Accessoires Western Country | RMC<\/title>\n<meta name=\"description\" content=\"Offrez-vous ! Cette \u00c9toile Grand Sh\u00e9riff County au meilleur prix - Insigne en m\u00e9tal - Broche grav\u00e9e aux superbes finitions - 6.9 cm\" \/>\n<meta name=\"robots\" content=\"index, follow, max-snippet:-1, max-image-preview:large, max-video-preview:-1\" \/>\n<link rel=\"canonical\" href=\"https:\/\/repliquemangacine.fr\/it\/fondina-per-accessori-western\/spilla-per-distintivo-della-contea-di-gran-sceriffo-2\/\" \/>\n<meta property=\"og:locale\" content=\"it_IT\" \/>\n<meta property=\"og:type\" content=\"article\" \/>\n<meta property=\"og:title\" content=\"\u00c9toile Grand Sh\u00e9riff County - Accessoires Western Country | RMC\" \/>\n<meta property=\"og:description\" content=\"Offrez-vous ! Cette \u00c9toile Grand Sh\u00e9riff County au meilleur prix - Insigne en m\u00e9tal - Broche grav\u00e9e aux superbes finitions - 6.9 cm\" \/>\n<meta property=\"og:url\" content=\"https:\/\/repliquemangacine.fr\/it\/fondina-per-accessori-western\/spilla-per-distintivo-della-contea-di-gran-sceriffo-2\/\" \/>\n<meta property=\"og:site_name\" content=\"R\u00e9plique Manga Cin\u00e9\" \/>\n<meta property=\"article:publisher\" content=\"https:\/\/www.facebook.com\/RepliqueMangaCine\" \/>\n<meta property=\"article:modified_time\" content=\"2026-03-14T17:41:24+00:00\" \/>\n<meta property=\"og:image\" content=\"https:\/\/repliquemangacine.fr\/wp-content\/uploads\/2023\/10\/534-Etoile-Grand-Sheriff-County-Insigne-Broche.jpg\" \/>\n\t<meta property=\"og:image:width\" content=\"800\" \/>\n\t<meta property=\"og:image:height\" content=\"800\" \/>\n\t<meta property=\"og:image:type\" content=\"image\/jpeg\" \/>\n<meta name=\"twitter:card\" content=\"summary_large_image\" \/>\n<meta name=\"twitter:label1\" content=\"Tempo di lettura stimato\" \/>\n\t<meta name=\"twitter:data1\" content=\"2 minuti\" \/>\n<script type=\"application\/ld+json\" class=\"yoast-schema-graph\">{\"@context\":\"https:\\\/\\\/schema.org\",\"@graph\":[{\"@type\":\"WebPage\",\"@id\":\"https:\\\/\\\/repliquemangacine.fr\\\/holster-accessoires-western\\\/etoile-grand-sheriff-county-insigne-broche-2\\\/\",\"url\":\"https:\\\/\\\/repliquemangacine.fr\\\/holster-accessoires-western\\\/etoile-grand-sheriff-county-insigne-broche-2\\\/\",\"name\":\"\u00c9toile Grand Sh\u00e9riff County - Accessoires Western Country | RMC\",\"isPartOf\":{\"@id\":\"https:\\\/\\\/repliquemangacine.fr\\\/#website\"},\"primaryImageOfPage\":{\"@id\":\"https:\\\/\\\/repliquemangacine.fr\\\/holster-accessoires-western\\\/etoile-grand-sheriff-county-insigne-broche-2\\\/#primaryimage\"},\"image\":{\"@id\":\"https:\\\/\\\/repliquemangacine.fr\\\/holster-accessoires-western\\\/etoile-grand-sheriff-county-insigne-broche-2\\\/#primaryimage\"},\"thumbnailUrl\":\"https:\\\/\\\/repliquemangacine.fr\\\/wp-content\\\/uploads\\\/2023\\\/10\\\/534-Etoile-Grand-Sheriff-County-Insigne-Broche.jpg\",\"datePublished\":\"2016-10-12T18:00:38+00:00\",\"dateModified\":\"2026-03-14T17:41:24+00:00\",\"description\":\"Offrez-vous ! Cette \u00c9toile Grand Sh\u00e9riff County au meilleur prix - Insigne en m\u00e9tal - Broche grav\u00e9e aux superbes finitions - 6.9 cm\",\"breadcrumb\":{\"@id\":\"https:\\\/\\\/repliquemangacine.fr\\\/holster-accessoires-western\\\/etoile-grand-sheriff-county-insigne-broche-2\\\/#breadcrumb\"},\"inLanguage\":\"it-IT\",\"potentialAction\":[{\"@type\":\"ReadAction\",\"target\":[\"https:\\\/\\\/repliquemangacine.fr\\\/holster-accessoires-western\\\/etoile-grand-sheriff-county-insigne-broche-2\\\/\"]}]},{\"@type\":\"ImageObject\",\"inLanguage\":\"it-IT\",\"@id\":\"https:\\\/\\\/repliquemangacine.fr\\\/holster-accessoires-western\\\/etoile-grand-sheriff-county-insigne-broche-2\\\/#primaryimage\",\"url\":\"https:\\\/\\\/repliquemangacine.fr\\\/wp-content\\\/uploads\\\/2023\\\/10\\\/534-Etoile-Grand-Sheriff-County-Insigne-Broche.jpg\",\"contentUrl\":\"https:\\\/\\\/repliquemangacine.fr\\\/wp-content\\\/uploads\\\/2023\\\/10\\\/534-Etoile-Grand-Sheriff-County-Insigne-Broche.jpg\",\"width\":800,\"height\":800,\"caption\":\"Etoile Grand Sheriff County - Insigne Broche\"},{\"@type\":\"BreadcrumbList\",\"@id\":\"https:\\\/\\\/repliquemangacine.fr\\\/holster-accessoires-western\\\/etoile-grand-sheriff-county-insigne-broche-2\\\/#breadcrumb\",\"itemListElement\":[{\"@type\":\"ListItem\",\"position\":1,\"name\":\"Accueil\",\"item\":\"https:\\\/\\\/repliquemangacine.fr\\\/\"},{\"@type\":\"ListItem\",\"position\":2,\"name\":\"Produits\",\"item\":\"https:\\\/\\\/repliquemangacine.fr\\\/boutique\\\/\"},{\"@type\":\"ListItem\",\"position\":3,\"name\":\"\u00c9toile Grand Sh\u00e9riff County\"}]},{\"@type\":\"WebSite\",\"@id\":\"https:\\\/\\\/repliquemangacine.fr\\\/#website\",\"url\":\"https:\\\/\\\/repliquemangacine.fr\\\/\",\"name\":\"R\u00e9plique Manga Cin\u00e9\",\"description\":\"\",\"publisher\":{\"@id\":\"https:\\\/\\\/repliquemangacine.fr\\\/#organization\"},\"potentialAction\":[{\"@type\":\"SearchAction\",\"target\":{\"@type\":\"EntryPoint\",\"urlTemplate\":\"https:\\\/\\\/repliquemangacine.fr\\\/?s={search_term_string}\"},\"query-input\":{\"@type\":\"PropertyValueSpecification\",\"valueRequired\":true,\"valueName\":\"search_term_string\"}}],\"inLanguage\":\"it-IT\"},{\"@type\":\"Organization\",\"@id\":\"https:\\\/\\\/repliquemangacine.fr\\\/#organization\",\"name\":\"R\u00e9plique Manga Cin\u00e9\",\"url\":\"https:\\\/\\\/repliquemangacine.fr\\\/\",\"logo\":{\"@type\":\"ImageObject\",\"inLanguage\":\"it-IT\",\"@id\":\"https:\\\/\\\/repliquemangacine.fr\\\/#\\\/schema\\\/logo\\\/image\\\/\",\"url\":\"https:\\\/\\\/repliquemangacine.fr\\\/wp-content\\\/uploads\\\/2023\\\/10\\\/RMC-500250.png\",\"contentUrl\":\"https:\\\/\\\/repliquemangacine.fr\\\/wp-content\\\/uploads\\\/2023\\\/10\\\/RMC-500250.png\",\"width\":500,\"height\":250,\"caption\":\"R\u00e9plique Manga Cin\u00e9\"},\"image\":{\"@id\":\"https:\\\/\\\/repliquemangacine.fr\\\/#\\\/schema\\\/logo\\\/image\\\/\"},\"sameAs\":[\"https:\\\/\\\/www.facebook.com\\\/RepliqueMangaCine\",\"https:\\\/\\\/www.instagram.com\\\/repliquemangacine.fr\\\/\"]}]}<\/script>\n<!-- \/ Yoast SEO plugin. -->","yoast_head_json":{"title":"Grand Sheriff County Star - Accessori Western Country | RMC","description":"Regalatevi! Questo Grand Sheriff County Star al miglior prezzo - Distintivo in metallo - Spilla incisa con finiture superbe - 6,9 cm","robots":{"index":"index","follow":"follow","max-snippet":"max-snippet:-1","max-image-preview":"max-image-preview:large","max-video-preview":"max-video-preview:-1"},"canonical":"https:\/\/repliquemangacine.fr\/it\/fondina-per-accessori-western\/spilla-per-distintivo-della-contea-di-gran-sceriffo-2\/","og_locale":"it_IT","og_type":"article","og_title":"\u00c9toile Grand Sh\u00e9riff County - Accessoires Western Country | RMC","og_description":"Offrez-vous ! Cette \u00c9toile Grand Sh\u00e9riff County au meilleur prix - Insigne en m\u00e9tal - Broche grav\u00e9e aux superbes finitions - 6.9 cm","og_url":"https:\/\/repliquemangacine.fr\/it\/fondina-per-accessori-western\/spilla-per-distintivo-della-contea-di-gran-sceriffo-2\/","og_site_name":"R\u00e9plique Manga Cin\u00e9","article_publisher":"https:\/\/www.facebook.com\/RepliqueMangaCine","article_modified_time":"2026-03-14T17:41:24+00:00","og_image":[{"width":800,"height":800,"url":"https:\/\/repliquemangacine.fr\/wp-content\/uploads\/2023\/10\/534-Etoile-Grand-Sheriff-County-Insigne-Broche.jpg","type":"image\/jpeg"}],"twitter_card":"summary_large_image","twitter_misc":{"Tempo di lettura stimato":"2 minuti"},"schema":{"@context":"https:\/\/schema.org","@graph":[{"@type":"WebPage","@id":"https:\/\/repliquemangacine.fr\/holster-accessoires-western\/etoile-grand-sheriff-county-insigne-broche-2\/","url":"https:\/\/repliquemangacine.fr\/holster-accessoires-western\/etoile-grand-sheriff-county-insigne-broche-2\/","name":"Grand Sheriff County Star - Accessori Western Country | RMC","isPartOf":{"@id":"https:\/\/repliquemangacine.fr\/#website"},"primaryImageOfPage":{"@id":"https:\/\/repliquemangacine.fr\/holster-accessoires-western\/etoile-grand-sheriff-county-insigne-broche-2\/#primaryimage"},"image":{"@id":"https:\/\/repliquemangacine.fr\/holster-accessoires-western\/etoile-grand-sheriff-county-insigne-broche-2\/#primaryimage"},"thumbnailUrl":"https:\/\/repliquemangacine.fr\/wp-content\/uploads\/2023\/10\/534-Etoile-Grand-Sheriff-County-Insigne-Broche.jpg","datePublished":"2016-10-12T18:00:38+00:00","dateModified":"2026-03-14T17:41:24+00:00","description":"Regalatevi! Questo Grand Sheriff County Star al miglior prezzo - Distintivo in metallo - Spilla incisa con finiture superbe - 6,9 cm","breadcrumb":{"@id":"https:\/\/repliquemangacine.fr\/holster-accessoires-western\/etoile-grand-sheriff-county-insigne-broche-2\/#breadcrumb"},"inLanguage":"it-IT","potentialAction":[{"@type":"ReadAction","target":["https:\/\/repliquemangacine.fr\/holster-accessoires-western\/etoile-grand-sheriff-county-insigne-broche-2\/"]}]},{"@type":"ImageObject","inLanguage":"it-IT","@id":"https:\/\/repliquemangacine.fr\/holster-accessoires-western\/etoile-grand-sheriff-county-insigne-broche-2\/#primaryimage","url":"https:\/\/repliquemangacine.fr\/wp-content\/uploads\/2023\/10\/534-Etoile-Grand-Sheriff-County-Insigne-Broche.jpg","contentUrl":"https:\/\/repliquemangacine.fr\/wp-content\/uploads\/2023\/10\/534-Etoile-Grand-Sheriff-County-Insigne-Broche.jpg","width":800,"height":800,"caption":"Etoile Grand Sheriff County - Insigne Broche"},{"@type":"BreadcrumbList","@id":"https:\/\/repliquemangacine.fr\/holster-accessoires-western\/etoile-grand-sheriff-county-insigne-broche-2\/#breadcrumb","itemListElement":[{"@type":"ListItem","position":1,"name":"Accueil","item":"https:\/\/repliquemangacine.fr\/"},{"@type":"ListItem","position":2,"name":"Produits","item":"https:\/\/repliquemangacine.fr\/boutique\/"},{"@type":"ListItem","position":3,"name":"\u00c9toile Grand Sh\u00e9riff County"}]},{"@type":"WebSite","@id":"https:\/\/repliquemangacine.fr\/#website","url":"https:\/\/repliquemangacine.fr\/","name":"R\u00e9plique Manga Cin\u00e9","description":"","publisher":{"@id":"https:\/\/repliquemangacine.fr\/#organization"},"potentialAction":[{"@type":"SearchAction","target":{"@type":"EntryPoint","urlTemplate":"https:\/\/repliquemangacine.fr\/?s={search_term_string}"},"query-input":{"@type":"PropertyValueSpecification","valueRequired":true,"valueName":"search_term_string"}}],"inLanguage":"it-IT"},{"@type":"Organization","@id":"https:\/\/repliquemangacine.fr\/#organization","name":"R\u00e9plique Manga Cin\u00e9","url":"https:\/\/repliquemangacine.fr\/","logo":{"@type":"ImageObject","inLanguage":"it-IT","@id":"https:\/\/repliquemangacine.fr\/#\/schema\/logo\/image\/","url":"https:\/\/repliquemangacine.fr\/wp-content\/uploads\/2023\/10\/RMC-500250.png","contentUrl":"https:\/\/repliquemangacine.fr\/wp-content\/uploads\/2023\/10\/RMC-500250.png","width":500,"height":250,"caption":"R\u00e9plique Manga Cin\u00e9"},"image":{"@id":"https:\/\/repliquemangacine.fr\/#\/schema\/logo\/image\/"},"sameAs":["https:\/\/www.facebook.com\/RepliqueMangaCine","https:\/\/www.instagram.com\/repliquemangacine.fr\/"]}]}},"_links":{"self":[{"href":"https:\/\/repliquemangacine.fr\/it\/wp-json\/wp\/v2\/product\/25782","targetHints":{"allow":["GET"]}}],"collection":[{"href":"https:\/\/repliquemangacine.fr\/it\/wp-json\/wp\/v2\/product"}],"about":[{"href":"https:\/\/repliquemangacine.fr\/it\/wp-json\/wp\/v2\/types\/product"}],"wp:featuredmedia":[{"embeddable":true,"href":"https:\/\/repliquemangacine.fr\/it\/wp-json\/wp\/v2\/media\/25783"}],"wp:attachment":[{"href":"https:\/\/repliquemangacine.fr\/it\/wp-json\/wp\/v2\/media?parent=25782"}],"wp:term":[{"taxonomy":"product_brand","embeddable":true,"href":"https:\/\/repliquemangacine.fr\/it\/wp-json\/wp\/v2\/product_brand?post=25782"},{"taxonomy":"product_cat","embeddable":true,"href":"https:\/\/repliquemangacine.fr\/it\/wp-json\/wp\/v2\/product_cat?post=25782"},{"taxonomy":"product_tag","embeddable":true,"href":"https:\/\/repliquemangacine.fr\/it\/wp-json\/wp\/v2\/product_tag?post=25782"}],"curies":[{"name":"wp","href":"https:\/\/api.w.org\/{rel}","templated":true}]}}