





{"id":25774,"date":"2016-10-12T19:12:14","date_gmt":"2016-10-12T17:12:14","guid":{"rendered":"https:\/\/repliquemangacine.fr\/?post_type=product&#038;p=25774"},"modified":"2025-09-23T18:01:36","modified_gmt":"2025-09-23T16:01:36","slug":"distintivo-della-polizia-del-texas-denix-accessori-in-maschera-western","status":"publish","type":"product","link":"https:\/\/repliquemangacine.fr\/it\/holster-accessoires-western\/insigne-police-texas-denix-accessoires-deguisements-western\/","title":{"rendered":"Distintivo della polizia del Texas"},"content":{"rendered":"<h2>Distintivo della polizia del Texas<\/h2>\n<p>Per cominciare, il<strong>Distintivo della polizia del Texas<\/strong> \u00e8 realizzato in metallo decorato ed \u00e8 un accessorio essenziale per il vostro costume western.<\/p>\n<p>Un'insegna \u00e8 un segno distintivo di appartenenza a un gruppo, a un grado o a una funzione. Al singolare, l'insegna si riferisce di solito all'elemento principale, solitamente metallico o tessile. Al plurale, le insegne designano tutte le parti di una decorazione o i diversi elementi che fanno parte di un rango, di un grado o di una dignit\u00e0.<\/p>\n<p>Negli Stati Uniti, uno sceriffo \u00e8 un funzionario eletto responsabile della giustizia a livello di contea. Ogni Stato \u00e8 suddiviso in contee (ad eccezione dell'Alaska e della Louisiana), che comprendono un certo numero di comuni.<\/p>\n<p>Lo sceriffo \u00e8 in qualche modo un ministro dell'ordine pubblico sul proprio territorio. \u00c8 responsabile delle prigioni della contea, dei tribunali civili e delle misure da adottare per far rispettare le leggi e i regolamenti.<\/p>\n<h2>I vostri accessori western al miglior prezzo.<\/h2>\n<p>Offriamo un'ampia gamma di riproduzioni di accessori western.<\/p>\n<p>Innanzitutto,<\/p>\n<ul>\n<li>Questa doppia fondina per le Colt da sceriffo completer\u00e0 il vostro travestimento.<\/li>\n<li>Cos\u00ec come <a href=\"https:\/\/repliquemangacine.fr\/it\/accessori-per-fondine\/6-balles-factices-pour-colt-western-denix\/\">proiettili finti<\/a> per accompagnare il revolver.<\/li>\n<li>C'\u00e8 anche questa coppia di <a href=\"https:\/\/repliquemangacine.fr\/it\/pistola-kolser\/presa-del-serpente\/\">piastra di presa<\/a> per pistola Kolser con decorazione a serpente<\/li>\n<li>E molti altri da scoprire nel nostro negozio online!<\/li>\n<\/ul>\n<p>Ecco perch\u00e9 abbiamo pensato ad alcune idee regalo per gli appassionati di storia.<\/p>\n<p>In conclusione, \u00e8 possibile utilizzare questo <strong>Distintivo della polizia del Texas<\/strong> per le vostre serate country o western.<\/p>\n<p>Innanzitutto, questa stella dello sceriffo \u00e8 un oggetto da collezione e un pezzo decorativo.<\/p>\n<p>R\u00e9plique Manga Cin\u00e9 \u00e8 un'azienda familiare francese. Distributore ufficiale del marchio <a href=\"https:\/\/www.denix.fr\/fr\/catalogue\/guerre-civile-occidentale-et-americaine-1861-1899\/plaques\/110\/\" target=\"_blank\" rel=\"noopener noreferrer\">Denix<\/a>.<\/p>","protected":false},"excerpt":{"rendered":"<p>Il distintivo della polizia del Texas \u00e8 un accessorio essenziale per il vostro costume western.<\/p>\n<ul>\n<li>Questo distintivo a spilla \u00e8 realizzato in metallo placcato oro con un design originale.<\/li>\n<li>Incisa con l'iscrizione Chief of Police - Ennis Texas con decorazioni.<\/li>\n<li>Dimensioni: 6,6 cm - Peso: 18 grammi<\/li>\n<\/ul>","protected":false},"featured_media":25775,"template":"","meta":[],"product_brand":[896],"product_cat":[51,102,90,28,27],"product_tag":[],"class_list":{"0":"post-25774","1":"product","2":"type-product","3":"status-publish","4":"has-post-thumbnail","6":"product_brand-replique-manga-cine","7":"product_cat-accessoires-western","8":"product_cat-denix","9":"product_cat-holster-accessoires-western","10":"product_cat-repliques-darmes","11":"product_cat-armes-et-accessoires-western","13":"first","14":"instock","15":"taxable","16":"shipping-taxable","17":"purchasable","18":"product-type-simple"},"yoast_head":"<!-- This site is optimized with the Yoast SEO plugin v27.5 - https:\/\/yoast.com\/product\/yoast-seo-wordpress\/ -->\n<title>Insigne Police Texas - Vente d&#039;Accessoires western - Denix | RMC<\/title>\n<meta name=\"description\" content=\"Pour toutes vos soir\u00e9es country, l&#039;Insigne Police Texas au meilleur prix - Insigne broche en m\u00e9tal grav\u00e9 - \u00c9pingle au dos - Dimension : 6.6 cm\" \/>\n<meta name=\"robots\" content=\"index, follow, max-snippet:-1, max-image-preview:large, max-video-preview:-1\" \/>\n<link rel=\"canonical\" href=\"https:\/\/repliquemangacine.fr\/it\/denix\/distintivo-della-polizia-del-texas-denix-accessori-in-maschera-western\/\" \/>\n<meta property=\"og:locale\" content=\"it_IT\" \/>\n<meta property=\"og:type\" content=\"article\" \/>\n<meta property=\"og:title\" content=\"Insigne Police Texas - Vente d&#039;Accessoires western - Denix | RMC\" \/>\n<meta property=\"og:description\" content=\"Pour toutes vos soir\u00e9es country, l&#039;Insigne Police Texas au meilleur prix - Insigne broche en m\u00e9tal grav\u00e9 - \u00c9pingle au dos - Dimension : 6.6 cm\" \/>\n<meta property=\"og:url\" content=\"https:\/\/repliquemangacine.fr\/it\/denix\/distintivo-della-polizia-del-texas-denix-accessori-in-maschera-western\/\" \/>\n<meta property=\"og:site_name\" content=\"R\u00e9plique Manga Cin\u00e9\" \/>\n<meta property=\"article:publisher\" content=\"https:\/\/www.facebook.com\/RepliqueMangaCine\" \/>\n<meta property=\"article:modified_time\" content=\"2025-09-23T16:01:36+00:00\" \/>\n<meta property=\"og:image\" content=\"https:\/\/repliquemangacine.fr\/wp-content\/uploads\/2023\/10\/529-Insigne-Chef-de-Police-Etoile-Texas.jpg\" \/>\n\t<meta property=\"og:image:width\" content=\"800\" \/>\n\t<meta property=\"og:image:height\" content=\"800\" \/>\n\t<meta property=\"og:image:type\" content=\"image\/jpeg\" \/>\n<meta name=\"twitter:card\" content=\"summary_large_image\" \/>\n<meta name=\"twitter:label1\" content=\"Tempo di lettura stimato\" \/>\n\t<meta name=\"twitter:data1\" content=\"2 minuti\" \/>\n<script type=\"application\/ld+json\" class=\"yoast-schema-graph\">{\"@context\":\"https:\\\/\\\/schema.org\",\"@graph\":[{\"@type\":\"WebPage\",\"@id\":\"https:\\\/\\\/repliquemangacine.fr\\\/denix\\\/insigne-police-texas-denix-accessoires-deguisements-western\\\/\",\"url\":\"https:\\\/\\\/repliquemangacine.fr\\\/denix\\\/insigne-police-texas-denix-accessoires-deguisements-western\\\/\",\"name\":\"Insigne Police Texas - Vente d'Accessoires western - Denix | RMC\",\"isPartOf\":{\"@id\":\"https:\\\/\\\/repliquemangacine.fr\\\/#website\"},\"primaryImageOfPage\":{\"@id\":\"https:\\\/\\\/repliquemangacine.fr\\\/denix\\\/insigne-police-texas-denix-accessoires-deguisements-western\\\/#primaryimage\"},\"image\":{\"@id\":\"https:\\\/\\\/repliquemangacine.fr\\\/denix\\\/insigne-police-texas-denix-accessoires-deguisements-western\\\/#primaryimage\"},\"thumbnailUrl\":\"https:\\\/\\\/repliquemangacine.fr\\\/wp-content\\\/uploads\\\/2023\\\/10\\\/529-Insigne-Chef-de-Police-Etoile-Texas.jpg\",\"datePublished\":\"2016-10-12T17:12:14+00:00\",\"dateModified\":\"2025-09-23T16:01:36+00:00\",\"description\":\"Pour toutes vos soir\u00e9es country, l'Insigne Police Texas au meilleur prix - Insigne broche en m\u00e9tal grav\u00e9 - \u00c9pingle au dos - Dimension : 6.6 cm\",\"breadcrumb\":{\"@id\":\"https:\\\/\\\/repliquemangacine.fr\\\/denix\\\/insigne-police-texas-denix-accessoires-deguisements-western\\\/#breadcrumb\"},\"inLanguage\":\"it-IT\",\"potentialAction\":[{\"@type\":\"ReadAction\",\"target\":[\"https:\\\/\\\/repliquemangacine.fr\\\/denix\\\/insigne-police-texas-denix-accessoires-deguisements-western\\\/\"]}]},{\"@type\":\"ImageObject\",\"inLanguage\":\"it-IT\",\"@id\":\"https:\\\/\\\/repliquemangacine.fr\\\/denix\\\/insigne-police-texas-denix-accessoires-deguisements-western\\\/#primaryimage\",\"url\":\"https:\\\/\\\/repliquemangacine.fr\\\/wp-content\\\/uploads\\\/2023\\\/10\\\/529-Insigne-Chef-de-Police-Etoile-Texas.jpg\",\"contentUrl\":\"https:\\\/\\\/repliquemangacine.fr\\\/wp-content\\\/uploads\\\/2023\\\/10\\\/529-Insigne-Chef-de-Police-Etoile-Texas.jpg\",\"width\":800,\"height\":800,\"caption\":\"Insigne Chef de Police - Etoile Texas\"},{\"@type\":\"BreadcrumbList\",\"@id\":\"https:\\\/\\\/repliquemangacine.fr\\\/denix\\\/insigne-police-texas-denix-accessoires-deguisements-western\\\/#breadcrumb\",\"itemListElement\":[{\"@type\":\"ListItem\",\"position\":1,\"name\":\"Accueil\",\"item\":\"https:\\\/\\\/repliquemangacine.fr\\\/\"},{\"@type\":\"ListItem\",\"position\":2,\"name\":\"Produits\",\"item\":\"https:\\\/\\\/repliquemangacine.fr\\\/boutique\\\/\"},{\"@type\":\"ListItem\",\"position\":3,\"name\":\"Insigne Police Texas\"}]},{\"@type\":\"WebSite\",\"@id\":\"https:\\\/\\\/repliquemangacine.fr\\\/#website\",\"url\":\"https:\\\/\\\/repliquemangacine.fr\\\/\",\"name\":\"R\u00e9plique Manga Cin\u00e9\",\"description\":\"\",\"publisher\":{\"@id\":\"https:\\\/\\\/repliquemangacine.fr\\\/#organization\"},\"potentialAction\":[{\"@type\":\"SearchAction\",\"target\":{\"@type\":\"EntryPoint\",\"urlTemplate\":\"https:\\\/\\\/repliquemangacine.fr\\\/?s={search_term_string}\"},\"query-input\":{\"@type\":\"PropertyValueSpecification\",\"valueRequired\":true,\"valueName\":\"search_term_string\"}}],\"inLanguage\":\"it-IT\"},{\"@type\":\"Organization\",\"@id\":\"https:\\\/\\\/repliquemangacine.fr\\\/#organization\",\"name\":\"R\u00e9plique Manga Cin\u00e9\",\"url\":\"https:\\\/\\\/repliquemangacine.fr\\\/\",\"logo\":{\"@type\":\"ImageObject\",\"inLanguage\":\"it-IT\",\"@id\":\"https:\\\/\\\/repliquemangacine.fr\\\/#\\\/schema\\\/logo\\\/image\\\/\",\"url\":\"https:\\\/\\\/repliquemangacine.fr\\\/wp-content\\\/uploads\\\/2023\\\/10\\\/RMC-500250.png\",\"contentUrl\":\"https:\\\/\\\/repliquemangacine.fr\\\/wp-content\\\/uploads\\\/2023\\\/10\\\/RMC-500250.png\",\"width\":500,\"height\":250,\"caption\":\"R\u00e9plique Manga Cin\u00e9\"},\"image\":{\"@id\":\"https:\\\/\\\/repliquemangacine.fr\\\/#\\\/schema\\\/logo\\\/image\\\/\"},\"sameAs\":[\"https:\\\/\\\/www.facebook.com\\\/RepliqueMangaCine\",\"https:\\\/\\\/www.instagram.com\\\/repliquemangacine.fr\\\/\"]}]}<\/script>\n<!-- \/ Yoast SEO plugin. -->","yoast_head_json":{"title":"Distintivo della polizia del Texas - Vendita accessori western - Denix | RMC","description":"Per tutte le feste di paese, il distintivo Police Texas al miglior prezzo - Distintivo a spilla in metallo inciso - Spilla sul retro - Dimensioni: 6,6 cm","robots":{"index":"index","follow":"follow","max-snippet":"max-snippet:-1","max-image-preview":"max-image-preview:large","max-video-preview":"max-video-preview:-1"},"canonical":"https:\/\/repliquemangacine.fr\/it\/denix\/distintivo-della-polizia-del-texas-denix-accessori-in-maschera-western\/","og_locale":"it_IT","og_type":"article","og_title":"Insigne Police Texas - Vente d'Accessoires western - Denix | RMC","og_description":"Pour toutes vos soir\u00e9es country, l'Insigne Police Texas au meilleur prix - Insigne broche en m\u00e9tal grav\u00e9 - \u00c9pingle au dos - Dimension : 6.6 cm","og_url":"https:\/\/repliquemangacine.fr\/it\/denix\/distintivo-della-polizia-del-texas-denix-accessori-in-maschera-western\/","og_site_name":"R\u00e9plique Manga Cin\u00e9","article_publisher":"https:\/\/www.facebook.com\/RepliqueMangaCine","article_modified_time":"2025-09-23T16:01:36+00:00","og_image":[{"width":800,"height":800,"url":"https:\/\/repliquemangacine.fr\/wp-content\/uploads\/2023\/10\/529-Insigne-Chef-de-Police-Etoile-Texas.jpg","type":"image\/jpeg"}],"twitter_card":"summary_large_image","twitter_misc":{"Tempo di lettura stimato":"2 minuti"},"schema":{"@context":"https:\/\/schema.org","@graph":[{"@type":"WebPage","@id":"https:\/\/repliquemangacine.fr\/denix\/insigne-police-texas-denix-accessoires-deguisements-western\/","url":"https:\/\/repliquemangacine.fr\/denix\/insigne-police-texas-denix-accessoires-deguisements-western\/","name":"Distintivo della polizia del Texas - Vendita accessori western - Denix | RMC","isPartOf":{"@id":"https:\/\/repliquemangacine.fr\/#website"},"primaryImageOfPage":{"@id":"https:\/\/repliquemangacine.fr\/denix\/insigne-police-texas-denix-accessoires-deguisements-western\/#primaryimage"},"image":{"@id":"https:\/\/repliquemangacine.fr\/denix\/insigne-police-texas-denix-accessoires-deguisements-western\/#primaryimage"},"thumbnailUrl":"https:\/\/repliquemangacine.fr\/wp-content\/uploads\/2023\/10\/529-Insigne-Chef-de-Police-Etoile-Texas.jpg","datePublished":"2016-10-12T17:12:14+00:00","dateModified":"2025-09-23T16:01:36+00:00","description":"Per tutte le feste di paese, il distintivo Police Texas al miglior prezzo - Distintivo a spilla in metallo inciso - Spilla sul retro - Dimensioni: 6,6 cm","breadcrumb":{"@id":"https:\/\/repliquemangacine.fr\/denix\/insigne-police-texas-denix-accessoires-deguisements-western\/#breadcrumb"},"inLanguage":"it-IT","potentialAction":[{"@type":"ReadAction","target":["https:\/\/repliquemangacine.fr\/denix\/insigne-police-texas-denix-accessoires-deguisements-western\/"]}]},{"@type":"ImageObject","inLanguage":"it-IT","@id":"https:\/\/repliquemangacine.fr\/denix\/insigne-police-texas-denix-accessoires-deguisements-western\/#primaryimage","url":"https:\/\/repliquemangacine.fr\/wp-content\/uploads\/2023\/10\/529-Insigne-Chef-de-Police-Etoile-Texas.jpg","contentUrl":"https:\/\/repliquemangacine.fr\/wp-content\/uploads\/2023\/10\/529-Insigne-Chef-de-Police-Etoile-Texas.jpg","width":800,"height":800,"caption":"Insigne Chef de Police - Etoile Texas"},{"@type":"BreadcrumbList","@id":"https:\/\/repliquemangacine.fr\/denix\/insigne-police-texas-denix-accessoires-deguisements-western\/#breadcrumb","itemListElement":[{"@type":"ListItem","position":1,"name":"Accueil","item":"https:\/\/repliquemangacine.fr\/"},{"@type":"ListItem","position":2,"name":"Produits","item":"https:\/\/repliquemangacine.fr\/boutique\/"},{"@type":"ListItem","position":3,"name":"Insigne Police Texas"}]},{"@type":"WebSite","@id":"https:\/\/repliquemangacine.fr\/#website","url":"https:\/\/repliquemangacine.fr\/","name":"R\u00e9plique Manga Cin\u00e9","description":"","publisher":{"@id":"https:\/\/repliquemangacine.fr\/#organization"},"potentialAction":[{"@type":"SearchAction","target":{"@type":"EntryPoint","urlTemplate":"https:\/\/repliquemangacine.fr\/?s={search_term_string}"},"query-input":{"@type":"PropertyValueSpecification","valueRequired":true,"valueName":"search_term_string"}}],"inLanguage":"it-IT"},{"@type":"Organization","@id":"https:\/\/repliquemangacine.fr\/#organization","name":"R\u00e9plique Manga Cin\u00e9","url":"https:\/\/repliquemangacine.fr\/","logo":{"@type":"ImageObject","inLanguage":"it-IT","@id":"https:\/\/repliquemangacine.fr\/#\/schema\/logo\/image\/","url":"https:\/\/repliquemangacine.fr\/wp-content\/uploads\/2023\/10\/RMC-500250.png","contentUrl":"https:\/\/repliquemangacine.fr\/wp-content\/uploads\/2023\/10\/RMC-500250.png","width":500,"height":250,"caption":"R\u00e9plique Manga Cin\u00e9"},"image":{"@id":"https:\/\/repliquemangacine.fr\/#\/schema\/logo\/image\/"},"sameAs":["https:\/\/www.facebook.com\/RepliqueMangaCine","https:\/\/www.instagram.com\/repliquemangacine.fr\/"]}]}},"_links":{"self":[{"href":"https:\/\/repliquemangacine.fr\/it\/wp-json\/wp\/v2\/product\/25774","targetHints":{"allow":["GET"]}}],"collection":[{"href":"https:\/\/repliquemangacine.fr\/it\/wp-json\/wp\/v2\/product"}],"about":[{"href":"https:\/\/repliquemangacine.fr\/it\/wp-json\/wp\/v2\/types\/product"}],"wp:featuredmedia":[{"embeddable":true,"href":"https:\/\/repliquemangacine.fr\/it\/wp-json\/wp\/v2\/media\/25775"}],"wp:attachment":[{"href":"https:\/\/repliquemangacine.fr\/it\/wp-json\/wp\/v2\/media?parent=25774"}],"wp:term":[{"taxonomy":"product_brand","embeddable":true,"href":"https:\/\/repliquemangacine.fr\/it\/wp-json\/wp\/v2\/product_brand?post=25774"},{"taxonomy":"product_cat","embeddable":true,"href":"https:\/\/repliquemangacine.fr\/it\/wp-json\/wp\/v2\/product_cat?post=25774"},{"taxonomy":"product_tag","embeddable":true,"href":"https:\/\/repliquemangacine.fr\/it\/wp-json\/wp\/v2\/product_tag?post=25774"}],"curies":[{"name":"wp","href":"https:\/\/api.w.org\/{rel}","templated":true}]}}