





{"id":25764,"date":"2016-10-12T17:53:35","date_gmt":"2016-10-12T15:53:35","guid":{"rendered":"https:\/\/repliquemangacine.fr\/?post_type=product&#038;p=25764"},"modified":"2026-03-27T15:05:34","modified_gmt":"2026-03-27T14:05:34","slug":"spilla-a-stella-dello-sceriffo","status":"publish","type":"product","link":"https:\/\/repliquemangacine.fr\/it\/holster-accessoires-western\/etoile-sheriff-plaque-broche\/","title":{"rendered":"Spilla a forma di stella dello sceriffo"},"content":{"rendered":"<h2>Spilla a forma di stella dello sceriffo<\/h2>\n<p>Per cominciare, questo <strong>Spilla a forma di stella dello sceriffo<\/strong> in metallo decorato, l'accessorio indispensabile per il vostro costume western.<\/p>\n<p>Un'insegna \u00e8 un segno distintivo di appartenenza a un gruppo, a un grado o a una funzione. Al singolare, l'insegna si riferisce di solito all'elemento principale, solitamente metallico o tessile. Al plurale, le insegne designano tutte le parti di una decorazione o i diversi elementi che fanno parte di un rango, di un grado o di una dignit\u00e0.<\/p>\n<p>Negli Stati Uniti, lo sceriffo \u00e8 un funzionario eletto responsabile della giustizia a livello di contea. Ogni Stato \u00e8 suddiviso in contee (ad eccezione di Alaska e Louisiana), che comprendono un certo numero di comuni. Lo sceriffo \u00e8 una sorta di ministro della legge e dell'ordine all'interno della sua giurisdizione. \u00c8 responsabile delle prigioni della contea, dei tribunali civili e dell'applicazione di leggi e regolamenti.<\/p>\n<h2>I vostri accessori western al miglior prezzo.<\/h2>\n<p>Offriamo un'ampia gamma di riproduzioni di accessori western.<\/p>\n<p>Innanzitutto,<\/p>\n<ul>\n<li>Questo <a href=\"https:\/\/repliquemangacine.fr\/it\/accessori-per-fondine\/ceinturon-pour-colt-holster-double\/\">fondina doppia da cintura<\/a> per i collari da sceriffo per completare il travestimento.<\/li>\n<li>Cos\u00ec come <a href=\"https:\/\/repliquemangacine.fr\/it\/accessori-western\/6-proiettili-fittizi-con-inneschi-denix\/\">palline con petardo<\/a> per accompagnare il revolver.<\/li>\n<li>Sono disponibili anche supporti in legno per i revolver Denix.<\/li>\n<li>E molti altri da scoprire nel nostro negozio online!<\/li>\n<\/ul>\n<p>Ecco perch\u00e9 abbiamo pensato ad alcune idee regalo per gli appassionati di storia.<\/p>\n<p>In conclusione, \u00e8 possibile utilizzare questo <strong>Spilla a forma di stella dello sceriffo<\/strong> per le vostre serate country. Ma soprattutto, questa spilla \u00e8 un oggetto decorativo da collezione.<\/p>\n<p>R\u00e9plique Manga Cin\u00e9 \u00e8 un'azienda familiare francese. Distributore ufficiale del marchio <a href=\"https:\/\/www.denix.fr\/fr\/catalogue\/guerre-civile-occidentale-et-americaine-1861-1899\/plaques\/106\/\" target=\"_blank\" rel=\"noopener noreferrer\">Denix<\/a>.<\/p>","protected":false},"excerpt":{"rendered":"<p>La spilla a stella dello sceriffo \u00e8 l'accessorio essenziale per il vostro costume western.<\/p>\n<ul>\n<li>Questo distintivo a spilla \u00e8 realizzato in metallo placcato oro a 6 punte.<\/li>\n<li>Inciso con l'iscrizione Sceriffo .<\/li>\n<li>Dimensioni: 4,5 cm - Peso: 10 grammi<\/li>\n<\/ul>","protected":false},"featured_media":25765,"template":"","meta":[],"product_brand":[896],"product_cat":[51,102,90,28,27],"product_tag":[],"class_list":{"0":"post-25764","1":"product","2":"type-product","3":"status-publish","4":"has-post-thumbnail","6":"product_brand-replique-manga-cine","7":"product_cat-accessoires-western","8":"product_cat-denix","9":"product_cat-holster-accessoires-western","10":"product_cat-repliques-darmes","11":"product_cat-armes-et-accessoires-western","13":"first","14":"instock","15":"taxable","16":"shipping-taxable","17":"purchasable","18":"product-type-simple"},"yoast_head":"<!-- This site is optimized with the Yoast SEO plugin v27.5 - https:\/\/yoast.com\/product\/yoast-seo-wordpress\/ -->\n<title>Etoile Sheriff Plaque Broche - Accessoire western - Denix | RMC<\/title>\n<meta name=\"description\" content=\"Offrez-vous ! Cette Etoile Sheriff\u00a0Plaque Broche au meilleur prix - Tout en m\u00e9tal grav\u00e9 - 6 branches - Accessoire indispensable pour votre tenue - 4.5 cm\" \/>\n<meta name=\"robots\" content=\"index, follow, max-snippet:-1, max-image-preview:large, max-video-preview:-1\" \/>\n<link rel=\"canonical\" href=\"https:\/\/repliquemangacine.fr\/it\/fondina-per-accessori-western\/spilla-a-stella-dello-sceriffo\/\" \/>\n<meta property=\"og:locale\" content=\"it_IT\" \/>\n<meta property=\"og:type\" content=\"article\" \/>\n<meta property=\"og:title\" content=\"Etoile Sheriff Plaque Broche - Accessoire western - Denix | RMC\" \/>\n<meta property=\"og:description\" content=\"Offrez-vous ! Cette Etoile Sheriff\u00a0Plaque Broche au meilleur prix - Tout en m\u00e9tal grav\u00e9 - 6 branches - Accessoire indispensable pour votre tenue - 4.5 cm\" \/>\n<meta property=\"og:url\" content=\"https:\/\/repliquemangacine.fr\/it\/fondina-per-accessori-western\/spilla-a-stella-dello-sceriffo\/\" \/>\n<meta property=\"og:site_name\" content=\"R\u00e9plique Manga Cin\u00e9\" \/>\n<meta property=\"article:publisher\" content=\"https:\/\/www.facebook.com\/RepliqueMangaCine\" \/>\n<meta property=\"article:modified_time\" content=\"2026-03-27T14:05:34+00:00\" \/>\n<meta property=\"og:image\" content=\"https:\/\/repliquemangacine.fr\/wp-content\/uploads\/2023\/10\/523-Etoile-Sheriff-Insigne-Broche.jpg\" \/>\n\t<meta property=\"og:image:width\" content=\"800\" \/>\n\t<meta property=\"og:image:height\" content=\"800\" \/>\n\t<meta property=\"og:image:type\" content=\"image\/jpeg\" \/>\n<meta name=\"twitter:card\" content=\"summary_large_image\" \/>\n<meta name=\"twitter:label1\" content=\"Tempo di lettura stimato\" \/>\n\t<meta name=\"twitter:data1\" content=\"2 minuti\" \/>\n<script type=\"application\/ld+json\" class=\"yoast-schema-graph\">{\"@context\":\"https:\\\/\\\/schema.org\",\"@graph\":[{\"@type\":\"WebPage\",\"@id\":\"https:\\\/\\\/repliquemangacine.fr\\\/holster-accessoires-western\\\/etoile-sheriff-plaque-broche\\\/\",\"url\":\"https:\\\/\\\/repliquemangacine.fr\\\/holster-accessoires-western\\\/etoile-sheriff-plaque-broche\\\/\",\"name\":\"Etoile Sheriff Plaque Broche - Accessoire western - Denix | RMC\",\"isPartOf\":{\"@id\":\"https:\\\/\\\/repliquemangacine.fr\\\/#website\"},\"primaryImageOfPage\":{\"@id\":\"https:\\\/\\\/repliquemangacine.fr\\\/holster-accessoires-western\\\/etoile-sheriff-plaque-broche\\\/#primaryimage\"},\"image\":{\"@id\":\"https:\\\/\\\/repliquemangacine.fr\\\/holster-accessoires-western\\\/etoile-sheriff-plaque-broche\\\/#primaryimage\"},\"thumbnailUrl\":\"https:\\\/\\\/repliquemangacine.fr\\\/wp-content\\\/uploads\\\/2023\\\/10\\\/523-Etoile-Sheriff-Insigne-Broche.jpg\",\"datePublished\":\"2016-10-12T15:53:35+00:00\",\"dateModified\":\"2026-03-27T14:05:34+00:00\",\"description\":\"Offrez-vous ! Cette Etoile Sheriff\u00a0Plaque Broche au meilleur prix - Tout en m\u00e9tal grav\u00e9 - 6 branches - Accessoire indispensable pour votre tenue - 4.5 cm\",\"breadcrumb\":{\"@id\":\"https:\\\/\\\/repliquemangacine.fr\\\/holster-accessoires-western\\\/etoile-sheriff-plaque-broche\\\/#breadcrumb\"},\"inLanguage\":\"it-IT\",\"potentialAction\":[{\"@type\":\"ReadAction\",\"target\":[\"https:\\\/\\\/repliquemangacine.fr\\\/holster-accessoires-western\\\/etoile-sheriff-plaque-broche\\\/\"]}]},{\"@type\":\"ImageObject\",\"inLanguage\":\"it-IT\",\"@id\":\"https:\\\/\\\/repliquemangacine.fr\\\/holster-accessoires-western\\\/etoile-sheriff-plaque-broche\\\/#primaryimage\",\"url\":\"https:\\\/\\\/repliquemangacine.fr\\\/wp-content\\\/uploads\\\/2023\\\/10\\\/523-Etoile-Sheriff-Insigne-Broche.jpg\",\"contentUrl\":\"https:\\\/\\\/repliquemangacine.fr\\\/wp-content\\\/uploads\\\/2023\\\/10\\\/523-Etoile-Sheriff-Insigne-Broche.jpg\",\"width\":800,\"height\":800,\"caption\":\"Etoile Sheriff - Insigne Broche\"},{\"@type\":\"BreadcrumbList\",\"@id\":\"https:\\\/\\\/repliquemangacine.fr\\\/holster-accessoires-western\\\/etoile-sheriff-plaque-broche\\\/#breadcrumb\",\"itemListElement\":[{\"@type\":\"ListItem\",\"position\":1,\"name\":\"Accueil\",\"item\":\"https:\\\/\\\/repliquemangacine.fr\\\/\"},{\"@type\":\"ListItem\",\"position\":2,\"name\":\"Produits\",\"item\":\"https:\\\/\\\/repliquemangacine.fr\\\/boutique\\\/\"},{\"@type\":\"ListItem\",\"position\":3,\"name\":\"Etoile Sheriff Plaque Broche\"}]},{\"@type\":\"WebSite\",\"@id\":\"https:\\\/\\\/repliquemangacine.fr\\\/#website\",\"url\":\"https:\\\/\\\/repliquemangacine.fr\\\/\",\"name\":\"R\u00e9plique Manga Cin\u00e9\",\"description\":\"\",\"publisher\":{\"@id\":\"https:\\\/\\\/repliquemangacine.fr\\\/#organization\"},\"potentialAction\":[{\"@type\":\"SearchAction\",\"target\":{\"@type\":\"EntryPoint\",\"urlTemplate\":\"https:\\\/\\\/repliquemangacine.fr\\\/?s={search_term_string}\"},\"query-input\":{\"@type\":\"PropertyValueSpecification\",\"valueRequired\":true,\"valueName\":\"search_term_string\"}}],\"inLanguage\":\"it-IT\"},{\"@type\":\"Organization\",\"@id\":\"https:\\\/\\\/repliquemangacine.fr\\\/#organization\",\"name\":\"R\u00e9plique Manga Cin\u00e9\",\"url\":\"https:\\\/\\\/repliquemangacine.fr\\\/\",\"logo\":{\"@type\":\"ImageObject\",\"inLanguage\":\"it-IT\",\"@id\":\"https:\\\/\\\/repliquemangacine.fr\\\/#\\\/schema\\\/logo\\\/image\\\/\",\"url\":\"https:\\\/\\\/repliquemangacine.fr\\\/wp-content\\\/uploads\\\/2023\\\/10\\\/RMC-500250.png\",\"contentUrl\":\"https:\\\/\\\/repliquemangacine.fr\\\/wp-content\\\/uploads\\\/2023\\\/10\\\/RMC-500250.png\",\"width\":500,\"height\":250,\"caption\":\"R\u00e9plique Manga Cin\u00e9\"},\"image\":{\"@id\":\"https:\\\/\\\/repliquemangacine.fr\\\/#\\\/schema\\\/logo\\\/image\\\/\"},\"sameAs\":[\"https:\\\/\\\/www.facebook.com\\\/RepliqueMangaCine\",\"https:\\\/\\\/www.instagram.com\\\/repliquemangacine.fr\\\/\"]}]}<\/script>\n<!-- \/ Yoast SEO plugin. -->","yoast_head_json":{"title":"Spilla a stella per sceriffo - Accessori western - Denix | RMC","description":"Regalatevi! Questa spilla a forma di stella dello sceriffo al miglior prezzo - Tutto in metallo inciso - 6 braccia - Accessorio indispensabile per il vostro abbigliamento - 4,5 cm","robots":{"index":"index","follow":"follow","max-snippet":"max-snippet:-1","max-image-preview":"max-image-preview:large","max-video-preview":"max-video-preview:-1"},"canonical":"https:\/\/repliquemangacine.fr\/it\/fondina-per-accessori-western\/spilla-a-stella-dello-sceriffo\/","og_locale":"it_IT","og_type":"article","og_title":"Etoile Sheriff Plaque Broche - Accessoire western - Denix | RMC","og_description":"Offrez-vous ! Cette Etoile Sheriff\u00a0Plaque Broche au meilleur prix - Tout en m\u00e9tal grav\u00e9 - 6 branches - Accessoire indispensable pour votre tenue - 4.5 cm","og_url":"https:\/\/repliquemangacine.fr\/it\/fondina-per-accessori-western\/spilla-a-stella-dello-sceriffo\/","og_site_name":"R\u00e9plique Manga Cin\u00e9","article_publisher":"https:\/\/www.facebook.com\/RepliqueMangaCine","article_modified_time":"2026-03-27T14:05:34+00:00","og_image":[{"width":800,"height":800,"url":"https:\/\/repliquemangacine.fr\/wp-content\/uploads\/2023\/10\/523-Etoile-Sheriff-Insigne-Broche.jpg","type":"image\/jpeg"}],"twitter_card":"summary_large_image","twitter_misc":{"Tempo di lettura stimato":"2 minuti"},"schema":{"@context":"https:\/\/schema.org","@graph":[{"@type":"WebPage","@id":"https:\/\/repliquemangacine.fr\/holster-accessoires-western\/etoile-sheriff-plaque-broche\/","url":"https:\/\/repliquemangacine.fr\/holster-accessoires-western\/etoile-sheriff-plaque-broche\/","name":"Spilla a stella per sceriffo - Accessori western - Denix | RMC","isPartOf":{"@id":"https:\/\/repliquemangacine.fr\/#website"},"primaryImageOfPage":{"@id":"https:\/\/repliquemangacine.fr\/holster-accessoires-western\/etoile-sheriff-plaque-broche\/#primaryimage"},"image":{"@id":"https:\/\/repliquemangacine.fr\/holster-accessoires-western\/etoile-sheriff-plaque-broche\/#primaryimage"},"thumbnailUrl":"https:\/\/repliquemangacine.fr\/wp-content\/uploads\/2023\/10\/523-Etoile-Sheriff-Insigne-Broche.jpg","datePublished":"2016-10-12T15:53:35+00:00","dateModified":"2026-03-27T14:05:34+00:00","description":"Regalatevi! Questa spilla a forma di stella dello sceriffo al miglior prezzo - Tutto in metallo inciso - 6 braccia - Accessorio indispensabile per il vostro abbigliamento - 4,5 cm","breadcrumb":{"@id":"https:\/\/repliquemangacine.fr\/holster-accessoires-western\/etoile-sheriff-plaque-broche\/#breadcrumb"},"inLanguage":"it-IT","potentialAction":[{"@type":"ReadAction","target":["https:\/\/repliquemangacine.fr\/holster-accessoires-western\/etoile-sheriff-plaque-broche\/"]}]},{"@type":"ImageObject","inLanguage":"it-IT","@id":"https:\/\/repliquemangacine.fr\/holster-accessoires-western\/etoile-sheriff-plaque-broche\/#primaryimage","url":"https:\/\/repliquemangacine.fr\/wp-content\/uploads\/2023\/10\/523-Etoile-Sheriff-Insigne-Broche.jpg","contentUrl":"https:\/\/repliquemangacine.fr\/wp-content\/uploads\/2023\/10\/523-Etoile-Sheriff-Insigne-Broche.jpg","width":800,"height":800,"caption":"Etoile Sheriff - Insigne Broche"},{"@type":"BreadcrumbList","@id":"https:\/\/repliquemangacine.fr\/holster-accessoires-western\/etoile-sheriff-plaque-broche\/#breadcrumb","itemListElement":[{"@type":"ListItem","position":1,"name":"Accueil","item":"https:\/\/repliquemangacine.fr\/"},{"@type":"ListItem","position":2,"name":"Produits","item":"https:\/\/repliquemangacine.fr\/boutique\/"},{"@type":"ListItem","position":3,"name":"Etoile Sheriff Plaque Broche"}]},{"@type":"WebSite","@id":"https:\/\/repliquemangacine.fr\/#website","url":"https:\/\/repliquemangacine.fr\/","name":"R\u00e9plique Manga Cin\u00e9","description":"","publisher":{"@id":"https:\/\/repliquemangacine.fr\/#organization"},"potentialAction":[{"@type":"SearchAction","target":{"@type":"EntryPoint","urlTemplate":"https:\/\/repliquemangacine.fr\/?s={search_term_string}"},"query-input":{"@type":"PropertyValueSpecification","valueRequired":true,"valueName":"search_term_string"}}],"inLanguage":"it-IT"},{"@type":"Organization","@id":"https:\/\/repliquemangacine.fr\/#organization","name":"R\u00e9plique Manga Cin\u00e9","url":"https:\/\/repliquemangacine.fr\/","logo":{"@type":"ImageObject","inLanguage":"it-IT","@id":"https:\/\/repliquemangacine.fr\/#\/schema\/logo\/image\/","url":"https:\/\/repliquemangacine.fr\/wp-content\/uploads\/2023\/10\/RMC-500250.png","contentUrl":"https:\/\/repliquemangacine.fr\/wp-content\/uploads\/2023\/10\/RMC-500250.png","width":500,"height":250,"caption":"R\u00e9plique Manga Cin\u00e9"},"image":{"@id":"https:\/\/repliquemangacine.fr\/#\/schema\/logo\/image\/"},"sameAs":["https:\/\/www.facebook.com\/RepliqueMangaCine","https:\/\/www.instagram.com\/repliquemangacine.fr\/"]}]}},"_links":{"self":[{"href":"https:\/\/repliquemangacine.fr\/it\/wp-json\/wp\/v2\/product\/25764","targetHints":{"allow":["GET"]}}],"collection":[{"href":"https:\/\/repliquemangacine.fr\/it\/wp-json\/wp\/v2\/product"}],"about":[{"href":"https:\/\/repliquemangacine.fr\/it\/wp-json\/wp\/v2\/types\/product"}],"wp:featuredmedia":[{"embeddable":true,"href":"https:\/\/repliquemangacine.fr\/it\/wp-json\/wp\/v2\/media\/25765"}],"wp:attachment":[{"href":"https:\/\/repliquemangacine.fr\/it\/wp-json\/wp\/v2\/media?parent=25764"}],"wp:term":[{"taxonomy":"product_brand","embeddable":true,"href":"https:\/\/repliquemangacine.fr\/it\/wp-json\/wp\/v2\/product_brand?post=25764"},{"taxonomy":"product_cat","embeddable":true,"href":"https:\/\/repliquemangacine.fr\/it\/wp-json\/wp\/v2\/product_cat?post=25764"},{"taxonomy":"product_tag","embeddable":true,"href":"https:\/\/repliquemangacine.fr\/it\/wp-json\/wp\/v2\/product_tag?post=25764"}],"curies":[{"name":"wp","href":"https:\/\/api.w.org\/{rel}","templated":true}]}}