





{"id":25754,"date":"2016-10-12T16:11:38","date_gmt":"2016-10-12T14:11:38","guid":{"rendered":"https:\/\/repliquemangacine.fr\/?post_type=product&#038;p=25754"},"modified":"2026-04-15T13:07:40","modified_gmt":"2026-04-15T11:07:40","slug":"distintivo-spilla-a-stella-dei-texas-rangers","status":"publish","type":"product","link":"https:\/\/repliquemangacine.fr\/it\/holster-accessoires-western\/etoile-texas-rangers-insigne-broche\/","title":{"rendered":"Etoile Texas Rangers"},"content":{"rendered":"<h2>Etoile Texas Rangers - Denix<\/h2>\n<p>Per cominciare, questo <strong>Etoile Texas Rangers<\/strong> in metallo decorato, l'accessorio indispensabile per il vostro costume western.<\/p>\n<p>Un'insegna \u00e8 un segno distintivo di appartenenza a un gruppo, a un grado o a una funzione.<\/p>\n<p>Al singolare, le insegne si riferiscono di solito all'elemento principale, solitamente metallico o tessile. Al plurale, le insegne si riferiscono a tutte le parti di una decorazione o ai diversi elementi che compongono un rango, un grado o una dignit\u00e0.<\/p>\n<p>Dal 1935, l'organizzazione \u00e8 una divisione del Dipartimento di Pubblica Sicurezza del Texas e svolge il ruolo di Texas State Bureau of Investigation.<\/p>\n<p>I Rangers presero parte a molti degli eventi pi\u00f9 importanti della storia del Texas e furono coinvolti in alcuni dei casi criminali pi\u00f9 noti della storia della conquista del West.<\/p>\n<h2>I vostri accessori western al miglior prezzo.<\/h2>\n<p>Offriamo un'ampia gamma di riproduzioni di accessori western.<\/p>\n<p>Innanzitutto,<\/p>\n<ul>\n<li>Il famoso fucile <a href=\"https:\/\/repliquemangacine.fr\/it\/fucile-winchester\/fucile-henry-guerra-civile-usa-1860\/\">Winchester Henry<\/a> per completare il travestimento.<\/li>\n<li>Cos\u00ec come <a href=\"https:\/\/repliquemangacine.fr\/it\/accessori-western\/blister-de-96-amorces-pour-pistolet-kolser\/\">inneschi per petardi<\/a> per i proiettili finti Kolser da accompagnare al revolver.<\/li>\n<li>Ci sono anche fruste in vera pelle, disponibili in due lunghezze.<\/li>\n<li>E molti altri da scoprire nel nostro negozio online!<\/li>\n<\/ul>\n<p>Ecco perch\u00e9 abbiamo pensato ad alcune idee regalo per gli appassionati di storia.<\/p>\n<p>In conclusione, \u00e8 possibile utilizzare questo <strong>Etoile Texas Rangers<\/strong> per le vostre serate country. Ma soprattutto, questa spilla \u00e8 un oggetto decorativo da collezione.<\/p>\n<p>R\u00e9plique Manga Cin\u00e9 \u00e8 un'azienda familiare francese. Distributore ufficiale del marchio <a href=\"https:\/\/www.denix.fr\/fr\/catalogue\/guerre-civile-occidentale-et-americaine-1861-1899\/plaques\/102\/\" target=\"_blank\" rel=\"noopener noreferrer\">Denix<\/a>.<\/p>","protected":false},"excerpt":{"rendered":"<p>La stella dei Texas Rangers \u00e8 l'accessorio essenziale per il vostro costume western.<\/p>\n<ul>\n<li>Questo distintivo a spilla \u00e8 realizzato in metallo argentato rotondo.<\/li>\n<li>Stella a 5 punte al centro.<\/li>\n<li>Inciso con la scritta Texas Rangers con decorazioni intorno al bordo e al centro della stella.<\/li>\n<li>Dimensioni: 4 cm - Peso: 10 gr.<\/li>\n<\/ul>","protected":false},"featured_media":25755,"template":"","meta":[],"product_brand":[896],"product_cat":[51,102,90,28,27],"product_tag":[],"class_list":{"0":"post-25754","1":"product","2":"type-product","3":"status-publish","4":"has-post-thumbnail","6":"product_brand-replique-manga-cine","7":"product_cat-accessoires-western","8":"product_cat-denix","9":"product_cat-holster-accessoires-western","10":"product_cat-repliques-darmes","11":"product_cat-armes-et-accessoires-western","13":"first","14":"instock","15":"taxable","16":"shipping-taxable","17":"purchasable","18":"product-type-simple"},"yoast_head":"<!-- This site is optimized with the Yoast SEO plugin v27.6 - https:\/\/yoast.com\/product\/yoast-seo-wordpress\/ -->\n<title>Etoile Texas Rangers - Insigne broche Diables Texans | RMC<\/title>\n<meta name=\"description\" content=\"Devenez un diable Texan avec cette Etoile Texas Rangers au meilleur prix - Tout en acier grav\u00e9 et d\u00e9cor\u00e9 - \u00c9pingle broche au dos - Diam\u00e8tre : 4 cm\" \/>\n<meta name=\"robots\" content=\"index, follow, max-snippet:-1, max-image-preview:large, max-video-preview:-1\" \/>\n<link rel=\"canonical\" href=\"https:\/\/repliquemangacine.fr\/it\/fondina-per-accessori-western\/distintivo-spilla-a-stella-dei-texas-rangers\/\" \/>\n<meta property=\"og:locale\" content=\"it_IT\" \/>\n<meta property=\"og:type\" content=\"article\" \/>\n<meta property=\"og:title\" content=\"Etoile Texas Rangers - Insigne broche Diables Texans | RMC\" \/>\n<meta property=\"og:description\" content=\"Devenez un diable Texan avec cette Etoile Texas Rangers au meilleur prix - Tout en acier grav\u00e9 et d\u00e9cor\u00e9 - \u00c9pingle broche au dos - Diam\u00e8tre : 4 cm\" \/>\n<meta property=\"og:url\" content=\"https:\/\/repliquemangacine.fr\/it\/fondina-per-accessori-western\/distintivo-spilla-a-stella-dei-texas-rangers\/\" \/>\n<meta property=\"og:site_name\" content=\"R\u00e9plique Manga Cin\u00e9\" \/>\n<meta property=\"article:publisher\" content=\"https:\/\/www.facebook.com\/RepliqueMangaCine\" \/>\n<meta property=\"article:modified_time\" content=\"2026-04-15T11:07:40+00:00\" \/>\n<meta property=\"og:image\" content=\"https:\/\/repliquemangacine.fr\/wp-content\/uploads\/2023\/10\/517-Etoile-Texas-Rangers-Insigne-Broche.jpg\" \/>\n\t<meta property=\"og:image:width\" content=\"700\" \/>\n\t<meta property=\"og:image:height\" content=\"700\" \/>\n\t<meta property=\"og:image:type\" content=\"image\/jpeg\" \/>\n<meta name=\"twitter:card\" content=\"summary_large_image\" \/>\n<meta name=\"twitter:label1\" content=\"Tempo di lettura stimato\" \/>\n\t<meta name=\"twitter:data1\" content=\"2 minuti\" \/>\n<script type=\"application\/ld+json\" class=\"yoast-schema-graph\">{\"@context\":\"https:\\\/\\\/schema.org\",\"@graph\":[{\"@type\":\"WebPage\",\"@id\":\"https:\\\/\\\/repliquemangacine.fr\\\/holster-accessoires-western\\\/etoile-texas-rangers-insigne-broche\\\/\",\"url\":\"https:\\\/\\\/repliquemangacine.fr\\\/holster-accessoires-western\\\/etoile-texas-rangers-insigne-broche\\\/\",\"name\":\"Etoile Texas Rangers - Insigne broche Diables Texans | RMC\",\"isPartOf\":{\"@id\":\"https:\\\/\\\/repliquemangacine.fr\\\/#website\"},\"primaryImageOfPage\":{\"@id\":\"https:\\\/\\\/repliquemangacine.fr\\\/holster-accessoires-western\\\/etoile-texas-rangers-insigne-broche\\\/#primaryimage\"},\"image\":{\"@id\":\"https:\\\/\\\/repliquemangacine.fr\\\/holster-accessoires-western\\\/etoile-texas-rangers-insigne-broche\\\/#primaryimage\"},\"thumbnailUrl\":\"https:\\\/\\\/repliquemangacine.fr\\\/wp-content\\\/uploads\\\/2023\\\/10\\\/517-Etoile-Texas-Rangers-Insigne-Broche.jpg\",\"datePublished\":\"2016-10-12T14:11:38+00:00\",\"dateModified\":\"2026-04-15T11:07:40+00:00\",\"description\":\"Devenez un diable Texan avec cette Etoile Texas Rangers au meilleur prix - Tout en acier grav\u00e9 et d\u00e9cor\u00e9 - \u00c9pingle broche au dos - Diam\u00e8tre : 4 cm\",\"breadcrumb\":{\"@id\":\"https:\\\/\\\/repliquemangacine.fr\\\/holster-accessoires-western\\\/etoile-texas-rangers-insigne-broche\\\/#breadcrumb\"},\"inLanguage\":\"it-IT\",\"potentialAction\":[{\"@type\":\"ReadAction\",\"target\":[\"https:\\\/\\\/repliquemangacine.fr\\\/holster-accessoires-western\\\/etoile-texas-rangers-insigne-broche\\\/\"]}]},{\"@type\":\"ImageObject\",\"inLanguage\":\"it-IT\",\"@id\":\"https:\\\/\\\/repliquemangacine.fr\\\/holster-accessoires-western\\\/etoile-texas-rangers-insigne-broche\\\/#primaryimage\",\"url\":\"https:\\\/\\\/repliquemangacine.fr\\\/wp-content\\\/uploads\\\/2023\\\/10\\\/517-Etoile-Texas-Rangers-Insigne-Broche.jpg\",\"contentUrl\":\"https:\\\/\\\/repliquemangacine.fr\\\/wp-content\\\/uploads\\\/2023\\\/10\\\/517-Etoile-Texas-Rangers-Insigne-Broche.jpg\",\"width\":700,\"height\":700,\"caption\":\"Etoile Texas Rangers - Insigne Broche\"},{\"@type\":\"BreadcrumbList\",\"@id\":\"https:\\\/\\\/repliquemangacine.fr\\\/holster-accessoires-western\\\/etoile-texas-rangers-insigne-broche\\\/#breadcrumb\",\"itemListElement\":[{\"@type\":\"ListItem\",\"position\":1,\"name\":\"Accueil\",\"item\":\"https:\\\/\\\/repliquemangacine.fr\\\/\"},{\"@type\":\"ListItem\",\"position\":2,\"name\":\"Produits\",\"item\":\"https:\\\/\\\/repliquemangacine.fr\\\/boutique\\\/\"},{\"@type\":\"ListItem\",\"position\":3,\"name\":\"Etoile Texas Rangers\"}]},{\"@type\":\"WebSite\",\"@id\":\"https:\\\/\\\/repliquemangacine.fr\\\/#website\",\"url\":\"https:\\\/\\\/repliquemangacine.fr\\\/\",\"name\":\"R\u00e9plique Manga Cin\u00e9\",\"description\":\"\",\"publisher\":{\"@id\":\"https:\\\/\\\/repliquemangacine.fr\\\/#organization\"},\"potentialAction\":[{\"@type\":\"SearchAction\",\"target\":{\"@type\":\"EntryPoint\",\"urlTemplate\":\"https:\\\/\\\/repliquemangacine.fr\\\/?s={search_term_string}\"},\"query-input\":{\"@type\":\"PropertyValueSpecification\",\"valueRequired\":true,\"valueName\":\"search_term_string\"}}],\"inLanguage\":\"it-IT\"},{\"@type\":\"Organization\",\"@id\":\"https:\\\/\\\/repliquemangacine.fr\\\/#organization\",\"name\":\"R\u00e9plique Manga Cin\u00e9\",\"url\":\"https:\\\/\\\/repliquemangacine.fr\\\/\",\"logo\":{\"@type\":\"ImageObject\",\"inLanguage\":\"it-IT\",\"@id\":\"https:\\\/\\\/repliquemangacine.fr\\\/#\\\/schema\\\/logo\\\/image\\\/\",\"url\":\"https:\\\/\\\/repliquemangacine.fr\\\/wp-content\\\/uploads\\\/2023\\\/10\\\/RMC-500250.png\",\"contentUrl\":\"https:\\\/\\\/repliquemangacine.fr\\\/wp-content\\\/uploads\\\/2023\\\/10\\\/RMC-500250.png\",\"width\":500,\"height\":250,\"caption\":\"R\u00e9plique Manga Cin\u00e9\"},\"image\":{\"@id\":\"https:\\\/\\\/repliquemangacine.fr\\\/#\\\/schema\\\/logo\\\/image\\\/\"},\"sameAs\":[\"https:\\\/\\\/www.facebook.com\\\/RepliqueMangaCine\",\"https:\\\/\\\/www.instagram.com\\\/repliquemangacine.fr\\\/\"]}]}<\/script>\n<!-- \/ Yoast SEO plugin. -->","yoast_head_json":{"title":"Distintivo Etoile Texas Rangers - Devils Texans | RMC","description":"Diventa un diavolo texano con questa stella dei Texas Rangers al miglior prezzo - Tutto in acciaio inciso e decorato - Spilla sul retro - Diametro: 4 cm","robots":{"index":"index","follow":"follow","max-snippet":"max-snippet:-1","max-image-preview":"max-image-preview:large","max-video-preview":"max-video-preview:-1"},"canonical":"https:\/\/repliquemangacine.fr\/it\/fondina-per-accessori-western\/distintivo-spilla-a-stella-dei-texas-rangers\/","og_locale":"it_IT","og_type":"article","og_title":"Etoile Texas Rangers - Insigne broche Diables Texans | RMC","og_description":"Devenez un diable Texan avec cette Etoile Texas Rangers au meilleur prix - Tout en acier grav\u00e9 et d\u00e9cor\u00e9 - \u00c9pingle broche au dos - Diam\u00e8tre : 4 cm","og_url":"https:\/\/repliquemangacine.fr\/it\/fondina-per-accessori-western\/distintivo-spilla-a-stella-dei-texas-rangers\/","og_site_name":"R\u00e9plique Manga Cin\u00e9","article_publisher":"https:\/\/www.facebook.com\/RepliqueMangaCine","article_modified_time":"2026-04-15T11:07:40+00:00","og_image":[{"width":700,"height":700,"url":"https:\/\/repliquemangacine.fr\/wp-content\/uploads\/2023\/10\/517-Etoile-Texas-Rangers-Insigne-Broche.jpg","type":"image\/jpeg"}],"twitter_card":"summary_large_image","twitter_misc":{"Tempo di lettura stimato":"2 minuti"},"schema":{"@context":"https:\/\/schema.org","@graph":[{"@type":"WebPage","@id":"https:\/\/repliquemangacine.fr\/holster-accessoires-western\/etoile-texas-rangers-insigne-broche\/","url":"https:\/\/repliquemangacine.fr\/holster-accessoires-western\/etoile-texas-rangers-insigne-broche\/","name":"Distintivo Etoile Texas Rangers - Devils Texans | RMC","isPartOf":{"@id":"https:\/\/repliquemangacine.fr\/#website"},"primaryImageOfPage":{"@id":"https:\/\/repliquemangacine.fr\/holster-accessoires-western\/etoile-texas-rangers-insigne-broche\/#primaryimage"},"image":{"@id":"https:\/\/repliquemangacine.fr\/holster-accessoires-western\/etoile-texas-rangers-insigne-broche\/#primaryimage"},"thumbnailUrl":"https:\/\/repliquemangacine.fr\/wp-content\/uploads\/2023\/10\/517-Etoile-Texas-Rangers-Insigne-Broche.jpg","datePublished":"2016-10-12T14:11:38+00:00","dateModified":"2026-04-15T11:07:40+00:00","description":"Diventa un diavolo texano con questa stella dei Texas Rangers al miglior prezzo - Tutto in acciaio inciso e decorato - Spilla sul retro - Diametro: 4 cm","breadcrumb":{"@id":"https:\/\/repliquemangacine.fr\/holster-accessoires-western\/etoile-texas-rangers-insigne-broche\/#breadcrumb"},"inLanguage":"it-IT","potentialAction":[{"@type":"ReadAction","target":["https:\/\/repliquemangacine.fr\/holster-accessoires-western\/etoile-texas-rangers-insigne-broche\/"]}]},{"@type":"ImageObject","inLanguage":"it-IT","@id":"https:\/\/repliquemangacine.fr\/holster-accessoires-western\/etoile-texas-rangers-insigne-broche\/#primaryimage","url":"https:\/\/repliquemangacine.fr\/wp-content\/uploads\/2023\/10\/517-Etoile-Texas-Rangers-Insigne-Broche.jpg","contentUrl":"https:\/\/repliquemangacine.fr\/wp-content\/uploads\/2023\/10\/517-Etoile-Texas-Rangers-Insigne-Broche.jpg","width":700,"height":700,"caption":"Etoile Texas Rangers - Insigne Broche"},{"@type":"BreadcrumbList","@id":"https:\/\/repliquemangacine.fr\/holster-accessoires-western\/etoile-texas-rangers-insigne-broche\/#breadcrumb","itemListElement":[{"@type":"ListItem","position":1,"name":"Accueil","item":"https:\/\/repliquemangacine.fr\/"},{"@type":"ListItem","position":2,"name":"Produits","item":"https:\/\/repliquemangacine.fr\/boutique\/"},{"@type":"ListItem","position":3,"name":"Etoile Texas Rangers"}]},{"@type":"WebSite","@id":"https:\/\/repliquemangacine.fr\/#website","url":"https:\/\/repliquemangacine.fr\/","name":"R\u00e9plique Manga Cin\u00e9","description":"","publisher":{"@id":"https:\/\/repliquemangacine.fr\/#organization"},"potentialAction":[{"@type":"SearchAction","target":{"@type":"EntryPoint","urlTemplate":"https:\/\/repliquemangacine.fr\/?s={search_term_string}"},"query-input":{"@type":"PropertyValueSpecification","valueRequired":true,"valueName":"search_term_string"}}],"inLanguage":"it-IT"},{"@type":"Organization","@id":"https:\/\/repliquemangacine.fr\/#organization","name":"R\u00e9plique Manga Cin\u00e9","url":"https:\/\/repliquemangacine.fr\/","logo":{"@type":"ImageObject","inLanguage":"it-IT","@id":"https:\/\/repliquemangacine.fr\/#\/schema\/logo\/image\/","url":"https:\/\/repliquemangacine.fr\/wp-content\/uploads\/2023\/10\/RMC-500250.png","contentUrl":"https:\/\/repliquemangacine.fr\/wp-content\/uploads\/2023\/10\/RMC-500250.png","width":500,"height":250,"caption":"R\u00e9plique Manga Cin\u00e9"},"image":{"@id":"https:\/\/repliquemangacine.fr\/#\/schema\/logo\/image\/"},"sameAs":["https:\/\/www.facebook.com\/RepliqueMangaCine","https:\/\/www.instagram.com\/repliquemangacine.fr\/"]}]}},"_links":{"self":[{"href":"https:\/\/repliquemangacine.fr\/it\/wp-json\/wp\/v2\/product\/25754","targetHints":{"allow":["GET"]}}],"collection":[{"href":"https:\/\/repliquemangacine.fr\/it\/wp-json\/wp\/v2\/product"}],"about":[{"href":"https:\/\/repliquemangacine.fr\/it\/wp-json\/wp\/v2\/types\/product"}],"wp:featuredmedia":[{"embeddable":true,"href":"https:\/\/repliquemangacine.fr\/it\/wp-json\/wp\/v2\/media\/25755"}],"wp:attachment":[{"href":"https:\/\/repliquemangacine.fr\/it\/wp-json\/wp\/v2\/media?parent=25754"}],"wp:term":[{"taxonomy":"product_brand","embeddable":true,"href":"https:\/\/repliquemangacine.fr\/it\/wp-json\/wp\/v2\/product_brand?post=25754"},{"taxonomy":"product_cat","embeddable":true,"href":"https:\/\/repliquemangacine.fr\/it\/wp-json\/wp\/v2\/product_cat?post=25754"},{"taxonomy":"product_tag","embeddable":true,"href":"https:\/\/repliquemangacine.fr\/it\/wp-json\/wp\/v2\/product_tag?post=25754"}],"curies":[{"name":"wp","href":"https:\/\/api.w.org\/{rel}","templated":true}]}}