





{"id":25751,"date":"2016-10-12T15:52:06","date_gmt":"2016-10-12T13:52:06","guid":{"rendered":"https:\/\/repliquemangacine.fr\/?post_type=product&#038;p=25751"},"modified":"2025-11-30T16:43:40","modified_gmt":"2025-11-30T15:43:40","slug":"spilla-con-distintivo-a-stella-dello-sceriffo","status":"publish","type":"product","link":"https:\/\/repliquemangacine.fr\/it\/holster-accessoires-western\/etoile-de-sherif-insigne-broche\/","title":{"rendered":"Stella dello sceriffo"},"content":{"rendered":"<h2>Stella dello sceriffo - Denix<\/h2>\n<p>Per cominciare, questo <strong>Stella dello sceriffo<\/strong> in metallo decorato, l'accessorio indispensabile per il vostro costume western.<\/p>\n<p>Un distintivo \u00e8 un segno distintivo di appartenenza a un gruppo, a un grado o a una funzione. Al singolare, il distintivo si riferisce solitamente all'elemento principale, di solito metallico o tessile. Al plurale, le insegne designano tutte le parti di una decorazione, o i diversi elementi che fanno parte di un rango, un grado o una dignit\u00e0.<\/p>\n<p>Negli Stati Uniti, lo sceriffo \u00e8 un funzionario eletto responsabile della giustizia a livello di contea. Ogni Stato \u00e8 diviso in contee (ad eccezione di Alaska e Louisiana), che comprendono un certo numero di comuni. Lo sceriffo \u00e8 una sorta di ministro della legge e dell'ordine nella contea. \u00c8 responsabile delle prigioni, dei tribunali civili e dell'applicazione di leggi e regolamenti.<\/p>\n<h2>I vostri accessori western al miglior prezzo.<\/h2>\n<p>Offriamo un'ampia gamma di riproduzioni di accessori western.<\/p>\n<p>Innanzitutto,<\/p>\n<ul>\n<li>Lo sceriffo porta sempre con s\u00e9 la sua Colt e il suo <a href=\"https:\/\/repliquemangacine.fr\/it\/fucile-winchester-western-country\/fucile-winchester-yellow-boy-1866\/\">winchester Ragazzo Giallo<\/a><\/li>\n<li>Cos\u00ec come<a href=\"https:\/\/repliquemangacine.fr\/it\/accessori-per-fondine\/6-balles-factices-pour-winchester-denix\/\"> proiettili finti<\/a> per accompagnare il fucile.<\/li>\n<li>Esistono anche fruste in vera pelle, disponibili in due lunghezze.<\/li>\n<li>E molti altri da scoprire nel nostro negozio online!<\/li>\n<\/ul>\n<p>Ecco perch\u00e9 abbiamo pensato ad alcune idee regalo per gli appassionati di storia.<\/p>\n<p>In conclusione, \u00e8 possibile utilizzare questo <strong>Stella dello sceriffo<\/strong> per le vostre serate country. Ma soprattutto, questa spilla \u00e8 un oggetto decorativo da collezione.<\/p>\n<p>R\u00e9plique Manga Cin\u00e9 \u00e8 un'azienda familiare francese. Distributore ufficiale del marchio <a href=\"https:\/\/www.denix.fr\/fr\/catalogue\/guerre-civile-occidentale-et-americaine-1861-1899\/plaques\/101\/\" target=\"_blank\" rel=\"noopener noreferrer\">Denix<\/a>.<\/p>","protected":false},"excerpt":{"rendered":"<p>La stella dello sceriffo \u00e8 l'accessorio essenziale per il vostro costume western.<\/p>\n<ul>\n<li>Questo distintivo a spilla \u00e8 realizzato in metallo argentato a 6 punte.<\/li>\n<li>Inciso con l'iscrizione Sheriff con decorazione sui sei bracci.<\/li>\n<li>Dimensioni: 7,5 cm - Peso: 23 gr.<\/li>\n<\/ul>","protected":false},"featured_media":25752,"template":"","meta":[],"product_brand":[896],"product_cat":[51,102,90,28,27],"product_tag":[],"class_list":{"0":"post-25751","1":"product","2":"type-product","3":"status-publish","4":"has-post-thumbnail","6":"product_brand-replique-manga-cine","7":"product_cat-accessoires-western","8":"product_cat-denix","9":"product_cat-holster-accessoires-western","10":"product_cat-repliques-darmes","11":"product_cat-armes-et-accessoires-western","13":"first","14":"instock","15":"taxable","16":"shipping-taxable","17":"purchasable","18":"product-type-simple"},"yoast_head":"<!-- This site is optimized with the Yoast SEO plugin v27.4 - https:\/\/yoast.com\/product\/yoast-seo-wordpress\/ -->\n<title>Etoile de Sh\u00e9rif - Vente en ligne d&#039;Accessoires Western | RMC<\/title>\n<meta name=\"description\" content=\"Offrez-vous ! Cette Etoile de Sherif au meilleur prix - Tout en m\u00e9tal grav\u00e9 - \u00c9pingle broche au dos - 6 branches - Dimensions : 7.5 cm\" \/>\n<meta name=\"robots\" content=\"index, follow, max-snippet:-1, max-image-preview:large, max-video-preview:-1\" \/>\n<link rel=\"canonical\" href=\"https:\/\/repliquemangacine.fr\/it\/denix\/spilla-con-distintivo-a-stella-dello-sceriffo\/\" \/>\n<meta property=\"og:locale\" content=\"it_IT\" \/>\n<meta property=\"og:type\" content=\"article\" \/>\n<meta property=\"og:title\" content=\"Etoile de Sh\u00e9rif - Vente en ligne d&#039;Accessoires Western | RMC\" \/>\n<meta property=\"og:description\" content=\"Offrez-vous ! Cette Etoile de Sherif au meilleur prix - Tout en m\u00e9tal grav\u00e9 - \u00c9pingle broche au dos - 6 branches - Dimensions : 7.5 cm\" \/>\n<meta property=\"og:url\" content=\"https:\/\/repliquemangacine.fr\/it\/denix\/spilla-con-distintivo-a-stella-dello-sceriffo\/\" \/>\n<meta property=\"og:site_name\" content=\"R\u00e9plique Manga Cin\u00e9\" \/>\n<meta property=\"article:publisher\" content=\"https:\/\/www.facebook.com\/RepliqueMangaCine\" \/>\n<meta property=\"article:modified_time\" content=\"2025-11-30T15:43:40+00:00\" \/>\n<meta property=\"og:image\" content=\"https:\/\/repliquemangacine.fr\/wp-content\/uploads\/2023\/10\/515-Etoile-de-Sherif-Insigne-broche.jpg\" \/>\n\t<meta property=\"og:image:width\" content=\"800\" \/>\n\t<meta property=\"og:image:height\" content=\"800\" \/>\n\t<meta property=\"og:image:type\" content=\"image\/jpeg\" \/>\n<meta name=\"twitter:card\" content=\"summary_large_image\" \/>\n<meta name=\"twitter:label1\" content=\"Tempo di lettura stimato\" \/>\n\t<meta name=\"twitter:data1\" content=\"2 minuti\" \/>\n<script type=\"application\/ld+json\" class=\"yoast-schema-graph\">{\"@context\":\"https:\\\/\\\/schema.org\",\"@graph\":[{\"@type\":\"WebPage\",\"@id\":\"https:\\\/\\\/repliquemangacine.fr\\\/denix\\\/etoile-de-sherif-insigne-broche\\\/\",\"url\":\"https:\\\/\\\/repliquemangacine.fr\\\/denix\\\/etoile-de-sherif-insigne-broche\\\/\",\"name\":\"Etoile de Sh\u00e9rif - Vente en ligne d'Accessoires Western | RMC\",\"isPartOf\":{\"@id\":\"https:\\\/\\\/repliquemangacine.fr\\\/#website\"},\"primaryImageOfPage\":{\"@id\":\"https:\\\/\\\/repliquemangacine.fr\\\/denix\\\/etoile-de-sherif-insigne-broche\\\/#primaryimage\"},\"image\":{\"@id\":\"https:\\\/\\\/repliquemangacine.fr\\\/denix\\\/etoile-de-sherif-insigne-broche\\\/#primaryimage\"},\"thumbnailUrl\":\"https:\\\/\\\/repliquemangacine.fr\\\/wp-content\\\/uploads\\\/2023\\\/10\\\/515-Etoile-de-Sherif-Insigne-broche.jpg\",\"datePublished\":\"2016-10-12T13:52:06+00:00\",\"dateModified\":\"2025-11-30T15:43:40+00:00\",\"description\":\"Offrez-vous ! Cette Etoile de Sherif au meilleur prix - Tout en m\u00e9tal grav\u00e9 - \u00c9pingle broche au dos - 6 branches - Dimensions : 7.5 cm\",\"breadcrumb\":{\"@id\":\"https:\\\/\\\/repliquemangacine.fr\\\/denix\\\/etoile-de-sherif-insigne-broche\\\/#breadcrumb\"},\"inLanguage\":\"it-IT\",\"potentialAction\":[{\"@type\":\"ReadAction\",\"target\":[\"https:\\\/\\\/repliquemangacine.fr\\\/denix\\\/etoile-de-sherif-insigne-broche\\\/\"]}]},{\"@type\":\"ImageObject\",\"inLanguage\":\"it-IT\",\"@id\":\"https:\\\/\\\/repliquemangacine.fr\\\/denix\\\/etoile-de-sherif-insigne-broche\\\/#primaryimage\",\"url\":\"https:\\\/\\\/repliquemangacine.fr\\\/wp-content\\\/uploads\\\/2023\\\/10\\\/515-Etoile-de-Sherif-Insigne-broche.jpg\",\"contentUrl\":\"https:\\\/\\\/repliquemangacine.fr\\\/wp-content\\\/uploads\\\/2023\\\/10\\\/515-Etoile-de-Sherif-Insigne-broche.jpg\",\"width\":800,\"height\":800,\"caption\":\"Etoile de Sherif - Insigne broche\"},{\"@type\":\"BreadcrumbList\",\"@id\":\"https:\\\/\\\/repliquemangacine.fr\\\/denix\\\/etoile-de-sherif-insigne-broche\\\/#breadcrumb\",\"itemListElement\":[{\"@type\":\"ListItem\",\"position\":1,\"name\":\"Accueil\",\"item\":\"https:\\\/\\\/repliquemangacine.fr\\\/\"},{\"@type\":\"ListItem\",\"position\":2,\"name\":\"Produits\",\"item\":\"https:\\\/\\\/repliquemangacine.fr\\\/boutique\\\/\"},{\"@type\":\"ListItem\",\"position\":3,\"name\":\"Etoile de Sh\u00e9rif\"}]},{\"@type\":\"WebSite\",\"@id\":\"https:\\\/\\\/repliquemangacine.fr\\\/#website\",\"url\":\"https:\\\/\\\/repliquemangacine.fr\\\/\",\"name\":\"R\u00e9plique Manga Cin\u00e9\",\"description\":\"\",\"publisher\":{\"@id\":\"https:\\\/\\\/repliquemangacine.fr\\\/#organization\"},\"potentialAction\":[{\"@type\":\"SearchAction\",\"target\":{\"@type\":\"EntryPoint\",\"urlTemplate\":\"https:\\\/\\\/repliquemangacine.fr\\\/?s={search_term_string}\"},\"query-input\":{\"@type\":\"PropertyValueSpecification\",\"valueRequired\":true,\"valueName\":\"search_term_string\"}}],\"inLanguage\":\"it-IT\"},{\"@type\":\"Organization\",\"@id\":\"https:\\\/\\\/repliquemangacine.fr\\\/#organization\",\"name\":\"R\u00e9plique Manga Cin\u00e9\",\"url\":\"https:\\\/\\\/repliquemangacine.fr\\\/\",\"logo\":{\"@type\":\"ImageObject\",\"inLanguage\":\"it-IT\",\"@id\":\"https:\\\/\\\/repliquemangacine.fr\\\/#\\\/schema\\\/logo\\\/image\\\/\",\"url\":\"https:\\\/\\\/repliquemangacine.fr\\\/wp-content\\\/uploads\\\/2023\\\/10\\\/RMC-500250.png\",\"contentUrl\":\"https:\\\/\\\/repliquemangacine.fr\\\/wp-content\\\/uploads\\\/2023\\\/10\\\/RMC-500250.png\",\"width\":500,\"height\":250,\"caption\":\"R\u00e9plique Manga Cin\u00e9\"},\"image\":{\"@id\":\"https:\\\/\\\/repliquemangacine.fr\\\/#\\\/schema\\\/logo\\\/image\\\/\"},\"sameAs\":[\"https:\\\/\\\/www.facebook.com\\\/RepliqueMangaCine\",\"https:\\\/\\\/www.instagram.com\\\/repliquemangacine.fr\\\/\"]}]}<\/script>\n<!-- \/ Yoast SEO plugin. -->","yoast_head_json":{"title":"Etoile de Sh\u00e9rif - Vendita online di accessori occidentali | RMC","description":"Regalatevi! Questa Stella dello Sceriffo al miglior prezzo - Tutto in metallo inciso - Spilla sul retro - 6 rami - Dimensioni : 7,5 cm","robots":{"index":"index","follow":"follow","max-snippet":"max-snippet:-1","max-image-preview":"max-image-preview:large","max-video-preview":"max-video-preview:-1"},"canonical":"https:\/\/repliquemangacine.fr\/it\/denix\/spilla-con-distintivo-a-stella-dello-sceriffo\/","og_locale":"it_IT","og_type":"article","og_title":"Etoile de Sh\u00e9rif - Vente en ligne d'Accessoires Western | RMC","og_description":"Offrez-vous ! Cette Etoile de Sherif au meilleur prix - Tout en m\u00e9tal grav\u00e9 - \u00c9pingle broche au dos - 6 branches - Dimensions : 7.5 cm","og_url":"https:\/\/repliquemangacine.fr\/it\/denix\/spilla-con-distintivo-a-stella-dello-sceriffo\/","og_site_name":"R\u00e9plique Manga Cin\u00e9","article_publisher":"https:\/\/www.facebook.com\/RepliqueMangaCine","article_modified_time":"2025-11-30T15:43:40+00:00","og_image":[{"width":800,"height":800,"url":"https:\/\/repliquemangacine.fr\/wp-content\/uploads\/2023\/10\/515-Etoile-de-Sherif-Insigne-broche.jpg","type":"image\/jpeg"}],"twitter_card":"summary_large_image","twitter_misc":{"Tempo di lettura stimato":"2 minuti"},"schema":{"@context":"https:\/\/schema.org","@graph":[{"@type":"WebPage","@id":"https:\/\/repliquemangacine.fr\/denix\/etoile-de-sherif-insigne-broche\/","url":"https:\/\/repliquemangacine.fr\/denix\/etoile-de-sherif-insigne-broche\/","name":"Etoile de Sh\u00e9rif - Vendita online di accessori occidentali | RMC","isPartOf":{"@id":"https:\/\/repliquemangacine.fr\/#website"},"primaryImageOfPage":{"@id":"https:\/\/repliquemangacine.fr\/denix\/etoile-de-sherif-insigne-broche\/#primaryimage"},"image":{"@id":"https:\/\/repliquemangacine.fr\/denix\/etoile-de-sherif-insigne-broche\/#primaryimage"},"thumbnailUrl":"https:\/\/repliquemangacine.fr\/wp-content\/uploads\/2023\/10\/515-Etoile-de-Sherif-Insigne-broche.jpg","datePublished":"2016-10-12T13:52:06+00:00","dateModified":"2025-11-30T15:43:40+00:00","description":"Regalatevi! Questa Stella dello Sceriffo al miglior prezzo - Tutto in metallo inciso - Spilla sul retro - 6 rami - Dimensioni : 7,5 cm","breadcrumb":{"@id":"https:\/\/repliquemangacine.fr\/denix\/etoile-de-sherif-insigne-broche\/#breadcrumb"},"inLanguage":"it-IT","potentialAction":[{"@type":"ReadAction","target":["https:\/\/repliquemangacine.fr\/denix\/etoile-de-sherif-insigne-broche\/"]}]},{"@type":"ImageObject","inLanguage":"it-IT","@id":"https:\/\/repliquemangacine.fr\/denix\/etoile-de-sherif-insigne-broche\/#primaryimage","url":"https:\/\/repliquemangacine.fr\/wp-content\/uploads\/2023\/10\/515-Etoile-de-Sherif-Insigne-broche.jpg","contentUrl":"https:\/\/repliquemangacine.fr\/wp-content\/uploads\/2023\/10\/515-Etoile-de-Sherif-Insigne-broche.jpg","width":800,"height":800,"caption":"Etoile de Sherif - Insigne broche"},{"@type":"BreadcrumbList","@id":"https:\/\/repliquemangacine.fr\/denix\/etoile-de-sherif-insigne-broche\/#breadcrumb","itemListElement":[{"@type":"ListItem","position":1,"name":"Accueil","item":"https:\/\/repliquemangacine.fr\/"},{"@type":"ListItem","position":2,"name":"Produits","item":"https:\/\/repliquemangacine.fr\/boutique\/"},{"@type":"ListItem","position":3,"name":"Etoile de Sh\u00e9rif"}]},{"@type":"WebSite","@id":"https:\/\/repliquemangacine.fr\/#website","url":"https:\/\/repliquemangacine.fr\/","name":"R\u00e9plique Manga Cin\u00e9","description":"","publisher":{"@id":"https:\/\/repliquemangacine.fr\/#organization"},"potentialAction":[{"@type":"SearchAction","target":{"@type":"EntryPoint","urlTemplate":"https:\/\/repliquemangacine.fr\/?s={search_term_string}"},"query-input":{"@type":"PropertyValueSpecification","valueRequired":true,"valueName":"search_term_string"}}],"inLanguage":"it-IT"},{"@type":"Organization","@id":"https:\/\/repliquemangacine.fr\/#organization","name":"R\u00e9plique Manga Cin\u00e9","url":"https:\/\/repliquemangacine.fr\/","logo":{"@type":"ImageObject","inLanguage":"it-IT","@id":"https:\/\/repliquemangacine.fr\/#\/schema\/logo\/image\/","url":"https:\/\/repliquemangacine.fr\/wp-content\/uploads\/2023\/10\/RMC-500250.png","contentUrl":"https:\/\/repliquemangacine.fr\/wp-content\/uploads\/2023\/10\/RMC-500250.png","width":500,"height":250,"caption":"R\u00e9plique Manga Cin\u00e9"},"image":{"@id":"https:\/\/repliquemangacine.fr\/#\/schema\/logo\/image\/"},"sameAs":["https:\/\/www.facebook.com\/RepliqueMangaCine","https:\/\/www.instagram.com\/repliquemangacine.fr\/"]}]}},"_links":{"self":[{"href":"https:\/\/repliquemangacine.fr\/it\/wp-json\/wp\/v2\/product\/25751","targetHints":{"allow":["GET"]}}],"collection":[{"href":"https:\/\/repliquemangacine.fr\/it\/wp-json\/wp\/v2\/product"}],"about":[{"href":"https:\/\/repliquemangacine.fr\/it\/wp-json\/wp\/v2\/types\/product"}],"wp:featuredmedia":[{"embeddable":true,"href":"https:\/\/repliquemangacine.fr\/it\/wp-json\/wp\/v2\/media\/25752"}],"wp:attachment":[{"href":"https:\/\/repliquemangacine.fr\/it\/wp-json\/wp\/v2\/media?parent=25751"}],"wp:term":[{"taxonomy":"product_brand","embeddable":true,"href":"https:\/\/repliquemangacine.fr\/it\/wp-json\/wp\/v2\/product_brand?post=25751"},{"taxonomy":"product_cat","embeddable":true,"href":"https:\/\/repliquemangacine.fr\/it\/wp-json\/wp\/v2\/product_cat?post=25751"},{"taxonomy":"product_tag","embeddable":true,"href":"https:\/\/repliquemangacine.fr\/it\/wp-json\/wp\/v2\/product_tag?post=25751"}],"curies":[{"name":"wp","href":"https:\/\/api.w.org\/{rel}","templated":true}]}}