





{"id":25744,"date":"2016-10-11T19:53:51","date_gmt":"2016-10-11T17:53:51","guid":{"rendered":"https:\/\/repliquemangacine.fr\/?post_type=product&#038;p=25744"},"modified":"2026-04-06T17:07:04","modified_gmt":"2026-04-06T15:07:04","slug":"elmo-reale-lannister","status":"publish","type":"product","link":"https:\/\/repliquemangacine.fr\/it\/collectors-et-goodies-game-of-thrones\/casque-royal-des-lannister\/","title":{"rendered":"Elmo del re GOT"},"content":{"rendered":"<h2>Elmo reale Lannister in Game of Thrones<\/h2>\n<p>Per cominciare, il <strong>Elmo reale Lannister<\/strong> \u00e8 realizzato in modo eccellente, completamente funzionale.<\/p>\n<p>La Casa Lannister \u00e8 una delle grandi casate di Westeros ed \u00e8 stata per un certo periodo la casata reale dei Sette Regni, sotto Cersei Lannister, succeduta brevemente dalla Casa Targaryen.<br \/>\nRegnano sulla vasta regione delle Terre dell'Ovest dalla loro sede, Castral Roc, un castello che domina Port-Lannis.<\/p>\n<p>Continuiamo con i membri imprescindibili dei Lannister:<\/p>\n<ul>\n<li style=\"list-style-type: none;\">\n<ul>\n<li>Lord Tywin Lannister. Signore di Casterly Rock<\/li>\n<li>Poi Cersei Lannister, regina reggente delle Sette Corone.<\/li>\n<li>Cos\u00ec come Jaime Lannister, noto come \"lo Sterminatore di Re\", Lord Comandante della Guardia Reale.<\/li>\n<li>Il secondogenito di Tywin e legittimo erede, Tyrion Lannister, detto \"il Nano\".<\/li>\n<\/ul>\n<\/li>\n<\/ul>\n<p>Il motto dei Lannister \u00e8 \"Io ruggisco\" e il loro emblema \u00e8 un leone. Tuttavia, il loro motto non ufficiale, anch'esso molto conosciuto, \u00e8 \"Un Lannister paga sempre i suoi debiti\".<\/p>\n<h2>Elmo reale Lannister al miglior prezzo.<\/h2>\n<p>Vi proponiamo tutte le repliche dei vostri personaggi preferiti della serie Game Of Thrones.<\/p>\n<p>Innanzitutto,<\/p>\n<ul>\n<li>La replica del<a href=\"https:\/\/repliquemangacine.fr\/it\/spade-di-game-of-thrones\/jaime-lannister-spada-game-of-thrones\/\">La spada di Jaime Lannister<\/a>\u00a0 con piatto di presentazione.<\/li>\n<li>Oltre all'armatura<a href=\"https:\/\/repliquemangacine.fr\/it\/gioco-del-trono\/gioco-del-trono-armatura-lannister-completa\/\"> famiglia Lannister al completo<\/a> tutti in acciaio e ottone.<\/li>\n<li>Ci sono anche uova di drago distribuite da <a href=\"https:\/\/noblecollection.fr\/game-thrones-oeuf-rhaegal-p-4792.html\" target=\"_blank\" rel=\"noopener noreferrer\">La collezione Noble<\/a>.<\/li>\n<li>E c'\u00e8 molto altro da scoprire!<\/li>\n<\/ul>\n<p>Ecco quindi alcune fantastiche idee regalo per i fan di Game of Thrones.<\/p>\n<p>In conclusione, potete anche utilizzare l'Elmo Reale dei Lannister per le vostre sfilate di cosplay o le vostre feste a tema. Ma prima di tutto, \u00e8 un oggetto da collezione e da esposizione.<\/p>\n<h2>Le ultime uscite economiche di Game of Thrones.<\/h2>\n<p>Il nostro obiettivo \u00e8 soddisfarvi, per questo facciamo tutto il possibile per trovare gli oggetti da collezione che state cercando. Non esitate quindi a comunicarci le vostre richieste e i vostri commenti, affinch\u00e9 possiamo continuare insieme questa avventura!<\/p>\n<p>Innanzitutto,<\/p>\n<ul>\n<li>La <a href=\"https:\/\/repliquemangacine.fr\/it\/game-of-thrones-collezionismo-e-curiosita\/armatura-lannister-60cm-game-of-thrones\/\">mini armature<\/a> della guardia reale Lannister interamente in metallo.<\/li>\n<li>Cos\u00ec come le uova di drago HBO di Daenerys<\/li>\n<li>Ci sono anche tazze di Game of Thrones<\/li>\n<\/ul>\n<p>E molti altri da scoprire!<\/p>\n<p>Prossimamente avremo il piacere di proporvi le figurine Funko pop...<\/p>\n<p>R\u00e9plique Manga Cin\u00e9 \u00e8 un'azienda familiare francese.<\/p>","protected":false},"excerpt":{"rendered":"<p>Elmo reale Lannister in Game of Thrones.<\/p>\n<ul>\n<li>Acciaio, calibro 18, finitura ottone.<\/li>\n<li>Cinturino in pelle sovrapposto.<\/li>\n<li>Fodera in cotone imbottito.<\/li>\n<li>Portacasco.<\/li>\n<li>Funzionale.<\/li>\n<li>Altezza: 38 cm - Larghezza: 21 cm - Peso: 3200 gr.<\/li>\n<li>Profondit\u00e0: 25 cm - Circonferenza: 64 cm<\/li>\n<\/ul>","protected":false},"featured_media":25745,"template":"","meta":[],"product_brand":[896],"product_cat":[81,24,47],"product_tag":[],"class_list":{"0":"post-25744","1":"product","2":"type-product","3":"status-publish","4":"has-post-thumbnail","6":"product_brand-replique-manga-cine","7":"product_cat-collectors-et-goodies-game-of-thrones","8":"product_cat-films-series-tv-vente-de-katana-epee-et-produits-derives","9":"product_cat-game-of-thrones","11":"first","12":"instock","13":"sale","14":"taxable","15":"shipping-taxable","16":"purchasable","17":"product-type-simple"},"yoast_head":"<!-- This site is optimized with the Yoast SEO plugin v27.4 - https:\/\/yoast.com\/product\/yoast-seo-wordpress\/ -->\n<title>Casque Royal des Lannister - Game of Thrones | RMC<\/title>\n<meta name=\"description\" content=\"Cette reproduction du Casque royal des Lannister dans Game of Trones au meilleur prix. En acier finition laiton - Echelle 1\/1 - Casque fonctionnel\" \/>\n<meta name=\"robots\" content=\"index, follow, max-snippet:-1, max-image-preview:large, max-video-preview:-1\" \/>\n<link rel=\"canonical\" href=\"https:\/\/repliquemangacine.fr\/it\/game-of-thrones-collezionismo-e-curiosita\/elmo-reale-lannister\/\" \/>\n<meta property=\"og:locale\" content=\"it_IT\" \/>\n<meta property=\"og:type\" content=\"article\" \/>\n<meta property=\"og:title\" content=\"Casque Royal des Lannister - Game of Thrones | RMC\" \/>\n<meta property=\"og:description\" content=\"Cette reproduction du Casque royal des Lannister dans Game of Trones au meilleur prix. En acier finition laiton - Echelle 1\/1 - Casque fonctionnel\" \/>\n<meta property=\"og:url\" content=\"https:\/\/repliquemangacine.fr\/it\/game-of-thrones-collezionismo-e-curiosita\/elmo-reale-lannister\/\" \/>\n<meta property=\"og:site_name\" content=\"R\u00e9plique Manga Cin\u00e9\" \/>\n<meta property=\"article:publisher\" content=\"https:\/\/www.facebook.com\/RepliqueMangaCine\" \/>\n<meta property=\"article:modified_time\" content=\"2026-04-06T15:07:04+00:00\" \/>\n<meta property=\"og:image\" content=\"https:\/\/repliquemangacine.fr\/wp-content\/uploads\/2023\/10\/1535-Game-of-Thrones-Casque-du-roi.jpg\" \/>\n\t<meta property=\"og:image:width\" content=\"800\" \/>\n\t<meta property=\"og:image:height\" content=\"800\" \/>\n\t<meta property=\"og:image:type\" content=\"image\/jpeg\" \/>\n<meta name=\"twitter:card\" content=\"summary_large_image\" \/>\n<meta name=\"twitter:label1\" content=\"Tempo di lettura stimato\" \/>\n\t<meta name=\"twitter:data1\" content=\"2 minuti\" \/>\n<script type=\"application\/ld+json\" class=\"yoast-schema-graph\">{\"@context\":\"https:\\\/\\\/schema.org\",\"@graph\":[{\"@type\":\"WebPage\",\"@id\":\"https:\\\/\\\/repliquemangacine.fr\\\/collectors-et-goodies-game-of-thrones\\\/casque-royal-des-lannister\\\/\",\"url\":\"https:\\\/\\\/repliquemangacine.fr\\\/collectors-et-goodies-game-of-thrones\\\/casque-royal-des-lannister\\\/\",\"name\":\"Casque Royal des Lannister - Game of Thrones | RMC\",\"isPartOf\":{\"@id\":\"https:\\\/\\\/repliquemangacine.fr\\\/#website\"},\"primaryImageOfPage\":{\"@id\":\"https:\\\/\\\/repliquemangacine.fr\\\/collectors-et-goodies-game-of-thrones\\\/casque-royal-des-lannister\\\/#primaryimage\"},\"image\":{\"@id\":\"https:\\\/\\\/repliquemangacine.fr\\\/collectors-et-goodies-game-of-thrones\\\/casque-royal-des-lannister\\\/#primaryimage\"},\"thumbnailUrl\":\"https:\\\/\\\/repliquemangacine.fr\\\/wp-content\\\/uploads\\\/2023\\\/10\\\/1535-Game-of-Thrones-Casque-du-roi.jpg\",\"datePublished\":\"2016-10-11T17:53:51+00:00\",\"dateModified\":\"2026-04-06T15:07:04+00:00\",\"description\":\"Cette reproduction du Casque royal des Lannister dans Game of Trones au meilleur prix. En acier finition laiton - Echelle 1\\\/1 - Casque fonctionnel\",\"breadcrumb\":{\"@id\":\"https:\\\/\\\/repliquemangacine.fr\\\/collectors-et-goodies-game-of-thrones\\\/casque-royal-des-lannister\\\/#breadcrumb\"},\"inLanguage\":\"it-IT\",\"potentialAction\":[{\"@type\":\"ReadAction\",\"target\":[\"https:\\\/\\\/repliquemangacine.fr\\\/collectors-et-goodies-game-of-thrones\\\/casque-royal-des-lannister\\\/\"]}]},{\"@type\":\"ImageObject\",\"inLanguage\":\"it-IT\",\"@id\":\"https:\\\/\\\/repliquemangacine.fr\\\/collectors-et-goodies-game-of-thrones\\\/casque-royal-des-lannister\\\/#primaryimage\",\"url\":\"https:\\\/\\\/repliquemangacine.fr\\\/wp-content\\\/uploads\\\/2023\\\/10\\\/1535-Game-of-Thrones-Casque-du-roi.jpg\",\"contentUrl\":\"https:\\\/\\\/repliquemangacine.fr\\\/wp-content\\\/uploads\\\/2023\\\/10\\\/1535-Game-of-Thrones-Casque-du-roi.jpg\",\"width\":800,\"height\":800,\"caption\":\"Casque Royal des Lannister -Game of Thrones\"},{\"@type\":\"BreadcrumbList\",\"@id\":\"https:\\\/\\\/repliquemangacine.fr\\\/collectors-et-goodies-game-of-thrones\\\/casque-royal-des-lannister\\\/#breadcrumb\",\"itemListElement\":[{\"@type\":\"ListItem\",\"position\":1,\"name\":\"Accueil\",\"item\":\"https:\\\/\\\/repliquemangacine.fr\\\/\"},{\"@type\":\"ListItem\",\"position\":2,\"name\":\"Produits\",\"item\":\"https:\\\/\\\/repliquemangacine.fr\\\/boutique\\\/\"},{\"@type\":\"ListItem\",\"position\":3,\"name\":\"Casque du roi GOT\"}]},{\"@type\":\"WebSite\",\"@id\":\"https:\\\/\\\/repliquemangacine.fr\\\/#website\",\"url\":\"https:\\\/\\\/repliquemangacine.fr\\\/\",\"name\":\"R\u00e9plique Manga Cin\u00e9\",\"description\":\"\",\"publisher\":{\"@id\":\"https:\\\/\\\/repliquemangacine.fr\\\/#organization\"},\"potentialAction\":[{\"@type\":\"SearchAction\",\"target\":{\"@type\":\"EntryPoint\",\"urlTemplate\":\"https:\\\/\\\/repliquemangacine.fr\\\/?s={search_term_string}\"},\"query-input\":{\"@type\":\"PropertyValueSpecification\",\"valueRequired\":true,\"valueName\":\"search_term_string\"}}],\"inLanguage\":\"it-IT\"},{\"@type\":\"Organization\",\"@id\":\"https:\\\/\\\/repliquemangacine.fr\\\/#organization\",\"name\":\"R\u00e9plique Manga Cin\u00e9\",\"url\":\"https:\\\/\\\/repliquemangacine.fr\\\/\",\"logo\":{\"@type\":\"ImageObject\",\"inLanguage\":\"it-IT\",\"@id\":\"https:\\\/\\\/repliquemangacine.fr\\\/#\\\/schema\\\/logo\\\/image\\\/\",\"url\":\"https:\\\/\\\/repliquemangacine.fr\\\/wp-content\\\/uploads\\\/2023\\\/10\\\/RMC-500250.png\",\"contentUrl\":\"https:\\\/\\\/repliquemangacine.fr\\\/wp-content\\\/uploads\\\/2023\\\/10\\\/RMC-500250.png\",\"width\":500,\"height\":250,\"caption\":\"R\u00e9plique Manga Cin\u00e9\"},\"image\":{\"@id\":\"https:\\\/\\\/repliquemangacine.fr\\\/#\\\/schema\\\/logo\\\/image\\\/\"},\"sameAs\":[\"https:\\\/\\\/www.facebook.com\\\/RepliqueMangaCine\",\"https:\\\/\\\/www.instagram.com\\\/repliquemangacine.fr\\\/\"]}]}<\/script>\n<!-- \/ Yoast SEO plugin. -->","yoast_head_json":{"title":"Elmo reale Lannister - Game of Thrones | RMC","description":"Questa riproduzione dell'elmo reale Lannister di Game of Thrones \u00e8 disponibile al miglior prezzo. Realizzato in acciaio con finitura in ottone - Scala 1\/1 - Elmo funzionale","robots":{"index":"index","follow":"follow","max-snippet":"max-snippet:-1","max-image-preview":"max-image-preview:large","max-video-preview":"max-video-preview:-1"},"canonical":"https:\/\/repliquemangacine.fr\/it\/game-of-thrones-collezionismo-e-curiosita\/elmo-reale-lannister\/","og_locale":"it_IT","og_type":"article","og_title":"Casque Royal des Lannister - Game of Thrones | RMC","og_description":"Cette reproduction du Casque royal des Lannister dans Game of Trones au meilleur prix. En acier finition laiton - Echelle 1\/1 - Casque fonctionnel","og_url":"https:\/\/repliquemangacine.fr\/it\/game-of-thrones-collezionismo-e-curiosita\/elmo-reale-lannister\/","og_site_name":"R\u00e9plique Manga Cin\u00e9","article_publisher":"https:\/\/www.facebook.com\/RepliqueMangaCine","article_modified_time":"2026-04-06T15:07:04+00:00","og_image":[{"width":800,"height":800,"url":"https:\/\/repliquemangacine.fr\/wp-content\/uploads\/2023\/10\/1535-Game-of-Thrones-Casque-du-roi.jpg","type":"image\/jpeg"}],"twitter_card":"summary_large_image","twitter_misc":{"Tempo di lettura stimato":"2 minuti"},"schema":{"@context":"https:\/\/schema.org","@graph":[{"@type":"WebPage","@id":"https:\/\/repliquemangacine.fr\/collectors-et-goodies-game-of-thrones\/casque-royal-des-lannister\/","url":"https:\/\/repliquemangacine.fr\/collectors-et-goodies-game-of-thrones\/casque-royal-des-lannister\/","name":"Elmo reale Lannister - Game of Thrones | RMC","isPartOf":{"@id":"https:\/\/repliquemangacine.fr\/#website"},"primaryImageOfPage":{"@id":"https:\/\/repliquemangacine.fr\/collectors-et-goodies-game-of-thrones\/casque-royal-des-lannister\/#primaryimage"},"image":{"@id":"https:\/\/repliquemangacine.fr\/collectors-et-goodies-game-of-thrones\/casque-royal-des-lannister\/#primaryimage"},"thumbnailUrl":"https:\/\/repliquemangacine.fr\/wp-content\/uploads\/2023\/10\/1535-Game-of-Thrones-Casque-du-roi.jpg","datePublished":"2016-10-11T17:53:51+00:00","dateModified":"2026-04-06T15:07:04+00:00","description":"Questa riproduzione dell'elmo reale Lannister di Game of Thrones \u00e8 disponibile al miglior prezzo. Realizzato in acciaio con finitura in ottone - Scala 1\/1 - Elmo funzionale","breadcrumb":{"@id":"https:\/\/repliquemangacine.fr\/collectors-et-goodies-game-of-thrones\/casque-royal-des-lannister\/#breadcrumb"},"inLanguage":"it-IT","potentialAction":[{"@type":"ReadAction","target":["https:\/\/repliquemangacine.fr\/collectors-et-goodies-game-of-thrones\/casque-royal-des-lannister\/"]}]},{"@type":"ImageObject","inLanguage":"it-IT","@id":"https:\/\/repliquemangacine.fr\/collectors-et-goodies-game-of-thrones\/casque-royal-des-lannister\/#primaryimage","url":"https:\/\/repliquemangacine.fr\/wp-content\/uploads\/2023\/10\/1535-Game-of-Thrones-Casque-du-roi.jpg","contentUrl":"https:\/\/repliquemangacine.fr\/wp-content\/uploads\/2023\/10\/1535-Game-of-Thrones-Casque-du-roi.jpg","width":800,"height":800,"caption":"Casque Royal des Lannister -Game of Thrones"},{"@type":"BreadcrumbList","@id":"https:\/\/repliquemangacine.fr\/collectors-et-goodies-game-of-thrones\/casque-royal-des-lannister\/#breadcrumb","itemListElement":[{"@type":"ListItem","position":1,"name":"Accueil","item":"https:\/\/repliquemangacine.fr\/"},{"@type":"ListItem","position":2,"name":"Produits","item":"https:\/\/repliquemangacine.fr\/boutique\/"},{"@type":"ListItem","position":3,"name":"Casque du roi GOT"}]},{"@type":"WebSite","@id":"https:\/\/repliquemangacine.fr\/#website","url":"https:\/\/repliquemangacine.fr\/","name":"R\u00e9plique Manga Cin\u00e9","description":"","publisher":{"@id":"https:\/\/repliquemangacine.fr\/#organization"},"potentialAction":[{"@type":"SearchAction","target":{"@type":"EntryPoint","urlTemplate":"https:\/\/repliquemangacine.fr\/?s={search_term_string}"},"query-input":{"@type":"PropertyValueSpecification","valueRequired":true,"valueName":"search_term_string"}}],"inLanguage":"it-IT"},{"@type":"Organization","@id":"https:\/\/repliquemangacine.fr\/#organization","name":"R\u00e9plique Manga Cin\u00e9","url":"https:\/\/repliquemangacine.fr\/","logo":{"@type":"ImageObject","inLanguage":"it-IT","@id":"https:\/\/repliquemangacine.fr\/#\/schema\/logo\/image\/","url":"https:\/\/repliquemangacine.fr\/wp-content\/uploads\/2023\/10\/RMC-500250.png","contentUrl":"https:\/\/repliquemangacine.fr\/wp-content\/uploads\/2023\/10\/RMC-500250.png","width":500,"height":250,"caption":"R\u00e9plique Manga Cin\u00e9"},"image":{"@id":"https:\/\/repliquemangacine.fr\/#\/schema\/logo\/image\/"},"sameAs":["https:\/\/www.facebook.com\/RepliqueMangaCine","https:\/\/www.instagram.com\/repliquemangacine.fr\/"]}]}},"_links":{"self":[{"href":"https:\/\/repliquemangacine.fr\/it\/wp-json\/wp\/v2\/product\/25744","targetHints":{"allow":["GET"]}}],"collection":[{"href":"https:\/\/repliquemangacine.fr\/it\/wp-json\/wp\/v2\/product"}],"about":[{"href":"https:\/\/repliquemangacine.fr\/it\/wp-json\/wp\/v2\/types\/product"}],"wp:featuredmedia":[{"embeddable":true,"href":"https:\/\/repliquemangacine.fr\/it\/wp-json\/wp\/v2\/media\/25745"}],"wp:attachment":[{"href":"https:\/\/repliquemangacine.fr\/it\/wp-json\/wp\/v2\/media?parent=25744"}],"wp:term":[{"taxonomy":"product_brand","embeddable":true,"href":"https:\/\/repliquemangacine.fr\/it\/wp-json\/wp\/v2\/product_brand?post=25744"},{"taxonomy":"product_cat","embeddable":true,"href":"https:\/\/repliquemangacine.fr\/it\/wp-json\/wp\/v2\/product_cat?post=25744"},{"taxonomy":"product_tag","embeddable":true,"href":"https:\/\/repliquemangacine.fr\/it\/wp-json\/wp\/v2\/product_tag?post=25744"}],"curies":[{"name":"wp","href":"https:\/\/api.w.org\/{rel}","templated":true}]}}