





{"id":25719,"date":"2016-10-10T19:08:59","date_gmt":"2016-10-10T17:08:59","guid":{"rendered":"https:\/\/repliquemangacine.fr\/?post_type=product&#038;p=25719"},"modified":"2025-12-12T16:36:23","modified_gmt":"2025-12-12T15:36:23","slug":"katana-erza-scarlett-spada-magica-fairy-tail","status":"publish","type":"product","link":"https:\/\/repliquemangacine.fr\/it\/katana-et-epee-de-manga-anime-autre-manga\/katana-erza-scarlett-epee-magique-fairy-tail\/","title":{"rendered":"Katana Erza Scarlett Fairy tail"},"content":{"rendered":"<h2>Katana Erza Fairy Tail, spada magica.<\/h2>\n<p>Per cominciare, il <strong>Katana Erza Fairy Tail<\/strong> \u00c8 esattamente come nell'anime, questa spada magica \u00e8 una replica perfetta.<\/p>\n<p>Erza Scarlett \u00e8 una maga di rango S della gilda Fairy Tail, considerata la pi\u00f9 forte tra i membri femminili. \u00c8 la donna pi\u00f9 forte e rispettata di tutta la gilda. Quando la si vede, incute timore e spaventa persino alcune persone. Non esita quindi a estrarre la spada e a minacciare gli altri con essa per ottenere ci\u00f2 che vuole.<\/p>\n<p>Quando Erza indossa l'armatura Hakama, fa sempre apparire due spade per combattere. Va sottolineato che queste spade hanno una potenza d'attacco fenomenale. Si chiamano Lame demoniache Benizakura. La <a href=\"https:\/\/fairytail-fandom-com.translate.goog\/wiki\/Demon_Blade_Benizakura\" target=\"_blank\" rel=\"noopener noreferrer\">Lama del demone Benizakura<\/a> \u00e8 una spada magica usata solo per scopi offensivi.<\/p>\n<h2>La tua Katana Erza Fairy tail al miglior prezzo.<\/h2>\n<p>Vi proponiamo tutte le repliche dei vostri personaggi preferiti dei manga animati e dei videogiochi.<\/p>\n<p>Innanzitutto,<\/p>\n<ul>\n<li>L'<a href=\"https:\/\/repliquemangacine.fr\/it\/altri-manga\/spada-armatura-erza-fairy-tail\/\">Spada Erza Trinity<\/a> nella sua armatura di natura.<\/li>\n<li>C'\u00e8 anche il <a href=\"https:\/\/repliquemangacine.fr\/it\/altri-manga\/spada-rin-esorcista-blu-katana-kurikara\/\">katana Rin in Esorcista blu<\/a>.<\/li>\n<li>E molti altri da scoprire nel nostro negozio online!<\/li>\n<\/ul>\n<p>Ecco quindi alcune fantastiche idee regalo per i fan di Fairy Tell.<\/p>\n<p>In conclusione, \u00e8 possibile utilizzare questo <strong>Katana Erza Fairy Tail<\/strong> per le vostre sfilate cosplay o le vostre serate a tema. Ma prima di tutto, la spada magica di Erza \u00e8 anche un oggetto da collezione e da esposizione.<\/p>\n<p>R\u00e9plique Manga Cin\u00e9 \u00e8 un'azienda francese.<\/p>\n<h2>Come si mantiene la lama della katana manga?<\/h2>\n<p>Le katane da collezione e decorative sono realizzate e assemblate in modo semplificato. Poich\u00e9 il loro uso \u00e8 decorativo, non hanno le caratteristiche di sicurezza richieste da una spada giapponese destinata all'allenamento.<\/p>\n<p>Tuttavia, il vostro <strong>Katana Erza Fairy Tail<\/strong> a una lama d'acciaio che deve essere curata per evitare che si danneggi nel tempo. Quando si espone la katana, gli amici saranno curiosi di vedere la lama e di toccarla. \u00c8 qui che bisogna fare attenzione, perch\u00e9 l'acidit\u00e0 delle dita \u00e8 molto dannosa per l'acciaio, indipendentemente dalla sua qualit\u00e0.<\/p>\n<p>Tuttavia, se ci\u00f2 dovesse accadere, niente panico: basta un panno inumidito con un po' d'olio per eliminare le impronte. In questo modo, la spada durer\u00e0 a lungo.<\/p>","protected":false},"excerpt":{"rendered":"<p>Replica della katana di Erza in Fairy Tail<\/p>\n<ul>\n<li>Lama in acciaio 440.<\/li>\n<li>Manico circondato da una treccia di cotone blu navy.<\/li>\n<li>Elsa e pomo in acciaio antico.<\/li>\n<li>Fodero in legno laccato nero con logo Fairy Tail.<\/li>\n<li>Lunghezza lama: 69 cm - Lunghezza totale: 103 cm<\/li>\n<\/ul>\n<p><strong>\u00a0<\/strong><\/p>\n<p>&nbsp;<\/p>","protected":false},"featured_media":25720,"template":"","meta":[],"product_brand":[896],"product_cat":[65,23],"product_tag":[],"class_list":{"0":"post-25719","1":"product","2":"type-product","3":"status-publish","4":"has-post-thumbnail","6":"product_brand-replique-manga-cine","7":"product_cat-katana-et-epee-de-manga-anime-autre-manga","8":"product_cat-repliques-manga-jeux-video","10":"first","11":"instock","12":"sale","13":"taxable","14":"shipping-taxable","15":"purchasable","16":"product-type-simple"},"yoast_head":"<!-- This site is optimized with the Yoast SEO plugin v27.4 - https:\/\/yoast.com\/product\/yoast-seo-wordpress\/ -->\n<title>Katana Erza Fairy Tail - Ep\u00e9e magique - Boutique en ligne | RMC<\/title>\n<meta name=\"description\" content=\"Offrez-vous le Katana Erza Fairy Tail au meilleur prix. Lame acier - Fourreau laqu\u00e9 noir - Echelle 1\/1 - Longueur totale : 103 cm - Envoi 24\/48h\" \/>\n<meta name=\"robots\" content=\"index, follow, max-snippet:-1, max-image-preview:large, max-video-preview:-1\" \/>\n<link rel=\"canonical\" href=\"https:\/\/repliquemangacine.fr\/it\/katana-e-manga-spada-anime-altri-manga\/katana-erza-scarlett-spada-magica-fairy-tail\/\" \/>\n<meta property=\"og:locale\" content=\"it_IT\" \/>\n<meta property=\"og:type\" content=\"article\" \/>\n<meta property=\"og:title\" content=\"Katana Erza Fairy Tail - Ep\u00e9e magique - Boutique en ligne | RMC\" \/>\n<meta property=\"og:description\" content=\"Offrez-vous le Katana Erza Fairy Tail au meilleur prix. Lame acier - Fourreau laqu\u00e9 noir - Echelle 1\/1 - Longueur totale : 103 cm - Envoi 24\/48h\" \/>\n<meta property=\"og:url\" content=\"https:\/\/repliquemangacine.fr\/it\/katana-e-manga-spada-anime-altri-manga\/katana-erza-scarlett-spada-magica-fairy-tail\/\" \/>\n<meta property=\"og:site_name\" content=\"R\u00e9plique Manga Cin\u00e9\" \/>\n<meta property=\"article:publisher\" content=\"https:\/\/www.facebook.com\/RepliqueMangaCine\" \/>\n<meta property=\"article:modified_time\" content=\"2025-12-12T15:36:23+00:00\" \/>\n<meta property=\"og:image\" content=\"https:\/\/repliquemangacine.fr\/wp-content\/uploads\/2023\/10\/491-Katana-Erza-Scarlett-Fairy-tail.jpg\" \/>\n\t<meta property=\"og:image:width\" content=\"800\" \/>\n\t<meta property=\"og:image:height\" content=\"800\" \/>\n\t<meta property=\"og:image:type\" content=\"image\/jpeg\" \/>\n<meta name=\"twitter:card\" content=\"summary_large_image\" \/>\n<meta name=\"twitter:label1\" content=\"Tempo di lettura stimato\" \/>\n\t<meta name=\"twitter:data1\" content=\"2 minuti\" \/>\n<script type=\"application\/ld+json\" class=\"yoast-schema-graph\">{\"@context\":\"https:\\\/\\\/schema.org\",\"@graph\":[{\"@type\":\"WebPage\",\"@id\":\"https:\\\/\\\/repliquemangacine.fr\\\/katana-et-epee-de-manga-anime-autre-manga\\\/katana-erza-scarlett-epee-magique-fairy-tail\\\/\",\"url\":\"https:\\\/\\\/repliquemangacine.fr\\\/katana-et-epee-de-manga-anime-autre-manga\\\/katana-erza-scarlett-epee-magique-fairy-tail\\\/\",\"name\":\"Katana Erza Fairy Tail - Ep\u00e9e magique - Boutique en ligne | RMC\",\"isPartOf\":{\"@id\":\"https:\\\/\\\/repliquemangacine.fr\\\/#website\"},\"primaryImageOfPage\":{\"@id\":\"https:\\\/\\\/repliquemangacine.fr\\\/katana-et-epee-de-manga-anime-autre-manga\\\/katana-erza-scarlett-epee-magique-fairy-tail\\\/#primaryimage\"},\"image\":{\"@id\":\"https:\\\/\\\/repliquemangacine.fr\\\/katana-et-epee-de-manga-anime-autre-manga\\\/katana-erza-scarlett-epee-magique-fairy-tail\\\/#primaryimage\"},\"thumbnailUrl\":\"https:\\\/\\\/repliquemangacine.fr\\\/wp-content\\\/uploads\\\/2023\\\/10\\\/491-Katana-Erza-Scarlett-Fairy-tail.jpg\",\"datePublished\":\"2016-10-10T17:08:59+00:00\",\"dateModified\":\"2025-12-12T15:36:23+00:00\",\"description\":\"Offrez-vous le Katana Erza Fairy Tail au meilleur prix. Lame acier - Fourreau laqu\u00e9 noir - Echelle 1\\\/1 - Longueur totale : 103 cm - Envoi 24\\\/48h\",\"breadcrumb\":{\"@id\":\"https:\\\/\\\/repliquemangacine.fr\\\/katana-et-epee-de-manga-anime-autre-manga\\\/katana-erza-scarlett-epee-magique-fairy-tail\\\/#breadcrumb\"},\"inLanguage\":\"it-IT\",\"potentialAction\":[{\"@type\":\"ReadAction\",\"target\":[\"https:\\\/\\\/repliquemangacine.fr\\\/katana-et-epee-de-manga-anime-autre-manga\\\/katana-erza-scarlett-epee-magique-fairy-tail\\\/\"]}]},{\"@type\":\"ImageObject\",\"inLanguage\":\"it-IT\",\"@id\":\"https:\\\/\\\/repliquemangacine.fr\\\/katana-et-epee-de-manga-anime-autre-manga\\\/katana-erza-scarlett-epee-magique-fairy-tail\\\/#primaryimage\",\"url\":\"https:\\\/\\\/repliquemangacine.fr\\\/wp-content\\\/uploads\\\/2023\\\/10\\\/491-Katana-Erza-Scarlett-Fairy-tail.jpg\",\"contentUrl\":\"https:\\\/\\\/repliquemangacine.fr\\\/wp-content\\\/uploads\\\/2023\\\/10\\\/491-Katana-Erza-Scarlett-Fairy-tail.jpg\",\"width\":800,\"height\":800,\"caption\":\"Katana Erza Scarlett - Fairy tail\"},{\"@type\":\"BreadcrumbList\",\"@id\":\"https:\\\/\\\/repliquemangacine.fr\\\/katana-et-epee-de-manga-anime-autre-manga\\\/katana-erza-scarlett-epee-magique-fairy-tail\\\/#breadcrumb\",\"itemListElement\":[{\"@type\":\"ListItem\",\"position\":1,\"name\":\"Accueil\",\"item\":\"https:\\\/\\\/repliquemangacine.fr\\\/\"},{\"@type\":\"ListItem\",\"position\":2,\"name\":\"Produits\",\"item\":\"https:\\\/\\\/repliquemangacine.fr\\\/boutique\\\/\"},{\"@type\":\"ListItem\",\"position\":3,\"name\":\"Katana Erza Scarlett Fairy tail\"}]},{\"@type\":\"WebSite\",\"@id\":\"https:\\\/\\\/repliquemangacine.fr\\\/#website\",\"url\":\"https:\\\/\\\/repliquemangacine.fr\\\/\",\"name\":\"R\u00e9plique Manga Cin\u00e9\",\"description\":\"\",\"publisher\":{\"@id\":\"https:\\\/\\\/repliquemangacine.fr\\\/#organization\"},\"potentialAction\":[{\"@type\":\"SearchAction\",\"target\":{\"@type\":\"EntryPoint\",\"urlTemplate\":\"https:\\\/\\\/repliquemangacine.fr\\\/?s={search_term_string}\"},\"query-input\":{\"@type\":\"PropertyValueSpecification\",\"valueRequired\":true,\"valueName\":\"search_term_string\"}}],\"inLanguage\":\"it-IT\"},{\"@type\":\"Organization\",\"@id\":\"https:\\\/\\\/repliquemangacine.fr\\\/#organization\",\"name\":\"R\u00e9plique Manga Cin\u00e9\",\"url\":\"https:\\\/\\\/repliquemangacine.fr\\\/\",\"logo\":{\"@type\":\"ImageObject\",\"inLanguage\":\"it-IT\",\"@id\":\"https:\\\/\\\/repliquemangacine.fr\\\/#\\\/schema\\\/logo\\\/image\\\/\",\"url\":\"https:\\\/\\\/repliquemangacine.fr\\\/wp-content\\\/uploads\\\/2023\\\/10\\\/RMC-500250.png\",\"contentUrl\":\"https:\\\/\\\/repliquemangacine.fr\\\/wp-content\\\/uploads\\\/2023\\\/10\\\/RMC-500250.png\",\"width\":500,\"height\":250,\"caption\":\"R\u00e9plique Manga Cin\u00e9\"},\"image\":{\"@id\":\"https:\\\/\\\/repliquemangacine.fr\\\/#\\\/schema\\\/logo\\\/image\\\/\"},\"sameAs\":[\"https:\\\/\\\/www.facebook.com\\\/RepliqueMangaCine\",\"https:\\\/\\\/www.instagram.com\\\/repliquemangacine.fr\\\/\"]}]}<\/script>\n<!-- \/ Yoast SEO plugin. -->","yoast_head_json":{"title":"Katana Erza Fairy Tail - Spada magica - Boutique en ligne | RMC","description":"Regalati la Katana Erza Fairy Tail al miglior prezzo. Lama in acciaio - Fodero laccato nero - Scala 1\/1 - Lunghezza totale : 103 cm - Spedizione 24\/48h","robots":{"index":"index","follow":"follow","max-snippet":"max-snippet:-1","max-image-preview":"max-image-preview:large","max-video-preview":"max-video-preview:-1"},"canonical":"https:\/\/repliquemangacine.fr\/it\/katana-e-manga-spada-anime-altri-manga\/katana-erza-scarlett-spada-magica-fairy-tail\/","og_locale":"it_IT","og_type":"article","og_title":"Katana Erza Fairy Tail - Ep\u00e9e magique - Boutique en ligne | RMC","og_description":"Offrez-vous le Katana Erza Fairy Tail au meilleur prix. Lame acier - Fourreau laqu\u00e9 noir - Echelle 1\/1 - Longueur totale : 103 cm - Envoi 24\/48h","og_url":"https:\/\/repliquemangacine.fr\/it\/katana-e-manga-spada-anime-altri-manga\/katana-erza-scarlett-spada-magica-fairy-tail\/","og_site_name":"R\u00e9plique Manga Cin\u00e9","article_publisher":"https:\/\/www.facebook.com\/RepliqueMangaCine","article_modified_time":"2025-12-12T15:36:23+00:00","og_image":[{"width":800,"height":800,"url":"https:\/\/repliquemangacine.fr\/wp-content\/uploads\/2023\/10\/491-Katana-Erza-Scarlett-Fairy-tail.jpg","type":"image\/jpeg"}],"twitter_card":"summary_large_image","twitter_misc":{"Tempo di lettura stimato":"2 minuti"},"schema":{"@context":"https:\/\/schema.org","@graph":[{"@type":"WebPage","@id":"https:\/\/repliquemangacine.fr\/katana-et-epee-de-manga-anime-autre-manga\/katana-erza-scarlett-epee-magique-fairy-tail\/","url":"https:\/\/repliquemangacine.fr\/katana-et-epee-de-manga-anime-autre-manga\/katana-erza-scarlett-epee-magique-fairy-tail\/","name":"Katana Erza Fairy Tail - Spada magica - Boutique en ligne | RMC","isPartOf":{"@id":"https:\/\/repliquemangacine.fr\/#website"},"primaryImageOfPage":{"@id":"https:\/\/repliquemangacine.fr\/katana-et-epee-de-manga-anime-autre-manga\/katana-erza-scarlett-epee-magique-fairy-tail\/#primaryimage"},"image":{"@id":"https:\/\/repliquemangacine.fr\/katana-et-epee-de-manga-anime-autre-manga\/katana-erza-scarlett-epee-magique-fairy-tail\/#primaryimage"},"thumbnailUrl":"https:\/\/repliquemangacine.fr\/wp-content\/uploads\/2023\/10\/491-Katana-Erza-Scarlett-Fairy-tail.jpg","datePublished":"2016-10-10T17:08:59+00:00","dateModified":"2025-12-12T15:36:23+00:00","description":"Regalati la Katana Erza Fairy Tail al miglior prezzo. Lama in acciaio - Fodero laccato nero - Scala 1\/1 - Lunghezza totale : 103 cm - Spedizione 24\/48h","breadcrumb":{"@id":"https:\/\/repliquemangacine.fr\/katana-et-epee-de-manga-anime-autre-manga\/katana-erza-scarlett-epee-magique-fairy-tail\/#breadcrumb"},"inLanguage":"it-IT","potentialAction":[{"@type":"ReadAction","target":["https:\/\/repliquemangacine.fr\/katana-et-epee-de-manga-anime-autre-manga\/katana-erza-scarlett-epee-magique-fairy-tail\/"]}]},{"@type":"ImageObject","inLanguage":"it-IT","@id":"https:\/\/repliquemangacine.fr\/katana-et-epee-de-manga-anime-autre-manga\/katana-erza-scarlett-epee-magique-fairy-tail\/#primaryimage","url":"https:\/\/repliquemangacine.fr\/wp-content\/uploads\/2023\/10\/491-Katana-Erza-Scarlett-Fairy-tail.jpg","contentUrl":"https:\/\/repliquemangacine.fr\/wp-content\/uploads\/2023\/10\/491-Katana-Erza-Scarlett-Fairy-tail.jpg","width":800,"height":800,"caption":"Katana Erza Scarlett - Fairy tail"},{"@type":"BreadcrumbList","@id":"https:\/\/repliquemangacine.fr\/katana-et-epee-de-manga-anime-autre-manga\/katana-erza-scarlett-epee-magique-fairy-tail\/#breadcrumb","itemListElement":[{"@type":"ListItem","position":1,"name":"Accueil","item":"https:\/\/repliquemangacine.fr\/"},{"@type":"ListItem","position":2,"name":"Produits","item":"https:\/\/repliquemangacine.fr\/boutique\/"},{"@type":"ListItem","position":3,"name":"Katana Erza Scarlett Fairy tail"}]},{"@type":"WebSite","@id":"https:\/\/repliquemangacine.fr\/#website","url":"https:\/\/repliquemangacine.fr\/","name":"R\u00e9plique Manga Cin\u00e9","description":"","publisher":{"@id":"https:\/\/repliquemangacine.fr\/#organization"},"potentialAction":[{"@type":"SearchAction","target":{"@type":"EntryPoint","urlTemplate":"https:\/\/repliquemangacine.fr\/?s={search_term_string}"},"query-input":{"@type":"PropertyValueSpecification","valueRequired":true,"valueName":"search_term_string"}}],"inLanguage":"it-IT"},{"@type":"Organization","@id":"https:\/\/repliquemangacine.fr\/#organization","name":"R\u00e9plique Manga Cin\u00e9","url":"https:\/\/repliquemangacine.fr\/","logo":{"@type":"ImageObject","inLanguage":"it-IT","@id":"https:\/\/repliquemangacine.fr\/#\/schema\/logo\/image\/","url":"https:\/\/repliquemangacine.fr\/wp-content\/uploads\/2023\/10\/RMC-500250.png","contentUrl":"https:\/\/repliquemangacine.fr\/wp-content\/uploads\/2023\/10\/RMC-500250.png","width":500,"height":250,"caption":"R\u00e9plique Manga Cin\u00e9"},"image":{"@id":"https:\/\/repliquemangacine.fr\/#\/schema\/logo\/image\/"},"sameAs":["https:\/\/www.facebook.com\/RepliqueMangaCine","https:\/\/www.instagram.com\/repliquemangacine.fr\/"]}]}},"_links":{"self":[{"href":"https:\/\/repliquemangacine.fr\/it\/wp-json\/wp\/v2\/product\/25719","targetHints":{"allow":["GET"]}}],"collection":[{"href":"https:\/\/repliquemangacine.fr\/it\/wp-json\/wp\/v2\/product"}],"about":[{"href":"https:\/\/repliquemangacine.fr\/it\/wp-json\/wp\/v2\/types\/product"}],"wp:featuredmedia":[{"embeddable":true,"href":"https:\/\/repliquemangacine.fr\/it\/wp-json\/wp\/v2\/media\/25720"}],"wp:attachment":[{"href":"https:\/\/repliquemangacine.fr\/it\/wp-json\/wp\/v2\/media?parent=25719"}],"wp:term":[{"taxonomy":"product_brand","embeddable":true,"href":"https:\/\/repliquemangacine.fr\/it\/wp-json\/wp\/v2\/product_brand?post=25719"},{"taxonomy":"product_cat","embeddable":true,"href":"https:\/\/repliquemangacine.fr\/it\/wp-json\/wp\/v2\/product_cat?post=25719"},{"taxonomy":"product_tag","embeddable":true,"href":"https:\/\/repliquemangacine.fr\/it\/wp-json\/wp\/v2\/product_tag?post=25719"}],"curies":[{"name":"wp","href":"https:\/\/api.w.org\/{rel}","templated":true}]}}