





{"id":25712,"date":"2016-10-10T18:28:37","date_gmt":"2016-10-10T16:28:37","guid":{"rendered":"https:\/\/repliquemangacine.fr\/?post_type=product&#038;p=25712"},"modified":"2026-03-25T15:56:23","modified_gmt":"2026-03-25T14:56:23","slug":"attacco-dei-titani-spada-taglia-collo-eren","status":"publish","type":"product","link":"https:\/\/repliquemangacine.fr\/it\/katana-et-epee-de-manga-anime-autre-manga\/epee-attaque-des-titans-sabre-coupe-nuque-eren\/","title":{"rendered":"La spada di Attack of the Titans"},"content":{"rendered":"<h2>Spada dell'Attacco dei Titani, sciabola taglia-collo.<\/h2>\n<p>Per cominciare, il<strong>La spada di Attack of the Titans<\/strong> \u00e8 la spada taglia-collo usata da Eren J\u00e4ger, Mikasa e Armin. La spada in acciaio rinforzato \u00e8 l'arma principale utilizzata per uccidere i Titani tagliando loro il collo.<\/p>\n<p><a href=\"https:\/\/attaque-des-titans.fandom.com\/fr\/wiki\/Eren_J\u00e4ger\" target=\"_blank\" rel=\"noopener noreferrer\">Eren Ja\u00ebger<\/a> \u00e8 un membro del Battaglione di Esplorazione e il protagonista, poi l'antagonista principale, della serie. \u00c8 impulsivo, idealista, determinato e violento. Da bambino ha visto sua madre divorata sotto i suoi occhi da un Titano e da allora sogna di distruggerli.<\/p>\n<p>A prima vista, non ha alcun talento speciale, a parte il fatto che \u00e8 bravo nel combattimento corpo a corpo e ha una volont\u00e0 d'acciaio. Eren possiede i poteri dei Titani: Titan Assaillant grazie al padre, che glieli ha trasmessi.<\/p>\n<h2>La vostra spada Attack of the Titans al miglior prezzo.<\/h2>\n<p>Offriamo un'ampia gamma di riproduzioni di manga e videogiochi.<\/p>\n<p>Innanzitutto,<\/p>\n<ul>\n<li>L'impressionante replica del <a href=\"https:\/\/repliquemangacine.fr\/it\/altri-film\/sabre-de-leonidas-replique-epee-de-300\/\">spada di Leonida<\/a> nel film 300.<\/li>\n<li>Cos\u00ec come il <a href=\"https:\/\/repliquemangacine.fr\/it\/uccidere-il-disegno-di-legge\/katana-de-o-ren-ishii\/\">katana di O-Ren Ishi<\/a> in Kill Bill.<\/li>\n<li>C'\u00e8 anche il <a href=\"https:\/\/repliquemangacine.fr\/it\/film-serie-tv-vendita-di-spade-katana-e-prodotti-correlati\/spada-katana-heroes-di-hiro-nakamura\/\">katana di Hiro Nakamura<\/a> della serie Heroes.<\/li>\n<li>E molti altri da scoprire nel nostro negozio online!<\/li>\n<\/ul>\n<p>Ecco perch\u00e9 abbiamo pensato ad alcune idee regalo per tutti gli appassionati di film e serie TV.<\/p>\n<p>In conclusione, \u00e8 possibile utilizzare l\u2019<strong>La spada di Attack of the Titans<\/strong> per le vostre sfilate cosplay o serate a tema. Ma soprattutto, questa spada taglia-collo \u00e8 un oggetto da collezione e un pezzo decorativo.<\/p>\n<p>R\u00e9plique Manga Cin\u00e9 \u00e8 una societ\u00e0 francese<\/p>\n<h2>Come si mantiene la lama della katana manga?<\/h2>\n<p>Le katane da collezione e decorative sono realizzate e assemblate in modo semplificato. Poich\u00e9 il loro uso \u00e8 decorativo, non hanno le caratteristiche di sicurezza richieste da una spada giapponese destinata all'allenamento.<\/p>\n<p>Tuttavia, il vostro <strong>La spada di Attack of the Titans<\/strong> a una lama d'acciaio che deve essere curata per evitare che si danneggi nel tempo. Quando si espone la katana, gli amici saranno curiosi di vedere la lama e di toccarla. \u00c8 qui che bisogna fare attenzione, perch\u00e9 l'acidit\u00e0 delle dita \u00e8 molto dannosa per l'acciaio, indipendentemente dalla sua qualit\u00e0.<\/p>\n<p>Tuttavia, se ci\u00f2 dovesse accadere, niente panico: basta un panno inumidito con un po' d'olio per eliminare le impronte. In questo modo, la spada durer\u00e0 a lungo.<\/p>\n<p>&nbsp;<\/p>","protected":false},"excerpt":{"rendered":"<p>Replica della spada di Attack of the Titans, la spada di Eren che taglia il collo.<\/p>\n<ul>\n<li>Lama in acciaio con dentellatura.<\/li>\n<li>Impugnatura a pistola in ABS rinforzato.<\/li>\n<li>Fodero in similpelle nera.<\/li>\n<li>Lunghezza totale: 92 cm<\/li>\n<\/ul>","protected":false},"featured_media":25713,"template":"","meta":[],"product_brand":[896],"product_cat":[65,23],"product_tag":[],"class_list":{"0":"post-25712","1":"product","2":"type-product","3":"status-publish","4":"has-post-thumbnail","6":"product_brand-replique-manga-cine","7":"product_cat-katana-et-epee-de-manga-anime-autre-manga","8":"product_cat-repliques-manga-jeux-video","10":"first","11":"instock","12":"taxable","13":"shipping-taxable","14":"purchasable","15":"product-type-simple"},"yoast_head":"<!-- This site is optimized with the Yoast SEO plugin v27.4 - https:\/\/yoast.com\/product\/yoast-seo-wordpress\/ -->\n<title>Ep\u00e9e Attaque des Titans - Katana d\u2019Eren - Boutique en ligne | RMC<\/title>\n<meta name=\"description\" content=\"Commandez vite l&#039;Ep\u00e9e Attaque des Titans au meilleur prix. Lame en acier - Fourreau - Echelle 1\/1 - Longueur totale : 92 cm - Envoi 24\/48h\" \/>\n<meta name=\"robots\" content=\"index, follow, max-snippet:-1, max-image-preview:large, max-video-preview:-1\" \/>\n<link rel=\"canonical\" href=\"https:\/\/repliquemangacine.fr\/it\/katana-e-manga-spada-anime-altri-manga\/attacco-dei-titani-spada-taglia-collo-eren\/\" \/>\n<meta property=\"og:locale\" content=\"it_IT\" \/>\n<meta property=\"og:type\" content=\"article\" \/>\n<meta property=\"og:title\" content=\"Ep\u00e9e Attaque des Titans - Katana d\u2019Eren - Boutique en ligne | RMC\" \/>\n<meta property=\"og:description\" content=\"Commandez vite l&#039;Ep\u00e9e Attaque des Titans au meilleur prix. Lame en acier - Fourreau - Echelle 1\/1 - Longueur totale : 92 cm - Envoi 24\/48h\" \/>\n<meta property=\"og:url\" content=\"https:\/\/repliquemangacine.fr\/it\/katana-e-manga-spada-anime-altri-manga\/attacco-dei-titani-spada-taglia-collo-eren\/\" \/>\n<meta property=\"og:site_name\" content=\"R\u00e9plique Manga Cin\u00e9\" \/>\n<meta property=\"article:publisher\" content=\"https:\/\/www.facebook.com\/RepliqueMangaCine\" \/>\n<meta property=\"article:modified_time\" content=\"2026-03-25T14:56:23+00:00\" \/>\n<meta property=\"og:image\" content=\"https:\/\/repliquemangacine.fr\/wp-content\/uploads\/2023\/10\/485-Sabre-Coupe-Nuque-Attaque-des-Titans.jpg\" \/>\n\t<meta property=\"og:image:width\" content=\"800\" \/>\n\t<meta property=\"og:image:height\" content=\"800\" \/>\n\t<meta property=\"og:image:type\" content=\"image\/jpeg\" \/>\n<meta name=\"twitter:card\" content=\"summary_large_image\" \/>\n<meta name=\"twitter:label1\" content=\"Tempo di lettura stimato\" \/>\n\t<meta name=\"twitter:data1\" content=\"3 minuti\" \/>\n<script type=\"application\/ld+json\" class=\"yoast-schema-graph\">{\"@context\":\"https:\\\/\\\/schema.org\",\"@graph\":[{\"@type\":\"WebPage\",\"@id\":\"https:\\\/\\\/repliquemangacine.fr\\\/katana-et-epee-de-manga-anime-autre-manga\\\/epee-attaque-des-titans-sabre-coupe-nuque-eren\\\/\",\"url\":\"https:\\\/\\\/repliquemangacine.fr\\\/katana-et-epee-de-manga-anime-autre-manga\\\/epee-attaque-des-titans-sabre-coupe-nuque-eren\\\/\",\"name\":\"Ep\u00e9e Attaque des Titans - Katana d\u2019Eren - Boutique en ligne | RMC\",\"isPartOf\":{\"@id\":\"https:\\\/\\\/repliquemangacine.fr\\\/#website\"},\"primaryImageOfPage\":{\"@id\":\"https:\\\/\\\/repliquemangacine.fr\\\/katana-et-epee-de-manga-anime-autre-manga\\\/epee-attaque-des-titans-sabre-coupe-nuque-eren\\\/#primaryimage\"},\"image\":{\"@id\":\"https:\\\/\\\/repliquemangacine.fr\\\/katana-et-epee-de-manga-anime-autre-manga\\\/epee-attaque-des-titans-sabre-coupe-nuque-eren\\\/#primaryimage\"},\"thumbnailUrl\":\"https:\\\/\\\/repliquemangacine.fr\\\/wp-content\\\/uploads\\\/2023\\\/10\\\/485-Sabre-Coupe-Nuque-Attaque-des-Titans.jpg\",\"datePublished\":\"2016-10-10T16:28:37+00:00\",\"dateModified\":\"2026-03-25T14:56:23+00:00\",\"description\":\"Commandez vite l'Ep\u00e9e Attaque des Titans au meilleur prix. Lame en acier - Fourreau - Echelle 1\\\/1 - Longueur totale : 92 cm - Envoi 24\\\/48h\",\"breadcrumb\":{\"@id\":\"https:\\\/\\\/repliquemangacine.fr\\\/katana-et-epee-de-manga-anime-autre-manga\\\/epee-attaque-des-titans-sabre-coupe-nuque-eren\\\/#breadcrumb\"},\"inLanguage\":\"it-IT\",\"potentialAction\":[{\"@type\":\"ReadAction\",\"target\":[\"https:\\\/\\\/repliquemangacine.fr\\\/katana-et-epee-de-manga-anime-autre-manga\\\/epee-attaque-des-titans-sabre-coupe-nuque-eren\\\/\"]}]},{\"@type\":\"ImageObject\",\"inLanguage\":\"it-IT\",\"@id\":\"https:\\\/\\\/repliquemangacine.fr\\\/katana-et-epee-de-manga-anime-autre-manga\\\/epee-attaque-des-titans-sabre-coupe-nuque-eren\\\/#primaryimage\",\"url\":\"https:\\\/\\\/repliquemangacine.fr\\\/wp-content\\\/uploads\\\/2023\\\/10\\\/485-Sabre-Coupe-Nuque-Attaque-des-Titans.jpg\",\"contentUrl\":\"https:\\\/\\\/repliquemangacine.fr\\\/wp-content\\\/uploads\\\/2023\\\/10\\\/485-Sabre-Coupe-Nuque-Attaque-des-Titans.jpg\",\"width\":800,\"height\":800,\"caption\":\"Sabre Coupe Nuque - Attaque des Titans\"},{\"@type\":\"BreadcrumbList\",\"@id\":\"https:\\\/\\\/repliquemangacine.fr\\\/katana-et-epee-de-manga-anime-autre-manga\\\/epee-attaque-des-titans-sabre-coupe-nuque-eren\\\/#breadcrumb\",\"itemListElement\":[{\"@type\":\"ListItem\",\"position\":1,\"name\":\"Accueil\",\"item\":\"https:\\\/\\\/repliquemangacine.fr\\\/\"},{\"@type\":\"ListItem\",\"position\":2,\"name\":\"Produits\",\"item\":\"https:\\\/\\\/repliquemangacine.fr\\\/boutique\\\/\"},{\"@type\":\"ListItem\",\"position\":3,\"name\":\"Ep\u00e9e Attaque des Titans\"}]},{\"@type\":\"WebSite\",\"@id\":\"https:\\\/\\\/repliquemangacine.fr\\\/#website\",\"url\":\"https:\\\/\\\/repliquemangacine.fr\\\/\",\"name\":\"R\u00e9plique Manga Cin\u00e9\",\"description\":\"\",\"publisher\":{\"@id\":\"https:\\\/\\\/repliquemangacine.fr\\\/#organization\"},\"potentialAction\":[{\"@type\":\"SearchAction\",\"target\":{\"@type\":\"EntryPoint\",\"urlTemplate\":\"https:\\\/\\\/repliquemangacine.fr\\\/?s={search_term_string}\"},\"query-input\":{\"@type\":\"PropertyValueSpecification\",\"valueRequired\":true,\"valueName\":\"search_term_string\"}}],\"inLanguage\":\"it-IT\"},{\"@type\":\"Organization\",\"@id\":\"https:\\\/\\\/repliquemangacine.fr\\\/#organization\",\"name\":\"R\u00e9plique Manga Cin\u00e9\",\"url\":\"https:\\\/\\\/repliquemangacine.fr\\\/\",\"logo\":{\"@type\":\"ImageObject\",\"inLanguage\":\"it-IT\",\"@id\":\"https:\\\/\\\/repliquemangacine.fr\\\/#\\\/schema\\\/logo\\\/image\\\/\",\"url\":\"https:\\\/\\\/repliquemangacine.fr\\\/wp-content\\\/uploads\\\/2023\\\/10\\\/RMC-500250.png\",\"contentUrl\":\"https:\\\/\\\/repliquemangacine.fr\\\/wp-content\\\/uploads\\\/2023\\\/10\\\/RMC-500250.png\",\"width\":500,\"height\":250,\"caption\":\"R\u00e9plique Manga Cin\u00e9\"},\"image\":{\"@id\":\"https:\\\/\\\/repliquemangacine.fr\\\/#\\\/schema\\\/logo\\\/image\\\/\"},\"sameAs\":[\"https:\\\/\\\/www.facebook.com\\\/RepliqueMangaCine\",\"https:\\\/\\\/www.instagram.com\\\/repliquemangacine.fr\\\/\"]}]}<\/script>\n<!-- \/ Yoast SEO plugin. -->","yoast_head_json":{"title":"Spada di Attack of the Titans - Katana di Eren - Boutique en ligne | RMC","description":"Ordina ora la spada Attack of the Titans al miglior prezzo. Lama in acciaio - Fodero - Scala 1\/1 - Lunghezza totale: 92 cm - Spedizione 24\/48h","robots":{"index":"index","follow":"follow","max-snippet":"max-snippet:-1","max-image-preview":"max-image-preview:large","max-video-preview":"max-video-preview:-1"},"canonical":"https:\/\/repliquemangacine.fr\/it\/katana-e-manga-spada-anime-altri-manga\/attacco-dei-titani-spada-taglia-collo-eren\/","og_locale":"it_IT","og_type":"article","og_title":"Ep\u00e9e Attaque des Titans - Katana d\u2019Eren - Boutique en ligne | RMC","og_description":"Commandez vite l'Ep\u00e9e Attaque des Titans au meilleur prix. Lame en acier - Fourreau - Echelle 1\/1 - Longueur totale : 92 cm - Envoi 24\/48h","og_url":"https:\/\/repliquemangacine.fr\/it\/katana-e-manga-spada-anime-altri-manga\/attacco-dei-titani-spada-taglia-collo-eren\/","og_site_name":"R\u00e9plique Manga Cin\u00e9","article_publisher":"https:\/\/www.facebook.com\/RepliqueMangaCine","article_modified_time":"2026-03-25T14:56:23+00:00","og_image":[{"width":800,"height":800,"url":"https:\/\/repliquemangacine.fr\/wp-content\/uploads\/2023\/10\/485-Sabre-Coupe-Nuque-Attaque-des-Titans.jpg","type":"image\/jpeg"}],"twitter_card":"summary_large_image","twitter_misc":{"Tempo di lettura stimato":"3 minuti"},"schema":{"@context":"https:\/\/schema.org","@graph":[{"@type":"WebPage","@id":"https:\/\/repliquemangacine.fr\/katana-et-epee-de-manga-anime-autre-manga\/epee-attaque-des-titans-sabre-coupe-nuque-eren\/","url":"https:\/\/repliquemangacine.fr\/katana-et-epee-de-manga-anime-autre-manga\/epee-attaque-des-titans-sabre-coupe-nuque-eren\/","name":"Spada di Attack of the Titans - Katana di Eren - Boutique en ligne | RMC","isPartOf":{"@id":"https:\/\/repliquemangacine.fr\/#website"},"primaryImageOfPage":{"@id":"https:\/\/repliquemangacine.fr\/katana-et-epee-de-manga-anime-autre-manga\/epee-attaque-des-titans-sabre-coupe-nuque-eren\/#primaryimage"},"image":{"@id":"https:\/\/repliquemangacine.fr\/katana-et-epee-de-manga-anime-autre-manga\/epee-attaque-des-titans-sabre-coupe-nuque-eren\/#primaryimage"},"thumbnailUrl":"https:\/\/repliquemangacine.fr\/wp-content\/uploads\/2023\/10\/485-Sabre-Coupe-Nuque-Attaque-des-Titans.jpg","datePublished":"2016-10-10T16:28:37+00:00","dateModified":"2026-03-25T14:56:23+00:00","description":"Ordina ora la spada Attack of the Titans al miglior prezzo. Lama in acciaio - Fodero - Scala 1\/1 - Lunghezza totale: 92 cm - Spedizione 24\/48h","breadcrumb":{"@id":"https:\/\/repliquemangacine.fr\/katana-et-epee-de-manga-anime-autre-manga\/epee-attaque-des-titans-sabre-coupe-nuque-eren\/#breadcrumb"},"inLanguage":"it-IT","potentialAction":[{"@type":"ReadAction","target":["https:\/\/repliquemangacine.fr\/katana-et-epee-de-manga-anime-autre-manga\/epee-attaque-des-titans-sabre-coupe-nuque-eren\/"]}]},{"@type":"ImageObject","inLanguage":"it-IT","@id":"https:\/\/repliquemangacine.fr\/katana-et-epee-de-manga-anime-autre-manga\/epee-attaque-des-titans-sabre-coupe-nuque-eren\/#primaryimage","url":"https:\/\/repliquemangacine.fr\/wp-content\/uploads\/2023\/10\/485-Sabre-Coupe-Nuque-Attaque-des-Titans.jpg","contentUrl":"https:\/\/repliquemangacine.fr\/wp-content\/uploads\/2023\/10\/485-Sabre-Coupe-Nuque-Attaque-des-Titans.jpg","width":800,"height":800,"caption":"Sabre Coupe Nuque - Attaque des Titans"},{"@type":"BreadcrumbList","@id":"https:\/\/repliquemangacine.fr\/katana-et-epee-de-manga-anime-autre-manga\/epee-attaque-des-titans-sabre-coupe-nuque-eren\/#breadcrumb","itemListElement":[{"@type":"ListItem","position":1,"name":"Accueil","item":"https:\/\/repliquemangacine.fr\/"},{"@type":"ListItem","position":2,"name":"Produits","item":"https:\/\/repliquemangacine.fr\/boutique\/"},{"@type":"ListItem","position":3,"name":"Ep\u00e9e Attaque des Titans"}]},{"@type":"WebSite","@id":"https:\/\/repliquemangacine.fr\/#website","url":"https:\/\/repliquemangacine.fr\/","name":"R\u00e9plique Manga Cin\u00e9","description":"","publisher":{"@id":"https:\/\/repliquemangacine.fr\/#organization"},"potentialAction":[{"@type":"SearchAction","target":{"@type":"EntryPoint","urlTemplate":"https:\/\/repliquemangacine.fr\/?s={search_term_string}"},"query-input":{"@type":"PropertyValueSpecification","valueRequired":true,"valueName":"search_term_string"}}],"inLanguage":"it-IT"},{"@type":"Organization","@id":"https:\/\/repliquemangacine.fr\/#organization","name":"R\u00e9plique Manga Cin\u00e9","url":"https:\/\/repliquemangacine.fr\/","logo":{"@type":"ImageObject","inLanguage":"it-IT","@id":"https:\/\/repliquemangacine.fr\/#\/schema\/logo\/image\/","url":"https:\/\/repliquemangacine.fr\/wp-content\/uploads\/2023\/10\/RMC-500250.png","contentUrl":"https:\/\/repliquemangacine.fr\/wp-content\/uploads\/2023\/10\/RMC-500250.png","width":500,"height":250,"caption":"R\u00e9plique Manga Cin\u00e9"},"image":{"@id":"https:\/\/repliquemangacine.fr\/#\/schema\/logo\/image\/"},"sameAs":["https:\/\/www.facebook.com\/RepliqueMangaCine","https:\/\/www.instagram.com\/repliquemangacine.fr\/"]}]}},"_links":{"self":[{"href":"https:\/\/repliquemangacine.fr\/it\/wp-json\/wp\/v2\/product\/25712","targetHints":{"allow":["GET"]}}],"collection":[{"href":"https:\/\/repliquemangacine.fr\/it\/wp-json\/wp\/v2\/product"}],"about":[{"href":"https:\/\/repliquemangacine.fr\/it\/wp-json\/wp\/v2\/types\/product"}],"wp:featuredmedia":[{"embeddable":true,"href":"https:\/\/repliquemangacine.fr\/it\/wp-json\/wp\/v2\/media\/25713"}],"wp:attachment":[{"href":"https:\/\/repliquemangacine.fr\/it\/wp-json\/wp\/v2\/media?parent=25712"}],"wp:term":[{"taxonomy":"product_brand","embeddable":true,"href":"https:\/\/repliquemangacine.fr\/it\/wp-json\/wp\/v2\/product_brand?post=25712"},{"taxonomy":"product_cat","embeddable":true,"href":"https:\/\/repliquemangacine.fr\/it\/wp-json\/wp\/v2\/product_cat?post=25712"},{"taxonomy":"product_tag","embeddable":true,"href":"https:\/\/repliquemangacine.fr\/it\/wp-json\/wp\/v2\/product_tag?post=25712"}],"curies":[{"name":"wp","href":"https:\/\/api.w.org\/{rel}","templated":true}]}}