





{"id":25688,"date":"2016-10-01T16:26:16","date_gmt":"2016-10-01T14:26:16","guid":{"rendered":"https:\/\/repliquemangacine.fr\/?post_type=product&#038;p=25688"},"modified":"2025-11-13T15:31:19","modified_gmt":"2025-11-13T14:31:19","slug":"fulham-spada-romana","status":"publish","type":"product","link":"https:\/\/repliquemangacine.fr\/it\/epees-glaives-antique\/glaive-romain-fulham\/","title":{"rendered":"Spada romana di Fulham"},"content":{"rendered":"<h2>Spada romana di Fulham<\/h2>\n<p>Per cominciare, il <strong>Spada romana di Fulham<\/strong>, considerato una variante del tipo Mainz. In riferimento alla citt\u00e0 di Magonza, dove sono state fatte le prime scoperte di questo tipo.<\/p>\n<p>I ritrovamenti archeologici dimostrano che questo smalto si \u00e8 successivamente evoluto in quello \u00abFulham\u00bb.  Con il tempo, il fulham glaive perse le sue curve per diventare una lama con taglienti dritti e paralleli e una punta ben definita con un angolo pronunciato. Questa nuova evoluzione \u00e8 nota come spada di Pompei.<\/p>\n<p>La spada che ha dato il nome al tipo \u00e8 stata dragata dal Tamigi vicino a Fulham e deve quindi risalire a qualche tempo fa. \u00c8 quindi considerata il punto di congiunzione tra Magonza e Pompei.<\/p>\n<p>In conclusione, prodotto da <a href=\"https:\/\/deepeeka.in\/\" target=\"_blank\" rel=\"noopener noreferrer\">Deepeeka<\/a> con la massima cura.<\/p>\n<h2>Il tuo Fulham Roman Glaive al miglior prezzo.<\/h2>\n<p>Offriamo un'ampia gamma di spade ed elmi del periodo antico.<\/p>\n<p>Innanzitutto,<\/p>\n<ul>\n<li>Le <a href=\"https:\/\/repliquemangacine.fr\/it\/spade-antiche\/pompei-spada-romana\/\">Spada romana, tipo Pompei<\/a> con il suo fodero decorato.<\/li>\n<li>C'\u00e8 anche il<a href=\"https:\/\/repliquemangacine.fr\/it\/spade-antiche\/spada-di-feltro\/\">Spada Fetwell<\/a> e il suo fodero di cuoio.<\/li>\n<li>Cos\u00ec come il <a href=\"https:\/\/repliquemangacine.fr\/it\/armi-storiche\/giulio-cesare-spada-nera\/\">La spada di Giulio Cesare<\/a> prodotto da Denix.<\/li>\n<li>E molti altri da scoprire nel nostro negozio online!<\/li>\n<\/ul>\n<p>Ecco perch\u00e9 abbiamo pensato ad alcune superbe idee regalo per tutti coloro che hanno la passione per l'antichit\u00e0.<\/p>\n<p>In conclusione, \u00e8 possibile utilizzare questo <strong>Spada romana di Fulham<\/strong> per le vostre rievocazioni storiche o serate a tema. Ma soprattutto \u00e8 un oggetto da collezione e una decorazione.<\/p>\n<h2>Come posso mantenere la lama della mia spada antica?<\/h2>\n<p>Le spade da collezione e decorative sono realizzate e assemblate in modo semplificato. Poich\u00e9 il loro uso \u00e8 decorativo, non hanno le caratteristiche di sicurezza richieste per una spada giapponese destinata all'allenamento.<\/p>\n<p>Tuttavia, il vostro <strong>Spada romana di Fulham<\/strong> a una lama d'acciaio che deve essere curata per evitare che si danneggi nel tempo. Quando si espone la katana, gli amici saranno curiosi di vedere la lama e di toccarla. \u00c8 qui che bisogna fare attenzione, perch\u00e9 l'acidit\u00e0 delle dita \u00e8 molto dannosa per l'acciaio, indipendentemente dalla sua qualit\u00e0.<\/p>\n<p>Tuttavia, se ci\u00f2 dovesse accadere, niente panico: basta un panno inumidito con un po' d'olio per eliminare le impronte. In questo modo, la spada durer\u00e0 a lungo.<\/p>","protected":false},"excerpt":{"rendered":"<p>La famosa spada di Fulham, esposta al British Museum.<\/p>\n<ul>\n<li>Lama in acciaio al carbonio non affilata.<\/li>\n<li>Elsa e pomo in legno intagliato.<\/li>\n<li>Fodero in vera pelle.<\/li>\n<li>Piastre in rilievo e stagnate.<\/li>\n<li>Cinturino in pelle.<\/li>\n<li>Lunghezza lama: 54,5 cm - Lunghezza totale: 75 cm - Peso: 910 gr.<\/li>\n<\/ul>","protected":false},"featured_media":25689,"template":"","meta":[],"product_brand":[896],"product_cat":[31,25,73],"product_tag":[],"class_list":{"0":"post-25688","1":"product","2":"type-product","3":"status-publish","4":"has-post-thumbnail","6":"product_brand-replique-manga-cine","7":"product_cat-armes-antiques","8":"product_cat-armes-historiques","9":"product_cat-epees-glaives-antique","11":"first","12":"instock","13":"taxable","14":"shipping-taxable","15":"purchasable","16":"product-type-simple"},"yoast_head":"<!-- This site is optimized with the Yoast SEO plugin v27.4 - https:\/\/yoast.com\/product\/yoast-seo-wordpress\/ -->\n<title>Glaive Romain Fulham - Arme Antique - R\u00e9plique Manga Cin\u00e9<\/title>\n<meta name=\"description\" content=\"Offrez-lui ce Glaive Romain Fulham au meilleur prix - Expos\u00e9 au British Museum. Lame acier carbone - Fourreau cuir et laiton - Longueur totale : 75 cm\" \/>\n<meta name=\"robots\" content=\"index, follow, max-snippet:-1, max-image-preview:large, max-video-preview:-1\" \/>\n<link rel=\"canonical\" href=\"https:\/\/repliquemangacine.fr\/it\/spade-antiche\/fulham-spada-romana\/\" \/>\n<meta property=\"og:locale\" content=\"it_IT\" \/>\n<meta property=\"og:type\" content=\"article\" \/>\n<meta property=\"og:title\" content=\"Glaive Romain Fulham - Arme Antique - R\u00e9plique Manga Cin\u00e9\" \/>\n<meta property=\"og:description\" content=\"Offrez-lui ce Glaive Romain Fulham au meilleur prix - Expos\u00e9 au British Museum. Lame acier carbone - Fourreau cuir et laiton - Longueur totale : 75 cm\" \/>\n<meta property=\"og:url\" content=\"https:\/\/repliquemangacine.fr\/it\/spade-antiche\/fulham-spada-romana\/\" \/>\n<meta property=\"og:site_name\" content=\"R\u00e9plique Manga Cin\u00e9\" \/>\n<meta property=\"article:publisher\" content=\"https:\/\/www.facebook.com\/RepliqueMangaCine\" \/>\n<meta property=\"article:modified_time\" content=\"2025-11-13T14:31:19+00:00\" \/>\n<meta property=\"og:image\" content=\"https:\/\/repliquemangacine.fr\/wp-content\/uploads\/2023\/10\/1694-Replique-Glaive-Romain-Fulham.jpg\" \/>\n\t<meta property=\"og:image:width\" content=\"600\" \/>\n\t<meta property=\"og:image:height\" content=\"600\" \/>\n\t<meta property=\"og:image:type\" content=\"image\/jpeg\" \/>\n<meta name=\"twitter:card\" content=\"summary_large_image\" \/>\n<meta name=\"twitter:label1\" content=\"Tempo di lettura stimato\" \/>\n\t<meta name=\"twitter:data1\" content=\"2 minuti\" \/>\n<script type=\"application\/ld+json\" class=\"yoast-schema-graph\">{\"@context\":\"https:\\\/\\\/schema.org\",\"@graph\":[{\"@type\":\"WebPage\",\"@id\":\"https:\\\/\\\/repliquemangacine.fr\\\/epees-glaives-antique\\\/glaive-romain-fulham\\\/\",\"url\":\"https:\\\/\\\/repliquemangacine.fr\\\/epees-glaives-antique\\\/glaive-romain-fulham\\\/\",\"name\":\"Glaive Romain Fulham - Arme Antique - R\u00e9plique Manga Cin\u00e9\",\"isPartOf\":{\"@id\":\"https:\\\/\\\/repliquemangacine.fr\\\/#website\"},\"primaryImageOfPage\":{\"@id\":\"https:\\\/\\\/repliquemangacine.fr\\\/epees-glaives-antique\\\/glaive-romain-fulham\\\/#primaryimage\"},\"image\":{\"@id\":\"https:\\\/\\\/repliquemangacine.fr\\\/epees-glaives-antique\\\/glaive-romain-fulham\\\/#primaryimage\"},\"thumbnailUrl\":\"https:\\\/\\\/repliquemangacine.fr\\\/wp-content\\\/uploads\\\/2023\\\/10\\\/1694-Replique-Glaive-Romain-Fulham.jpg\",\"datePublished\":\"2016-10-01T14:26:16+00:00\",\"dateModified\":\"2025-11-13T14:31:19+00:00\",\"description\":\"Offrez-lui ce Glaive Romain Fulham au meilleur prix - Expos\u00e9 au British Museum. Lame acier carbone - Fourreau cuir et laiton - Longueur totale : 75 cm\",\"breadcrumb\":{\"@id\":\"https:\\\/\\\/repliquemangacine.fr\\\/epees-glaives-antique\\\/glaive-romain-fulham\\\/#breadcrumb\"},\"inLanguage\":\"it-IT\",\"potentialAction\":[{\"@type\":\"ReadAction\",\"target\":[\"https:\\\/\\\/repliquemangacine.fr\\\/epees-glaives-antique\\\/glaive-romain-fulham\\\/\"]}]},{\"@type\":\"ImageObject\",\"inLanguage\":\"it-IT\",\"@id\":\"https:\\\/\\\/repliquemangacine.fr\\\/epees-glaives-antique\\\/glaive-romain-fulham\\\/#primaryimage\",\"url\":\"https:\\\/\\\/repliquemangacine.fr\\\/wp-content\\\/uploads\\\/2023\\\/10\\\/1694-Replique-Glaive-Romain-Fulham.jpg\",\"contentUrl\":\"https:\\\/\\\/repliquemangacine.fr\\\/wp-content\\\/uploads\\\/2023\\\/10\\\/1694-Replique-Glaive-Romain-Fulham.jpg\",\"width\":600,\"height\":600,\"caption\":\"R\u00e9plique Glaive Romain Fulham\"},{\"@type\":\"BreadcrumbList\",\"@id\":\"https:\\\/\\\/repliquemangacine.fr\\\/epees-glaives-antique\\\/glaive-romain-fulham\\\/#breadcrumb\",\"itemListElement\":[{\"@type\":\"ListItem\",\"position\":1,\"name\":\"Accueil\",\"item\":\"https:\\\/\\\/repliquemangacine.fr\\\/\"},{\"@type\":\"ListItem\",\"position\":2,\"name\":\"Produits\",\"item\":\"https:\\\/\\\/repliquemangacine.fr\\\/boutique\\\/\"},{\"@type\":\"ListItem\",\"position\":3,\"name\":\"Glaive Romain Fulham\"}]},{\"@type\":\"WebSite\",\"@id\":\"https:\\\/\\\/repliquemangacine.fr\\\/#website\",\"url\":\"https:\\\/\\\/repliquemangacine.fr\\\/\",\"name\":\"R\u00e9plique Manga Cin\u00e9\",\"description\":\"\",\"publisher\":{\"@id\":\"https:\\\/\\\/repliquemangacine.fr\\\/#organization\"},\"potentialAction\":[{\"@type\":\"SearchAction\",\"target\":{\"@type\":\"EntryPoint\",\"urlTemplate\":\"https:\\\/\\\/repliquemangacine.fr\\\/?s={search_term_string}\"},\"query-input\":{\"@type\":\"PropertyValueSpecification\",\"valueRequired\":true,\"valueName\":\"search_term_string\"}}],\"inLanguage\":\"it-IT\"},{\"@type\":\"Organization\",\"@id\":\"https:\\\/\\\/repliquemangacine.fr\\\/#organization\",\"name\":\"R\u00e9plique Manga Cin\u00e9\",\"url\":\"https:\\\/\\\/repliquemangacine.fr\\\/\",\"logo\":{\"@type\":\"ImageObject\",\"inLanguage\":\"it-IT\",\"@id\":\"https:\\\/\\\/repliquemangacine.fr\\\/#\\\/schema\\\/logo\\\/image\\\/\",\"url\":\"https:\\\/\\\/repliquemangacine.fr\\\/wp-content\\\/uploads\\\/2023\\\/10\\\/RMC-500250.png\",\"contentUrl\":\"https:\\\/\\\/repliquemangacine.fr\\\/wp-content\\\/uploads\\\/2023\\\/10\\\/RMC-500250.png\",\"width\":500,\"height\":250,\"caption\":\"R\u00e9plique Manga Cin\u00e9\"},\"image\":{\"@id\":\"https:\\\/\\\/repliquemangacine.fr\\\/#\\\/schema\\\/logo\\\/image\\\/\"},\"sameAs\":[\"https:\\\/\\\/www.facebook.com\\\/RepliqueMangaCine\",\"https:\\\/\\\/www.instagram.com\\\/repliquemangacine.fr\\\/\"]}]}<\/script>\n<!-- \/ Yoast SEO plugin. -->","yoast_head_json":{"title":"Fulham Roman Glaive - Arma antica - R\u00e9plique Manga Cin\u00e9","description":"Offritegli questo Fulham Roman Glaive al miglior prezzo - Esposto al British Museum. Lama in acciaio al carbonio - Fodero in pelle e ottone - Lunghezza totale: 75 cm","robots":{"index":"index","follow":"follow","max-snippet":"max-snippet:-1","max-image-preview":"max-image-preview:large","max-video-preview":"max-video-preview:-1"},"canonical":"https:\/\/repliquemangacine.fr\/it\/spade-antiche\/fulham-spada-romana\/","og_locale":"it_IT","og_type":"article","og_title":"Glaive Romain Fulham - Arme Antique - R\u00e9plique Manga Cin\u00e9","og_description":"Offrez-lui ce Glaive Romain Fulham au meilleur prix - Expos\u00e9 au British Museum. Lame acier carbone - Fourreau cuir et laiton - Longueur totale : 75 cm","og_url":"https:\/\/repliquemangacine.fr\/it\/spade-antiche\/fulham-spada-romana\/","og_site_name":"R\u00e9plique Manga Cin\u00e9","article_publisher":"https:\/\/www.facebook.com\/RepliqueMangaCine","article_modified_time":"2025-11-13T14:31:19+00:00","og_image":[{"width":600,"height":600,"url":"https:\/\/repliquemangacine.fr\/wp-content\/uploads\/2023\/10\/1694-Replique-Glaive-Romain-Fulham.jpg","type":"image\/jpeg"}],"twitter_card":"summary_large_image","twitter_misc":{"Tempo di lettura stimato":"2 minuti"},"schema":{"@context":"https:\/\/schema.org","@graph":[{"@type":"WebPage","@id":"https:\/\/repliquemangacine.fr\/epees-glaives-antique\/glaive-romain-fulham\/","url":"https:\/\/repliquemangacine.fr\/epees-glaives-antique\/glaive-romain-fulham\/","name":"Fulham Roman Glaive - Arma antica - R\u00e9plique Manga Cin\u00e9","isPartOf":{"@id":"https:\/\/repliquemangacine.fr\/#website"},"primaryImageOfPage":{"@id":"https:\/\/repliquemangacine.fr\/epees-glaives-antique\/glaive-romain-fulham\/#primaryimage"},"image":{"@id":"https:\/\/repliquemangacine.fr\/epees-glaives-antique\/glaive-romain-fulham\/#primaryimage"},"thumbnailUrl":"https:\/\/repliquemangacine.fr\/wp-content\/uploads\/2023\/10\/1694-Replique-Glaive-Romain-Fulham.jpg","datePublished":"2016-10-01T14:26:16+00:00","dateModified":"2025-11-13T14:31:19+00:00","description":"Offritegli questo Fulham Roman Glaive al miglior prezzo - Esposto al British Museum. Lama in acciaio al carbonio - Fodero in pelle e ottone - Lunghezza totale: 75 cm","breadcrumb":{"@id":"https:\/\/repliquemangacine.fr\/epees-glaives-antique\/glaive-romain-fulham\/#breadcrumb"},"inLanguage":"it-IT","potentialAction":[{"@type":"ReadAction","target":["https:\/\/repliquemangacine.fr\/epees-glaives-antique\/glaive-romain-fulham\/"]}]},{"@type":"ImageObject","inLanguage":"it-IT","@id":"https:\/\/repliquemangacine.fr\/epees-glaives-antique\/glaive-romain-fulham\/#primaryimage","url":"https:\/\/repliquemangacine.fr\/wp-content\/uploads\/2023\/10\/1694-Replique-Glaive-Romain-Fulham.jpg","contentUrl":"https:\/\/repliquemangacine.fr\/wp-content\/uploads\/2023\/10\/1694-Replique-Glaive-Romain-Fulham.jpg","width":600,"height":600,"caption":"R\u00e9plique Glaive Romain Fulham"},{"@type":"BreadcrumbList","@id":"https:\/\/repliquemangacine.fr\/epees-glaives-antique\/glaive-romain-fulham\/#breadcrumb","itemListElement":[{"@type":"ListItem","position":1,"name":"Accueil","item":"https:\/\/repliquemangacine.fr\/"},{"@type":"ListItem","position":2,"name":"Produits","item":"https:\/\/repliquemangacine.fr\/boutique\/"},{"@type":"ListItem","position":3,"name":"Glaive Romain Fulham"}]},{"@type":"WebSite","@id":"https:\/\/repliquemangacine.fr\/#website","url":"https:\/\/repliquemangacine.fr\/","name":"R\u00e9plique Manga Cin\u00e9","description":"","publisher":{"@id":"https:\/\/repliquemangacine.fr\/#organization"},"potentialAction":[{"@type":"SearchAction","target":{"@type":"EntryPoint","urlTemplate":"https:\/\/repliquemangacine.fr\/?s={search_term_string}"},"query-input":{"@type":"PropertyValueSpecification","valueRequired":true,"valueName":"search_term_string"}}],"inLanguage":"it-IT"},{"@type":"Organization","@id":"https:\/\/repliquemangacine.fr\/#organization","name":"R\u00e9plique Manga Cin\u00e9","url":"https:\/\/repliquemangacine.fr\/","logo":{"@type":"ImageObject","inLanguage":"it-IT","@id":"https:\/\/repliquemangacine.fr\/#\/schema\/logo\/image\/","url":"https:\/\/repliquemangacine.fr\/wp-content\/uploads\/2023\/10\/RMC-500250.png","contentUrl":"https:\/\/repliquemangacine.fr\/wp-content\/uploads\/2023\/10\/RMC-500250.png","width":500,"height":250,"caption":"R\u00e9plique Manga Cin\u00e9"},"image":{"@id":"https:\/\/repliquemangacine.fr\/#\/schema\/logo\/image\/"},"sameAs":["https:\/\/www.facebook.com\/RepliqueMangaCine","https:\/\/www.instagram.com\/repliquemangacine.fr\/"]}]}},"_links":{"self":[{"href":"https:\/\/repliquemangacine.fr\/it\/wp-json\/wp\/v2\/product\/25688","targetHints":{"allow":["GET"]}}],"collection":[{"href":"https:\/\/repliquemangacine.fr\/it\/wp-json\/wp\/v2\/product"}],"about":[{"href":"https:\/\/repliquemangacine.fr\/it\/wp-json\/wp\/v2\/types\/product"}],"wp:featuredmedia":[{"embeddable":true,"href":"https:\/\/repliquemangacine.fr\/it\/wp-json\/wp\/v2\/media\/25689"}],"wp:attachment":[{"href":"https:\/\/repliquemangacine.fr\/it\/wp-json\/wp\/v2\/media?parent=25688"}],"wp:term":[{"taxonomy":"product_brand","embeddable":true,"href":"https:\/\/repliquemangacine.fr\/it\/wp-json\/wp\/v2\/product_brand?post=25688"},{"taxonomy":"product_cat","embeddable":true,"href":"https:\/\/repliquemangacine.fr\/it\/wp-json\/wp\/v2\/product_cat?post=25688"},{"taxonomy":"product_tag","embeddable":true,"href":"https:\/\/repliquemangacine.fr\/it\/wp-json\/wp\/v2\/product_tag?post=25688"}],"curies":[{"name":"wp","href":"https:\/\/api.w.org\/{rel}","templated":true}]}}