





{"id":25652,"date":"2016-09-27T20:01:29","date_gmt":"2016-09-27T18:01:29","guid":{"rendered":"https:\/\/repliquemangacine.fr\/?post_type=product&#038;p=25652"},"modified":"2026-04-03T11:46:42","modified_gmt":"2026-04-03T09:46:42","slug":"spada-rin-esorcista-blu-katana-kurikara","status":"publish","type":"product","link":"https:\/\/repliquemangacine.fr\/it\/katana-et-epee-de-manga-anime-autre-manga\/epee-de-rin-blue-exorcist-katana-kurikara\/","title":{"rendered":"Katana Kurikara Esorcista Blu"},"content":{"rendered":"<h2>Katana Kurikara Blue Exorcist, la spada di Rin.<\/h2>\n<p>Per cominciare, il <strong>Katana Kurikara Esorcista Blu<\/strong> \u00e8 la spada di Rin. I suoi poteri sono stati sigillati alla nascita da Mefisto nella spada. <a href=\"https:\/\/blue-exorcist.fandom.com\/fr\/wiki\/Kurikara\" target=\"_blank\" rel=\"noopener noreferrer\">Kurikara<\/a> per aiutare padre Fujimoto.<\/p>\n<p>Questo gli ha permesso di vivere una vita normale, finch\u00e9 un giorno, quando si \u00e8 arrabbiato, Kurikara non \u00e8 pi\u00f9 riuscito a contenere i suoi poteri. Scopr\u00ec allora la sua vera identit\u00e0.<\/p>\n<p>Rin Okumura, la protagonista della storia. Nella sua forma demoniaca, Rin ha due fiamme blu che fluttuano sopra la testa come corna. Ha anche lunghe orecchie da elfo, i suoi occhi diventano di un blu luminoso, le sue pupille diventano rosse e, soprattutto, il suo corpo \u00e8 punteggiato di fiamme blu.<\/p>\n<h2>La tua Katana Kurikara Blue Exorcist al miglior prezzo.<\/h2>\n<p>In questa categoria abbiamo raccolto tutte le battute dei vostri personaggi preferiti.<\/p>\n<p>Innanzitutto,<\/p>\n<ul>\n<li>L'<a href=\"https:\/\/repliquemangacine.fr\/it\/altri-manga\/epee-de-trunks-dragon-ball-z\/\">La spada di Trunks<\/a> nella famosa serie televisiva Dragon Ball Z<\/li>\n<li>Cos\u00ec come il<a href=\"https:\/\/repliquemangacine.fr\/it\/altri-manga\/spada-del-drago-di-meliodas\/\">spada del drago<\/a> o la spada spezzata di Meliodas nel manga Seven Deadly Sins.<\/li>\n<li>E molti altri da scoprire nel nostro negozio online!<\/li>\n<\/ul>\n<p>Ecco quindi alcune ottime idee regalo per i fan dell'Esorcista Blu.<\/p>\n<p>In conclusione, \u00e8 possibile utilizzare questo <strong>Katana Kurikara Esorcista Blu<\/strong> per le vostre sfilate cosplay o serate a tema. Ma soprattutto, la spada di Rin \u00e8 anche un oggetto da collezione e un pezzo decorativo.<\/p>\n<p>R\u00e9plique Manga Cin\u00e9 \u00e8 un'azienda francese.<\/p>\n<h2>Come si mantiene la lama della katana manga?<\/h2>\n<p>Le katane da collezione e decorative sono realizzate e assemblate in modo semplificato. Poich\u00e9 il loro uso \u00e8 decorativo, non hanno le caratteristiche di sicurezza richieste da una spada giapponese destinata all'allenamento.<\/p>\n<p>Tuttavia, il vostro <strong>Katana dell'esorcista blu Kurikara<\/strong> a una lama d'acciaio che deve essere curata per evitare che si danneggi nel tempo. Quando si espone la katana, gli amici saranno curiosi di vedere la lama e di toccarla. \u00c8 qui che bisogna fare attenzione, perch\u00e9 l'acidit\u00e0 delle dita \u00e8 molto dannosa per l'acciaio, indipendentemente dalla sua qualit\u00e0.<\/p>\n<p>Tuttavia, se ci\u00f2 dovesse accadere, niente panico: basta un panno inumidito con un po' d'olio per eliminare le impronte. In questo modo, la spada durer\u00e0 a lungo.<\/p>","protected":false},"excerpt":{"rendered":"<p>Replica della Katana Kurikara in blu esorcista<\/p>\n<ul>\n<li>Lama in acciaio inossidabile.<\/li>\n<li>Manico in finta pelle di razza circondato da una treccia di cotone blu.<\/li>\n<li>Fodero in legno laccato.<\/li>\n<li>Protezione metallica appositamente sagomata.<\/li>\n<li>Lunghezza lama: 69 cm - Lunghezza totale: 107 cm<\/li>\n<\/ul>","protected":false},"featured_media":25653,"template":"","meta":[],"product_brand":[896],"product_cat":[65,23],"product_tag":[],"class_list":{"0":"post-25652","1":"product","2":"type-product","3":"status-publish","4":"has-post-thumbnail","6":"product_brand-replique-manga-cine","7":"product_cat-katana-et-epee-de-manga-anime-autre-manga","8":"product_cat-repliques-manga-jeux-video","10":"first","11":"outofstock","12":"taxable","13":"shipping-taxable","14":"purchasable","15":"product-type-simple"},"yoast_head":"<!-- This site is optimized with the Yoast SEO plugin v27.4 - https:\/\/yoast.com\/product\/yoast-seo-wordpress\/ -->\n<title>Katana Kurikara Blue Exorcist - Ep\u00e9e Rin - Boutique en ligne | RMC<\/title>\n<meta name=\"description\" content=\"Achetez vite ! Votre Katana Kurikara Blue Exorcist au meilleur prix. Lame en acier - Fourreau laqu\u00e9 - Echelle 1\/1 - Longueur totale : 107 cm - Envoi 24\/48h\" \/>\n<meta name=\"robots\" content=\"index, follow, max-snippet:-1, max-image-preview:large, max-video-preview:-1\" \/>\n<link rel=\"canonical\" href=\"https:\/\/repliquemangacine.fr\/it\/katana-e-manga-spada-anime-altri-manga\/spada-rin-esorcista-blu-katana-kurikara\/\" \/>\n<meta property=\"og:locale\" content=\"it_IT\" \/>\n<meta property=\"og:type\" content=\"article\" \/>\n<meta property=\"og:title\" content=\"Katana Kurikara Blue Exorcist - Ep\u00e9e Rin - Boutique en ligne | RMC\" \/>\n<meta property=\"og:description\" content=\"Achetez vite ! Votre Katana Kurikara Blue Exorcist au meilleur prix. Lame en acier - Fourreau laqu\u00e9 - Echelle 1\/1 - Longueur totale : 107 cm - Envoi 24\/48h\" \/>\n<meta property=\"og:url\" content=\"https:\/\/repliquemangacine.fr\/it\/katana-e-manga-spada-anime-altri-manga\/spada-rin-esorcista-blu-katana-kurikara\/\" \/>\n<meta property=\"og:site_name\" content=\"R\u00e9plique Manga Cin\u00e9\" \/>\n<meta property=\"article:publisher\" content=\"https:\/\/www.facebook.com\/RepliqueMangaCine\" \/>\n<meta property=\"article:modified_time\" content=\"2026-04-03T09:46:42+00:00\" \/>\n<meta property=\"og:image\" content=\"https:\/\/repliquemangacine.fr\/wp-content\/uploads\/2023\/10\/431-Epee-de-Rin-Blue-Exorcist.jpg\" \/>\n\t<meta property=\"og:image:width\" content=\"800\" \/>\n\t<meta property=\"og:image:height\" content=\"800\" \/>\n\t<meta property=\"og:image:type\" content=\"image\/jpeg\" \/>\n<meta name=\"twitter:card\" content=\"summary_large_image\" \/>\n<meta name=\"twitter:label1\" content=\"Tempo di lettura stimato\" \/>\n\t<meta name=\"twitter:data1\" content=\"2 minuti\" \/>\n<script type=\"application\/ld+json\" class=\"yoast-schema-graph\">{\"@context\":\"https:\\\/\\\/schema.org\",\"@graph\":[{\"@type\":\"WebPage\",\"@id\":\"https:\\\/\\\/repliquemangacine.fr\\\/katana-et-epee-de-manga-anime-autre-manga\\\/epee-de-rin-blue-exorcist-katana-kurikara\\\/\",\"url\":\"https:\\\/\\\/repliquemangacine.fr\\\/katana-et-epee-de-manga-anime-autre-manga\\\/epee-de-rin-blue-exorcist-katana-kurikara\\\/\",\"name\":\"Katana Kurikara Blue Exorcist - Ep\u00e9e Rin - Boutique en ligne | RMC\",\"isPartOf\":{\"@id\":\"https:\\\/\\\/repliquemangacine.fr\\\/#website\"},\"primaryImageOfPage\":{\"@id\":\"https:\\\/\\\/repliquemangacine.fr\\\/katana-et-epee-de-manga-anime-autre-manga\\\/epee-de-rin-blue-exorcist-katana-kurikara\\\/#primaryimage\"},\"image\":{\"@id\":\"https:\\\/\\\/repliquemangacine.fr\\\/katana-et-epee-de-manga-anime-autre-manga\\\/epee-de-rin-blue-exorcist-katana-kurikara\\\/#primaryimage\"},\"thumbnailUrl\":\"https:\\\/\\\/repliquemangacine.fr\\\/wp-content\\\/uploads\\\/2023\\\/10\\\/431-Epee-de-Rin-Blue-Exorcist.jpg\",\"datePublished\":\"2016-09-27T18:01:29+00:00\",\"dateModified\":\"2026-04-03T09:46:42+00:00\",\"description\":\"Achetez vite ! Votre Katana Kurikara Blue Exorcist au meilleur prix. Lame en acier - Fourreau laqu\u00e9 - Echelle 1\\\/1 - Longueur totale : 107 cm - Envoi 24\\\/48h\",\"breadcrumb\":{\"@id\":\"https:\\\/\\\/repliquemangacine.fr\\\/katana-et-epee-de-manga-anime-autre-manga\\\/epee-de-rin-blue-exorcist-katana-kurikara\\\/#breadcrumb\"},\"inLanguage\":\"it-IT\",\"potentialAction\":[{\"@type\":\"ReadAction\",\"target\":[\"https:\\\/\\\/repliquemangacine.fr\\\/katana-et-epee-de-manga-anime-autre-manga\\\/epee-de-rin-blue-exorcist-katana-kurikara\\\/\"]}]},{\"@type\":\"ImageObject\",\"inLanguage\":\"it-IT\",\"@id\":\"https:\\\/\\\/repliquemangacine.fr\\\/katana-et-epee-de-manga-anime-autre-manga\\\/epee-de-rin-blue-exorcist-katana-kurikara\\\/#primaryimage\",\"url\":\"https:\\\/\\\/repliquemangacine.fr\\\/wp-content\\\/uploads\\\/2023\\\/10\\\/431-Epee-de-Rin-Blue-Exorcist.jpg\",\"contentUrl\":\"https:\\\/\\\/repliquemangacine.fr\\\/wp-content\\\/uploads\\\/2023\\\/10\\\/431-Epee-de-Rin-Blue-Exorcist.jpg\",\"width\":800,\"height\":800,\"caption\":\"Ep\u00e9e de Rin- Blue Exorcist\"},{\"@type\":\"BreadcrumbList\",\"@id\":\"https:\\\/\\\/repliquemangacine.fr\\\/katana-et-epee-de-manga-anime-autre-manga\\\/epee-de-rin-blue-exorcist-katana-kurikara\\\/#breadcrumb\",\"itemListElement\":[{\"@type\":\"ListItem\",\"position\":1,\"name\":\"Accueil\",\"item\":\"https:\\\/\\\/repliquemangacine.fr\\\/\"},{\"@type\":\"ListItem\",\"position\":2,\"name\":\"Produits\",\"item\":\"https:\\\/\\\/repliquemangacine.fr\\\/boutique\\\/\"},{\"@type\":\"ListItem\",\"position\":3,\"name\":\"Katana Kurikara Blue Exorcist\"}]},{\"@type\":\"WebSite\",\"@id\":\"https:\\\/\\\/repliquemangacine.fr\\\/#website\",\"url\":\"https:\\\/\\\/repliquemangacine.fr\\\/\",\"name\":\"R\u00e9plique Manga Cin\u00e9\",\"description\":\"\",\"publisher\":{\"@id\":\"https:\\\/\\\/repliquemangacine.fr\\\/#organization\"},\"potentialAction\":[{\"@type\":\"SearchAction\",\"target\":{\"@type\":\"EntryPoint\",\"urlTemplate\":\"https:\\\/\\\/repliquemangacine.fr\\\/?s={search_term_string}\"},\"query-input\":{\"@type\":\"PropertyValueSpecification\",\"valueRequired\":true,\"valueName\":\"search_term_string\"}}],\"inLanguage\":\"it-IT\"},{\"@type\":\"Organization\",\"@id\":\"https:\\\/\\\/repliquemangacine.fr\\\/#organization\",\"name\":\"R\u00e9plique Manga Cin\u00e9\",\"url\":\"https:\\\/\\\/repliquemangacine.fr\\\/\",\"logo\":{\"@type\":\"ImageObject\",\"inLanguage\":\"it-IT\",\"@id\":\"https:\\\/\\\/repliquemangacine.fr\\\/#\\\/schema\\\/logo\\\/image\\\/\",\"url\":\"https:\\\/\\\/repliquemangacine.fr\\\/wp-content\\\/uploads\\\/2023\\\/10\\\/RMC-500250.png\",\"contentUrl\":\"https:\\\/\\\/repliquemangacine.fr\\\/wp-content\\\/uploads\\\/2023\\\/10\\\/RMC-500250.png\",\"width\":500,\"height\":250,\"caption\":\"R\u00e9plique Manga Cin\u00e9\"},\"image\":{\"@id\":\"https:\\\/\\\/repliquemangacine.fr\\\/#\\\/schema\\\/logo\\\/image\\\/\"},\"sameAs\":[\"https:\\\/\\\/www.facebook.com\\\/RepliqueMangaCine\",\"https:\\\/\\\/www.instagram.com\\\/repliquemangacine.fr\\\/\"]}]}<\/script>\n<!-- \/ Yoast SEO plugin. -->","yoast_head_json":{"title":"Katana Kurikara Blue Exorcist - Spada Rin - Boutique en ligne | RMC","description":"Comprate ora! La tua Katana Kurikara Blue Exorcist al miglior prezzo. Lama in acciaio - Fodero laccato - Scala 1\/1 - Lunghezza totale: 107 cm - Spedizione 24\/48h","robots":{"index":"index","follow":"follow","max-snippet":"max-snippet:-1","max-image-preview":"max-image-preview:large","max-video-preview":"max-video-preview:-1"},"canonical":"https:\/\/repliquemangacine.fr\/it\/katana-e-manga-spada-anime-altri-manga\/spada-rin-esorcista-blu-katana-kurikara\/","og_locale":"it_IT","og_type":"article","og_title":"Katana Kurikara Blue Exorcist - Ep\u00e9e Rin - Boutique en ligne | RMC","og_description":"Achetez vite ! Votre Katana Kurikara Blue Exorcist au meilleur prix. Lame en acier - Fourreau laqu\u00e9 - Echelle 1\/1 - Longueur totale : 107 cm - Envoi 24\/48h","og_url":"https:\/\/repliquemangacine.fr\/it\/katana-e-manga-spada-anime-altri-manga\/spada-rin-esorcista-blu-katana-kurikara\/","og_site_name":"R\u00e9plique Manga Cin\u00e9","article_publisher":"https:\/\/www.facebook.com\/RepliqueMangaCine","article_modified_time":"2026-04-03T09:46:42+00:00","og_image":[{"width":800,"height":800,"url":"https:\/\/repliquemangacine.fr\/wp-content\/uploads\/2023\/10\/431-Epee-de-Rin-Blue-Exorcist.jpg","type":"image\/jpeg"}],"twitter_card":"summary_large_image","twitter_misc":{"Tempo di lettura stimato":"2 minuti"},"schema":{"@context":"https:\/\/schema.org","@graph":[{"@type":"WebPage","@id":"https:\/\/repliquemangacine.fr\/katana-et-epee-de-manga-anime-autre-manga\/epee-de-rin-blue-exorcist-katana-kurikara\/","url":"https:\/\/repliquemangacine.fr\/katana-et-epee-de-manga-anime-autre-manga\/epee-de-rin-blue-exorcist-katana-kurikara\/","name":"Katana Kurikara Blue Exorcist - Spada Rin - Boutique en ligne | RMC","isPartOf":{"@id":"https:\/\/repliquemangacine.fr\/#website"},"primaryImageOfPage":{"@id":"https:\/\/repliquemangacine.fr\/katana-et-epee-de-manga-anime-autre-manga\/epee-de-rin-blue-exorcist-katana-kurikara\/#primaryimage"},"image":{"@id":"https:\/\/repliquemangacine.fr\/katana-et-epee-de-manga-anime-autre-manga\/epee-de-rin-blue-exorcist-katana-kurikara\/#primaryimage"},"thumbnailUrl":"https:\/\/repliquemangacine.fr\/wp-content\/uploads\/2023\/10\/431-Epee-de-Rin-Blue-Exorcist.jpg","datePublished":"2016-09-27T18:01:29+00:00","dateModified":"2026-04-03T09:46:42+00:00","description":"Comprate ora! La tua Katana Kurikara Blue Exorcist al miglior prezzo. Lama in acciaio - Fodero laccato - Scala 1\/1 - Lunghezza totale: 107 cm - Spedizione 24\/48h","breadcrumb":{"@id":"https:\/\/repliquemangacine.fr\/katana-et-epee-de-manga-anime-autre-manga\/epee-de-rin-blue-exorcist-katana-kurikara\/#breadcrumb"},"inLanguage":"it-IT","potentialAction":[{"@type":"ReadAction","target":["https:\/\/repliquemangacine.fr\/katana-et-epee-de-manga-anime-autre-manga\/epee-de-rin-blue-exorcist-katana-kurikara\/"]}]},{"@type":"ImageObject","inLanguage":"it-IT","@id":"https:\/\/repliquemangacine.fr\/katana-et-epee-de-manga-anime-autre-manga\/epee-de-rin-blue-exorcist-katana-kurikara\/#primaryimage","url":"https:\/\/repliquemangacine.fr\/wp-content\/uploads\/2023\/10\/431-Epee-de-Rin-Blue-Exorcist.jpg","contentUrl":"https:\/\/repliquemangacine.fr\/wp-content\/uploads\/2023\/10\/431-Epee-de-Rin-Blue-Exorcist.jpg","width":800,"height":800,"caption":"Ep\u00e9e de Rin- Blue Exorcist"},{"@type":"BreadcrumbList","@id":"https:\/\/repliquemangacine.fr\/katana-et-epee-de-manga-anime-autre-manga\/epee-de-rin-blue-exorcist-katana-kurikara\/#breadcrumb","itemListElement":[{"@type":"ListItem","position":1,"name":"Accueil","item":"https:\/\/repliquemangacine.fr\/"},{"@type":"ListItem","position":2,"name":"Produits","item":"https:\/\/repliquemangacine.fr\/boutique\/"},{"@type":"ListItem","position":3,"name":"Katana Kurikara Blue Exorcist"}]},{"@type":"WebSite","@id":"https:\/\/repliquemangacine.fr\/#website","url":"https:\/\/repliquemangacine.fr\/","name":"R\u00e9plique Manga Cin\u00e9","description":"","publisher":{"@id":"https:\/\/repliquemangacine.fr\/#organization"},"potentialAction":[{"@type":"SearchAction","target":{"@type":"EntryPoint","urlTemplate":"https:\/\/repliquemangacine.fr\/?s={search_term_string}"},"query-input":{"@type":"PropertyValueSpecification","valueRequired":true,"valueName":"search_term_string"}}],"inLanguage":"it-IT"},{"@type":"Organization","@id":"https:\/\/repliquemangacine.fr\/#organization","name":"R\u00e9plique Manga Cin\u00e9","url":"https:\/\/repliquemangacine.fr\/","logo":{"@type":"ImageObject","inLanguage":"it-IT","@id":"https:\/\/repliquemangacine.fr\/#\/schema\/logo\/image\/","url":"https:\/\/repliquemangacine.fr\/wp-content\/uploads\/2023\/10\/RMC-500250.png","contentUrl":"https:\/\/repliquemangacine.fr\/wp-content\/uploads\/2023\/10\/RMC-500250.png","width":500,"height":250,"caption":"R\u00e9plique Manga Cin\u00e9"},"image":{"@id":"https:\/\/repliquemangacine.fr\/#\/schema\/logo\/image\/"},"sameAs":["https:\/\/www.facebook.com\/RepliqueMangaCine","https:\/\/www.instagram.com\/repliquemangacine.fr\/"]}]}},"_links":{"self":[{"href":"https:\/\/repliquemangacine.fr\/it\/wp-json\/wp\/v2\/product\/25652","targetHints":{"allow":["GET"]}}],"collection":[{"href":"https:\/\/repliquemangacine.fr\/it\/wp-json\/wp\/v2\/product"}],"about":[{"href":"https:\/\/repliquemangacine.fr\/it\/wp-json\/wp\/v2\/types\/product"}],"wp:featuredmedia":[{"embeddable":true,"href":"https:\/\/repliquemangacine.fr\/it\/wp-json\/wp\/v2\/media\/25653"}],"wp:attachment":[{"href":"https:\/\/repliquemangacine.fr\/it\/wp-json\/wp\/v2\/media?parent=25652"}],"wp:term":[{"taxonomy":"product_brand","embeddable":true,"href":"https:\/\/repliquemangacine.fr\/it\/wp-json\/wp\/v2\/product_brand?post=25652"},{"taxonomy":"product_cat","embeddable":true,"href":"https:\/\/repliquemangacine.fr\/it\/wp-json\/wp\/v2\/product_cat?post=25652"},{"taxonomy":"product_tag","embeddable":true,"href":"https:\/\/repliquemangacine.fr\/it\/wp-json\/wp\/v2\/product_tag?post=25652"}],"curies":[{"name":"wp","href":"https:\/\/api.w.org\/{rel}","templated":true}]}}