





{"id":25567,"date":"2016-09-13T19:21:50","date_gmt":"2016-09-13T17:21:50","guid":{"rendered":"https:\/\/repliquemangacine.fr\/?post_type=product&#038;p=25567"},"modified":"2025-12-12T16:11:38","modified_gmt":"2025-12-12T15:11:38","slug":"pugnali-tauriel-lo-hobbit","status":"publish","type":"product","link":"https:\/\/repliquemangacine.fr\/it\/epees-the-hobbit\/dagues-tauriel-the-hobbit\/","title":{"rendered":"Pugnale Hobbit Tauriel"},"content":{"rendered":"<h2>I pugnali di Tauriel nella trilogia de Lo Hobbit<\/h2>\n<p>Per cominciare, il <strong>Pugnali di Tauriel<\/strong>, Queste sono le armi che usa con l'arco. Tauriel \u00e8 un'abile arciera e tiratrice, dotata di riflessi e precisione elfici. Pu\u00f2 brandire contemporaneamente arco e pugnale in combattimento.<\/p>\n<p>Capitano delle Guardie elfiche di Thranduil, Tauriel \u00e8 una professionista militare e guida le forze armate del Regno silvano. I suoi genitori furono uccisi dagli Orchi quando era pi\u00f9 giovane e si dice che Thranduil si sia preso cura di lei da allora.<\/p>\n<p>Infine, nella Battaglia delle Cinque Armate, Tauriel lascia Thranduil e accompagna Legolas e Bilbo alla Montagna del Corvo per avvertire Thorin di un imminente attacco di Bolg.<\/p>\n<h2>I vostri pugnali Tauriel al miglior prezzo.<\/h2>\n<p>Offriamo un'ampia selezione di spade ispirate alla trilogia de Lo Hobbit.<\/p>\n<p>Innanzitutto,<\/p>\n<ul>\n<li>L'<a href=\"https:\/\/repliquemangacine.fr\/it\/le-spade-dello-hobbit\/spada-orcrist-spada-thorin\/\">Spada orchesca<\/a>la mannaia dei Goblin, soprannominata Mordeuse, che Thorin usa.<\/li>\n<li>C'\u00e8 anche il<a href=\"https:\/\/repliquemangacine.fr\/it\/spade-del-signore-degli-anelli\/signore-degli-anelli-glamdring-spada-gandalf\/\">La spada di Gandalf<\/a> anche in Il Signore degli Anelli.<\/li>\n<li>Nella categoria Gioielli, <a href=\"https:\/\/noblecollection.fr\/bijoux-officiels-des-films-bilbon-hobbit-c-129_41_42.html\" target=\"_blank\" rel=\"noopener noreferrer\">La collezione nobile<\/a> offre un'ampia gamma di oggetti da collezione, disponibili su richiesta.<\/li>\n<\/ul>\n<p>Ecco quindi alcune idee regalo per i fan della trilogia de Lo Hobbit!<\/p>\n<p>In conclusione, \u00e8 anche possibile utilizzare i suoi <strong>Pugnali di Tauriel<\/strong> per le vostre sfilate cosplay o serate a tema. Ma soprattutto, questi pugnali sono anche oggetti da collezione e decorazioni.<\/p>\n<h2>Come faccio a mantenere la lama della mia spada Lo Hobbit?<\/h2>\n<p>Le spade da collezione e decorative sono realizzate e assemblate in modo semplificato. Poich\u00e9 il loro uso \u00e8 decorativo, non hanno le caratteristiche di sicurezza richieste per una spada giapponese destinata all'allenamento.<\/p>\n<p>Tuttavia, i vostri <strong>Pugnali di Tauriel<\/strong> hanno una lama in acciaio che deve essere curata per evitare che si rovini con il tempo. Infatti, quando esporrete la vostra katana, i vostri amici saranno curiosi di vedere la lama e di toccarla. \u00c8 qui che bisogna prestare attenzione, perch\u00e9 l'acidit\u00e0 delle dita \u00e8 molto dannosa per l'acciaio, indipendentemente dalla sua qualit\u00e0.<\/p>\n<p>Tuttavia, se ci\u00f2 dovesse accadere, niente panico: basta un panno inumidito con un po' d'olio per eliminare le impronte. In questo modo, la spada durer\u00e0 a lungo.<\/p>","protected":false},"excerpt":{"rendered":"<p>Siate combattivi come l'elfo Tauriel con questa replica di due pugnali.<\/p>\n<ul>\n<li>Lame in acciaio non taglienti con fregio in resina sulla parte superiore.<\/li>\n<li>Maniglia in ABS.<\/li>\n<li>Supporto a parete.<\/li>\n<li>Lunghezza di ciascuna lama: 39 cm - Lunghezza totale di ciascun pugnale: 49 cm<\/li>\n<\/ul>\n<p>&nbsp;<\/p>","protected":false},"featured_media":25568,"template":"","meta":[],"product_brand":[896],"product_cat":[69,35],"product_tag":[],"class_list":{"0":"post-25567","1":"product","2":"type-product","3":"status-publish","4":"has-post-thumbnail","6":"product_brand-replique-manga-cine","7":"product_cat-epees-the-hobbit","8":"product_cat-epee-et-bijoux-the-hobbit","10":"first","11":"instock","12":"taxable","13":"shipping-taxable","14":"purchasable","15":"product-type-simple"},"yoast_head":"<!-- This site is optimized with the Yoast SEO plugin v27.4 - https:\/\/yoast.com\/product\/yoast-seo-wordpress\/ -->\n<title>Dagues de Tauriel - Ep\u00e9e The Hobbit - Boutique en ligne | RMC<\/title>\n<meta name=\"description\" content=\"Offrez-lui les deux Dagues de Tauriel dans The Hobbit au meilleur prix. Lames acier - Frise en r\u00e9sine sur le dessus - Longueur : 49 cm chacune - Support\" \/>\n<meta name=\"robots\" content=\"index, follow, max-snippet:-1, max-image-preview:large, max-video-preview:-1\" \/>\n<link rel=\"canonical\" href=\"https:\/\/repliquemangacine.fr\/it\/le-spade-dello-hobbit\/pugnali-tauriel-lo-hobbit\/\" \/>\n<meta property=\"og:locale\" content=\"it_IT\" \/>\n<meta property=\"og:type\" content=\"article\" \/>\n<meta property=\"og:title\" content=\"Dagues de Tauriel - Ep\u00e9e The Hobbit - Boutique en ligne | RMC\" \/>\n<meta property=\"og:description\" content=\"Offrez-lui les deux Dagues de Tauriel dans The Hobbit au meilleur prix. Lames acier - Frise en r\u00e9sine sur le dessus - Longueur : 49 cm chacune - Support\" \/>\n<meta property=\"og:url\" content=\"https:\/\/repliquemangacine.fr\/it\/le-spade-dello-hobbit\/pugnali-tauriel-lo-hobbit\/\" \/>\n<meta property=\"og:site_name\" content=\"R\u00e9plique Manga Cin\u00e9\" \/>\n<meta property=\"article:publisher\" content=\"https:\/\/www.facebook.com\/RepliqueMangaCine\" \/>\n<meta property=\"article:modified_time\" content=\"2025-12-12T15:11:38+00:00\" \/>\n<meta property=\"og:image\" content=\"https:\/\/repliquemangacine.fr\/wp-content\/uploads\/2023\/10\/341-Les-Dagues-de-Tauriel-The-Hobbit.jpg\" \/>\n\t<meta property=\"og:image:width\" content=\"800\" \/>\n\t<meta property=\"og:image:height\" content=\"800\" \/>\n\t<meta property=\"og:image:type\" content=\"image\/jpeg\" \/>\n<meta name=\"twitter:card\" content=\"summary_large_image\" \/>\n<meta name=\"twitter:label1\" content=\"Tempo di lettura stimato\" \/>\n\t<meta name=\"twitter:data1\" content=\"2 minuti\" \/>\n<script type=\"application\/ld+json\" class=\"yoast-schema-graph\">{\"@context\":\"https:\\\/\\\/schema.org\",\"@graph\":[{\"@type\":\"WebPage\",\"@id\":\"https:\\\/\\\/repliquemangacine.fr\\\/epees-the-hobbit\\\/dagues-tauriel-the-hobbit\\\/\",\"url\":\"https:\\\/\\\/repliquemangacine.fr\\\/epees-the-hobbit\\\/dagues-tauriel-the-hobbit\\\/\",\"name\":\"Dagues de Tauriel - Ep\u00e9e The Hobbit - Boutique en ligne | RMC\",\"isPartOf\":{\"@id\":\"https:\\\/\\\/repliquemangacine.fr\\\/#website\"},\"primaryImageOfPage\":{\"@id\":\"https:\\\/\\\/repliquemangacine.fr\\\/epees-the-hobbit\\\/dagues-tauriel-the-hobbit\\\/#primaryimage\"},\"image\":{\"@id\":\"https:\\\/\\\/repliquemangacine.fr\\\/epees-the-hobbit\\\/dagues-tauriel-the-hobbit\\\/#primaryimage\"},\"thumbnailUrl\":\"https:\\\/\\\/repliquemangacine.fr\\\/wp-content\\\/uploads\\\/2023\\\/10\\\/341-Les-Dagues-de-Tauriel-The-Hobbit.jpg\",\"datePublished\":\"2016-09-13T17:21:50+00:00\",\"dateModified\":\"2025-12-12T15:11:38+00:00\",\"description\":\"Offrez-lui les deux Dagues de Tauriel dans The Hobbit au meilleur prix. Lames acier - Frise en r\u00e9sine sur le dessus - Longueur : 49 cm chacune - Support\",\"breadcrumb\":{\"@id\":\"https:\\\/\\\/repliquemangacine.fr\\\/epees-the-hobbit\\\/dagues-tauriel-the-hobbit\\\/#breadcrumb\"},\"inLanguage\":\"it-IT\",\"potentialAction\":[{\"@type\":\"ReadAction\",\"target\":[\"https:\\\/\\\/repliquemangacine.fr\\\/epees-the-hobbit\\\/dagues-tauriel-the-hobbit\\\/\"]}]},{\"@type\":\"ImageObject\",\"inLanguage\":\"it-IT\",\"@id\":\"https:\\\/\\\/repliquemangacine.fr\\\/epees-the-hobbit\\\/dagues-tauriel-the-hobbit\\\/#primaryimage\",\"url\":\"https:\\\/\\\/repliquemangacine.fr\\\/wp-content\\\/uploads\\\/2023\\\/10\\\/341-Les-Dagues-de-Tauriel-The-Hobbit.jpg\",\"contentUrl\":\"https:\\\/\\\/repliquemangacine.fr\\\/wp-content\\\/uploads\\\/2023\\\/10\\\/341-Les-Dagues-de-Tauriel-The-Hobbit.jpg\",\"width\":800,\"height\":800,\"caption\":\"Les Dagues de Tauriel - The Hobbit\"},{\"@type\":\"BreadcrumbList\",\"@id\":\"https:\\\/\\\/repliquemangacine.fr\\\/epees-the-hobbit\\\/dagues-tauriel-the-hobbit\\\/#breadcrumb\",\"itemListElement\":[{\"@type\":\"ListItem\",\"position\":1,\"name\":\"Accueil\",\"item\":\"https:\\\/\\\/repliquemangacine.fr\\\/\"},{\"@type\":\"ListItem\",\"position\":2,\"name\":\"Produits\",\"item\":\"https:\\\/\\\/repliquemangacine.fr\\\/boutique\\\/\"},{\"@type\":\"ListItem\",\"position\":3,\"name\":\"Dague Tauriel Hobbit\"}]},{\"@type\":\"WebSite\",\"@id\":\"https:\\\/\\\/repliquemangacine.fr\\\/#website\",\"url\":\"https:\\\/\\\/repliquemangacine.fr\\\/\",\"name\":\"R\u00e9plique Manga Cin\u00e9\",\"description\":\"\",\"publisher\":{\"@id\":\"https:\\\/\\\/repliquemangacine.fr\\\/#organization\"},\"potentialAction\":[{\"@type\":\"SearchAction\",\"target\":{\"@type\":\"EntryPoint\",\"urlTemplate\":\"https:\\\/\\\/repliquemangacine.fr\\\/?s={search_term_string}\"},\"query-input\":{\"@type\":\"PropertyValueSpecification\",\"valueRequired\":true,\"valueName\":\"search_term_string\"}}],\"inLanguage\":\"it-IT\"},{\"@type\":\"Organization\",\"@id\":\"https:\\\/\\\/repliquemangacine.fr\\\/#organization\",\"name\":\"R\u00e9plique Manga Cin\u00e9\",\"url\":\"https:\\\/\\\/repliquemangacine.fr\\\/\",\"logo\":{\"@type\":\"ImageObject\",\"inLanguage\":\"it-IT\",\"@id\":\"https:\\\/\\\/repliquemangacine.fr\\\/#\\\/schema\\\/logo\\\/image\\\/\",\"url\":\"https:\\\/\\\/repliquemangacine.fr\\\/wp-content\\\/uploads\\\/2023\\\/10\\\/RMC-500250.png\",\"contentUrl\":\"https:\\\/\\\/repliquemangacine.fr\\\/wp-content\\\/uploads\\\/2023\\\/10\\\/RMC-500250.png\",\"width\":500,\"height\":250,\"caption\":\"R\u00e9plique Manga Cin\u00e9\"},\"image\":{\"@id\":\"https:\\\/\\\/repliquemangacine.fr\\\/#\\\/schema\\\/logo\\\/image\\\/\"},\"sameAs\":[\"https:\\\/\\\/www.facebook.com\\\/RepliqueMangaCine\",\"https:\\\/\\\/www.instagram.com\\\/repliquemangacine.fr\\\/\"]}]}<\/script>\n<!-- \/ Yoast SEO plugin. -->","yoast_head_json":{"title":"Pugnali di Tauriel - Spada Lo Hobbit - Boutique en ligne | RMC","description":"Offritele i due pugnali di Tauriel ne Lo Hobbit al miglior prezzo. Lame in acciaio - Fregio in resina sulla parte superiore - Lunghezza: 49 cm ciascuno - Piedistallo","robots":{"index":"index","follow":"follow","max-snippet":"max-snippet:-1","max-image-preview":"max-image-preview:large","max-video-preview":"max-video-preview:-1"},"canonical":"https:\/\/repliquemangacine.fr\/it\/le-spade-dello-hobbit\/pugnali-tauriel-lo-hobbit\/","og_locale":"it_IT","og_type":"article","og_title":"Dagues de Tauriel - Ep\u00e9e The Hobbit - Boutique en ligne | RMC","og_description":"Offrez-lui les deux Dagues de Tauriel dans The Hobbit au meilleur prix. Lames acier - Frise en r\u00e9sine sur le dessus - Longueur : 49 cm chacune - Support","og_url":"https:\/\/repliquemangacine.fr\/it\/le-spade-dello-hobbit\/pugnali-tauriel-lo-hobbit\/","og_site_name":"R\u00e9plique Manga Cin\u00e9","article_publisher":"https:\/\/www.facebook.com\/RepliqueMangaCine","article_modified_time":"2025-12-12T15:11:38+00:00","og_image":[{"width":800,"height":800,"url":"https:\/\/repliquemangacine.fr\/wp-content\/uploads\/2023\/10\/341-Les-Dagues-de-Tauriel-The-Hobbit.jpg","type":"image\/jpeg"}],"twitter_card":"summary_large_image","twitter_misc":{"Tempo di lettura stimato":"2 minuti"},"schema":{"@context":"https:\/\/schema.org","@graph":[{"@type":"WebPage","@id":"https:\/\/repliquemangacine.fr\/epees-the-hobbit\/dagues-tauriel-the-hobbit\/","url":"https:\/\/repliquemangacine.fr\/epees-the-hobbit\/dagues-tauriel-the-hobbit\/","name":"Pugnali di Tauriel - Spada Lo Hobbit - Boutique en ligne | RMC","isPartOf":{"@id":"https:\/\/repliquemangacine.fr\/#website"},"primaryImageOfPage":{"@id":"https:\/\/repliquemangacine.fr\/epees-the-hobbit\/dagues-tauriel-the-hobbit\/#primaryimage"},"image":{"@id":"https:\/\/repliquemangacine.fr\/epees-the-hobbit\/dagues-tauriel-the-hobbit\/#primaryimage"},"thumbnailUrl":"https:\/\/repliquemangacine.fr\/wp-content\/uploads\/2023\/10\/341-Les-Dagues-de-Tauriel-The-Hobbit.jpg","datePublished":"2016-09-13T17:21:50+00:00","dateModified":"2025-12-12T15:11:38+00:00","description":"Offritele i due pugnali di Tauriel ne Lo Hobbit al miglior prezzo. Lame in acciaio - Fregio in resina sulla parte superiore - Lunghezza: 49 cm ciascuno - Piedistallo","breadcrumb":{"@id":"https:\/\/repliquemangacine.fr\/epees-the-hobbit\/dagues-tauriel-the-hobbit\/#breadcrumb"},"inLanguage":"it-IT","potentialAction":[{"@type":"ReadAction","target":["https:\/\/repliquemangacine.fr\/epees-the-hobbit\/dagues-tauriel-the-hobbit\/"]}]},{"@type":"ImageObject","inLanguage":"it-IT","@id":"https:\/\/repliquemangacine.fr\/epees-the-hobbit\/dagues-tauriel-the-hobbit\/#primaryimage","url":"https:\/\/repliquemangacine.fr\/wp-content\/uploads\/2023\/10\/341-Les-Dagues-de-Tauriel-The-Hobbit.jpg","contentUrl":"https:\/\/repliquemangacine.fr\/wp-content\/uploads\/2023\/10\/341-Les-Dagues-de-Tauriel-The-Hobbit.jpg","width":800,"height":800,"caption":"Les Dagues de Tauriel - The Hobbit"},{"@type":"BreadcrumbList","@id":"https:\/\/repliquemangacine.fr\/epees-the-hobbit\/dagues-tauriel-the-hobbit\/#breadcrumb","itemListElement":[{"@type":"ListItem","position":1,"name":"Accueil","item":"https:\/\/repliquemangacine.fr\/"},{"@type":"ListItem","position":2,"name":"Produits","item":"https:\/\/repliquemangacine.fr\/boutique\/"},{"@type":"ListItem","position":3,"name":"Dague Tauriel Hobbit"}]},{"@type":"WebSite","@id":"https:\/\/repliquemangacine.fr\/#website","url":"https:\/\/repliquemangacine.fr\/","name":"R\u00e9plique Manga Cin\u00e9","description":"","publisher":{"@id":"https:\/\/repliquemangacine.fr\/#organization"},"potentialAction":[{"@type":"SearchAction","target":{"@type":"EntryPoint","urlTemplate":"https:\/\/repliquemangacine.fr\/?s={search_term_string}"},"query-input":{"@type":"PropertyValueSpecification","valueRequired":true,"valueName":"search_term_string"}}],"inLanguage":"it-IT"},{"@type":"Organization","@id":"https:\/\/repliquemangacine.fr\/#organization","name":"R\u00e9plique Manga Cin\u00e9","url":"https:\/\/repliquemangacine.fr\/","logo":{"@type":"ImageObject","inLanguage":"it-IT","@id":"https:\/\/repliquemangacine.fr\/#\/schema\/logo\/image\/","url":"https:\/\/repliquemangacine.fr\/wp-content\/uploads\/2023\/10\/RMC-500250.png","contentUrl":"https:\/\/repliquemangacine.fr\/wp-content\/uploads\/2023\/10\/RMC-500250.png","width":500,"height":250,"caption":"R\u00e9plique Manga Cin\u00e9"},"image":{"@id":"https:\/\/repliquemangacine.fr\/#\/schema\/logo\/image\/"},"sameAs":["https:\/\/www.facebook.com\/RepliqueMangaCine","https:\/\/www.instagram.com\/repliquemangacine.fr\/"]}]}},"_links":{"self":[{"href":"https:\/\/repliquemangacine.fr\/it\/wp-json\/wp\/v2\/product\/25567","targetHints":{"allow":["GET"]}}],"collection":[{"href":"https:\/\/repliquemangacine.fr\/it\/wp-json\/wp\/v2\/product"}],"about":[{"href":"https:\/\/repliquemangacine.fr\/it\/wp-json\/wp\/v2\/types\/product"}],"wp:featuredmedia":[{"embeddable":true,"href":"https:\/\/repliquemangacine.fr\/it\/wp-json\/wp\/v2\/media\/25568"}],"wp:attachment":[{"href":"https:\/\/repliquemangacine.fr\/it\/wp-json\/wp\/v2\/media?parent=25567"}],"wp:term":[{"taxonomy":"product_brand","embeddable":true,"href":"https:\/\/repliquemangacine.fr\/it\/wp-json\/wp\/v2\/product_brand?post=25567"},{"taxonomy":"product_cat","embeddable":true,"href":"https:\/\/repliquemangacine.fr\/it\/wp-json\/wp\/v2\/product_cat?post=25567"},{"taxonomy":"product_tag","embeddable":true,"href":"https:\/\/repliquemangacine.fr\/it\/wp-json\/wp\/v2\/product_tag?post=25567"}],"curies":[{"name":"wp","href":"https:\/\/api.w.org\/{rel}","templated":true}]}}