





{"id":25551,"date":"2016-09-10T18:36:57","date_gmt":"2016-09-10T16:36:57","guid":{"rendered":"https:\/\/repliquemangacine.fr\/?post_type=product&#038;p=25551"},"modified":"2026-04-06T22:08:28","modified_gmt":"2026-04-06T20:08:28","slug":"spada-thranduil-lo-hobbit-spada-elfica","status":"publish","type":"product","link":"https:\/\/repliquemangacine.fr\/it\/epees-the-hobbit\/epee-thranduil-the-hobbit-sabre-elfique\/","title":{"rendered":"Spada di Thranduil Spada elfica"},"content":{"rendered":"<h2>Spada di Thranduil, spada elfica ne Lo Hobbit<\/h2>\n<p>Per cominciare, la Spada di Thranduil \u00e8 una spada elfica, una delle due spade gemelle realizzate per Thranduil dai migliori fabbri del Regno dei Boschi.<\/p>\n<p>Thranduil partecip\u00f2 alla Battaglia dei Cinque Eserciti. Marci\u00f2 verso Erebor con il suo esercito per prendere con la forza la sua parte del tesoro della Montagna Solitaria. Mentre si prepara a combattere con i nani delle Montagne di Ferro, venuti a salvare la Compagnia di Thorin intrappolata a Erebor, compaiono gli orchi ed egli si allea con i nani per sconfiggerli.<\/p>\n<p>Combatte con rabbia e coraggio, avendo giurato di uccidere tutti gli orchi che lo ostacolano.<\/p>\n<h2>La vostra spada Thranduil al miglior prezzo<\/h2>\n<p>Ecco tutte le battute dei vostri personaggi preferiti della trilogia de Lo Hobbit.<\/p>\n<p>Innanzitutto,<\/p>\n<ul>\n<li>Il famoso <a href=\"https:\/\/repliquemangacine.fr\/it\/le-spade-dello-hobbit\/spada-orcrist-spada-thorin\/\">Spada orchesca<\/a>soprannominata Mordeuse, \u00e8 la spada di Thorin, Ecu di quercia. Cos\u00ec come la sua <a href=\"https:\/\/repliquemangacine.fr\/it\/le-spade-dello-hobbit\/spada-nanica-di-thorin-lo-hobbit\/\">Spada nanica<\/a>.<\/li>\n<li>Poi, i pugnali di Tauriel, la combattente elfica.<\/li>\n<li>Troverete anche alcuni gioielli <a href=\"https:\/\/noblecollection.fr\/bijoux-officiels-des-films-bilbon-hobbit-c-129_41_42.html\" target=\"_blank\" rel=\"noopener noreferrer\">La collezione Noble<\/a>.<\/li>\n<li>E molto altro ancora!<\/li>\n<\/ul>\n<p>Ecco alcune grandi idee regalo per i fan della trilogia de Lo Hobbit!<\/p>\n<p>In conclusione, potete utilizzare questa spada di Thranduil anche per le vostre sfilate cosplay o serate a tema. Ma soprattutto, questa spada elfica \u00e8 anche un oggetto da collezione e un pezzo decorativo.<\/p>\n<h2>Come faccio a mantenere la lama della mia spada Lo Hobbit?<\/h2>\n<p>Le spade da collezione e decorative sono realizzate e assemblate in modo semplificato. Poich\u00e9 il loro uso \u00e8 decorativo, non hanno le caratteristiche di sicurezza richieste per una spada giapponese destinata all'allenamento.<\/p>\n<p>Tuttavia, il vostro <strong>Spada di Thranduil<\/strong> a una lama d'acciaio che deve essere curata per evitare che si danneggi nel tempo. Quando si espone la katana, gli amici saranno curiosi di vedere la lama e di toccarla. \u00c8 qui che bisogna fare attenzione, perch\u00e9 l'acidit\u00e0 delle dita \u00e8 molto dannosa per l'acciaio, indipendentemente dalla sua qualit\u00e0.<\/p>\n<p>Tuttavia, se ci\u00f2 dovesse accadere, niente panico: basta un panno inumidito con un po' d'olio per eliminare le impronte. In questo modo, la spada durer\u00e0 a lungo.<\/p>","protected":false},"excerpt":{"rendered":"<p>Replica della spada elfica di Thranduil ne Lo Hobbit.<\/p>\n<ul>\n<li>Lama in acciaio serigrafato.<\/li>\n<li>Manico in metallo decorato.<\/li>\n<li>Staffa da parete decorata.<\/li>\n<li>Lunghezza lama: 69 cm - Lunghezza totale: 95 cm - Peso: 1380grs<\/li>\n<\/ul>\n<p>&nbsp;<\/p>","protected":false},"featured_media":25552,"template":"","meta":[],"product_brand":[896],"product_cat":[69,35],"product_tag":[],"class_list":{"0":"post-25551","1":"product","2":"type-product","3":"status-publish","4":"has-post-thumbnail","6":"product_brand-replique-manga-cine","7":"product_cat-epees-the-hobbit","8":"product_cat-epee-et-bijoux-the-hobbit","10":"first","11":"outofstock","12":"taxable","13":"shipping-taxable","14":"purchasable","15":"product-type-simple"},"yoast_head":"<!-- This site is optimized with the Yoast SEO plugin v27.4 - https:\/\/yoast.com\/product\/yoast-seo-wordpress\/ -->\n<title>Sabre Thranduil - Ep\u00e9e Elfique The Hobbit - Vente en ligne | RMC<\/title>\n<meta name=\"description\" content=\"Offrez-lui le sabre Thranduil dans The Hobbit au meilleur prix. Cette \u00e9p\u00e9e Elfique est en acier - Support - Longueur totale : 95 cm - Envoi 24\/48h\" \/>\n<meta name=\"robots\" content=\"index, follow, max-snippet:-1, max-image-preview:large, max-video-preview:-1\" \/>\n<link rel=\"canonical\" href=\"https:\/\/repliquemangacine.fr\/it\/le-spade-dello-hobbit\/spada-thranduil-lo-hobbit-spada-elfica\/\" \/>\n<meta property=\"og:locale\" content=\"it_IT\" \/>\n<meta property=\"og:type\" content=\"article\" \/>\n<meta property=\"og:title\" content=\"Sabre Thranduil - Ep\u00e9e Elfique The Hobbit - Vente en ligne | RMC\" \/>\n<meta property=\"og:description\" content=\"Offrez-lui le sabre Thranduil dans The Hobbit au meilleur prix. Cette \u00e9p\u00e9e Elfique est en acier - Support - Longueur totale : 95 cm - Envoi 24\/48h\" \/>\n<meta property=\"og:url\" content=\"https:\/\/repliquemangacine.fr\/it\/le-spade-dello-hobbit\/spada-thranduil-lo-hobbit-spada-elfica\/\" \/>\n<meta property=\"og:site_name\" content=\"R\u00e9plique Manga Cin\u00e9\" \/>\n<meta property=\"article:publisher\" content=\"https:\/\/www.facebook.com\/RepliqueMangaCine\" \/>\n<meta property=\"article:modified_time\" content=\"2026-04-06T20:08:28+00:00\" \/>\n<meta property=\"og:image\" content=\"https:\/\/repliquemangacine.fr\/wp-content\/uploads\/2023\/10\/327-Epee-Thranduil-The-Hobbit.jpg\" \/>\n\t<meta property=\"og:image:width\" content=\"800\" \/>\n\t<meta property=\"og:image:height\" content=\"800\" \/>\n\t<meta property=\"og:image:type\" content=\"image\/jpeg\" \/>\n<meta name=\"twitter:card\" content=\"summary_large_image\" \/>\n<meta name=\"twitter:label1\" content=\"Tempo di lettura stimato\" \/>\n\t<meta name=\"twitter:data1\" content=\"2 minuti\" \/>\n<script type=\"application\/ld+json\" class=\"yoast-schema-graph\">{\"@context\":\"https:\\\/\\\/schema.org\",\"@graph\":[{\"@type\":\"WebPage\",\"@id\":\"https:\\\/\\\/repliquemangacine.fr\\\/epees-the-hobbit\\\/epee-thranduil-the-hobbit-sabre-elfique\\\/\",\"url\":\"https:\\\/\\\/repliquemangacine.fr\\\/epees-the-hobbit\\\/epee-thranduil-the-hobbit-sabre-elfique\\\/\",\"name\":\"Sabre Thranduil - Ep\u00e9e Elfique The Hobbit - Vente en ligne | RMC\",\"isPartOf\":{\"@id\":\"https:\\\/\\\/repliquemangacine.fr\\\/#website\"},\"primaryImageOfPage\":{\"@id\":\"https:\\\/\\\/repliquemangacine.fr\\\/epees-the-hobbit\\\/epee-thranduil-the-hobbit-sabre-elfique\\\/#primaryimage\"},\"image\":{\"@id\":\"https:\\\/\\\/repliquemangacine.fr\\\/epees-the-hobbit\\\/epee-thranduil-the-hobbit-sabre-elfique\\\/#primaryimage\"},\"thumbnailUrl\":\"https:\\\/\\\/repliquemangacine.fr\\\/wp-content\\\/uploads\\\/2023\\\/10\\\/327-Epee-Thranduil-The-Hobbit.jpg\",\"datePublished\":\"2016-09-10T16:36:57+00:00\",\"dateModified\":\"2026-04-06T20:08:28+00:00\",\"description\":\"Offrez-lui le sabre Thranduil dans The Hobbit au meilleur prix. Cette \u00e9p\u00e9e Elfique est en acier - Support - Longueur totale : 95 cm - Envoi 24\\\/48h\",\"breadcrumb\":{\"@id\":\"https:\\\/\\\/repliquemangacine.fr\\\/epees-the-hobbit\\\/epee-thranduil-the-hobbit-sabre-elfique\\\/#breadcrumb\"},\"inLanguage\":\"it-IT\",\"potentialAction\":[{\"@type\":\"ReadAction\",\"target\":[\"https:\\\/\\\/repliquemangacine.fr\\\/epees-the-hobbit\\\/epee-thranduil-the-hobbit-sabre-elfique\\\/\"]}]},{\"@type\":\"ImageObject\",\"inLanguage\":\"it-IT\",\"@id\":\"https:\\\/\\\/repliquemangacine.fr\\\/epees-the-hobbit\\\/epee-thranduil-the-hobbit-sabre-elfique\\\/#primaryimage\",\"url\":\"https:\\\/\\\/repliquemangacine.fr\\\/wp-content\\\/uploads\\\/2023\\\/10\\\/327-Epee-Thranduil-The-Hobbit.jpg\",\"contentUrl\":\"https:\\\/\\\/repliquemangacine.fr\\\/wp-content\\\/uploads\\\/2023\\\/10\\\/327-Epee-Thranduil-The-Hobbit.jpg\",\"width\":800,\"height\":800,\"caption\":\"Ep\u00e9e Thranduil - The Hobbit\"},{\"@type\":\"BreadcrumbList\",\"@id\":\"https:\\\/\\\/repliquemangacine.fr\\\/epees-the-hobbit\\\/epee-thranduil-the-hobbit-sabre-elfique\\\/#breadcrumb\",\"itemListElement\":[{\"@type\":\"ListItem\",\"position\":1,\"name\":\"Accueil\",\"item\":\"https:\\\/\\\/repliquemangacine.fr\\\/\"},{\"@type\":\"ListItem\",\"position\":2,\"name\":\"Produits\",\"item\":\"https:\\\/\\\/repliquemangacine.fr\\\/boutique\\\/\"},{\"@type\":\"ListItem\",\"position\":3,\"name\":\"Sabre Thranduil Ep\u00e9e Elfique\"}]},{\"@type\":\"WebSite\",\"@id\":\"https:\\\/\\\/repliquemangacine.fr\\\/#website\",\"url\":\"https:\\\/\\\/repliquemangacine.fr\\\/\",\"name\":\"R\u00e9plique Manga Cin\u00e9\",\"description\":\"\",\"publisher\":{\"@id\":\"https:\\\/\\\/repliquemangacine.fr\\\/#organization\"},\"potentialAction\":[{\"@type\":\"SearchAction\",\"target\":{\"@type\":\"EntryPoint\",\"urlTemplate\":\"https:\\\/\\\/repliquemangacine.fr\\\/?s={search_term_string}\"},\"query-input\":{\"@type\":\"PropertyValueSpecification\",\"valueRequired\":true,\"valueName\":\"search_term_string\"}}],\"inLanguage\":\"it-IT\"},{\"@type\":\"Organization\",\"@id\":\"https:\\\/\\\/repliquemangacine.fr\\\/#organization\",\"name\":\"R\u00e9plique Manga Cin\u00e9\",\"url\":\"https:\\\/\\\/repliquemangacine.fr\\\/\",\"logo\":{\"@type\":\"ImageObject\",\"inLanguage\":\"it-IT\",\"@id\":\"https:\\\/\\\/repliquemangacine.fr\\\/#\\\/schema\\\/logo\\\/image\\\/\",\"url\":\"https:\\\/\\\/repliquemangacine.fr\\\/wp-content\\\/uploads\\\/2023\\\/10\\\/RMC-500250.png\",\"contentUrl\":\"https:\\\/\\\/repliquemangacine.fr\\\/wp-content\\\/uploads\\\/2023\\\/10\\\/RMC-500250.png\",\"width\":500,\"height\":250,\"caption\":\"R\u00e9plique Manga Cin\u00e9\"},\"image\":{\"@id\":\"https:\\\/\\\/repliquemangacine.fr\\\/#\\\/schema\\\/logo\\\/image\\\/\"},\"sameAs\":[\"https:\\\/\\\/www.facebook.com\\\/RepliqueMangaCine\",\"https:\\\/\\\/www.instagram.com\\\/repliquemangacine.fr\\\/\"]}]}<\/script>\n<!-- \/ Yoast SEO plugin. -->","yoast_head_json":{"title":"Sciabola Thranduil - Spada elfica Lo Hobbit - Vendita online | RMC","description":"Offritegli la spada Thranduil de Lo Hobbit al miglior prezzo. Questa spada elfica \u00e8 in acciaio - Supporto - Lunghezza totale: 95 cm - Spedizione 24\/48h","robots":{"index":"index","follow":"follow","max-snippet":"max-snippet:-1","max-image-preview":"max-image-preview:large","max-video-preview":"max-video-preview:-1"},"canonical":"https:\/\/repliquemangacine.fr\/it\/le-spade-dello-hobbit\/spada-thranduil-lo-hobbit-spada-elfica\/","og_locale":"it_IT","og_type":"article","og_title":"Sabre Thranduil - Ep\u00e9e Elfique The Hobbit - Vente en ligne | RMC","og_description":"Offrez-lui le sabre Thranduil dans The Hobbit au meilleur prix. Cette \u00e9p\u00e9e Elfique est en acier - Support - Longueur totale : 95 cm - Envoi 24\/48h","og_url":"https:\/\/repliquemangacine.fr\/it\/le-spade-dello-hobbit\/spada-thranduil-lo-hobbit-spada-elfica\/","og_site_name":"R\u00e9plique Manga Cin\u00e9","article_publisher":"https:\/\/www.facebook.com\/RepliqueMangaCine","article_modified_time":"2026-04-06T20:08:28+00:00","og_image":[{"width":800,"height":800,"url":"https:\/\/repliquemangacine.fr\/wp-content\/uploads\/2023\/10\/327-Epee-Thranduil-The-Hobbit.jpg","type":"image\/jpeg"}],"twitter_card":"summary_large_image","twitter_misc":{"Tempo di lettura stimato":"2 minuti"},"schema":{"@context":"https:\/\/schema.org","@graph":[{"@type":"WebPage","@id":"https:\/\/repliquemangacine.fr\/epees-the-hobbit\/epee-thranduil-the-hobbit-sabre-elfique\/","url":"https:\/\/repliquemangacine.fr\/epees-the-hobbit\/epee-thranduil-the-hobbit-sabre-elfique\/","name":"Sciabola Thranduil - Spada elfica Lo Hobbit - Vendita online | RMC","isPartOf":{"@id":"https:\/\/repliquemangacine.fr\/#website"},"primaryImageOfPage":{"@id":"https:\/\/repliquemangacine.fr\/epees-the-hobbit\/epee-thranduil-the-hobbit-sabre-elfique\/#primaryimage"},"image":{"@id":"https:\/\/repliquemangacine.fr\/epees-the-hobbit\/epee-thranduil-the-hobbit-sabre-elfique\/#primaryimage"},"thumbnailUrl":"https:\/\/repliquemangacine.fr\/wp-content\/uploads\/2023\/10\/327-Epee-Thranduil-The-Hobbit.jpg","datePublished":"2016-09-10T16:36:57+00:00","dateModified":"2026-04-06T20:08:28+00:00","description":"Offritegli la spada Thranduil de Lo Hobbit al miglior prezzo. Questa spada elfica \u00e8 in acciaio - Supporto - Lunghezza totale: 95 cm - Spedizione 24\/48h","breadcrumb":{"@id":"https:\/\/repliquemangacine.fr\/epees-the-hobbit\/epee-thranduil-the-hobbit-sabre-elfique\/#breadcrumb"},"inLanguage":"it-IT","potentialAction":[{"@type":"ReadAction","target":["https:\/\/repliquemangacine.fr\/epees-the-hobbit\/epee-thranduil-the-hobbit-sabre-elfique\/"]}]},{"@type":"ImageObject","inLanguage":"it-IT","@id":"https:\/\/repliquemangacine.fr\/epees-the-hobbit\/epee-thranduil-the-hobbit-sabre-elfique\/#primaryimage","url":"https:\/\/repliquemangacine.fr\/wp-content\/uploads\/2023\/10\/327-Epee-Thranduil-The-Hobbit.jpg","contentUrl":"https:\/\/repliquemangacine.fr\/wp-content\/uploads\/2023\/10\/327-Epee-Thranduil-The-Hobbit.jpg","width":800,"height":800,"caption":"Ep\u00e9e Thranduil - The Hobbit"},{"@type":"BreadcrumbList","@id":"https:\/\/repliquemangacine.fr\/epees-the-hobbit\/epee-thranduil-the-hobbit-sabre-elfique\/#breadcrumb","itemListElement":[{"@type":"ListItem","position":1,"name":"Accueil","item":"https:\/\/repliquemangacine.fr\/"},{"@type":"ListItem","position":2,"name":"Produits","item":"https:\/\/repliquemangacine.fr\/boutique\/"},{"@type":"ListItem","position":3,"name":"Sabre Thranduil Ep\u00e9e Elfique"}]},{"@type":"WebSite","@id":"https:\/\/repliquemangacine.fr\/#website","url":"https:\/\/repliquemangacine.fr\/","name":"R\u00e9plique Manga Cin\u00e9","description":"","publisher":{"@id":"https:\/\/repliquemangacine.fr\/#organization"},"potentialAction":[{"@type":"SearchAction","target":{"@type":"EntryPoint","urlTemplate":"https:\/\/repliquemangacine.fr\/?s={search_term_string}"},"query-input":{"@type":"PropertyValueSpecification","valueRequired":true,"valueName":"search_term_string"}}],"inLanguage":"it-IT"},{"@type":"Organization","@id":"https:\/\/repliquemangacine.fr\/#organization","name":"R\u00e9plique Manga Cin\u00e9","url":"https:\/\/repliquemangacine.fr\/","logo":{"@type":"ImageObject","inLanguage":"it-IT","@id":"https:\/\/repliquemangacine.fr\/#\/schema\/logo\/image\/","url":"https:\/\/repliquemangacine.fr\/wp-content\/uploads\/2023\/10\/RMC-500250.png","contentUrl":"https:\/\/repliquemangacine.fr\/wp-content\/uploads\/2023\/10\/RMC-500250.png","width":500,"height":250,"caption":"R\u00e9plique Manga Cin\u00e9"},"image":{"@id":"https:\/\/repliquemangacine.fr\/#\/schema\/logo\/image\/"},"sameAs":["https:\/\/www.facebook.com\/RepliqueMangaCine","https:\/\/www.instagram.com\/repliquemangacine.fr\/"]}]}},"_links":{"self":[{"href":"https:\/\/repliquemangacine.fr\/it\/wp-json\/wp\/v2\/product\/25551","targetHints":{"allow":["GET"]}}],"collection":[{"href":"https:\/\/repliquemangacine.fr\/it\/wp-json\/wp\/v2\/product"}],"about":[{"href":"https:\/\/repliquemangacine.fr\/it\/wp-json\/wp\/v2\/types\/product"}],"wp:featuredmedia":[{"embeddable":true,"href":"https:\/\/repliquemangacine.fr\/it\/wp-json\/wp\/v2\/media\/25552"}],"wp:attachment":[{"href":"https:\/\/repliquemangacine.fr\/it\/wp-json\/wp\/v2\/media?parent=25551"}],"wp:term":[{"taxonomy":"product_brand","embeddable":true,"href":"https:\/\/repliquemangacine.fr\/it\/wp-json\/wp\/v2\/product_brand?post=25551"},{"taxonomy":"product_cat","embeddable":true,"href":"https:\/\/repliquemangacine.fr\/it\/wp-json\/wp\/v2\/product_cat?post=25551"},{"taxonomy":"product_tag","embeddable":true,"href":"https:\/\/repliquemangacine.fr\/it\/wp-json\/wp\/v2\/product_tag?post=25551"}],"curies":[{"name":"wp","href":"https:\/\/api.w.org\/{rel}","templated":true}]}}