





{"id":25515,"date":"2016-09-07T17:25:16","date_gmt":"2016-09-07T15:25:16","guid":{"rendered":"https:\/\/repliquemangacine.fr\/?post_type=product&#038;p=25515"},"modified":"2026-02-05T02:19:22","modified_gmt":"2026-02-05T01:19:22","slug":"catena-reale-sora-keyblade-kingdom-hearts","status":"publish","type":"product","link":"https:\/\/repliquemangacine.fr\/it\/katana-et-epee-de-jeux-video-autre-jeux-video\/chaine-royale-sora-keyblade-kingdom-hearts\/","title":{"rendered":"Catena reale del Keyblade di Sora"},"content":{"rendered":"<h2>Catena reale del Keyblade di Sora in Kingdom Hearts.<\/h2>\n<p>Per cominciare, il <strong>Sora Keyblade Kingdom Hearts<\/strong>si chiama Chaine Royale. \u00c8 la chiave di base di Sora in ogni episodio della serie. Tuttavia, Sora non \u00e8 l'unico utilizzatore di questo Keyblade: \u00e8 stato usato anche da Roxas e Xion.<\/p>\n<p><a href=\"https:\/\/kingdomhearts.fandom.com\/fr\/wiki\/Sora\">Sora<\/a> \u00e8 il protagonista e il personaggio giocabile principale della maggior parte della serie di Kingdom Hearts. Riceve questo Keyblade sulle Isole del Destino.<\/p>\n<p>Impugnati dal protagonista della serie, Sora, dal Re e da numerosi altri personaggi, i Keyblade fanno parte della battaglia tra Luce e Oscurit\u00e0.<\/p>\n<p>A forma di chiave, possono azionare qualsiasi serratura esistente e sono impregnati di magia e di altre abilit\u00e0 uniche. I portatori di Keyblade possono \u201clasciare in eredit\u00e0\u201d i loro poteri alla generazione successiva incontrando persone degne di nota.<\/p>\n<h2>Il tuo Sora Keyblade Kingdom Hearts al miglior prezzo.<\/h2>\n<p>Offriamo un'ampia gamma di riproduzioni di manga e videogiochi.<\/p>\n<p>Innanzitutto,<\/p>\n<ul>\n<li>La <a href=\"https:\/\/repliquemangacine.fr\/it\/altri-videogiochi\/souvenir-keyblade-perdue-kingdom-hearts\/\">Souvenir perduto del Keyblade<\/a> (Oblivion) di Sora in Kingdom Hearts.<\/li>\n<li>E la replica del Keyblade di Halloween con testa di zucca\u00a0 <a href=\"https:\/\/repliquemangacine.fr\/it\/altri-videogiochi\/keyblade-pumpkin-head-ou-tete-de-citrouille\/\">Testa di zucca<\/a>.<\/li>\n<li>C'\u00e8 anche il <a href=\"https:\/\/repliquemangacine.fr\/it\/altri-videogiochi\/keyblade-fatal-crest-dragon-kingdom-hearts\/\">Destino del Keyblade<\/a> appare in Kingdom Hearts II.<\/li>\n<li>E molti altri da scoprire nel nostro negozio online!<\/li>\n<\/ul>\n<p>Ecco quindi alcune grandi idee regalo per tutti i fan di Kingdom Hearts.<\/p>\n<p>In conclusione, potete utilizzare il Keyblade Kingdom Hearts di Sora per le vostre sfilate di cosplay. Ma soprattutto, questa spada \u00e8 un oggetto da collezione e una decorazione.<\/p>\n<p>R\u00e9plique Manga Cin\u00e9 \u00e8 una societ\u00e0 francese<\/p>\n<h2>Come posso mantenere l'acciaio della mia chiave?<\/h2>\n<p>Le chiavi da collezione e decorative sono realizzate e assemblate in modo semplificato. Poich\u00e9 il loro uso \u00e8 decorativo, non hanno le caratteristiche di sicurezza richieste per una sciabola giapponese destinata all'allenamento.<\/p>\n<p>Tuttavia, il vostro <strong>Sora Keyblade Kingdom Hearts<\/strong> La lama \u00e8 in acciaio e deve essere mantenuta per evitare che si danneggi nel tempo. Quando si espone la katana, gli amici saranno curiosi di vedere la lama e di toccarla. \u00c8 qui che bisogna fare attenzione, perch\u00e9 l'acidit\u00e0 delle dita \u00e8 molto dannosa per l'acciaio, indipendentemente dalla sua qualit\u00e0.<\/p>\n<p>Tuttavia, se ci\u00f2 dovesse accadere, niente panico: basta un panno inumidito con un po' d'olio per eliminare le impronte. In questo modo, la spada durer\u00e0 a lungo.<\/p>\n<p><strong>\u00a0<\/strong><\/p>","protected":false},"excerpt":{"rendered":"<p>Il Keyblade \u00e8 un'arma misteriosa che assomiglia a una chiave.<\/p>\n<ul>\n<li>Realizzato interamente in metallo.<\/li>\n<li>L'impugnatura si muove con i vostri movimenti.<\/li>\n<li>Indispensabile catena con testa di Topolino.<\/li>\n<li>Lunghezza totale: 89 cm - Peso totale: 1090 gr.<\/li>\n<\/ul>","protected":false},"featured_media":25516,"template":"","meta":[],"product_brand":[896],"product_cat":[23,67],"product_tag":[],"class_list":{"0":"post-25515","1":"product","2":"type-product","3":"status-publish","4":"has-post-thumbnail","6":"product_brand-replique-manga-cine","7":"product_cat-repliques-manga-jeux-video","8":"product_cat-katana-et-epee-de-jeux-video-autre-jeux-video","10":"first","11":"instock","12":"taxable","13":"shipping-taxable","14":"purchasable","15":"product-type-simple"},"yoast_head":"<!-- This site is optimized with the Yoast SEO plugin v27.4 - https:\/\/yoast.com\/product\/yoast-seo-wordpress\/ -->\n<title>Sora Keyblade Kingdom Hearts - Chaine Royale | RMC<\/title>\n<meta name=\"description\" content=\"Offrez-vous la Sora Keyblade Kingdom Hearts pas ch\u00e8re. Tout en m\u00e9tal- Chainette avec t\u00eate de Mickey - Longueur totale : 89 cm - Envoi 24\/48h\" \/>\n<meta name=\"robots\" content=\"index, follow, max-snippet:-1, max-image-preview:large, max-video-preview:-1\" \/>\n<link rel=\"canonical\" href=\"https:\/\/repliquemangacine.fr\/it\/katana-e-spada-videogiochi-altri-videogiochi\/catena-reale-sora-keyblade-kingdom-hearts\/\" \/>\n<meta property=\"og:locale\" content=\"it_IT\" \/>\n<meta property=\"og:type\" content=\"article\" \/>\n<meta property=\"og:title\" content=\"Sora Keyblade Kingdom Hearts - Chaine Royale | RMC\" \/>\n<meta property=\"og:description\" content=\"Offrez-vous la Sora Keyblade Kingdom Hearts pas ch\u00e8re. Tout en m\u00e9tal- Chainette avec t\u00eate de Mickey - Longueur totale : 89 cm - Envoi 24\/48h\" \/>\n<meta property=\"og:url\" content=\"https:\/\/repliquemangacine.fr\/it\/katana-e-spada-videogiochi-altri-videogiochi\/catena-reale-sora-keyblade-kingdom-hearts\/\" \/>\n<meta property=\"og:site_name\" content=\"R\u00e9plique Manga Cin\u00e9\" \/>\n<meta property=\"article:publisher\" content=\"https:\/\/www.facebook.com\/RepliqueMangaCine\" \/>\n<meta property=\"article:modified_time\" content=\"2026-02-05T01:19:22+00:00\" \/>\n<meta property=\"og:image\" content=\"https:\/\/repliquemangacine.fr\/wp-content\/uploads\/2023\/10\/395-Kingdom-Hearts-Keyblade-de-Sora-metal.jpg\" \/>\n\t<meta property=\"og:image:width\" content=\"800\" \/>\n\t<meta property=\"og:image:height\" content=\"800\" \/>\n\t<meta property=\"og:image:type\" content=\"image\/jpeg\" \/>\n<meta name=\"twitter:card\" content=\"summary_large_image\" \/>\n<meta name=\"twitter:label1\" content=\"Tempo di lettura stimato\" \/>\n\t<meta name=\"twitter:data1\" content=\"2 minuti\" \/>\n<script type=\"application\/ld+json\" class=\"yoast-schema-graph\">{\"@context\":\"https:\\\/\\\/schema.org\",\"@graph\":[{\"@type\":\"WebPage\",\"@id\":\"https:\\\/\\\/repliquemangacine.fr\\\/katana-et-epee-de-jeux-video-autre-jeux-video\\\/chaine-royale-sora-keyblade-kingdom-hearts\\\/\",\"url\":\"https:\\\/\\\/repliquemangacine.fr\\\/katana-et-epee-de-jeux-video-autre-jeux-video\\\/chaine-royale-sora-keyblade-kingdom-hearts\\\/\",\"name\":\"Sora Keyblade Kingdom Hearts - Chaine Royale | RMC\",\"isPartOf\":{\"@id\":\"https:\\\/\\\/repliquemangacine.fr\\\/#website\"},\"primaryImageOfPage\":{\"@id\":\"https:\\\/\\\/repliquemangacine.fr\\\/katana-et-epee-de-jeux-video-autre-jeux-video\\\/chaine-royale-sora-keyblade-kingdom-hearts\\\/#primaryimage\"},\"image\":{\"@id\":\"https:\\\/\\\/repliquemangacine.fr\\\/katana-et-epee-de-jeux-video-autre-jeux-video\\\/chaine-royale-sora-keyblade-kingdom-hearts\\\/#primaryimage\"},\"thumbnailUrl\":\"https:\\\/\\\/repliquemangacine.fr\\\/wp-content\\\/uploads\\\/2023\\\/10\\\/395-Kingdom-Hearts-Keyblade-de-Sora-metal.jpg\",\"datePublished\":\"2016-09-07T15:25:16+00:00\",\"dateModified\":\"2026-02-05T01:19:22+00:00\",\"description\":\"Offrez-vous la Sora Keyblade Kingdom Hearts pas ch\u00e8re. Tout en m\u00e9tal- Chainette avec t\u00eate de Mickey - Longueur totale : 89 cm - Envoi 24\\\/48h\",\"breadcrumb\":{\"@id\":\"https:\\\/\\\/repliquemangacine.fr\\\/katana-et-epee-de-jeux-video-autre-jeux-video\\\/chaine-royale-sora-keyblade-kingdom-hearts\\\/#breadcrumb\"},\"inLanguage\":\"it-IT\",\"potentialAction\":[{\"@type\":\"ReadAction\",\"target\":[\"https:\\\/\\\/repliquemangacine.fr\\\/katana-et-epee-de-jeux-video-autre-jeux-video\\\/chaine-royale-sora-keyblade-kingdom-hearts\\\/\"]}]},{\"@type\":\"ImageObject\",\"inLanguage\":\"it-IT\",\"@id\":\"https:\\\/\\\/repliquemangacine.fr\\\/katana-et-epee-de-jeux-video-autre-jeux-video\\\/chaine-royale-sora-keyblade-kingdom-hearts\\\/#primaryimage\",\"url\":\"https:\\\/\\\/repliquemangacine.fr\\\/wp-content\\\/uploads\\\/2023\\\/10\\\/395-Kingdom-Hearts-Keyblade-de-Sora-metal.jpg\",\"contentUrl\":\"https:\\\/\\\/repliquemangacine.fr\\\/wp-content\\\/uploads\\\/2023\\\/10\\\/395-Kingdom-Hearts-Keyblade-de-Sora-metal.jpg\",\"width\":800,\"height\":800,\"caption\":\"Kingdom Hearts - Keyblade de Sora m\u00e9tal\"},{\"@type\":\"BreadcrumbList\",\"@id\":\"https:\\\/\\\/repliquemangacine.fr\\\/katana-et-epee-de-jeux-video-autre-jeux-video\\\/chaine-royale-sora-keyblade-kingdom-hearts\\\/#breadcrumb\",\"itemListElement\":[{\"@type\":\"ListItem\",\"position\":1,\"name\":\"Accueil\",\"item\":\"https:\\\/\\\/repliquemangacine.fr\\\/\"},{\"@type\":\"ListItem\",\"position\":2,\"name\":\"Produits\",\"item\":\"https:\\\/\\\/repliquemangacine.fr\\\/boutique\\\/\"},{\"@type\":\"ListItem\",\"position\":3,\"name\":\"Sora Keyblade Chaine Royale\"}]},{\"@type\":\"WebSite\",\"@id\":\"https:\\\/\\\/repliquemangacine.fr\\\/#website\",\"url\":\"https:\\\/\\\/repliquemangacine.fr\\\/\",\"name\":\"R\u00e9plique Manga Cin\u00e9\",\"description\":\"\",\"publisher\":{\"@id\":\"https:\\\/\\\/repliquemangacine.fr\\\/#organization\"},\"potentialAction\":[{\"@type\":\"SearchAction\",\"target\":{\"@type\":\"EntryPoint\",\"urlTemplate\":\"https:\\\/\\\/repliquemangacine.fr\\\/?s={search_term_string}\"},\"query-input\":{\"@type\":\"PropertyValueSpecification\",\"valueRequired\":true,\"valueName\":\"search_term_string\"}}],\"inLanguage\":\"it-IT\"},{\"@type\":\"Organization\",\"@id\":\"https:\\\/\\\/repliquemangacine.fr\\\/#organization\",\"name\":\"R\u00e9plique Manga Cin\u00e9\",\"url\":\"https:\\\/\\\/repliquemangacine.fr\\\/\",\"logo\":{\"@type\":\"ImageObject\",\"inLanguage\":\"it-IT\",\"@id\":\"https:\\\/\\\/repliquemangacine.fr\\\/#\\\/schema\\\/logo\\\/image\\\/\",\"url\":\"https:\\\/\\\/repliquemangacine.fr\\\/wp-content\\\/uploads\\\/2023\\\/10\\\/RMC-500250.png\",\"contentUrl\":\"https:\\\/\\\/repliquemangacine.fr\\\/wp-content\\\/uploads\\\/2023\\\/10\\\/RMC-500250.png\",\"width\":500,\"height\":250,\"caption\":\"R\u00e9plique Manga Cin\u00e9\"},\"image\":{\"@id\":\"https:\\\/\\\/repliquemangacine.fr\\\/#\\\/schema\\\/logo\\\/image\\\/\"},\"sameAs\":[\"https:\\\/\\\/www.facebook.com\\\/RepliqueMangaCine\",\"https:\\\/\\\/www.instagram.com\\\/repliquemangacine.fr\\\/\"]}]}<\/script>\n<!-- \/ Yoast SEO plugin. -->","yoast_head_json":{"title":"Sora Keyblade Kingdom Hearts - Catena reale | RMC","description":"Regalati l'economico Keyblade di Sora di Kingdom Hearts. Tutto in metallo - Catenina con testa di Topolino - Lunghezza totale: 89 cm - Spedizione 24\/48h","robots":{"index":"index","follow":"follow","max-snippet":"max-snippet:-1","max-image-preview":"max-image-preview:large","max-video-preview":"max-video-preview:-1"},"canonical":"https:\/\/repliquemangacine.fr\/it\/katana-e-spada-videogiochi-altri-videogiochi\/catena-reale-sora-keyblade-kingdom-hearts\/","og_locale":"it_IT","og_type":"article","og_title":"Sora Keyblade Kingdom Hearts - Chaine Royale | RMC","og_description":"Offrez-vous la Sora Keyblade Kingdom Hearts pas ch\u00e8re. Tout en m\u00e9tal- Chainette avec t\u00eate de Mickey - Longueur totale : 89 cm - Envoi 24\/48h","og_url":"https:\/\/repliquemangacine.fr\/it\/katana-e-spada-videogiochi-altri-videogiochi\/catena-reale-sora-keyblade-kingdom-hearts\/","og_site_name":"R\u00e9plique Manga Cin\u00e9","article_publisher":"https:\/\/www.facebook.com\/RepliqueMangaCine","article_modified_time":"2026-02-05T01:19:22+00:00","og_image":[{"width":800,"height":800,"url":"https:\/\/repliquemangacine.fr\/wp-content\/uploads\/2023\/10\/395-Kingdom-Hearts-Keyblade-de-Sora-metal.jpg","type":"image\/jpeg"}],"twitter_card":"summary_large_image","twitter_misc":{"Tempo di lettura stimato":"2 minuti"},"schema":{"@context":"https:\/\/schema.org","@graph":[{"@type":"WebPage","@id":"https:\/\/repliquemangacine.fr\/katana-et-epee-de-jeux-video-autre-jeux-video\/chaine-royale-sora-keyblade-kingdom-hearts\/","url":"https:\/\/repliquemangacine.fr\/katana-et-epee-de-jeux-video-autre-jeux-video\/chaine-royale-sora-keyblade-kingdom-hearts\/","name":"Sora Keyblade Kingdom Hearts - Catena reale | RMC","isPartOf":{"@id":"https:\/\/repliquemangacine.fr\/#website"},"primaryImageOfPage":{"@id":"https:\/\/repliquemangacine.fr\/katana-et-epee-de-jeux-video-autre-jeux-video\/chaine-royale-sora-keyblade-kingdom-hearts\/#primaryimage"},"image":{"@id":"https:\/\/repliquemangacine.fr\/katana-et-epee-de-jeux-video-autre-jeux-video\/chaine-royale-sora-keyblade-kingdom-hearts\/#primaryimage"},"thumbnailUrl":"https:\/\/repliquemangacine.fr\/wp-content\/uploads\/2023\/10\/395-Kingdom-Hearts-Keyblade-de-Sora-metal.jpg","datePublished":"2016-09-07T15:25:16+00:00","dateModified":"2026-02-05T01:19:22+00:00","description":"Regalati l'economico Keyblade di Sora di Kingdom Hearts. Tutto in metallo - Catenina con testa di Topolino - Lunghezza totale: 89 cm - Spedizione 24\/48h","breadcrumb":{"@id":"https:\/\/repliquemangacine.fr\/katana-et-epee-de-jeux-video-autre-jeux-video\/chaine-royale-sora-keyblade-kingdom-hearts\/#breadcrumb"},"inLanguage":"it-IT","potentialAction":[{"@type":"ReadAction","target":["https:\/\/repliquemangacine.fr\/katana-et-epee-de-jeux-video-autre-jeux-video\/chaine-royale-sora-keyblade-kingdom-hearts\/"]}]},{"@type":"ImageObject","inLanguage":"it-IT","@id":"https:\/\/repliquemangacine.fr\/katana-et-epee-de-jeux-video-autre-jeux-video\/chaine-royale-sora-keyblade-kingdom-hearts\/#primaryimage","url":"https:\/\/repliquemangacine.fr\/wp-content\/uploads\/2023\/10\/395-Kingdom-Hearts-Keyblade-de-Sora-metal.jpg","contentUrl":"https:\/\/repliquemangacine.fr\/wp-content\/uploads\/2023\/10\/395-Kingdom-Hearts-Keyblade-de-Sora-metal.jpg","width":800,"height":800,"caption":"Kingdom Hearts - Keyblade de Sora m\u00e9tal"},{"@type":"BreadcrumbList","@id":"https:\/\/repliquemangacine.fr\/katana-et-epee-de-jeux-video-autre-jeux-video\/chaine-royale-sora-keyblade-kingdom-hearts\/#breadcrumb","itemListElement":[{"@type":"ListItem","position":1,"name":"Accueil","item":"https:\/\/repliquemangacine.fr\/"},{"@type":"ListItem","position":2,"name":"Produits","item":"https:\/\/repliquemangacine.fr\/boutique\/"},{"@type":"ListItem","position":3,"name":"Sora Keyblade Chaine Royale"}]},{"@type":"WebSite","@id":"https:\/\/repliquemangacine.fr\/#website","url":"https:\/\/repliquemangacine.fr\/","name":"R\u00e9plique Manga Cin\u00e9","description":"","publisher":{"@id":"https:\/\/repliquemangacine.fr\/#organization"},"potentialAction":[{"@type":"SearchAction","target":{"@type":"EntryPoint","urlTemplate":"https:\/\/repliquemangacine.fr\/?s={search_term_string}"},"query-input":{"@type":"PropertyValueSpecification","valueRequired":true,"valueName":"search_term_string"}}],"inLanguage":"it-IT"},{"@type":"Organization","@id":"https:\/\/repliquemangacine.fr\/#organization","name":"R\u00e9plique Manga Cin\u00e9","url":"https:\/\/repliquemangacine.fr\/","logo":{"@type":"ImageObject","inLanguage":"it-IT","@id":"https:\/\/repliquemangacine.fr\/#\/schema\/logo\/image\/","url":"https:\/\/repliquemangacine.fr\/wp-content\/uploads\/2023\/10\/RMC-500250.png","contentUrl":"https:\/\/repliquemangacine.fr\/wp-content\/uploads\/2023\/10\/RMC-500250.png","width":500,"height":250,"caption":"R\u00e9plique Manga Cin\u00e9"},"image":{"@id":"https:\/\/repliquemangacine.fr\/#\/schema\/logo\/image\/"},"sameAs":["https:\/\/www.facebook.com\/RepliqueMangaCine","https:\/\/www.instagram.com\/repliquemangacine.fr\/"]}]}},"_links":{"self":[{"href":"https:\/\/repliquemangacine.fr\/it\/wp-json\/wp\/v2\/product\/25515","targetHints":{"allow":["GET"]}}],"collection":[{"href":"https:\/\/repliquemangacine.fr\/it\/wp-json\/wp\/v2\/product"}],"about":[{"href":"https:\/\/repliquemangacine.fr\/it\/wp-json\/wp\/v2\/types\/product"}],"wp:featuredmedia":[{"embeddable":true,"href":"https:\/\/repliquemangacine.fr\/it\/wp-json\/wp\/v2\/media\/25516"}],"wp:attachment":[{"href":"https:\/\/repliquemangacine.fr\/it\/wp-json\/wp\/v2\/media?parent=25515"}],"wp:term":[{"taxonomy":"product_brand","embeddable":true,"href":"https:\/\/repliquemangacine.fr\/it\/wp-json\/wp\/v2\/product_brand?post=25515"},{"taxonomy":"product_cat","embeddable":true,"href":"https:\/\/repliquemangacine.fr\/it\/wp-json\/wp\/v2\/product_cat?post=25515"},{"taxonomy":"product_tag","embeddable":true,"href":"https:\/\/repliquemangacine.fr\/it\/wp-json\/wp\/v2\/product_tag?post=25515"}],"curies":[{"name":"wp","href":"https:\/\/api.w.org\/{rel}","templated":true}]}}