





{"id":25506,"date":"2016-09-07T16:51:00","date_gmt":"2016-09-07T14:51:00","guid":{"rendered":"https:\/\/repliquemangacine.fr\/?post_type=product&#038;p=25506"},"modified":"2025-11-25T10:40:46","modified_gmt":"2025-11-25T09:40:46","slug":"spada-ribelle-spada-di-dante-devil-may-cry","status":"publish","type":"product","link":"https:\/\/repliquemangacine.fr\/it\/devil-may-cry\/epee-rebellion-epee-de-dante-devil-may-cry\/","title":{"rendered":"Dante DMC Spada della Ribellione - Devil May Cry"},"content":{"rendered":"<h2>Dante DMC Spada della Ribellione (Devil May Cry)<\/h2>\n<p>Per cominciare, il<strong>Dante DMC Spada della Ribellione<\/strong> \u00e8 l'arma base di Dante. Creata dal padre di Dante, Sparda, sembra normale, ma \u00e8 una spada demoniaca che serve come manifestazione fisica del potere di Dante.<\/p>\n<p>Cambier\u00e0 forma dopo essere entrata in contatto con il sangue di Dante. Si \u00e8 trasformata in una forma pi\u00f9 grande e potente. Rebellion \u00e8 l'unica in grado di fermare i colpi della leggendaria spada Yamato di Vergil.<\/p>\n<p><a href=\"https:\/\/devilmaycrydmc.fandom.com\/fr\/wiki\/Dante_(DmC)#Personnalit\u00e9\" target=\"_blank\" rel=\"noopener noreferrer\">Dante<\/a> \u00e8 il figlio maggiore di un angelo di nome Eva e del demone Sparda, nonch\u00e9 fratello di Vergil. Grazie alla sua discendenza soprannaturale, Dante possiede una miriade di abilit\u00e0 sovrumane che lo rendono una forza da tenere in considerazione.<\/p>\n<h2>Il tuo Dante DMC Rebellion Sword al miglior prezzo.<\/h2>\n<p>Offriamo un'ampia gamma di riproduzioni di manga e videogiochi.<\/p>\n<p>Innanzitutto,<\/p>\n<ul>\n<li>La replica del <a href=\"https:\/\/repliquemangacine.fr\/it\/altri-videogiochi\/katana-yamoto-vergil-dmc-devil-my-cry\/\">Katana Yamoto<\/a> la leggendaria spada di suo fratello Vergil.<\/li>\n<li>Cos\u00ec come il<a href=\"https:\/\/repliquemangacine.fr\/it\/altri-videogiochi\/fushigiri-mortal-blade-sekiro-shadows-die-twice\/\"> Katana Fushigiri, lama mortale<\/a> nel videogioco sekiro: le ombre muoiono due volte...<\/li>\n<li>C'\u00e8 anche il <a href=\"https:\/\/repliquemangacine.fr\/it\/altri-videogiochi\/katana-sephiroth-masamune-140-cm\/\">Katana di Sephiroth<\/a>La masamune di 140 cm in Final Fantasy VII.<\/li>\n<li>E molti altri da scoprire nel nostro negozio online!<\/li>\n<\/ul>\n<p>Ecco quindi alcune grandi idee regalo per tutti i fan di Devil My Cry.<\/p>\n<p>Per concludere, \u00e8 possibile utilizzare l'opzione\u2019<strong>Dante DMC Spada della Ribellione<\/strong> per le vostre sfilate cosplay o serate a tema. Ma soprattutto, questa spada \u00e8 un oggetto da collezione e un pezzo decorativo.<\/p>\n<p>R\u00e9plique Manga Cin\u00e9 \u00e8 una societ\u00e0 francese<\/p>\n<h2>Come faccio a mantenere la lama della mia spada Devil My Cry?<\/h2>\n<p>Le katane da collezione e decorative sono realizzate e assemblate in modo semplificato. Poich\u00e9 il loro uso \u00e8 decorativo, non hanno le caratteristiche di sicurezza richieste da una spada giapponese destinata all'allenamento.<\/p>\n<p>Tuttavia, il vostro <strong>Dante DMC Spada della Ribellione<\/strong> a una lama d'acciaio che deve essere curata per evitare che si danneggi nel tempo. Quando si espone la katana, gli amici saranno curiosi di vedere la lama e di toccarla. \u00c8 qui che bisogna fare attenzione, perch\u00e9 l'acidit\u00e0 delle dita \u00e8 molto dannosa per l'acciaio, indipendentemente dalla sua qualit\u00e0.<\/p>\n<p>Tuttavia, se ci\u00f2 dovesse accadere, niente panico: basta un panno inumidito con un po' d'olio per eliminare le impronte. In questo modo, la spada durer\u00e0 a lungo.<\/p>","protected":false},"excerpt":{"rendered":"<p>La ribellione, la spada di base di Dante.<\/p>\n<ul>\n<li>Lama in acciaio a doppio taglio (non tagliente).<\/li>\n<li>Maniglia in metallo.<\/li>\n<li>Protezione in acciaio a forma di demone.<\/li>\n<li>Manopola in acciaio appositamente sagomata.<\/li>\n<li>Supporto da parete Devil My Cry.<\/li>\n<li>Lunghezza lama: 96 cm - Lunghezza totale: 140 cm - Peso totale: 3180 gr.<\/li>\n<\/ul>","protected":false},"featured_media":25507,"template":"","meta":[],"product_brand":[896],"product_cat":[880,23,67],"product_tag":[],"class_list":{"0":"post-25506","1":"product","2":"type-product","3":"status-publish","4":"has-post-thumbnail","6":"product_brand-replique-manga-cine","7":"product_cat-devil-may-cry","8":"product_cat-repliques-manga-jeux-video","9":"product_cat-katana-et-epee-de-jeux-video-autre-jeux-video","11":"first","12":"instock","13":"taxable","14":"shipping-taxable","15":"purchasable","16":"product-type-simple"},"yoast_head":"<!-- This site is optimized with the Yoast SEO plugin v27.4 - https:\/\/yoast.com\/product\/yoast-seo-wordpress\/ -->\n<title>Ep\u00e9e Rebellion Dante DMC - Devil My Cry - R\u00e9plique Manga Cin\u00e9<\/title>\n<meta name=\"description\" content=\"Offrez-vous cette Ep\u00e9e Rebellion Dante DMC au meilleur prix. Lame en acier - Garde t\u00eate de mort - \u00c9chelle 1\/1 - Longueur : 140 cm - Envoi 24\/48h\" \/>\n<meta name=\"robots\" content=\"index, follow, max-snippet:-1, max-image-preview:large, max-video-preview:-1\" \/>\n<link rel=\"canonical\" href=\"https:\/\/repliquemangacine.fr\/it\/il-diavolo-puo-piangere\/spada-ribelle-spada-di-dante-devil-may-cry\/\" \/>\n<meta property=\"og:locale\" content=\"it_IT\" \/>\n<meta property=\"og:type\" content=\"article\" \/>\n<meta property=\"og:title\" content=\"Ep\u00e9e Rebellion Dante DMC - Devil My Cry - R\u00e9plique Manga Cin\u00e9\" \/>\n<meta property=\"og:description\" content=\"Offrez-vous cette Ep\u00e9e Rebellion Dante DMC au meilleur prix. Lame en acier - Garde t\u00eate de mort - \u00c9chelle 1\/1 - Longueur : 140 cm - Envoi 24\/48h\" \/>\n<meta property=\"og:url\" content=\"https:\/\/repliquemangacine.fr\/it\/il-diavolo-puo-piangere\/spada-ribelle-spada-di-dante-devil-may-cry\/\" \/>\n<meta property=\"og:site_name\" content=\"R\u00e9plique Manga Cin\u00e9\" \/>\n<meta property=\"article:publisher\" content=\"https:\/\/www.facebook.com\/RepliqueMangaCine\" \/>\n<meta property=\"article:modified_time\" content=\"2025-11-25T09:40:46+00:00\" \/>\n<meta property=\"og:image\" content=\"https:\/\/repliquemangacine.fr\/wp-content\/uploads\/2023\/10\/287-Epee-Rebellion-Devil-My-Cry.jpg\" \/>\n\t<meta property=\"og:image:width\" content=\"800\" \/>\n\t<meta property=\"og:image:height\" content=\"800\" \/>\n\t<meta property=\"og:image:type\" content=\"image\/jpeg\" \/>\n<meta name=\"twitter:card\" content=\"summary_large_image\" \/>\n<meta name=\"twitter:label1\" content=\"Tempo di lettura stimato\" \/>\n\t<meta name=\"twitter:data1\" content=\"3 minuti\" \/>\n<script type=\"application\/ld+json\" class=\"yoast-schema-graph\">{\"@context\":\"https:\\\/\\\/schema.org\",\"@graph\":[{\"@type\":\"WebPage\",\"@id\":\"https:\\\/\\\/repliquemangacine.fr\\\/devil-may-cry\\\/epee-rebellion-epee-de-dante-devil-may-cry\\\/\",\"url\":\"https:\\\/\\\/repliquemangacine.fr\\\/devil-may-cry\\\/epee-rebellion-epee-de-dante-devil-may-cry\\\/\",\"name\":\"Ep\u00e9e Rebellion Dante DMC - Devil My Cry - R\u00e9plique Manga Cin\u00e9\",\"isPartOf\":{\"@id\":\"https:\\\/\\\/repliquemangacine.fr\\\/#website\"},\"primaryImageOfPage\":{\"@id\":\"https:\\\/\\\/repliquemangacine.fr\\\/devil-may-cry\\\/epee-rebellion-epee-de-dante-devil-may-cry\\\/#primaryimage\"},\"image\":{\"@id\":\"https:\\\/\\\/repliquemangacine.fr\\\/devil-may-cry\\\/epee-rebellion-epee-de-dante-devil-may-cry\\\/#primaryimage\"},\"thumbnailUrl\":\"https:\\\/\\\/repliquemangacine.fr\\\/wp-content\\\/uploads\\\/2023\\\/10\\\/287-Epee-Rebellion-Devil-My-Cry.jpg\",\"datePublished\":\"2016-09-07T14:51:00+00:00\",\"dateModified\":\"2025-11-25T09:40:46+00:00\",\"description\":\"Offrez-vous cette Ep\u00e9e Rebellion Dante DMC au meilleur prix. Lame en acier - Garde t\u00eate de mort - \u00c9chelle 1\\\/1 - Longueur : 140 cm - Envoi 24\\\/48h\",\"breadcrumb\":{\"@id\":\"https:\\\/\\\/repliquemangacine.fr\\\/devil-may-cry\\\/epee-rebellion-epee-de-dante-devil-may-cry\\\/#breadcrumb\"},\"inLanguage\":\"it-IT\",\"potentialAction\":[{\"@type\":\"ReadAction\",\"target\":[\"https:\\\/\\\/repliquemangacine.fr\\\/devil-may-cry\\\/epee-rebellion-epee-de-dante-devil-may-cry\\\/\"]}]},{\"@type\":\"ImageObject\",\"inLanguage\":\"it-IT\",\"@id\":\"https:\\\/\\\/repliquemangacine.fr\\\/devil-may-cry\\\/epee-rebellion-epee-de-dante-devil-may-cry\\\/#primaryimage\",\"url\":\"https:\\\/\\\/repliquemangacine.fr\\\/wp-content\\\/uploads\\\/2023\\\/10\\\/287-Epee-Rebellion-Devil-My-Cry.jpg\",\"contentUrl\":\"https:\\\/\\\/repliquemangacine.fr\\\/wp-content\\\/uploads\\\/2023\\\/10\\\/287-Epee-Rebellion-Devil-My-Cry.jpg\",\"width\":800,\"height\":800,\"caption\":\"Ep\u00e9e Rebellion Dante DMC - Devil My Cry\"},{\"@type\":\"BreadcrumbList\",\"@id\":\"https:\\\/\\\/repliquemangacine.fr\\\/devil-may-cry\\\/epee-rebellion-epee-de-dante-devil-may-cry\\\/#breadcrumb\",\"itemListElement\":[{\"@type\":\"ListItem\",\"position\":1,\"name\":\"Accueil\",\"item\":\"https:\\\/\\\/repliquemangacine.fr\\\/\"},{\"@type\":\"ListItem\",\"position\":2,\"name\":\"Produits\",\"item\":\"https:\\\/\\\/repliquemangacine.fr\\\/boutique\\\/\"},{\"@type\":\"ListItem\",\"position\":3,\"name\":\"Ep\u00e9e Rebellion Dante DMC &#8211; Devil May Cry\"}]},{\"@type\":\"WebSite\",\"@id\":\"https:\\\/\\\/repliquemangacine.fr\\\/#website\",\"url\":\"https:\\\/\\\/repliquemangacine.fr\\\/\",\"name\":\"R\u00e9plique Manga Cin\u00e9\",\"description\":\"\",\"publisher\":{\"@id\":\"https:\\\/\\\/repliquemangacine.fr\\\/#organization\"},\"potentialAction\":[{\"@type\":\"SearchAction\",\"target\":{\"@type\":\"EntryPoint\",\"urlTemplate\":\"https:\\\/\\\/repliquemangacine.fr\\\/?s={search_term_string}\"},\"query-input\":{\"@type\":\"PropertyValueSpecification\",\"valueRequired\":true,\"valueName\":\"search_term_string\"}}],\"inLanguage\":\"it-IT\"},{\"@type\":\"Organization\",\"@id\":\"https:\\\/\\\/repliquemangacine.fr\\\/#organization\",\"name\":\"R\u00e9plique Manga Cin\u00e9\",\"url\":\"https:\\\/\\\/repliquemangacine.fr\\\/\",\"logo\":{\"@type\":\"ImageObject\",\"inLanguage\":\"it-IT\",\"@id\":\"https:\\\/\\\/repliquemangacine.fr\\\/#\\\/schema\\\/logo\\\/image\\\/\",\"url\":\"https:\\\/\\\/repliquemangacine.fr\\\/wp-content\\\/uploads\\\/2023\\\/10\\\/RMC-500250.png\",\"contentUrl\":\"https:\\\/\\\/repliquemangacine.fr\\\/wp-content\\\/uploads\\\/2023\\\/10\\\/RMC-500250.png\",\"width\":500,\"height\":250,\"caption\":\"R\u00e9plique Manga Cin\u00e9\"},\"image\":{\"@id\":\"https:\\\/\\\/repliquemangacine.fr\\\/#\\\/schema\\\/logo\\\/image\\\/\"},\"sameAs\":[\"https:\\\/\\\/www.facebook.com\\\/RepliqueMangaCine\",\"https:\\\/\\\/www.instagram.com\\\/repliquemangacine.fr\\\/\"]}]}<\/script>\n<!-- \/ Yoast SEO plugin. -->","yoast_head_json":{"title":"Dante DMC Spada della Ribellione - Devil My Cry - R\u00e9plique Manga Cin\u00e9","description":"Regalati questa spada Dante DMC Rebellion al miglior prezzo. Lama in acciaio - Guardia a teschio - Scala 1\/1 - Lunghezza : 140 cm - Spedizione 24\/48h","robots":{"index":"index","follow":"follow","max-snippet":"max-snippet:-1","max-image-preview":"max-image-preview:large","max-video-preview":"max-video-preview:-1"},"canonical":"https:\/\/repliquemangacine.fr\/it\/il-diavolo-puo-piangere\/spada-ribelle-spada-di-dante-devil-may-cry\/","og_locale":"it_IT","og_type":"article","og_title":"Ep\u00e9e Rebellion Dante DMC - Devil My Cry - R\u00e9plique Manga Cin\u00e9","og_description":"Offrez-vous cette Ep\u00e9e Rebellion Dante DMC au meilleur prix. Lame en acier - Garde t\u00eate de mort - \u00c9chelle 1\/1 - Longueur : 140 cm - Envoi 24\/48h","og_url":"https:\/\/repliquemangacine.fr\/it\/il-diavolo-puo-piangere\/spada-ribelle-spada-di-dante-devil-may-cry\/","og_site_name":"R\u00e9plique Manga Cin\u00e9","article_publisher":"https:\/\/www.facebook.com\/RepliqueMangaCine","article_modified_time":"2025-11-25T09:40:46+00:00","og_image":[{"width":800,"height":800,"url":"https:\/\/repliquemangacine.fr\/wp-content\/uploads\/2023\/10\/287-Epee-Rebellion-Devil-My-Cry.jpg","type":"image\/jpeg"}],"twitter_card":"summary_large_image","twitter_misc":{"Tempo di lettura stimato":"3 minuti"},"schema":{"@context":"https:\/\/schema.org","@graph":[{"@type":"WebPage","@id":"https:\/\/repliquemangacine.fr\/devil-may-cry\/epee-rebellion-epee-de-dante-devil-may-cry\/","url":"https:\/\/repliquemangacine.fr\/devil-may-cry\/epee-rebellion-epee-de-dante-devil-may-cry\/","name":"Dante DMC Spada della Ribellione - Devil My Cry - R\u00e9plique Manga Cin\u00e9","isPartOf":{"@id":"https:\/\/repliquemangacine.fr\/#website"},"primaryImageOfPage":{"@id":"https:\/\/repliquemangacine.fr\/devil-may-cry\/epee-rebellion-epee-de-dante-devil-may-cry\/#primaryimage"},"image":{"@id":"https:\/\/repliquemangacine.fr\/devil-may-cry\/epee-rebellion-epee-de-dante-devil-may-cry\/#primaryimage"},"thumbnailUrl":"https:\/\/repliquemangacine.fr\/wp-content\/uploads\/2023\/10\/287-Epee-Rebellion-Devil-My-Cry.jpg","datePublished":"2016-09-07T14:51:00+00:00","dateModified":"2025-11-25T09:40:46+00:00","description":"Regalati questa spada Dante DMC Rebellion al miglior prezzo. Lama in acciaio - Guardia a teschio - Scala 1\/1 - Lunghezza : 140 cm - Spedizione 24\/48h","breadcrumb":{"@id":"https:\/\/repliquemangacine.fr\/devil-may-cry\/epee-rebellion-epee-de-dante-devil-may-cry\/#breadcrumb"},"inLanguage":"it-IT","potentialAction":[{"@type":"ReadAction","target":["https:\/\/repliquemangacine.fr\/devil-may-cry\/epee-rebellion-epee-de-dante-devil-may-cry\/"]}]},{"@type":"ImageObject","inLanguage":"it-IT","@id":"https:\/\/repliquemangacine.fr\/devil-may-cry\/epee-rebellion-epee-de-dante-devil-may-cry\/#primaryimage","url":"https:\/\/repliquemangacine.fr\/wp-content\/uploads\/2023\/10\/287-Epee-Rebellion-Devil-My-Cry.jpg","contentUrl":"https:\/\/repliquemangacine.fr\/wp-content\/uploads\/2023\/10\/287-Epee-Rebellion-Devil-My-Cry.jpg","width":800,"height":800,"caption":"Ep\u00e9e Rebellion Dante DMC - Devil My Cry"},{"@type":"BreadcrumbList","@id":"https:\/\/repliquemangacine.fr\/devil-may-cry\/epee-rebellion-epee-de-dante-devil-may-cry\/#breadcrumb","itemListElement":[{"@type":"ListItem","position":1,"name":"Accueil","item":"https:\/\/repliquemangacine.fr\/"},{"@type":"ListItem","position":2,"name":"Produits","item":"https:\/\/repliquemangacine.fr\/boutique\/"},{"@type":"ListItem","position":3,"name":"Ep\u00e9e Rebellion Dante DMC &#8211; Devil May Cry"}]},{"@type":"WebSite","@id":"https:\/\/repliquemangacine.fr\/#website","url":"https:\/\/repliquemangacine.fr\/","name":"R\u00e9plique Manga Cin\u00e9","description":"","publisher":{"@id":"https:\/\/repliquemangacine.fr\/#organization"},"potentialAction":[{"@type":"SearchAction","target":{"@type":"EntryPoint","urlTemplate":"https:\/\/repliquemangacine.fr\/?s={search_term_string}"},"query-input":{"@type":"PropertyValueSpecification","valueRequired":true,"valueName":"search_term_string"}}],"inLanguage":"it-IT"},{"@type":"Organization","@id":"https:\/\/repliquemangacine.fr\/#organization","name":"R\u00e9plique Manga Cin\u00e9","url":"https:\/\/repliquemangacine.fr\/","logo":{"@type":"ImageObject","inLanguage":"it-IT","@id":"https:\/\/repliquemangacine.fr\/#\/schema\/logo\/image\/","url":"https:\/\/repliquemangacine.fr\/wp-content\/uploads\/2023\/10\/RMC-500250.png","contentUrl":"https:\/\/repliquemangacine.fr\/wp-content\/uploads\/2023\/10\/RMC-500250.png","width":500,"height":250,"caption":"R\u00e9plique Manga Cin\u00e9"},"image":{"@id":"https:\/\/repliquemangacine.fr\/#\/schema\/logo\/image\/"},"sameAs":["https:\/\/www.facebook.com\/RepliqueMangaCine","https:\/\/www.instagram.com\/repliquemangacine.fr\/"]}]}},"_links":{"self":[{"href":"https:\/\/repliquemangacine.fr\/it\/wp-json\/wp\/v2\/product\/25506","targetHints":{"allow":["GET"]}}],"collection":[{"href":"https:\/\/repliquemangacine.fr\/it\/wp-json\/wp\/v2\/product"}],"about":[{"href":"https:\/\/repliquemangacine.fr\/it\/wp-json\/wp\/v2\/types\/product"}],"wp:featuredmedia":[{"embeddable":true,"href":"https:\/\/repliquemangacine.fr\/it\/wp-json\/wp\/v2\/media\/25507"}],"wp:attachment":[{"href":"https:\/\/repliquemangacine.fr\/it\/wp-json\/wp\/v2\/media?parent=25506"}],"wp:term":[{"taxonomy":"product_brand","embeddable":true,"href":"https:\/\/repliquemangacine.fr\/it\/wp-json\/wp\/v2\/product_brand?post=25506"},{"taxonomy":"product_cat","embeddable":true,"href":"https:\/\/repliquemangacine.fr\/it\/wp-json\/wp\/v2\/product_cat?post=25506"},{"taxonomy":"product_tag","embeddable":true,"href":"https:\/\/repliquemangacine.fr\/it\/wp-json\/wp\/v2\/product_tag?post=25506"}],"curies":[{"name":"wp","href":"https:\/\/api.w.org\/{rel}","templated":true}]}}