





{"id":25499,"date":"2016-09-07T15:44:17","date_gmt":"2016-09-07T13:44:17","guid":{"rendered":"https:\/\/repliquemangacine.fr\/?post_type=product&#038;p=25499"},"modified":"2026-04-02T22:31:04","modified_gmt":"2026-04-02T20:31:04","slug":"pugnale-a-lama-vorpal-alice-follia-ritorna","status":"publish","type":"product","link":"https:\/\/repliquemangacine.fr\/it\/katana-et-epee-de-jeux-video-autre-jeux-video\/poignard-vorpal-blade-alice-madness-returns\/","title":{"rendered":"Lama Vorpal Alice Madness Returns"},"content":{"rendered":"<h2>Lama Vorpal Alice Madness Returns<\/h2>\n<p>Per cominciare, il pugnale <strong>Lama Vorpal Alice<\/strong> \u00e8 identico al videogioco.<\/p>\n<p>Alice scopre la lama Vorpal inserita nello scheletro del Jabberwock. Ha ancora il suo <a href=\"https:\/\/alice.fandom.com\/wiki\/Vorpal_Blade\" target=\"_blank\" rel=\"noopener noreferrer\">Vorpal<\/a> con lei. Per prima cosa ha usato la pistola per tagliare i fili del palloncino Cheshire.<\/p>\n<p>Per celebrare l'uscita del videogioco Alice: Madness Returns, Grey Haddock e Zane Rutledge hanno deciso di creare un filmato live-action che potete vedere su youtube. \u00c8 possibile vedere chiaramente la Vorpal Blade.<\/p>\n<p>A differenza di altre armi, il suo aspetto non cambia quando viene potenziato. Tuttavia, la scia di luce lasciata quando si brandisce cambia, le incisioni floreali sulla lama si illuminano costantemente di blu a partire dal livello 2 e la velocit\u00e0 e il numero di colpi aumentano.<\/p>\n<h2>La tua Lama Vorpal Alice al miglior prezzo.<\/h2>\n<p>Offriamo un'ampia gamma di repliche di armi per videogiochi.<\/p>\n<p>Innanzitutto,<\/p>\n<ul>\n<li>L'<a href=\"https:\/\/repliquemangacine.fr\/it\/katana-e-spada-videogiochi-altri-videogiochi\/epee-de-diluc-genshin-impact-wolfs-graveston\/\">Spada Diluc<\/a> nel videogioco Genshin Impact, interamente in fibra di vetro.<\/li>\n<li>Cos\u00ec come il <a href=\"https:\/\/repliquemangacine.fr\/it\/katana-e-spada-videogiochi-altri-videogiochi\/katana-sakai-fantasma-di-tsushima\/\">Katana Saka\u00ef<\/a> in Ghost of Tsushima<\/li>\n<li>C'\u00e8 anche L'<a href=\"https:\/\/repliquemangacine.fr\/it\/bilanci\/farfalla-dota-2-spada\/\">Spada a farfalla<\/a> in Dota 2 con la sua guardia a farfalla.<\/li>\n<li>E molti altri da scoprire nel nostro negozio online!<\/li>\n<\/ul>\n<p>Ecco un'ottima idea regalo per i fan del videogioco Alice Madness returns.<\/p>\n<p>In conclusione, \u00e8 possibile utilizzarlo anche <strong>Lama Vorpal Alice<\/strong> per le vostre sfilate di cosplay. Ma soprattutto, questo pugnale \u00e8 un oggetto da collezione e un pezzo decorativo.<\/p>\n<h2>Come si mantiene la lama del pugnale Alice?<\/h2>\n<p>I coltelli da collezione e decorativi sono fabbricati e assemblati in modo semplificato. Essendo destinati a scopi decorativi, non dispongono degli elementi di sicurezza necessari per una spada giapponese destinata all'allenamento.<\/p>\n<p>Tuttavia, il vostro <strong>Lama Vorpal Alice<\/strong> a una lama d'acciaio che deve essere curata per evitare che si danneggi nel tempo. Quando si espone la katana, gli amici saranno curiosi di vedere la lama e di toccarla. \u00c8 qui che bisogna fare attenzione, perch\u00e9 l'acidit\u00e0 delle dita \u00e8 molto dannosa per l'acciaio, indipendentemente dalla sua qualit\u00e0.<\/p>\n<p>Tuttavia, se ci\u00f2 dovesse accadere, niente panico: basta un panno inumidito con un po' d'olio per eliminare le impronte. In questo modo, la spada durer\u00e0 a lungo.<\/p>","protected":false},"excerpt":{"rendered":"<p>La lama Vorpal \u00e8 veloce e scattante, questo pugnale Alice \u00e8 una meraviglia!<\/p>\n<ul>\n<li>Lama in acciaio inossidabile incisa.<\/li>\n<li>Manico in metallo con finitura bronzo e incisione.<\/li>\n<li>Espositore in legno.<\/li>\n<li>Lunghezza lama: 32 cm - Lunghezza totale: 45 cm - Peso totale: 800 gr.<\/li>\n<\/ul>\n<p><strong>\u00a0<\/strong><\/p>","protected":false},"featured_media":25500,"template":"","meta":[],"product_brand":[896],"product_cat":[23,67],"product_tag":[],"class_list":{"0":"post-25499","1":"product","2":"type-product","3":"status-publish","4":"has-post-thumbnail","6":"product_brand-replique-manga-cine","7":"product_cat-repliques-manga-jeux-video","8":"product_cat-katana-et-epee-de-jeux-video-autre-jeux-video","10":"first","11":"instock","12":"taxable","13":"shipping-taxable","14":"purchasable","15":"product-type-simple"},"yoast_head":"<!-- This site is optimized with the Yoast SEO plugin v27.4 - https:\/\/yoast.com\/product\/yoast-seo-wordpress\/ -->\n<title>Vorpal Blade Alice - Poignard Alice Madness Returns | RMC<\/title>\n<meta name=\"description\" content=\"Offrez-vous le poignard Vorpal Blade dans Alice Madness Returns. Lame et poign\u00e9e en acier grav\u00e9e. Longueur totale : 45 cm - Envoi 24\/48h\" \/>\n<meta name=\"robots\" content=\"index, follow, max-snippet:-1, max-image-preview:large, max-video-preview:-1\" \/>\n<link rel=\"canonical\" href=\"https:\/\/repliquemangacine.fr\/it\/katana-e-spada-videogiochi-altri-videogiochi\/pugnale-a-lama-vorpal-alice-follia-ritorna\/\" \/>\n<meta property=\"og:locale\" content=\"it_IT\" \/>\n<meta property=\"og:type\" content=\"article\" \/>\n<meta property=\"og:title\" content=\"Vorpal Blade Alice - Poignard Alice Madness Returns | RMC\" \/>\n<meta property=\"og:description\" content=\"Offrez-vous le poignard Vorpal Blade dans Alice Madness Returns. Lame et poign\u00e9e en acier grav\u00e9e. Longueur totale : 45 cm - Envoi 24\/48h\" \/>\n<meta property=\"og:url\" content=\"https:\/\/repliquemangacine.fr\/it\/katana-e-spada-videogiochi-altri-videogiochi\/pugnale-a-lama-vorpal-alice-follia-ritorna\/\" \/>\n<meta property=\"og:site_name\" content=\"R\u00e9plique Manga Cin\u00e9\" \/>\n<meta property=\"article:publisher\" content=\"https:\/\/www.facebook.com\/RepliqueMangaCine\" \/>\n<meta property=\"article:modified_time\" content=\"2026-04-02T20:31:04+00:00\" \/>\n<meta property=\"og:image\" content=\"https:\/\/repliquemangacine.fr\/wp-content\/uploads\/2023\/10\/282-Poignard-Vorpal-Blade-Alice-Madness-Returns.jpg\" \/>\n\t<meta property=\"og:image:width\" content=\"800\" \/>\n\t<meta property=\"og:image:height\" content=\"800\" \/>\n\t<meta property=\"og:image:type\" content=\"image\/jpeg\" \/>\n<meta name=\"twitter:card\" content=\"summary_large_image\" \/>\n<meta name=\"twitter:label1\" content=\"Tempo di lettura stimato\" \/>\n\t<meta name=\"twitter:data1\" content=\"3 minuti\" \/>\n<script type=\"application\/ld+json\" class=\"yoast-schema-graph\">{\"@context\":\"https:\\\/\\\/schema.org\",\"@graph\":[{\"@type\":\"WebPage\",\"@id\":\"https:\\\/\\\/repliquemangacine.fr\\\/katana-et-epee-de-jeux-video-autre-jeux-video\\\/poignard-vorpal-blade-alice-madness-returns\\\/\",\"url\":\"https:\\\/\\\/repliquemangacine.fr\\\/katana-et-epee-de-jeux-video-autre-jeux-video\\\/poignard-vorpal-blade-alice-madness-returns\\\/\",\"name\":\"Vorpal Blade Alice - Poignard Alice Madness Returns | RMC\",\"isPartOf\":{\"@id\":\"https:\\\/\\\/repliquemangacine.fr\\\/#website\"},\"primaryImageOfPage\":{\"@id\":\"https:\\\/\\\/repliquemangacine.fr\\\/katana-et-epee-de-jeux-video-autre-jeux-video\\\/poignard-vorpal-blade-alice-madness-returns\\\/#primaryimage\"},\"image\":{\"@id\":\"https:\\\/\\\/repliquemangacine.fr\\\/katana-et-epee-de-jeux-video-autre-jeux-video\\\/poignard-vorpal-blade-alice-madness-returns\\\/#primaryimage\"},\"thumbnailUrl\":\"https:\\\/\\\/repliquemangacine.fr\\\/wp-content\\\/uploads\\\/2023\\\/10\\\/282-Poignard-Vorpal-Blade-Alice-Madness-Returns.jpg\",\"datePublished\":\"2016-09-07T13:44:17+00:00\",\"dateModified\":\"2026-04-02T20:31:04+00:00\",\"description\":\"Offrez-vous le poignard Vorpal Blade dans Alice Madness Returns. Lame et poign\u00e9e en acier grav\u00e9e. Longueur totale : 45 cm - Envoi 24\\\/48h\",\"breadcrumb\":{\"@id\":\"https:\\\/\\\/repliquemangacine.fr\\\/katana-et-epee-de-jeux-video-autre-jeux-video\\\/poignard-vorpal-blade-alice-madness-returns\\\/#breadcrumb\"},\"inLanguage\":\"it-IT\",\"potentialAction\":[{\"@type\":\"ReadAction\",\"target\":[\"https:\\\/\\\/repliquemangacine.fr\\\/katana-et-epee-de-jeux-video-autre-jeux-video\\\/poignard-vorpal-blade-alice-madness-returns\\\/\"]}]},{\"@type\":\"ImageObject\",\"inLanguage\":\"it-IT\",\"@id\":\"https:\\\/\\\/repliquemangacine.fr\\\/katana-et-epee-de-jeux-video-autre-jeux-video\\\/poignard-vorpal-blade-alice-madness-returns\\\/#primaryimage\",\"url\":\"https:\\\/\\\/repliquemangacine.fr\\\/wp-content\\\/uploads\\\/2023\\\/10\\\/282-Poignard-Vorpal-Blade-Alice-Madness-Returns.jpg\",\"contentUrl\":\"https:\\\/\\\/repliquemangacine.fr\\\/wp-content\\\/uploads\\\/2023\\\/10\\\/282-Poignard-Vorpal-Blade-Alice-Madness-Returns.jpg\",\"width\":800,\"height\":800,\"caption\":\"Poignard Vorpal Blade - Alice Madness Returns\"},{\"@type\":\"BreadcrumbList\",\"@id\":\"https:\\\/\\\/repliquemangacine.fr\\\/katana-et-epee-de-jeux-video-autre-jeux-video\\\/poignard-vorpal-blade-alice-madness-returns\\\/#breadcrumb\",\"itemListElement\":[{\"@type\":\"ListItem\",\"position\":1,\"name\":\"Accueil\",\"item\":\"https:\\\/\\\/repliquemangacine.fr\\\/\"},{\"@type\":\"ListItem\",\"position\":2,\"name\":\"Produits\",\"item\":\"https:\\\/\\\/repliquemangacine.fr\\\/boutique\\\/\"},{\"@type\":\"ListItem\",\"position\":3,\"name\":\"Vorpal Blade Alice Madness Returns\"}]},{\"@type\":\"WebSite\",\"@id\":\"https:\\\/\\\/repliquemangacine.fr\\\/#website\",\"url\":\"https:\\\/\\\/repliquemangacine.fr\\\/\",\"name\":\"R\u00e9plique Manga Cin\u00e9\",\"description\":\"\",\"publisher\":{\"@id\":\"https:\\\/\\\/repliquemangacine.fr\\\/#organization\"},\"potentialAction\":[{\"@type\":\"SearchAction\",\"target\":{\"@type\":\"EntryPoint\",\"urlTemplate\":\"https:\\\/\\\/repliquemangacine.fr\\\/?s={search_term_string}\"},\"query-input\":{\"@type\":\"PropertyValueSpecification\",\"valueRequired\":true,\"valueName\":\"search_term_string\"}}],\"inLanguage\":\"it-IT\"},{\"@type\":\"Organization\",\"@id\":\"https:\\\/\\\/repliquemangacine.fr\\\/#organization\",\"name\":\"R\u00e9plique Manga Cin\u00e9\",\"url\":\"https:\\\/\\\/repliquemangacine.fr\\\/\",\"logo\":{\"@type\":\"ImageObject\",\"inLanguage\":\"it-IT\",\"@id\":\"https:\\\/\\\/repliquemangacine.fr\\\/#\\\/schema\\\/logo\\\/image\\\/\",\"url\":\"https:\\\/\\\/repliquemangacine.fr\\\/wp-content\\\/uploads\\\/2023\\\/10\\\/RMC-500250.png\",\"contentUrl\":\"https:\\\/\\\/repliquemangacine.fr\\\/wp-content\\\/uploads\\\/2023\\\/10\\\/RMC-500250.png\",\"width\":500,\"height\":250,\"caption\":\"R\u00e9plique Manga Cin\u00e9\"},\"image\":{\"@id\":\"https:\\\/\\\/repliquemangacine.fr\\\/#\\\/schema\\\/logo\\\/image\\\/\"},\"sameAs\":[\"https:\\\/\\\/www.facebook.com\\\/RepliqueMangaCine\",\"https:\\\/\\\/www.instagram.com\\\/repliquemangacine.fr\\\/\"]}]}<\/script>\n<!-- \/ Yoast SEO plugin. -->","yoast_head_json":{"title":"Lama Vorpal Alice - Il ritorno della follia di Dagger Alice | RMC","description":"Regalatevi il pugnale Vorpal Blade di Alice Madness Returns. Lama e impugnatura in acciaio inciso. Lunghezza totale: 45 cm - Spedizione 24\/48h","robots":{"index":"index","follow":"follow","max-snippet":"max-snippet:-1","max-image-preview":"max-image-preview:large","max-video-preview":"max-video-preview:-1"},"canonical":"https:\/\/repliquemangacine.fr\/it\/katana-e-spada-videogiochi-altri-videogiochi\/pugnale-a-lama-vorpal-alice-follia-ritorna\/","og_locale":"it_IT","og_type":"article","og_title":"Vorpal Blade Alice - Poignard Alice Madness Returns | RMC","og_description":"Offrez-vous le poignard Vorpal Blade dans Alice Madness Returns. Lame et poign\u00e9e en acier grav\u00e9e. Longueur totale : 45 cm - Envoi 24\/48h","og_url":"https:\/\/repliquemangacine.fr\/it\/katana-e-spada-videogiochi-altri-videogiochi\/pugnale-a-lama-vorpal-alice-follia-ritorna\/","og_site_name":"R\u00e9plique Manga Cin\u00e9","article_publisher":"https:\/\/www.facebook.com\/RepliqueMangaCine","article_modified_time":"2026-04-02T20:31:04+00:00","og_image":[{"width":800,"height":800,"url":"https:\/\/repliquemangacine.fr\/wp-content\/uploads\/2023\/10\/282-Poignard-Vorpal-Blade-Alice-Madness-Returns.jpg","type":"image\/jpeg"}],"twitter_card":"summary_large_image","twitter_misc":{"Tempo di lettura stimato":"3 minuti"},"schema":{"@context":"https:\/\/schema.org","@graph":[{"@type":"WebPage","@id":"https:\/\/repliquemangacine.fr\/katana-et-epee-de-jeux-video-autre-jeux-video\/poignard-vorpal-blade-alice-madness-returns\/","url":"https:\/\/repliquemangacine.fr\/katana-et-epee-de-jeux-video-autre-jeux-video\/poignard-vorpal-blade-alice-madness-returns\/","name":"Lama Vorpal Alice - Il ritorno della follia di Dagger Alice | RMC","isPartOf":{"@id":"https:\/\/repliquemangacine.fr\/#website"},"primaryImageOfPage":{"@id":"https:\/\/repliquemangacine.fr\/katana-et-epee-de-jeux-video-autre-jeux-video\/poignard-vorpal-blade-alice-madness-returns\/#primaryimage"},"image":{"@id":"https:\/\/repliquemangacine.fr\/katana-et-epee-de-jeux-video-autre-jeux-video\/poignard-vorpal-blade-alice-madness-returns\/#primaryimage"},"thumbnailUrl":"https:\/\/repliquemangacine.fr\/wp-content\/uploads\/2023\/10\/282-Poignard-Vorpal-Blade-Alice-Madness-Returns.jpg","datePublished":"2016-09-07T13:44:17+00:00","dateModified":"2026-04-02T20:31:04+00:00","description":"Regalatevi il pugnale Vorpal Blade di Alice Madness Returns. Lama e impugnatura in acciaio inciso. Lunghezza totale: 45 cm - Spedizione 24\/48h","breadcrumb":{"@id":"https:\/\/repliquemangacine.fr\/katana-et-epee-de-jeux-video-autre-jeux-video\/poignard-vorpal-blade-alice-madness-returns\/#breadcrumb"},"inLanguage":"it-IT","potentialAction":[{"@type":"ReadAction","target":["https:\/\/repliquemangacine.fr\/katana-et-epee-de-jeux-video-autre-jeux-video\/poignard-vorpal-blade-alice-madness-returns\/"]}]},{"@type":"ImageObject","inLanguage":"it-IT","@id":"https:\/\/repliquemangacine.fr\/katana-et-epee-de-jeux-video-autre-jeux-video\/poignard-vorpal-blade-alice-madness-returns\/#primaryimage","url":"https:\/\/repliquemangacine.fr\/wp-content\/uploads\/2023\/10\/282-Poignard-Vorpal-Blade-Alice-Madness-Returns.jpg","contentUrl":"https:\/\/repliquemangacine.fr\/wp-content\/uploads\/2023\/10\/282-Poignard-Vorpal-Blade-Alice-Madness-Returns.jpg","width":800,"height":800,"caption":"Poignard Vorpal Blade - Alice Madness Returns"},{"@type":"BreadcrumbList","@id":"https:\/\/repliquemangacine.fr\/katana-et-epee-de-jeux-video-autre-jeux-video\/poignard-vorpal-blade-alice-madness-returns\/#breadcrumb","itemListElement":[{"@type":"ListItem","position":1,"name":"Accueil","item":"https:\/\/repliquemangacine.fr\/"},{"@type":"ListItem","position":2,"name":"Produits","item":"https:\/\/repliquemangacine.fr\/boutique\/"},{"@type":"ListItem","position":3,"name":"Vorpal Blade Alice Madness Returns"}]},{"@type":"WebSite","@id":"https:\/\/repliquemangacine.fr\/#website","url":"https:\/\/repliquemangacine.fr\/","name":"R\u00e9plique Manga Cin\u00e9","description":"","publisher":{"@id":"https:\/\/repliquemangacine.fr\/#organization"},"potentialAction":[{"@type":"SearchAction","target":{"@type":"EntryPoint","urlTemplate":"https:\/\/repliquemangacine.fr\/?s={search_term_string}"},"query-input":{"@type":"PropertyValueSpecification","valueRequired":true,"valueName":"search_term_string"}}],"inLanguage":"it-IT"},{"@type":"Organization","@id":"https:\/\/repliquemangacine.fr\/#organization","name":"R\u00e9plique Manga Cin\u00e9","url":"https:\/\/repliquemangacine.fr\/","logo":{"@type":"ImageObject","inLanguage":"it-IT","@id":"https:\/\/repliquemangacine.fr\/#\/schema\/logo\/image\/","url":"https:\/\/repliquemangacine.fr\/wp-content\/uploads\/2023\/10\/RMC-500250.png","contentUrl":"https:\/\/repliquemangacine.fr\/wp-content\/uploads\/2023\/10\/RMC-500250.png","width":500,"height":250,"caption":"R\u00e9plique Manga Cin\u00e9"},"image":{"@id":"https:\/\/repliquemangacine.fr\/#\/schema\/logo\/image\/"},"sameAs":["https:\/\/www.facebook.com\/RepliqueMangaCine","https:\/\/www.instagram.com\/repliquemangacine.fr\/"]}]}},"_links":{"self":[{"href":"https:\/\/repliquemangacine.fr\/it\/wp-json\/wp\/v2\/product\/25499","targetHints":{"allow":["GET"]}}],"collection":[{"href":"https:\/\/repliquemangacine.fr\/it\/wp-json\/wp\/v2\/product"}],"about":[{"href":"https:\/\/repliquemangacine.fr\/it\/wp-json\/wp\/v2\/types\/product"}],"wp:featuredmedia":[{"embeddable":true,"href":"https:\/\/repliquemangacine.fr\/it\/wp-json\/wp\/v2\/media\/25500"}],"wp:attachment":[{"href":"https:\/\/repliquemangacine.fr\/it\/wp-json\/wp\/v2\/media?parent=25499"}],"wp:term":[{"taxonomy":"product_brand","embeddable":true,"href":"https:\/\/repliquemangacine.fr\/it\/wp-json\/wp\/v2\/product_brand?post=25499"},{"taxonomy":"product_cat","embeddable":true,"href":"https:\/\/repliquemangacine.fr\/it\/wp-json\/wp\/v2\/product_cat?post=25499"},{"taxonomy":"product_tag","embeddable":true,"href":"https:\/\/repliquemangacine.fr\/it\/wp-json\/wp\/v2\/product_tag?post=25499"}],"curies":[{"name":"wp","href":"https:\/\/api.w.org\/{rel}","templated":true}]}}