





{"id":25469,"date":"2016-09-04T20:31:29","date_gmt":"2016-09-04T18:31:29","guid":{"rendered":"https:\/\/repliquemangacine.fr\/?post_type=product&#038;p=25469"},"modified":"2025-09-25T16:55:50","modified_gmt":"2025-09-25T14:55:50","slug":"kirito-canzone-perduta-spada-lunga-blu-alfheim-on-line","status":"publish","type":"product","link":"https:\/\/repliquemangacine.fr\/it\/epee-sword-art-online\/epee-kirito-lost-song-longue-epee-bleu-alfheim-online\/","title":{"rendered":"Spada Kirito Canzone perduta"},"content":{"rendered":"<h2>La Spada di Kirito - Canzone perduta - Alfheim Online<\/h2>\n<p>Per cominciare, il<strong>La spada di Kirito - Canzone perduta<\/strong> chiamata Spada Lunga Blu si riferisce alla spada secondaria senza nome che Kirito usa in Alfheim Online.<\/p>\n<p>Usata con la \u201cSpada lunga nera\u201d senza nome da Kirito durante gli eventi di Calibur. In seguito \u00e8 stata sostituita dalla \u2019Sacra Spada Excalibur\u00ab.<\/p>\n<p>La <a href=\"https:\/\/sword-art-online.fandom.com\/fr\/wiki\/Longue_\u00e9p\u00e9e_bleu\" target=\"_blank\" rel=\"noopener noreferrer\">Spada lunga blu<\/a> \u00e8 la seconda spada utilizzata per l'abilit\u00e0 fuori sistema \u201cConnect\u201d di Kirito. In effetti, una spada simile chiamata \u201cDivinazione\u201d \u00e8 ottenibile in Lost Song.<\/p>\n<p>La Spada della Canzone Perduta di Kirito, nota come \u201cSpada Blu Lunga\u201d, \u00e8 stata lasciata cadere dal boss al 15\u1d49 piano di New Aincrad.<\/p>\n<p>ALfheim Online (ALO) \u00e8 il 2\u1d49 VRMMORPG - dopo Sword Art Online - a cui gioca Kirito. In questo gioco, l'obiettivo principale di Kazuto sar\u00e0 quello di salvare Asuna. Prigioniera di un uomo di nome Sugou Nobuyuki (alias Oberon) che si d\u00e0 il caso sia il sovrano di questo mondo.<\/p>\n<h2>Your Sword of Kirito Lost Song al miglior prezzo.<\/h2>\n<p>Vi proponiamo tutte le repliche del videogioco Sword Art Online - Alfheim Online<\/p>\n<p>Innanzitutto,<\/p>\n<ul>\n<li>L'<a href=\"https:\/\/repliquemangacine.fr\/it\/sword-art-online-2\/epee-elucidator-kirito-sao\/\">Spada elucidatrice<\/a> arma principale di kirito con Dark Repulser<\/li>\n<li>Cos\u00ec come <a href=\"https:\/\/repliquemangacine.fr\/it\/sword-art-online-2\/spada-lambent-light-rapiere-asuna-sao\/\">Luce lambente<\/a> la spada a una mano di Asuna in Sword Art Online (SAO).<\/li>\n<li>C'\u00e8 anche la spada <a href=\"https:\/\/repliquemangacine.fr\/it\/sword-art-online-2\/kirito-sao-spada-repulsore-scuro\/\">Repulsore oscuro<\/a>una delle due spade di Kirito.<\/li>\n<li>E molti altri da scoprire nel nostro negozio online!<\/li>\n<\/ul>\n<p>Ecco quindi alcune ottime idee regalo per i fan di Sword Art Online.<\/p>\n<p>In conclusione, \u00e8 possibile utilizzare questo <strong>La spada di Kirito - Canzone perduta<\/strong> per le vostre sfilate cosplay o serate a tema. Ma soprattutto, questa spada a una mano di Kirito \u00e8 anche un oggetto da collezione e un pezzo decorativo.<\/p>\n<h2>Come faccio a mantenere la lama della mia spada di Sword Art Online?<\/h2>\n<p>Le spade da collezione e decorative sono realizzate e assemblate in modo semplificato. Poich\u00e9 il loro uso \u00e8 decorativo, non hanno le caratteristiche di sicurezza richieste per una spada giapponese destinata all'allenamento.<\/p>\n<p>Tuttavia, il vostro <strong>La spada di Kirito - Canzone perduta<\/strong> a una lama d'acciaio che deve essere curata per evitare che si danneggi nel tempo. Quando si espone la katana, gli amici saranno curiosi di vedere la lama e di toccarla. \u00c8 qui che bisogna fare attenzione, perch\u00e9 l'acidit\u00e0 delle dita \u00e8 molto dannosa per l'acciaio, indipendentemente dalla sua qualit\u00e0.<\/p>\n<p>Tuttavia, se ci\u00f2 dovesse accadere, niente panico: basta un panno inumidito con un po' d'olio per eliminare le impronte. In questo modo, la spada durer\u00e0 a lungo.<\/p>","protected":false},"excerpt":{"rendered":"<p>La spada lunga blu turchese si riferisce alla spada secondaria senza nome di Kirito in Alfheim Online - Sword art Online Lost Song.<\/p>\n<ul>\n<li>Lama in metallo turchese.<\/li>\n<li>Manico in metallo rivestito in similpelle nera.<\/li>\n<li>Protezione in metallo con pietra in resina blu.<\/li>\n<li>Fodero in similpelle<\/li>\n<li>Lunghezza totale: 120 cm<\/li>\n<\/ul>\n<p><iframe title=\"Lettore video di YouTube\" src=\"https:\/\/www.youtube.com\/embed\/2ziCsI2iFFk\" width=\"560\" height=\"315\" frameborder=\"0\" allowfullscreen=\"allowfullscreen\"><\/iframe><\/p>","protected":false},"featured_media":25470,"template":"","meta":[],"product_brand":[896],"product_cat":[23,53],"product_tag":[],"class_list":{"0":"post-25469","1":"product","2":"type-product","3":"status-publish","4":"has-post-thumbnail","6":"product_brand-replique-manga-cine","7":"product_cat-repliques-manga-jeux-video","8":"product_cat-epee-sword-art-online","10":"first","11":"instock","12":"taxable","13":"shipping-taxable","14":"purchasable","15":"product-type-simple"},"yoast_head":"<!-- This site is optimized with the Yoast SEO plugin v27.4 - https:\/\/yoast.com\/product\/yoast-seo-wordpress\/ -->\n<title>Ep\u00e9e de Kirito Lost Song - SAO - Boutique en ligne | RMC<\/title>\n<meta name=\"description\" content=\"Achetez vite ! L&#039;Ep\u00e9e kirito Lost Song dans Alfheim Online au meilleur prix - Lame acier - Echelle 1\/1 - Longueur totale\u00a0: 120 cm - Envoi 24\/48h\" \/>\n<meta name=\"robots\" content=\"index, follow, max-snippet:-1, max-image-preview:large, max-video-preview:-1\" \/>\n<link rel=\"canonical\" href=\"https:\/\/repliquemangacine.fr\/it\/sword-art-online-2\/kirito-canzone-perduta-spada-lunga-blu-alfheim-on-line\/\" \/>\n<meta property=\"og:locale\" content=\"it_IT\" \/>\n<meta property=\"og:type\" content=\"article\" \/>\n<meta property=\"og:title\" content=\"Ep\u00e9e de Kirito Lost Song - SAO - Boutique en ligne | RMC\" \/>\n<meta property=\"og:description\" content=\"Achetez vite ! L&#039;Ep\u00e9e kirito Lost Song dans Alfheim Online au meilleur prix - Lame acier - Echelle 1\/1 - Longueur totale\u00a0: 120 cm - Envoi 24\/48h\" \/>\n<meta property=\"og:url\" content=\"https:\/\/repliquemangacine.fr\/it\/sword-art-online-2\/kirito-canzone-perduta-spada-lunga-blu-alfheim-on-line\/\" \/>\n<meta property=\"og:site_name\" content=\"R\u00e9plique Manga Cin\u00e9\" \/>\n<meta property=\"article:publisher\" content=\"https:\/\/www.facebook.com\/RepliqueMangaCine\" \/>\n<meta property=\"article:modified_time\" content=\"2025-09-25T14:55:50+00:00\" \/>\n<meta property=\"og:image\" content=\"https:\/\/repliquemangacine.fr\/wp-content\/uploads\/2023\/10\/252-Epee-longue-Kirito-ALfheim-Online.jpg\" \/>\n\t<meta property=\"og:image:width\" content=\"800\" \/>\n\t<meta property=\"og:image:height\" content=\"800\" \/>\n\t<meta property=\"og:image:type\" content=\"image\/jpeg\" \/>\n<meta name=\"twitter:card\" content=\"summary_large_image\" \/>\n<meta name=\"twitter:label1\" content=\"Tempo di lettura stimato\" \/>\n\t<meta name=\"twitter:data1\" content=\"3 minuti\" \/>\n<script type=\"application\/ld+json\" class=\"yoast-schema-graph\">{\"@context\":\"https:\\\/\\\/schema.org\",\"@graph\":[{\"@type\":\"WebPage\",\"@id\":\"https:\\\/\\\/repliquemangacine.fr\\\/epee-sword-art-online\\\/epee-kirito-lost-song-longue-epee-bleu-alfheim-online\\\/\",\"url\":\"https:\\\/\\\/repliquemangacine.fr\\\/epee-sword-art-online\\\/epee-kirito-lost-song-longue-epee-bleu-alfheim-online\\\/\",\"name\":\"Ep\u00e9e de Kirito Lost Song - SAO - Boutique en ligne | RMC\",\"isPartOf\":{\"@id\":\"https:\\\/\\\/repliquemangacine.fr\\\/#website\"},\"primaryImageOfPage\":{\"@id\":\"https:\\\/\\\/repliquemangacine.fr\\\/epee-sword-art-online\\\/epee-kirito-lost-song-longue-epee-bleu-alfheim-online\\\/#primaryimage\"},\"image\":{\"@id\":\"https:\\\/\\\/repliquemangacine.fr\\\/epee-sword-art-online\\\/epee-kirito-lost-song-longue-epee-bleu-alfheim-online\\\/#primaryimage\"},\"thumbnailUrl\":\"https:\\\/\\\/repliquemangacine.fr\\\/wp-content\\\/uploads\\\/2023\\\/10\\\/252-Epee-longue-Kirito-ALfheim-Online.jpg\",\"datePublished\":\"2016-09-04T18:31:29+00:00\",\"dateModified\":\"2025-09-25T14:55:50+00:00\",\"description\":\"Achetez vite ! L'Ep\u00e9e kirito Lost Song dans Alfheim Online au meilleur prix - Lame acier - Echelle 1\\\/1 - Longueur totale\u00a0: 120 cm - Envoi 24\\\/48h\",\"breadcrumb\":{\"@id\":\"https:\\\/\\\/repliquemangacine.fr\\\/epee-sword-art-online\\\/epee-kirito-lost-song-longue-epee-bleu-alfheim-online\\\/#breadcrumb\"},\"inLanguage\":\"it-IT\",\"potentialAction\":[{\"@type\":\"ReadAction\",\"target\":[\"https:\\\/\\\/repliquemangacine.fr\\\/epee-sword-art-online\\\/epee-kirito-lost-song-longue-epee-bleu-alfheim-online\\\/\"]}]},{\"@type\":\"ImageObject\",\"inLanguage\":\"it-IT\",\"@id\":\"https:\\\/\\\/repliquemangacine.fr\\\/epee-sword-art-online\\\/epee-kirito-lost-song-longue-epee-bleu-alfheim-online\\\/#primaryimage\",\"url\":\"https:\\\/\\\/repliquemangacine.fr\\\/wp-content\\\/uploads\\\/2023\\\/10\\\/252-Epee-longue-Kirito-ALfheim-Online.jpg\",\"contentUrl\":\"https:\\\/\\\/repliquemangacine.fr\\\/wp-content\\\/uploads\\\/2023\\\/10\\\/252-Epee-longue-Kirito-ALfheim-Online.jpg\",\"width\":800,\"height\":800,\"caption\":\"Ep\u00e9e longue Kirito ALfheim Online\"},{\"@type\":\"BreadcrumbList\",\"@id\":\"https:\\\/\\\/repliquemangacine.fr\\\/epee-sword-art-online\\\/epee-kirito-lost-song-longue-epee-bleu-alfheim-online\\\/#breadcrumb\",\"itemListElement\":[{\"@type\":\"ListItem\",\"position\":1,\"name\":\"Accueil\",\"item\":\"https:\\\/\\\/repliquemangacine.fr\\\/\"},{\"@type\":\"ListItem\",\"position\":2,\"name\":\"Produits\",\"item\":\"https:\\\/\\\/repliquemangacine.fr\\\/boutique\\\/\"},{\"@type\":\"ListItem\",\"position\":3,\"name\":\"Ep\u00e9e Kirito Lost Song\"}]},{\"@type\":\"WebSite\",\"@id\":\"https:\\\/\\\/repliquemangacine.fr\\\/#website\",\"url\":\"https:\\\/\\\/repliquemangacine.fr\\\/\",\"name\":\"R\u00e9plique Manga Cin\u00e9\",\"description\":\"\",\"publisher\":{\"@id\":\"https:\\\/\\\/repliquemangacine.fr\\\/#organization\"},\"potentialAction\":[{\"@type\":\"SearchAction\",\"target\":{\"@type\":\"EntryPoint\",\"urlTemplate\":\"https:\\\/\\\/repliquemangacine.fr\\\/?s={search_term_string}\"},\"query-input\":{\"@type\":\"PropertyValueSpecification\",\"valueRequired\":true,\"valueName\":\"search_term_string\"}}],\"inLanguage\":\"it-IT\"},{\"@type\":\"Organization\",\"@id\":\"https:\\\/\\\/repliquemangacine.fr\\\/#organization\",\"name\":\"R\u00e9plique Manga Cin\u00e9\",\"url\":\"https:\\\/\\\/repliquemangacine.fr\\\/\",\"logo\":{\"@type\":\"ImageObject\",\"inLanguage\":\"it-IT\",\"@id\":\"https:\\\/\\\/repliquemangacine.fr\\\/#\\\/schema\\\/logo\\\/image\\\/\",\"url\":\"https:\\\/\\\/repliquemangacine.fr\\\/wp-content\\\/uploads\\\/2023\\\/10\\\/RMC-500250.png\",\"contentUrl\":\"https:\\\/\\\/repliquemangacine.fr\\\/wp-content\\\/uploads\\\/2023\\\/10\\\/RMC-500250.png\",\"width\":500,\"height\":250,\"caption\":\"R\u00e9plique Manga Cin\u00e9\"},\"image\":{\"@id\":\"https:\\\/\\\/repliquemangacine.fr\\\/#\\\/schema\\\/logo\\\/image\\\/\"},\"sameAs\":[\"https:\\\/\\\/www.facebook.com\\\/RepliqueMangaCine\",\"https:\\\/\\\/www.instagram.com\\\/repliquemangacine.fr\\\/\"]}]}<\/script>\n<!-- \/ Yoast SEO plugin. -->","yoast_head_json":{"title":"Sword of Kirito Lost Song - SAO - Boutique en ligne | RMC","description":"Acquista ora! La Spada del Canto Perduto di kirito in Alfheim Online al miglior prezzo - Lama d'acciaio - Scala 1\/1 - Lunghezza totale: 120 cm - Consegna 24\/48h","robots":{"index":"index","follow":"follow","max-snippet":"max-snippet:-1","max-image-preview":"max-image-preview:large","max-video-preview":"max-video-preview:-1"},"canonical":"https:\/\/repliquemangacine.fr\/it\/sword-art-online-2\/kirito-canzone-perduta-spada-lunga-blu-alfheim-on-line\/","og_locale":"it_IT","og_type":"article","og_title":"Ep\u00e9e de Kirito Lost Song - SAO - Boutique en ligne | RMC","og_description":"Achetez vite ! L'Ep\u00e9e kirito Lost Song dans Alfheim Online au meilleur prix - Lame acier - Echelle 1\/1 - Longueur totale\u00a0: 120 cm - Envoi 24\/48h","og_url":"https:\/\/repliquemangacine.fr\/it\/sword-art-online-2\/kirito-canzone-perduta-spada-lunga-blu-alfheim-on-line\/","og_site_name":"R\u00e9plique Manga Cin\u00e9","article_publisher":"https:\/\/www.facebook.com\/RepliqueMangaCine","article_modified_time":"2025-09-25T14:55:50+00:00","og_image":[{"width":800,"height":800,"url":"https:\/\/repliquemangacine.fr\/wp-content\/uploads\/2023\/10\/252-Epee-longue-Kirito-ALfheim-Online.jpg","type":"image\/jpeg"}],"twitter_card":"summary_large_image","twitter_misc":{"Tempo di lettura stimato":"3 minuti"},"schema":{"@context":"https:\/\/schema.org","@graph":[{"@type":"WebPage","@id":"https:\/\/repliquemangacine.fr\/epee-sword-art-online\/epee-kirito-lost-song-longue-epee-bleu-alfheim-online\/","url":"https:\/\/repliquemangacine.fr\/epee-sword-art-online\/epee-kirito-lost-song-longue-epee-bleu-alfheim-online\/","name":"Sword of Kirito Lost Song - SAO - Boutique en ligne | RMC","isPartOf":{"@id":"https:\/\/repliquemangacine.fr\/#website"},"primaryImageOfPage":{"@id":"https:\/\/repliquemangacine.fr\/epee-sword-art-online\/epee-kirito-lost-song-longue-epee-bleu-alfheim-online\/#primaryimage"},"image":{"@id":"https:\/\/repliquemangacine.fr\/epee-sword-art-online\/epee-kirito-lost-song-longue-epee-bleu-alfheim-online\/#primaryimage"},"thumbnailUrl":"https:\/\/repliquemangacine.fr\/wp-content\/uploads\/2023\/10\/252-Epee-longue-Kirito-ALfheim-Online.jpg","datePublished":"2016-09-04T18:31:29+00:00","dateModified":"2025-09-25T14:55:50+00:00","description":"Acquista ora! La Spada del Canto Perduto di kirito in Alfheim Online al miglior prezzo - Lama d'acciaio - Scala 1\/1 - Lunghezza totale: 120 cm - Consegna 24\/48h","breadcrumb":{"@id":"https:\/\/repliquemangacine.fr\/epee-sword-art-online\/epee-kirito-lost-song-longue-epee-bleu-alfheim-online\/#breadcrumb"},"inLanguage":"it-IT","potentialAction":[{"@type":"ReadAction","target":["https:\/\/repliquemangacine.fr\/epee-sword-art-online\/epee-kirito-lost-song-longue-epee-bleu-alfheim-online\/"]}]},{"@type":"ImageObject","inLanguage":"it-IT","@id":"https:\/\/repliquemangacine.fr\/epee-sword-art-online\/epee-kirito-lost-song-longue-epee-bleu-alfheim-online\/#primaryimage","url":"https:\/\/repliquemangacine.fr\/wp-content\/uploads\/2023\/10\/252-Epee-longue-Kirito-ALfheim-Online.jpg","contentUrl":"https:\/\/repliquemangacine.fr\/wp-content\/uploads\/2023\/10\/252-Epee-longue-Kirito-ALfheim-Online.jpg","width":800,"height":800,"caption":"Ep\u00e9e longue Kirito ALfheim Online"},{"@type":"BreadcrumbList","@id":"https:\/\/repliquemangacine.fr\/epee-sword-art-online\/epee-kirito-lost-song-longue-epee-bleu-alfheim-online\/#breadcrumb","itemListElement":[{"@type":"ListItem","position":1,"name":"Accueil","item":"https:\/\/repliquemangacine.fr\/"},{"@type":"ListItem","position":2,"name":"Produits","item":"https:\/\/repliquemangacine.fr\/boutique\/"},{"@type":"ListItem","position":3,"name":"Ep\u00e9e Kirito Lost Song"}]},{"@type":"WebSite","@id":"https:\/\/repliquemangacine.fr\/#website","url":"https:\/\/repliquemangacine.fr\/","name":"R\u00e9plique Manga Cin\u00e9","description":"","publisher":{"@id":"https:\/\/repliquemangacine.fr\/#organization"},"potentialAction":[{"@type":"SearchAction","target":{"@type":"EntryPoint","urlTemplate":"https:\/\/repliquemangacine.fr\/?s={search_term_string}"},"query-input":{"@type":"PropertyValueSpecification","valueRequired":true,"valueName":"search_term_string"}}],"inLanguage":"it-IT"},{"@type":"Organization","@id":"https:\/\/repliquemangacine.fr\/#organization","name":"R\u00e9plique Manga Cin\u00e9","url":"https:\/\/repliquemangacine.fr\/","logo":{"@type":"ImageObject","inLanguage":"it-IT","@id":"https:\/\/repliquemangacine.fr\/#\/schema\/logo\/image\/","url":"https:\/\/repliquemangacine.fr\/wp-content\/uploads\/2023\/10\/RMC-500250.png","contentUrl":"https:\/\/repliquemangacine.fr\/wp-content\/uploads\/2023\/10\/RMC-500250.png","width":500,"height":250,"caption":"R\u00e9plique Manga Cin\u00e9"},"image":{"@id":"https:\/\/repliquemangacine.fr\/#\/schema\/logo\/image\/"},"sameAs":["https:\/\/www.facebook.com\/RepliqueMangaCine","https:\/\/www.instagram.com\/repliquemangacine.fr\/"]}]}},"_links":{"self":[{"href":"https:\/\/repliquemangacine.fr\/it\/wp-json\/wp\/v2\/product\/25469","targetHints":{"allow":["GET"]}}],"collection":[{"href":"https:\/\/repliquemangacine.fr\/it\/wp-json\/wp\/v2\/product"}],"about":[{"href":"https:\/\/repliquemangacine.fr\/it\/wp-json\/wp\/v2\/types\/product"}],"wp:featuredmedia":[{"embeddable":true,"href":"https:\/\/repliquemangacine.fr\/it\/wp-json\/wp\/v2\/media\/25470"}],"wp:attachment":[{"href":"https:\/\/repliquemangacine.fr\/it\/wp-json\/wp\/v2\/media?parent=25469"}],"wp:term":[{"taxonomy":"product_brand","embeddable":true,"href":"https:\/\/repliquemangacine.fr\/it\/wp-json\/wp\/v2\/product_brand?post=25469"},{"taxonomy":"product_cat","embeddable":true,"href":"https:\/\/repliquemangacine.fr\/it\/wp-json\/wp\/v2\/product_cat?post=25469"},{"taxonomy":"product_tag","embeddable":true,"href":"https:\/\/repliquemangacine.fr\/it\/wp-json\/wp\/v2\/product_tag?post=25469"}],"curies":[{"name":"wp","href":"https:\/\/api.w.org\/{rel}","templated":true}]}}