





{"id":25459,"date":"2016-09-01T17:49:56","date_gmt":"2016-09-01T15:49:56","guid":{"rendered":"https:\/\/repliquemangacine.fr\/?post_type=product&#038;p=25459"},"modified":"2026-04-14T12:15:03","modified_gmt":"2026-04-14T10:15:03","slug":"spada-lambent-light-rapiere-asuna-sao","status":"publish","type":"product","link":"https:\/\/repliquemangacine.fr\/it\/epee-sword-art-online\/epee-lambent-light-rapiere-asuna-sao\/","title":{"rendered":"Spada Lambent Light di Asuna"},"content":{"rendered":"<h2>Asuna Lambent Light sword in Sword Art Online.<\/h2>\n<p>Per cominciare, il<strong>Spada Lambent Light di Asuna<\/strong>, Questo, unito alla sua velocit\u00e0, le ha fatto guadagnare il soprannome di \u00abAsuna il fulmine\u00bb. Lisbeth ha potenziato la sua arma a +40. Asuna manterr\u00e0 questa spada fino alla fine di Sword Art Online.<\/p>\n<p>Asuna \u00e8 il personaggio femminile principale della serie e la compagna di Kirito. \u00c8 stata il sottocapo della gilda Brotherhood of Blood Knights in Sword Art Online. Il suo vero nome \u00e8 Asuna Yuuki ed \u00e8 la figlia dell'ex amministratore delegato della RECT Progress Inc.<\/p>\n<p>Infine, dopo essersi unita alla Confr\u00e9rie des Chevaliers, indossa l'uniforme rossa e bianca indossata da tutti i membri e brandisce un tirapugni forgiato da Lisbeth, chiamato il <a href=\"https:\/\/sword-art-online.fandom.com\/fr\/wiki\/Lambent_Light\" target=\"_blank\" rel=\"noopener noreferrer\">Luce lambente<\/a>. Le sue doti di pistolero gli sono valse il soprannome di \"The Flash\".<\/p>\n<h2>Il tuo Asuna Lambent Light Sword al miglior prezzo<\/h2>\n<p>Vi proponiamo tutte le battute dei vostri personaggi preferiti in questo videogioco di Sword Art Online.<\/p>\n<p>Innanzitutto,<\/p>\n<ul>\n<li>La spada <a href=\"https:\/\/repliquemangacine.fr\/it\/sword-art-online\/epee-elucidator-kirito-sao\/\">Elucidatore<\/a> arma principale di kirito con Dark Repulser<\/li>\n<li>Cos\u00ec come la spada <a href=\"https:\/\/repliquemangacine.fr\/it\/sword-art-online\/kirito-sao-spada-repulsore-scuro\/\">Repulsore oscuro<\/a> La seconda lama di Kirito.<\/li>\n<li>C'\u00e8 molto altro da scoprire nel nostro negozio online!<\/li>\n<\/ul>\n<p>Ecco quindi alcune ottime idee regalo per i fan di Sword Art Online.<\/p>\n<p>In conclusione, \u00e8 possibile utilizzare questo <strong>Spada Lambent Light di Asuna<\/strong> per le vostre sfilate di cosplay o serate a tema. Ma soprattutto, questa spada \u00e8 anche un oggetto da collezione e un pezzo decorativo.<\/p>\n<p>R\u00e9plique Manga Cin\u00e9 \u00e8 un'azienda francese.<\/p>\n<h2>Come faccio a mantenere la lama della mia spada di Sword Art Online?<\/h2>\n<p>Le katane da collezione e decorative sono realizzate e assemblate in modo semplificato. Poich\u00e9 il loro uso \u00e8 decorativo, non hanno le caratteristiche di sicurezza richieste da una spada giapponese destinata all'allenamento.<\/p>\n<p>Tuttavia, il vostro <strong>Spada Lambent Light di Asuna<\/strong> a una lama d'acciaio che deve essere curata per evitare che si danneggi nel tempo. Quando si espone la katana, gli amici saranno curiosi di vedere la lama e di toccarla. \u00c8 qui che bisogna fare attenzione, perch\u00e9 l'acidit\u00e0 delle dita \u00e8 molto dannosa per l'acciaio, indipendentemente dalla sua qualit\u00e0.<\/p>\n<p>Tuttavia, se ci\u00f2 dovesse accadere, niente panico: basta un panno inumidito con un po' d'olio per eliminare le impronte. In questo modo, la spada durer\u00e0 a lungo.<\/p>","protected":false},"excerpt":{"rendered":"<p>La Lambent Light \u00e8 una spada a una mano di Asuna in Sword Art Online (SAO).<\/p>\n<ul>\n<li>Lama in acciaio non affilata.<\/li>\n<li>Elsa rotonda con ornamenti.<\/li>\n<li>Maniglia in metallo.<\/li>\n<li>Fodero in legno laccato rosso.<\/li>\n<li>Lunghezza totale: 100 cm - Larghezza lama: 13 cm<\/li>\n<\/ul>","protected":false},"featured_media":25460,"template":"","meta":[],"product_brand":[896],"product_cat":[23,53],"product_tag":[],"class_list":{"0":"post-25459","1":"product","2":"type-product","3":"status-publish","4":"has-post-thumbnail","6":"product_brand-replique-manga-cine","7":"product_cat-repliques-manga-jeux-video","8":"product_cat-epee-sword-art-online","10":"first","11":"instock","12":"taxable","13":"shipping-taxable","14":"purchasable","15":"product-type-simple"},"yoast_head":"<!-- This site is optimized with the Yoast SEO plugin v27.4 - https:\/\/yoast.com\/product\/yoast-seo-wordpress\/ -->\n<title>Ep\u00e9e Asuna Lambent Light - SAO - Boutique en ligne | RMC<\/title>\n<meta name=\"description\" content=\"Offrez-vous ! Cette Ep\u00e9e Asuna Lambent Light dans Sword Art Online au meilleur prix. Lame acier - Fourreau - Echelle 1\/1 - Longueur : 100 cm - Envoi 24\/48h\" \/>\n<meta name=\"robots\" content=\"index, follow, max-snippet:-1, max-image-preview:large, max-video-preview:-1\" \/>\n<link rel=\"canonical\" href=\"https:\/\/repliquemangacine.fr\/it\/sword-art-online-2\/spada-lambent-light-rapiere-asuna-sao\/\" \/>\n<meta property=\"og:locale\" content=\"it_IT\" \/>\n<meta property=\"og:type\" content=\"article\" \/>\n<meta property=\"og:title\" content=\"Ep\u00e9e Asuna Lambent Light - SAO - Boutique en ligne | RMC\" \/>\n<meta property=\"og:description\" content=\"Offrez-vous ! Cette Ep\u00e9e Asuna Lambent Light dans Sword Art Online au meilleur prix. Lame acier - Fourreau - Echelle 1\/1 - Longueur : 100 cm - Envoi 24\/48h\" \/>\n<meta property=\"og:url\" content=\"https:\/\/repliquemangacine.fr\/it\/sword-art-online-2\/spada-lambent-light-rapiere-asuna-sao\/\" \/>\n<meta property=\"og:site_name\" content=\"R\u00e9plique Manga Cin\u00e9\" \/>\n<meta property=\"article:publisher\" content=\"https:\/\/www.facebook.com\/RepliqueMangaCine\" \/>\n<meta property=\"article:modified_time\" content=\"2026-04-14T10:15:03+00:00\" \/>\n<meta property=\"og:image\" content=\"https:\/\/repliquemangacine.fr\/wp-content\/uploads\/2023\/10\/243-Epee-Lambent-Light-Rapiere-Asuna-Sword-Art-Online.jpg\" \/>\n\t<meta property=\"og:image:width\" content=\"800\" \/>\n\t<meta property=\"og:image:height\" content=\"800\" \/>\n\t<meta property=\"og:image:type\" content=\"image\/jpeg\" \/>\n<meta name=\"twitter:card\" content=\"summary_large_image\" \/>\n<meta name=\"twitter:label1\" content=\"Tempo di lettura stimato\" \/>\n\t<meta name=\"twitter:data1\" content=\"3 minuti\" \/>\n<script type=\"application\/ld+json\" class=\"yoast-schema-graph\">{\"@context\":\"https:\\\/\\\/schema.org\",\"@graph\":[{\"@type\":\"WebPage\",\"@id\":\"https:\\\/\\\/repliquemangacine.fr\\\/epee-sword-art-online\\\/epee-lambent-light-rapiere-asuna-sao\\\/\",\"url\":\"https:\\\/\\\/repliquemangacine.fr\\\/epee-sword-art-online\\\/epee-lambent-light-rapiere-asuna-sao\\\/\",\"name\":\"Ep\u00e9e Asuna Lambent Light - SAO - Boutique en ligne | RMC\",\"isPartOf\":{\"@id\":\"https:\\\/\\\/repliquemangacine.fr\\\/#website\"},\"primaryImageOfPage\":{\"@id\":\"https:\\\/\\\/repliquemangacine.fr\\\/epee-sword-art-online\\\/epee-lambent-light-rapiere-asuna-sao\\\/#primaryimage\"},\"image\":{\"@id\":\"https:\\\/\\\/repliquemangacine.fr\\\/epee-sword-art-online\\\/epee-lambent-light-rapiere-asuna-sao\\\/#primaryimage\"},\"thumbnailUrl\":\"https:\\\/\\\/repliquemangacine.fr\\\/wp-content\\\/uploads\\\/2023\\\/10\\\/243-Epee-Lambent-Light-Rapiere-Asuna-Sword-Art-Online.jpg\",\"datePublished\":\"2016-09-01T15:49:56+00:00\",\"dateModified\":\"2026-04-14T10:15:03+00:00\",\"description\":\"Offrez-vous ! Cette Ep\u00e9e Asuna Lambent Light dans Sword Art Online au meilleur prix. Lame acier - Fourreau - Echelle 1\\\/1 - Longueur : 100 cm - Envoi 24\\\/48h\",\"breadcrumb\":{\"@id\":\"https:\\\/\\\/repliquemangacine.fr\\\/epee-sword-art-online\\\/epee-lambent-light-rapiere-asuna-sao\\\/#breadcrumb\"},\"inLanguage\":\"it-IT\",\"potentialAction\":[{\"@type\":\"ReadAction\",\"target\":[\"https:\\\/\\\/repliquemangacine.fr\\\/epee-sword-art-online\\\/epee-lambent-light-rapiere-asuna-sao\\\/\"]}]},{\"@type\":\"ImageObject\",\"inLanguage\":\"it-IT\",\"@id\":\"https:\\\/\\\/repliquemangacine.fr\\\/epee-sword-art-online\\\/epee-lambent-light-rapiere-asuna-sao\\\/#primaryimage\",\"url\":\"https:\\\/\\\/repliquemangacine.fr\\\/wp-content\\\/uploads\\\/2023\\\/10\\\/243-Epee-Lambent-Light-Rapiere-Asuna-Sword-Art-Online.jpg\",\"contentUrl\":\"https:\\\/\\\/repliquemangacine.fr\\\/wp-content\\\/uploads\\\/2023\\\/10\\\/243-Epee-Lambent-Light-Rapiere-Asuna-Sword-Art-Online.jpg\",\"width\":800,\"height\":800,\"caption\":\"Ep\u00e9e Lambent Light - Rapi\u00e8re Asuna - Sword Art Online\"},{\"@type\":\"BreadcrumbList\",\"@id\":\"https:\\\/\\\/repliquemangacine.fr\\\/epee-sword-art-online\\\/epee-lambent-light-rapiere-asuna-sao\\\/#breadcrumb\",\"itemListElement\":[{\"@type\":\"ListItem\",\"position\":1,\"name\":\"Accueil\",\"item\":\"https:\\\/\\\/repliquemangacine.fr\\\/\"},{\"@type\":\"ListItem\",\"position\":2,\"name\":\"Produits\",\"item\":\"https:\\\/\\\/repliquemangacine.fr\\\/boutique\\\/\"},{\"@type\":\"ListItem\",\"position\":3,\"name\":\"Ep\u00e9e Asuna Lambent Light\"}]},{\"@type\":\"WebSite\",\"@id\":\"https:\\\/\\\/repliquemangacine.fr\\\/#website\",\"url\":\"https:\\\/\\\/repliquemangacine.fr\\\/\",\"name\":\"R\u00e9plique Manga Cin\u00e9\",\"description\":\"\",\"publisher\":{\"@id\":\"https:\\\/\\\/repliquemangacine.fr\\\/#organization\"},\"potentialAction\":[{\"@type\":\"SearchAction\",\"target\":{\"@type\":\"EntryPoint\",\"urlTemplate\":\"https:\\\/\\\/repliquemangacine.fr\\\/?s={search_term_string}\"},\"query-input\":{\"@type\":\"PropertyValueSpecification\",\"valueRequired\":true,\"valueName\":\"search_term_string\"}}],\"inLanguage\":\"it-IT\"},{\"@type\":\"Organization\",\"@id\":\"https:\\\/\\\/repliquemangacine.fr\\\/#organization\",\"name\":\"R\u00e9plique Manga Cin\u00e9\",\"url\":\"https:\\\/\\\/repliquemangacine.fr\\\/\",\"logo\":{\"@type\":\"ImageObject\",\"inLanguage\":\"it-IT\",\"@id\":\"https:\\\/\\\/repliquemangacine.fr\\\/#\\\/schema\\\/logo\\\/image\\\/\",\"url\":\"https:\\\/\\\/repliquemangacine.fr\\\/wp-content\\\/uploads\\\/2023\\\/10\\\/RMC-500250.png\",\"contentUrl\":\"https:\\\/\\\/repliquemangacine.fr\\\/wp-content\\\/uploads\\\/2023\\\/10\\\/RMC-500250.png\",\"width\":500,\"height\":250,\"caption\":\"R\u00e9plique Manga Cin\u00e9\"},\"image\":{\"@id\":\"https:\\\/\\\/repliquemangacine.fr\\\/#\\\/schema\\\/logo\\\/image\\\/\"},\"sameAs\":[\"https:\\\/\\\/www.facebook.com\\\/RepliqueMangaCine\",\"https:\\\/\\\/www.instagram.com\\\/repliquemangacine.fr\\\/\"]}]}<\/script>\n<!-- \/ Yoast SEO plugin. -->","yoast_head_json":{"title":"Spada Asuna Luce Lambente - SAO - Boutique en ligne | RMC","description":"Regalati! Questa spada Asuna Lambent Light in Sword Art Online al miglior prezzo. Lama in acciaio - Fodero - Scala 1\/1 - Lunghezza : 100 cm - Spedizione 24\/48h","robots":{"index":"index","follow":"follow","max-snippet":"max-snippet:-1","max-image-preview":"max-image-preview:large","max-video-preview":"max-video-preview:-1"},"canonical":"https:\/\/repliquemangacine.fr\/it\/sword-art-online-2\/spada-lambent-light-rapiere-asuna-sao\/","og_locale":"it_IT","og_type":"article","og_title":"Ep\u00e9e Asuna Lambent Light - SAO - Boutique en ligne | RMC","og_description":"Offrez-vous ! Cette Ep\u00e9e Asuna Lambent Light dans Sword Art Online au meilleur prix. Lame acier - Fourreau - Echelle 1\/1 - Longueur : 100 cm - Envoi 24\/48h","og_url":"https:\/\/repliquemangacine.fr\/it\/sword-art-online-2\/spada-lambent-light-rapiere-asuna-sao\/","og_site_name":"R\u00e9plique Manga Cin\u00e9","article_publisher":"https:\/\/www.facebook.com\/RepliqueMangaCine","article_modified_time":"2026-04-14T10:15:03+00:00","og_image":[{"width":800,"height":800,"url":"https:\/\/repliquemangacine.fr\/wp-content\/uploads\/2023\/10\/243-Epee-Lambent-Light-Rapiere-Asuna-Sword-Art-Online.jpg","type":"image\/jpeg"}],"twitter_card":"summary_large_image","twitter_misc":{"Tempo di lettura stimato":"3 minuti"},"schema":{"@context":"https:\/\/schema.org","@graph":[{"@type":"WebPage","@id":"https:\/\/repliquemangacine.fr\/epee-sword-art-online\/epee-lambent-light-rapiere-asuna-sao\/","url":"https:\/\/repliquemangacine.fr\/epee-sword-art-online\/epee-lambent-light-rapiere-asuna-sao\/","name":"Spada Asuna Luce Lambente - SAO - Boutique en ligne | RMC","isPartOf":{"@id":"https:\/\/repliquemangacine.fr\/#website"},"primaryImageOfPage":{"@id":"https:\/\/repliquemangacine.fr\/epee-sword-art-online\/epee-lambent-light-rapiere-asuna-sao\/#primaryimage"},"image":{"@id":"https:\/\/repliquemangacine.fr\/epee-sword-art-online\/epee-lambent-light-rapiere-asuna-sao\/#primaryimage"},"thumbnailUrl":"https:\/\/repliquemangacine.fr\/wp-content\/uploads\/2023\/10\/243-Epee-Lambent-Light-Rapiere-Asuna-Sword-Art-Online.jpg","datePublished":"2016-09-01T15:49:56+00:00","dateModified":"2026-04-14T10:15:03+00:00","description":"Regalati! Questa spada Asuna Lambent Light in Sword Art Online al miglior prezzo. Lama in acciaio - Fodero - Scala 1\/1 - Lunghezza : 100 cm - Spedizione 24\/48h","breadcrumb":{"@id":"https:\/\/repliquemangacine.fr\/epee-sword-art-online\/epee-lambent-light-rapiere-asuna-sao\/#breadcrumb"},"inLanguage":"it-IT","potentialAction":[{"@type":"ReadAction","target":["https:\/\/repliquemangacine.fr\/epee-sword-art-online\/epee-lambent-light-rapiere-asuna-sao\/"]}]},{"@type":"ImageObject","inLanguage":"it-IT","@id":"https:\/\/repliquemangacine.fr\/epee-sword-art-online\/epee-lambent-light-rapiere-asuna-sao\/#primaryimage","url":"https:\/\/repliquemangacine.fr\/wp-content\/uploads\/2023\/10\/243-Epee-Lambent-Light-Rapiere-Asuna-Sword-Art-Online.jpg","contentUrl":"https:\/\/repliquemangacine.fr\/wp-content\/uploads\/2023\/10\/243-Epee-Lambent-Light-Rapiere-Asuna-Sword-Art-Online.jpg","width":800,"height":800,"caption":"Ep\u00e9e Lambent Light - Rapi\u00e8re Asuna - Sword Art Online"},{"@type":"BreadcrumbList","@id":"https:\/\/repliquemangacine.fr\/epee-sword-art-online\/epee-lambent-light-rapiere-asuna-sao\/#breadcrumb","itemListElement":[{"@type":"ListItem","position":1,"name":"Accueil","item":"https:\/\/repliquemangacine.fr\/"},{"@type":"ListItem","position":2,"name":"Produits","item":"https:\/\/repliquemangacine.fr\/boutique\/"},{"@type":"ListItem","position":3,"name":"Ep\u00e9e Asuna Lambent Light"}]},{"@type":"WebSite","@id":"https:\/\/repliquemangacine.fr\/#website","url":"https:\/\/repliquemangacine.fr\/","name":"R\u00e9plique Manga Cin\u00e9","description":"","publisher":{"@id":"https:\/\/repliquemangacine.fr\/#organization"},"potentialAction":[{"@type":"SearchAction","target":{"@type":"EntryPoint","urlTemplate":"https:\/\/repliquemangacine.fr\/?s={search_term_string}"},"query-input":{"@type":"PropertyValueSpecification","valueRequired":true,"valueName":"search_term_string"}}],"inLanguage":"it-IT"},{"@type":"Organization","@id":"https:\/\/repliquemangacine.fr\/#organization","name":"R\u00e9plique Manga Cin\u00e9","url":"https:\/\/repliquemangacine.fr\/","logo":{"@type":"ImageObject","inLanguage":"it-IT","@id":"https:\/\/repliquemangacine.fr\/#\/schema\/logo\/image\/","url":"https:\/\/repliquemangacine.fr\/wp-content\/uploads\/2023\/10\/RMC-500250.png","contentUrl":"https:\/\/repliquemangacine.fr\/wp-content\/uploads\/2023\/10\/RMC-500250.png","width":500,"height":250,"caption":"R\u00e9plique Manga Cin\u00e9"},"image":{"@id":"https:\/\/repliquemangacine.fr\/#\/schema\/logo\/image\/"},"sameAs":["https:\/\/www.facebook.com\/RepliqueMangaCine","https:\/\/www.instagram.com\/repliquemangacine.fr\/"]}]}},"_links":{"self":[{"href":"https:\/\/repliquemangacine.fr\/it\/wp-json\/wp\/v2\/product\/25459","targetHints":{"allow":["GET"]}}],"collection":[{"href":"https:\/\/repliquemangacine.fr\/it\/wp-json\/wp\/v2\/product"}],"about":[{"href":"https:\/\/repliquemangacine.fr\/it\/wp-json\/wp\/v2\/types\/product"}],"wp:featuredmedia":[{"embeddable":true,"href":"https:\/\/repliquemangacine.fr\/it\/wp-json\/wp\/v2\/media\/25460"}],"wp:attachment":[{"href":"https:\/\/repliquemangacine.fr\/it\/wp-json\/wp\/v2\/media?parent=25459"}],"wp:term":[{"taxonomy":"product_brand","embeddable":true,"href":"https:\/\/repliquemangacine.fr\/it\/wp-json\/wp\/v2\/product_brand?post=25459"},{"taxonomy":"product_cat","embeddable":true,"href":"https:\/\/repliquemangacine.fr\/it\/wp-json\/wp\/v2\/product_cat?post=25459"},{"taxonomy":"product_tag","embeddable":true,"href":"https:\/\/repliquemangacine.fr\/it\/wp-json\/wp\/v2\/product_tag?post=25459"}],"curies":[{"name":"wp","href":"https:\/\/api.w.org\/{rel}","templated":true}]}}