





{"id":25444,"date":"2016-09-01T16:09:56","date_gmt":"2016-09-01T14:09:56","guid":{"rendered":"https:\/\/repliquemangacine.fr\/?post_type=product&#038;p=25444"},"modified":"2026-04-18T09:45:02","modified_gmt":"2026-04-18T07:45:02","slug":"epee-elucidator-kirito-sao","status":"publish","type":"product","link":"https:\/\/repliquemangacine.fr\/it\/epee-sword-art-online\/epee-elucidator-kirito-sao\/","title":{"rendered":"Spada di Kirito Elucidator"},"content":{"rendered":"<h2>La spada di Kirito Elucidator in Sword Art Online.<\/h2>\n<p>Per cominciare, questo <strong>Spada di Kirito Elucidator<\/strong> viene mostrato per la prima volta a casa di Lisbeth quando Kirito vuole che lei gli costruisca un'arma. Da quel momento in poi, usa quest'arma fino alla fine di SAO. E con il Dark Repulser quando inizia a usare la doppia scherma.<\/p>\n<p>Innanzitutto Kirigaya Kazuto, nato come Narusaka Kazuto e conosciuto come Kirito in \u00abSword Art Online\u00bb (SAO), \u00abALfheim Online\u00bb (ALO), \u00abGun Gale Online\u00bb (GGO), \u00abProject Alicization\u00bb e Unital Ring.<\/p>\n<p>Scelto come uno dei mille beta tester per la closed beta di Sword Art Online, il primo gioco di ruolo online multigiocatore di massa in realt\u00e0 virtuale (VRMMORPG).<\/p>\n<p><a href=\"https:\/\/sword-art-online.fandom.com\/fr\/wiki\/Elucidator\" target=\"_blank\" rel=\"noopener noreferrer\">Elucidatore<\/a> \u00e8 l'arma principale di Kirito. Si tratta di un mostro demoniaco lasciato cadere da un boss al 50\u00b0 piano che Kirito brandisce con il \"Dark Repulser\".<\/p>\n<h2>La tua Spada di Kirito Elucidator al miglior prezzo.<\/h2>\n<p>Vi proponiamo tutte le battute dei vostri personaggi preferiti in questo videogioco di Sword Art Online.<\/p>\n<p>Innanzitutto,<\/p>\n<ul>\n<li>La spada <a href=\"https:\/\/repliquemangacine.fr\/it\/sword-art-online\/kirito-sao-spada-repulsore-scuro\/\">Repulsore oscuro<\/a> che kirito brandisce con l'Elucidatore<\/li>\n<li>Cos\u00ec come la pinza di Asuna <a href=\"https:\/\/repliquemangacine.fr\/it\/sword-art-online\/spada-lambent-light-rapiere-asuna-sao\/\">Luce lambente<\/a>.<\/li>\n<li>E molti altri da scoprire nel nostro negozio online!<\/li>\n<\/ul>\n<p>Ecco quindi alcune ottime idee regalo per i fan di Sword Art Online.<\/p>\n<p>In conclusione, \u00e8 possibile utilizzare questo <strong>Spada di Kirito Elucidator<\/strong> per le vostre sfilate di cosplay o serate a tema. Ma soprattutto, la spada di Kirito \u00e8 anche un oggetto da collezione e un pezzo decorativo.<\/p>\n<p>R\u00e9plique Manga Cin\u00e9 \u00e8 un'azienda francese.<\/p>\n<h2>Come faccio a mantenere la lama della mia spada di Sword Art Online?<\/h2>\n<p>Le katane da collezione e decorative sono realizzate e assemblate in modo semplificato. Poich\u00e9 il loro uso \u00e8 decorativo, non hanno le caratteristiche di sicurezza richieste da una spada giapponese destinata all'allenamento.<\/p>\n<p>Tuttavia, il vostro <strong>Spada di Kirito Elucidator<\/strong> a una lama d'acciaio che deve essere curata per evitare che si danneggi nel tempo. Quando si espone la katana, gli amici saranno curiosi di vedere la lama e di toccarla. \u00c8 qui che bisogna fare attenzione, perch\u00e9 l'acidit\u00e0 delle dita \u00e8 molto dannosa per l'acciaio, indipendentemente dalla sua qualit\u00e0.<\/p>\n<p>Tuttavia, se ci\u00f2 dovesse accadere, niente panico: basta un panno inumidito con un po' d'olio per eliminare le impronte. In questo modo, la spada durer\u00e0 a lungo.<\/p>","protected":false},"excerpt":{"rendered":"<p>Kirito, soprannominato lo Spadaccino Nero, utilizza due spade dopo che \u00e8 stata rivelata la sua Spada Abilit\u00e0. Una delle sue due spade \u00e8 Elucidator.<\/p>\n<ul>\n<li>Lama dritta in acciaio.<\/li>\n<li>Maniglia rivestita in similpelle.<\/li>\n<li>Protezione in metallo.<\/li>\n<li>Fodero in legno.<\/li>\n<li>Lunghezza lama: 75 cm - Lunghezza totale: 105 cm - Peso: 1700 gr.<\/li>\n<\/ul>","protected":false},"featured_media":25445,"template":"","meta":[],"product_brand":[896],"product_cat":[23,53],"product_tag":[],"class_list":{"0":"post-25444","1":"product","2":"type-product","3":"status-publish","4":"has-post-thumbnail","6":"product_brand-replique-manga-cine","7":"product_cat-repliques-manga-jeux-video","8":"product_cat-epee-sword-art-online","10":"first","11":"instock","12":"taxable","13":"shipping-taxable","14":"purchasable","15":"product-type-simple"},"yoast_head":"<!-- This site is optimized with the Yoast SEO plugin v27.4 - https:\/\/yoast.com\/product\/yoast-seo-wordpress\/ -->\n<title>Ep\u00e9e de Kirito Elucidator - SAO - Boutique en ligne | RMC<\/title>\n<meta name=\"description\" content=\"Commandez vite ! L&#039;Ep\u00e9e de Kirito Elucidator dans SAO au meilleur prix. Lame acier - Fourreau - Echelle 1\/1 - Longueur totale : 105 cm - Envoi 24\/48h\" \/>\n<meta name=\"robots\" content=\"index, follow, max-snippet:-1, max-image-preview:large, max-video-preview:-1\" \/>\n<link rel=\"canonical\" href=\"https:\/\/repliquemangacine.fr\/it\/sword-art-online-2\/epee-elucidator-kirito-sao\/\" \/>\n<meta property=\"og:locale\" content=\"it_IT\" \/>\n<meta property=\"og:type\" content=\"article\" \/>\n<meta property=\"og:title\" content=\"Ep\u00e9e de Kirito Elucidator - SAO - Boutique en ligne | RMC\" \/>\n<meta property=\"og:description\" content=\"Commandez vite ! L&#039;Ep\u00e9e de Kirito Elucidator dans SAO au meilleur prix. Lame acier - Fourreau - Echelle 1\/1 - Longueur totale : 105 cm - Envoi 24\/48h\" \/>\n<meta property=\"og:url\" content=\"https:\/\/repliquemangacine.fr\/it\/sword-art-online-2\/epee-elucidator-kirito-sao\/\" \/>\n<meta property=\"og:site_name\" content=\"R\u00e9plique Manga Cin\u00e9\" \/>\n<meta property=\"article:publisher\" content=\"https:\/\/www.facebook.com\/RepliqueMangaCine\" \/>\n<meta property=\"article:modified_time\" content=\"2026-04-18T07:45:02+00:00\" \/>\n<meta property=\"og:image\" content=\"https:\/\/repliquemangacine.fr\/wp-content\/uploads\/2023\/10\/233-Epee-Elucidator-epee-Kirito-SAO.jpg\" \/>\n\t<meta property=\"og:image:width\" content=\"800\" \/>\n\t<meta property=\"og:image:height\" content=\"800\" \/>\n\t<meta property=\"og:image:type\" content=\"image\/jpeg\" \/>\n<meta name=\"twitter:card\" content=\"summary_large_image\" \/>\n<meta name=\"twitter:label1\" content=\"Tempo di lettura stimato\" \/>\n\t<meta name=\"twitter:data1\" content=\"2 minuti\" \/>\n<script type=\"application\/ld+json\" class=\"yoast-schema-graph\">{\"@context\":\"https:\\\/\\\/schema.org\",\"@graph\":[{\"@type\":\"WebPage\",\"@id\":\"https:\\\/\\\/repliquemangacine.fr\\\/epee-sword-art-online\\\/epee-elucidator-kirito-sao\\\/\",\"url\":\"https:\\\/\\\/repliquemangacine.fr\\\/epee-sword-art-online\\\/epee-elucidator-kirito-sao\\\/\",\"name\":\"Ep\u00e9e de Kirito Elucidator - SAO - Boutique en ligne | RMC\",\"isPartOf\":{\"@id\":\"https:\\\/\\\/repliquemangacine.fr\\\/#website\"},\"primaryImageOfPage\":{\"@id\":\"https:\\\/\\\/repliquemangacine.fr\\\/epee-sword-art-online\\\/epee-elucidator-kirito-sao\\\/#primaryimage\"},\"image\":{\"@id\":\"https:\\\/\\\/repliquemangacine.fr\\\/epee-sword-art-online\\\/epee-elucidator-kirito-sao\\\/#primaryimage\"},\"thumbnailUrl\":\"https:\\\/\\\/repliquemangacine.fr\\\/wp-content\\\/uploads\\\/2023\\\/10\\\/233-Epee-Elucidator-epee-Kirito-SAO.jpg\",\"datePublished\":\"2016-09-01T14:09:56+00:00\",\"dateModified\":\"2026-04-18T07:45:02+00:00\",\"description\":\"Commandez vite ! L'Ep\u00e9e de Kirito Elucidator dans SAO au meilleur prix. Lame acier - Fourreau - Echelle 1\\\/1 - Longueur totale : 105 cm - Envoi 24\\\/48h\",\"breadcrumb\":{\"@id\":\"https:\\\/\\\/repliquemangacine.fr\\\/epee-sword-art-online\\\/epee-elucidator-kirito-sao\\\/#breadcrumb\"},\"inLanguage\":\"it-IT\",\"potentialAction\":[{\"@type\":\"ReadAction\",\"target\":[\"https:\\\/\\\/repliquemangacine.fr\\\/epee-sword-art-online\\\/epee-elucidator-kirito-sao\\\/\"]}]},{\"@type\":\"ImageObject\",\"inLanguage\":\"it-IT\",\"@id\":\"https:\\\/\\\/repliquemangacine.fr\\\/epee-sword-art-online\\\/epee-elucidator-kirito-sao\\\/#primaryimage\",\"url\":\"https:\\\/\\\/repliquemangacine.fr\\\/wp-content\\\/uploads\\\/2023\\\/10\\\/233-Epee-Elucidator-epee-Kirito-SAO.jpg\",\"contentUrl\":\"https:\\\/\\\/repliquemangacine.fr\\\/wp-content\\\/uploads\\\/2023\\\/10\\\/233-Epee-Elucidator-epee-Kirito-SAO.jpg\",\"width\":800,\"height\":800,\"caption\":\"Ep\u00e9e Elucidator - \u00e9p\u00e9e Kirito SAO\"},{\"@type\":\"BreadcrumbList\",\"@id\":\"https:\\\/\\\/repliquemangacine.fr\\\/epee-sword-art-online\\\/epee-elucidator-kirito-sao\\\/#breadcrumb\",\"itemListElement\":[{\"@type\":\"ListItem\",\"position\":1,\"name\":\"Accueil\",\"item\":\"https:\\\/\\\/repliquemangacine.fr\\\/\"},{\"@type\":\"ListItem\",\"position\":2,\"name\":\"Produits\",\"item\":\"https:\\\/\\\/repliquemangacine.fr\\\/boutique\\\/\"},{\"@type\":\"ListItem\",\"position\":3,\"name\":\"Ep\u00e9e de Kirito Elucidator\"}]},{\"@type\":\"WebSite\",\"@id\":\"https:\\\/\\\/repliquemangacine.fr\\\/#website\",\"url\":\"https:\\\/\\\/repliquemangacine.fr\\\/\",\"name\":\"R\u00e9plique Manga Cin\u00e9\",\"description\":\"\",\"publisher\":{\"@id\":\"https:\\\/\\\/repliquemangacine.fr\\\/#organization\"},\"potentialAction\":[{\"@type\":\"SearchAction\",\"target\":{\"@type\":\"EntryPoint\",\"urlTemplate\":\"https:\\\/\\\/repliquemangacine.fr\\\/?s={search_term_string}\"},\"query-input\":{\"@type\":\"PropertyValueSpecification\",\"valueRequired\":true,\"valueName\":\"search_term_string\"}}],\"inLanguage\":\"it-IT\"},{\"@type\":\"Organization\",\"@id\":\"https:\\\/\\\/repliquemangacine.fr\\\/#organization\",\"name\":\"R\u00e9plique Manga Cin\u00e9\",\"url\":\"https:\\\/\\\/repliquemangacine.fr\\\/\",\"logo\":{\"@type\":\"ImageObject\",\"inLanguage\":\"it-IT\",\"@id\":\"https:\\\/\\\/repliquemangacine.fr\\\/#\\\/schema\\\/logo\\\/image\\\/\",\"url\":\"https:\\\/\\\/repliquemangacine.fr\\\/wp-content\\\/uploads\\\/2023\\\/10\\\/RMC-500250.png\",\"contentUrl\":\"https:\\\/\\\/repliquemangacine.fr\\\/wp-content\\\/uploads\\\/2023\\\/10\\\/RMC-500250.png\",\"width\":500,\"height\":250,\"caption\":\"R\u00e9plique Manga Cin\u00e9\"},\"image\":{\"@id\":\"https:\\\/\\\/repliquemangacine.fr\\\/#\\\/schema\\\/logo\\\/image\\\/\"},\"sameAs\":[\"https:\\\/\\\/www.facebook.com\\\/RepliqueMangaCine\",\"https:\\\/\\\/www.instagram.com\\\/repliquemangacine.fr\\\/\"]}]}<\/script>\n<!-- \/ Yoast SEO plugin. -->","yoast_head_json":{"title":"Kirito Elucidator Sword - SAO - Boutique en ligne | RMC","description":"Ordina ora! La Spada di Kirito Elucidator in SAO al miglior prezzo. Lama in acciaio - Fodero - Scala 1\/1 - Lunghezza totale: 105 cm - Spedizione 24\/48h","robots":{"index":"index","follow":"follow","max-snippet":"max-snippet:-1","max-image-preview":"max-image-preview:large","max-video-preview":"max-video-preview:-1"},"canonical":"https:\/\/repliquemangacine.fr\/it\/sword-art-online-2\/epee-elucidator-kirito-sao\/","og_locale":"it_IT","og_type":"article","og_title":"Ep\u00e9e de Kirito Elucidator - SAO - Boutique en ligne | RMC","og_description":"Commandez vite ! L'Ep\u00e9e de Kirito Elucidator dans SAO au meilleur prix. Lame acier - Fourreau - Echelle 1\/1 - Longueur totale : 105 cm - Envoi 24\/48h","og_url":"https:\/\/repliquemangacine.fr\/it\/sword-art-online-2\/epee-elucidator-kirito-sao\/","og_site_name":"R\u00e9plique Manga Cin\u00e9","article_publisher":"https:\/\/www.facebook.com\/RepliqueMangaCine","article_modified_time":"2026-04-18T07:45:02+00:00","og_image":[{"width":800,"height":800,"url":"https:\/\/repliquemangacine.fr\/wp-content\/uploads\/2023\/10\/233-Epee-Elucidator-epee-Kirito-SAO.jpg","type":"image\/jpeg"}],"twitter_card":"summary_large_image","twitter_misc":{"Tempo di lettura stimato":"2 minuti"},"schema":{"@context":"https:\/\/schema.org","@graph":[{"@type":"WebPage","@id":"https:\/\/repliquemangacine.fr\/epee-sword-art-online\/epee-elucidator-kirito-sao\/","url":"https:\/\/repliquemangacine.fr\/epee-sword-art-online\/epee-elucidator-kirito-sao\/","name":"Kirito Elucidator Sword - SAO - Boutique en ligne | RMC","isPartOf":{"@id":"https:\/\/repliquemangacine.fr\/#website"},"primaryImageOfPage":{"@id":"https:\/\/repliquemangacine.fr\/epee-sword-art-online\/epee-elucidator-kirito-sao\/#primaryimage"},"image":{"@id":"https:\/\/repliquemangacine.fr\/epee-sword-art-online\/epee-elucidator-kirito-sao\/#primaryimage"},"thumbnailUrl":"https:\/\/repliquemangacine.fr\/wp-content\/uploads\/2023\/10\/233-Epee-Elucidator-epee-Kirito-SAO.jpg","datePublished":"2016-09-01T14:09:56+00:00","dateModified":"2026-04-18T07:45:02+00:00","description":"Ordina ora! La Spada di Kirito Elucidator in SAO al miglior prezzo. Lama in acciaio - Fodero - Scala 1\/1 - Lunghezza totale: 105 cm - Spedizione 24\/48h","breadcrumb":{"@id":"https:\/\/repliquemangacine.fr\/epee-sword-art-online\/epee-elucidator-kirito-sao\/#breadcrumb"},"inLanguage":"it-IT","potentialAction":[{"@type":"ReadAction","target":["https:\/\/repliquemangacine.fr\/epee-sword-art-online\/epee-elucidator-kirito-sao\/"]}]},{"@type":"ImageObject","inLanguage":"it-IT","@id":"https:\/\/repliquemangacine.fr\/epee-sword-art-online\/epee-elucidator-kirito-sao\/#primaryimage","url":"https:\/\/repliquemangacine.fr\/wp-content\/uploads\/2023\/10\/233-Epee-Elucidator-epee-Kirito-SAO.jpg","contentUrl":"https:\/\/repliquemangacine.fr\/wp-content\/uploads\/2023\/10\/233-Epee-Elucidator-epee-Kirito-SAO.jpg","width":800,"height":800,"caption":"Ep\u00e9e Elucidator - \u00e9p\u00e9e Kirito SAO"},{"@type":"BreadcrumbList","@id":"https:\/\/repliquemangacine.fr\/epee-sword-art-online\/epee-elucidator-kirito-sao\/#breadcrumb","itemListElement":[{"@type":"ListItem","position":1,"name":"Accueil","item":"https:\/\/repliquemangacine.fr\/"},{"@type":"ListItem","position":2,"name":"Produits","item":"https:\/\/repliquemangacine.fr\/boutique\/"},{"@type":"ListItem","position":3,"name":"Ep\u00e9e de Kirito Elucidator"}]},{"@type":"WebSite","@id":"https:\/\/repliquemangacine.fr\/#website","url":"https:\/\/repliquemangacine.fr\/","name":"R\u00e9plique Manga Cin\u00e9","description":"","publisher":{"@id":"https:\/\/repliquemangacine.fr\/#organization"},"potentialAction":[{"@type":"SearchAction","target":{"@type":"EntryPoint","urlTemplate":"https:\/\/repliquemangacine.fr\/?s={search_term_string}"},"query-input":{"@type":"PropertyValueSpecification","valueRequired":true,"valueName":"search_term_string"}}],"inLanguage":"it-IT"},{"@type":"Organization","@id":"https:\/\/repliquemangacine.fr\/#organization","name":"R\u00e9plique Manga Cin\u00e9","url":"https:\/\/repliquemangacine.fr\/","logo":{"@type":"ImageObject","inLanguage":"it-IT","@id":"https:\/\/repliquemangacine.fr\/#\/schema\/logo\/image\/","url":"https:\/\/repliquemangacine.fr\/wp-content\/uploads\/2023\/10\/RMC-500250.png","contentUrl":"https:\/\/repliquemangacine.fr\/wp-content\/uploads\/2023\/10\/RMC-500250.png","width":500,"height":250,"caption":"R\u00e9plique Manga Cin\u00e9"},"image":{"@id":"https:\/\/repliquemangacine.fr\/#\/schema\/logo\/image\/"},"sameAs":["https:\/\/www.facebook.com\/RepliqueMangaCine","https:\/\/www.instagram.com\/repliquemangacine.fr\/"]}]}},"_links":{"self":[{"href":"https:\/\/repliquemangacine.fr\/it\/wp-json\/wp\/v2\/product\/25444","targetHints":{"allow":["GET"]}}],"collection":[{"href":"https:\/\/repliquemangacine.fr\/it\/wp-json\/wp\/v2\/product"}],"about":[{"href":"https:\/\/repliquemangacine.fr\/it\/wp-json\/wp\/v2\/types\/product"}],"wp:featuredmedia":[{"embeddable":true,"href":"https:\/\/repliquemangacine.fr\/it\/wp-json\/wp\/v2\/media\/25445"}],"wp:attachment":[{"href":"https:\/\/repliquemangacine.fr\/it\/wp-json\/wp\/v2\/media?parent=25444"}],"wp:term":[{"taxonomy":"product_brand","embeddable":true,"href":"https:\/\/repliquemangacine.fr\/it\/wp-json\/wp\/v2\/product_brand?post=25444"},{"taxonomy":"product_cat","embeddable":true,"href":"https:\/\/repliquemangacine.fr\/it\/wp-json\/wp\/v2\/product_cat?post=25444"},{"taxonomy":"product_tag","embeddable":true,"href":"https:\/\/repliquemangacine.fr\/it\/wp-json\/wp\/v2\/product_tag?post=25444"}],"curies":[{"name":"wp","href":"https:\/\/api.w.org\/{rel}","templated":true}]}}