





{"id":25437,"date":"2016-08-30T15:03:01","date_gmt":"2016-08-30T13:03:01","guid":{"rendered":"https:\/\/repliquemangacine.fr\/?post_type=product&#038;p=25437"},"modified":"2025-12-05T11:55:30","modified_gmt":"2025-12-05T10:55:30","slug":"edward-kenway-pistola-a-pietra-focaia-italiana-assassin-s-creed-iv","status":"publish","type":"product","link":"https:\/\/repliquemangacine.fr\/it\/pistolet-pirate\/pistolet-a-silex-italien-edward-kenway-assassin-s-creed-iv\/","title":{"rendered":"Pistola a pietra focaia di Edward Kenway in Assassin's Creed IV"},"content":{"rendered":"<h2>Edward Kenway Pistola di Assassin's Creed IV<\/h2>\n<p>Per cominciare, il <strong>Pistola Edward Kenway<\/strong> in Assassin's Creed IV \u00e8 una riproduzione della pistola a pietra focaia italiana del 18\u1d49 secolo.<\/p>\n<p>Edward \u00e8 un abile combattente e un genio arrogante e sfacciato, proprio come qualsiasi altro pirata. Edward Kenway \u00e8 il primo protagonista di Assassin's Creed IV. Dopo una lunga lotta, Edward uccide El Tibur\u00f2n con le sue pistole e fugge dal forte dopo aver capito che Torres era diretto all'Osservatorio.<\/p>\n<p>Poich\u00e9 ricaricare le armi da fuoco era ancora una seccatura, i pirati presero presto l'abitudine di portarne diverse. Edward Kenway e Edward Thatch, ad esempio, ne portavano fino a quattro alla cintura.<\/p>\n<p>Le pistole a pietra focaia erano una delle armi da fuoco pi\u00f9 utilizzate dai pirati nel XVIII secolo.<\/p>\n<h2>La vostra pistola Edward Kenway al miglior prezzo.<\/h2>\n<p>Vi presentiamo tutte le repliche del vostro videogioco preferito Assassin's Creed.<\/p>\n<p>Innanzitutto,<\/p>\n<ul>\n<li>Le <a href=\"https:\/\/repliquemangacine.fr\/it\/assassins-creed\/tomahawk-des-assassins-hache-connor-kenway\/\">Tomahawk degli assassini<\/a> utilizzato dall'assassino Mohawk Connor Kenway.<\/li>\n<li>C'\u00e8 anche il<a href=\"https:\/\/repliquemangacine.fr\/it\/assassins-creed\/pistola-con-ascia-da-pirata-del-xviii-secolo\/\"> ascia a pistola<\/a> l'Ascia da fuoco in Assassin's Creed Unity: Dead Kings.<\/li>\n<li>Cos\u00ec come il <a href=\"https:\/\/repliquemangacine.fr\/it\/pistola-antica\/pistola-kentucky-19-usa\/\">Pistola del Kentucky<\/a> l'arma classica dei primi esploratori del West americano.<\/li>\n<li>E molti altri da scoprire nel nostro negozio online!<\/li>\n<\/ul>\n<p>Se siete fan di Assassin's Creed, questa pistola \u00e8 un'ottima aggiunta al vostro arsenale. Ecco perch\u00e9 \u00e8 un'ottima idea regalo per i fan.<\/p>\n<p>In conclusione, \u00e8 possibile utilizzare questa pistola a pietra focaia anche per le sfilate cosplay o le feste a tema. Ma soprattutto, la <strong>Pistola Edward Kenway<\/strong> in Assassin's Creed IV, \u00e8 un oggetto da collezione, per di pi\u00f9 decorativo.<\/p>\n<h2>Come vengono realizzate le repliche delle armi Denix?<\/h2>\n<p>Utilizzate in rievocazioni storiche, film, serie televisive e dai collezionisti. Riproduzioni di pistole <a href=\"https:\/\/www.denix.fr\/\" target=\"_blank\" rel=\"noopener noreferrer\">Denix<\/a>sono realizzati con materiali di alta qualit\u00e0. Realizzati e assemblati con cura per creare armi da collezione realistiche.<\/p>\n<ul>\n<li>I metalli sono in una lega metallica nota come Zamac, la cui composizione di base \u00e8 zinco in 95%.<\/li>\n<li>Le parti in plastica delle repliche sono realizzate in ABS stampato, che offre una grande resistenza.<\/li>\n<li>Il legno scelto per la sua bellezza e durata, come il mogano, l'ulivo o il noce, conferir\u00e0 ai mozziconi e alle botti un aspetto elegante e autentico.<\/li>\n<\/ul>\n<p>Si noti che tutte le riproduzioni Denix sono identiche agli originali, come il vostro <strong>Pistola Edward Kenway<\/strong>.<\/p>","protected":false},"excerpt":{"rendered":"<p>Siate arroganti come Edward Kenway in Assassin's Creed Black Flag.<\/p>\n<ul>\n<li>Metallo bicolore (zamac) e legno massiccio.<\/li>\n<li>Pistole e colpi come quelli veri, ma \u00e8 assolutamente <strong>non idoneo a sparare<\/strong>.<\/li>\n<li>Non \u00e8 richiesta alcuna autorizzazione.<\/li>\n<li>Vendita e possesso gratuiti.<\/li>\n<li>Lunghezza totale: 39 cm - Peso: 690 gr.<\/li>\n<\/ul>","protected":false},"featured_media":25438,"template":"","meta":[],"product_brand":[896],"product_cat":[836,49,25,48,23,52,114],"product_tag":[],"class_list":{"0":"post-25437","1":"product","2":"type-product","3":"status-publish","4":"has-post-thumbnail","6":"product_brand-replique-manga-cine","7":"product_cat-armes-assassins-creed","8":"product_cat-armes-de-pirates","9":"product_cat-armes-historiques","10":"product_cat-epees-assassins-creed-armes-assassins-creed","11":"product_cat-repliques-manga-jeux-video","12":"product_cat-pistolet-ancien","13":"product_cat-pistolet-pirate","15":"first","16":"instock","17":"sale","18":"taxable","19":"shipping-taxable","20":"purchasable","21":"product-type-simple"},"yoast_head":"<!-- This site is optimized with the Yoast SEO plugin v27.4 - https:\/\/yoast.com\/product\/yoast-seo-wordpress\/ -->\n<title>Pistolet Edward Kenway - Assassin&#039;s Creed - Vente en ligne | RMC<\/title>\n<meta name=\"description\" content=\"Offrez-vous ce Pistolet Edward Kenway dans Assassin&#039;s Creed au meilleur prix - Bois massif - Simulation de tir - Echelle 1\/1 - Envoi 24\/48h\" \/>\n<meta name=\"robots\" content=\"index, follow, max-snippet:-1, max-image-preview:large, max-video-preview:-1\" \/>\n<link rel=\"canonical\" href=\"https:\/\/repliquemangacine.fr\/it\/armi-di-assassins-creed\/edward-kenway-pistola-a-pietra-focaia-italiana-assassin-s-creed-iv\/\" \/>\n<meta property=\"og:locale\" content=\"it_IT\" \/>\n<meta property=\"og:type\" content=\"article\" \/>\n<meta property=\"og:title\" content=\"Pistolet Edward Kenway - Assassin&#039;s Creed - Vente en ligne | RMC\" \/>\n<meta property=\"og:description\" content=\"Offrez-vous ce Pistolet Edward Kenway dans Assassin&#039;s Creed au meilleur prix - Bois massif - Simulation de tir - Echelle 1\/1 - Envoi 24\/48h\" \/>\n<meta property=\"og:url\" content=\"https:\/\/repliquemangacine.fr\/it\/armi-di-assassins-creed\/edward-kenway-pistola-a-pietra-focaia-italiana-assassin-s-creed-iv\/\" \/>\n<meta property=\"og:site_name\" content=\"R\u00e9plique Manga Cin\u00e9\" \/>\n<meta property=\"article:publisher\" content=\"https:\/\/www.facebook.com\/RepliqueMangaCine\" \/>\n<meta property=\"article:modified_time\" content=\"2025-12-05T10:55:30+00:00\" \/>\n<meta property=\"og:image\" content=\"https:\/\/repliquemangacine.fr\/wp-content\/uploads\/2023\/10\/227-Pistolet-a-silex-Edward-Kenway-Assassins-Creed-IV.jpg\" \/>\n\t<meta property=\"og:image:width\" content=\"800\" \/>\n\t<meta property=\"og:image:height\" content=\"800\" \/>\n\t<meta property=\"og:image:type\" content=\"image\/jpeg\" \/>\n<meta name=\"twitter:card\" content=\"summary_large_image\" \/>\n<meta name=\"twitter:label1\" content=\"Tempo di lettura stimato\" \/>\n\t<meta name=\"twitter:data1\" content=\"3 minuti\" \/>\n<script type=\"application\/ld+json\" class=\"yoast-schema-graph\">{\"@context\":\"https:\\\/\\\/schema.org\",\"@graph\":[{\"@type\":\"WebPage\",\"@id\":\"https:\\\/\\\/repliquemangacine.fr\\\/armes-assassins-creed\\\/pistolet-a-silex-italien-edward-kenway-assassin-s-creed-iv\\\/\",\"url\":\"https:\\\/\\\/repliquemangacine.fr\\\/armes-assassins-creed\\\/pistolet-a-silex-italien-edward-kenway-assassin-s-creed-iv\\\/\",\"name\":\"Pistolet Edward Kenway - Assassin's Creed - Vente en ligne | RMC\",\"isPartOf\":{\"@id\":\"https:\\\/\\\/repliquemangacine.fr\\\/#website\"},\"primaryImageOfPage\":{\"@id\":\"https:\\\/\\\/repliquemangacine.fr\\\/armes-assassins-creed\\\/pistolet-a-silex-italien-edward-kenway-assassin-s-creed-iv\\\/#primaryimage\"},\"image\":{\"@id\":\"https:\\\/\\\/repliquemangacine.fr\\\/armes-assassins-creed\\\/pistolet-a-silex-italien-edward-kenway-assassin-s-creed-iv\\\/#primaryimage\"},\"thumbnailUrl\":\"https:\\\/\\\/repliquemangacine.fr\\\/wp-content\\\/uploads\\\/2023\\\/10\\\/227-Pistolet-a-silex-Edward-Kenway-Assassins-Creed-IV.jpg\",\"datePublished\":\"2016-08-30T13:03:01+00:00\",\"dateModified\":\"2025-12-05T10:55:30+00:00\",\"description\":\"Offrez-vous ce Pistolet Edward Kenway dans Assassin's Creed au meilleur prix - Bois massif - Simulation de tir - Echelle 1\\\/1 - Envoi 24\\\/48h\",\"breadcrumb\":{\"@id\":\"https:\\\/\\\/repliquemangacine.fr\\\/armes-assassins-creed\\\/pistolet-a-silex-italien-edward-kenway-assassin-s-creed-iv\\\/#breadcrumb\"},\"inLanguage\":\"it-IT\",\"potentialAction\":[{\"@type\":\"ReadAction\",\"target\":[\"https:\\\/\\\/repliquemangacine.fr\\\/armes-assassins-creed\\\/pistolet-a-silex-italien-edward-kenway-assassin-s-creed-iv\\\/\"]}]},{\"@type\":\"ImageObject\",\"inLanguage\":\"it-IT\",\"@id\":\"https:\\\/\\\/repliquemangacine.fr\\\/armes-assassins-creed\\\/pistolet-a-silex-italien-edward-kenway-assassin-s-creed-iv\\\/#primaryimage\",\"url\":\"https:\\\/\\\/repliquemangacine.fr\\\/wp-content\\\/uploads\\\/2023\\\/10\\\/227-Pistolet-a-silex-Edward-Kenway-Assassins-Creed-IV.jpg\",\"contentUrl\":\"https:\\\/\\\/repliquemangacine.fr\\\/wp-content\\\/uploads\\\/2023\\\/10\\\/227-Pistolet-a-silex-Edward-Kenway-Assassins-Creed-IV.jpg\",\"width\":800,\"height\":800,\"caption\":\"Pistolet \u00e0 silex - Edward Kenway - Assassin's Creed IV\"},{\"@type\":\"BreadcrumbList\",\"@id\":\"https:\\\/\\\/repliquemangacine.fr\\\/armes-assassins-creed\\\/pistolet-a-silex-italien-edward-kenway-assassin-s-creed-iv\\\/#breadcrumb\",\"itemListElement\":[{\"@type\":\"ListItem\",\"position\":1,\"name\":\"Accueil\",\"item\":\"https:\\\/\\\/repliquemangacine.fr\\\/\"},{\"@type\":\"ListItem\",\"position\":2,\"name\":\"Produits\",\"item\":\"https:\\\/\\\/repliquemangacine.fr\\\/boutique\\\/\"},{\"@type\":\"ListItem\",\"position\":3,\"name\":\"Pistolet \u00e0 silex d&#8217;Edward Kenway Assassin&#8217;s Creed IV\"}]},{\"@type\":\"WebSite\",\"@id\":\"https:\\\/\\\/repliquemangacine.fr\\\/#website\",\"url\":\"https:\\\/\\\/repliquemangacine.fr\\\/\",\"name\":\"R\u00e9plique Manga Cin\u00e9\",\"description\":\"\",\"publisher\":{\"@id\":\"https:\\\/\\\/repliquemangacine.fr\\\/#organization\"},\"potentialAction\":[{\"@type\":\"SearchAction\",\"target\":{\"@type\":\"EntryPoint\",\"urlTemplate\":\"https:\\\/\\\/repliquemangacine.fr\\\/?s={search_term_string}\"},\"query-input\":{\"@type\":\"PropertyValueSpecification\",\"valueRequired\":true,\"valueName\":\"search_term_string\"}}],\"inLanguage\":\"it-IT\"},{\"@type\":\"Organization\",\"@id\":\"https:\\\/\\\/repliquemangacine.fr\\\/#organization\",\"name\":\"R\u00e9plique Manga Cin\u00e9\",\"url\":\"https:\\\/\\\/repliquemangacine.fr\\\/\",\"logo\":{\"@type\":\"ImageObject\",\"inLanguage\":\"it-IT\",\"@id\":\"https:\\\/\\\/repliquemangacine.fr\\\/#\\\/schema\\\/logo\\\/image\\\/\",\"url\":\"https:\\\/\\\/repliquemangacine.fr\\\/wp-content\\\/uploads\\\/2023\\\/10\\\/RMC-500250.png\",\"contentUrl\":\"https:\\\/\\\/repliquemangacine.fr\\\/wp-content\\\/uploads\\\/2023\\\/10\\\/RMC-500250.png\",\"width\":500,\"height\":250,\"caption\":\"R\u00e9plique Manga Cin\u00e9\"},\"image\":{\"@id\":\"https:\\\/\\\/repliquemangacine.fr\\\/#\\\/schema\\\/logo\\\/image\\\/\"},\"sameAs\":[\"https:\\\/\\\/www.facebook.com\\\/RepliqueMangaCine\",\"https:\\\/\\\/www.instagram.com\\\/repliquemangacine.fr\\\/\"]}]}<\/script>\n<!-- \/ Yoast SEO plugin. -->","yoast_head_json":{"title":"Pistola Edward Kenway - Assassin's Creed - Vendita online | RMC","description":"Regalati questa pistola di Edward Kenway in Assassin's Creed al miglior prezzo - Legno massiccio - Simulazione di tiro - Scala 1\/1 - Spedizione 24\/48h","robots":{"index":"index","follow":"follow","max-snippet":"max-snippet:-1","max-image-preview":"max-image-preview:large","max-video-preview":"max-video-preview:-1"},"canonical":"https:\/\/repliquemangacine.fr\/it\/armi-di-assassins-creed\/edward-kenway-pistola-a-pietra-focaia-italiana-assassin-s-creed-iv\/","og_locale":"it_IT","og_type":"article","og_title":"Pistolet Edward Kenway - Assassin's Creed - Vente en ligne | RMC","og_description":"Offrez-vous ce Pistolet Edward Kenway dans Assassin's Creed au meilleur prix - Bois massif - Simulation de tir - Echelle 1\/1 - Envoi 24\/48h","og_url":"https:\/\/repliquemangacine.fr\/it\/armi-di-assassins-creed\/edward-kenway-pistola-a-pietra-focaia-italiana-assassin-s-creed-iv\/","og_site_name":"R\u00e9plique Manga Cin\u00e9","article_publisher":"https:\/\/www.facebook.com\/RepliqueMangaCine","article_modified_time":"2025-12-05T10:55:30+00:00","og_image":[{"width":800,"height":800,"url":"https:\/\/repliquemangacine.fr\/wp-content\/uploads\/2023\/10\/227-Pistolet-a-silex-Edward-Kenway-Assassins-Creed-IV.jpg","type":"image\/jpeg"}],"twitter_card":"summary_large_image","twitter_misc":{"Tempo di lettura stimato":"3 minuti"},"schema":{"@context":"https:\/\/schema.org","@graph":[{"@type":"WebPage","@id":"https:\/\/repliquemangacine.fr\/armes-assassins-creed\/pistolet-a-silex-italien-edward-kenway-assassin-s-creed-iv\/","url":"https:\/\/repliquemangacine.fr\/armes-assassins-creed\/pistolet-a-silex-italien-edward-kenway-assassin-s-creed-iv\/","name":"Pistola Edward Kenway - Assassin's Creed - Vendita online | RMC","isPartOf":{"@id":"https:\/\/repliquemangacine.fr\/#website"},"primaryImageOfPage":{"@id":"https:\/\/repliquemangacine.fr\/armes-assassins-creed\/pistolet-a-silex-italien-edward-kenway-assassin-s-creed-iv\/#primaryimage"},"image":{"@id":"https:\/\/repliquemangacine.fr\/armes-assassins-creed\/pistolet-a-silex-italien-edward-kenway-assassin-s-creed-iv\/#primaryimage"},"thumbnailUrl":"https:\/\/repliquemangacine.fr\/wp-content\/uploads\/2023\/10\/227-Pistolet-a-silex-Edward-Kenway-Assassins-Creed-IV.jpg","datePublished":"2016-08-30T13:03:01+00:00","dateModified":"2025-12-05T10:55:30+00:00","description":"Regalati questa pistola di Edward Kenway in Assassin's Creed al miglior prezzo - Legno massiccio - Simulazione di tiro - Scala 1\/1 - Spedizione 24\/48h","breadcrumb":{"@id":"https:\/\/repliquemangacine.fr\/armes-assassins-creed\/pistolet-a-silex-italien-edward-kenway-assassin-s-creed-iv\/#breadcrumb"},"inLanguage":"it-IT","potentialAction":[{"@type":"ReadAction","target":["https:\/\/repliquemangacine.fr\/armes-assassins-creed\/pistolet-a-silex-italien-edward-kenway-assassin-s-creed-iv\/"]}]},{"@type":"ImageObject","inLanguage":"it-IT","@id":"https:\/\/repliquemangacine.fr\/armes-assassins-creed\/pistolet-a-silex-italien-edward-kenway-assassin-s-creed-iv\/#primaryimage","url":"https:\/\/repliquemangacine.fr\/wp-content\/uploads\/2023\/10\/227-Pistolet-a-silex-Edward-Kenway-Assassins-Creed-IV.jpg","contentUrl":"https:\/\/repliquemangacine.fr\/wp-content\/uploads\/2023\/10\/227-Pistolet-a-silex-Edward-Kenway-Assassins-Creed-IV.jpg","width":800,"height":800,"caption":"Pistolet \u00e0 silex - Edward Kenway - Assassin's Creed IV"},{"@type":"BreadcrumbList","@id":"https:\/\/repliquemangacine.fr\/armes-assassins-creed\/pistolet-a-silex-italien-edward-kenway-assassin-s-creed-iv\/#breadcrumb","itemListElement":[{"@type":"ListItem","position":1,"name":"Accueil","item":"https:\/\/repliquemangacine.fr\/"},{"@type":"ListItem","position":2,"name":"Produits","item":"https:\/\/repliquemangacine.fr\/boutique\/"},{"@type":"ListItem","position":3,"name":"Pistolet \u00e0 silex d&#8217;Edward Kenway Assassin&#8217;s Creed IV"}]},{"@type":"WebSite","@id":"https:\/\/repliquemangacine.fr\/#website","url":"https:\/\/repliquemangacine.fr\/","name":"R\u00e9plique Manga Cin\u00e9","description":"","publisher":{"@id":"https:\/\/repliquemangacine.fr\/#organization"},"potentialAction":[{"@type":"SearchAction","target":{"@type":"EntryPoint","urlTemplate":"https:\/\/repliquemangacine.fr\/?s={search_term_string}"},"query-input":{"@type":"PropertyValueSpecification","valueRequired":true,"valueName":"search_term_string"}}],"inLanguage":"it-IT"},{"@type":"Organization","@id":"https:\/\/repliquemangacine.fr\/#organization","name":"R\u00e9plique Manga Cin\u00e9","url":"https:\/\/repliquemangacine.fr\/","logo":{"@type":"ImageObject","inLanguage":"it-IT","@id":"https:\/\/repliquemangacine.fr\/#\/schema\/logo\/image\/","url":"https:\/\/repliquemangacine.fr\/wp-content\/uploads\/2023\/10\/RMC-500250.png","contentUrl":"https:\/\/repliquemangacine.fr\/wp-content\/uploads\/2023\/10\/RMC-500250.png","width":500,"height":250,"caption":"R\u00e9plique Manga Cin\u00e9"},"image":{"@id":"https:\/\/repliquemangacine.fr\/#\/schema\/logo\/image\/"},"sameAs":["https:\/\/www.facebook.com\/RepliqueMangaCine","https:\/\/www.instagram.com\/repliquemangacine.fr\/"]}]}},"_links":{"self":[{"href":"https:\/\/repliquemangacine.fr\/it\/wp-json\/wp\/v2\/product\/25437","targetHints":{"allow":["GET"]}}],"collection":[{"href":"https:\/\/repliquemangacine.fr\/it\/wp-json\/wp\/v2\/product"}],"about":[{"href":"https:\/\/repliquemangacine.fr\/it\/wp-json\/wp\/v2\/types\/product"}],"wp:featuredmedia":[{"embeddable":true,"href":"https:\/\/repliquemangacine.fr\/it\/wp-json\/wp\/v2\/media\/25438"}],"wp:attachment":[{"href":"https:\/\/repliquemangacine.fr\/it\/wp-json\/wp\/v2\/media?parent=25437"}],"wp:term":[{"taxonomy":"product_brand","embeddable":true,"href":"https:\/\/repliquemangacine.fr\/it\/wp-json\/wp\/v2\/product_brand?post=25437"},{"taxonomy":"product_cat","embeddable":true,"href":"https:\/\/repliquemangacine.fr\/it\/wp-json\/wp\/v2\/product_cat?post=25437"},{"taxonomy":"product_tag","embeddable":true,"href":"https:\/\/repliquemangacine.fr\/it\/wp-json\/wp\/v2\/product_tag?post=25437"}],"curies":[{"name":"wp","href":"https:\/\/api.w.org\/{rel}","templated":true}]}}