





{"id":25425,"date":"2016-08-29T19:01:05","date_gmt":"2016-08-29T17:01:05","guid":{"rendered":"https:\/\/repliquemangacine.fr\/?post_type=product&#038;p=25425"},"modified":"2025-09-25T16:55:26","modified_gmt":"2025-09-25T14:55:26","slug":"tomahawk-assassins-creed-ascia-connor-kenway","status":"publish","type":"product","link":"https:\/\/repliquemangacine.fr\/it\/armes-assassins-creed\/tomahawk-assassins-creed-hache-connor-kenway\/","title":{"rendered":"Tomahawk di Assassin's Creed"},"content":{"rendered":"<h2>Replica del Tomahawk di Assassin's Creed.<\/h2>\n<p>Per cominciare, il <strong>Tomahawk di Assassin's Creed<\/strong> \u00e8 l'ascia di Connor Kenway.<\/p>\n<p>Il vero nome di Connor <a href=\"https:\/\/assassinscreed.fandom.com\/fr\/wiki\/Ratonhnhak\u00e9:ton?so=search\" target=\"_blank\" rel=\"noopener noreferrer\">Ratonhnhak\u00e9<\/a>. Adottando lo pseudonimo di Connor, infonde nuova vita alla Confraternita ampliando la tenuta Davenport e rinnovando la sua nave ammiraglia, l'Aquila. Robert Faulkner lo nomina capitano, mentre Connor recluta altri sei Assassini.<\/p>\n<p>Il Tomahawk degli Assassini era una piccola ascia usata dall'Assassino Mohawk Connor Kenway nel XVIII secolo, durante la Rivoluzione Americana.<\/p>\n<p>Originariamente apparteneva a Jean de la Tour, il primo Assassino del Nuovo Mondo, prima di essere consegnato a Connor molti anni dopo. L'assassina della Louisiana Aveline de Grandpr\u00e9 ottenne a sua volta il tomahawk dopo aver incontrato Connor nel 1777, che la aiut\u00f2 a uccidere il templare George Davidson, membro del reggimento etiope di Lord Dunmore.<\/p>\n<h2>Il vostro Assassin's Creed Tomahawk al miglior prezzo.<\/h2>\n<p>Vi presentiamo tutte le repliche del vostro videogioco preferito Assassin's Creed.<\/p>\n<p>Innanzitutto,<\/p>\n<ul>\n<li>La replica del <a href=\"https:\/\/repliquemangacine.fr\/it\/assassins-creed\/edward-keway-pistola-a-pietra-focaia-replica-manga-cine\/\">pistola a pietra focaia<\/a> di Edward Kenway.<\/li>\n<li>Ma anche la pistola con l'ascia dei pirati, il <a href=\"https:\/\/repliquemangacine.fr\/it\/assassins-creed\/pistola-con-ascia-da-pirata-del-xviii-secolo\/\">Ascia per pistola<\/a> in Assassin's Creed Unity: Dead Kings.<\/li>\n<li>E molti altri da scoprire nel nostro negozio online!<\/li>\n<\/ul>\n<p>Se siete fan di Assassin's Creed, quest'ascia \u00e8 un'ottima aggiunta al vostro arsenale. Ecco perch\u00e9 \u00e8 un'ottima idea regalo per i fan.<\/p>\n<p>In conclusione, \u00e8 possibile utilizzare questo <strong>Tomahawk di Assassin's Creed<\/strong> per le sfilate di cosplay o le feste a tema. Ma soprattutto, quest'ascia \u00e8 un oggetto da collezione e un pezzo decorativo.<\/p>\n<h2>Come si effettua la manutenzione della lama dell'ascia?<\/h2>\n<p>Le katane da collezione e decorative sono realizzate e assemblate in modo semplificato. Poich\u00e9 il loro uso \u00e8 decorativo, non hanno le caratteristiche di sicurezza richieste da una spada giapponese destinata all'allenamento.<\/p>\n<p>Tuttavia, il vostro <strong>Tomahawk di Assassin's Creed<\/strong> a una lama d'acciaio che deve essere curata per evitare che si danneggi nel tempo. Quando si espone la katana, gli amici saranno curiosi di vedere la lama e di toccarla. \u00c8 qui che bisogna fare attenzione, perch\u00e9 l'acidit\u00e0 delle dita \u00e8 molto dannosa per l'acciaio, indipendentemente dalla sua qualit\u00e0.<\/p>\n<p>Tuttavia, se ci\u00f2 dovesse accadere, niente panico: basta un panno inumidito con un po' d'olio per eliminare le impronte. In questo modo, la spada durer\u00e0 a lungo.<\/p>\n<p>&nbsp;<\/p>","protected":false},"excerpt":{"rendered":"<p>Il Tomahawk dell'Assassino \u00e8 un'ascia utilizzata dall'Assassino Connor Kenway in Assassin's Creed III.<\/p>\n<ul>\n<li>Lama in acciaio a forma di simbolo dell'Assassino.<\/li>\n<li>Manico in legno con incisione e finiture in pelle scamosciata intorno all'impugnatura.<\/li>\n<li>Supporto in legno in dotazione.<\/li>\n<li>Lunghezza totale di 40 cm<\/li>\n<\/ul>","protected":false},"featured_media":25426,"template":"","meta":[],"product_brand":[896],"product_cat":[836,48,23],"product_tag":[],"class_list":{"0":"post-25425","1":"product","2":"type-product","3":"status-publish","4":"has-post-thumbnail","6":"product_brand-replique-manga-cine","7":"product_cat-armes-assassins-creed","8":"product_cat-epees-assassins-creed-armes-assassins-creed","9":"product_cat-repliques-manga-jeux-video","11":"first","12":"instock","13":"taxable","14":"shipping-taxable","15":"purchasable","16":"product-type-simple"},"yoast_head":"<!-- This site is optimized with the Yoast SEO plugin v27.4 - https:\/\/yoast.com\/product\/yoast-seo-wordpress\/ -->\n<title>Tomahawk Assassin&#039;s Creed - Hache - Boutique en ligne | RMC<\/title>\n<meta name=\"description\" content=\"Armez-vous du Tomahawk Assassin&#039;s Creed au meilleur prix - Lame en acier - Support - Longueur totale : 40 cm - Envoi 24\/48h\" \/>\n<meta name=\"robots\" content=\"index, follow, max-snippet:-1, max-image-preview:large, max-video-preview:-1\" \/>\n<link rel=\"canonical\" href=\"https:\/\/repliquemangacine.fr\/it\/armi-di-assassins-creed\/tomahawk-assassins-creed-ascia-connor-kenway\/\" \/>\n<meta property=\"og:locale\" content=\"it_IT\" \/>\n<meta property=\"og:type\" content=\"article\" \/>\n<meta property=\"og:title\" content=\"Tomahawk Assassin&#039;s Creed - Hache - Boutique en ligne | RMC\" \/>\n<meta property=\"og:description\" content=\"Armez-vous du Tomahawk Assassin&#039;s Creed au meilleur prix - Lame en acier - Support - Longueur totale : 40 cm - Envoi 24\/48h\" \/>\n<meta property=\"og:url\" content=\"https:\/\/repliquemangacine.fr\/it\/armi-di-assassins-creed\/tomahawk-assassins-creed-ascia-connor-kenway\/\" \/>\n<meta property=\"og:site_name\" content=\"R\u00e9plique Manga Cin\u00e9\" \/>\n<meta property=\"article:publisher\" content=\"https:\/\/www.facebook.com\/RepliqueMangaCine\" \/>\n<meta property=\"article:modified_time\" content=\"2025-09-25T14:55:26+00:00\" \/>\n<meta property=\"og:image\" content=\"https:\/\/repliquemangacine.fr\/wp-content\/uploads\/2023\/10\/217-Tomahawk-Connor-Kenway.jpg\" \/>\n\t<meta property=\"og:image:width\" content=\"800\" \/>\n\t<meta property=\"og:image:height\" content=\"800\" \/>\n\t<meta property=\"og:image:type\" content=\"image\/jpeg\" \/>\n<meta name=\"twitter:card\" content=\"summary_large_image\" \/>\n<meta name=\"twitter:label1\" content=\"Tempo di lettura stimato\" \/>\n\t<meta name=\"twitter:data1\" content=\"3 minuti\" \/>\n<script type=\"application\/ld+json\" class=\"yoast-schema-graph\">{\"@context\":\"https:\\\/\\\/schema.org\",\"@graph\":[{\"@type\":\"WebPage\",\"@id\":\"https:\\\/\\\/repliquemangacine.fr\\\/armes-assassins-creed\\\/tomahawk-assassins-creed-hache-connor-kenway\\\/\",\"url\":\"https:\\\/\\\/repliquemangacine.fr\\\/armes-assassins-creed\\\/tomahawk-assassins-creed-hache-connor-kenway\\\/\",\"name\":\"Tomahawk Assassin's Creed - Hache - Boutique en ligne | RMC\",\"isPartOf\":{\"@id\":\"https:\\\/\\\/repliquemangacine.fr\\\/#website\"},\"primaryImageOfPage\":{\"@id\":\"https:\\\/\\\/repliquemangacine.fr\\\/armes-assassins-creed\\\/tomahawk-assassins-creed-hache-connor-kenway\\\/#primaryimage\"},\"image\":{\"@id\":\"https:\\\/\\\/repliquemangacine.fr\\\/armes-assassins-creed\\\/tomahawk-assassins-creed-hache-connor-kenway\\\/#primaryimage\"},\"thumbnailUrl\":\"https:\\\/\\\/repliquemangacine.fr\\\/wp-content\\\/uploads\\\/2023\\\/10\\\/217-Tomahawk-Connor-Kenway.jpg\",\"datePublished\":\"2016-08-29T17:01:05+00:00\",\"dateModified\":\"2025-09-25T14:55:26+00:00\",\"description\":\"Armez-vous du Tomahawk Assassin's Creed au meilleur prix - Lame en acier - Support - Longueur totale : 40 cm - Envoi 24\\\/48h\",\"breadcrumb\":{\"@id\":\"https:\\\/\\\/repliquemangacine.fr\\\/armes-assassins-creed\\\/tomahawk-assassins-creed-hache-connor-kenway\\\/#breadcrumb\"},\"inLanguage\":\"it-IT\",\"potentialAction\":[{\"@type\":\"ReadAction\",\"target\":[\"https:\\\/\\\/repliquemangacine.fr\\\/armes-assassins-creed\\\/tomahawk-assassins-creed-hache-connor-kenway\\\/\"]}]},{\"@type\":\"ImageObject\",\"inLanguage\":\"it-IT\",\"@id\":\"https:\\\/\\\/repliquemangacine.fr\\\/armes-assassins-creed\\\/tomahawk-assassins-creed-hache-connor-kenway\\\/#primaryimage\",\"url\":\"https:\\\/\\\/repliquemangacine.fr\\\/wp-content\\\/uploads\\\/2023\\\/10\\\/217-Tomahawk-Connor-Kenway.jpg\",\"contentUrl\":\"https:\\\/\\\/repliquemangacine.fr\\\/wp-content\\\/uploads\\\/2023\\\/10\\\/217-Tomahawk-Connor-Kenway.jpg\",\"width\":800,\"height\":800,\"caption\":\"Tomahawk Assassin's Creed\"},{\"@type\":\"BreadcrumbList\",\"@id\":\"https:\\\/\\\/repliquemangacine.fr\\\/armes-assassins-creed\\\/tomahawk-assassins-creed-hache-connor-kenway\\\/#breadcrumb\",\"itemListElement\":[{\"@type\":\"ListItem\",\"position\":1,\"name\":\"Accueil\",\"item\":\"https:\\\/\\\/repliquemangacine.fr\\\/\"},{\"@type\":\"ListItem\",\"position\":2,\"name\":\"Produits\",\"item\":\"https:\\\/\\\/repliquemangacine.fr\\\/boutique\\\/\"},{\"@type\":\"ListItem\",\"position\":3,\"name\":\"Tomahawk Assassin&#8217;s Creed\"}]},{\"@type\":\"WebSite\",\"@id\":\"https:\\\/\\\/repliquemangacine.fr\\\/#website\",\"url\":\"https:\\\/\\\/repliquemangacine.fr\\\/\",\"name\":\"R\u00e9plique Manga Cin\u00e9\",\"description\":\"\",\"publisher\":{\"@id\":\"https:\\\/\\\/repliquemangacine.fr\\\/#organization\"},\"potentialAction\":[{\"@type\":\"SearchAction\",\"target\":{\"@type\":\"EntryPoint\",\"urlTemplate\":\"https:\\\/\\\/repliquemangacine.fr\\\/?s={search_term_string}\"},\"query-input\":{\"@type\":\"PropertyValueSpecification\",\"valueRequired\":true,\"valueName\":\"search_term_string\"}}],\"inLanguage\":\"it-IT\"},{\"@type\":\"Organization\",\"@id\":\"https:\\\/\\\/repliquemangacine.fr\\\/#organization\",\"name\":\"R\u00e9plique Manga Cin\u00e9\",\"url\":\"https:\\\/\\\/repliquemangacine.fr\\\/\",\"logo\":{\"@type\":\"ImageObject\",\"inLanguage\":\"it-IT\",\"@id\":\"https:\\\/\\\/repliquemangacine.fr\\\/#\\\/schema\\\/logo\\\/image\\\/\",\"url\":\"https:\\\/\\\/repliquemangacine.fr\\\/wp-content\\\/uploads\\\/2023\\\/10\\\/RMC-500250.png\",\"contentUrl\":\"https:\\\/\\\/repliquemangacine.fr\\\/wp-content\\\/uploads\\\/2023\\\/10\\\/RMC-500250.png\",\"width\":500,\"height\":250,\"caption\":\"R\u00e9plique Manga Cin\u00e9\"},\"image\":{\"@id\":\"https:\\\/\\\/repliquemangacine.fr\\\/#\\\/schema\\\/logo\\\/image\\\/\"},\"sameAs\":[\"https:\\\/\\\/www.facebook.com\\\/RepliqueMangaCine\",\"https:\\\/\\\/www.instagram.com\\\/repliquemangacine.fr\\\/\"]}]}<\/script>\n<!-- \/ Yoast SEO plugin. -->","yoast_head_json":{"title":"Tomahawk Assassin's Creed - Ascia - Boutique en ligne | RMC","description":"Armati con il Tomahawk di Assassin's Creed al miglior prezzo - Lama in acciaio - Supporto - Lunghezza totale: 40 cm - Spedizione 24\/48h","robots":{"index":"index","follow":"follow","max-snippet":"max-snippet:-1","max-image-preview":"max-image-preview:large","max-video-preview":"max-video-preview:-1"},"canonical":"https:\/\/repliquemangacine.fr\/it\/armi-di-assassins-creed\/tomahawk-assassins-creed-ascia-connor-kenway\/","og_locale":"it_IT","og_type":"article","og_title":"Tomahawk Assassin's Creed - Hache - Boutique en ligne | RMC","og_description":"Armez-vous du Tomahawk Assassin's Creed au meilleur prix - Lame en acier - Support - Longueur totale : 40 cm - Envoi 24\/48h","og_url":"https:\/\/repliquemangacine.fr\/it\/armi-di-assassins-creed\/tomahawk-assassins-creed-ascia-connor-kenway\/","og_site_name":"R\u00e9plique Manga Cin\u00e9","article_publisher":"https:\/\/www.facebook.com\/RepliqueMangaCine","article_modified_time":"2025-09-25T14:55:26+00:00","og_image":[{"width":800,"height":800,"url":"https:\/\/repliquemangacine.fr\/wp-content\/uploads\/2023\/10\/217-Tomahawk-Connor-Kenway.jpg","type":"image\/jpeg"}],"twitter_card":"summary_large_image","twitter_misc":{"Tempo di lettura stimato":"3 minuti"},"schema":{"@context":"https:\/\/schema.org","@graph":[{"@type":"WebPage","@id":"https:\/\/repliquemangacine.fr\/armes-assassins-creed\/tomahawk-assassins-creed-hache-connor-kenway\/","url":"https:\/\/repliquemangacine.fr\/armes-assassins-creed\/tomahawk-assassins-creed-hache-connor-kenway\/","name":"Tomahawk Assassin's Creed - Ascia - Boutique en ligne | RMC","isPartOf":{"@id":"https:\/\/repliquemangacine.fr\/#website"},"primaryImageOfPage":{"@id":"https:\/\/repliquemangacine.fr\/armes-assassins-creed\/tomahawk-assassins-creed-hache-connor-kenway\/#primaryimage"},"image":{"@id":"https:\/\/repliquemangacine.fr\/armes-assassins-creed\/tomahawk-assassins-creed-hache-connor-kenway\/#primaryimage"},"thumbnailUrl":"https:\/\/repliquemangacine.fr\/wp-content\/uploads\/2023\/10\/217-Tomahawk-Connor-Kenway.jpg","datePublished":"2016-08-29T17:01:05+00:00","dateModified":"2025-09-25T14:55:26+00:00","description":"Armati con il Tomahawk di Assassin's Creed al miglior prezzo - Lama in acciaio - Supporto - Lunghezza totale: 40 cm - Spedizione 24\/48h","breadcrumb":{"@id":"https:\/\/repliquemangacine.fr\/armes-assassins-creed\/tomahawk-assassins-creed-hache-connor-kenway\/#breadcrumb"},"inLanguage":"it-IT","potentialAction":[{"@type":"ReadAction","target":["https:\/\/repliquemangacine.fr\/armes-assassins-creed\/tomahawk-assassins-creed-hache-connor-kenway\/"]}]},{"@type":"ImageObject","inLanguage":"it-IT","@id":"https:\/\/repliquemangacine.fr\/armes-assassins-creed\/tomahawk-assassins-creed-hache-connor-kenway\/#primaryimage","url":"https:\/\/repliquemangacine.fr\/wp-content\/uploads\/2023\/10\/217-Tomahawk-Connor-Kenway.jpg","contentUrl":"https:\/\/repliquemangacine.fr\/wp-content\/uploads\/2023\/10\/217-Tomahawk-Connor-Kenway.jpg","width":800,"height":800,"caption":"Tomahawk Assassin's Creed"},{"@type":"BreadcrumbList","@id":"https:\/\/repliquemangacine.fr\/armes-assassins-creed\/tomahawk-assassins-creed-hache-connor-kenway\/#breadcrumb","itemListElement":[{"@type":"ListItem","position":1,"name":"Accueil","item":"https:\/\/repliquemangacine.fr\/"},{"@type":"ListItem","position":2,"name":"Produits","item":"https:\/\/repliquemangacine.fr\/boutique\/"},{"@type":"ListItem","position":3,"name":"Tomahawk Assassin&#8217;s Creed"}]},{"@type":"WebSite","@id":"https:\/\/repliquemangacine.fr\/#website","url":"https:\/\/repliquemangacine.fr\/","name":"R\u00e9plique Manga Cin\u00e9","description":"","publisher":{"@id":"https:\/\/repliquemangacine.fr\/#organization"},"potentialAction":[{"@type":"SearchAction","target":{"@type":"EntryPoint","urlTemplate":"https:\/\/repliquemangacine.fr\/?s={search_term_string}"},"query-input":{"@type":"PropertyValueSpecification","valueRequired":true,"valueName":"search_term_string"}}],"inLanguage":"it-IT"},{"@type":"Organization","@id":"https:\/\/repliquemangacine.fr\/#organization","name":"R\u00e9plique Manga Cin\u00e9","url":"https:\/\/repliquemangacine.fr\/","logo":{"@type":"ImageObject","inLanguage":"it-IT","@id":"https:\/\/repliquemangacine.fr\/#\/schema\/logo\/image\/","url":"https:\/\/repliquemangacine.fr\/wp-content\/uploads\/2023\/10\/RMC-500250.png","contentUrl":"https:\/\/repliquemangacine.fr\/wp-content\/uploads\/2023\/10\/RMC-500250.png","width":500,"height":250,"caption":"R\u00e9plique Manga Cin\u00e9"},"image":{"@id":"https:\/\/repliquemangacine.fr\/#\/schema\/logo\/image\/"},"sameAs":["https:\/\/www.facebook.com\/RepliqueMangaCine","https:\/\/www.instagram.com\/repliquemangacine.fr\/"]}]}},"_links":{"self":[{"href":"https:\/\/repliquemangacine.fr\/it\/wp-json\/wp\/v2\/product\/25425","targetHints":{"allow":["GET"]}}],"collection":[{"href":"https:\/\/repliquemangacine.fr\/it\/wp-json\/wp\/v2\/product"}],"about":[{"href":"https:\/\/repliquemangacine.fr\/it\/wp-json\/wp\/v2\/types\/product"}],"wp:featuredmedia":[{"embeddable":true,"href":"https:\/\/repliquemangacine.fr\/it\/wp-json\/wp\/v2\/media\/25426"}],"wp:attachment":[{"href":"https:\/\/repliquemangacine.fr\/it\/wp-json\/wp\/v2\/media?parent=25425"}],"wp:term":[{"taxonomy":"product_brand","embeddable":true,"href":"https:\/\/repliquemangacine.fr\/it\/wp-json\/wp\/v2\/product_brand?post=25425"},{"taxonomy":"product_cat","embeddable":true,"href":"https:\/\/repliquemangacine.fr\/it\/wp-json\/wp\/v2\/product_cat?post=25425"},{"taxonomy":"product_tag","embeddable":true,"href":"https:\/\/repliquemangacine.fr\/it\/wp-json\/wp\/v2\/product_tag?post=25425"}],"curies":[{"name":"wp","href":"https:\/\/api.w.org\/{rel}","templated":true}]}}