





{"id":25416,"date":"2016-08-29T18:13:53","date_gmt":"2016-08-29T16:13:53","guid":{"rendered":"https:\/\/repliquemangacine.fr\/?post_type=product&#038;p=25416"},"modified":"2025-11-30T12:43:10","modified_gmt":"2025-11-30T11:43:10","slug":"pugnale-altair-assassin-s-creed","status":"publish","type":"product","link":"https:\/\/repliquemangacine.fr\/it\/armes-assassins-creed\/dague-poignard-d-altair-assassin-s-creed\/","title":{"rendered":"Pugnale Alta\u00efr"},"content":{"rendered":"<h2>Il pugnale di Alta\u00efr in Assassin's Creed.<\/h2>\n<p>Per cominciare, il <strong>Pugnale Alta\u00efr<\/strong> \u00e8 una delle quattro armi di Altair.<\/p>\n<p>Alta\u00efr \u00e8 un membro della confraternita degli Assassini. Alle prese con una missione mal gestita, si ritrova privato del grado di \"Maestro Assassino\". Tuttavia, il suo mentore vede in lui un buon elemento e decide di dargli una seconda possibilit\u00e0. Alta\u00efr \u00e8 quindi costretto a compiere nove omicidi per riconquistare il suo onore e il suo grado.<\/p>\n<p>Altair era un <a href=\"https:\/\/assassinscreed.fandom.com\/fr\/wiki\/Ma\u00eetre_Assassin\" target=\"_blank\" rel=\"noopener noreferrer\">Maestro Assassino<\/a>Era capace di incredibili prodezze acrobatiche, che metteva a frutto nella sua arte mortale. Sovrallenato, era in grado di superare qualsiasi ostacolo.<\/p>\n<p>Come gli altri Assassini, \u00e8 stato addestrato anche alle tecniche di assassinio furtivo, al combattimento corpo a corpo e al combattimento armato, oltre che al lancio di armi.<\/p>\n<h2>Il vostro Pugnale di Altair al miglior prezzo.<\/h2>\n<p>Vi presentiamo tutte le repliche del vostro videogioco preferito Assassin's Creed.<\/p>\n<p>Innanzitutto,<\/p>\n<ul>\n<li>Le <a href=\"https:\/\/repliquemangacine.fr\/it\/assassins-creed\/tomahawk-des-assassins-hache-connor-kenway\/\">Tomahawk degli assassini<\/a> che \u00e8 stato usato dall'assassino Mohawk Connor Kenway.<\/li>\n<li>In Assassin's Creed Unity: Dead Kings \u00e8 presente anche la pistola-ascia pirata, la Gun Axe.<\/li>\n<li>E molti altri da scoprire nel nostro negozio online!<\/li>\n<\/ul>\n<p>Se siete fan di Assassin's Creed, questo pugnale \u00e8 un'ottima aggiunta al vostro arsenale. Ecco perch\u00e9 \u00e8 un'ottima idea regalo per i fan.<\/p>\n<p>In conclusione, \u00e8 possibile utilizzare questo <strong>Pugnale Alta\u00efr<\/strong> per le vostre sfilate cosplay o serate a tema. Ma soprattutto, questo pugnale \u00e8 un oggetto da collezione e un pezzo decorativo.<\/p>\n<h2>Come faccio a mantenere la lama del mio pugnale?<\/h2>\n<p>I pugnali da collezione e decorativi sono realizzati e assemblati in modo semplificato. Poich\u00e9 il loro uso \u00e8 decorativo, non hanno le caratteristiche di sicurezza richieste per una spada giapponese destinata all'allenamento.<\/p>\n<p>Tuttavia, il vostro <strong>Pugnale di Alta\u00efr<\/strong> a una lama d'acciaio che deve essere curata per evitare che si danneggi nel tempo. Quando si espone la katana, gli amici saranno curiosi di vedere la lama e di toccarla. \u00c8 qui che bisogna fare attenzione, perch\u00e9 l'acidit\u00e0 delle dita \u00e8 molto dannosa per l'acciaio, indipendentemente dalla sua qualit\u00e0.<\/p>\n<p>Tuttavia, se ci\u00f2 dovesse accadere, niente panico: basta un panno inumidito con un po' d'olio per eliminare le impronte. In questo modo, la spada durer\u00e0 a lungo.<\/p>\n<p><strong>\u00a0<\/strong><\/p>","protected":false},"excerpt":{"rendered":"<p>Alta\u00efr ha quattro armi, che raccoglie una per una.<\/p>\n<ul>\n<li>Lama in acciaio serigrafato non tagliente.<\/li>\n<li>Manico in acciaio a forma di scala.<\/li>\n<li>Fornito con custodia in pelle per il trasporto.<\/li>\n<\/ul>\n<p>Lunghezza lama: 38,5 cm - Lunghezza totale: 57 cm - Peso: 760 gr.<\/p>","protected":false},"featured_media":25417,"template":"","meta":[],"product_brand":[896],"product_cat":[836,48,23],"product_tag":[],"class_list":{"0":"post-25416","1":"product","2":"type-product","3":"status-publish","4":"has-post-thumbnail","6":"product_brand-replique-manga-cine","7":"product_cat-armes-assassins-creed","8":"product_cat-epees-assassins-creed-armes-assassins-creed","9":"product_cat-repliques-manga-jeux-video","11":"first","12":"instock","13":"taxable","14":"shipping-taxable","15":"purchasable","16":"product-type-simple"},"yoast_head":"<!-- This site is optimized with the Yoast SEO plugin v27.4 - https:\/\/yoast.com\/product\/yoast-seo-wordpress\/ -->\n<title>Dague Poignard d&#039;Alta\u00efr Assassin&#039;s Creed - Vente en ligne | RMC<\/title>\n<meta name=\"description\" content=\"Offrez-vous vite ! la Dague Poignard d&#039;Alta\u00efr dans Assassin&#039;s Creed au meilleur prix. Lame acier - Fourreau - Longueur totale : 57cm - Envoi 24\/48h\" \/>\n<meta name=\"robots\" content=\"index, follow, max-snippet:-1, max-image-preview:large, max-video-preview:-1\" \/>\n<link rel=\"canonical\" href=\"https:\/\/repliquemangacine.fr\/it\/armi-di-assassins-creed\/pugnale-altair-assassin-s-creed\/\" \/>\n<meta property=\"og:locale\" content=\"it_IT\" \/>\n<meta property=\"og:type\" content=\"article\" \/>\n<meta property=\"og:title\" content=\"Dague Poignard d&#039;Alta\u00efr Assassin&#039;s Creed - Vente en ligne | RMC\" \/>\n<meta property=\"og:description\" content=\"Offrez-vous vite ! la Dague Poignard d&#039;Alta\u00efr dans Assassin&#039;s Creed au meilleur prix. Lame acier - Fourreau - Longueur totale : 57cm - Envoi 24\/48h\" \/>\n<meta property=\"og:url\" content=\"https:\/\/repliquemangacine.fr\/it\/armi-di-assassins-creed\/pugnale-altair-assassin-s-creed\/\" \/>\n<meta property=\"og:site_name\" content=\"R\u00e9plique Manga Cin\u00e9\" \/>\n<meta property=\"article:publisher\" content=\"https:\/\/www.facebook.com\/RepliqueMangaCine\" \/>\n<meta property=\"article:modified_time\" content=\"2025-11-30T11:43:10+00:00\" \/>\n<meta property=\"og:image\" content=\"https:\/\/repliquemangacine.fr\/wp-content\/uploads\/2023\/10\/210-Dague-Poignard-dAltair-Assassins-Creed-lame.jpg\" \/>\n\t<meta property=\"og:image:width\" content=\"800\" \/>\n\t<meta property=\"og:image:height\" content=\"800\" \/>\n\t<meta property=\"og:image:type\" content=\"image\/jpeg\" \/>\n<meta name=\"twitter:card\" content=\"summary_large_image\" \/>\n<meta name=\"twitter:label1\" content=\"Tempo di lettura stimato\" \/>\n\t<meta name=\"twitter:data1\" content=\"2 minuti\" \/>\n<script type=\"application\/ld+json\" class=\"yoast-schema-graph\">{\"@context\":\"https:\\\/\\\/schema.org\",\"@graph\":[{\"@type\":\"WebPage\",\"@id\":\"https:\\\/\\\/repliquemangacine.fr\\\/de\\\/waffen-assassins-creed\\\/dolch-dolch-von-altair-assassin-s-creed\\\/\",\"url\":\"https:\\\/\\\/repliquemangacine.fr\\\/de\\\/waffen-assassins-creed\\\/dolch-dolch-von-altair-assassin-s-creed\\\/\",\"name\":\"Dague Poignard d'Alta\u00efr Assassin's Creed - Vente en ligne | RMC\",\"isPartOf\":{\"@id\":\"https:\\\/\\\/repliquemangacine.fr\\\/#website\"},\"primaryImageOfPage\":{\"@id\":\"https:\\\/\\\/repliquemangacine.fr\\\/de\\\/waffen-assassins-creed\\\/dolch-dolch-von-altair-assassin-s-creed\\\/#primaryimage\"},\"image\":{\"@id\":\"https:\\\/\\\/repliquemangacine.fr\\\/de\\\/waffen-assassins-creed\\\/dolch-dolch-von-altair-assassin-s-creed\\\/#primaryimage\"},\"thumbnailUrl\":\"https:\\\/\\\/repliquemangacine.fr\\\/wp-content\\\/uploads\\\/2023\\\/10\\\/210-Dague-Poignard-dAltair-Assassins-Creed-lame.jpg\",\"datePublished\":\"2016-08-29T16:13:53+00:00\",\"dateModified\":\"2025-11-30T11:43:10+00:00\",\"description\":\"Offrez-vous vite ! la Dague Poignard d'Alta\u00efr dans Assassin's Creed au meilleur prix. Lame acier - Fourreau - Longueur totale : 57cm - Envoi 24\\\/48h\",\"breadcrumb\":{\"@id\":\"https:\\\/\\\/repliquemangacine.fr\\\/de\\\/waffen-assassins-creed\\\/dolch-dolch-von-altair-assassin-s-creed\\\/#breadcrumb\"},\"inLanguage\":\"it-IT\",\"potentialAction\":[{\"@type\":\"ReadAction\",\"target\":[\"https:\\\/\\\/repliquemangacine.fr\\\/de\\\/waffen-assassins-creed\\\/dolch-dolch-von-altair-assassin-s-creed\\\/\"]}]},{\"@type\":\"ImageObject\",\"inLanguage\":\"it-IT\",\"@id\":\"https:\\\/\\\/repliquemangacine.fr\\\/de\\\/waffen-assassins-creed\\\/dolch-dolch-von-altair-assassin-s-creed\\\/#primaryimage\",\"url\":\"https:\\\/\\\/repliquemangacine.fr\\\/wp-content\\\/uploads\\\/2023\\\/10\\\/210-Dague-Poignard-dAltair-Assassins-Creed-lame.jpg\",\"contentUrl\":\"https:\\\/\\\/repliquemangacine.fr\\\/wp-content\\\/uploads\\\/2023\\\/10\\\/210-Dague-Poignard-dAltair-Assassins-Creed-lame.jpg\",\"width\":800,\"height\":800,\"caption\":\"Dague Poignard d'Alta\u00efr - Assassin's Creed lame\"},{\"@type\":\"BreadcrumbList\",\"@id\":\"https:\\\/\\\/repliquemangacine.fr\\\/de\\\/waffen-assassins-creed\\\/dolch-dolch-von-altair-assassin-s-creed\\\/#breadcrumb\",\"itemListElement\":[{\"@type\":\"ListItem\",\"position\":1,\"name\":\"Accueil\",\"item\":\"https:\\\/\\\/repliquemangacine.fr\\\/\"},{\"@type\":\"ListItem\",\"position\":2,\"name\":\"Produits\",\"item\":\"https:\\\/\\\/repliquemangacine.fr\\\/boutique\\\/\"},{\"@type\":\"ListItem\",\"position\":3,\"name\":\"Dague Poignard d&#8217;Alta\u00efr\"}]},{\"@type\":\"WebSite\",\"@id\":\"https:\\\/\\\/repliquemangacine.fr\\\/#website\",\"url\":\"https:\\\/\\\/repliquemangacine.fr\\\/\",\"name\":\"R\u00e9plique Manga Cin\u00e9\",\"description\":\"\",\"publisher\":{\"@id\":\"https:\\\/\\\/repliquemangacine.fr\\\/#organization\"},\"potentialAction\":[{\"@type\":\"SearchAction\",\"target\":{\"@type\":\"EntryPoint\",\"urlTemplate\":\"https:\\\/\\\/repliquemangacine.fr\\\/?s={search_term_string}\"},\"query-input\":{\"@type\":\"PropertyValueSpecification\",\"valueRequired\":true,\"valueName\":\"search_term_string\"}}],\"inLanguage\":\"it-IT\"},{\"@type\":\"Organization\",\"@id\":\"https:\\\/\\\/repliquemangacine.fr\\\/#organization\",\"name\":\"R\u00e9plique Manga Cin\u00e9\",\"url\":\"https:\\\/\\\/repliquemangacine.fr\\\/\",\"logo\":{\"@type\":\"ImageObject\",\"inLanguage\":\"it-IT\",\"@id\":\"https:\\\/\\\/repliquemangacine.fr\\\/#\\\/schema\\\/logo\\\/image\\\/\",\"url\":\"https:\\\/\\\/repliquemangacine.fr\\\/wp-content\\\/uploads\\\/2023\\\/10\\\/RMC-500250.png\",\"contentUrl\":\"https:\\\/\\\/repliquemangacine.fr\\\/wp-content\\\/uploads\\\/2023\\\/10\\\/RMC-500250.png\",\"width\":500,\"height\":250,\"caption\":\"R\u00e9plique Manga Cin\u00e9\"},\"image\":{\"@id\":\"https:\\\/\\\/repliquemangacine.fr\\\/#\\\/schema\\\/logo\\\/image\\\/\"},\"sameAs\":[\"https:\\\/\\\/www.facebook.com\\\/RepliqueMangaCine\",\"https:\\\/\\\/www.instagram.com\\\/repliquemangacine.fr\\\/\"]}]}<\/script>\n<!-- \/ Yoast SEO plugin. -->","yoast_head_json":{"title":"Pugnale Alta\u00efr Assassin's Creed - Vendita online | RMC","description":"Regalati il Pugnale di Alta\u00efr di Assassin's Creed al miglior prezzo. Lama in acciaio - Fodero - Lunghezza totale: 57cm - Spedizione 24\/48h","robots":{"index":"index","follow":"follow","max-snippet":"max-snippet:-1","max-image-preview":"max-image-preview:large","max-video-preview":"max-video-preview:-1"},"canonical":"https:\/\/repliquemangacine.fr\/it\/armi-di-assassins-creed\/pugnale-altair-assassin-s-creed\/","og_locale":"it_IT","og_type":"article","og_title":"Dague Poignard d'Alta\u00efr Assassin's Creed - Vente en ligne | RMC","og_description":"Offrez-vous vite ! la Dague Poignard d'Alta\u00efr dans Assassin's Creed au meilleur prix. Lame acier - Fourreau - Longueur totale : 57cm - Envoi 24\/48h","og_url":"https:\/\/repliquemangacine.fr\/it\/armi-di-assassins-creed\/pugnale-altair-assassin-s-creed\/","og_site_name":"R\u00e9plique Manga Cin\u00e9","article_publisher":"https:\/\/www.facebook.com\/RepliqueMangaCine","article_modified_time":"2025-11-30T11:43:10+00:00","og_image":[{"width":800,"height":800,"url":"https:\/\/repliquemangacine.fr\/wp-content\/uploads\/2023\/10\/210-Dague-Poignard-dAltair-Assassins-Creed-lame.jpg","type":"image\/jpeg"}],"twitter_card":"summary_large_image","twitter_misc":{"Tempo di lettura stimato":"2 minuti"},"schema":{"@context":"https:\/\/schema.org","@graph":[{"@type":"WebPage","@id":"https:\/\/repliquemangacine.fr\/de\/waffen-assassins-creed\/dolch-dolch-von-altair-assassin-s-creed\/","url":"https:\/\/repliquemangacine.fr\/de\/waffen-assassins-creed\/dolch-dolch-von-altair-assassin-s-creed\/","name":"Pugnale Alta\u00efr Assassin's Creed - Vendita online | RMC","isPartOf":{"@id":"https:\/\/repliquemangacine.fr\/#website"},"primaryImageOfPage":{"@id":"https:\/\/repliquemangacine.fr\/de\/waffen-assassins-creed\/dolch-dolch-von-altair-assassin-s-creed\/#primaryimage"},"image":{"@id":"https:\/\/repliquemangacine.fr\/de\/waffen-assassins-creed\/dolch-dolch-von-altair-assassin-s-creed\/#primaryimage"},"thumbnailUrl":"https:\/\/repliquemangacine.fr\/wp-content\/uploads\/2023\/10\/210-Dague-Poignard-dAltair-Assassins-Creed-lame.jpg","datePublished":"2016-08-29T16:13:53+00:00","dateModified":"2025-11-30T11:43:10+00:00","description":"Regalati il Pugnale di Alta\u00efr di Assassin's Creed al miglior prezzo. Lama in acciaio - Fodero - Lunghezza totale: 57cm - Spedizione 24\/48h","breadcrumb":{"@id":"https:\/\/repliquemangacine.fr\/de\/waffen-assassins-creed\/dolch-dolch-von-altair-assassin-s-creed\/#breadcrumb"},"inLanguage":"it-IT","potentialAction":[{"@type":"ReadAction","target":["https:\/\/repliquemangacine.fr\/de\/waffen-assassins-creed\/dolch-dolch-von-altair-assassin-s-creed\/"]}]},{"@type":"ImageObject","inLanguage":"it-IT","@id":"https:\/\/repliquemangacine.fr\/de\/waffen-assassins-creed\/dolch-dolch-von-altair-assassin-s-creed\/#primaryimage","url":"https:\/\/repliquemangacine.fr\/wp-content\/uploads\/2023\/10\/210-Dague-Poignard-dAltair-Assassins-Creed-lame.jpg","contentUrl":"https:\/\/repliquemangacine.fr\/wp-content\/uploads\/2023\/10\/210-Dague-Poignard-dAltair-Assassins-Creed-lame.jpg","width":800,"height":800,"caption":"Dague Poignard d'Alta\u00efr - Assassin's Creed lame"},{"@type":"BreadcrumbList","@id":"https:\/\/repliquemangacine.fr\/de\/waffen-assassins-creed\/dolch-dolch-von-altair-assassin-s-creed\/#breadcrumb","itemListElement":[{"@type":"ListItem","position":1,"name":"Accueil","item":"https:\/\/repliquemangacine.fr\/"},{"@type":"ListItem","position":2,"name":"Produits","item":"https:\/\/repliquemangacine.fr\/boutique\/"},{"@type":"ListItem","position":3,"name":"Dague Poignard d&#8217;Alta\u00efr"}]},{"@type":"WebSite","@id":"https:\/\/repliquemangacine.fr\/#website","url":"https:\/\/repliquemangacine.fr\/","name":"R\u00e9plique Manga Cin\u00e9","description":"","publisher":{"@id":"https:\/\/repliquemangacine.fr\/#organization"},"potentialAction":[{"@type":"SearchAction","target":{"@type":"EntryPoint","urlTemplate":"https:\/\/repliquemangacine.fr\/?s={search_term_string}"},"query-input":{"@type":"PropertyValueSpecification","valueRequired":true,"valueName":"search_term_string"}}],"inLanguage":"it-IT"},{"@type":"Organization","@id":"https:\/\/repliquemangacine.fr\/#organization","name":"R\u00e9plique Manga Cin\u00e9","url":"https:\/\/repliquemangacine.fr\/","logo":{"@type":"ImageObject","inLanguage":"it-IT","@id":"https:\/\/repliquemangacine.fr\/#\/schema\/logo\/image\/","url":"https:\/\/repliquemangacine.fr\/wp-content\/uploads\/2023\/10\/RMC-500250.png","contentUrl":"https:\/\/repliquemangacine.fr\/wp-content\/uploads\/2023\/10\/RMC-500250.png","width":500,"height":250,"caption":"R\u00e9plique Manga Cin\u00e9"},"image":{"@id":"https:\/\/repliquemangacine.fr\/#\/schema\/logo\/image\/"},"sameAs":["https:\/\/www.facebook.com\/RepliqueMangaCine","https:\/\/www.instagram.com\/repliquemangacine.fr\/"]}]}},"_links":{"self":[{"href":"https:\/\/repliquemangacine.fr\/it\/wp-json\/wp\/v2\/product\/25416","targetHints":{"allow":["GET"]}}],"collection":[{"href":"https:\/\/repliquemangacine.fr\/it\/wp-json\/wp\/v2\/product"}],"about":[{"href":"https:\/\/repliquemangacine.fr\/it\/wp-json\/wp\/v2\/types\/product"}],"wp:featuredmedia":[{"embeddable":true,"href":"https:\/\/repliquemangacine.fr\/it\/wp-json\/wp\/v2\/media\/25417"}],"wp:attachment":[{"href":"https:\/\/repliquemangacine.fr\/it\/wp-json\/wp\/v2\/media?parent=25416"}],"wp:term":[{"taxonomy":"product_brand","embeddable":true,"href":"https:\/\/repliquemangacine.fr\/it\/wp-json\/wp\/v2\/product_brand?post=25416"},{"taxonomy":"product_cat","embeddable":true,"href":"https:\/\/repliquemangacine.fr\/it\/wp-json\/wp\/v2\/product_cat?post=25416"},{"taxonomy":"product_tag","embeddable":true,"href":"https:\/\/repliquemangacine.fr\/it\/wp-json\/wp\/v2\/product_tag?post=25416"}],"curies":[{"name":"wp","href":"https:\/\/api.w.org\/{rel}","templated":true}]}}