





{"id":25400,"date":"2016-08-28T15:43:01","date_gmt":"2016-08-28T13:43:01","guid":{"rendered":"https:\/\/repliquemangacine.fr\/?post_type=product&#038;p=25400"},"modified":"2026-02-20T17:16:42","modified_gmt":"2026-02-20T16:16:42","slug":"naruto-kunai-grande","status":"publish","type":"product","link":"https:\/\/repliquemangacine.fr\/it\/kunai-et-shuriken-naruto\/grand-kunai-naruto\/","title":{"rendered":"Naruto kunai grande"},"content":{"rendered":"<h2>Grande kunai di Naruto interamente in metallo<\/h2>\n<p>Le <strong>Naruto kunai grande<\/strong> \u00e8 essenziale per far crescere la vostra collezione.<\/p>\n<p>Per cominciare, il Kunai, un'arma bianca usata in passato dai ninja (il termine shinobi in Naruto), che pu\u00f2 essere usata come arma da lancio. Quest'arma ninja ha una punta appuntita a forma di coltello. La sua lunghezza media \u00e8 pari a quella di una mano.<\/p>\n<p><a href=\"https:\/\/naruto.fandom.com\/fr\/wiki\/Shurikenjutsu\" target=\"_blank\" rel=\"noopener noreferrer\">Shurikenjutsu<\/a> (Significato: Tecniche di spada nascosta nella mano), arte marziale che si riferisce alle tecniche di lancio di shuriken, Kunai, Senbon o qualsiasi altra arma da lancio, come le stelle ninja.<\/p>\n<p>In Naruto ci sono diversi modelli di kunai, come :<\/p>\n<ul>\n<li>Minato Namikaze, che utilizza <a href=\"https:\/\/repliquemangacine.fr\/it\/katana-chicche-naruto-kunai\/kunai-yondaime-minato-namikaze\/\">kunai a tre lame<\/a> dandogli il soprannome di \"Fulmine Giallo di Konoha\".<\/li>\n<li>Kabuto usa un'arma da lancio senza anello per uccidere un membro degli Anbu.<\/li>\n<\/ul>\n<h2>Kunai grande Naruto a buon mercato<\/h2>\n<p>R\u00e9plique Manga Cin\u00e9 vi offre un'ampia gamma di Kuna\u00ef ai migliori prezzi:<\/p>\n<ul>\n<li>Tutti <a href=\"https:\/\/repliquemangacine.fr\/it\/katana-chicche-naruto-kunai\/3-kunai-di-naruto\/\">tre kunai con incisione<\/a> l'emblema di Naruto.<\/li>\n<li>Cos\u00ec come il <a href=\"https:\/\/repliquemangacine.fr\/it\/naruto\/kunai-yondaime-minato-namikaze\/\">Il kunai di Minato<\/a>con i suoi tre punti e l'incisione del suo sigillo.<\/li>\n<li>C'\u00e8 anche un cerchietto di Konoha con un simbolo.<\/li>\n<li>E molto altro ancora da scoprire nel nostro negozio online!<\/li>\n<\/ul>\n<p>Ecco perch\u00e9 questa \u00e8 un'ottima idea regalo per tutti i fan di Naruto.<strong><br \/>\n<\/strong><\/p>\n<p>In conclusione, potete utilizzare questo Grand Kuna\u00ef per le vostre sfilate di Cosplay o per le vostre serate a tema.<\/p>\n<h2>Trovate le ultime uscite di Naruto al miglior prezzo.<\/h2>\n<p>Sempre all'avanguardia nell'innovazione, vi offriamo :<\/p>\n<ul>\n<li>Il superbo <a href=\"https:\/\/repliquemangacine.fr\/it\/katana-chicche-naruto-kunai\/3-kunai-di-naruto\/\">Cofanetto Naruto<\/a> e le sue 28 stanze, dove potrete scoprire un cerchietto di Konoha, un <strong>grande Naruto Kunai...<\/strong><\/li>\n<li>Le <a href=\"https:\/\/repliquemangacine.fr\/it\/katana-chicche-naruto-kunai\/katana-boruto-sasuke-naruto\/\">La katana di Boruto<\/a> utilizzato da Sasuke per insegnare a Boruto come usarlo in Naruto Next Generations.<\/li>\n<\/ul>\n<p>Inoltre, presto offriremo wallscroll, tazze e statuette.<\/p>\n<p>R\u00e9plique Manga Cin\u00e9 \u00e8 un'azienda familiare francese.<\/p>\n<p><strong>Si prega di notare che tutte le nostre repliche sono oggetti da collezione e decorazioni. Possono essere utilizzate per le sfilate di cosplay o per la decorazione di interni. Di conseguenza, non \u00e8 possibile andare in luoghi pubblici con queste repliche.<\/strong><\/p>\n<p>&nbsp;<\/p>","protected":false},"excerpt":{"rendered":"<p>Si vedono spesso con i personaggi di Naruto che praticano lo Shuriken-jutsu (Spada nascosta in mano), che prevede il lancio di un kunai.<\/p>\n<ul>\n<li>Realizzato interamente in metallo in un unico pezzo.<\/li>\n<li>Un filo di cotone circonda il manico per una presa sicura.<\/li>\n<li>La punta del kunai \u00e8 smussata per una maggiore sicurezza.<\/li>\n<li>Non \u00e8 affilato.<\/li>\n<li>Lunghezza totale: 24,5 cm<\/li>\n<\/ul>","protected":false},"featured_media":25401,"template":"","meta":[],"product_brand":[896],"product_cat":[108],"product_tag":[],"class_list":{"0":"post-25400","1":"product","2":"type-product","3":"status-publish","4":"has-post-thumbnail","6":"product_brand-replique-manga-cine","7":"product_cat-kunai-et-shuriken-naruto","9":"first","10":"instock","11":"taxable","12":"shipping-taxable","13":"purchasable","14":"product-type-simple"},"yoast_head":"<!-- This site is optimized with the Yoast SEO plugin v27.4 - https:\/\/yoast.com\/product\/yoast-seo-wordpress\/ -->\n<title>Grand Kuna\u00ef Naruto - Shuriken Naruto | R\u00e9plique Manga Cin\u00e9<\/title>\n<meta name=\"description\" content=\"Achetez vite ! Ce Grand Kuna\u00ef Naruto m\u00e9tal en grand mod\u00e8le au meilleur prix. Pointe \u00e9mouss\u00e9e. Paiement s\u00e9curis\u00e9 - Envoi 24\/48h -\" \/>\n<meta name=\"robots\" content=\"index, follow, max-snippet:-1, max-image-preview:large, max-video-preview:-1\" \/>\n<link rel=\"canonical\" href=\"https:\/\/repliquemangacine.fr\/it\/naruto-kunai-e-shuriken\/naruto-kunai-grande\/\" \/>\n<meta property=\"og:locale\" content=\"it_IT\" \/>\n<meta property=\"og:type\" content=\"article\" \/>\n<meta property=\"og:title\" content=\"Grand Kuna\u00ef Naruto - Shuriken Naruto | R\u00e9plique Manga Cin\u00e9\" \/>\n<meta property=\"og:description\" content=\"Achetez vite ! Ce Grand Kuna\u00ef Naruto m\u00e9tal en grand mod\u00e8le au meilleur prix. Pointe \u00e9mouss\u00e9e. Paiement s\u00e9curis\u00e9 - Envoi 24\/48h -\" \/>\n<meta property=\"og:url\" content=\"https:\/\/repliquemangacine.fr\/it\/naruto-kunai-e-shuriken\/naruto-kunai-grande\/\" \/>\n<meta property=\"og:site_name\" content=\"R\u00e9plique Manga Cin\u00e9\" \/>\n<meta property=\"article:publisher\" content=\"https:\/\/www.facebook.com\/RepliqueMangaCine\" \/>\n<meta property=\"article:modified_time\" content=\"2026-02-20T16:16:42+00:00\" \/>\n<meta property=\"og:image\" content=\"https:\/\/repliquemangacine.fr\/wp-content\/uploads\/2023\/10\/198-Kunai-metal-Naruto.jpg\" \/>\n\t<meta property=\"og:image:width\" content=\"800\" \/>\n\t<meta property=\"og:image:height\" content=\"800\" \/>\n\t<meta property=\"og:image:type\" content=\"image\/jpeg\" \/>\n<meta name=\"twitter:card\" content=\"summary_large_image\" \/>\n<meta name=\"twitter:label1\" content=\"Tempo di lettura stimato\" \/>\n\t<meta name=\"twitter:data1\" content=\"2 minuti\" \/>\n<script type=\"application\/ld+json\" class=\"yoast-schema-graph\">{\"@context\":\"https:\\\/\\\/schema.org\",\"@graph\":[{\"@type\":\"WebPage\",\"@id\":\"https:\\\/\\\/repliquemangacine.fr\\\/kunai-et-shuriken-naruto\\\/grand-kunai-naruto\\\/\",\"url\":\"https:\\\/\\\/repliquemangacine.fr\\\/kunai-et-shuriken-naruto\\\/grand-kunai-naruto\\\/\",\"name\":\"Grand Kuna\u00ef Naruto - Shuriken Naruto | R\u00e9plique Manga Cin\u00e9\",\"isPartOf\":{\"@id\":\"https:\\\/\\\/repliquemangacine.fr\\\/#website\"},\"primaryImageOfPage\":{\"@id\":\"https:\\\/\\\/repliquemangacine.fr\\\/kunai-et-shuriken-naruto\\\/grand-kunai-naruto\\\/#primaryimage\"},\"image\":{\"@id\":\"https:\\\/\\\/repliquemangacine.fr\\\/kunai-et-shuriken-naruto\\\/grand-kunai-naruto\\\/#primaryimage\"},\"thumbnailUrl\":\"https:\\\/\\\/repliquemangacine.fr\\\/wp-content\\\/uploads\\\/2023\\\/10\\\/198-Kunai-metal-Naruto.jpg\",\"datePublished\":\"2016-08-28T13:43:01+00:00\",\"dateModified\":\"2026-02-20T16:16:42+00:00\",\"description\":\"Achetez vite ! Ce Grand Kuna\u00ef Naruto m\u00e9tal en grand mod\u00e8le au meilleur prix. Pointe \u00e9mouss\u00e9e. Paiement s\u00e9curis\u00e9 - Envoi 24\\\/48h -\",\"breadcrumb\":{\"@id\":\"https:\\\/\\\/repliquemangacine.fr\\\/kunai-et-shuriken-naruto\\\/grand-kunai-naruto\\\/#breadcrumb\"},\"inLanguage\":\"it-IT\",\"potentialAction\":[{\"@type\":\"ReadAction\",\"target\":[\"https:\\\/\\\/repliquemangacine.fr\\\/kunai-et-shuriken-naruto\\\/grand-kunai-naruto\\\/\"]}]},{\"@type\":\"ImageObject\",\"inLanguage\":\"it-IT\",\"@id\":\"https:\\\/\\\/repliquemangacine.fr\\\/kunai-et-shuriken-naruto\\\/grand-kunai-naruto\\\/#primaryimage\",\"url\":\"https:\\\/\\\/repliquemangacine.fr\\\/wp-content\\\/uploads\\\/2023\\\/10\\\/198-Kunai-metal-Naruto.jpg\",\"contentUrl\":\"https:\\\/\\\/repliquemangacine.fr\\\/wp-content\\\/uploads\\\/2023\\\/10\\\/198-Kunai-metal-Naruto.jpg\",\"width\":800,\"height\":800,\"caption\":\"Kuna\u00ef m\u00e9tal - Naruto\"},{\"@type\":\"BreadcrumbList\",\"@id\":\"https:\\\/\\\/repliquemangacine.fr\\\/kunai-et-shuriken-naruto\\\/grand-kunai-naruto\\\/#breadcrumb\",\"itemListElement\":[{\"@type\":\"ListItem\",\"position\":1,\"name\":\"Accueil\",\"item\":\"https:\\\/\\\/repliquemangacine.fr\\\/\"},{\"@type\":\"ListItem\",\"position\":2,\"name\":\"Produits\",\"item\":\"https:\\\/\\\/repliquemangacine.fr\\\/boutique\\\/\"},{\"@type\":\"ListItem\",\"position\":3,\"name\":\"Grand Kuna\u00ef Naruto\"}]},{\"@type\":\"WebSite\",\"@id\":\"https:\\\/\\\/repliquemangacine.fr\\\/#website\",\"url\":\"https:\\\/\\\/repliquemangacine.fr\\\/\",\"name\":\"R\u00e9plique Manga Cin\u00e9\",\"description\":\"\",\"publisher\":{\"@id\":\"https:\\\/\\\/repliquemangacine.fr\\\/#organization\"},\"potentialAction\":[{\"@type\":\"SearchAction\",\"target\":{\"@type\":\"EntryPoint\",\"urlTemplate\":\"https:\\\/\\\/repliquemangacine.fr\\\/?s={search_term_string}\"},\"query-input\":{\"@type\":\"PropertyValueSpecification\",\"valueRequired\":true,\"valueName\":\"search_term_string\"}}],\"inLanguage\":\"it-IT\"},{\"@type\":\"Organization\",\"@id\":\"https:\\\/\\\/repliquemangacine.fr\\\/#organization\",\"name\":\"R\u00e9plique Manga Cin\u00e9\",\"url\":\"https:\\\/\\\/repliquemangacine.fr\\\/\",\"logo\":{\"@type\":\"ImageObject\",\"inLanguage\":\"it-IT\",\"@id\":\"https:\\\/\\\/repliquemangacine.fr\\\/#\\\/schema\\\/logo\\\/image\\\/\",\"url\":\"https:\\\/\\\/repliquemangacine.fr\\\/wp-content\\\/uploads\\\/2023\\\/10\\\/RMC-500250.png\",\"contentUrl\":\"https:\\\/\\\/repliquemangacine.fr\\\/wp-content\\\/uploads\\\/2023\\\/10\\\/RMC-500250.png\",\"width\":500,\"height\":250,\"caption\":\"R\u00e9plique Manga Cin\u00e9\"},\"image\":{\"@id\":\"https:\\\/\\\/repliquemangacine.fr\\\/#\\\/schema\\\/logo\\\/image\\\/\"},\"sameAs\":[\"https:\\\/\\\/www.facebook.com\\\/RepliqueMangaCine\",\"https:\\\/\\\/www.instagram.com\\\/repliquemangacine.fr\\\/\"]}]}<\/script>\n<!-- \/ Yoast SEO plugin. -->","yoast_head_json":{"title":"Grand Kuna\u00ef Naruto - Shuriken Naruto | R\u00e9plique Manga Cin\u00e9","description":"Comprate ora! Questa grande Kunai di Naruto in metallo al miglior prezzo. Punta opaca. Pagamento sicuro - Spedizione 24\/48 ore.","robots":{"index":"index","follow":"follow","max-snippet":"max-snippet:-1","max-image-preview":"max-image-preview:large","max-video-preview":"max-video-preview:-1"},"canonical":"https:\/\/repliquemangacine.fr\/it\/naruto-kunai-e-shuriken\/naruto-kunai-grande\/","og_locale":"it_IT","og_type":"article","og_title":"Grand Kuna\u00ef Naruto - Shuriken Naruto | R\u00e9plique Manga Cin\u00e9","og_description":"Achetez vite ! Ce Grand Kuna\u00ef Naruto m\u00e9tal en grand mod\u00e8le au meilleur prix. Pointe \u00e9mouss\u00e9e. Paiement s\u00e9curis\u00e9 - Envoi 24\/48h -","og_url":"https:\/\/repliquemangacine.fr\/it\/naruto-kunai-e-shuriken\/naruto-kunai-grande\/","og_site_name":"R\u00e9plique Manga Cin\u00e9","article_publisher":"https:\/\/www.facebook.com\/RepliqueMangaCine","article_modified_time":"2026-02-20T16:16:42+00:00","og_image":[{"width":800,"height":800,"url":"https:\/\/repliquemangacine.fr\/wp-content\/uploads\/2023\/10\/198-Kunai-metal-Naruto.jpg","type":"image\/jpeg"}],"twitter_card":"summary_large_image","twitter_misc":{"Tempo di lettura stimato":"2 minuti"},"schema":{"@context":"https:\/\/schema.org","@graph":[{"@type":"WebPage","@id":"https:\/\/repliquemangacine.fr\/kunai-et-shuriken-naruto\/grand-kunai-naruto\/","url":"https:\/\/repliquemangacine.fr\/kunai-et-shuriken-naruto\/grand-kunai-naruto\/","name":"Grand Kuna\u00ef Naruto - Shuriken Naruto | R\u00e9plique Manga Cin\u00e9","isPartOf":{"@id":"https:\/\/repliquemangacine.fr\/#website"},"primaryImageOfPage":{"@id":"https:\/\/repliquemangacine.fr\/kunai-et-shuriken-naruto\/grand-kunai-naruto\/#primaryimage"},"image":{"@id":"https:\/\/repliquemangacine.fr\/kunai-et-shuriken-naruto\/grand-kunai-naruto\/#primaryimage"},"thumbnailUrl":"https:\/\/repliquemangacine.fr\/wp-content\/uploads\/2023\/10\/198-Kunai-metal-Naruto.jpg","datePublished":"2016-08-28T13:43:01+00:00","dateModified":"2026-02-20T16:16:42+00:00","description":"Comprate ora! Questa grande Kunai di Naruto in metallo al miglior prezzo. Punta opaca. Pagamento sicuro - Spedizione 24\/48 ore.","breadcrumb":{"@id":"https:\/\/repliquemangacine.fr\/kunai-et-shuriken-naruto\/grand-kunai-naruto\/#breadcrumb"},"inLanguage":"it-IT","potentialAction":[{"@type":"ReadAction","target":["https:\/\/repliquemangacine.fr\/kunai-et-shuriken-naruto\/grand-kunai-naruto\/"]}]},{"@type":"ImageObject","inLanguage":"it-IT","@id":"https:\/\/repliquemangacine.fr\/kunai-et-shuriken-naruto\/grand-kunai-naruto\/#primaryimage","url":"https:\/\/repliquemangacine.fr\/wp-content\/uploads\/2023\/10\/198-Kunai-metal-Naruto.jpg","contentUrl":"https:\/\/repliquemangacine.fr\/wp-content\/uploads\/2023\/10\/198-Kunai-metal-Naruto.jpg","width":800,"height":800,"caption":"Kuna\u00ef m\u00e9tal - Naruto"},{"@type":"BreadcrumbList","@id":"https:\/\/repliquemangacine.fr\/kunai-et-shuriken-naruto\/grand-kunai-naruto\/#breadcrumb","itemListElement":[{"@type":"ListItem","position":1,"name":"Accueil","item":"https:\/\/repliquemangacine.fr\/"},{"@type":"ListItem","position":2,"name":"Produits","item":"https:\/\/repliquemangacine.fr\/boutique\/"},{"@type":"ListItem","position":3,"name":"Grand Kuna\u00ef Naruto"}]},{"@type":"WebSite","@id":"https:\/\/repliquemangacine.fr\/#website","url":"https:\/\/repliquemangacine.fr\/","name":"R\u00e9plique Manga Cin\u00e9","description":"","publisher":{"@id":"https:\/\/repliquemangacine.fr\/#organization"},"potentialAction":[{"@type":"SearchAction","target":{"@type":"EntryPoint","urlTemplate":"https:\/\/repliquemangacine.fr\/?s={search_term_string}"},"query-input":{"@type":"PropertyValueSpecification","valueRequired":true,"valueName":"search_term_string"}}],"inLanguage":"it-IT"},{"@type":"Organization","@id":"https:\/\/repliquemangacine.fr\/#organization","name":"R\u00e9plique Manga Cin\u00e9","url":"https:\/\/repliquemangacine.fr\/","logo":{"@type":"ImageObject","inLanguage":"it-IT","@id":"https:\/\/repliquemangacine.fr\/#\/schema\/logo\/image\/","url":"https:\/\/repliquemangacine.fr\/wp-content\/uploads\/2023\/10\/RMC-500250.png","contentUrl":"https:\/\/repliquemangacine.fr\/wp-content\/uploads\/2023\/10\/RMC-500250.png","width":500,"height":250,"caption":"R\u00e9plique Manga Cin\u00e9"},"image":{"@id":"https:\/\/repliquemangacine.fr\/#\/schema\/logo\/image\/"},"sameAs":["https:\/\/www.facebook.com\/RepliqueMangaCine","https:\/\/www.instagram.com\/repliquemangacine.fr\/"]}]}},"_links":{"self":[{"href":"https:\/\/repliquemangacine.fr\/it\/wp-json\/wp\/v2\/product\/25400","targetHints":{"allow":["GET"]}}],"collection":[{"href":"https:\/\/repliquemangacine.fr\/it\/wp-json\/wp\/v2\/product"}],"about":[{"href":"https:\/\/repliquemangacine.fr\/it\/wp-json\/wp\/v2\/types\/product"}],"wp:featuredmedia":[{"embeddable":true,"href":"https:\/\/repliquemangacine.fr\/it\/wp-json\/wp\/v2\/media\/25401"}],"wp:attachment":[{"href":"https:\/\/repliquemangacine.fr\/it\/wp-json\/wp\/v2\/media?parent=25400"}],"wp:term":[{"taxonomy":"product_brand","embeddable":true,"href":"https:\/\/repliquemangacine.fr\/it\/wp-json\/wp\/v2\/product_brand?post=25400"},{"taxonomy":"product_cat","embeddable":true,"href":"https:\/\/repliquemangacine.fr\/it\/wp-json\/wp\/v2\/product_cat?post=25400"},{"taxonomy":"product_tag","embeddable":true,"href":"https:\/\/repliquemangacine.fr\/it\/wp-json\/wp\/v2\/product_tag?post=25400"}],"curies":[{"name":"wp","href":"https:\/\/api.w.org\/{rel}","templated":true}]}}