





{"id":25394,"date":"2016-08-27T23:17:08","date_gmt":"2016-08-27T21:17:08","guid":{"rendered":"https:\/\/repliquemangacine.fr\/?post_type=product&#038;p=25394"},"modified":"2025-12-12T19:55:36","modified_gmt":"2025-12-12T18:55:36","slug":"spada-zabuza-spada-kubikiribocho","status":"publish","type":"product","link":"https:\/\/repliquemangacine.fr\/it\/katana-naruto\/epee-de-zabuza-epee-kubikiribocho\/","title":{"rendered":"Spada Zabuza Naruto"},"content":{"rendered":"<h2>Spada Zabuza Kubikirib\u00f4ch\u00f4 Naruto<\/h2>\n<p>Per cominciare, il<strong>Spada di Zabuza<\/strong> si chiama Kubikirib\u00f4ch\u00f4 e ha l'aspetto di una mannaia da macellaio gigante. Il Kubikirib\u00f4ch\u00f4 ha una propriet\u00e0 speciale che gli permette di non essere mai scalfito o scheggiato: si rigenera assorbendo il ferro presente nel sangue delle sue vittime.<\/p>\n<p><a href=\"https:\/\/naruto.fandom.com\/fr\/wiki\/Zabuza_Momochi\" target=\"_blank\" rel=\"noopener noreferrer\">Zabuza,<\/a> ninja specializzato in tecniche di assassinio silenzioso. Crea una nebbia per nascondersi. \u00c8 anche un maestro di taijutsu, che combina con tecniche di kenjutsu. Zabuza \u00e8 anche uno dei Sette Spadaccini della Nebbia, un gruppo di spadaccini leggendari di Kiri.<\/p>\n<p>Combinata con la potenza di chi la usa, questa spada diventa una delle pi\u00f9 potenti che abbiamo mai visto. Infatti, quando Wuros estrae la Kubikirib\u00f4ch\u00f4, \u00e8 in grado di distruggere il terreno senza nemmeno toccarlo.<\/p>\n<h2>La vostra spada Zabuza Kubikirib\u00f4ch\u00f4 al miglior prezzo.<\/h2>\n<p>Offriamo una vasta gamma di repliche di katana e spade del manga Naruto.<\/p>\n<p>Innanzitutto,<\/p>\n<ul>\n<li>Le <a href=\"https:\/\/repliquemangacine.fr\/it\/katana-naruto\/kusanagi-spada-sasuke-naruto\/\">katana di sasuke<\/a>la spada di Kusanagi nella sua versione manga, ma anche in una versione animata.<\/li>\n<li>C'\u00e8 anche il <a href=\"https:\/\/repliquemangacine.fr\/it\/naruto\/naruto-kunai-grande\/\">Kunai grande in metallo<\/a><\/li>\n<li>Cos\u00ec come il <a href=\"https:\/\/repliquemangacine.fr\/it\/katana-naruto\/katana-boruto-sasuke-naruto\/\">Katana di Boruto<\/a> usato da Sasuke per insegnargli come gestirlo.<\/li>\n<li>E molti altri da scoprire nel nostro negozio online!<\/li>\n<\/ul>\n<p>Ecco perch\u00e9 questa \u00e8 un'ottima idea regalo per tutti i fan di Naruto.<\/p>\n<p>In conclusione, \u00e8 possibile utilizzare l\u2019<strong>Spada di Zabuza<\/strong> di Naruto per le sfilate di cosplay e le feste a tema. Ma soprattutto, \u00e8 una replica da collezionare e decorare.<\/p>\n<h2>Come si mantiene la lama della katana di Naruto?<\/h2>\n<p>Le katane da collezione e decorative sono realizzate e assemblate in modo semplificato. Poich\u00e9 il loro uso \u00e8 decorativo, non hanno le caratteristiche di sicurezza richieste da una spada giapponese destinata all'allenamento.<\/p>\n<p>Tuttavia, il vostro <strong>Spada Zabuza Kibikirib\u00f4ch\u00f4<\/strong> a una lama d'acciaio che deve essere curata per evitare che si danneggi nel tempo. Quando si espone la katana, gli amici saranno curiosi di vedere la lama e di toccarla. \u00c8 qui che bisogna fare attenzione, perch\u00e9 l'acidit\u00e0 delle dita \u00e8 molto dannosa per l'acciaio, indipendentemente dalla sua qualit\u00e0.<\/p>\n<p>Tuttavia, se ci\u00f2 dovesse accadere, niente panico: basta un panno inumidito con un po' d'olio per eliminare le impronte. In questo modo, la spada durer\u00e0 a lungo.<\/p>","protected":false},"excerpt":{"rendered":"<p>La spada Kubikirib\u00f4ch\u00f4 di\u00a0<span class=\"PBLongTxt\">Zabuza Momochi<\/span> sembra un coltello da macellaio gigante.<\/p>\n<ul>\n<li>Lama in acciaio non affilata.<\/li>\n<li>Trafitto all'estremit\u00e0, con un arco circolare vicino al pomo.<\/li>\n<li>Manico in metallo avvolto da filo di cotone a met\u00e0 altezza per una presa sicura.<\/li>\n<li>Fornito con custodia per il trasporto.<\/li>\n<li>Peso: 2,250 kg - Lunghezza lama: 65 cm - Larghezza lama: 10,5 cm - Lunghezza totale: 94 cm<\/li>\n<\/ul>\n<p>&nbsp;<\/p>","protected":false},"featured_media":25395,"template":"","meta":[],"product_brand":[896],"product_cat":[109],"product_tag":[],"class_list":{"0":"post-25394","1":"product","2":"type-product","3":"status-publish","4":"has-post-thumbnail","6":"product_brand-replique-manga-cine","7":"product_cat-katana-naruto","9":"first","10":"outofstock","11":"taxable","12":"shipping-taxable","13":"purchasable","14":"product-type-simple"},"yoast_head":"<!-- This site is optimized with the Yoast SEO plugin v27.4 - https:\/\/yoast.com\/product\/yoast-seo-wordpress\/ -->\n<title>\u00c9p\u00e9e de Zabuza Kubikirib\u00f4ch\u00f4 Naruto - Boutique en ligne | RMC<\/title>\n<meta name=\"description\" content=\"Commandez vite ! La r\u00e9plique de l&#039;\u00e9p\u00e9e de Zabuza kubikirib\u00f4ch\u00f4 dans Naruto au meilleur prix. Lame en acier - Longueur totale : 94 cm - Envoi 24\/48h\" \/>\n<meta name=\"robots\" content=\"index, follow, max-snippet:-1, max-image-preview:large, max-video-preview:-1\" \/>\n<link rel=\"canonical\" href=\"https:\/\/repliquemangacine.fr\/it\/katana-naruto\/spada-zabuza-spada-kubikiribocho\/\" \/>\n<meta property=\"og:locale\" content=\"it_IT\" \/>\n<meta property=\"og:type\" content=\"article\" \/>\n<meta property=\"og:title\" content=\"\u00c9p\u00e9e de Zabuza Kubikirib\u00f4ch\u00f4 Naruto - Boutique en ligne | RMC\" \/>\n<meta property=\"og:description\" content=\"Commandez vite ! La r\u00e9plique de l&#039;\u00e9p\u00e9e de Zabuza kubikirib\u00f4ch\u00f4 dans Naruto au meilleur prix. Lame en acier - Longueur totale : 94 cm - Envoi 24\/48h\" \/>\n<meta property=\"og:url\" content=\"https:\/\/repliquemangacine.fr\/it\/katana-naruto\/spada-zabuza-spada-kubikiribocho\/\" \/>\n<meta property=\"og:site_name\" content=\"R\u00e9plique Manga Cin\u00e9\" \/>\n<meta property=\"article:publisher\" content=\"https:\/\/www.facebook.com\/RepliqueMangaCine\" \/>\n<meta property=\"article:modified_time\" content=\"2025-12-12T18:55:36+00:00\" \/>\n<meta property=\"og:image\" content=\"https:\/\/repliquemangacine.fr\/wp-content\/uploads\/2023\/10\/193-Epee-de-Zabuza-epee-Naruto.jpg\" \/>\n\t<meta property=\"og:image:width\" content=\"800\" \/>\n\t<meta property=\"og:image:height\" content=\"800\" \/>\n\t<meta property=\"og:image:type\" content=\"image\/jpeg\" \/>\n<meta name=\"twitter:card\" content=\"summary_large_image\" \/>\n<meta name=\"twitter:label1\" content=\"Tempo di lettura stimato\" \/>\n\t<meta name=\"twitter:data1\" content=\"2 minuti\" \/>\n<script type=\"application\/ld+json\" class=\"yoast-schema-graph\">{\"@context\":\"https:\\\/\\\/schema.org\",\"@graph\":[{\"@type\":\"WebPage\",\"@id\":\"https:\\\/\\\/repliquemangacine.fr\\\/katana-naruto\\\/epee-de-zabuza-epee-kubikiribocho\\\/\",\"url\":\"https:\\\/\\\/repliquemangacine.fr\\\/katana-naruto\\\/epee-de-zabuza-epee-kubikiribocho\\\/\",\"name\":\"\u00c9p\u00e9e de Zabuza Kubikirib\u00f4ch\u00f4 Naruto - Boutique en ligne | RMC\",\"isPartOf\":{\"@id\":\"https:\\\/\\\/repliquemangacine.fr\\\/#website\"},\"primaryImageOfPage\":{\"@id\":\"https:\\\/\\\/repliquemangacine.fr\\\/katana-naruto\\\/epee-de-zabuza-epee-kubikiribocho\\\/#primaryimage\"},\"image\":{\"@id\":\"https:\\\/\\\/repliquemangacine.fr\\\/katana-naruto\\\/epee-de-zabuza-epee-kubikiribocho\\\/#primaryimage\"},\"thumbnailUrl\":\"https:\\\/\\\/repliquemangacine.fr\\\/wp-content\\\/uploads\\\/2023\\\/10\\\/193-Epee-de-Zabuza-epee-Naruto.jpg\",\"datePublished\":\"2016-08-27T21:17:08+00:00\",\"dateModified\":\"2025-12-12T18:55:36+00:00\",\"description\":\"Commandez vite ! La r\u00e9plique de l'\u00e9p\u00e9e de Zabuza kubikirib\u00f4ch\u00f4 dans Naruto au meilleur prix. Lame en acier - Longueur totale : 94 cm - Envoi 24\\\/48h\",\"breadcrumb\":{\"@id\":\"https:\\\/\\\/repliquemangacine.fr\\\/katana-naruto\\\/epee-de-zabuza-epee-kubikiribocho\\\/#breadcrumb\"},\"inLanguage\":\"it-IT\",\"potentialAction\":[{\"@type\":\"ReadAction\",\"target\":[\"https:\\\/\\\/repliquemangacine.fr\\\/katana-naruto\\\/epee-de-zabuza-epee-kubikiribocho\\\/\"]}]},{\"@type\":\"ImageObject\",\"inLanguage\":\"it-IT\",\"@id\":\"https:\\\/\\\/repliquemangacine.fr\\\/katana-naruto\\\/epee-de-zabuza-epee-kubikiribocho\\\/#primaryimage\",\"url\":\"https:\\\/\\\/repliquemangacine.fr\\\/wp-content\\\/uploads\\\/2023\\\/10\\\/193-Epee-de-Zabuza-epee-Naruto.jpg\",\"contentUrl\":\"https:\\\/\\\/repliquemangacine.fr\\\/wp-content\\\/uploads\\\/2023\\\/10\\\/193-Epee-de-Zabuza-epee-Naruto.jpg\",\"width\":800,\"height\":800,\"caption\":\"Ep\u00e9e de Zabuza - \u00e9p\u00e9e Naruto\"},{\"@type\":\"BreadcrumbList\",\"@id\":\"https:\\\/\\\/repliquemangacine.fr\\\/katana-naruto\\\/epee-de-zabuza-epee-kubikiribocho\\\/#breadcrumb\",\"itemListElement\":[{\"@type\":\"ListItem\",\"position\":1,\"name\":\"Accueil\",\"item\":\"https:\\\/\\\/repliquemangacine.fr\\\/\"},{\"@type\":\"ListItem\",\"position\":2,\"name\":\"Produits\",\"item\":\"https:\\\/\\\/repliquemangacine.fr\\\/boutique\\\/\"},{\"@type\":\"ListItem\",\"position\":3,\"name\":\"Ep\u00e9e de Zabuza Naruto\"}]},{\"@type\":\"WebSite\",\"@id\":\"https:\\\/\\\/repliquemangacine.fr\\\/#website\",\"url\":\"https:\\\/\\\/repliquemangacine.fr\\\/\",\"name\":\"R\u00e9plique Manga Cin\u00e9\",\"description\":\"\",\"publisher\":{\"@id\":\"https:\\\/\\\/repliquemangacine.fr\\\/#organization\"},\"potentialAction\":[{\"@type\":\"SearchAction\",\"target\":{\"@type\":\"EntryPoint\",\"urlTemplate\":\"https:\\\/\\\/repliquemangacine.fr\\\/?s={search_term_string}\"},\"query-input\":{\"@type\":\"PropertyValueSpecification\",\"valueRequired\":true,\"valueName\":\"search_term_string\"}}],\"inLanguage\":\"it-IT\"},{\"@type\":\"Organization\",\"@id\":\"https:\\\/\\\/repliquemangacine.fr\\\/#organization\",\"name\":\"R\u00e9plique Manga Cin\u00e9\",\"url\":\"https:\\\/\\\/repliquemangacine.fr\\\/\",\"logo\":{\"@type\":\"ImageObject\",\"inLanguage\":\"it-IT\",\"@id\":\"https:\\\/\\\/repliquemangacine.fr\\\/#\\\/schema\\\/logo\\\/image\\\/\",\"url\":\"https:\\\/\\\/repliquemangacine.fr\\\/wp-content\\\/uploads\\\/2023\\\/10\\\/RMC-500250.png\",\"contentUrl\":\"https:\\\/\\\/repliquemangacine.fr\\\/wp-content\\\/uploads\\\/2023\\\/10\\\/RMC-500250.png\",\"width\":500,\"height\":250,\"caption\":\"R\u00e9plique Manga Cin\u00e9\"},\"image\":{\"@id\":\"https:\\\/\\\/repliquemangacine.fr\\\/#\\\/schema\\\/logo\\\/image\\\/\"},\"sameAs\":[\"https:\\\/\\\/www.facebook.com\\\/RepliqueMangaCine\",\"https:\\\/\\\/www.instagram.com\\\/repliquemangacine.fr\\\/\"]}]}<\/script>\n<!-- \/ Yoast SEO plugin. -->","yoast_head_json":{"title":"Spada Zabuza Kubikirib\u00f4ch\u00f4 Naruto - Boutique in linea | RMC","description":"Ordina ora! La replica della spada kubikirib\u00f4ch\u00f4 di Zabuza in Naruto al miglior prezzo. Lama in acciaio - Lunghezza totale: 94 cm - Spedizione 24\/48h","robots":{"index":"index","follow":"follow","max-snippet":"max-snippet:-1","max-image-preview":"max-image-preview:large","max-video-preview":"max-video-preview:-1"},"canonical":"https:\/\/repliquemangacine.fr\/it\/katana-naruto\/spada-zabuza-spada-kubikiribocho\/","og_locale":"it_IT","og_type":"article","og_title":"\u00c9p\u00e9e de Zabuza Kubikirib\u00f4ch\u00f4 Naruto - Boutique en ligne | RMC","og_description":"Commandez vite ! La r\u00e9plique de l'\u00e9p\u00e9e de Zabuza kubikirib\u00f4ch\u00f4 dans Naruto au meilleur prix. Lame en acier - Longueur totale : 94 cm - Envoi 24\/48h","og_url":"https:\/\/repliquemangacine.fr\/it\/katana-naruto\/spada-zabuza-spada-kubikiribocho\/","og_site_name":"R\u00e9plique Manga Cin\u00e9","article_publisher":"https:\/\/www.facebook.com\/RepliqueMangaCine","article_modified_time":"2025-12-12T18:55:36+00:00","og_image":[{"width":800,"height":800,"url":"https:\/\/repliquemangacine.fr\/wp-content\/uploads\/2023\/10\/193-Epee-de-Zabuza-epee-Naruto.jpg","type":"image\/jpeg"}],"twitter_card":"summary_large_image","twitter_misc":{"Tempo di lettura stimato":"2 minuti"},"schema":{"@context":"https:\/\/schema.org","@graph":[{"@type":"WebPage","@id":"https:\/\/repliquemangacine.fr\/katana-naruto\/epee-de-zabuza-epee-kubikiribocho\/","url":"https:\/\/repliquemangacine.fr\/katana-naruto\/epee-de-zabuza-epee-kubikiribocho\/","name":"Spada Zabuza Kubikirib\u00f4ch\u00f4 Naruto - Boutique in linea | RMC","isPartOf":{"@id":"https:\/\/repliquemangacine.fr\/#website"},"primaryImageOfPage":{"@id":"https:\/\/repliquemangacine.fr\/katana-naruto\/epee-de-zabuza-epee-kubikiribocho\/#primaryimage"},"image":{"@id":"https:\/\/repliquemangacine.fr\/katana-naruto\/epee-de-zabuza-epee-kubikiribocho\/#primaryimage"},"thumbnailUrl":"https:\/\/repliquemangacine.fr\/wp-content\/uploads\/2023\/10\/193-Epee-de-Zabuza-epee-Naruto.jpg","datePublished":"2016-08-27T21:17:08+00:00","dateModified":"2025-12-12T18:55:36+00:00","description":"Ordina ora! La replica della spada kubikirib\u00f4ch\u00f4 di Zabuza in Naruto al miglior prezzo. Lama in acciaio - Lunghezza totale: 94 cm - Spedizione 24\/48h","breadcrumb":{"@id":"https:\/\/repliquemangacine.fr\/katana-naruto\/epee-de-zabuza-epee-kubikiribocho\/#breadcrumb"},"inLanguage":"it-IT","potentialAction":[{"@type":"ReadAction","target":["https:\/\/repliquemangacine.fr\/katana-naruto\/epee-de-zabuza-epee-kubikiribocho\/"]}]},{"@type":"ImageObject","inLanguage":"it-IT","@id":"https:\/\/repliquemangacine.fr\/katana-naruto\/epee-de-zabuza-epee-kubikiribocho\/#primaryimage","url":"https:\/\/repliquemangacine.fr\/wp-content\/uploads\/2023\/10\/193-Epee-de-Zabuza-epee-Naruto.jpg","contentUrl":"https:\/\/repliquemangacine.fr\/wp-content\/uploads\/2023\/10\/193-Epee-de-Zabuza-epee-Naruto.jpg","width":800,"height":800,"caption":"Ep\u00e9e de Zabuza - \u00e9p\u00e9e Naruto"},{"@type":"BreadcrumbList","@id":"https:\/\/repliquemangacine.fr\/katana-naruto\/epee-de-zabuza-epee-kubikiribocho\/#breadcrumb","itemListElement":[{"@type":"ListItem","position":1,"name":"Accueil","item":"https:\/\/repliquemangacine.fr\/"},{"@type":"ListItem","position":2,"name":"Produits","item":"https:\/\/repliquemangacine.fr\/boutique\/"},{"@type":"ListItem","position":3,"name":"Ep\u00e9e de Zabuza Naruto"}]},{"@type":"WebSite","@id":"https:\/\/repliquemangacine.fr\/#website","url":"https:\/\/repliquemangacine.fr\/","name":"R\u00e9plique Manga Cin\u00e9","description":"","publisher":{"@id":"https:\/\/repliquemangacine.fr\/#organization"},"potentialAction":[{"@type":"SearchAction","target":{"@type":"EntryPoint","urlTemplate":"https:\/\/repliquemangacine.fr\/?s={search_term_string}"},"query-input":{"@type":"PropertyValueSpecification","valueRequired":true,"valueName":"search_term_string"}}],"inLanguage":"it-IT"},{"@type":"Organization","@id":"https:\/\/repliquemangacine.fr\/#organization","name":"R\u00e9plique Manga Cin\u00e9","url":"https:\/\/repliquemangacine.fr\/","logo":{"@type":"ImageObject","inLanguage":"it-IT","@id":"https:\/\/repliquemangacine.fr\/#\/schema\/logo\/image\/","url":"https:\/\/repliquemangacine.fr\/wp-content\/uploads\/2023\/10\/RMC-500250.png","contentUrl":"https:\/\/repliquemangacine.fr\/wp-content\/uploads\/2023\/10\/RMC-500250.png","width":500,"height":250,"caption":"R\u00e9plique Manga Cin\u00e9"},"image":{"@id":"https:\/\/repliquemangacine.fr\/#\/schema\/logo\/image\/"},"sameAs":["https:\/\/www.facebook.com\/RepliqueMangaCine","https:\/\/www.instagram.com\/repliquemangacine.fr\/"]}]}},"_links":{"self":[{"href":"https:\/\/repliquemangacine.fr\/it\/wp-json\/wp\/v2\/product\/25394","targetHints":{"allow":["GET"]}}],"collection":[{"href":"https:\/\/repliquemangacine.fr\/it\/wp-json\/wp\/v2\/product"}],"about":[{"href":"https:\/\/repliquemangacine.fr\/it\/wp-json\/wp\/v2\/types\/product"}],"wp:featuredmedia":[{"embeddable":true,"href":"https:\/\/repliquemangacine.fr\/it\/wp-json\/wp\/v2\/media\/25395"}],"wp:attachment":[{"href":"https:\/\/repliquemangacine.fr\/it\/wp-json\/wp\/v2\/media?parent=25394"}],"wp:term":[{"taxonomy":"product_brand","embeddable":true,"href":"https:\/\/repliquemangacine.fr\/it\/wp-json\/wp\/v2\/product_brand?post=25394"},{"taxonomy":"product_cat","embeddable":true,"href":"https:\/\/repliquemangacine.fr\/it\/wp-json\/wp\/v2\/product_cat?post=25394"},{"taxonomy":"product_tag","embeddable":true,"href":"https:\/\/repliquemangacine.fr\/it\/wp-json\/wp\/v2\/product_tag?post=25394"}],"curies":[{"name":"wp","href":"https:\/\/api.w.org\/{rel}","templated":true}]}}