





{"id":25390,"date":"2016-08-27T22:51:57","date_gmt":"2016-08-27T20:51:57","guid":{"rendered":"https:\/\/repliquemangacine.fr\/?post_type=product&#038;p=25390"},"modified":"2026-04-12T06:16:11","modified_gmt":"2026-04-12T04:16:11","slug":"shuriken-naruto","status":"publish","type":"product","link":"https:\/\/repliquemangacine.fr\/it\/couteaux-de-lancer-et-etoiles\/shuriken-naruto\/","title":{"rendered":"Shuriken Naruto"},"content":{"rendered":"<h2>Naruto shuriken in metallo<\/h2>\n<p>Per cominciare, il <strong>Naruto shuriken<\/strong>, come il kunai, \u00e8 un'arma molto usata dai ninja.  Il foro centrale serve per afferrare l'arma con un dito senza tagliarsi. Questo foro migliora anche l'aerodinamica dell'arma, ottimizzando la precisione del lancio.<\/p>\n<p>Lo shuriken \u00e8 un'arma tradizionale giapponese a forma di stella, solitamente lanciata a mano. Nella popolare serie anime e manga \u201cNaruto\u201d, gli shuriken sono utilizzati da molti personaggi come armi a distanza in combattimento. Anche il protagonista, Naruto Uzumaki, viene visto usare gli shuriken in molti episodi e archi della serie.<\/p>\n<p>Lo shuriken-jutsu (che significa tecniche di spada nascosta) si riferisce alle tecniche che prevedono il lancio di shuriken o kunai, <a href=\"https:\/\/narutopages.wiki\/fr\/outils\/senbon\" target=\"_blank\" rel=\"noopener noreferrer\">Senbon<\/a> o qualsiasi altra arma da lancio.<\/p>\n<h2>A buon mercato Naruto Shuriken<\/h2>\n<p>R\u00e9plique Manga Cin\u00e9 vi offre <strong>Shuriken Naruto<\/strong> con le sue 4 punte (non taglienti). Shuriken interamente in metallo.<\/p>\n<p>Sei un fan di Naruto? Se volete arricchire la vostra collezione, abbiamo un'ampia gamma di articoli di Naruto tra cui scegliere:<\/p>\n<ul>\n<li>Le <a href=\"https:\/\/repliquemangacine.fr\/it\/katana-chicche-naruto-kunai\/kusanagi-spada-sasuke-naruto\/\">katana sasuke<\/a> in bianco per il manga e in nero per l'anime.<\/li>\n<li>C'\u00e8 anche il <a href=\"https:\/\/repliquemangacine.fr\/it\/katana-chicche-naruto-kunai\/fascia-konoha-naruto\/\">Fascia Konoha<\/a> Naruto indossa<\/li>\n<li>Cos\u00ec come tutti i <a href=\"https:\/\/repliquemangacine.fr\/it\/katana-chicche-naruto-kunai\/3-kunai-di-naruto\/\">tre kunai<\/a> con le iniziali di Naruto incise<\/li>\n<\/ul>\n<p>Ecco quindi alcune idee regalo per i fan di Naruto<\/p>\n<p>In conclusione, questo <strong>Shuriken Naruto<\/strong> \u00e8 un'idea regalo economica che sicuramente piacer\u00e0.<\/p>\n<h2>Trova le nostre ultime uscite di Naruto al miglior prezzo<\/h2>\n<p>Sempre all'avanguardia nell'innovazione, vi offriamo :<\/p>\n<ul>\n<li>Le <a href=\"https:\/\/repliquemangacine.fr\/it\/katana-chicche-naruto-kunai\/katana-boruto-sasuke-naruto\/\">Katana di Boruto<\/a> utilizzato da Sasuke per insegnare a Boruto come usarlo in Naruto Next Generations.<\/li>\n<li>Cos\u00ec come il <a href=\"https:\/\/repliquemangacine.fr\/it\/katana-chicche-naruto-kunai\/kunai-despace-time-minato\/\">Kunai spazio-temporale<\/a> utilizzato da Minato con il suo sigillo inciso sull'impugnatura.<\/li>\n<\/ul>\n<p>Prossimamente vi proporremo statuette, tazze e wall scroll, e abbiamo anche delle ottime offerte di lancio!<\/p>\n<p><strong>Si prega di notare che tutte le nostre repliche sono oggetti da collezione e decorazioni. Possono essere utilizzate per rievocazioni storiche, sfilate di cosplay o decorazioni di interni. Di conseguenza, non \u00e8 possibile andare in luoghi pubblici con queste repliche.<\/strong><\/p>","protected":false},"excerpt":{"rendered":"<p>Lo shuriken-jutsu (che significa tecniche di spada nascosta) si riferisce alle tecniche che prevedono il lancio di shuriken, kunai, senbon o altre armi da lancio con lama.<\/p>\n<ul>\n<li>Shuriken interamente in metallo.<\/li>\n<li>Le punte sono smussate per una maggiore sicurezza.<\/li>\n<li>Diametro: 9,5 cm<\/li>\n<\/ul>","protected":false},"featured_media":25391,"template":"","meta":[],"product_brand":[896],"product_cat":[894,108,42],"product_tag":[],"class_list":{"0":"post-25390","1":"product","2":"type-product","3":"status-publish","4":"has-post-thumbnail","6":"product_brand-replique-manga-cine","7":"product_cat-couteaux-de-lancer-et-etoiles","8":"product_cat-kunai-et-shuriken-naruto","9":"product_cat-katana-goodies-naruto-kunai","11":"first","12":"instock","13":"taxable","14":"shipping-taxable","15":"purchasable","16":"product-type-simple"},"yoast_head":"<!-- This site is optimized with the Yoast SEO plugin v27.4 - https:\/\/yoast.com\/product\/yoast-seo-wordpress\/ -->\n<title>Shuriken Naruto - Kunai naruto pas cher - R\u00e9plique Manga Cin\u00e9<\/title>\n<meta name=\"description\" content=\"Envie de pratiquer la technique du Shuriken jutsu comme Naruto ! Offrez vous ce shuriken tout en m\u00e9tal au meilleur prix. Envoi 24\/48H\" \/>\n<meta name=\"robots\" content=\"index, follow, max-snippet:-1, max-image-preview:large, max-video-preview:-1\" \/>\n<link rel=\"canonical\" href=\"https:\/\/www.repliquemangacine.fr\/kunai-et-shuriken-naruto\/shuriken-naruto\/\" \/>\n<meta property=\"og:locale\" content=\"it_IT\" \/>\n<meta property=\"og:type\" content=\"article\" \/>\n<meta property=\"og:title\" content=\"Shuriken Naruto - Kunai naruto pas cher - R\u00e9plique Manga Cin\u00e9\" \/>\n<meta property=\"og:description\" content=\"Envie de pratiquer la technique du Shuriken jutsu comme Naruto ! Offrez vous ce shuriken tout en m\u00e9tal au meilleur prix. Envoi 24\/48H\" \/>\n<meta property=\"og:url\" content=\"https:\/\/www.repliquemangacine.fr\/kunai-et-shuriken-naruto\/shuriken-naruto\/\" \/>\n<meta property=\"og:site_name\" content=\"R\u00e9plique Manga Cin\u00e9\" \/>\n<meta property=\"article:publisher\" content=\"https:\/\/www.facebook.com\/RepliqueMangaCine\" \/>\n<meta property=\"article:modified_time\" content=\"2026-04-12T04:16:11+00:00\" \/>\n<meta property=\"og:image\" content=\"https:\/\/repliquemangacine.fr\/wp-content\/uploads\/2023\/10\/192-Shuriken-Etoile-a-lancer-Naruto.jpg\" \/>\n\t<meta property=\"og:image:width\" content=\"800\" \/>\n\t<meta property=\"og:image:height\" content=\"800\" \/>\n\t<meta property=\"og:image:type\" content=\"image\/jpeg\" \/>\n<meta name=\"twitter:card\" content=\"summary_large_image\" \/>\n<meta name=\"twitter:label1\" content=\"Tempo di lettura stimato\" \/>\n\t<meta name=\"twitter:data1\" content=\"3 minuti\" \/>\n<script type=\"application\/ld+json\" class=\"yoast-schema-graph\">{\"@context\":\"https:\\\/\\\/schema.org\",\"@graph\":[{\"@type\":\"WebPage\",\"@id\":\"https:\\\/\\\/repliquemangacine.fr\\\/couteaux-de-lancer-et-etoiles\\\/shuriken-naruto\\\/\",\"url\":\"https:\\\/\\\/www.repliquemangacine.fr\\\/kunai-et-shuriken-naruto\\\/shuriken-naruto\\\/\",\"name\":\"Shuriken Naruto - Kunai naruto pas cher - R\u00e9plique Manga Cin\u00e9\",\"isPartOf\":{\"@id\":\"https:\\\/\\\/repliquemangacine.fr\\\/#website\"},\"primaryImageOfPage\":{\"@id\":\"https:\\\/\\\/www.repliquemangacine.fr\\\/kunai-et-shuriken-naruto\\\/shuriken-naruto\\\/#primaryimage\"},\"image\":{\"@id\":\"https:\\\/\\\/www.repliquemangacine.fr\\\/kunai-et-shuriken-naruto\\\/shuriken-naruto\\\/#primaryimage\"},\"thumbnailUrl\":\"https:\\\/\\\/repliquemangacine.fr\\\/wp-content\\\/uploads\\\/2023\\\/10\\\/192-Shuriken-Etoile-a-lancer-Naruto.jpg\",\"datePublished\":\"2016-08-27T20:51:57+00:00\",\"dateModified\":\"2026-04-12T04:16:11+00:00\",\"description\":\"Envie de pratiquer la technique du Shuriken jutsu comme Naruto ! Offrez vous ce shuriken tout en m\u00e9tal au meilleur prix. Envoi 24\\\/48H\",\"breadcrumb\":{\"@id\":\"https:\\\/\\\/www.repliquemangacine.fr\\\/kunai-et-shuriken-naruto\\\/shuriken-naruto\\\/#breadcrumb\"},\"inLanguage\":\"it-IT\",\"potentialAction\":[{\"@type\":\"ReadAction\",\"target\":[\"https:\\\/\\\/www.repliquemangacine.fr\\\/kunai-et-shuriken-naruto\\\/shuriken-naruto\\\/\"]}]},{\"@type\":\"ImageObject\",\"inLanguage\":\"it-IT\",\"@id\":\"https:\\\/\\\/www.repliquemangacine.fr\\\/kunai-et-shuriken-naruto\\\/shuriken-naruto\\\/#primaryimage\",\"url\":\"https:\\\/\\\/repliquemangacine.fr\\\/wp-content\\\/uploads\\\/2023\\\/10\\\/192-Shuriken-Etoile-a-lancer-Naruto.jpg\",\"contentUrl\":\"https:\\\/\\\/repliquemangacine.fr\\\/wp-content\\\/uploads\\\/2023\\\/10\\\/192-Shuriken-Etoile-a-lancer-Naruto.jpg\",\"width\":800,\"height\":800,\"caption\":\"Shuriken - Etoile a lancer - Naruto\"},{\"@type\":\"BreadcrumbList\",\"@id\":\"https:\\\/\\\/www.repliquemangacine.fr\\\/kunai-et-shuriken-naruto\\\/shuriken-naruto\\\/#breadcrumb\",\"itemListElement\":[{\"@type\":\"ListItem\",\"position\":1,\"name\":\"Accueil\",\"item\":\"https:\\\/\\\/repliquemangacine.fr\\\/\"},{\"@type\":\"ListItem\",\"position\":2,\"name\":\"Produits\",\"item\":\"https:\\\/\\\/repliquemangacine.fr\\\/boutique\\\/\"},{\"@type\":\"ListItem\",\"position\":3,\"name\":\"Shuriken Naruto\"}]},{\"@type\":\"WebSite\",\"@id\":\"https:\\\/\\\/repliquemangacine.fr\\\/#website\",\"url\":\"https:\\\/\\\/repliquemangacine.fr\\\/\",\"name\":\"R\u00e9plique Manga Cin\u00e9\",\"description\":\"\",\"publisher\":{\"@id\":\"https:\\\/\\\/repliquemangacine.fr\\\/#organization\"},\"potentialAction\":[{\"@type\":\"SearchAction\",\"target\":{\"@type\":\"EntryPoint\",\"urlTemplate\":\"https:\\\/\\\/repliquemangacine.fr\\\/?s={search_term_string}\"},\"query-input\":{\"@type\":\"PropertyValueSpecification\",\"valueRequired\":true,\"valueName\":\"search_term_string\"}}],\"inLanguage\":\"it-IT\"},{\"@type\":\"Organization\",\"@id\":\"https:\\\/\\\/repliquemangacine.fr\\\/#organization\",\"name\":\"R\u00e9plique Manga Cin\u00e9\",\"url\":\"https:\\\/\\\/repliquemangacine.fr\\\/\",\"logo\":{\"@type\":\"ImageObject\",\"inLanguage\":\"it-IT\",\"@id\":\"https:\\\/\\\/repliquemangacine.fr\\\/#\\\/schema\\\/logo\\\/image\\\/\",\"url\":\"https:\\\/\\\/repliquemangacine.fr\\\/wp-content\\\/uploads\\\/2023\\\/10\\\/RMC-500250.png\",\"contentUrl\":\"https:\\\/\\\/repliquemangacine.fr\\\/wp-content\\\/uploads\\\/2023\\\/10\\\/RMC-500250.png\",\"width\":500,\"height\":250,\"caption\":\"R\u00e9plique Manga Cin\u00e9\"},\"image\":{\"@id\":\"https:\\\/\\\/repliquemangacine.fr\\\/#\\\/schema\\\/logo\\\/image\\\/\"},\"sameAs\":[\"https:\\\/\\\/www.facebook.com\\\/RepliqueMangaCine\",\"https:\\\/\\\/www.instagram.com\\\/repliquemangacine.fr\\\/\"]}]}<\/script>\n<!-- \/ Yoast SEO plugin. -->","yoast_head_json":{"title":"Shuriken Naruto - Kunai Naruto economici - R\u00e9plique Manga Cin\u00e9","description":"Volete praticare la tecnica Shuriken jutsu come Naruto? Regalati questo shuriken interamente in metallo al miglior prezzo. Consegna 24\/48H","robots":{"index":"index","follow":"follow","max-snippet":"max-snippet:-1","max-image-preview":"max-image-preview:large","max-video-preview":"max-video-preview:-1"},"canonical":"https:\/\/www.repliquemangacine.fr\/kunai-et-shuriken-naruto\/shuriken-naruto\/","og_locale":"it_IT","og_type":"article","og_title":"Shuriken Naruto - Kunai naruto pas cher - R\u00e9plique Manga Cin\u00e9","og_description":"Envie de pratiquer la technique du Shuriken jutsu comme Naruto ! Offrez vous ce shuriken tout en m\u00e9tal au meilleur prix. Envoi 24\/48H","og_url":"https:\/\/www.repliquemangacine.fr\/kunai-et-shuriken-naruto\/shuriken-naruto\/","og_site_name":"R\u00e9plique Manga Cin\u00e9","article_publisher":"https:\/\/www.facebook.com\/RepliqueMangaCine","article_modified_time":"2026-04-12T04:16:11+00:00","og_image":[{"width":800,"height":800,"url":"https:\/\/repliquemangacine.fr\/wp-content\/uploads\/2023\/10\/192-Shuriken-Etoile-a-lancer-Naruto.jpg","type":"image\/jpeg"}],"twitter_card":"summary_large_image","twitter_misc":{"Tempo di lettura stimato":"3 minuti"},"schema":{"@context":"https:\/\/schema.org","@graph":[{"@type":"WebPage","@id":"https:\/\/repliquemangacine.fr\/couteaux-de-lancer-et-etoiles\/shuriken-naruto\/","url":"https:\/\/www.repliquemangacine.fr\/kunai-et-shuriken-naruto\/shuriken-naruto\/","name":"Shuriken Naruto - Kunai Naruto economici - R\u00e9plique Manga Cin\u00e9","isPartOf":{"@id":"https:\/\/repliquemangacine.fr\/#website"},"primaryImageOfPage":{"@id":"https:\/\/www.repliquemangacine.fr\/kunai-et-shuriken-naruto\/shuriken-naruto\/#primaryimage"},"image":{"@id":"https:\/\/www.repliquemangacine.fr\/kunai-et-shuriken-naruto\/shuriken-naruto\/#primaryimage"},"thumbnailUrl":"https:\/\/repliquemangacine.fr\/wp-content\/uploads\/2023\/10\/192-Shuriken-Etoile-a-lancer-Naruto.jpg","datePublished":"2016-08-27T20:51:57+00:00","dateModified":"2026-04-12T04:16:11+00:00","description":"Volete praticare la tecnica Shuriken jutsu come Naruto? Regalati questo shuriken interamente in metallo al miglior prezzo. Consegna 24\/48H","breadcrumb":{"@id":"https:\/\/www.repliquemangacine.fr\/kunai-et-shuriken-naruto\/shuriken-naruto\/#breadcrumb"},"inLanguage":"it-IT","potentialAction":[{"@type":"ReadAction","target":["https:\/\/www.repliquemangacine.fr\/kunai-et-shuriken-naruto\/shuriken-naruto\/"]}]},{"@type":"ImageObject","inLanguage":"it-IT","@id":"https:\/\/www.repliquemangacine.fr\/kunai-et-shuriken-naruto\/shuriken-naruto\/#primaryimage","url":"https:\/\/repliquemangacine.fr\/wp-content\/uploads\/2023\/10\/192-Shuriken-Etoile-a-lancer-Naruto.jpg","contentUrl":"https:\/\/repliquemangacine.fr\/wp-content\/uploads\/2023\/10\/192-Shuriken-Etoile-a-lancer-Naruto.jpg","width":800,"height":800,"caption":"Shuriken - Etoile a lancer - Naruto"},{"@type":"BreadcrumbList","@id":"https:\/\/www.repliquemangacine.fr\/kunai-et-shuriken-naruto\/shuriken-naruto\/#breadcrumb","itemListElement":[{"@type":"ListItem","position":1,"name":"Accueil","item":"https:\/\/repliquemangacine.fr\/"},{"@type":"ListItem","position":2,"name":"Produits","item":"https:\/\/repliquemangacine.fr\/boutique\/"},{"@type":"ListItem","position":3,"name":"Shuriken Naruto"}]},{"@type":"WebSite","@id":"https:\/\/repliquemangacine.fr\/#website","url":"https:\/\/repliquemangacine.fr\/","name":"R\u00e9plique Manga Cin\u00e9","description":"","publisher":{"@id":"https:\/\/repliquemangacine.fr\/#organization"},"potentialAction":[{"@type":"SearchAction","target":{"@type":"EntryPoint","urlTemplate":"https:\/\/repliquemangacine.fr\/?s={search_term_string}"},"query-input":{"@type":"PropertyValueSpecification","valueRequired":true,"valueName":"search_term_string"}}],"inLanguage":"it-IT"},{"@type":"Organization","@id":"https:\/\/repliquemangacine.fr\/#organization","name":"R\u00e9plique Manga Cin\u00e9","url":"https:\/\/repliquemangacine.fr\/","logo":{"@type":"ImageObject","inLanguage":"it-IT","@id":"https:\/\/repliquemangacine.fr\/#\/schema\/logo\/image\/","url":"https:\/\/repliquemangacine.fr\/wp-content\/uploads\/2023\/10\/RMC-500250.png","contentUrl":"https:\/\/repliquemangacine.fr\/wp-content\/uploads\/2023\/10\/RMC-500250.png","width":500,"height":250,"caption":"R\u00e9plique Manga Cin\u00e9"},"image":{"@id":"https:\/\/repliquemangacine.fr\/#\/schema\/logo\/image\/"},"sameAs":["https:\/\/www.facebook.com\/RepliqueMangaCine","https:\/\/www.instagram.com\/repliquemangacine.fr\/"]}]}},"_links":{"self":[{"href":"https:\/\/repliquemangacine.fr\/it\/wp-json\/wp\/v2\/product\/25390","targetHints":{"allow":["GET"]}}],"collection":[{"href":"https:\/\/repliquemangacine.fr\/it\/wp-json\/wp\/v2\/product"}],"about":[{"href":"https:\/\/repliquemangacine.fr\/it\/wp-json\/wp\/v2\/types\/product"}],"wp:featuredmedia":[{"embeddable":true,"href":"https:\/\/repliquemangacine.fr\/it\/wp-json\/wp\/v2\/media\/25391"}],"wp:attachment":[{"href":"https:\/\/repliquemangacine.fr\/it\/wp-json\/wp\/v2\/media?parent=25390"}],"wp:term":[{"taxonomy":"product_brand","embeddable":true,"href":"https:\/\/repliquemangacine.fr\/it\/wp-json\/wp\/v2\/product_brand?post=25390"},{"taxonomy":"product_cat","embeddable":true,"href":"https:\/\/repliquemangacine.fr\/it\/wp-json\/wp\/v2\/product_cat?post=25390"},{"taxonomy":"product_tag","embeddable":true,"href":"https:\/\/repliquemangacine.fr\/it\/wp-json\/wp\/v2\/product_tag?post=25390"}],"curies":[{"name":"wp","href":"https:\/\/api.w.org\/{rel}","templated":true}]}}