





{"id":25380,"date":"2016-08-27T18:11:15","date_gmt":"2016-08-27T16:11:15","guid":{"rendered":"https:\/\/repliquemangacine.fr\/?post_type=product&#038;p=25380"},"modified":"2026-03-31T15:00:48","modified_gmt":"2026-03-31T13:00:48","slug":"katana-sasuke-spada-kusanagi","status":"publish","type":"product","link":"https:\/\/repliquemangacine.fr\/it\/katana-naruto\/katana-sasuke-epee-kusanagi\/","title":{"rendered":"Katana Sasuk\u00e9 Naruto Stand + Fascia per capelli"},"content":{"rendered":"<h2>Katana Kusanagi Spada Sasuke Naruto.<\/h2>\n<p>Per cominciare, il <strong>Katana Kusanagi Spada Sasuke<\/strong> La versione bianca nel manga di Naruto e quella nera nell'anime.<\/p>\n<p>Prima di tutto, \u00e8 una spada giapponese leggendaria, importante in quel Paese come Excalibur in Inghilterra. \u00c8 una delle tre regalie del trono imperiale giapponese. La sua rappresentazione nella cultura giapponese, nei film, negli anime e nei romanzi, varia notevolmente. Ogni autore ha la propria idea e il proprio disegno.<\/p>\n<p>Nel manga animato <a href=\"https:\/\/naruto.fandom.com\/fr\/wiki\/Accueil\" target=\"_blank\" rel=\"noopener noreferrer\">Naruto<\/a>Orochimaru possiede la spada Kusanagi, ritenuta pi\u00f9 forte del diamante. La usa per uccidere il terzo Hokage durante l'esame finale dei ch\u016bnin. Sasuke possiede un'altra versione della spada Kusanagi, non \u00e8 la stessa, ma ha lo stesso nome.<\/p>\n<h2>La tua Katana Kusanagi Sword Sasuke al miglior prezzo.<\/h2>\n<p>Vi proponiamo tutte le repliche dei vostri personaggi preferiti in questo manga animato Naruto.<\/p>\n<p>Innanzitutto,<\/p>\n<ul>\n<li>L' <a href=\"https:\/\/repliquemangacine.fr\/it\/katana-naruto\/kusanagi-spada-sasuke-naruto\/\">Spada Kusanagi<\/a>Troverete l'altra sciabola con lo stesso nome.<\/li>\n<li>Ma anche il grande Kunai di metallo, cos\u00ec come il <a href=\"https:\/\/repliquemangacine.fr\/it\/naruto\/lama-di-chakra-asuma\/\">Lame di chakra<\/a>.<\/li>\n<li>E molti altri da scoprire nel nostro negozio online!<\/li>\n<\/ul>\n<p>Ecco quindi alcune fantastiche idee regalo per i fan di Naruto.<\/p>\n<p>In conclusione, \u00e8 possibile utilizzare questo <strong>Katana Kusanagi Spada Sasuke <\/strong>per le vostre sfilate cosplay o serate a tema. Ma soprattutto, la spada Kusanagi \u00e8 anche un oggetto da collezione e un oggetto decorativo.<\/p>\n<h2>Come si mantiene la lama della katana di Naruto?<\/h2>\n<p>Le katane da collezione e decorative sono realizzate e assemblate in modo semplificato. Poich\u00e9 il loro uso \u00e8 decorativo, non hanno le caratteristiche di sicurezza richieste da una spada giapponese destinata all'allenamento.<\/p>\n<p>Tuttavia, il vostro <strong>katana Kusanagi Spada Sasuke<\/strong> a una lama d'acciaio che deve essere curata per evitare che si danneggi nel tempo. Quando si espone la katana, gli amici saranno curiosi di vedere la lama e di toccarla. \u00c8 qui che bisogna fare attenzione, perch\u00e9 l'acidit\u00e0 delle dita \u00e8 molto dannosa per l'acciaio, indipendentemente dalla sua qualit\u00e0.<\/p>\n<p>Tuttavia, se ci\u00f2 dovesse accadere, niente panico: basta un panno inumidito con un po' d'olio per eliminare le impronte. In questo modo, la spada durer\u00e0 a lungo.<\/p>\n<p><strong>\u00a0<\/strong><\/p>","protected":false},"excerpt":{"rendered":"<p>Sasuke Uchiwa ha un chokut\u014d che chiama la versione manga della spada di Kusanagi.<\/p>\n<ul>\n<li>Lama dritta in acciaio bicolore.<\/li>\n<li>Guardia con il segno dell'Uchiwa.<\/li>\n<li>Fodero in legno bianco con una linea nera al centro.<\/li>\n<li>Lunghezza lama: 69 cm - Lunghezza totale: 102 cm. - Peso: 800 gr<\/li>\n<li><strong>Fornito con cavalletto di presentazione e striscione<\/strong><\/li>\n<\/ul>","protected":false},"featured_media":97278,"template":"","meta":[],"product_brand":[896],"product_cat":[109],"product_tag":[],"class_list":{"0":"post-25380","1":"product","2":"type-product","3":"status-publish","4":"has-post-thumbnail","6":"product_brand-replique-manga-cine","7":"product_cat-katana-naruto","9":"first","10":"instock","11":"taxable","12":"shipping-taxable","13":"purchasable","14":"product-type-simple"},"yoast_head":"<!-- This site is optimized with the Yoast SEO plugin v27.4 - https:\/\/yoast.com\/product\/yoast-seo-wordpress\/ -->\n<title>Katana Kusanagi Ep\u00e9e Sasuke Naruto - Boutique en ligne | RMC<\/title>\n<meta name=\"description\" content=\"Achetez vite ! Votre Katana Kusanagi Ep\u00e9e Sasuke au meilleur prix. Lame en acier - Fourreau blanc- Longueur totale\u00a0: 102 cm - Envoi 24\/48h\" \/>\n<meta name=\"robots\" content=\"index, follow, max-snippet:-1, max-image-preview:large, max-video-preview:-1\" \/>\n<link rel=\"canonical\" href=\"https:\/\/repliquemangacine.fr\/it\/katana-naruto\/katana-sasuke-spada-kusanagi\/\" \/>\n<meta property=\"og:locale\" content=\"it_IT\" \/>\n<meta property=\"og:type\" content=\"article\" \/>\n<meta property=\"og:title\" content=\"Katana Kusanagi Ep\u00e9e Sasuke Naruto - Boutique en ligne | RMC\" \/>\n<meta property=\"og:description\" content=\"Achetez vite ! Votre Katana Kusanagi Ep\u00e9e Sasuke au meilleur prix. Lame en acier - Fourreau blanc- Longueur totale\u00a0: 102 cm - Envoi 24\/48h\" \/>\n<meta property=\"og:url\" content=\"https:\/\/repliquemangacine.fr\/it\/katana-naruto\/katana-sasuke-spada-kusanagi\/\" \/>\n<meta property=\"og:site_name\" content=\"R\u00e9plique Manga Cin\u00e9\" \/>\n<meta property=\"article:publisher\" content=\"https:\/\/www.facebook.com\/RepliqueMangaCine\" \/>\n<meta property=\"article:modified_time\" content=\"2026-03-31T13:00:48+00:00\" \/>\n<meta property=\"og:image\" content=\"https:\/\/repliquemangacine.fr\/wp-content\/uploads\/2016\/08\/epee-naruto.jpg\" \/>\n\t<meta property=\"og:image:width\" content=\"700\" \/>\n\t<meta property=\"og:image:height\" content=\"700\" \/>\n\t<meta property=\"og:image:type\" content=\"image\/jpeg\" \/>\n<meta name=\"twitter:card\" content=\"summary_large_image\" \/>\n<meta name=\"twitter:label1\" content=\"Tempo di lettura stimato\" \/>\n\t<meta name=\"twitter:data1\" content=\"2 minuti\" \/>\n<script type=\"application\/ld+json\" class=\"yoast-schema-graph\">{\"@context\":\"https:\\\/\\\/schema.org\",\"@graph\":[{\"@type\":\"WebPage\",\"@id\":\"https:\\\/\\\/repliquemangacine.fr\\\/katana-naruto\\\/katana-sasuke-epee-kusanagi\\\/\",\"url\":\"https:\\\/\\\/repliquemangacine.fr\\\/katana-naruto\\\/katana-sasuke-epee-kusanagi\\\/\",\"name\":\"Katana Kusanagi Ep\u00e9e Sasuke Naruto - Boutique en ligne | RMC\",\"isPartOf\":{\"@id\":\"https:\\\/\\\/repliquemangacine.fr\\\/#website\"},\"primaryImageOfPage\":{\"@id\":\"https:\\\/\\\/repliquemangacine.fr\\\/katana-naruto\\\/katana-sasuke-epee-kusanagi\\\/#primaryimage\"},\"image\":{\"@id\":\"https:\\\/\\\/repliquemangacine.fr\\\/katana-naruto\\\/katana-sasuke-epee-kusanagi\\\/#primaryimage\"},\"thumbnailUrl\":\"https:\\\/\\\/repliquemangacine.fr\\\/wp-content\\\/uploads\\\/2016\\\/08\\\/epee-naruto.webp\",\"datePublished\":\"2016-08-27T16:11:15+00:00\",\"dateModified\":\"2026-03-31T13:00:48+00:00\",\"description\":\"Achetez vite ! Votre Katana Kusanagi Ep\u00e9e Sasuke au meilleur prix. Lame en acier - Fourreau blanc- Longueur totale\u00a0: 102 cm - Envoi 24\\\/48h\",\"breadcrumb\":{\"@id\":\"https:\\\/\\\/repliquemangacine.fr\\\/katana-naruto\\\/katana-sasuke-epee-kusanagi\\\/#breadcrumb\"},\"inLanguage\":\"it-IT\",\"potentialAction\":[{\"@type\":\"ReadAction\",\"target\":[\"https:\\\/\\\/repliquemangacine.fr\\\/katana-naruto\\\/katana-sasuke-epee-kusanagi\\\/\"]}]},{\"@type\":\"ImageObject\",\"inLanguage\":\"it-IT\",\"@id\":\"https:\\\/\\\/repliquemangacine.fr\\\/katana-naruto\\\/katana-sasuke-epee-kusanagi\\\/#primaryimage\",\"url\":\"https:\\\/\\\/repliquemangacine.fr\\\/wp-content\\\/uploads\\\/2016\\\/08\\\/epee-naruto.webp\",\"contentUrl\":\"https:\\\/\\\/repliquemangacine.fr\\\/wp-content\\\/uploads\\\/2016\\\/08\\\/epee-naruto.webp\",\"width\":700,\"height\":700,\"caption\":\"Katana Kusanagi Ep\u00e9e Sasuke Naruto support et bandeau\"},{\"@type\":\"BreadcrumbList\",\"@id\":\"https:\\\/\\\/repliquemangacine.fr\\\/katana-naruto\\\/katana-sasuke-epee-kusanagi\\\/#breadcrumb\",\"itemListElement\":[{\"@type\":\"ListItem\",\"position\":1,\"name\":\"Accueil\",\"item\":\"https:\\\/\\\/repliquemangacine.fr\\\/\"},{\"@type\":\"ListItem\",\"position\":2,\"name\":\"Produits\",\"item\":\"https:\\\/\\\/repliquemangacine.fr\\\/boutique\\\/\"},{\"@type\":\"ListItem\",\"position\":3,\"name\":\"Katana Sasuk\u00e9 Naruto Pack support + Bandeau\"}]},{\"@type\":\"WebSite\",\"@id\":\"https:\\\/\\\/repliquemangacine.fr\\\/#website\",\"url\":\"https:\\\/\\\/repliquemangacine.fr\\\/\",\"name\":\"R\u00e9plique Manga Cin\u00e9\",\"description\":\"\",\"publisher\":{\"@id\":\"https:\\\/\\\/repliquemangacine.fr\\\/#organization\"},\"potentialAction\":[{\"@type\":\"SearchAction\",\"target\":{\"@type\":\"EntryPoint\",\"urlTemplate\":\"https:\\\/\\\/repliquemangacine.fr\\\/?s={search_term_string}\"},\"query-input\":{\"@type\":\"PropertyValueSpecification\",\"valueRequired\":true,\"valueName\":\"search_term_string\"}}],\"inLanguage\":\"it-IT\"},{\"@type\":\"Organization\",\"@id\":\"https:\\\/\\\/repliquemangacine.fr\\\/#organization\",\"name\":\"R\u00e9plique Manga Cin\u00e9\",\"url\":\"https:\\\/\\\/repliquemangacine.fr\\\/\",\"logo\":{\"@type\":\"ImageObject\",\"inLanguage\":\"it-IT\",\"@id\":\"https:\\\/\\\/repliquemangacine.fr\\\/#\\\/schema\\\/logo\\\/image\\\/\",\"url\":\"https:\\\/\\\/repliquemangacine.fr\\\/wp-content\\\/uploads\\\/2023\\\/10\\\/RMC-500250.png\",\"contentUrl\":\"https:\\\/\\\/repliquemangacine.fr\\\/wp-content\\\/uploads\\\/2023\\\/10\\\/RMC-500250.png\",\"width\":500,\"height\":250,\"caption\":\"R\u00e9plique Manga Cin\u00e9\"},\"image\":{\"@id\":\"https:\\\/\\\/repliquemangacine.fr\\\/#\\\/schema\\\/logo\\\/image\\\/\"},\"sameAs\":[\"https:\\\/\\\/www.facebook.com\\\/RepliqueMangaCine\",\"https:\\\/\\\/www.instagram.com\\\/repliquemangacine.fr\\\/\"]}]}<\/script>\n<!-- \/ Yoast SEO plugin. -->","yoast_head_json":{"title":"Katana Kusanagi Spada Sasuke Naruto - Boutique en ligne | RMC","description":"Comprate ora! La tua Katana Kusanagi Spada Sasuke al miglior prezzo. Lama in acciaio - Fodero bianco - Lunghezza totale: 102 cm - Spedizione 24\/48h","robots":{"index":"index","follow":"follow","max-snippet":"max-snippet:-1","max-image-preview":"max-image-preview:large","max-video-preview":"max-video-preview:-1"},"canonical":"https:\/\/repliquemangacine.fr\/it\/katana-naruto\/katana-sasuke-spada-kusanagi\/","og_locale":"it_IT","og_type":"article","og_title":"Katana Kusanagi Ep\u00e9e Sasuke Naruto - Boutique en ligne | RMC","og_description":"Achetez vite ! Votre Katana Kusanagi Ep\u00e9e Sasuke au meilleur prix. Lame en acier - Fourreau blanc- Longueur totale\u00a0: 102 cm - Envoi 24\/48h","og_url":"https:\/\/repliquemangacine.fr\/it\/katana-naruto\/katana-sasuke-spada-kusanagi\/","og_site_name":"R\u00e9plique Manga Cin\u00e9","article_publisher":"https:\/\/www.facebook.com\/RepliqueMangaCine","article_modified_time":"2026-03-31T13:00:48+00:00","og_image":[{"width":700,"height":700,"url":"https:\/\/repliquemangacine.fr\/wp-content\/uploads\/2016\/08\/epee-naruto.jpg","type":"image\/jpeg"}],"twitter_card":"summary_large_image","twitter_misc":{"Tempo di lettura stimato":"2 minuti"},"schema":{"@context":"https:\/\/schema.org","@graph":[{"@type":"WebPage","@id":"https:\/\/repliquemangacine.fr\/katana-naruto\/katana-sasuke-epee-kusanagi\/","url":"https:\/\/repliquemangacine.fr\/katana-naruto\/katana-sasuke-epee-kusanagi\/","name":"Katana Kusanagi Spada Sasuke Naruto - Boutique en ligne | RMC","isPartOf":{"@id":"https:\/\/repliquemangacine.fr\/#website"},"primaryImageOfPage":{"@id":"https:\/\/repliquemangacine.fr\/katana-naruto\/katana-sasuke-epee-kusanagi\/#primaryimage"},"image":{"@id":"https:\/\/repliquemangacine.fr\/katana-naruto\/katana-sasuke-epee-kusanagi\/#primaryimage"},"thumbnailUrl":"https:\/\/repliquemangacine.fr\/wp-content\/uploads\/2016\/08\/epee-naruto.webp","datePublished":"2016-08-27T16:11:15+00:00","dateModified":"2026-03-31T13:00:48+00:00","description":"Comprate ora! La tua Katana Kusanagi Spada Sasuke al miglior prezzo. Lama in acciaio - Fodero bianco - Lunghezza totale: 102 cm - Spedizione 24\/48h","breadcrumb":{"@id":"https:\/\/repliquemangacine.fr\/katana-naruto\/katana-sasuke-epee-kusanagi\/#breadcrumb"},"inLanguage":"it-IT","potentialAction":[{"@type":"ReadAction","target":["https:\/\/repliquemangacine.fr\/katana-naruto\/katana-sasuke-epee-kusanagi\/"]}]},{"@type":"ImageObject","inLanguage":"it-IT","@id":"https:\/\/repliquemangacine.fr\/katana-naruto\/katana-sasuke-epee-kusanagi\/#primaryimage","url":"https:\/\/repliquemangacine.fr\/wp-content\/uploads\/2016\/08\/epee-naruto.webp","contentUrl":"https:\/\/repliquemangacine.fr\/wp-content\/uploads\/2016\/08\/epee-naruto.webp","width":700,"height":700,"caption":"Katana Kusanagi Ep\u00e9e Sasuke Naruto support et bandeau"},{"@type":"BreadcrumbList","@id":"https:\/\/repliquemangacine.fr\/katana-naruto\/katana-sasuke-epee-kusanagi\/#breadcrumb","itemListElement":[{"@type":"ListItem","position":1,"name":"Accueil","item":"https:\/\/repliquemangacine.fr\/"},{"@type":"ListItem","position":2,"name":"Produits","item":"https:\/\/repliquemangacine.fr\/boutique\/"},{"@type":"ListItem","position":3,"name":"Katana Sasuk\u00e9 Naruto Pack support + Bandeau"}]},{"@type":"WebSite","@id":"https:\/\/repliquemangacine.fr\/#website","url":"https:\/\/repliquemangacine.fr\/","name":"R\u00e9plique Manga Cin\u00e9","description":"","publisher":{"@id":"https:\/\/repliquemangacine.fr\/#organization"},"potentialAction":[{"@type":"SearchAction","target":{"@type":"EntryPoint","urlTemplate":"https:\/\/repliquemangacine.fr\/?s={search_term_string}"},"query-input":{"@type":"PropertyValueSpecification","valueRequired":true,"valueName":"search_term_string"}}],"inLanguage":"it-IT"},{"@type":"Organization","@id":"https:\/\/repliquemangacine.fr\/#organization","name":"R\u00e9plique Manga Cin\u00e9","url":"https:\/\/repliquemangacine.fr\/","logo":{"@type":"ImageObject","inLanguage":"it-IT","@id":"https:\/\/repliquemangacine.fr\/#\/schema\/logo\/image\/","url":"https:\/\/repliquemangacine.fr\/wp-content\/uploads\/2023\/10\/RMC-500250.png","contentUrl":"https:\/\/repliquemangacine.fr\/wp-content\/uploads\/2023\/10\/RMC-500250.png","width":500,"height":250,"caption":"R\u00e9plique Manga Cin\u00e9"},"image":{"@id":"https:\/\/repliquemangacine.fr\/#\/schema\/logo\/image\/"},"sameAs":["https:\/\/www.facebook.com\/RepliqueMangaCine","https:\/\/www.instagram.com\/repliquemangacine.fr\/"]}]}},"_links":{"self":[{"href":"https:\/\/repliquemangacine.fr\/it\/wp-json\/wp\/v2\/product\/25380","targetHints":{"allow":["GET"]}}],"collection":[{"href":"https:\/\/repliquemangacine.fr\/it\/wp-json\/wp\/v2\/product"}],"about":[{"href":"https:\/\/repliquemangacine.fr\/it\/wp-json\/wp\/v2\/types\/product"}],"wp:featuredmedia":[{"embeddable":true,"href":"https:\/\/repliquemangacine.fr\/it\/wp-json\/wp\/v2\/media\/97278"}],"wp:attachment":[{"href":"https:\/\/repliquemangacine.fr\/it\/wp-json\/wp\/v2\/media?parent=25380"}],"wp:term":[{"taxonomy":"product_brand","embeddable":true,"href":"https:\/\/repliquemangacine.fr\/it\/wp-json\/wp\/v2\/product_brand?post=25380"},{"taxonomy":"product_cat","embeddable":true,"href":"https:\/\/repliquemangacine.fr\/it\/wp-json\/wp\/v2\/product_cat?post=25380"},{"taxonomy":"product_tag","embeddable":true,"href":"https:\/\/repliquemangacine.fr\/it\/wp-json\/wp\/v2\/product_tag?post=25380"}],"curies":[{"name":"wp","href":"https:\/\/api.w.org\/{rel}","templated":true}]}}