





{"id":25358,"date":"2016-08-25T16:27:26","date_gmt":"2016-08-25T14:27:26","guid":{"rendered":"https:\/\/repliquemangacine.fr\/?post_type=product&#038;p=25358"},"modified":"2026-04-17T17:42:37","modified_gmt":"2026-04-17T15:42:37","slug":"yubashiri-sciabola-katana-zoro-katana","status":"publish","type":"product","link":"https:\/\/repliquemangacine.fr\/it\/repliques-manga-jeux-video\/katana-sabre-yubashiri-katana-de-zoro\/","title":{"rendered":"Spada Katana Yubashiri di Zoro"},"content":{"rendered":"<h2>Katana Yubashiri di Zoro in One Piece<\/h2>\n<p>Per cominciare, il <strong>Katana Yubashiri Zoro<\/strong> in One Piece, \u00e8 una spada appartenente al gruppo dei <a href=\"https:\/\/onepiece.fandom.com\/fr\/wiki\/Ryo_Wazamono\" target=\"_blank\" rel=\"noopener noreferrer\">Ryo Wazamono<\/a>, Le 50 lame di alta qualit\u00e0. Lo Yubashiri assomiglia a un Gunto, un tipo di spada giapponese prodotta per l'esercito imperiale giapponese durante le epoche Meiji, Taisho e Showa.<\/p>\n<p>Zoro ha ricevuto questa lama gratuitamente a Loguetown.  La spada \u00e8 stata vista per l'ultima volta a Thriller Bark, quando la lama \u00e8 stata sostituita dalla Shusui che Zoro ha preso da Ryuma dopo averlo sconfitto. Ci\u00f2 che resta dello Yubashiri viene sepolto da Zoro a Thriller Bark.<span class=\"Apple-converted-space\">\u00a0<\/span><\/p>\n<p>La lama della spada Yubashiri Zoro One Piece \u00e8 leggera, forte e completa. Zoro ha commentato che era una buona Katana, dopo aver visto quanto fosse facile da usare. La Yubashiri \u00e8 una delle tre lame utilizzate da Zoro per la sua tecnica a tre lame.<\/p>\n<h2>La tua Katana Yubashiri de Zoro al miglior prezzo.<\/h2>\n<p>Vi proponiamo tutte le battute dei vostri personaggi preferiti in questo manga animato di One Piece.<\/p>\n<ul>\n<li>\u00c8 possibile trovare anche il<a href=\"https:\/\/repliquemangacine.fr\/it\/un-pezzo-unico\/katana-shusui-epee-maudite-sabre-de-zoro-roronoa\/\"> Katana Shusui<\/a> chiamato il maledetto,<\/li>\n<li>e il nuovo <a href=\"https:\/\/repliquemangacine.fr\/it\/un-pezzo-unico\/ame-no-habakiri-katana-de-zoro-one-piece\/\">La katana di Zoro Ame no Habakiri<\/a>che \u00e8 uno dei 21 \u00f4 Wazamono.<\/li>\n<li>E molti altri da scoprire nel nostro negozio online.<\/li>\n<\/ul>\n<p>Ecco perch\u00e9 questa \u00e8 un'ottima idea regalo per tutti i fan di One Piece.<\/p>\n<p>In conclusione, \u00e8 possibile utilizzare questo <strong>Katana Yubashiri Zoro<\/strong> per le sfilate di cosplay o le serate a tema. Ma soprattutto, la katana Yubashiri \u00e8 anche un oggetto da collezione e un pezzo decorativo.<\/p>\n<h2>Come posso mantenere la lama della mia katana di One Piece?<\/h2>\n<p>Le katane da collezione e decorative sono realizzate e assemblate in modo semplificato. Poich\u00e9 il loro uso \u00e8 decorativo, non hanno le caratteristiche di sicurezza richieste da una spada giapponese destinata all'allenamento.<\/p>\n<p>Tuttavia, il vostro <strong>Katana Yubashiri di Zoro<\/strong> One Piece ha una lama in acciaio che deve essere mantenuta per evitare che si danneggi nel tempo. Esporrete la vostra katana e i vostri amici saranno curiosi di vedere la lama e di toccarla. \u00c8 qui che bisogna fare attenzione, perch\u00e9 l'acidit\u00e0 delle dita \u00e8 molto dannosa per l'acciaio, indipendentemente dalla sua qualit\u00e0.<\/p>\n<p>Tuttavia, se ci\u00f2 dovesse accadere, niente panico: basta un panno inumidito con un po' d'olio per eliminare le impronte. In questo modo, la spada durer\u00e0 a lungo.<\/p>","protected":false},"excerpt":{"rendered":"<p>Lo Yubashiri era una delle tre lame che Zoro utilizzava per la sua tecnica a tre lame, Sant\u014dry\u016b.<\/p>\n<ul>\n<li>Lama in acciaio bicolore (senza tagliente)<\/li>\n<li>Manico avvolto in filo di cotone nero con punto di ottone giallo.<\/li>\n<li>Fodero in legno laccato nero con decorazioni in ottone.<\/li>\n<li>Protezione metallica specifica.<\/li>\n<li>Lunghezza lama 68 cm - Lunghezza totale 100 cm.<\/li>\n<\/ul>","protected":false},"featured_media":25359,"template":"","meta":[],"product_brand":[896],"product_cat":[123,23],"product_tag":[],"class_list":{"0":"post-25358","1":"product","2":"type-product","3":"status-publish","4":"has-post-thumbnail","6":"product_brand-replique-manga-cine","7":"product_cat-katana-en-metal-one-piece","8":"product_cat-repliques-manga-jeux-video","10":"first","11":"outofstock","12":"taxable","13":"shipping-taxable","14":"purchasable","15":"product-type-simple"},"yoast_head":"<!-- This site is optimized with the Yoast SEO plugin v27.4 - https:\/\/yoast.com\/product\/yoast-seo-wordpress\/ -->\n<title>Katana Yubashiri Zoro - One Piece - Boutique en ligne | RMC<\/title>\n<meta name=\"description\" content=\"Achetez vite ! le Katana Yubashiri de Zoro One Piece, au meilleur prix. Lame acier de 68cm - Longueur totale 100cm - Envoi 24\/48h\" \/>\n<meta name=\"robots\" content=\"index, follow, max-snippet:-1, max-image-preview:large, max-video-preview:-1\" \/>\n<link rel=\"canonical\" href=\"https:\/\/repliquemangacine.fr\/it\/videogiochi-manga-replica\/yubashiri-sciabola-katana-zoro-katana\/\" \/>\n<meta property=\"og:locale\" content=\"it_IT\" \/>\n<meta property=\"og:type\" content=\"article\" \/>\n<meta property=\"og:title\" content=\"Katana Yubashiri Zoro - One Piece - Boutique en ligne | RMC\" \/>\n<meta property=\"og:description\" content=\"Achetez vite ! le Katana Yubashiri de Zoro One Piece, au meilleur prix. Lame acier de 68cm - Longueur totale 100cm - Envoi 24\/48h\" \/>\n<meta property=\"og:url\" content=\"https:\/\/repliquemangacine.fr\/it\/videogiochi-manga-replica\/yubashiri-sciabola-katana-zoro-katana\/\" \/>\n<meta property=\"og:site_name\" content=\"R\u00e9plique Manga Cin\u00e9\" \/>\n<meta property=\"article:publisher\" content=\"https:\/\/www.facebook.com\/RepliqueMangaCine\" \/>\n<meta property=\"article:modified_time\" content=\"2026-04-17T15:42:37+00:00\" \/>\n<meta property=\"og:image\" content=\"https:\/\/repliquemangacine.fr\/wp-content\/uploads\/2023\/10\/9461.png\" \/>\n\t<meta property=\"og:image:width\" content=\"500\" \/>\n\t<meta property=\"og:image:height\" content=\"500\" \/>\n\t<meta property=\"og:image:type\" content=\"image\/png\" \/>\n<meta name=\"twitter:card\" content=\"summary_large_image\" \/>\n<meta name=\"twitter:label1\" content=\"Tempo di lettura stimato\" \/>\n\t<meta name=\"twitter:data1\" content=\"3 minuti\" \/>\n<script type=\"application\/ld+json\" class=\"yoast-schema-graph\">{\"@context\":\"https:\\\/\\\/schema.org\",\"@graph\":[{\"@type\":\"WebPage\",\"@id\":\"https:\\\/\\\/repliquemangacine.fr\\\/repliques-manga-jeux-video\\\/katana-sabre-yubashiri-katana-de-zoro\\\/\",\"url\":\"https:\\\/\\\/repliquemangacine.fr\\\/repliques-manga-jeux-video\\\/katana-sabre-yubashiri-katana-de-zoro\\\/\",\"name\":\"Katana Yubashiri Zoro - One Piece - Boutique en ligne | RMC\",\"isPartOf\":{\"@id\":\"https:\\\/\\\/repliquemangacine.fr\\\/#website\"},\"primaryImageOfPage\":{\"@id\":\"https:\\\/\\\/repliquemangacine.fr\\\/repliques-manga-jeux-video\\\/katana-sabre-yubashiri-katana-de-zoro\\\/#primaryimage\"},\"image\":{\"@id\":\"https:\\\/\\\/repliquemangacine.fr\\\/repliques-manga-jeux-video\\\/katana-sabre-yubashiri-katana-de-zoro\\\/#primaryimage\"},\"thumbnailUrl\":\"https:\\\/\\\/repliquemangacine.fr\\\/wp-content\\\/uploads\\\/2023\\\/10\\\/9461.png\",\"datePublished\":\"2016-08-25T14:27:26+00:00\",\"dateModified\":\"2026-04-17T15:42:37+00:00\",\"description\":\"Achetez vite ! le Katana Yubashiri de Zoro One Piece, au meilleur prix. Lame acier de 68cm - Longueur totale 100cm - Envoi 24\\\/48h\",\"breadcrumb\":{\"@id\":\"https:\\\/\\\/repliquemangacine.fr\\\/repliques-manga-jeux-video\\\/katana-sabre-yubashiri-katana-de-zoro\\\/#breadcrumb\"},\"inLanguage\":\"it-IT\",\"potentialAction\":[{\"@type\":\"ReadAction\",\"target\":[\"https:\\\/\\\/repliquemangacine.fr\\\/repliques-manga-jeux-video\\\/katana-sabre-yubashiri-katana-de-zoro\\\/\"]}]},{\"@type\":\"ImageObject\",\"inLanguage\":\"it-IT\",\"@id\":\"https:\\\/\\\/repliquemangacine.fr\\\/repliques-manga-jeux-video\\\/katana-sabre-yubashiri-katana-de-zoro\\\/#primaryimage\",\"url\":\"https:\\\/\\\/repliquemangacine.fr\\\/wp-content\\\/uploads\\\/2023\\\/10\\\/9461.png\",\"contentUrl\":\"https:\\\/\\\/repliquemangacine.fr\\\/wp-content\\\/uploads\\\/2023\\\/10\\\/9461.png\",\"width\":500,\"height\":500,\"caption\":\"Sabre Yubashiri Zoro one piece\"},{\"@type\":\"BreadcrumbList\",\"@id\":\"https:\\\/\\\/repliquemangacine.fr\\\/repliques-manga-jeux-video\\\/katana-sabre-yubashiri-katana-de-zoro\\\/#breadcrumb\",\"itemListElement\":[{\"@type\":\"ListItem\",\"position\":1,\"name\":\"Accueil\",\"item\":\"https:\\\/\\\/repliquemangacine.fr\\\/\"},{\"@type\":\"ListItem\",\"position\":2,\"name\":\"Produits\",\"item\":\"https:\\\/\\\/repliquemangacine.fr\\\/boutique\\\/\"},{\"@type\":\"ListItem\",\"position\":3,\"name\":\"Sabre Yubashiri Katana de Zoro\"}]},{\"@type\":\"WebSite\",\"@id\":\"https:\\\/\\\/repliquemangacine.fr\\\/#website\",\"url\":\"https:\\\/\\\/repliquemangacine.fr\\\/\",\"name\":\"R\u00e9plique Manga Cin\u00e9\",\"description\":\"\",\"publisher\":{\"@id\":\"https:\\\/\\\/repliquemangacine.fr\\\/#organization\"},\"potentialAction\":[{\"@type\":\"SearchAction\",\"target\":{\"@type\":\"EntryPoint\",\"urlTemplate\":\"https:\\\/\\\/repliquemangacine.fr\\\/?s={search_term_string}\"},\"query-input\":{\"@type\":\"PropertyValueSpecification\",\"valueRequired\":true,\"valueName\":\"search_term_string\"}}],\"inLanguage\":\"it-IT\"},{\"@type\":\"Organization\",\"@id\":\"https:\\\/\\\/repliquemangacine.fr\\\/#organization\",\"name\":\"R\u00e9plique Manga Cin\u00e9\",\"url\":\"https:\\\/\\\/repliquemangacine.fr\\\/\",\"logo\":{\"@type\":\"ImageObject\",\"inLanguage\":\"it-IT\",\"@id\":\"https:\\\/\\\/repliquemangacine.fr\\\/#\\\/schema\\\/logo\\\/image\\\/\",\"url\":\"https:\\\/\\\/repliquemangacine.fr\\\/wp-content\\\/uploads\\\/2023\\\/10\\\/RMC-500250.png\",\"contentUrl\":\"https:\\\/\\\/repliquemangacine.fr\\\/wp-content\\\/uploads\\\/2023\\\/10\\\/RMC-500250.png\",\"width\":500,\"height\":250,\"caption\":\"R\u00e9plique Manga Cin\u00e9\"},\"image\":{\"@id\":\"https:\\\/\\\/repliquemangacine.fr\\\/#\\\/schema\\\/logo\\\/image\\\/\"},\"sameAs\":[\"https:\\\/\\\/www.facebook.com\\\/RepliqueMangaCine\",\"https:\\\/\\\/www.instagram.com\\\/repliquemangacine.fr\\\/\"]}]}<\/script>\n<!-- \/ Yoast SEO plugin. -->","yoast_head_json":{"title":"Katana Yubashiri Zoro - One Piece - Boutique en ligne | RMC","description":"Acquista ora ! la Katana Yubashiri di Zoro One Piece, al miglior prezzo. Lama in acciaio 68cm - Lunghezza totale 100cm - Spedizione 24\/48h","robots":{"index":"index","follow":"follow","max-snippet":"max-snippet:-1","max-image-preview":"max-image-preview:large","max-video-preview":"max-video-preview:-1"},"canonical":"https:\/\/repliquemangacine.fr\/it\/videogiochi-manga-replica\/yubashiri-sciabola-katana-zoro-katana\/","og_locale":"it_IT","og_type":"article","og_title":"Katana Yubashiri Zoro - One Piece - Boutique en ligne | RMC","og_description":"Achetez vite ! le Katana Yubashiri de Zoro One Piece, au meilleur prix. Lame acier de 68cm - Longueur totale 100cm - Envoi 24\/48h","og_url":"https:\/\/repliquemangacine.fr\/it\/videogiochi-manga-replica\/yubashiri-sciabola-katana-zoro-katana\/","og_site_name":"R\u00e9plique Manga Cin\u00e9","article_publisher":"https:\/\/www.facebook.com\/RepliqueMangaCine","article_modified_time":"2026-04-17T15:42:37+00:00","og_image":[{"width":500,"height":500,"url":"https:\/\/repliquemangacine.fr\/wp-content\/uploads\/2023\/10\/9461.png","type":"image\/png"}],"twitter_card":"summary_large_image","twitter_misc":{"Tempo di lettura stimato":"3 minuti"},"schema":{"@context":"https:\/\/schema.org","@graph":[{"@type":"WebPage","@id":"https:\/\/repliquemangacine.fr\/repliques-manga-jeux-video\/katana-sabre-yubashiri-katana-de-zoro\/","url":"https:\/\/repliquemangacine.fr\/repliques-manga-jeux-video\/katana-sabre-yubashiri-katana-de-zoro\/","name":"Katana Yubashiri Zoro - One Piece - Boutique en ligne | RMC","isPartOf":{"@id":"https:\/\/repliquemangacine.fr\/#website"},"primaryImageOfPage":{"@id":"https:\/\/repliquemangacine.fr\/repliques-manga-jeux-video\/katana-sabre-yubashiri-katana-de-zoro\/#primaryimage"},"image":{"@id":"https:\/\/repliquemangacine.fr\/repliques-manga-jeux-video\/katana-sabre-yubashiri-katana-de-zoro\/#primaryimage"},"thumbnailUrl":"https:\/\/repliquemangacine.fr\/wp-content\/uploads\/2023\/10\/9461.png","datePublished":"2016-08-25T14:27:26+00:00","dateModified":"2026-04-17T15:42:37+00:00","description":"Acquista ora ! la Katana Yubashiri di Zoro One Piece, al miglior prezzo. Lama in acciaio 68cm - Lunghezza totale 100cm - Spedizione 24\/48h","breadcrumb":{"@id":"https:\/\/repliquemangacine.fr\/repliques-manga-jeux-video\/katana-sabre-yubashiri-katana-de-zoro\/#breadcrumb"},"inLanguage":"it-IT","potentialAction":[{"@type":"ReadAction","target":["https:\/\/repliquemangacine.fr\/repliques-manga-jeux-video\/katana-sabre-yubashiri-katana-de-zoro\/"]}]},{"@type":"ImageObject","inLanguage":"it-IT","@id":"https:\/\/repliquemangacine.fr\/repliques-manga-jeux-video\/katana-sabre-yubashiri-katana-de-zoro\/#primaryimage","url":"https:\/\/repliquemangacine.fr\/wp-content\/uploads\/2023\/10\/9461.png","contentUrl":"https:\/\/repliquemangacine.fr\/wp-content\/uploads\/2023\/10\/9461.png","width":500,"height":500,"caption":"Sabre Yubashiri Zoro one piece"},{"@type":"BreadcrumbList","@id":"https:\/\/repliquemangacine.fr\/repliques-manga-jeux-video\/katana-sabre-yubashiri-katana-de-zoro\/#breadcrumb","itemListElement":[{"@type":"ListItem","position":1,"name":"Accueil","item":"https:\/\/repliquemangacine.fr\/"},{"@type":"ListItem","position":2,"name":"Produits","item":"https:\/\/repliquemangacine.fr\/boutique\/"},{"@type":"ListItem","position":3,"name":"Sabre Yubashiri Katana de Zoro"}]},{"@type":"WebSite","@id":"https:\/\/repliquemangacine.fr\/#website","url":"https:\/\/repliquemangacine.fr\/","name":"R\u00e9plique Manga Cin\u00e9","description":"","publisher":{"@id":"https:\/\/repliquemangacine.fr\/#organization"},"potentialAction":[{"@type":"SearchAction","target":{"@type":"EntryPoint","urlTemplate":"https:\/\/repliquemangacine.fr\/?s={search_term_string}"},"query-input":{"@type":"PropertyValueSpecification","valueRequired":true,"valueName":"search_term_string"}}],"inLanguage":"it-IT"},{"@type":"Organization","@id":"https:\/\/repliquemangacine.fr\/#organization","name":"R\u00e9plique Manga Cin\u00e9","url":"https:\/\/repliquemangacine.fr\/","logo":{"@type":"ImageObject","inLanguage":"it-IT","@id":"https:\/\/repliquemangacine.fr\/#\/schema\/logo\/image\/","url":"https:\/\/repliquemangacine.fr\/wp-content\/uploads\/2023\/10\/RMC-500250.png","contentUrl":"https:\/\/repliquemangacine.fr\/wp-content\/uploads\/2023\/10\/RMC-500250.png","width":500,"height":250,"caption":"R\u00e9plique Manga Cin\u00e9"},"image":{"@id":"https:\/\/repliquemangacine.fr\/#\/schema\/logo\/image\/"},"sameAs":["https:\/\/www.facebook.com\/RepliqueMangaCine","https:\/\/www.instagram.com\/repliquemangacine.fr\/"]}]}},"_links":{"self":[{"href":"https:\/\/repliquemangacine.fr\/it\/wp-json\/wp\/v2\/product\/25358","targetHints":{"allow":["GET"]}}],"collection":[{"href":"https:\/\/repliquemangacine.fr\/it\/wp-json\/wp\/v2\/product"}],"about":[{"href":"https:\/\/repliquemangacine.fr\/it\/wp-json\/wp\/v2\/types\/product"}],"wp:featuredmedia":[{"embeddable":true,"href":"https:\/\/repliquemangacine.fr\/it\/wp-json\/wp\/v2\/media\/25359"}],"wp:attachment":[{"href":"https:\/\/repliquemangacine.fr\/it\/wp-json\/wp\/v2\/media?parent=25358"}],"wp:term":[{"taxonomy":"product_brand","embeddable":true,"href":"https:\/\/repliquemangacine.fr\/it\/wp-json\/wp\/v2\/product_brand?post=25358"},{"taxonomy":"product_cat","embeddable":true,"href":"https:\/\/repliquemangacine.fr\/it\/wp-json\/wp\/v2\/product_cat?post=25358"},{"taxonomy":"product_tag","embeddable":true,"href":"https:\/\/repliquemangacine.fr\/it\/wp-json\/wp\/v2\/product_tag?post=25358"}],"curies":[{"name":"wp","href":"https:\/\/api.w.org\/{rel}","templated":true}]}}