





{"id":25316,"date":"2016-08-22T18:51:51","date_gmt":"2016-08-22T16:51:51","guid":{"rendered":"https:\/\/repliquemangacine.fr\/?post_type=product&#038;p=25316"},"modified":"2026-04-20T18:43:35","modified_gmt":"2026-04-20T16:43:35","slug":"katana-benihime-shikai-urahara-kisuke-bleach","status":"publish","type":"product","link":"https:\/\/repliquemangacine.fr\/it\/katana-bleach\/katana-benihime-shikai-urahara-kisuke-bleach\/","title":{"rendered":"Katana Kisuke Shika\u00ef Benihime"},"content":{"rendered":"<h2>Katana Benihime Shika\u00ef Urahara in Bleach<\/h2>\n<p>Per cominciare, il <strong>Katana Benihime Shika\u00ef Urahara<\/strong>, La sua forma sigillata di zanpakuto \u00e8 la canna della spada benihime (principessa scarlatta).<\/p>\n<p>Per attivare il suo Shikai, <a href=\"https:\/\/bleach.fandom.com\/fr\/wiki\/Kisuke_Urahara?so=search#Shikai_:_Awake,_ou_l\u00e8ve_toi,_Benihime.\" target=\"_blank\" rel=\"noopener noreferrer\">Kisuke<\/a> pronuncia le seguenti parole: \u201cOkiro, Benihime! \u201d(Sveglia Benihime!).<\/p>\n<p>Urahara \u00e8 molto potente con la spada e la sua astuzia e capacit\u00e0 di osservazione sono incredibili. Le sue capacit\u00e0 sono state ritenute pericolose da Espada 4 Ulquiorra. \u00c8 una persona molto misteriosa, di cui si sa poco all'inizio.<\/p>\n<p>Ha un insolito senso dell'umorismo. Raramente \u00e8 serio e sembra essere piuttosto disinvolto, anche se \u00e8 solo una facciata. In realt\u00e0, Kisuke \u00e8 estremamente intelligente e perspicace. Sa sempre molto di pi\u00f9 di chiunque altro.<\/p>\n<h2>La tua Katana Benihime Shika\u00ef Urahara al miglior prezzo.<\/h2>\n<p>Vi proponiamo tutte le battute dei vostri personaggi preferiti nel manga Bleach.<\/p>\n<ul>\n<li>Naturalmente, il <a href=\"https:\/\/repliquemangacine.fr\/it\/katana-bleach\/benihime-kisuke-urahara-bleach-canna-da-spada\/\">Asta per spada Benihime<\/a> la forma sigillata del suo Shikai<\/li>\n<li>E la spada <a href=\"https:\/\/repliquemangacine.fr\/it\/katana-bleach\/zangetsu-ichigo-bleach-epee-zanpakuto-ichigo\/\">Shikai Zangetsu<\/a> con la sua lama traforata.<\/li>\n<li>C'\u00e8 anche il <a href=\"https:\/\/repliquemangacine.fr\/it\/katana-bleach\/katana-pantera-grimmjow-bleach\/\">Pantera katana<\/a> utilizzato da Grimmjow Jaggerjack, con la sua guardia a forma di Z.<\/li>\n<li>E molti altri da scoprire nel nostro negozio online!<\/li>\n<\/ul>\n<p>Ecco quindi alcune fantastiche idee regalo per i fan di Bleach.<\/p>\n<p>In conclusione, \u00e8 possibile utilizzare il metodo <strong>Katana Benihime Shika\u00ef Urahara<\/strong> di Bleach per le vostre sfilate di cosplay. Ma soprattutto, questa spada Benihime \u00e8 anche un oggetto da collezione e un pezzo decorativo.<\/p>\n<h2>Come si mantiene la lama della katana di Bleach?<\/h2>\n<p>Le katane da collezione e decorative sono realizzate e assemblate in modo semplificato. Poich\u00e9 il loro uso \u00e8 decorativo, non hanno le caratteristiche di sicurezza richieste da una spada giapponese destinata all'allenamento.<\/p>\n<p>Tuttavia, il vostro <strong>katana Benihime Shika\u00ef Urahara<\/strong> a una lama d'acciaio che deve essere curata per evitare che si danneggi nel tempo. Quando si espone la katana, gli amici saranno curiosi di vedere la lama e di toccarla. \u00c8 qui che bisogna fare attenzione, perch\u00e9 l'acidit\u00e0 delle dita \u00e8 molto dannosa per l'acciaio, indipendentemente dalla sua qualit\u00e0.<\/p>\n<p>Tuttavia, se ci\u00f2 dovesse accadere, non fatevi prendere dal panico: basta un panno inumidito con un po' di olio per rimuovere le impronte digitali. In questo modo, la vostra spada durer\u00e0 a lungo.<\/p>\n<p><strong>\u00a0<\/strong><\/p>\n<p>&nbsp;<\/p>","protected":false},"excerpt":{"rendered":"<p>Scoprite lo Shikai di Urahara e dite \"Svegliate Benihime!\".<\/p>\n<ul>\n<li>Lama in acciaio non affilata<\/li>\n<li>Fodero in legno.<\/li>\n<li>Pomo e guardia in metallo antico di forma specifica.<\/li>\n<li>Manico rivestito di treccia di cotone nero.<\/li>\n<li>Lunghezza totale: 110 cm - Lunghezza lama: 74 cm<\/li>\n<\/ul>","protected":false},"featured_media":25317,"template":"","meta":[],"product_brand":[896],"product_cat":[30,23],"product_tag":[],"class_list":{"0":"post-25316","1":"product","2":"type-product","3":"status-publish","4":"has-post-thumbnail","6":"product_brand-replique-manga-cine","7":"product_cat-katana-bleach","8":"product_cat-repliques-manga-jeux-video","10":"first","11":"instock","12":"taxable","13":"shipping-taxable","14":"purchasable","15":"product-type-simple"},"yoast_head":"<!-- This site is optimized with the Yoast SEO plugin v27.4 - https:\/\/yoast.com\/product\/yoast-seo-wordpress\/ -->\n<title>Katana Benihime Shika\u00ef Urahara Bleach - Boutique en ligne | RMC<\/title>\n<meta name=\"description\" content=\"Commandez vite ! Le Katana Benihime Shika\u00ef Urahara dans Bleach au meilleur prix. Lame acier - Longueur totale : 110cm - Envoi 24\/48h\" \/>\n<meta name=\"robots\" content=\"index, follow, max-snippet:-1, max-image-preview:large, max-video-preview:-1\" \/>\n<link rel=\"canonical\" href=\"https:\/\/repliquemangacine.fr\/it\/katana-bleach\/katana-benihime-shikai-urahara-kisuke-bleach\/\" \/>\n<meta property=\"og:locale\" content=\"it_IT\" \/>\n<meta property=\"og:type\" content=\"article\" \/>\n<meta property=\"og:title\" content=\"Katana Benihime Shika\u00ef Urahara Bleach - Boutique en ligne | RMC\" \/>\n<meta property=\"og:description\" content=\"Commandez vite ! Le Katana Benihime Shika\u00ef Urahara dans Bleach au meilleur prix. Lame acier - Longueur totale : 110cm - Envoi 24\/48h\" \/>\n<meta property=\"og:url\" content=\"https:\/\/repliquemangacine.fr\/it\/katana-bleach\/katana-benihime-shikai-urahara-kisuke-bleach\/\" \/>\n<meta property=\"og:site_name\" content=\"R\u00e9plique Manga Cin\u00e9\" \/>\n<meta property=\"article:publisher\" content=\"https:\/\/www.facebook.com\/RepliqueMangaCine\" \/>\n<meta property=\"article:modified_time\" content=\"2026-04-20T16:43:35+00:00\" \/>\n<meta property=\"og:image\" content=\"https:\/\/repliquemangacine.fr\/wp-content\/uploads\/2023\/10\/129-Shikai-Benihime-Katana-Urahara-Kisuke-Bleach.jpg\" \/>\n\t<meta property=\"og:image:width\" content=\"800\" \/>\n\t<meta property=\"og:image:height\" content=\"800\" \/>\n\t<meta property=\"og:image:type\" content=\"image\/jpeg\" \/>\n<meta name=\"twitter:card\" content=\"summary_large_image\" \/>\n<meta name=\"twitter:label1\" content=\"Tempo di lettura stimato\" \/>\n\t<meta name=\"twitter:data1\" content=\"2 minuti\" \/>\n<script type=\"application\/ld+json\" class=\"yoast-schema-graph\">{\"@context\":\"https:\\\/\\\/schema.org\",\"@graph\":[{\"@type\":\"WebPage\",\"@id\":\"https:\\\/\\\/repliquemangacine.fr\\\/katana-bleach\\\/katana-benihime-shikai-urahara-kisuke-bleach\\\/\",\"url\":\"https:\\\/\\\/repliquemangacine.fr\\\/katana-bleach\\\/katana-benihime-shikai-urahara-kisuke-bleach\\\/\",\"name\":\"Katana Benihime Shika\u00ef Urahara Bleach - Boutique en ligne | RMC\",\"isPartOf\":{\"@id\":\"https:\\\/\\\/repliquemangacine.fr\\\/#website\"},\"primaryImageOfPage\":{\"@id\":\"https:\\\/\\\/repliquemangacine.fr\\\/katana-bleach\\\/katana-benihime-shikai-urahara-kisuke-bleach\\\/#primaryimage\"},\"image\":{\"@id\":\"https:\\\/\\\/repliquemangacine.fr\\\/katana-bleach\\\/katana-benihime-shikai-urahara-kisuke-bleach\\\/#primaryimage\"},\"thumbnailUrl\":\"https:\\\/\\\/repliquemangacine.fr\\\/wp-content\\\/uploads\\\/2023\\\/10\\\/129-Shikai-Benihime-Katana-Urahara-Kisuke-Bleach.jpg\",\"datePublished\":\"2016-08-22T16:51:51+00:00\",\"dateModified\":\"2026-04-20T16:43:35+00:00\",\"description\":\"Commandez vite ! Le Katana Benihime Shika\u00ef Urahara dans Bleach au meilleur prix. Lame acier - Longueur totale : 110cm - Envoi 24\\\/48h\",\"breadcrumb\":{\"@id\":\"https:\\\/\\\/repliquemangacine.fr\\\/katana-bleach\\\/katana-benihime-shikai-urahara-kisuke-bleach\\\/#breadcrumb\"},\"inLanguage\":\"it-IT\",\"potentialAction\":[{\"@type\":\"ReadAction\",\"target\":[\"https:\\\/\\\/repliquemangacine.fr\\\/katana-bleach\\\/katana-benihime-shikai-urahara-kisuke-bleach\\\/\"]}]},{\"@type\":\"ImageObject\",\"inLanguage\":\"it-IT\",\"@id\":\"https:\\\/\\\/repliquemangacine.fr\\\/katana-bleach\\\/katana-benihime-shikai-urahara-kisuke-bleach\\\/#primaryimage\",\"url\":\"https:\\\/\\\/repliquemangacine.fr\\\/wp-content\\\/uploads\\\/2023\\\/10\\\/129-Shikai-Benihime-Katana-Urahara-Kisuke-Bleach.jpg\",\"contentUrl\":\"https:\\\/\\\/repliquemangacine.fr\\\/wp-content\\\/uploads\\\/2023\\\/10\\\/129-Shikai-Benihime-Katana-Urahara-Kisuke-Bleach.jpg\",\"width\":800,\"height\":800,\"caption\":\"Shikai Benihime - Katana Urahara Kisuk\u00e9 - Bleach\"},{\"@type\":\"BreadcrumbList\",\"@id\":\"https:\\\/\\\/repliquemangacine.fr\\\/katana-bleach\\\/katana-benihime-shikai-urahara-kisuke-bleach\\\/#breadcrumb\",\"itemListElement\":[{\"@type\":\"ListItem\",\"position\":1,\"name\":\"Accueil\",\"item\":\"https:\\\/\\\/repliquemangacine.fr\\\/\"},{\"@type\":\"ListItem\",\"position\":2,\"name\":\"Produits\",\"item\":\"https:\\\/\\\/repliquemangacine.fr\\\/boutique\\\/\"},{\"@type\":\"ListItem\",\"position\":3,\"name\":\"Katana Kisuke Shika\u00ef Benihime\"}]},{\"@type\":\"WebSite\",\"@id\":\"https:\\\/\\\/repliquemangacine.fr\\\/#website\",\"url\":\"https:\\\/\\\/repliquemangacine.fr\\\/\",\"name\":\"R\u00e9plique Manga Cin\u00e9\",\"description\":\"\",\"publisher\":{\"@id\":\"https:\\\/\\\/repliquemangacine.fr\\\/#organization\"},\"potentialAction\":[{\"@type\":\"SearchAction\",\"target\":{\"@type\":\"EntryPoint\",\"urlTemplate\":\"https:\\\/\\\/repliquemangacine.fr\\\/?s={search_term_string}\"},\"query-input\":{\"@type\":\"PropertyValueSpecification\",\"valueRequired\":true,\"valueName\":\"search_term_string\"}}],\"inLanguage\":\"it-IT\"},{\"@type\":\"Organization\",\"@id\":\"https:\\\/\\\/repliquemangacine.fr\\\/#organization\",\"name\":\"R\u00e9plique Manga Cin\u00e9\",\"url\":\"https:\\\/\\\/repliquemangacine.fr\\\/\",\"logo\":{\"@type\":\"ImageObject\",\"inLanguage\":\"it-IT\",\"@id\":\"https:\\\/\\\/repliquemangacine.fr\\\/#\\\/schema\\\/logo\\\/image\\\/\",\"url\":\"https:\\\/\\\/repliquemangacine.fr\\\/wp-content\\\/uploads\\\/2023\\\/10\\\/RMC-500250.png\",\"contentUrl\":\"https:\\\/\\\/repliquemangacine.fr\\\/wp-content\\\/uploads\\\/2023\\\/10\\\/RMC-500250.png\",\"width\":500,\"height\":250,\"caption\":\"R\u00e9plique Manga Cin\u00e9\"},\"image\":{\"@id\":\"https:\\\/\\\/repliquemangacine.fr\\\/#\\\/schema\\\/logo\\\/image\\\/\"},\"sameAs\":[\"https:\\\/\\\/www.facebook.com\\\/RepliqueMangaCine\",\"https:\\\/\\\/www.instagram.com\\\/repliquemangacine.fr\\\/\"]}]}<\/script>\n<!-- \/ Yoast SEO plugin. -->","yoast_head_json":{"title":"Katana Benihime Shika\u00ef Urahara Bleach - Boutique en ligne | RMC","description":"Ordina ora! La Katana Benihime Shika\u00ef Urahara in Bleach al miglior prezzo. Lama in acciaio - Lunghezza totale: 110cm - Spedizione 24\/48h","robots":{"index":"index","follow":"follow","max-snippet":"max-snippet:-1","max-image-preview":"max-image-preview:large","max-video-preview":"max-video-preview:-1"},"canonical":"https:\/\/repliquemangacine.fr\/it\/katana-bleach\/katana-benihime-shikai-urahara-kisuke-bleach\/","og_locale":"it_IT","og_type":"article","og_title":"Katana Benihime Shika\u00ef Urahara Bleach - Boutique en ligne | RMC","og_description":"Commandez vite ! Le Katana Benihime Shika\u00ef Urahara dans Bleach au meilleur prix. Lame acier - Longueur totale : 110cm - Envoi 24\/48h","og_url":"https:\/\/repliquemangacine.fr\/it\/katana-bleach\/katana-benihime-shikai-urahara-kisuke-bleach\/","og_site_name":"R\u00e9plique Manga Cin\u00e9","article_publisher":"https:\/\/www.facebook.com\/RepliqueMangaCine","article_modified_time":"2026-04-20T16:43:35+00:00","og_image":[{"width":800,"height":800,"url":"https:\/\/repliquemangacine.fr\/wp-content\/uploads\/2023\/10\/129-Shikai-Benihime-Katana-Urahara-Kisuke-Bleach.jpg","type":"image\/jpeg"}],"twitter_card":"summary_large_image","twitter_misc":{"Tempo di lettura stimato":"2 minuti"},"schema":{"@context":"https:\/\/schema.org","@graph":[{"@type":"WebPage","@id":"https:\/\/repliquemangacine.fr\/katana-bleach\/katana-benihime-shikai-urahara-kisuke-bleach\/","url":"https:\/\/repliquemangacine.fr\/katana-bleach\/katana-benihime-shikai-urahara-kisuke-bleach\/","name":"Katana Benihime Shika\u00ef Urahara Bleach - Boutique en ligne | RMC","isPartOf":{"@id":"https:\/\/repliquemangacine.fr\/#website"},"primaryImageOfPage":{"@id":"https:\/\/repliquemangacine.fr\/katana-bleach\/katana-benihime-shikai-urahara-kisuke-bleach\/#primaryimage"},"image":{"@id":"https:\/\/repliquemangacine.fr\/katana-bleach\/katana-benihime-shikai-urahara-kisuke-bleach\/#primaryimage"},"thumbnailUrl":"https:\/\/repliquemangacine.fr\/wp-content\/uploads\/2023\/10\/129-Shikai-Benihime-Katana-Urahara-Kisuke-Bleach.jpg","datePublished":"2016-08-22T16:51:51+00:00","dateModified":"2026-04-20T16:43:35+00:00","description":"Ordina ora! La Katana Benihime Shika\u00ef Urahara in Bleach al miglior prezzo. Lama in acciaio - Lunghezza totale: 110cm - Spedizione 24\/48h","breadcrumb":{"@id":"https:\/\/repliquemangacine.fr\/katana-bleach\/katana-benihime-shikai-urahara-kisuke-bleach\/#breadcrumb"},"inLanguage":"it-IT","potentialAction":[{"@type":"ReadAction","target":["https:\/\/repliquemangacine.fr\/katana-bleach\/katana-benihime-shikai-urahara-kisuke-bleach\/"]}]},{"@type":"ImageObject","inLanguage":"it-IT","@id":"https:\/\/repliquemangacine.fr\/katana-bleach\/katana-benihime-shikai-urahara-kisuke-bleach\/#primaryimage","url":"https:\/\/repliquemangacine.fr\/wp-content\/uploads\/2023\/10\/129-Shikai-Benihime-Katana-Urahara-Kisuke-Bleach.jpg","contentUrl":"https:\/\/repliquemangacine.fr\/wp-content\/uploads\/2023\/10\/129-Shikai-Benihime-Katana-Urahara-Kisuke-Bleach.jpg","width":800,"height":800,"caption":"Shikai Benihime - Katana Urahara Kisuk\u00e9 - Bleach"},{"@type":"BreadcrumbList","@id":"https:\/\/repliquemangacine.fr\/katana-bleach\/katana-benihime-shikai-urahara-kisuke-bleach\/#breadcrumb","itemListElement":[{"@type":"ListItem","position":1,"name":"Accueil","item":"https:\/\/repliquemangacine.fr\/"},{"@type":"ListItem","position":2,"name":"Produits","item":"https:\/\/repliquemangacine.fr\/boutique\/"},{"@type":"ListItem","position":3,"name":"Katana Kisuke Shika\u00ef Benihime"}]},{"@type":"WebSite","@id":"https:\/\/repliquemangacine.fr\/#website","url":"https:\/\/repliquemangacine.fr\/","name":"R\u00e9plique Manga Cin\u00e9","description":"","publisher":{"@id":"https:\/\/repliquemangacine.fr\/#organization"},"potentialAction":[{"@type":"SearchAction","target":{"@type":"EntryPoint","urlTemplate":"https:\/\/repliquemangacine.fr\/?s={search_term_string}"},"query-input":{"@type":"PropertyValueSpecification","valueRequired":true,"valueName":"search_term_string"}}],"inLanguage":"it-IT"},{"@type":"Organization","@id":"https:\/\/repliquemangacine.fr\/#organization","name":"R\u00e9plique Manga Cin\u00e9","url":"https:\/\/repliquemangacine.fr\/","logo":{"@type":"ImageObject","inLanguage":"it-IT","@id":"https:\/\/repliquemangacine.fr\/#\/schema\/logo\/image\/","url":"https:\/\/repliquemangacine.fr\/wp-content\/uploads\/2023\/10\/RMC-500250.png","contentUrl":"https:\/\/repliquemangacine.fr\/wp-content\/uploads\/2023\/10\/RMC-500250.png","width":500,"height":250,"caption":"R\u00e9plique Manga Cin\u00e9"},"image":{"@id":"https:\/\/repliquemangacine.fr\/#\/schema\/logo\/image\/"},"sameAs":["https:\/\/www.facebook.com\/RepliqueMangaCine","https:\/\/www.instagram.com\/repliquemangacine.fr\/"]}]}},"_links":{"self":[{"href":"https:\/\/repliquemangacine.fr\/it\/wp-json\/wp\/v2\/product\/25316","targetHints":{"allow":["GET"]}}],"collection":[{"href":"https:\/\/repliquemangacine.fr\/it\/wp-json\/wp\/v2\/product"}],"about":[{"href":"https:\/\/repliquemangacine.fr\/it\/wp-json\/wp\/v2\/types\/product"}],"wp:featuredmedia":[{"embeddable":true,"href":"https:\/\/repliquemangacine.fr\/it\/wp-json\/wp\/v2\/media\/25317"}],"wp:attachment":[{"href":"https:\/\/repliquemangacine.fr\/it\/wp-json\/wp\/v2\/media?parent=25316"}],"wp:term":[{"taxonomy":"product_brand","embeddable":true,"href":"https:\/\/repliquemangacine.fr\/it\/wp-json\/wp\/v2\/product_brand?post=25316"},{"taxonomy":"product_cat","embeddable":true,"href":"https:\/\/repliquemangacine.fr\/it\/wp-json\/wp\/v2\/product_cat?post=25316"},{"taxonomy":"product_tag","embeddable":true,"href":"https:\/\/repliquemangacine.fr\/it\/wp-json\/wp\/v2\/product_tag?post=25316"}],"curies":[{"name":"wp","href":"https:\/\/api.w.org\/{rel}","templated":true}]}}